{"id":36074,"date":"2024-10-13T17:04:51","date_gmt":"2024-10-13T22:04:51","guid":{"rendered":"https:\/\/ancestrina.com\/producto\/abertura-de-sabao\/"},"modified":"2026-05-12T19:31:40","modified_gmt":"2026-05-13T00:31:40","slug":"abertura-de-sabao","status":"publish","type":"product","link":"https:\/\/ancestrina.com\/pt-br\/producto\/abertura-de-sabao\/","title":{"rendered":"Sabonete de abertura"},"content":{"rendered":"<p>Desperte sua <strong>sabedoria interior<\/strong> e aprimore sua <strong>vis\u00e3o espiritual<\/strong> com o <strong>Sabonete Terceira Abertura do Olho<\/strong>, uma mistura m\u00edstica de <strong>pr\u00f3polis<\/strong> e <strong>mel<\/strong> que convida \u00e0 purifica\u00e7\u00e3o profunda, n\u00e3o apenas do corpo, mas da alma. A pr\u00f3polis, conhecida por suas propriedades clareadoras, combina com a do\u00e7ura curativa do mel, criando um b\u00e1lsamo que abre as portas para o mundo espiritual. Cada aplica\u00e7\u00e3o \u00e9 um ritual que conecta seu eu f\u00edsico com dimens\u00f5es superiores, convidando voc\u00ea a explorar novas realidades e expandir sua percep\u00e7\u00e3o. Perfeito para quem busca maior clareza mental e conex\u00e3o com sua intui\u00e7\u00e3o, este sabonete eleva sua vibra\u00e7\u00e3o espiritual, guiando-o para um despertar consciente.   <\/p>\n","protected":false},"excerpt":{"rendered":"<h3>Sabonete para a Abertura Espiritual do 3\u00ba Olho (Pr\u00f3polis e Mel)<\/h3>\n<p>Este sabonete, criado com o conhecimento ancestral dos Anci\u00e3os, \u00e9 feito para abrir o terceiro olho e elevar sua intui\u00e7\u00e3o. Com mel e pr\u00f3polis, ingredientes carregados de poder espiritual, cada barra \u00e9 uma viagem a dimens\u00f5es superiores, guiada pelas b\u00ean\u00e7\u00e3os da natureza. <\/p>\n","protected":false},"featured_media":34754,"comment_status":"open","ping_status":"closed","template":"","meta":{"order-bump-settings":[],"_wpfnl_thankyou_order_overview":"on","_wpfnl_thankyou_order_details":"on","_wpfnl_thankyou_billing_details":"on","_wpfnl_thankyou_shipping_details":"on","site-sidebar-layout":"default","site-content-layout":"","ast-site-content-layout":"default","site-content-style":"default","site-sidebar-style":"default","ast-global-header-display":"","ast-banner-title-visibility":"","ast-main-header-display":"","ast-hfb-above-header-display":"","ast-hfb-below-header-display":"","ast-hfb-mobile-header-display":"","site-post-title":"","ast-breadcrumbs-content":"","ast-featured-img":"","footer-sml-layout":"","ast-disable-related-posts":"","theme-transparent-header-meta":"default","adv-header-id-meta":"","stick-header-meta":"","header-above-stick-meta":"","header-main-stick-meta":"","header-below-stick-meta":"","astra-migrate-meta-layouts":"default","ast-page-background-enabled":"default","ast-page-background-meta":{"desktop":{"background-color":"","background-image":"","background-repeat":"repeat","background-position":"center center","background-size":"auto","background-attachment":"scroll","background-type":"","background-media":"","overlay-type":"","overlay-color":"","overlay-opacity":"","overlay-gradient":""},"tablet":{"background-color":"","background-image":"","background-repeat":"repeat","background-position":"center center","background-size":"auto","background-attachment":"scroll","background-type":"","background-media":"","overlay-type":"","overlay-color":"","overlay-opacity":"","overlay-gradient":""},"mobile":{"background-color":"","background-image":"","background-repeat":"repeat","background-position":"center center","background-size":"auto","background-attachment":"scroll","background-type":"","background-media":"","overlay-type":"","overlay-color":"","overlay-opacity":"","overlay-gradient":""}},"ast-content-background-meta":{"desktop":{"background-color":"var(--ast-global-color-5)","background-image":"","background-repeat":"repeat","background-position":"center center","background-size":"auto","background-attachment":"scroll","background-type":"","background-media":"","overlay-type":"","overlay-color":"","overlay-opacity":"","overlay-gradient":""},"tablet":{"background-color":"var(--ast-global-color-5)","background-image":"","background-repeat":"repeat","background-position":"center center","background-size":"auto","background-attachment":"scroll","background-type":"","background-media":"","overlay-type":"","overlay-color":"","overlay-opacity":"","overlay-gradient":""},"mobile":{"background-color":"var(--ast-global-color-5)","background-image":"","background-repeat":"repeat","background-position":"center center","background-size":"auto","background-attachment":"scroll","background-type":"","background-media":"","overlay-type":"","overlay-color":"","overlay-opacity":"","overlay-gradient":""}},"_joinchat":[]},"product_brand":[],"product_cat":[1475],"product_tag":[],"class_list":{"0":"post-36074","1":"product","2":"type-product","3":"status-publish","4":"has-post-thumbnail","6":"product_cat-sabonetes","7":"desktop-align-center","8":"tablet-align-left","9":"mobile-align-left","11":"first","12":"instock","13":"shipping-taxable","14":"purchasable","15":"product-type-simple"},"yoast_head":"<!-- This site is optimized with the Yoast SEO Premium plugin v22.6 (Yoast SEO v27.6) - https:\/\/yoast.com\/product\/yoast-seo-premium-wordpress\/ -->\n<title>Sabonete de abertura Ancestrina<\/title>\n<meta name=\"description\" content=\"Sabonete para a Abertura Espiritual do 3\u00ba Olho (Pr\u00f3polis e Mel) Este sabonete, criado com o conhecimento ancestral dos Anci\u00e3os, \u00e9 feito para abrir o terceiro olho e elevar sua intui\u00e7\u00e3o. Com mel e pr\u00f3polis, ingredientes carregados de poder espiritual, cada barra \u00e9 uma viagem a dimens\u00f5es superiores, guiada pelas b\u00ean\u00e7\u00e3os da natureza.\" \/>\n<meta name=\"robots\" content=\"index, follow, max-snippet:-1, max-image-preview:large, max-video-preview:-1\" \/>\n<link rel=\"canonical\" href=\"https:\/\/ancestrina.com\/pt-br\/producto\/abertura-de-sabao\/\" \/>\n<meta property=\"og:locale\" content=\"pt_BR\" \/>\n<meta property=\"og:type\" content=\"article\" \/>\n<meta property=\"og:title\" content=\"Sabonete de abertura\" \/>\n<meta property=\"og:description\" content=\"Sabonete para a Abertura Espiritual do 3\u00ba Olho (Pr\u00f3polis e Mel) Este sabonete, criado com o conhecimento ancestral dos Anci\u00e3os, \u00e9 feito para abrir o terceiro olho e elevar sua intui\u00e7\u00e3o. Com mel e pr\u00f3polis, ingredientes carregados de poder espiritual, cada barra \u00e9 uma viagem a dimens\u00f5es superiores, guiada pelas b\u00ean\u00e7\u00e3os da natureza.\" \/>\n<meta property=\"og:url\" content=\"https:\/\/ancestrina.com\/pt-br\/producto\/abertura-de-sabao\/\" \/>\n<meta property=\"og:site_name\" content=\"Ancestrina\" \/>\n<meta property=\"article:publisher\" content=\"https:\/\/www.facebook.com\/Ancestrina\/\" \/>\n<meta property=\"article:modified_time\" content=\"2026-05-13T00:31:40+00:00\" \/>\n<meta property=\"og:image\" content=\"https:\/\/ancestrina.com\/wp-content\/uploads\/jabon-apertura.jpg\" \/>\n\t<meta property=\"og:image:width\" content=\"2048\" \/>\n\t<meta property=\"og:image:height\" content=\"2048\" \/>\n\t<meta property=\"og:image:type\" content=\"image\/jpeg\" \/>\n<meta name=\"twitter:card\" content=\"summary_large_image\" \/>\n<meta name=\"twitter:label1\" content=\"Est. tempo de leitura\" \/>\n\t<meta name=\"twitter:data1\" content=\"1 minuto\" \/>\n<script type=\"application\/ld+json\" class=\"yoast-schema-graph\">{\"@context\":\"https:\\\/\\\/schema.org\",\"@graph\":[{\"@type\":\"WebPage\",\"@id\":\"https:\\\/\\\/ancestrina.com\\\/pt-br\\\/producto\\\/abertura-de-sabao\\\/\",\"url\":\"https:\\\/\\\/ancestrina.com\\\/pt-br\\\/producto\\\/abertura-de-sabao\\\/\",\"name\":\"Sabonete de abertura Ancestrina\",\"isPartOf\":{\"@id\":\"https:\\\/\\\/ancestrina.com\\\/pt-br\\\/#website\"},\"primaryImageOfPage\":{\"@id\":\"https:\\\/\\\/ancestrina.com\\\/pt-br\\\/producto\\\/abertura-de-sabao\\\/#primaryimage\"},\"image\":{\"@id\":\"https:\\\/\\\/ancestrina.com\\\/pt-br\\\/producto\\\/abertura-de-sabao\\\/#primaryimage\"},\"thumbnailUrl\":\"https:\\\/\\\/ancestrina.com\\\/wp-content\\\/uploads\\\/jabon-apertura.jpg\",\"datePublished\":\"2024-10-13T22:04:51+00:00\",\"dateModified\":\"2026-05-13T00:31:40+00:00\",\"description\":\"Sabonete para a Abertura Espiritual do 3\u00ba Olho (Pr\u00f3polis e Mel) Este sabonete, criado com o conhecimento ancestral dos Anci\u00e3os, \u00e9 feito para abrir o terceiro olho e elevar sua intui\u00e7\u00e3o. Com mel e pr\u00f3polis, ingredientes carregados de poder espiritual, cada barra \u00e9 uma viagem a dimens\u00f5es superiores, guiada pelas b\u00ean\u00e7\u00e3os da natureza.\",\"breadcrumb\":{\"@id\":\"https:\\\/\\\/ancestrina.com\\\/pt-br\\\/producto\\\/abertura-de-sabao\\\/#breadcrumb\"},\"inLanguage\":\"pt-BR\",\"potentialAction\":[{\"@type\":\"ReadAction\",\"target\":[\"https:\\\/\\\/ancestrina.com\\\/pt-br\\\/producto\\\/abertura-de-sabao\\\/\"]}]},{\"@type\":\"ImageObject\",\"inLanguage\":\"pt-BR\",\"@id\":\"https:\\\/\\\/ancestrina.com\\\/pt-br\\\/producto\\\/abertura-de-sabao\\\/#primaryimage\",\"url\":\"https:\\\/\\\/ancestrina.com\\\/wp-content\\\/uploads\\\/jabon-apertura.jpg\",\"contentUrl\":\"https:\\\/\\\/ancestrina.com\\\/wp-content\\\/uploads\\\/jabon-apertura.jpg\",\"width\":2048,\"height\":2048},{\"@type\":\"BreadcrumbList\",\"@id\":\"https:\\\/\\\/ancestrina.com\\\/pt-br\\\/producto\\\/abertura-de-sabao\\\/#breadcrumb\",\"itemListElement\":[{\"@type\":\"ListItem\",\"position\":1,\"name\":\"Home\",\"item\":\"https:\\\/\\\/ancestrina.com\\\/pt-br\\\/casa\\\/\"},{\"@type\":\"ListItem\",\"position\":2,\"name\":\"tienda\",\"item\":\"https:\\\/\\\/ancestrina.com\\\/pt-br\\\/tienda\\\/\"},{\"@type\":\"ListItem\",\"position\":3,\"name\":\"Sabonete de abertura\"}]},{\"@type\":\"WebSite\",\"@id\":\"https:\\\/\\\/ancestrina.com\\\/pt-br\\\/#website\",\"url\":\"https:\\\/\\\/ancestrina.com\\\/pt-br\\\/\",\"name\":\"Ancestrina\",\"description\":\"Trabajamos experiencias con plantas maestras, terapias integradoras y cultos ancestrales\",\"publisher\":{\"@id\":\"https:\\\/\\\/ancestrina.com\\\/pt-br\\\/#organization\"},\"potentialAction\":[{\"@type\":\"SearchAction\",\"target\":{\"@type\":\"EntryPoint\",\"urlTemplate\":\"https:\\\/\\\/ancestrina.com\\\/pt-br\\\/?s={search_term_string}\"},\"query-input\":{\"@type\":\"PropertyValueSpecification\",\"valueRequired\":true,\"valueName\":\"search_term_string\"}}],\"inLanguage\":\"pt-BR\"},{\"@type\":\"Organization\",\"@id\":\"https:\\\/\\\/ancestrina.com\\\/pt-br\\\/#organization\",\"name\":\"Ancestrina\",\"url\":\"https:\\\/\\\/ancestrina.com\\\/pt-br\\\/\",\"logo\":{\"@type\":\"ImageObject\",\"inLanguage\":\"pt-BR\",\"@id\":\"https:\\\/\\\/ancestrina.com\\\/pt-br\\\/#\\\/schema\\\/logo\\\/image\\\/\",\"url\":\"https:\\\/\\\/ancestrina.com\\\/wp-content\\\/uploads\\\/2020\\\/06\\\/cropped-LOGO-ANCESTRINA-1.png\",\"contentUrl\":\"https:\\\/\\\/ancestrina.com\\\/wp-content\\\/uploads\\\/2020\\\/06\\\/cropped-LOGO-ANCESTRINA-1.png\",\"width\":630,\"height\":202,\"caption\":\"Ancestrina\"},\"image\":{\"@id\":\"https:\\\/\\\/ancestrina.com\\\/pt-br\\\/#\\\/schema\\\/logo\\\/image\\\/\"},\"sameAs\":[\"https:\\\/\\\/www.facebook.com\\\/Ancestrina\\\/\",\"https:\\\/\\\/www.instagram.com\\\/ancestrina\\\/\",\"https:\\\/\\\/www.youtube.com\\\/channel\\\/UCgtt6WFhEIVEI30PzxlOeIw\"]}]}<\/script>\n<!-- \/ Yoast SEO Premium plugin. -->","yoast_head_json":{"title":"Sabonete de abertura Ancestrina","description":"Sabonete para a Abertura Espiritual do 3\u00ba Olho (Pr\u00f3polis e Mel) Este sabonete, criado com o conhecimento ancestral dos Anci\u00e3os, \u00e9 feito para abrir o terceiro olho e elevar sua intui\u00e7\u00e3o. Com mel e pr\u00f3polis, ingredientes carregados de poder espiritual, cada barra \u00e9 uma viagem a dimens\u00f5es superiores, guiada pelas b\u00ean\u00e7\u00e3os da natureza.","robots":{"index":"index","follow":"follow","max-snippet":"max-snippet:-1","max-image-preview":"max-image-preview:large","max-video-preview":"max-video-preview:-1"},"canonical":"https:\/\/ancestrina.com\/pt-br\/producto\/abertura-de-sabao\/","og_locale":"pt_BR","og_type":"article","og_title":"Sabonete de abertura","og_description":"Sabonete para a Abertura Espiritual do 3\u00ba Olho (Pr\u00f3polis e Mel) Este sabonete, criado com o conhecimento ancestral dos Anci\u00e3os, \u00e9 feito para abrir o terceiro olho e elevar sua intui\u00e7\u00e3o. Com mel e pr\u00f3polis, ingredientes carregados de poder espiritual, cada barra \u00e9 uma viagem a dimens\u00f5es superiores, guiada pelas b\u00ean\u00e7\u00e3os da natureza.","og_url":"https:\/\/ancestrina.com\/pt-br\/producto\/abertura-de-sabao\/","og_site_name":"Ancestrina","article_publisher":"https:\/\/www.facebook.com\/Ancestrina\/","article_modified_time":"2026-05-13T00:31:40+00:00","og_image":[{"width":2048,"height":2048,"url":"https:\/\/ancestrina.com\/wp-content\/uploads\/jabon-apertura.jpg","type":"image\/jpeg"}],"twitter_card":"summary_large_image","twitter_misc":{"Est. tempo de leitura":"1 minuto"},"schema":{"@context":"https:\/\/schema.org","@graph":[{"@type":"WebPage","@id":"https:\/\/ancestrina.com\/pt-br\/producto\/abertura-de-sabao\/","url":"https:\/\/ancestrina.com\/pt-br\/producto\/abertura-de-sabao\/","name":"Sabonete de abertura Ancestrina","isPartOf":{"@id":"https:\/\/ancestrina.com\/pt-br\/#website"},"primaryImageOfPage":{"@id":"https:\/\/ancestrina.com\/pt-br\/producto\/abertura-de-sabao\/#primaryimage"},"image":{"@id":"https:\/\/ancestrina.com\/pt-br\/producto\/abertura-de-sabao\/#primaryimage"},"thumbnailUrl":"https:\/\/ancestrina.com\/wp-content\/uploads\/jabon-apertura.jpg","datePublished":"2024-10-13T22:04:51+00:00","dateModified":"2026-05-13T00:31:40+00:00","description":"Sabonete para a Abertura Espiritual do 3\u00ba Olho (Pr\u00f3polis e Mel) Este sabonete, criado com o conhecimento ancestral dos Anci\u00e3os, \u00e9 feito para abrir o terceiro olho e elevar sua intui\u00e7\u00e3o. Com mel e pr\u00f3polis, ingredientes carregados de poder espiritual, cada barra \u00e9 uma viagem a dimens\u00f5es superiores, guiada pelas b\u00ean\u00e7\u00e3os da natureza.","breadcrumb":{"@id":"https:\/\/ancestrina.com\/pt-br\/producto\/abertura-de-sabao\/#breadcrumb"},"inLanguage":"pt-BR","potentialAction":[{"@type":"ReadAction","target":["https:\/\/ancestrina.com\/pt-br\/producto\/abertura-de-sabao\/"]}]},{"@type":"ImageObject","inLanguage":"pt-BR","@id":"https:\/\/ancestrina.com\/pt-br\/producto\/abertura-de-sabao\/#primaryimage","url":"https:\/\/ancestrina.com\/wp-content\/uploads\/jabon-apertura.jpg","contentUrl":"https:\/\/ancestrina.com\/wp-content\/uploads\/jabon-apertura.jpg","width":2048,"height":2048},{"@type":"BreadcrumbList","@id":"https:\/\/ancestrina.com\/pt-br\/producto\/abertura-de-sabao\/#breadcrumb","itemListElement":[{"@type":"ListItem","position":1,"name":"Home","item":"https:\/\/ancestrina.com\/pt-br\/casa\/"},{"@type":"ListItem","position":2,"name":"tienda","item":"https:\/\/ancestrina.com\/pt-br\/tienda\/"},{"@type":"ListItem","position":3,"name":"Sabonete de abertura"}]},{"@type":"WebSite","@id":"https:\/\/ancestrina.com\/pt-br\/#website","url":"https:\/\/ancestrina.com\/pt-br\/","name":"Ancestrina","description":"Trabajamos experiencias con plantas maestras, terapias integradoras y cultos ancestrales","publisher":{"@id":"https:\/\/ancestrina.com\/pt-br\/#organization"},"potentialAction":[{"@type":"SearchAction","target":{"@type":"EntryPoint","urlTemplate":"https:\/\/ancestrina.com\/pt-br\/?s={search_term_string}"},"query-input":{"@type":"PropertyValueSpecification","valueRequired":true,"valueName":"search_term_string"}}],"inLanguage":"pt-BR"},{"@type":"Organization","@id":"https:\/\/ancestrina.com\/pt-br\/#organization","name":"Ancestrina","url":"https:\/\/ancestrina.com\/pt-br\/","logo":{"@type":"ImageObject","inLanguage":"pt-BR","@id":"https:\/\/ancestrina.com\/pt-br\/#\/schema\/logo\/image\/","url":"https:\/\/ancestrina.com\/wp-content\/uploads\/2020\/06\/cropped-LOGO-ANCESTRINA-1.png","contentUrl":"https:\/\/ancestrina.com\/wp-content\/uploads\/2020\/06\/cropped-LOGO-ANCESTRINA-1.png","width":630,"height":202,"caption":"Ancestrina"},"image":{"@id":"https:\/\/ancestrina.com\/pt-br\/#\/schema\/logo\/image\/"},"sameAs":["https:\/\/www.facebook.com\/Ancestrina\/","https:\/\/www.instagram.com\/ancestrina\/","https:\/\/www.youtube.com\/channel\/UCgtt6WFhEIVEI30PzxlOeIw"]}]}},"_links":{"self":[{"href":"https:\/\/ancestrina.com\/pt-br\/wp-json\/wp\/v2\/product\/36074","targetHints":{"allow":["GET"]}}],"collection":[{"href":"https:\/\/ancestrina.com\/pt-br\/wp-json\/wp\/v2\/product"}],"about":[{"href":"https:\/\/ancestrina.com\/pt-br\/wp-json\/wp\/v2\/types\/product"}],"replies":[{"embeddable":true,"href":"https:\/\/ancestrina.com\/pt-br\/wp-json\/wp\/v2\/comments?post=36074"}],"version-history":[{"count":1,"href":"https:\/\/ancestrina.com\/pt-br\/wp-json\/wp\/v2\/product\/36074\/revisions"}],"predecessor-version":[{"id":37658,"href":"https:\/\/ancestrina.com\/pt-br\/wp-json\/wp\/v2\/product\/36074\/revisions\/37658"}],"wp:featuredmedia":[{"embeddable":true,"href":"https:\/\/ancestrina.com\/pt-br\/wp-json\/wp\/v2\/media\/34754"}],"wp:attachment":[{"href":"https:\/\/ancestrina.com\/pt-br\/wp-json\/wp\/v2\/media?parent=36074"}],"wp:term":[{"taxonomy":"product_brand","embeddable":true,"href":"https:\/\/ancestrina.com\/pt-br\/wp-json\/wp\/v2\/product_brand?post=36074"},{"taxonomy":"product_cat","embeddable":true,"href":"https:\/\/ancestrina.com\/pt-br\/wp-json\/wp\/v2\/product_cat?post=36074"},{"taxonomy":"product_tag","embeddable":true,"href":"https:\/\/ancestrina.com\/pt-br\/wp-json\/wp\/v2\/product_tag?post=36074"}],"curies":[{"name":"wp","href":"https:\/\/api.w.org\/{rel}","templated":true}]}}