{"id":36053,"date":"2024-10-13T17:24:59","date_gmt":"2024-10-13T22:24:59","guid":{"rendered":"https:\/\/ancestrina.com\/producto\/cordao-de-protecao\/"},"modified":"2026-05-12T16:10:29","modified_gmt":"2026-05-12T21:10:29","slug":"cordao-de-protecao","status":"publish","type":"product","link":"https:\/\/ancestrina.com\/pt-br\/producto\/cordao-de-protecao\/","title":{"rendered":"Cord\u00e3o de prote\u00e7\u00e3o"},"content":{"rendered":"<p>O <strong>Cord\u00e3o de Prote\u00e7\u00e3o<\/strong> \u00e9 mais do que apenas um acess\u00f3rio; \u00e9 um canal sagrado de prote\u00e7\u00e3o que foi tecido com a sabedoria dos mais velhos. Cada um de seus fios foi cuidadosamente consagrado em cerim\u00f4nias nas quais s\u00e3o invocadas energias de prote\u00e7\u00e3o e bem-estar. Esse amuleto foi criado de acordo com tradi\u00e7\u00f5es antigas que consideram a energia como uma extens\u00e3o do eu, e seu objetivo \u00e9 servir de escudo contra influ\u00eancias negativas que voc\u00ea possa encontrar em seu caminho.<\/p>\n<p>Imbu\u00eddo de ora\u00e7\u00f5es e b\u00ean\u00e7\u00e3os, o <strong>Cord\u00e3o de Prote\u00e7\u00e3o<\/strong> n\u00e3o apenas atua como um guardi\u00e3o que refor\u00e7a seu campo de energia, mas tamb\u00e9m fortalece sua conex\u00e3o com o sagrado. Quando carregado com voc\u00ea, ele o acompanhar\u00e1 em sua vida di\u00e1ria, criando uma barreira que o proteger\u00e1 de qualquer energia densa, permitindo que voc\u00ea se mova com clareza, paz e seguran\u00e7a em seu prop\u00f3sito espiritual. Esse amuleto \u00e9 ideal para quem busca fortalecer seu campo de energia e estabelecer uma conex\u00e3o mais profunda com a sabedoria da terra e dos ancestrais.<\/p>\n","protected":false},"excerpt":{"rendered":"<p>O <strong>Cord\u00e3o de Prote\u00e7\u00e3o<\/strong> \u00e9 um amuleto criado \u00e0 m\u00e3o com inten\u00e7\u00f5es cerimoniais, consagrado sob a sabedoria ancestral. Cada fio \u00e9 um escudo energ\u00e9tico que o envolve, protegendo sua aura de influ\u00eancias negativas e fortalecendo sua conex\u00e3o espiritual. <\/p>\n","protected":false},"featured_media":34691,"comment_status":"open","ping_status":"closed","template":"","meta":{"order-bump-settings":[],"_wpfnl_thankyou_order_overview":"on","_wpfnl_thankyou_order_details":"on","_wpfnl_thankyou_billing_details":"on","_wpfnl_thankyou_shipping_details":"on","site-sidebar-layout":"default","site-content-layout":"","ast-site-content-layout":"default","site-content-style":"default","site-sidebar-style":"default","ast-global-header-display":"","ast-banner-title-visibility":"","ast-main-header-display":"","ast-hfb-above-header-display":"","ast-hfb-below-header-display":"","ast-hfb-mobile-header-display":"","site-post-title":"","ast-breadcrumbs-content":"","ast-featured-img":"","footer-sml-layout":"","ast-disable-related-posts":"","theme-transparent-header-meta":"default","adv-header-id-meta":"","stick-header-meta":"","header-above-stick-meta":"","header-main-stick-meta":"","header-below-stick-meta":"","astra-migrate-meta-layouts":"default","ast-page-background-enabled":"default","ast-page-background-meta":{"desktop":{"background-color":"","background-image":"","background-repeat":"repeat","background-position":"center center","background-size":"auto","background-attachment":"scroll","background-type":"","background-media":"","overlay-type":"","overlay-color":"","overlay-opacity":"","overlay-gradient":""},"tablet":{"background-color":"","background-image":"","background-repeat":"repeat","background-position":"center center","background-size":"auto","background-attachment":"scroll","background-type":"","background-media":"","overlay-type":"","overlay-color":"","overlay-opacity":"","overlay-gradient":""},"mobile":{"background-color":"","background-image":"","background-repeat":"repeat","background-position":"center center","background-size":"auto","background-attachment":"scroll","background-type":"","background-media":"","overlay-type":"","overlay-color":"","overlay-opacity":"","overlay-gradient":""}},"ast-content-background-meta":{"desktop":{"background-color":"var(--ast-global-color-5)","background-image":"","background-repeat":"repeat","background-position":"center center","background-size":"auto","background-attachment":"scroll","background-type":"","background-media":"","overlay-type":"","overlay-color":"","overlay-opacity":"","overlay-gradient":""},"tablet":{"background-color":"var(--ast-global-color-5)","background-image":"","background-repeat":"repeat","background-position":"center center","background-size":"auto","background-attachment":"scroll","background-type":"","background-media":"","overlay-type":"","overlay-color":"","overlay-opacity":"","overlay-gradient":""},"mobile":{"background-color":"var(--ast-global-color-5)","background-image":"","background-repeat":"repeat","background-position":"center center","background-size":"auto","background-attachment":"scroll","background-type":"","background-media":"","overlay-type":"","overlay-color":"","overlay-opacity":"","overlay-gradient":""}},"_joinchat":[]},"product_brand":[],"product_cat":[1477],"product_tag":[],"class_list":{"0":"post-36053","1":"product","2":"type-product","3":"status-publish","4":"has-post-thumbnail","6":"product_cat-meditacao","7":"desktop-align-center","8":"tablet-align-left","9":"mobile-align-left","11":"first","12":"instock","13":"shipping-taxable","14":"purchasable","15":"product-type-simple"},"yoast_head":"<!-- This site is optimized with the Yoast SEO Premium plugin v22.6 (Yoast SEO v27.6) - https:\/\/yoast.com\/product\/yoast-seo-premium-wordpress\/ -->\n<title>Cord\u00e3o de prote\u00e7\u00e3o Ancestrina<\/title>\n<meta name=\"description\" content=\"O Cord\u00e3o de Prote\u00e7\u00e3o \u00e9 um amuleto criado \u00e0 m\u00e3o com inten\u00e7\u00f5es cerimoniais, consagrado sob a sabedoria ancestral. Cada fio \u00e9 um escudo energ\u00e9tico que o envolve, protegendo sua aura de influ\u00eancias negativas e fortalecendo sua conex\u00e3o espiritual.\" \/>\n<meta name=\"robots\" content=\"index, follow, max-snippet:-1, max-image-preview:large, max-video-preview:-1\" \/>\n<link rel=\"canonical\" href=\"https:\/\/ancestrina.com\/pt-br\/producto\/cordao-de-protecao\/\" \/>\n<meta property=\"og:locale\" content=\"pt_BR\" \/>\n<meta property=\"og:type\" content=\"article\" \/>\n<meta property=\"og:title\" content=\"Cord\u00e3o de prote\u00e7\u00e3o\" \/>\n<meta property=\"og:description\" content=\"O Cord\u00e3o de Prote\u00e7\u00e3o \u00e9 um amuleto criado \u00e0 m\u00e3o com inten\u00e7\u00f5es cerimoniais, consagrado sob a sabedoria ancestral. Cada fio \u00e9 um escudo energ\u00e9tico que o envolve, protegendo sua aura de influ\u00eancias negativas e fortalecendo sua conex\u00e3o espiritual.\" \/>\n<meta property=\"og:url\" content=\"https:\/\/ancestrina.com\/pt-br\/producto\/cordao-de-protecao\/\" \/>\n<meta property=\"og:site_name\" content=\"Ancestrina\" \/>\n<meta property=\"article:publisher\" content=\"https:\/\/www.facebook.com\/Ancestrina\/\" \/>\n<meta property=\"article:modified_time\" content=\"2026-05-12T21:10:29+00:00\" \/>\n<meta property=\"og:image\" content=\"https:\/\/ancestrina.com\/wp-content\/uploads\/cordones-de-proteccion-1.jpg\" \/>\n\t<meta property=\"og:image:width\" content=\"2048\" \/>\n\t<meta property=\"og:image:height\" content=\"2048\" \/>\n\t<meta property=\"og:image:type\" content=\"image\/jpeg\" \/>\n<meta name=\"twitter:card\" content=\"summary_large_image\" \/>\n<meta name=\"twitter:label1\" content=\"Est. tempo de leitura\" \/>\n\t<meta name=\"twitter:data1\" content=\"1 minuto\" \/>\n<script type=\"application\/ld+json\" class=\"yoast-schema-graph\">{\"@context\":\"https:\\\/\\\/schema.org\",\"@graph\":[{\"@type\":\"WebPage\",\"@id\":\"https:\\\/\\\/ancestrina.com\\\/pt-br\\\/producto\\\/cordao-de-protecao\\\/\",\"url\":\"https:\\\/\\\/ancestrina.com\\\/pt-br\\\/producto\\\/cordao-de-protecao\\\/\",\"name\":\"Cord\u00e3o de prote\u00e7\u00e3o Ancestrina\",\"isPartOf\":{\"@id\":\"https:\\\/\\\/ancestrina.com\\\/pt-br\\\/#website\"},\"primaryImageOfPage\":{\"@id\":\"https:\\\/\\\/ancestrina.com\\\/pt-br\\\/producto\\\/cordao-de-protecao\\\/#primaryimage\"},\"image\":{\"@id\":\"https:\\\/\\\/ancestrina.com\\\/pt-br\\\/producto\\\/cordao-de-protecao\\\/#primaryimage\"},\"thumbnailUrl\":\"https:\\\/\\\/ancestrina.com\\\/wp-content\\\/uploads\\\/cordones-de-proteccion-1.jpg\",\"datePublished\":\"2024-10-13T22:24:59+00:00\",\"dateModified\":\"2026-05-12T21:10:29+00:00\",\"description\":\"O Cord\u00e3o de Prote\u00e7\u00e3o \u00e9 um amuleto criado \u00e0 m\u00e3o com inten\u00e7\u00f5es cerimoniais, consagrado sob a sabedoria ancestral. Cada fio \u00e9 um escudo energ\u00e9tico que o envolve, protegendo sua aura de influ\u00eancias negativas e fortalecendo sua conex\u00e3o espiritual.\",\"breadcrumb\":{\"@id\":\"https:\\\/\\\/ancestrina.com\\\/pt-br\\\/producto\\\/cordao-de-protecao\\\/#breadcrumb\"},\"inLanguage\":\"pt-BR\",\"potentialAction\":[{\"@type\":\"ReadAction\",\"target\":[\"https:\\\/\\\/ancestrina.com\\\/pt-br\\\/producto\\\/cordao-de-protecao\\\/\"]}]},{\"@type\":\"ImageObject\",\"inLanguage\":\"pt-BR\",\"@id\":\"https:\\\/\\\/ancestrina.com\\\/pt-br\\\/producto\\\/cordao-de-protecao\\\/#primaryimage\",\"url\":\"https:\\\/\\\/ancestrina.com\\\/wp-content\\\/uploads\\\/cordones-de-proteccion-1.jpg\",\"contentUrl\":\"https:\\\/\\\/ancestrina.com\\\/wp-content\\\/uploads\\\/cordones-de-proteccion-1.jpg\",\"width\":2048,\"height\":2048},{\"@type\":\"BreadcrumbList\",\"@id\":\"https:\\\/\\\/ancestrina.com\\\/pt-br\\\/producto\\\/cordao-de-protecao\\\/#breadcrumb\",\"itemListElement\":[{\"@type\":\"ListItem\",\"position\":1,\"name\":\"Home\",\"item\":\"https:\\\/\\\/ancestrina.com\\\/pt-br\\\/casa\\\/\"},{\"@type\":\"ListItem\",\"position\":2,\"name\":\"tienda\",\"item\":\"https:\\\/\\\/ancestrina.com\\\/pt-br\\\/tienda\\\/\"},{\"@type\":\"ListItem\",\"position\":3,\"name\":\"Cord\u00e3o de prote\u00e7\u00e3o\"}]},{\"@type\":\"WebSite\",\"@id\":\"https:\\\/\\\/ancestrina.com\\\/pt-br\\\/#website\",\"url\":\"https:\\\/\\\/ancestrina.com\\\/pt-br\\\/\",\"name\":\"Ancestrina\",\"description\":\"Trabajamos experiencias con plantas maestras, terapias integradoras y cultos ancestrales\",\"publisher\":{\"@id\":\"https:\\\/\\\/ancestrina.com\\\/pt-br\\\/#organization\"},\"potentialAction\":[{\"@type\":\"SearchAction\",\"target\":{\"@type\":\"EntryPoint\",\"urlTemplate\":\"https:\\\/\\\/ancestrina.com\\\/pt-br\\\/?s={search_term_string}\"},\"query-input\":{\"@type\":\"PropertyValueSpecification\",\"valueRequired\":true,\"valueName\":\"search_term_string\"}}],\"inLanguage\":\"pt-BR\"},{\"@type\":\"Organization\",\"@id\":\"https:\\\/\\\/ancestrina.com\\\/pt-br\\\/#organization\",\"name\":\"Ancestrina\",\"url\":\"https:\\\/\\\/ancestrina.com\\\/pt-br\\\/\",\"logo\":{\"@type\":\"ImageObject\",\"inLanguage\":\"pt-BR\",\"@id\":\"https:\\\/\\\/ancestrina.com\\\/pt-br\\\/#\\\/schema\\\/logo\\\/image\\\/\",\"url\":\"https:\\\/\\\/ancestrina.com\\\/wp-content\\\/uploads\\\/2020\\\/06\\\/cropped-LOGO-ANCESTRINA-1.png\",\"contentUrl\":\"https:\\\/\\\/ancestrina.com\\\/wp-content\\\/uploads\\\/2020\\\/06\\\/cropped-LOGO-ANCESTRINA-1.png\",\"width\":630,\"height\":202,\"caption\":\"Ancestrina\"},\"image\":{\"@id\":\"https:\\\/\\\/ancestrina.com\\\/pt-br\\\/#\\\/schema\\\/logo\\\/image\\\/\"},\"sameAs\":[\"https:\\\/\\\/www.facebook.com\\\/Ancestrina\\\/\",\"https:\\\/\\\/www.instagram.com\\\/ancestrina\\\/\",\"https:\\\/\\\/www.youtube.com\\\/channel\\\/UCgtt6WFhEIVEI30PzxlOeIw\"]}]}<\/script>\n<!-- \/ Yoast SEO Premium plugin. -->","yoast_head_json":{"title":"Cord\u00e3o de prote\u00e7\u00e3o Ancestrina","description":"O Cord\u00e3o de Prote\u00e7\u00e3o \u00e9 um amuleto criado \u00e0 m\u00e3o com inten\u00e7\u00f5es cerimoniais, consagrado sob a sabedoria ancestral. Cada fio \u00e9 um escudo energ\u00e9tico que o envolve, protegendo sua aura de influ\u00eancias negativas e fortalecendo sua conex\u00e3o espiritual.","robots":{"index":"index","follow":"follow","max-snippet":"max-snippet:-1","max-image-preview":"max-image-preview:large","max-video-preview":"max-video-preview:-1"},"canonical":"https:\/\/ancestrina.com\/pt-br\/producto\/cordao-de-protecao\/","og_locale":"pt_BR","og_type":"article","og_title":"Cord\u00e3o de prote\u00e7\u00e3o","og_description":"O Cord\u00e3o de Prote\u00e7\u00e3o \u00e9 um amuleto criado \u00e0 m\u00e3o com inten\u00e7\u00f5es cerimoniais, consagrado sob a sabedoria ancestral. Cada fio \u00e9 um escudo energ\u00e9tico que o envolve, protegendo sua aura de influ\u00eancias negativas e fortalecendo sua conex\u00e3o espiritual.","og_url":"https:\/\/ancestrina.com\/pt-br\/producto\/cordao-de-protecao\/","og_site_name":"Ancestrina","article_publisher":"https:\/\/www.facebook.com\/Ancestrina\/","article_modified_time":"2026-05-12T21:10:29+00:00","og_image":[{"width":2048,"height":2048,"url":"https:\/\/ancestrina.com\/wp-content\/uploads\/cordones-de-proteccion-1.jpg","type":"image\/jpeg"}],"twitter_card":"summary_large_image","twitter_misc":{"Est. tempo de leitura":"1 minuto"},"schema":{"@context":"https:\/\/schema.org","@graph":[{"@type":"WebPage","@id":"https:\/\/ancestrina.com\/pt-br\/producto\/cordao-de-protecao\/","url":"https:\/\/ancestrina.com\/pt-br\/producto\/cordao-de-protecao\/","name":"Cord\u00e3o de prote\u00e7\u00e3o Ancestrina","isPartOf":{"@id":"https:\/\/ancestrina.com\/pt-br\/#website"},"primaryImageOfPage":{"@id":"https:\/\/ancestrina.com\/pt-br\/producto\/cordao-de-protecao\/#primaryimage"},"image":{"@id":"https:\/\/ancestrina.com\/pt-br\/producto\/cordao-de-protecao\/#primaryimage"},"thumbnailUrl":"https:\/\/ancestrina.com\/wp-content\/uploads\/cordones-de-proteccion-1.jpg","datePublished":"2024-10-13T22:24:59+00:00","dateModified":"2026-05-12T21:10:29+00:00","description":"O Cord\u00e3o de Prote\u00e7\u00e3o \u00e9 um amuleto criado \u00e0 m\u00e3o com inten\u00e7\u00f5es cerimoniais, consagrado sob a sabedoria ancestral. Cada fio \u00e9 um escudo energ\u00e9tico que o envolve, protegendo sua aura de influ\u00eancias negativas e fortalecendo sua conex\u00e3o espiritual.","breadcrumb":{"@id":"https:\/\/ancestrina.com\/pt-br\/producto\/cordao-de-protecao\/#breadcrumb"},"inLanguage":"pt-BR","potentialAction":[{"@type":"ReadAction","target":["https:\/\/ancestrina.com\/pt-br\/producto\/cordao-de-protecao\/"]}]},{"@type":"ImageObject","inLanguage":"pt-BR","@id":"https:\/\/ancestrina.com\/pt-br\/producto\/cordao-de-protecao\/#primaryimage","url":"https:\/\/ancestrina.com\/wp-content\/uploads\/cordones-de-proteccion-1.jpg","contentUrl":"https:\/\/ancestrina.com\/wp-content\/uploads\/cordones-de-proteccion-1.jpg","width":2048,"height":2048},{"@type":"BreadcrumbList","@id":"https:\/\/ancestrina.com\/pt-br\/producto\/cordao-de-protecao\/#breadcrumb","itemListElement":[{"@type":"ListItem","position":1,"name":"Home","item":"https:\/\/ancestrina.com\/pt-br\/casa\/"},{"@type":"ListItem","position":2,"name":"tienda","item":"https:\/\/ancestrina.com\/pt-br\/tienda\/"},{"@type":"ListItem","position":3,"name":"Cord\u00e3o de prote\u00e7\u00e3o"}]},{"@type":"WebSite","@id":"https:\/\/ancestrina.com\/pt-br\/#website","url":"https:\/\/ancestrina.com\/pt-br\/","name":"Ancestrina","description":"Trabajamos experiencias con plantas maestras, terapias integradoras y cultos ancestrales","publisher":{"@id":"https:\/\/ancestrina.com\/pt-br\/#organization"},"potentialAction":[{"@type":"SearchAction","target":{"@type":"EntryPoint","urlTemplate":"https:\/\/ancestrina.com\/pt-br\/?s={search_term_string}"},"query-input":{"@type":"PropertyValueSpecification","valueRequired":true,"valueName":"search_term_string"}}],"inLanguage":"pt-BR"},{"@type":"Organization","@id":"https:\/\/ancestrina.com\/pt-br\/#organization","name":"Ancestrina","url":"https:\/\/ancestrina.com\/pt-br\/","logo":{"@type":"ImageObject","inLanguage":"pt-BR","@id":"https:\/\/ancestrina.com\/pt-br\/#\/schema\/logo\/image\/","url":"https:\/\/ancestrina.com\/wp-content\/uploads\/2020\/06\/cropped-LOGO-ANCESTRINA-1.png","contentUrl":"https:\/\/ancestrina.com\/wp-content\/uploads\/2020\/06\/cropped-LOGO-ANCESTRINA-1.png","width":630,"height":202,"caption":"Ancestrina"},"image":{"@id":"https:\/\/ancestrina.com\/pt-br\/#\/schema\/logo\/image\/"},"sameAs":["https:\/\/www.facebook.com\/Ancestrina\/","https:\/\/www.instagram.com\/ancestrina\/","https:\/\/www.youtube.com\/channel\/UCgtt6WFhEIVEI30PzxlOeIw"]}]}},"_links":{"self":[{"href":"https:\/\/ancestrina.com\/pt-br\/wp-json\/wp\/v2\/product\/36053","targetHints":{"allow":["GET"]}}],"collection":[{"href":"https:\/\/ancestrina.com\/pt-br\/wp-json\/wp\/v2\/product"}],"about":[{"href":"https:\/\/ancestrina.com\/pt-br\/wp-json\/wp\/v2\/types\/product"}],"replies":[{"embeddable":true,"href":"https:\/\/ancestrina.com\/pt-br\/wp-json\/wp\/v2\/comments?post=36053"}],"version-history":[{"count":1,"href":"https:\/\/ancestrina.com\/pt-br\/wp-json\/wp\/v2\/product\/36053\/revisions"}],"predecessor-version":[{"id":37674,"href":"https:\/\/ancestrina.com\/pt-br\/wp-json\/wp\/v2\/product\/36053\/revisions\/37674"}],"wp:featuredmedia":[{"embeddable":true,"href":"https:\/\/ancestrina.com\/pt-br\/wp-json\/wp\/v2\/media\/34691"}],"wp:attachment":[{"href":"https:\/\/ancestrina.com\/pt-br\/wp-json\/wp\/v2\/media?parent=36053"}],"wp:term":[{"taxonomy":"product_brand","embeddable":true,"href":"https:\/\/ancestrina.com\/pt-br\/wp-json\/wp\/v2\/product_brand?post=36053"},{"taxonomy":"product_cat","embeddable":true,"href":"https:\/\/ancestrina.com\/pt-br\/wp-json\/wp\/v2\/product_cat?post=36053"},{"taxonomy":"product_tag","embeddable":true,"href":"https:\/\/ancestrina.com\/pt-br\/wp-json\/wp\/v2\/product_tag?post=36053"}],"curies":[{"name":"wp","href":"https:\/\/api.w.org\/{rel}","templated":true}]}}