{"id":30418,"date":"2024-03-26T11:20:40","date_gmt":"2024-03-26T16:20:40","guid":{"rendered":"https:\/\/ancestrina.com\/producto\/copalera\/"},"modified":"2026-05-13T02:46:41","modified_gmt":"2026-05-13T07:46:41","slug":"copaleras-quema-copal-resinas","status":"publish","type":"product","link":"https:\/\/ancestrina.com\/pt-br\/producto\/copaleras-quema-copal-resinas\/","title":{"rendered":"Copalera"},"content":{"rendered":"<p>Nossas copaleras s\u00e3o recipientes especialmente projetados para queimar copal e outras resinas arom\u00e1ticas. Esses acess\u00f3rios elegantes n\u00e3o s\u00f3 servem como uma base segura para acender carv\u00e3o e resinas, mas tamb\u00e9m d\u00e3o um toque decorativo a qualquer espa\u00e7o de medita\u00e7\u00e3o ou cerim\u00f4nia. Fabricadas com materiais resistentes ao calor, nossas copaleras garantem uma experi\u00eancia de queima segura e eficaz.<\/p>\n<p>Oferecemos copaleras em tr\u00eas tamanhos e dois acabamentos diferentes para atender a todas as necessidades e prefer\u00eancias:<\/p>\n<ul>\n<li><strong>Large Black<\/strong>: ideal para sess\u00f5es longas ou para quem deseja uma presen\u00e7a mais robusta e elegante. Sua cor escura d\u00e1 um toque de sobriedade e profundidade a qualquer ambiente.<\/li>\n<li><strong>Marrom grande<\/strong>: perfeito para quem prefere um estilo mais natural ou r\u00fastico. Seu tom marrom combina harmoniosamente com decora\u00e7\u00f5es de inspira\u00e7\u00e3o terrosa ou org\u00e2nica.<\/li>\n<li><strong>M\u00e9dio<\/strong>: Adequado para espa\u00e7os menores ou para uso individual. Essa vers\u00e3o \u00e9 mais compacta, mas t\u00e3o funcional e esteticamente agrad\u00e1vel quanto suas contrapartes maiores.<\/li>\n<\/ul>\n<p>Cada copalera \u00e9 projetada para facilitar o uso e maximizar a seguran\u00e7a, com uma base est\u00e1vel que evita o derramamento de cinzas e mant\u00e9m as brasas bem contidas. Quer voc\u00ea use o copal para limpeza energ\u00e9tica, como parte de rituais espirituais ou simplesmente para apreciar seu aroma relaxante, nossas tigelas de copal s\u00e3o o complemento perfeito para sua pr\u00e1tica.<\/p>\n","protected":false},"excerpt":{"rendered":"<p>A copalera \u00e9 um recipiente tradicional usado nas pr\u00e1ticas espirituais mexicanas para queimar copal, uma resina sagrada usada em rituais de purifica\u00e7\u00e3o e oferendas. Esse artefato cerimonial essencial conecta o presente com as tradi\u00e7\u00f5es ancestrais, servindo como uma ponte para a comunica\u00e7\u00e3o espiritual e a limpeza energ\u00e9tica. No M\u00e9xico, o copal \u00e9 queimado para limpar a aura e os espa\u00e7os das pessoas e para orientar as ora\u00e7\u00f5es aos c\u00e9us.<\/p>\n<p>&nbsp;<\/p>\n","protected":false},"featured_media":34671,"comment_status":"open","ping_status":"closed","template":"","meta":{"order-bump-settings":[],"_wpfnl_thankyou_order_overview":"on","_wpfnl_thankyou_order_details":"on","_wpfnl_thankyou_billing_details":"on","_wpfnl_thankyou_shipping_details":"on","site-sidebar-layout":"default","site-content-layout":"","ast-site-content-layout":"default","site-content-style":"default","site-sidebar-style":"default","ast-global-header-display":"","ast-banner-title-visibility":"","ast-main-header-display":"","ast-hfb-above-header-display":"","ast-hfb-below-header-display":"","ast-hfb-mobile-header-display":"","site-post-title":"","ast-breadcrumbs-content":"","ast-featured-img":"","footer-sml-layout":"","ast-disable-related-posts":"","theme-transparent-header-meta":"default","adv-header-id-meta":"","stick-header-meta":"","header-above-stick-meta":"","header-main-stick-meta":"","header-below-stick-meta":"","astra-migrate-meta-layouts":"default","ast-page-background-enabled":"default","ast-page-background-meta":{"desktop":{"background-color":"","background-image":"","background-repeat":"repeat","background-position":"center center","background-size":"auto","background-attachment":"scroll","background-type":"","background-media":"","overlay-type":"","overlay-color":"","overlay-opacity":"","overlay-gradient":""},"tablet":{"background-color":"","background-image":"","background-repeat":"repeat","background-position":"center center","background-size":"auto","background-attachment":"scroll","background-type":"","background-media":"","overlay-type":"","overlay-color":"","overlay-opacity":"","overlay-gradient":""},"mobile":{"background-color":"","background-image":"","background-repeat":"repeat","background-position":"center center","background-size":"auto","background-attachment":"scroll","background-type":"","background-media":"","overlay-type":"","overlay-color":"","overlay-opacity":"","overlay-gradient":""}},"ast-content-background-meta":{"desktop":{"background-color":"var(--ast-global-color-5)","background-image":"","background-repeat":"repeat","background-position":"center center","background-size":"auto","background-attachment":"scroll","background-type":"","background-media":"","overlay-type":"","overlay-color":"","overlay-opacity":"","overlay-gradient":""},"tablet":{"background-color":"var(--ast-global-color-5)","background-image":"","background-repeat":"repeat","background-position":"center center","background-size":"auto","background-attachment":"scroll","background-type":"","background-media":"","overlay-type":"","overlay-color":"","overlay-opacity":"","overlay-gradient":""},"mobile":{"background-color":"var(--ast-global-color-5)","background-image":"","background-repeat":"repeat","background-position":"center center","background-size":"auto","background-attachment":"scroll","background-type":"","background-media":"","overlay-type":"","overlay-color":"","overlay-opacity":"","overlay-gradient":""}},"_joinchat":[]},"product_brand":[],"product_cat":[1474],"product_tag":[],"class_list":{"0":"post-30418","1":"product","2":"type-product","3":"status-publish","4":"has-post-thumbnail","6":"product_cat-humitos-pt-br","7":"desktop-align-center","8":"tablet-align-left","9":"mobile-align-left","11":"first","12":"instock","13":"shipping-taxable","14":"purchasable","15":"product-type-variable"},"yoast_head":"<!-- This site is optimized with the Yoast SEO Premium plugin v22.6 (Yoast SEO v27.6) - https:\/\/yoast.com\/product\/yoast-seo-premium-wordpress\/ -->\n<title>Copal Copal Holders: Eleg\u00e2ncia e seguran\u00e7a em seus rituais<\/title>\n<meta name=\"description\" content=\"Descubra nossas copaleras, ideais para queimar copal e outras resinas arom\u00e1ticas. Dispon\u00edveis em tr\u00eas tamanhos e dois acabamentos (preto e marrom), esses queimadores de copal elegantes e funcionais garantem uma experi\u00eancia de queima segura e decorativa. Perfeito para medita\u00e7\u00e3o, rituais espirituais e limpeza energ\u00e9tica.\" \/>\n<meta name=\"robots\" content=\"index, follow, max-snippet:-1, max-image-preview:large, max-video-preview:-1\" \/>\n<link rel=\"canonical\" href=\"https:\/\/ancestrina.com\/pt-br\/producto\/copaleras-quema-copal-resinas\/\" \/>\n<meta property=\"og:locale\" content=\"pt_BR\" \/>\n<meta property=\"og:type\" content=\"article\" \/>\n<meta property=\"og:title\" content=\"Copalera\" \/>\n<meta property=\"og:description\" content=\"Descubra nossas copaleras, ideais para queimar copal e outras resinas arom\u00e1ticas. Dispon\u00edveis em tr\u00eas tamanhos e dois acabamentos (preto e marrom), esses queimadores de copal elegantes e funcionais garantem uma experi\u00eancia de queima segura e decorativa. Perfeito para medita\u00e7\u00e3o, rituais espirituais e limpeza energ\u00e9tica.\" \/>\n<meta property=\"og:url\" content=\"https:\/\/ancestrina.com\/pt-br\/producto\/copaleras-quema-copal-resinas\/\" \/>\n<meta property=\"og:site_name\" content=\"Ancestrina\" \/>\n<meta property=\"article:publisher\" content=\"https:\/\/www.facebook.com\/Ancestrina\/\" \/>\n<meta property=\"article:modified_time\" content=\"2026-05-13T07:46:41+00:00\" \/>\n<meta property=\"og:image\" content=\"https:\/\/ancestrina.com\/wp-content\/uploads\/copaleras-1.jpg\" \/>\n\t<meta property=\"og:image:width\" content=\"2048\" \/>\n\t<meta property=\"og:image:height\" content=\"2048\" \/>\n\t<meta property=\"og:image:type\" content=\"image\/jpeg\" \/>\n<meta name=\"twitter:card\" content=\"summary_large_image\" \/>\n<meta name=\"twitter:label1\" content=\"Est. tempo de leitura\" \/>\n\t<meta name=\"twitter:data1\" content=\"1 minuto\" \/>\n<script type=\"application\/ld+json\" class=\"yoast-schema-graph\">{\"@context\":\"https:\\\/\\\/schema.org\",\"@graph\":[{\"@type\":\"WebPage\",\"@id\":\"https:\\\/\\\/ancestrina.com\\\/pt-br\\\/producto\\\/copaleras-quema-copal-resinas\\\/\",\"url\":\"https:\\\/\\\/ancestrina.com\\\/pt-br\\\/producto\\\/copaleras-quema-copal-resinas\\\/\",\"name\":\"Copal Copal Holders: Eleg\u00e2ncia e seguran\u00e7a em seus rituais\",\"isPartOf\":{\"@id\":\"https:\\\/\\\/ancestrina.com\\\/pt-br\\\/#website\"},\"primaryImageOfPage\":{\"@id\":\"https:\\\/\\\/ancestrina.com\\\/pt-br\\\/producto\\\/copaleras-quema-copal-resinas\\\/#primaryimage\"},\"image\":{\"@id\":\"https:\\\/\\\/ancestrina.com\\\/pt-br\\\/producto\\\/copaleras-quema-copal-resinas\\\/#primaryimage\"},\"thumbnailUrl\":\"https:\\\/\\\/ancestrina.com\\\/wp-content\\\/uploads\\\/copaleras-1.jpg\",\"datePublished\":\"2024-03-26T16:20:40+00:00\",\"dateModified\":\"2026-05-13T07:46:41+00:00\",\"description\":\"Descubra nossas copaleras, ideais para queimar copal e outras resinas arom\u00e1ticas. Dispon\u00edveis em tr\u00eas tamanhos e dois acabamentos (preto e marrom), esses queimadores de copal elegantes e funcionais garantem uma experi\u00eancia de queima segura e decorativa. Perfeito para medita\u00e7\u00e3o, rituais espirituais e limpeza energ\u00e9tica.\",\"breadcrumb\":{\"@id\":\"https:\\\/\\\/ancestrina.com\\\/pt-br\\\/producto\\\/copaleras-quema-copal-resinas\\\/#breadcrumb\"},\"inLanguage\":\"pt-BR\",\"potentialAction\":[{\"@type\":\"ReadAction\",\"target\":[\"https:\\\/\\\/ancestrina.com\\\/pt-br\\\/producto\\\/copaleras-quema-copal-resinas\\\/\"]}]},{\"@type\":\"ImageObject\",\"inLanguage\":\"pt-BR\",\"@id\":\"https:\\\/\\\/ancestrina.com\\\/pt-br\\\/producto\\\/copaleras-quema-copal-resinas\\\/#primaryimage\",\"url\":\"https:\\\/\\\/ancestrina.com\\\/wp-content\\\/uploads\\\/copaleras-1.jpg\",\"contentUrl\":\"https:\\\/\\\/ancestrina.com\\\/wp-content\\\/uploads\\\/copaleras-1.jpg\",\"width\":2048,\"height\":2048},{\"@type\":\"BreadcrumbList\",\"@id\":\"https:\\\/\\\/ancestrina.com\\\/pt-br\\\/producto\\\/copaleras-quema-copal-resinas\\\/#breadcrumb\",\"itemListElement\":[{\"@type\":\"ListItem\",\"position\":1,\"name\":\"Home\",\"item\":\"https:\\\/\\\/ancestrina.com\\\/pt-br\\\/casa\\\/\"},{\"@type\":\"ListItem\",\"position\":2,\"name\":\"tienda\",\"item\":\"https:\\\/\\\/ancestrina.com\\\/pt-br\\\/tienda\\\/\"},{\"@type\":\"ListItem\",\"position\":3,\"name\":\"Copalera\"}]},{\"@type\":\"WebSite\",\"@id\":\"https:\\\/\\\/ancestrina.com\\\/pt-br\\\/#website\",\"url\":\"https:\\\/\\\/ancestrina.com\\\/pt-br\\\/\",\"name\":\"Ancestrina\",\"description\":\"Trabajamos experiencias con plantas maestras, terapias integradoras y cultos ancestrales\",\"publisher\":{\"@id\":\"https:\\\/\\\/ancestrina.com\\\/pt-br\\\/#organization\"},\"potentialAction\":[{\"@type\":\"SearchAction\",\"target\":{\"@type\":\"EntryPoint\",\"urlTemplate\":\"https:\\\/\\\/ancestrina.com\\\/pt-br\\\/?s={search_term_string}\"},\"query-input\":{\"@type\":\"PropertyValueSpecification\",\"valueRequired\":true,\"valueName\":\"search_term_string\"}}],\"inLanguage\":\"pt-BR\"},{\"@type\":\"Organization\",\"@id\":\"https:\\\/\\\/ancestrina.com\\\/pt-br\\\/#organization\",\"name\":\"Ancestrina\",\"url\":\"https:\\\/\\\/ancestrina.com\\\/pt-br\\\/\",\"logo\":{\"@type\":\"ImageObject\",\"inLanguage\":\"pt-BR\",\"@id\":\"https:\\\/\\\/ancestrina.com\\\/pt-br\\\/#\\\/schema\\\/logo\\\/image\\\/\",\"url\":\"https:\\\/\\\/ancestrina.com\\\/wp-content\\\/uploads\\\/2020\\\/06\\\/cropped-LOGO-ANCESTRINA-1.png\",\"contentUrl\":\"https:\\\/\\\/ancestrina.com\\\/wp-content\\\/uploads\\\/2020\\\/06\\\/cropped-LOGO-ANCESTRINA-1.png\",\"width\":630,\"height\":202,\"caption\":\"Ancestrina\"},\"image\":{\"@id\":\"https:\\\/\\\/ancestrina.com\\\/pt-br\\\/#\\\/schema\\\/logo\\\/image\\\/\"},\"sameAs\":[\"https:\\\/\\\/www.facebook.com\\\/Ancestrina\\\/\",\"https:\\\/\\\/www.instagram.com\\\/ancestrina\\\/\",\"https:\\\/\\\/www.youtube.com\\\/channel\\\/UCgtt6WFhEIVEI30PzxlOeIw\"]}]}<\/script>\n<!-- \/ Yoast SEO Premium plugin. -->","yoast_head_json":{"title":"Copal Copal Holders: Eleg\u00e2ncia e seguran\u00e7a em seus rituais","description":"Descubra nossas copaleras, ideais para queimar copal e outras resinas arom\u00e1ticas. Dispon\u00edveis em tr\u00eas tamanhos e dois acabamentos (preto e marrom), esses queimadores de copal elegantes e funcionais garantem uma experi\u00eancia de queima segura e decorativa. Perfeito para medita\u00e7\u00e3o, rituais espirituais e limpeza energ\u00e9tica.","robots":{"index":"index","follow":"follow","max-snippet":"max-snippet:-1","max-image-preview":"max-image-preview:large","max-video-preview":"max-video-preview:-1"},"canonical":"https:\/\/ancestrina.com\/pt-br\/producto\/copaleras-quema-copal-resinas\/","og_locale":"pt_BR","og_type":"article","og_title":"Copalera","og_description":"Descubra nossas copaleras, ideais para queimar copal e outras resinas arom\u00e1ticas. Dispon\u00edveis em tr\u00eas tamanhos e dois acabamentos (preto e marrom), esses queimadores de copal elegantes e funcionais garantem uma experi\u00eancia de queima segura e decorativa. Perfeito para medita\u00e7\u00e3o, rituais espirituais e limpeza energ\u00e9tica.","og_url":"https:\/\/ancestrina.com\/pt-br\/producto\/copaleras-quema-copal-resinas\/","og_site_name":"Ancestrina","article_publisher":"https:\/\/www.facebook.com\/Ancestrina\/","article_modified_time":"2026-05-13T07:46:41+00:00","og_image":[{"width":2048,"height":2048,"url":"https:\/\/ancestrina.com\/wp-content\/uploads\/copaleras-1.jpg","type":"image\/jpeg"}],"twitter_card":"summary_large_image","twitter_misc":{"Est. tempo de leitura":"1 minuto"},"schema":{"@context":"https:\/\/schema.org","@graph":[{"@type":"WebPage","@id":"https:\/\/ancestrina.com\/pt-br\/producto\/copaleras-quema-copal-resinas\/","url":"https:\/\/ancestrina.com\/pt-br\/producto\/copaleras-quema-copal-resinas\/","name":"Copal Copal Holders: Eleg\u00e2ncia e seguran\u00e7a em seus rituais","isPartOf":{"@id":"https:\/\/ancestrina.com\/pt-br\/#website"},"primaryImageOfPage":{"@id":"https:\/\/ancestrina.com\/pt-br\/producto\/copaleras-quema-copal-resinas\/#primaryimage"},"image":{"@id":"https:\/\/ancestrina.com\/pt-br\/producto\/copaleras-quema-copal-resinas\/#primaryimage"},"thumbnailUrl":"https:\/\/ancestrina.com\/wp-content\/uploads\/copaleras-1.jpg","datePublished":"2024-03-26T16:20:40+00:00","dateModified":"2026-05-13T07:46:41+00:00","description":"Descubra nossas copaleras, ideais para queimar copal e outras resinas arom\u00e1ticas. Dispon\u00edveis em tr\u00eas tamanhos e dois acabamentos (preto e marrom), esses queimadores de copal elegantes e funcionais garantem uma experi\u00eancia de queima segura e decorativa. Perfeito para medita\u00e7\u00e3o, rituais espirituais e limpeza energ\u00e9tica.","breadcrumb":{"@id":"https:\/\/ancestrina.com\/pt-br\/producto\/copaleras-quema-copal-resinas\/#breadcrumb"},"inLanguage":"pt-BR","potentialAction":[{"@type":"ReadAction","target":["https:\/\/ancestrina.com\/pt-br\/producto\/copaleras-quema-copal-resinas\/"]}]},{"@type":"ImageObject","inLanguage":"pt-BR","@id":"https:\/\/ancestrina.com\/pt-br\/producto\/copaleras-quema-copal-resinas\/#primaryimage","url":"https:\/\/ancestrina.com\/wp-content\/uploads\/copaleras-1.jpg","contentUrl":"https:\/\/ancestrina.com\/wp-content\/uploads\/copaleras-1.jpg","width":2048,"height":2048},{"@type":"BreadcrumbList","@id":"https:\/\/ancestrina.com\/pt-br\/producto\/copaleras-quema-copal-resinas\/#breadcrumb","itemListElement":[{"@type":"ListItem","position":1,"name":"Home","item":"https:\/\/ancestrina.com\/pt-br\/casa\/"},{"@type":"ListItem","position":2,"name":"tienda","item":"https:\/\/ancestrina.com\/pt-br\/tienda\/"},{"@type":"ListItem","position":3,"name":"Copalera"}]},{"@type":"WebSite","@id":"https:\/\/ancestrina.com\/pt-br\/#website","url":"https:\/\/ancestrina.com\/pt-br\/","name":"Ancestrina","description":"Trabajamos experiencias con plantas maestras, terapias integradoras y cultos ancestrales","publisher":{"@id":"https:\/\/ancestrina.com\/pt-br\/#organization"},"potentialAction":[{"@type":"SearchAction","target":{"@type":"EntryPoint","urlTemplate":"https:\/\/ancestrina.com\/pt-br\/?s={search_term_string}"},"query-input":{"@type":"PropertyValueSpecification","valueRequired":true,"valueName":"search_term_string"}}],"inLanguage":"pt-BR"},{"@type":"Organization","@id":"https:\/\/ancestrina.com\/pt-br\/#organization","name":"Ancestrina","url":"https:\/\/ancestrina.com\/pt-br\/","logo":{"@type":"ImageObject","inLanguage":"pt-BR","@id":"https:\/\/ancestrina.com\/pt-br\/#\/schema\/logo\/image\/","url":"https:\/\/ancestrina.com\/wp-content\/uploads\/2020\/06\/cropped-LOGO-ANCESTRINA-1.png","contentUrl":"https:\/\/ancestrina.com\/wp-content\/uploads\/2020\/06\/cropped-LOGO-ANCESTRINA-1.png","width":630,"height":202,"caption":"Ancestrina"},"image":{"@id":"https:\/\/ancestrina.com\/pt-br\/#\/schema\/logo\/image\/"},"sameAs":["https:\/\/www.facebook.com\/Ancestrina\/","https:\/\/www.instagram.com\/ancestrina\/","https:\/\/www.youtube.com\/channel\/UCgtt6WFhEIVEI30PzxlOeIw"]}]}},"_links":{"self":[{"href":"https:\/\/ancestrina.com\/pt-br\/wp-json\/wp\/v2\/product\/30418","targetHints":{"allow":["GET"]}}],"collection":[{"href":"https:\/\/ancestrina.com\/pt-br\/wp-json\/wp\/v2\/product"}],"about":[{"href":"https:\/\/ancestrina.com\/pt-br\/wp-json\/wp\/v2\/types\/product"}],"replies":[{"embeddable":true,"href":"https:\/\/ancestrina.com\/pt-br\/wp-json\/wp\/v2\/comments?post=30418"}],"version-history":[{"count":1,"href":"https:\/\/ancestrina.com\/pt-br\/wp-json\/wp\/v2\/product\/30418\/revisions"}],"predecessor-version":[{"id":37619,"href":"https:\/\/ancestrina.com\/pt-br\/wp-json\/wp\/v2\/product\/30418\/revisions\/37619"}],"wp:featuredmedia":[{"embeddable":true,"href":"https:\/\/ancestrina.com\/pt-br\/wp-json\/wp\/v2\/media\/34671"}],"wp:attachment":[{"href":"https:\/\/ancestrina.com\/pt-br\/wp-json\/wp\/v2\/media?parent=30418"}],"wp:term":[{"taxonomy":"product_brand","embeddable":true,"href":"https:\/\/ancestrina.com\/pt-br\/wp-json\/wp\/v2\/product_brand?post=30418"},{"taxonomy":"product_cat","embeddable":true,"href":"https:\/\/ancestrina.com\/pt-br\/wp-json\/wp\/v2\/product_cat?post=30418"},{"taxonomy":"product_tag","embeddable":true,"href":"https:\/\/ancestrina.com\/pt-br\/wp-json\/wp\/v2\/product_tag?post=30418"}],"curies":[{"name":"wp","href":"https:\/\/api.w.org\/{rel}","templated":true}]}}