{"id":30415,"date":"2024-02-15T14:01:28","date_gmt":"2024-02-15T19:01:28","guid":{"rendered":"https:\/\/ancestrina.com\/producto\/carbono\/"},"modified":"2026-05-12T19:36:01","modified_gmt":"2026-05-13T00:36:01","slug":"pastillas-carbon-rituales","status":"publish","type":"product","link":"https:\/\/ancestrina.com\/pt-br\/producto\/pastillas-carbon-rituales\/","title":{"rendered":"Carv\u00e3o"},"content":{"rendered":"<p> <strong> Efici\u00eancia e confiabilidade: <\/strong>cada pellet de carv\u00e3o vegetal foi cuidadosamente formulado para garantir uma combust\u00e3o eficiente e confi\u00e1vel. Sinta-se confiante ao preparar suas misturas de aromaterapia, sabendo que o carv\u00e3o vegetal fornecer\u00e1 uma base s\u00f3lida para liberar as propriedades ben\u00e9ficas das ervas e resinas.<\/p>\n<p> <strong> Dura\u00e7\u00e3o prolongada:<\/strong> desfrute de sess\u00f5es de aromaterapia mais longas gra\u00e7as \u00e0 dura\u00e7\u00e3o prolongada de cada pastilha de carv\u00e3o. Esse recurso permite que seus momentos de bem-estar sejam estendidos, dando a voc\u00ea o tempo necess\u00e1rio para mergulhar na serenidade.<\/p>\n<p> <strong> Embalagem pr\u00e1tica:<\/strong> a caixa foi projetada para ser conveniente e pr\u00e1tica. A embalagem protege os tabletes de carv\u00e3o vegetal, mantendo-os frescos e prontos para uso a qualquer momento. Um companheiro essencial para aqueles que buscam simplicidade e efic\u00e1cia em suas pr\u00e1ticas espirituais.<\/p>\n<p> <strong> Versatilidade de uso:<\/strong> seja para queimar incenso, resinas arom\u00e1ticas ou ervas sagradas, essas pastilhas de carv\u00e3o s\u00e3o vers\u00e1teis e adapt\u00e1veis a uma variedade de usos. Descubra novas dimens\u00f5es de bem-estar ao incorporar essa ferramenta essencial em sua rotina di\u00e1ria.<\/p>\n<p>&nbsp;<\/p>\n","protected":false},"excerpt":{"rendered":"<p>Nosso pacote de 27 pellets de carv\u00e3o vegetal foi projetado especialmente para aqueles que buscam uma experi\u00eancia de queima mais natural e ecol\u00f3gica. Esses pellets n\u00e3o cont\u00eam produtos qu\u00edmicos que aceleram a igni\u00e7\u00e3o, garantindo um ritual de queima puro e tradicional. Ideal para queimar incensos, resinas e ervas em rituais espirituais ou de purifica\u00e7\u00e3o.<\/p>\n<p>A aus\u00eancia de aditivos qu\u00edmicos n\u00e3o apenas torna o processo mais seguro e saud\u00e1vel, mas tamb\u00e9m preserva a integridade e o aroma natural de suas subst\u00e2ncias arom\u00e1ticas. Essas pastilhas requerem um pouco mais de tempo e cuidado para serem acesas, o que acrescenta solenidade e profundidade \u00e0 sua pr\u00e1tica ritual\u00edstica, elevando o ato de queimar a uma experi\u00eancia verdadeiramente sagrada e meditativa.<\/p>\n","protected":false},"featured_media":34593,"comment_status":"open","ping_status":"closed","template":"","meta":{"order-bump-settings":[],"_wpfnl_thankyou_order_overview":"on","_wpfnl_thankyou_order_details":"on","_wpfnl_thankyou_billing_details":"on","_wpfnl_thankyou_shipping_details":"on","site-sidebar-layout":"default","site-content-layout":"","ast-site-content-layout":"default","site-content-style":"default","site-sidebar-style":"default","ast-global-header-display":"","ast-banner-title-visibility":"","ast-main-header-display":"","ast-hfb-above-header-display":"","ast-hfb-below-header-display":"","ast-hfb-mobile-header-display":"","site-post-title":"","ast-breadcrumbs-content":"","ast-featured-img":"","footer-sml-layout":"","ast-disable-related-posts":"","theme-transparent-header-meta":"default","adv-header-id-meta":"","stick-header-meta":"","header-above-stick-meta":"","header-main-stick-meta":"","header-below-stick-meta":"","astra-migrate-meta-layouts":"default","ast-page-background-enabled":"default","ast-page-background-meta":{"desktop":{"background-color":"","background-image":"","background-repeat":"repeat","background-position":"center center","background-size":"auto","background-attachment":"scroll","background-type":"","background-media":"","overlay-type":"","overlay-color":"","overlay-opacity":"","overlay-gradient":""},"tablet":{"background-color":"","background-image":"","background-repeat":"repeat","background-position":"center center","background-size":"auto","background-attachment":"scroll","background-type":"","background-media":"","overlay-type":"","overlay-color":"","overlay-opacity":"","overlay-gradient":""},"mobile":{"background-color":"","background-image":"","background-repeat":"repeat","background-position":"center center","background-size":"auto","background-attachment":"scroll","background-type":"","background-media":"","overlay-type":"","overlay-color":"","overlay-opacity":"","overlay-gradient":""}},"ast-content-background-meta":{"desktop":{"background-color":"var(--ast-global-color-5)","background-image":"","background-repeat":"repeat","background-position":"center center","background-size":"auto","background-attachment":"scroll","background-type":"","background-media":"","overlay-type":"","overlay-color":"","overlay-opacity":"","overlay-gradient":""},"tablet":{"background-color":"var(--ast-global-color-5)","background-image":"","background-repeat":"repeat","background-position":"center center","background-size":"auto","background-attachment":"scroll","background-type":"","background-media":"","overlay-type":"","overlay-color":"","overlay-opacity":"","overlay-gradient":""},"mobile":{"background-color":"var(--ast-global-color-5)","background-image":"","background-repeat":"repeat","background-position":"center center","background-size":"auto","background-attachment":"scroll","background-type":"","background-media":"","overlay-type":"","overlay-color":"","overlay-opacity":"","overlay-gradient":""}},"_joinchat":[]},"product_brand":[],"product_cat":[1474],"product_tag":[],"class_list":{"0":"post-30415","1":"product","2":"type-product","3":"status-publish","4":"has-post-thumbnail","6":"product_cat-humitos-pt-br","7":"desktop-align-center","8":"tablet-align-left","9":"mobile-align-left","11":"first","12":"instock","13":"shipping-taxable","14":"purchasable","15":"product-type-simple"},"yoast_head":"<!-- This site is optimized with the Yoast SEO Premium plugin v22.6 (Yoast SEO v27.6) - https:\/\/yoast.com\/product\/yoast-seo-premium-wordpress\/ -->\n<title>Comprimidos de carv\u00e3o vegetal: efici\u00eancia e pureza para seus rituais<\/title>\n<meta name=\"description\" content=\"Descubra a efici\u00eancia e a confiabilidade de nossas pastilhas de carv\u00e3o vegetal, projetadas para uma combust\u00e3o prolongada e sem produtos qu\u00edmicos. Perfeito para queimar incensos, resinas e ervas em seus rituais espirituais e de aromaterapia. Desfrute de uma experi\u00eancia de queima natural e segura com cada bast\u00e3o de carv\u00e3o, garantindo sess\u00f5es mais longas e um ambiente purificado.\" \/>\n<meta name=\"robots\" content=\"index, follow, max-snippet:-1, max-image-preview:large, max-video-preview:-1\" \/>\n<link rel=\"canonical\" href=\"https:\/\/ancestrina.com\/pt-br\/producto\/pastillas-carbon-rituales\/\" \/>\n<meta property=\"og:locale\" content=\"pt_BR\" \/>\n<meta property=\"og:type\" content=\"article\" \/>\n<meta property=\"og:title\" content=\"Carv\u00e3o\" \/>\n<meta property=\"og:description\" content=\"Descubra a efici\u00eancia e a confiabilidade de nossas pastilhas de carv\u00e3o vegetal, projetadas para uma combust\u00e3o prolongada e sem produtos qu\u00edmicos. Perfeito para queimar incensos, resinas e ervas em seus rituais espirituais e de aromaterapia. Desfrute de uma experi\u00eancia de queima natural e segura com cada bast\u00e3o de carv\u00e3o, garantindo sess\u00f5es mais longas e um ambiente purificado.\" \/>\n<meta property=\"og:url\" content=\"https:\/\/ancestrina.com\/pt-br\/producto\/pastillas-carbon-rituales\/\" \/>\n<meta property=\"og:site_name\" content=\"Ancestrina\" \/>\n<meta property=\"article:publisher\" content=\"https:\/\/www.facebook.com\/Ancestrina\/\" \/>\n<meta property=\"article:modified_time\" content=\"2026-05-13T00:36:01+00:00\" \/>\n<meta property=\"og:image\" content=\"https:\/\/ancestrina.com\/wp-content\/uploads\/carbon.jpg\" \/>\n\t<meta property=\"og:image:width\" content=\"2048\" \/>\n\t<meta property=\"og:image:height\" content=\"2048\" \/>\n\t<meta property=\"og:image:type\" content=\"image\/jpeg\" \/>\n<meta name=\"twitter:card\" content=\"summary_large_image\" \/>\n<meta name=\"twitter:label1\" content=\"Est. tempo de leitura\" \/>\n\t<meta name=\"twitter:data1\" content=\"1 minuto\" \/>\n<script type=\"application\/ld+json\" class=\"yoast-schema-graph\">{\"@context\":\"https:\\\/\\\/schema.org\",\"@graph\":[{\"@type\":\"WebPage\",\"@id\":\"https:\\\/\\\/ancestrina.com\\\/pt-br\\\/producto\\\/pastillas-carbon-rituales\\\/\",\"url\":\"https:\\\/\\\/ancestrina.com\\\/pt-br\\\/producto\\\/pastillas-carbon-rituales\\\/\",\"name\":\"Comprimidos de carv\u00e3o vegetal: efici\u00eancia e pureza para seus rituais\",\"isPartOf\":{\"@id\":\"https:\\\/\\\/ancestrina.com\\\/pt-br\\\/#website\"},\"primaryImageOfPage\":{\"@id\":\"https:\\\/\\\/ancestrina.com\\\/pt-br\\\/producto\\\/pastillas-carbon-rituales\\\/#primaryimage\"},\"image\":{\"@id\":\"https:\\\/\\\/ancestrina.com\\\/pt-br\\\/producto\\\/pastillas-carbon-rituales\\\/#primaryimage\"},\"thumbnailUrl\":\"https:\\\/\\\/ancestrina.com\\\/wp-content\\\/uploads\\\/carbon.jpg\",\"datePublished\":\"2024-02-15T19:01:28+00:00\",\"dateModified\":\"2026-05-13T00:36:01+00:00\",\"description\":\"Descubra a efici\u00eancia e a confiabilidade de nossas pastilhas de carv\u00e3o vegetal, projetadas para uma combust\u00e3o prolongada e sem produtos qu\u00edmicos. Perfeito para queimar incensos, resinas e ervas em seus rituais espirituais e de aromaterapia. Desfrute de uma experi\u00eancia de queima natural e segura com cada bast\u00e3o de carv\u00e3o, garantindo sess\u00f5es mais longas e um ambiente purificado.\",\"breadcrumb\":{\"@id\":\"https:\\\/\\\/ancestrina.com\\\/pt-br\\\/producto\\\/pastillas-carbon-rituales\\\/#breadcrumb\"},\"inLanguage\":\"pt-BR\",\"potentialAction\":[{\"@type\":\"ReadAction\",\"target\":[\"https:\\\/\\\/ancestrina.com\\\/pt-br\\\/producto\\\/pastillas-carbon-rituales\\\/\"]}]},{\"@type\":\"ImageObject\",\"inLanguage\":\"pt-BR\",\"@id\":\"https:\\\/\\\/ancestrina.com\\\/pt-br\\\/producto\\\/pastillas-carbon-rituales\\\/#primaryimage\",\"url\":\"https:\\\/\\\/ancestrina.com\\\/wp-content\\\/uploads\\\/carbon.jpg\",\"contentUrl\":\"https:\\\/\\\/ancestrina.com\\\/wp-content\\\/uploads\\\/carbon.jpg\",\"width\":2048,\"height\":2048},{\"@type\":\"BreadcrumbList\",\"@id\":\"https:\\\/\\\/ancestrina.com\\\/pt-br\\\/producto\\\/pastillas-carbon-rituales\\\/#breadcrumb\",\"itemListElement\":[{\"@type\":\"ListItem\",\"position\":1,\"name\":\"Home\",\"item\":\"https:\\\/\\\/ancestrina.com\\\/pt-br\\\/casa\\\/\"},{\"@type\":\"ListItem\",\"position\":2,\"name\":\"tienda\",\"item\":\"https:\\\/\\\/ancestrina.com\\\/pt-br\\\/tienda\\\/\"},{\"@type\":\"ListItem\",\"position\":3,\"name\":\"Carv\u00e3o\"}]},{\"@type\":\"WebSite\",\"@id\":\"https:\\\/\\\/ancestrina.com\\\/pt-br\\\/#website\",\"url\":\"https:\\\/\\\/ancestrina.com\\\/pt-br\\\/\",\"name\":\"Ancestrina\",\"description\":\"Trabajamos experiencias con plantas maestras, terapias integradoras y cultos ancestrales\",\"publisher\":{\"@id\":\"https:\\\/\\\/ancestrina.com\\\/pt-br\\\/#organization\"},\"potentialAction\":[{\"@type\":\"SearchAction\",\"target\":{\"@type\":\"EntryPoint\",\"urlTemplate\":\"https:\\\/\\\/ancestrina.com\\\/pt-br\\\/?s={search_term_string}\"},\"query-input\":{\"@type\":\"PropertyValueSpecification\",\"valueRequired\":true,\"valueName\":\"search_term_string\"}}],\"inLanguage\":\"pt-BR\"},{\"@type\":\"Organization\",\"@id\":\"https:\\\/\\\/ancestrina.com\\\/pt-br\\\/#organization\",\"name\":\"Ancestrina\",\"url\":\"https:\\\/\\\/ancestrina.com\\\/pt-br\\\/\",\"logo\":{\"@type\":\"ImageObject\",\"inLanguage\":\"pt-BR\",\"@id\":\"https:\\\/\\\/ancestrina.com\\\/pt-br\\\/#\\\/schema\\\/logo\\\/image\\\/\",\"url\":\"https:\\\/\\\/ancestrina.com\\\/wp-content\\\/uploads\\\/2020\\\/06\\\/cropped-LOGO-ANCESTRINA-1.png\",\"contentUrl\":\"https:\\\/\\\/ancestrina.com\\\/wp-content\\\/uploads\\\/2020\\\/06\\\/cropped-LOGO-ANCESTRINA-1.png\",\"width\":630,\"height\":202,\"caption\":\"Ancestrina\"},\"image\":{\"@id\":\"https:\\\/\\\/ancestrina.com\\\/pt-br\\\/#\\\/schema\\\/logo\\\/image\\\/\"},\"sameAs\":[\"https:\\\/\\\/www.facebook.com\\\/Ancestrina\\\/\",\"https:\\\/\\\/www.instagram.com\\\/ancestrina\\\/\",\"https:\\\/\\\/www.youtube.com\\\/channel\\\/UCgtt6WFhEIVEI30PzxlOeIw\"]}]}<\/script>\n<!-- \/ Yoast SEO Premium plugin. -->","yoast_head_json":{"title":"Comprimidos de carv\u00e3o vegetal: efici\u00eancia e pureza para seus rituais","description":"Descubra a efici\u00eancia e a confiabilidade de nossas pastilhas de carv\u00e3o vegetal, projetadas para uma combust\u00e3o prolongada e sem produtos qu\u00edmicos. Perfeito para queimar incensos, resinas e ervas em seus rituais espirituais e de aromaterapia. Desfrute de uma experi\u00eancia de queima natural e segura com cada bast\u00e3o de carv\u00e3o, garantindo sess\u00f5es mais longas e um ambiente purificado.","robots":{"index":"index","follow":"follow","max-snippet":"max-snippet:-1","max-image-preview":"max-image-preview:large","max-video-preview":"max-video-preview:-1"},"canonical":"https:\/\/ancestrina.com\/pt-br\/producto\/pastillas-carbon-rituales\/","og_locale":"pt_BR","og_type":"article","og_title":"Carv\u00e3o","og_description":"Descubra a efici\u00eancia e a confiabilidade de nossas pastilhas de carv\u00e3o vegetal, projetadas para uma combust\u00e3o prolongada e sem produtos qu\u00edmicos. Perfeito para queimar incensos, resinas e ervas em seus rituais espirituais e de aromaterapia. Desfrute de uma experi\u00eancia de queima natural e segura com cada bast\u00e3o de carv\u00e3o, garantindo sess\u00f5es mais longas e um ambiente purificado.","og_url":"https:\/\/ancestrina.com\/pt-br\/producto\/pastillas-carbon-rituales\/","og_site_name":"Ancestrina","article_publisher":"https:\/\/www.facebook.com\/Ancestrina\/","article_modified_time":"2026-05-13T00:36:01+00:00","og_image":[{"width":2048,"height":2048,"url":"https:\/\/ancestrina.com\/wp-content\/uploads\/carbon.jpg","type":"image\/jpeg"}],"twitter_card":"summary_large_image","twitter_misc":{"Est. tempo de leitura":"1 minuto"},"schema":{"@context":"https:\/\/schema.org","@graph":[{"@type":"WebPage","@id":"https:\/\/ancestrina.com\/pt-br\/producto\/pastillas-carbon-rituales\/","url":"https:\/\/ancestrina.com\/pt-br\/producto\/pastillas-carbon-rituales\/","name":"Comprimidos de carv\u00e3o vegetal: efici\u00eancia e pureza para seus rituais","isPartOf":{"@id":"https:\/\/ancestrina.com\/pt-br\/#website"},"primaryImageOfPage":{"@id":"https:\/\/ancestrina.com\/pt-br\/producto\/pastillas-carbon-rituales\/#primaryimage"},"image":{"@id":"https:\/\/ancestrina.com\/pt-br\/producto\/pastillas-carbon-rituales\/#primaryimage"},"thumbnailUrl":"https:\/\/ancestrina.com\/wp-content\/uploads\/carbon.jpg","datePublished":"2024-02-15T19:01:28+00:00","dateModified":"2026-05-13T00:36:01+00:00","description":"Descubra a efici\u00eancia e a confiabilidade de nossas pastilhas de carv\u00e3o vegetal, projetadas para uma combust\u00e3o prolongada e sem produtos qu\u00edmicos. Perfeito para queimar incensos, resinas e ervas em seus rituais espirituais e de aromaterapia. Desfrute de uma experi\u00eancia de queima natural e segura com cada bast\u00e3o de carv\u00e3o, garantindo sess\u00f5es mais longas e um ambiente purificado.","breadcrumb":{"@id":"https:\/\/ancestrina.com\/pt-br\/producto\/pastillas-carbon-rituales\/#breadcrumb"},"inLanguage":"pt-BR","potentialAction":[{"@type":"ReadAction","target":["https:\/\/ancestrina.com\/pt-br\/producto\/pastillas-carbon-rituales\/"]}]},{"@type":"ImageObject","inLanguage":"pt-BR","@id":"https:\/\/ancestrina.com\/pt-br\/producto\/pastillas-carbon-rituales\/#primaryimage","url":"https:\/\/ancestrina.com\/wp-content\/uploads\/carbon.jpg","contentUrl":"https:\/\/ancestrina.com\/wp-content\/uploads\/carbon.jpg","width":2048,"height":2048},{"@type":"BreadcrumbList","@id":"https:\/\/ancestrina.com\/pt-br\/producto\/pastillas-carbon-rituales\/#breadcrumb","itemListElement":[{"@type":"ListItem","position":1,"name":"Home","item":"https:\/\/ancestrina.com\/pt-br\/casa\/"},{"@type":"ListItem","position":2,"name":"tienda","item":"https:\/\/ancestrina.com\/pt-br\/tienda\/"},{"@type":"ListItem","position":3,"name":"Carv\u00e3o"}]},{"@type":"WebSite","@id":"https:\/\/ancestrina.com\/pt-br\/#website","url":"https:\/\/ancestrina.com\/pt-br\/","name":"Ancestrina","description":"Trabajamos experiencias con plantas maestras, terapias integradoras y cultos ancestrales","publisher":{"@id":"https:\/\/ancestrina.com\/pt-br\/#organization"},"potentialAction":[{"@type":"SearchAction","target":{"@type":"EntryPoint","urlTemplate":"https:\/\/ancestrina.com\/pt-br\/?s={search_term_string}"},"query-input":{"@type":"PropertyValueSpecification","valueRequired":true,"valueName":"search_term_string"}}],"inLanguage":"pt-BR"},{"@type":"Organization","@id":"https:\/\/ancestrina.com\/pt-br\/#organization","name":"Ancestrina","url":"https:\/\/ancestrina.com\/pt-br\/","logo":{"@type":"ImageObject","inLanguage":"pt-BR","@id":"https:\/\/ancestrina.com\/pt-br\/#\/schema\/logo\/image\/","url":"https:\/\/ancestrina.com\/wp-content\/uploads\/2020\/06\/cropped-LOGO-ANCESTRINA-1.png","contentUrl":"https:\/\/ancestrina.com\/wp-content\/uploads\/2020\/06\/cropped-LOGO-ANCESTRINA-1.png","width":630,"height":202,"caption":"Ancestrina"},"image":{"@id":"https:\/\/ancestrina.com\/pt-br\/#\/schema\/logo\/image\/"},"sameAs":["https:\/\/www.facebook.com\/Ancestrina\/","https:\/\/www.instagram.com\/ancestrina\/","https:\/\/www.youtube.com\/channel\/UCgtt6WFhEIVEI30PzxlOeIw"]}]}},"_links":{"self":[{"href":"https:\/\/ancestrina.com\/pt-br\/wp-json\/wp\/v2\/product\/30415","targetHints":{"allow":["GET"]}}],"collection":[{"href":"https:\/\/ancestrina.com\/pt-br\/wp-json\/wp\/v2\/product"}],"about":[{"href":"https:\/\/ancestrina.com\/pt-br\/wp-json\/wp\/v2\/types\/product"}],"replies":[{"embeddable":true,"href":"https:\/\/ancestrina.com\/pt-br\/wp-json\/wp\/v2\/comments?post=30415"}],"version-history":[{"count":1,"href":"https:\/\/ancestrina.com\/pt-br\/wp-json\/wp\/v2\/product\/30415\/revisions"}],"predecessor-version":[{"id":37691,"href":"https:\/\/ancestrina.com\/pt-br\/wp-json\/wp\/v2\/product\/30415\/revisions\/37691"}],"wp:featuredmedia":[{"embeddable":true,"href":"https:\/\/ancestrina.com\/pt-br\/wp-json\/wp\/v2\/media\/34593"}],"wp:attachment":[{"href":"https:\/\/ancestrina.com\/pt-br\/wp-json\/wp\/v2\/media?parent=30415"}],"wp:term":[{"taxonomy":"product_brand","embeddable":true,"href":"https:\/\/ancestrina.com\/pt-br\/wp-json\/wp\/v2\/product_brand?post=30415"},{"taxonomy":"product_cat","embeddable":true,"href":"https:\/\/ancestrina.com\/pt-br\/wp-json\/wp\/v2\/product_cat?post=30415"},{"taxonomy":"product_tag","embeddable":true,"href":"https:\/\/ancestrina.com\/pt-br\/wp-json\/wp\/v2\/product_tag?post=30415"}],"curies":[{"name":"wp","href":"https:\/\/api.w.org\/{rel}","templated":true}]}}