{"id":29832,"date":"2023-06-13T14:42:13","date_gmt":"2023-06-13T19:42:13","guid":{"rendered":"https:\/\/ancestrina.com\/producto\/sananga\/"},"modified":"2026-05-14T16:08:26","modified_gmt":"2026-05-14T21:08:26","slug":"sananga","status":"publish","type":"product","link":"https:\/\/ancestrina.com\/pt-br\/producto\/sananga\/","title":{"rendered":"Sananga"},"content":{"rendered":"<p><strong>Sananga: Despertando sua vis\u00e3o interna e externa<\/strong><\/p>\n<p>Descubra o poder ancestral da Sananga, um medicamento sagrado nativo da Amaz\u00f4nia, usado por tribos ind\u00edgenas como os Kaxinaw\u00e1 e os Yawanaw\u00e1. Obtido do arbusto Tabernaemontana Undulata, esse elixir \u00e9 mais do que um col\u00edrio; \u00e9 a chave para a clareza mental, emocional e visual. Com alcal\u00f3ides potentes, como a iboga\u00edna, o Sananga oferece uma experi\u00eancia transformadora, eliminando bloqueios de energia e melhorando drasticamente a percep\u00e7\u00e3o visual.<\/p>\n<p><strong>Benef\u00edcios multidimensionais<\/strong><\/p>\n<ul>\n<li><strong>Clear Vision:<\/strong> trata eficazmente problemas oculares como catarata, miopia e astigmatismo.<\/li>\n<li><strong>Purifica\u00e7\u00e3o energ\u00e9tica:<\/strong> libera a mente de energias negativas, promovendo um estado de paz interior.<\/li>\n<li><strong>Conex\u00e3o espiritual:<\/strong> Usado em rituais para intensificar a percep\u00e7\u00e3o e a conex\u00e3o com o sagrado.<\/li>\n<\/ul>\n<p><strong>Uso e recomenda\u00e7\u00f5es<\/strong> A aplica\u00e7\u00e3o de uma gota em cada olho pode ser um desafio, mas faz parte do processo de cura. O ardor inicial \u00e9 seguido por uma sensa\u00e7\u00e3o inigual\u00e1vel de abertura e clareza. Recomendamos a aplica\u00e7\u00e3o em um local preparado e silencioso, e \u00e9 importante n\u00e3o usar lentes de contato durante a aplica\u00e7\u00e3o. Sugere-se que voc\u00ea comece com concentra\u00e7\u00f5es mais baixas e aumente gradualmente de acordo com a toler\u00e2ncia.<\/p>\n","protected":false},"excerpt":{"rendered":"<p>Descubra o poder ancestral do Sananga, um medicamento sagrado da Amaz\u00f4nia que desperta a sua vis\u00e3o interna e externa. Com benef\u00edcios como clareza visual, purifica\u00e7\u00e3o energ\u00e9tica e conex\u00e3o espiritual, ele oferece uma experi\u00eancia transformadora. Dispon\u00edvel em tr\u00eas intensidades para atender a todas as necessidades, o Sananga \u00e9 um convite para voc\u00ea mergulhar na pot\u00eancia dessa medicina milenar.  <\/p>\n","protected":false},"featured_media":35125,"comment_status":"open","ping_status":"closed","template":"","meta":{"order-bump-settings":[],"_wpfnl_thankyou_order_overview":"on","_wpfnl_thankyou_order_details":"on","_wpfnl_thankyou_billing_details":"on","_wpfnl_thankyou_shipping_details":"on","site-sidebar-layout":"default","site-content-layout":"default","ast-site-content-layout":"default","site-content-style":"default","site-sidebar-style":"default","ast-global-header-display":"","ast-banner-title-visibility":"","ast-main-header-display":"","ast-hfb-above-header-display":"","ast-hfb-below-header-display":"","ast-hfb-mobile-header-display":"","site-post-title":"","ast-breadcrumbs-content":"","ast-featured-img":"","footer-sml-layout":"","ast-disable-related-posts":"","theme-transparent-header-meta":"default","adv-header-id-meta":"","stick-header-meta":"","header-above-stick-meta":"","header-main-stick-meta":"","header-below-stick-meta":"","astra-migrate-meta-layouts":"default","ast-page-background-enabled":"default","ast-page-background-meta":{"desktop":{"background-color":"","background-image":"","background-repeat":"repeat","background-position":"center center","background-size":"auto","background-attachment":"scroll","background-type":"","background-media":"","overlay-type":"","overlay-color":"","overlay-opacity":"","overlay-gradient":""},"tablet":{"background-color":"","background-image":"","background-repeat":"repeat","background-position":"center center","background-size":"auto","background-attachment":"scroll","background-type":"","background-media":"","overlay-type":"","overlay-color":"","overlay-opacity":"","overlay-gradient":""},"mobile":{"background-color":"","background-image":"","background-repeat":"repeat","background-position":"center center","background-size":"auto","background-attachment":"scroll","background-type":"","background-media":"","overlay-type":"","overlay-color":"","overlay-opacity":"","overlay-gradient":""}},"ast-content-background-meta":{"desktop":{"background-color":"var(--ast-global-color-5)","background-image":"","background-repeat":"repeat","background-position":"center center","background-size":"auto","background-attachment":"scroll","background-type":"","background-media":"","overlay-type":"","overlay-color":"","overlay-opacity":"","overlay-gradient":""},"tablet":{"background-color":"var(--ast-global-color-5)","background-image":"","background-repeat":"repeat","background-position":"center center","background-size":"auto","background-attachment":"scroll","background-type":"","background-media":"","overlay-type":"","overlay-color":"","overlay-opacity":"","overlay-gradient":""},"mobile":{"background-color":"var(--ast-global-color-5)","background-image":"","background-repeat":"repeat","background-position":"center center","background-size":"auto","background-attachment":"scroll","background-type":"","background-media":"","overlay-type":"","overlay-color":"","overlay-opacity":"","overlay-gradient":""}},"_joinchat":[]},"product_brand":[],"product_cat":[1476],"product_tag":[],"class_list":{"0":"post-29832","1":"product","2":"type-product","3":"status-publish","4":"has-post-thumbnail","6":"product_cat-otras-medicinas-pt-br","7":"desktop-align-center","8":"tablet-align-left","9":"mobile-align-left","11":"first","12":"instock","13":"shipping-taxable","14":"purchasable","15":"product-type-variable"},"yoast_head":"<!-- This site is optimized with the Yoast SEO Premium plugin v22.6 (Yoast SEO v27.6) - https:\/\/yoast.com\/product\/yoast-seo-premium-wordpress\/ -->\n<title>Sananga Ancestrina<\/title>\n<meta name=\"description\" content=\"Descubra o poder ancestral do Sananga, um medicamento sagrado da Amaz\u00f4nia que desperta a sua vis\u00e3o interna e externa. Com benef\u00edcios como clareza visual, purifica\u00e7\u00e3o energ\u00e9tica e conex\u00e3o espiritual, ele oferece uma experi\u00eancia transformadora. Dispon\u00edvel em tr\u00eas intensidades para atender a todas as necessidades, o Sananga \u00e9 um convite para voc\u00ea mergulhar na pot\u00eancia dessa medicina milenar.\" \/>\n<meta name=\"robots\" content=\"index, follow, max-snippet:-1, max-image-preview:large, max-video-preview:-1\" \/>\n<link rel=\"canonical\" href=\"https:\/\/ancestrina.com\/pt-br\/producto\/sananga\/\" \/>\n<meta property=\"og:locale\" content=\"pt_BR\" \/>\n<meta property=\"og:type\" content=\"article\" \/>\n<meta property=\"og:title\" content=\"Sananga\" \/>\n<meta property=\"og:description\" content=\"Descubra o poder ancestral do Sananga, um medicamento sagrado da Amaz\u00f4nia que desperta a sua vis\u00e3o interna e externa. Com benef\u00edcios como clareza visual, purifica\u00e7\u00e3o energ\u00e9tica e conex\u00e3o espiritual, ele oferece uma experi\u00eancia transformadora. Dispon\u00edvel em tr\u00eas intensidades para atender a todas as necessidades, o Sananga \u00e9 um convite para voc\u00ea mergulhar na pot\u00eancia dessa medicina milenar.\" \/>\n<meta property=\"og:url\" content=\"https:\/\/ancestrina.com\/pt-br\/producto\/sananga\/\" \/>\n<meta property=\"og:site_name\" content=\"Ancestrina\" \/>\n<meta property=\"article:publisher\" content=\"https:\/\/www.facebook.com\/Ancestrina\/\" \/>\n<meta property=\"article:modified_time\" content=\"2026-05-14T21:08:26+00:00\" \/>\n<meta property=\"og:image\" content=\"https:\/\/ancestrina.com\/wp-content\/uploads\/sananga-1.jpg\" \/>\n\t<meta property=\"og:image:width\" content=\"2048\" \/>\n\t<meta property=\"og:image:height\" content=\"2048\" \/>\n\t<meta property=\"og:image:type\" content=\"image\/jpeg\" \/>\n<meta name=\"twitter:card\" content=\"summary_large_image\" \/>\n<meta name=\"twitter:label1\" content=\"Est. tempo de leitura\" \/>\n\t<meta name=\"twitter:data1\" content=\"1 minuto\" \/>\n<script type=\"application\/ld+json\" class=\"yoast-schema-graph\">{\"@context\":\"https:\\\/\\\/schema.org\",\"@graph\":[{\"@type\":\"WebPage\",\"@id\":\"https:\\\/\\\/ancestrina.com\\\/pt-br\\\/producto\\\/sananga\\\/\",\"url\":\"https:\\\/\\\/ancestrina.com\\\/pt-br\\\/producto\\\/sananga\\\/\",\"name\":\"Sananga Ancestrina\",\"isPartOf\":{\"@id\":\"https:\\\/\\\/ancestrina.com\\\/pt-br\\\/#website\"},\"primaryImageOfPage\":{\"@id\":\"https:\\\/\\\/ancestrina.com\\\/pt-br\\\/producto\\\/sananga\\\/#primaryimage\"},\"image\":{\"@id\":\"https:\\\/\\\/ancestrina.com\\\/pt-br\\\/producto\\\/sananga\\\/#primaryimage\"},\"thumbnailUrl\":\"https:\\\/\\\/ancestrina.com\\\/wp-content\\\/uploads\\\/sananga-1.jpg\",\"datePublished\":\"2023-06-13T19:42:13+00:00\",\"dateModified\":\"2026-05-14T21:08:26+00:00\",\"description\":\"Descubra o poder ancestral do Sananga, um medicamento sagrado da Amaz\u00f4nia que desperta a sua vis\u00e3o interna e externa. Com benef\u00edcios como clareza visual, purifica\u00e7\u00e3o energ\u00e9tica e conex\u00e3o espiritual, ele oferece uma experi\u00eancia transformadora. Dispon\u00edvel em tr\u00eas intensidades para atender a todas as necessidades, o Sananga \u00e9 um convite para voc\u00ea mergulhar na pot\u00eancia dessa medicina milenar.\",\"breadcrumb\":{\"@id\":\"https:\\\/\\\/ancestrina.com\\\/pt-br\\\/producto\\\/sananga\\\/#breadcrumb\"},\"inLanguage\":\"pt-BR\",\"potentialAction\":[{\"@type\":\"ReadAction\",\"target\":[\"https:\\\/\\\/ancestrina.com\\\/pt-br\\\/producto\\\/sananga\\\/\"]}]},{\"@type\":\"ImageObject\",\"inLanguage\":\"pt-BR\",\"@id\":\"https:\\\/\\\/ancestrina.com\\\/pt-br\\\/producto\\\/sananga\\\/#primaryimage\",\"url\":\"https:\\\/\\\/ancestrina.com\\\/wp-content\\\/uploads\\\/sananga-1.jpg\",\"contentUrl\":\"https:\\\/\\\/ancestrina.com\\\/wp-content\\\/uploads\\\/sananga-1.jpg\",\"width\":2048,\"height\":2048},{\"@type\":\"BreadcrumbList\",\"@id\":\"https:\\\/\\\/ancestrina.com\\\/pt-br\\\/producto\\\/sananga\\\/#breadcrumb\",\"itemListElement\":[{\"@type\":\"ListItem\",\"position\":1,\"name\":\"Home\",\"item\":\"https:\\\/\\\/ancestrina.com\\\/pt-br\\\/casa\\\/\"},{\"@type\":\"ListItem\",\"position\":2,\"name\":\"tienda\",\"item\":\"https:\\\/\\\/ancestrina.com\\\/pt-br\\\/tienda\\\/\"},{\"@type\":\"ListItem\",\"position\":3,\"name\":\"Sananga\"}]},{\"@type\":\"WebSite\",\"@id\":\"https:\\\/\\\/ancestrina.com\\\/pt-br\\\/#website\",\"url\":\"https:\\\/\\\/ancestrina.com\\\/pt-br\\\/\",\"name\":\"Ancestrina\",\"description\":\"Trabajamos experiencias con plantas maestras, terapias integradoras y cultos ancestrales\",\"publisher\":{\"@id\":\"https:\\\/\\\/ancestrina.com\\\/pt-br\\\/#organization\"},\"potentialAction\":[{\"@type\":\"SearchAction\",\"target\":{\"@type\":\"EntryPoint\",\"urlTemplate\":\"https:\\\/\\\/ancestrina.com\\\/pt-br\\\/?s={search_term_string}\"},\"query-input\":{\"@type\":\"PropertyValueSpecification\",\"valueRequired\":true,\"valueName\":\"search_term_string\"}}],\"inLanguage\":\"pt-BR\"},{\"@type\":\"Organization\",\"@id\":\"https:\\\/\\\/ancestrina.com\\\/pt-br\\\/#organization\",\"name\":\"Ancestrina\",\"url\":\"https:\\\/\\\/ancestrina.com\\\/pt-br\\\/\",\"logo\":{\"@type\":\"ImageObject\",\"inLanguage\":\"pt-BR\",\"@id\":\"https:\\\/\\\/ancestrina.com\\\/pt-br\\\/#\\\/schema\\\/logo\\\/image\\\/\",\"url\":\"https:\\\/\\\/ancestrina.com\\\/wp-content\\\/uploads\\\/2020\\\/06\\\/cropped-LOGO-ANCESTRINA-1.png\",\"contentUrl\":\"https:\\\/\\\/ancestrina.com\\\/wp-content\\\/uploads\\\/2020\\\/06\\\/cropped-LOGO-ANCESTRINA-1.png\",\"width\":630,\"height\":202,\"caption\":\"Ancestrina\"},\"image\":{\"@id\":\"https:\\\/\\\/ancestrina.com\\\/pt-br\\\/#\\\/schema\\\/logo\\\/image\\\/\"},\"sameAs\":[\"https:\\\/\\\/www.facebook.com\\\/Ancestrina\\\/\",\"https:\\\/\\\/www.instagram.com\\\/ancestrina\\\/\",\"https:\\\/\\\/www.youtube.com\\\/channel\\\/UCgtt6WFhEIVEI30PzxlOeIw\"]}]}<\/script>\n<!-- \/ Yoast SEO Premium plugin. -->","yoast_head_json":{"title":"Sananga Ancestrina","description":"Descubra o poder ancestral do Sananga, um medicamento sagrado da Amaz\u00f4nia que desperta a sua vis\u00e3o interna e externa. Com benef\u00edcios como clareza visual, purifica\u00e7\u00e3o energ\u00e9tica e conex\u00e3o espiritual, ele oferece uma experi\u00eancia transformadora. Dispon\u00edvel em tr\u00eas intensidades para atender a todas as necessidades, o Sananga \u00e9 um convite para voc\u00ea mergulhar na pot\u00eancia dessa medicina milenar.","robots":{"index":"index","follow":"follow","max-snippet":"max-snippet:-1","max-image-preview":"max-image-preview:large","max-video-preview":"max-video-preview:-1"},"canonical":"https:\/\/ancestrina.com\/pt-br\/producto\/sananga\/","og_locale":"pt_BR","og_type":"article","og_title":"Sananga","og_description":"Descubra o poder ancestral do Sananga, um medicamento sagrado da Amaz\u00f4nia que desperta a sua vis\u00e3o interna e externa. Com benef\u00edcios como clareza visual, purifica\u00e7\u00e3o energ\u00e9tica e conex\u00e3o espiritual, ele oferece uma experi\u00eancia transformadora. Dispon\u00edvel em tr\u00eas intensidades para atender a todas as necessidades, o Sananga \u00e9 um convite para voc\u00ea mergulhar na pot\u00eancia dessa medicina milenar.","og_url":"https:\/\/ancestrina.com\/pt-br\/producto\/sananga\/","og_site_name":"Ancestrina","article_publisher":"https:\/\/www.facebook.com\/Ancestrina\/","article_modified_time":"2026-05-14T21:08:26+00:00","og_image":[{"width":2048,"height":2048,"url":"https:\/\/ancestrina.com\/wp-content\/uploads\/sananga-1.jpg","type":"image\/jpeg"}],"twitter_card":"summary_large_image","twitter_misc":{"Est. tempo de leitura":"1 minuto"},"schema":{"@context":"https:\/\/schema.org","@graph":[{"@type":"WebPage","@id":"https:\/\/ancestrina.com\/pt-br\/producto\/sananga\/","url":"https:\/\/ancestrina.com\/pt-br\/producto\/sananga\/","name":"Sananga Ancestrina","isPartOf":{"@id":"https:\/\/ancestrina.com\/pt-br\/#website"},"primaryImageOfPage":{"@id":"https:\/\/ancestrina.com\/pt-br\/producto\/sananga\/#primaryimage"},"image":{"@id":"https:\/\/ancestrina.com\/pt-br\/producto\/sananga\/#primaryimage"},"thumbnailUrl":"https:\/\/ancestrina.com\/wp-content\/uploads\/sananga-1.jpg","datePublished":"2023-06-13T19:42:13+00:00","dateModified":"2026-05-14T21:08:26+00:00","description":"Descubra o poder ancestral do Sananga, um medicamento sagrado da Amaz\u00f4nia que desperta a sua vis\u00e3o interna e externa. Com benef\u00edcios como clareza visual, purifica\u00e7\u00e3o energ\u00e9tica e conex\u00e3o espiritual, ele oferece uma experi\u00eancia transformadora. Dispon\u00edvel em tr\u00eas intensidades para atender a todas as necessidades, o Sananga \u00e9 um convite para voc\u00ea mergulhar na pot\u00eancia dessa medicina milenar.","breadcrumb":{"@id":"https:\/\/ancestrina.com\/pt-br\/producto\/sananga\/#breadcrumb"},"inLanguage":"pt-BR","potentialAction":[{"@type":"ReadAction","target":["https:\/\/ancestrina.com\/pt-br\/producto\/sananga\/"]}]},{"@type":"ImageObject","inLanguage":"pt-BR","@id":"https:\/\/ancestrina.com\/pt-br\/producto\/sananga\/#primaryimage","url":"https:\/\/ancestrina.com\/wp-content\/uploads\/sananga-1.jpg","contentUrl":"https:\/\/ancestrina.com\/wp-content\/uploads\/sananga-1.jpg","width":2048,"height":2048},{"@type":"BreadcrumbList","@id":"https:\/\/ancestrina.com\/pt-br\/producto\/sananga\/#breadcrumb","itemListElement":[{"@type":"ListItem","position":1,"name":"Home","item":"https:\/\/ancestrina.com\/pt-br\/casa\/"},{"@type":"ListItem","position":2,"name":"tienda","item":"https:\/\/ancestrina.com\/pt-br\/tienda\/"},{"@type":"ListItem","position":3,"name":"Sananga"}]},{"@type":"WebSite","@id":"https:\/\/ancestrina.com\/pt-br\/#website","url":"https:\/\/ancestrina.com\/pt-br\/","name":"Ancestrina","description":"Trabajamos experiencias con plantas maestras, terapias integradoras y cultos ancestrales","publisher":{"@id":"https:\/\/ancestrina.com\/pt-br\/#organization"},"potentialAction":[{"@type":"SearchAction","target":{"@type":"EntryPoint","urlTemplate":"https:\/\/ancestrina.com\/pt-br\/?s={search_term_string}"},"query-input":{"@type":"PropertyValueSpecification","valueRequired":true,"valueName":"search_term_string"}}],"inLanguage":"pt-BR"},{"@type":"Organization","@id":"https:\/\/ancestrina.com\/pt-br\/#organization","name":"Ancestrina","url":"https:\/\/ancestrina.com\/pt-br\/","logo":{"@type":"ImageObject","inLanguage":"pt-BR","@id":"https:\/\/ancestrina.com\/pt-br\/#\/schema\/logo\/image\/","url":"https:\/\/ancestrina.com\/wp-content\/uploads\/2020\/06\/cropped-LOGO-ANCESTRINA-1.png","contentUrl":"https:\/\/ancestrina.com\/wp-content\/uploads\/2020\/06\/cropped-LOGO-ANCESTRINA-1.png","width":630,"height":202,"caption":"Ancestrina"},"image":{"@id":"https:\/\/ancestrina.com\/pt-br\/#\/schema\/logo\/image\/"},"sameAs":["https:\/\/www.facebook.com\/Ancestrina\/","https:\/\/www.instagram.com\/ancestrina\/","https:\/\/www.youtube.com\/channel\/UCgtt6WFhEIVEI30PzxlOeIw"]}]}},"_links":{"self":[{"href":"https:\/\/ancestrina.com\/pt-br\/wp-json\/wp\/v2\/product\/29832","targetHints":{"allow":["GET"]}}],"collection":[{"href":"https:\/\/ancestrina.com\/pt-br\/wp-json\/wp\/v2\/product"}],"about":[{"href":"https:\/\/ancestrina.com\/pt-br\/wp-json\/wp\/v2\/types\/product"}],"replies":[{"embeddable":true,"href":"https:\/\/ancestrina.com\/pt-br\/wp-json\/wp\/v2\/comments?post=29832"}],"version-history":[{"count":1,"href":"https:\/\/ancestrina.com\/pt-br\/wp-json\/wp\/v2\/product\/29832\/revisions"}],"predecessor-version":[{"id":37716,"href":"https:\/\/ancestrina.com\/pt-br\/wp-json\/wp\/v2\/product\/29832\/revisions\/37716"}],"wp:featuredmedia":[{"embeddable":true,"href":"https:\/\/ancestrina.com\/pt-br\/wp-json\/wp\/v2\/media\/35125"}],"wp:attachment":[{"href":"https:\/\/ancestrina.com\/pt-br\/wp-json\/wp\/v2\/media?parent=29832"}],"wp:term":[{"taxonomy":"product_brand","embeddable":true,"href":"https:\/\/ancestrina.com\/pt-br\/wp-json\/wp\/v2\/product_brand?post=29832"},{"taxonomy":"product_cat","embeddable":true,"href":"https:\/\/ancestrina.com\/pt-br\/wp-json\/wp\/v2\/product_cat?post=29832"},{"taxonomy":"product_tag","embeddable":true,"href":"https:\/\/ancestrina.com\/pt-br\/wp-json\/wp\/v2\/product_tag?post=29832"}],"curies":[{"name":"wp","href":"https:\/\/api.w.org\/{rel}","templated":true}]}}