{"id":18354,"date":"2020-06-27T19:40:37","date_gmt":"2020-06-27T19:40:37","guid":{"rendered":"http:\/\/ancestrina.com\/producto\/rape-samsara\/"},"modified":"2026-05-12T18:14:45","modified_gmt":"2026-05-12T23:14:45","slug":"monkfish-samsara","status":"publish","type":"product","link":"https:\/\/ancestrina.com\/pt-br\/producto\/monkfish-samsara\/","title":{"rendered":"Samsara"},"content":{"rendered":"<p>O Samsara Rap\u00e9 \u00e9 uma poderosa ferramenta espiritual projetada para facilitar a conex\u00e3o e a canaliza\u00e7\u00e3o por meio da ativa\u00e7\u00e3o intensa do sexto chakra (Anja ou terceiro olho) e do s\u00e9timo chakra (coroa). Esse rap\u00e9 foi formulado especificamente para abrir as portas dos mundos sutis, permitindo uma comunica\u00e7\u00e3o clara com seres superiores e a canaliza\u00e7\u00e3o de mensagens e sabedoria al\u00e9m da percep\u00e7\u00e3o comum.<\/p>\n<p><strong>Principais caracter\u00edsticas do Samsara Rap\u00e9:<\/strong><\/p>\n<ul>\n<li><strong>Estimula\u00e7\u00e3o do Terceiro Olho e do Chacra Coron\u00e1rio:<\/strong> aumenta a intui\u00e7\u00e3o e a percep\u00e7\u00e3o espiritual, oferecendo acesso a dimens\u00f5es mais elevadas de consci\u00eancia.<\/li>\n<li><strong>Canaliza\u00e7\u00e3o espiritual:<\/strong> Facilita a comunica\u00e7\u00e3o com guias espirituais e seres de luz, permitindo que voc\u00ea receba orienta\u00e7\u00e3o e conhecimento essenciais para o crescimento pessoal.<\/li>\n<li><strong>Celestial Gate Opening (Abertura do Portal Celestial):<\/strong> ativa a capacidade de receber e transmitir energia celestial, conectando os usu\u00e1rios ao cosmos.<\/li>\n<\/ul>\n<p><strong>Benef\u00edcios do rap\u00e9 Samsara:<\/strong><\/p>\n<ol>\n<li><strong>Desenvolvimento de habilidades ps\u00edquicas:<\/strong> aumenta as habilidades de percep\u00e7\u00e3o extrassensorial, como clarivid\u00eancia e telepatia.<\/li>\n<li><strong>Expans\u00e3o da consci\u00eancia espiritual:<\/strong> aprofunda a compreens\u00e3o da conex\u00e3o entre o indiv\u00edduo e o universo, promovendo um senso de unidade com tudo o que existe.<\/li>\n<li><strong>Suporte a pr\u00e1ticas meditativas e espirituais:<\/strong> ideal para quem pratica medita\u00e7\u00e3o profunda, busca espiritual e outras pr\u00e1ticas que exigem uma alta conex\u00e3o espiritual.<\/li>\n<\/ol>\n<p><strong>Ideal para:<\/strong><\/p>\n<ul>\n<li>Praticantes espirituais que buscam aprofundar seu caminho de ilumina\u00e7\u00e3o e conex\u00e3o com o universo.<\/li>\n<li>Indiv\u00edduos interessados em explorar e desenvolver suas habilidades para canalizar e se comunicar com dimens\u00f5es superiores.<\/li>\n<li>Aqueles que desejam integrar profundamente a espiritualidade em suas vidas di\u00e1rias, usando ferramentas que facilitam uma conex\u00e3o direta com a fonte de toda a sabedoria.<\/li>\n<\/ul>\n<p>O Samsara Rap\u00e9 n\u00e3o \u00e9 apenas um meio de alcan\u00e7ar estados alterados de consci\u00eancia; ele \u00e9 um facilitador de encontros espirituais profundos, permitindo que os usu\u00e1rios explorem o vasto cosmo interno e externo.<\/p>\n<p>&nbsp;<\/p>\n<div id=\"gtx-trans\" style=\"position: absolute; left: 346px; top: 54.8889px;\">\n<div class=\"gtx-trans-icon\"><\/div>\n<\/div>\n","protected":false},"excerpt":{"rendered":"<p>O rap\u00e9 Samsara \u00e9 uma poderosa ferramenta espiritual que facilita a conex\u00e3o com o mundo sutil, ajudando a manifestar e fortalecer nossos dons. Projetado para ampliar a intui\u00e7\u00e3o e abrir os canais de comunica\u00e7\u00e3o espiritual, esse rap\u00e9 ativa o sexto e o s\u00e9timo chakras, promovendo uma conex\u00e3o profunda com guias espirituais e facilitando o acesso a dimens\u00f5es superiores. <\/p>\n","protected":false},"featured_media":35070,"comment_status":"closed","ping_status":"closed","template":"","meta":{"order-bump-settings":[],"_wpfnl_thankyou_order_overview":"on","_wpfnl_thankyou_order_details":"on","_wpfnl_thankyou_billing_details":"on","_wpfnl_thankyou_shipping_details":"on","site-sidebar-layout":"default","site-content-layout":"default","ast-site-content-layout":"default","site-content-style":"default","site-sidebar-style":"default","ast-global-header-display":"","ast-banner-title-visibility":"","ast-main-header-display":"","ast-hfb-above-header-display":"","ast-hfb-below-header-display":"","ast-hfb-mobile-header-display":"","site-post-title":"","ast-breadcrumbs-content":"","ast-featured-img":"","footer-sml-layout":"","ast-disable-related-posts":"","theme-transparent-header-meta":"default","adv-header-id-meta":"","stick-header-meta":"","header-above-stick-meta":"","header-main-stick-meta":"","header-below-stick-meta":"","astra-migrate-meta-layouts":"default","ast-page-background-enabled":"default","ast-page-background-meta":{"desktop":{"background-color":"","background-image":"","background-repeat":"repeat","background-position":"center center","background-size":"auto","background-attachment":"scroll","background-type":"","background-media":"","overlay-type":"","overlay-color":"","overlay-opacity":"","overlay-gradient":""},"tablet":{"background-color":"","background-image":"","background-repeat":"repeat","background-position":"center center","background-size":"auto","background-attachment":"scroll","background-type":"","background-media":"","overlay-type":"","overlay-color":"","overlay-opacity":"","overlay-gradient":""},"mobile":{"background-color":"","background-image":"","background-repeat":"repeat","background-position":"center center","background-size":"auto","background-attachment":"scroll","background-type":"","background-media":"","overlay-type":"","overlay-color":"","overlay-opacity":"","overlay-gradient":""}},"ast-content-background-meta":{"desktop":{"background-color":"var(--ast-global-color-5)","background-image":"","background-repeat":"repeat","background-position":"center center","background-size":"auto","background-attachment":"scroll","background-type":"","background-media":"","overlay-type":"","overlay-color":"","overlay-opacity":"","overlay-gradient":""},"tablet":{"background-color":"var(--ast-global-color-5)","background-image":"","background-repeat":"repeat","background-position":"center center","background-size":"auto","background-attachment":"scroll","background-type":"","background-media":"","overlay-type":"","overlay-color":"","overlay-opacity":"","overlay-gradient":""},"mobile":{"background-color":"var(--ast-global-color-5)","background-image":"","background-repeat":"repeat","background-position":"center center","background-size":"auto","background-attachment":"scroll","background-type":"","background-media":"","overlay-type":"","overlay-color":"","overlay-opacity":"","overlay-gradient":""}},"_joinchat":[]},"product_brand":[],"product_cat":[805],"product_tag":[],"class_list":{"0":"post-18354","1":"product","2":"type-product","3":"status-publish","4":"has-post-thumbnail","6":"product_cat-rape-pt-br","7":"desktop-align-center","8":"tablet-align-left","9":"mobile-align-left","11":"first","12":"instock","13":"shipping-taxable","14":"purchasable","15":"product-type-variable"},"yoast_head":"<!-- This site is optimized with the Yoast SEO Premium plugin v22.6 (Yoast SEO v27.6) - https:\/\/yoast.com\/product\/yoast-seo-premium-wordpress\/ -->\n<title>Rap\u00e9 Samsara: conex\u00e3o espiritual e canaliza\u00e7\u00e3o<\/title>\n<meta name=\"description\" content=\"Descubra o rap\u00e9 Samsara, uma poderosa ferramenta espiritual projetada para facilitar a conex\u00e3o e a canaliza\u00e7\u00e3o, ativando intensamente o sexto e o s\u00e9timo chakra. Esse rap\u00e9 estimula a intui\u00e7\u00e3o e a percep\u00e7\u00e3o espiritual,\" \/>\n<meta name=\"robots\" content=\"index, follow, max-snippet:-1, max-image-preview:large, max-video-preview:-1\" \/>\n<link rel=\"canonical\" href=\"https:\/\/ancestrina.com\/pt-br\/producto\/monkfish-samsara\/\" \/>\n<meta property=\"og:locale\" content=\"pt_BR\" \/>\n<meta property=\"og:type\" content=\"article\" \/>\n<meta property=\"og:title\" content=\"Samsara\" \/>\n<meta property=\"og:description\" content=\"Descubra o rap\u00e9 Samsara, uma poderosa ferramenta espiritual projetada para facilitar a conex\u00e3o e a canaliza\u00e7\u00e3o, ativando intensamente o sexto e o s\u00e9timo chakra. Esse rap\u00e9 estimula a intui\u00e7\u00e3o e a percep\u00e7\u00e3o espiritual,\" \/>\n<meta property=\"og:url\" content=\"https:\/\/ancestrina.com\/pt-br\/producto\/monkfish-samsara\/\" \/>\n<meta property=\"og:site_name\" content=\"Ancestrina\" \/>\n<meta property=\"article:publisher\" content=\"https:\/\/www.facebook.com\/Ancestrina\/\" \/>\n<meta property=\"article:modified_time\" content=\"2026-05-12T23:14:45+00:00\" \/>\n<meta property=\"og:image\" content=\"https:\/\/ancestrina.com\/wp-content\/uploads\/samsara.jpg\" \/>\n\t<meta property=\"og:image:width\" content=\"2048\" \/>\n\t<meta property=\"og:image:height\" content=\"2048\" \/>\n\t<meta property=\"og:image:type\" content=\"image\/jpeg\" \/>\n<meta name=\"twitter:card\" content=\"summary_large_image\" \/>\n<meta name=\"twitter:label1\" content=\"Est. tempo de leitura\" \/>\n\t<meta name=\"twitter:data1\" content=\"2 minutos\" \/>\n<script type=\"application\/ld+json\" class=\"yoast-schema-graph\">{\"@context\":\"https:\\\/\\\/schema.org\",\"@graph\":[{\"@type\":\"WebPage\",\"@id\":\"https:\\\/\\\/ancestrina.com\\\/pt-br\\\/producto\\\/monkfish-samsara\\\/\",\"url\":\"https:\\\/\\\/ancestrina.com\\\/pt-br\\\/producto\\\/monkfish-samsara\\\/\",\"name\":\"Rap\u00e9 Samsara: conex\u00e3o espiritual e canaliza\u00e7\u00e3o\",\"isPartOf\":{\"@id\":\"https:\\\/\\\/ancestrina.com\\\/pt-br\\\/#website\"},\"primaryImageOfPage\":{\"@id\":\"https:\\\/\\\/ancestrina.com\\\/pt-br\\\/producto\\\/monkfish-samsara\\\/#primaryimage\"},\"image\":{\"@id\":\"https:\\\/\\\/ancestrina.com\\\/pt-br\\\/producto\\\/monkfish-samsara\\\/#primaryimage\"},\"thumbnailUrl\":\"https:\\\/\\\/ancestrina.com\\\/wp-content\\\/uploads\\\/samsara.jpg\",\"datePublished\":\"2020-06-27T19:40:37+00:00\",\"dateModified\":\"2026-05-12T23:14:45+00:00\",\"description\":\"Descubra o rap\u00e9 Samsara, uma poderosa ferramenta espiritual projetada para facilitar a conex\u00e3o e a canaliza\u00e7\u00e3o, ativando intensamente o sexto e o s\u00e9timo chakra. Esse rap\u00e9 estimula a intui\u00e7\u00e3o e a percep\u00e7\u00e3o espiritual,\",\"breadcrumb\":{\"@id\":\"https:\\\/\\\/ancestrina.com\\\/pt-br\\\/producto\\\/monkfish-samsara\\\/#breadcrumb\"},\"inLanguage\":\"pt-BR\",\"potentialAction\":[{\"@type\":\"ReadAction\",\"target\":[\"https:\\\/\\\/ancestrina.com\\\/pt-br\\\/producto\\\/monkfish-samsara\\\/\"]}]},{\"@type\":\"ImageObject\",\"inLanguage\":\"pt-BR\",\"@id\":\"https:\\\/\\\/ancestrina.com\\\/pt-br\\\/producto\\\/monkfish-samsara\\\/#primaryimage\",\"url\":\"https:\\\/\\\/ancestrina.com\\\/wp-content\\\/uploads\\\/samsara.jpg\",\"contentUrl\":\"https:\\\/\\\/ancestrina.com\\\/wp-content\\\/uploads\\\/samsara.jpg\",\"width\":2048,\"height\":2048},{\"@type\":\"BreadcrumbList\",\"@id\":\"https:\\\/\\\/ancestrina.com\\\/pt-br\\\/producto\\\/monkfish-samsara\\\/#breadcrumb\",\"itemListElement\":[{\"@type\":\"ListItem\",\"position\":1,\"name\":\"Home\",\"item\":\"https:\\\/\\\/ancestrina.com\\\/pt-br\\\/casa\\\/\"},{\"@type\":\"ListItem\",\"position\":2,\"name\":\"tienda\",\"item\":\"https:\\\/\\\/ancestrina.com\\\/pt-br\\\/tienda\\\/\"},{\"@type\":\"ListItem\",\"position\":3,\"name\":\"Samsara\"}]},{\"@type\":\"WebSite\",\"@id\":\"https:\\\/\\\/ancestrina.com\\\/pt-br\\\/#website\",\"url\":\"https:\\\/\\\/ancestrina.com\\\/pt-br\\\/\",\"name\":\"Ancestrina\",\"description\":\"Trabajamos experiencias con plantas maestras, terapias integradoras y cultos ancestrales\",\"publisher\":{\"@id\":\"https:\\\/\\\/ancestrina.com\\\/pt-br\\\/#organization\"},\"potentialAction\":[{\"@type\":\"SearchAction\",\"target\":{\"@type\":\"EntryPoint\",\"urlTemplate\":\"https:\\\/\\\/ancestrina.com\\\/pt-br\\\/?s={search_term_string}\"},\"query-input\":{\"@type\":\"PropertyValueSpecification\",\"valueRequired\":true,\"valueName\":\"search_term_string\"}}],\"inLanguage\":\"pt-BR\"},{\"@type\":\"Organization\",\"@id\":\"https:\\\/\\\/ancestrina.com\\\/pt-br\\\/#organization\",\"name\":\"Ancestrina\",\"url\":\"https:\\\/\\\/ancestrina.com\\\/pt-br\\\/\",\"logo\":{\"@type\":\"ImageObject\",\"inLanguage\":\"pt-BR\",\"@id\":\"https:\\\/\\\/ancestrina.com\\\/pt-br\\\/#\\\/schema\\\/logo\\\/image\\\/\",\"url\":\"https:\\\/\\\/ancestrina.com\\\/wp-content\\\/uploads\\\/2020\\\/06\\\/cropped-LOGO-ANCESTRINA-1.png\",\"contentUrl\":\"https:\\\/\\\/ancestrina.com\\\/wp-content\\\/uploads\\\/2020\\\/06\\\/cropped-LOGO-ANCESTRINA-1.png\",\"width\":630,\"height\":202,\"caption\":\"Ancestrina\"},\"image\":{\"@id\":\"https:\\\/\\\/ancestrina.com\\\/pt-br\\\/#\\\/schema\\\/logo\\\/image\\\/\"},\"sameAs\":[\"https:\\\/\\\/www.facebook.com\\\/Ancestrina\\\/\",\"https:\\\/\\\/www.instagram.com\\\/ancestrina\\\/\",\"https:\\\/\\\/www.youtube.com\\\/channel\\\/UCgtt6WFhEIVEI30PzxlOeIw\"]}]}<\/script>\n<!-- \/ Yoast SEO Premium plugin. -->","yoast_head_json":{"title":"Rap\u00e9 Samsara: conex\u00e3o espiritual e canaliza\u00e7\u00e3o","description":"Descubra o rap\u00e9 Samsara, uma poderosa ferramenta espiritual projetada para facilitar a conex\u00e3o e a canaliza\u00e7\u00e3o, ativando intensamente o sexto e o s\u00e9timo chakra. Esse rap\u00e9 estimula a intui\u00e7\u00e3o e a percep\u00e7\u00e3o espiritual,","robots":{"index":"index","follow":"follow","max-snippet":"max-snippet:-1","max-image-preview":"max-image-preview:large","max-video-preview":"max-video-preview:-1"},"canonical":"https:\/\/ancestrina.com\/pt-br\/producto\/monkfish-samsara\/","og_locale":"pt_BR","og_type":"article","og_title":"Samsara","og_description":"Descubra o rap\u00e9 Samsara, uma poderosa ferramenta espiritual projetada para facilitar a conex\u00e3o e a canaliza\u00e7\u00e3o, ativando intensamente o sexto e o s\u00e9timo chakra. Esse rap\u00e9 estimula a intui\u00e7\u00e3o e a percep\u00e7\u00e3o espiritual,","og_url":"https:\/\/ancestrina.com\/pt-br\/producto\/monkfish-samsara\/","og_site_name":"Ancestrina","article_publisher":"https:\/\/www.facebook.com\/Ancestrina\/","article_modified_time":"2026-05-12T23:14:45+00:00","og_image":[{"width":2048,"height":2048,"url":"https:\/\/ancestrina.com\/wp-content\/uploads\/samsara.jpg","type":"image\/jpeg"}],"twitter_card":"summary_large_image","twitter_misc":{"Est. tempo de leitura":"2 minutos"},"schema":{"@context":"https:\/\/schema.org","@graph":[{"@type":"WebPage","@id":"https:\/\/ancestrina.com\/pt-br\/producto\/monkfish-samsara\/","url":"https:\/\/ancestrina.com\/pt-br\/producto\/monkfish-samsara\/","name":"Rap\u00e9 Samsara: conex\u00e3o espiritual e canaliza\u00e7\u00e3o","isPartOf":{"@id":"https:\/\/ancestrina.com\/pt-br\/#website"},"primaryImageOfPage":{"@id":"https:\/\/ancestrina.com\/pt-br\/producto\/monkfish-samsara\/#primaryimage"},"image":{"@id":"https:\/\/ancestrina.com\/pt-br\/producto\/monkfish-samsara\/#primaryimage"},"thumbnailUrl":"https:\/\/ancestrina.com\/wp-content\/uploads\/samsara.jpg","datePublished":"2020-06-27T19:40:37+00:00","dateModified":"2026-05-12T23:14:45+00:00","description":"Descubra o rap\u00e9 Samsara, uma poderosa ferramenta espiritual projetada para facilitar a conex\u00e3o e a canaliza\u00e7\u00e3o, ativando intensamente o sexto e o s\u00e9timo chakra. Esse rap\u00e9 estimula a intui\u00e7\u00e3o e a percep\u00e7\u00e3o espiritual,","breadcrumb":{"@id":"https:\/\/ancestrina.com\/pt-br\/producto\/monkfish-samsara\/#breadcrumb"},"inLanguage":"pt-BR","potentialAction":[{"@type":"ReadAction","target":["https:\/\/ancestrina.com\/pt-br\/producto\/monkfish-samsara\/"]}]},{"@type":"ImageObject","inLanguage":"pt-BR","@id":"https:\/\/ancestrina.com\/pt-br\/producto\/monkfish-samsara\/#primaryimage","url":"https:\/\/ancestrina.com\/wp-content\/uploads\/samsara.jpg","contentUrl":"https:\/\/ancestrina.com\/wp-content\/uploads\/samsara.jpg","width":2048,"height":2048},{"@type":"BreadcrumbList","@id":"https:\/\/ancestrina.com\/pt-br\/producto\/monkfish-samsara\/#breadcrumb","itemListElement":[{"@type":"ListItem","position":1,"name":"Home","item":"https:\/\/ancestrina.com\/pt-br\/casa\/"},{"@type":"ListItem","position":2,"name":"tienda","item":"https:\/\/ancestrina.com\/pt-br\/tienda\/"},{"@type":"ListItem","position":3,"name":"Samsara"}]},{"@type":"WebSite","@id":"https:\/\/ancestrina.com\/pt-br\/#website","url":"https:\/\/ancestrina.com\/pt-br\/","name":"Ancestrina","description":"Trabajamos experiencias con plantas maestras, terapias integradoras y cultos ancestrales","publisher":{"@id":"https:\/\/ancestrina.com\/pt-br\/#organization"},"potentialAction":[{"@type":"SearchAction","target":{"@type":"EntryPoint","urlTemplate":"https:\/\/ancestrina.com\/pt-br\/?s={search_term_string}"},"query-input":{"@type":"PropertyValueSpecification","valueRequired":true,"valueName":"search_term_string"}}],"inLanguage":"pt-BR"},{"@type":"Organization","@id":"https:\/\/ancestrina.com\/pt-br\/#organization","name":"Ancestrina","url":"https:\/\/ancestrina.com\/pt-br\/","logo":{"@type":"ImageObject","inLanguage":"pt-BR","@id":"https:\/\/ancestrina.com\/pt-br\/#\/schema\/logo\/image\/","url":"https:\/\/ancestrina.com\/wp-content\/uploads\/2020\/06\/cropped-LOGO-ANCESTRINA-1.png","contentUrl":"https:\/\/ancestrina.com\/wp-content\/uploads\/2020\/06\/cropped-LOGO-ANCESTRINA-1.png","width":630,"height":202,"caption":"Ancestrina"},"image":{"@id":"https:\/\/ancestrina.com\/pt-br\/#\/schema\/logo\/image\/"},"sameAs":["https:\/\/www.facebook.com\/Ancestrina\/","https:\/\/www.instagram.com\/ancestrina\/","https:\/\/www.youtube.com\/channel\/UCgtt6WFhEIVEI30PzxlOeIw"]}]}},"_links":{"self":[{"href":"https:\/\/ancestrina.com\/pt-br\/wp-json\/wp\/v2\/product\/18354","targetHints":{"allow":["GET"]}}],"collection":[{"href":"https:\/\/ancestrina.com\/pt-br\/wp-json\/wp\/v2\/product"}],"about":[{"href":"https:\/\/ancestrina.com\/pt-br\/wp-json\/wp\/v2\/types\/product"}],"replies":[{"embeddable":true,"href":"https:\/\/ancestrina.com\/pt-br\/wp-json\/wp\/v2\/comments?post=18354"}],"version-history":[{"count":2,"href":"https:\/\/ancestrina.com\/pt-br\/wp-json\/wp\/v2\/product\/18354\/revisions"}],"predecessor-version":[{"id":37930,"href":"https:\/\/ancestrina.com\/pt-br\/wp-json\/wp\/v2\/product\/18354\/revisions\/37930"}],"wp:featuredmedia":[{"embeddable":true,"href":"https:\/\/ancestrina.com\/pt-br\/wp-json\/wp\/v2\/media\/35070"}],"wp:attachment":[{"href":"https:\/\/ancestrina.com\/pt-br\/wp-json\/wp\/v2\/media?parent=18354"}],"wp:term":[{"taxonomy":"product_brand","embeddable":true,"href":"https:\/\/ancestrina.com\/pt-br\/wp-json\/wp\/v2\/product_brand?post=18354"},{"taxonomy":"product_cat","embeddable":true,"href":"https:\/\/ancestrina.com\/pt-br\/wp-json\/wp\/v2\/product_cat?post=18354"},{"taxonomy":"product_tag","embeddable":true,"href":"https:\/\/ancestrina.com\/pt-br\/wp-json\/wp\/v2\/product_tag?post=18354"}],"curies":[{"name":"wp","href":"https:\/\/api.w.org\/{rel}","templated":true}]}}