{"id":18341,"date":"2020-06-27T20:12:05","date_gmt":"2020-06-27T20:12:05","guid":{"rendered":"http:\/\/ancestrina.com\/producto\/rape-artemisa\/"},"modified":"2026-05-15T17:23:47","modified_gmt":"2026-05-15T22:23:47","slug":"rape-artemisia","status":"publish","type":"product","link":"https:\/\/ancestrina.com\/pt-br\/producto\/rape-artemisia\/","title":{"rendered":"Artemis"},"content":{"rendered":"<p>O rap\u00e9 Artemis \u00e9 altamente valorizado por sua capacidade de aprimorar a intui\u00e7\u00e3o e a percep\u00e7\u00e3o espiritual, especialmente voltada para o fortalecimento do sexto chakra ou terceiro olho. Esse rap\u00e9 recebeu o nome da deusa grega Artemis, conhecida por sua prote\u00e7\u00e3o e sua liga\u00e7\u00e3o com o esot\u00e9rico, usando a planta artem\u00edsia, que \u00e9 reverenciada nas tradi\u00e7\u00f5es m\u00e1gicas por seu poder protetor e sua capacidade de abrir portas para o desconhecido.<\/p>\n<p><strong>Principais caracter\u00edsticas do Artemis Rap\u00e9:<\/strong><\/p>\n<ul>\n<li><strong>Aprimorador da intui\u00e7\u00e3o:<\/strong> Projetado para ativar e energizar o terceiro olho, o Artemisia Rap\u00e9 facilita uma conex\u00e3o mais clara e profunda com a sabedoria interior, permitindo uma percep\u00e7\u00e3o mais elevada de sinais e mensagens que muitas vezes passam despercebidos.<\/li>\n<li><strong>Clarivid\u00eancia e percep\u00e7\u00e3o espiritual:<\/strong> incentiva as habilidades de percep\u00e7\u00e3o al\u00e9m do f\u00edsico, como a clarivid\u00eancia e a capacidade de receber intui\u00e7\u00f5es precisas sobre eventos futuros ou situa\u00e7\u00f5es ocultas.<\/li>\n<\/ul>\n<p><strong>Benef\u00edcios do rap\u00e9 de artem\u00edsia:<\/strong><\/p>\n<ol>\n<li><strong>Decis\u00f5es intuitivas:<\/strong> Fortalece a confian\u00e7a em seu pr\u00f3prio instinto, permitindo decis\u00f5es mais alinhadas com as necessidades pessoais e espirituais.<\/li>\n<li><strong>Desenvolvimento de habilidades ps\u00edquicas:<\/strong> promove o despertar e o aprimoramento de habilidades ps\u00edquicas, inclusive telepatia e precogni\u00e7\u00e3o.<\/li>\n<li><strong>Aprofundamento do autoconhecimento:<\/strong> ao se conectar mais profundamente com o eu interior, os usu\u00e1rios podem explorar aspectos de sua personalidade e espiritualidade que podem ter sido ocultados ou suprimidos anteriormente.<\/li>\n<\/ol>\n<p><strong>Ideal para:<\/strong><\/p>\n<ul>\n<li>Pessoas interessadas em aprofundar sua pr\u00e1tica de medita\u00e7\u00e3o e desenvolvimento espiritual por meio da explora\u00e7\u00e3o de sonhos e intui\u00e7\u00e3o.<\/li>\n<li>Aqueles que buscam uma orienta\u00e7\u00e3o interior mais clara para enfrentar os desafios da vida.<\/li>\n<li>Praticantes esot\u00e9ricos que desejam se proteger enquanto se abrem para novas dimens\u00f5es de conhecimento e experi\u00eancia.<\/li>\n<\/ul>\n<p>O Artemis Snuff n\u00e3o apenas abre as portas para um mundo de percep\u00e7\u00e3o expandida, mas tamb\u00e9m oferece prote\u00e7\u00e3o nessas jornadas, garantindo que as explora\u00e7\u00f5es dos reinos espirituais sejam seguras e enriquecedoras.<\/p>\n","protected":false},"excerpt":{"rendered":"<p>A Artemisia Rap\u00e9 \u00e9 uma poderosa aliada para aqueles que buscam expandir sua intui\u00e7\u00e3o e se proteger espiritualmente. Projetado para ativar o terceiro olho, esse rap\u00e9 aumenta significativamente a percep\u00e7\u00e3o al\u00e9m dos sentidos f\u00edsicos e facilita uma conex\u00e3o mais profunda com a sabedoria interior.<\/p>\n<p>Ideal para praticantes de medita\u00e7\u00e3o ou para quem est\u00e1 em um caminho de autoconhecimento, a Artemisia Rap\u00e9 ajuda a fortalecer a confian\u00e7a nas intui\u00e7\u00f5es, proporcionando clareza nas decis\u00f5es e percep\u00e7\u00f5es.<\/p>\n","protected":false},"featured_media":34482,"comment_status":"closed","ping_status":"closed","template":"","meta":{"order-bump-settings":[],"_wpfnl_thankyou_order_overview":"on","_wpfnl_thankyou_order_details":"on","_wpfnl_thankyou_billing_details":"on","_wpfnl_thankyou_shipping_details":"on","site-sidebar-layout":"default","site-content-layout":"default","ast-site-content-layout":"default","site-content-style":"default","site-sidebar-style":"default","ast-global-header-display":"","ast-banner-title-visibility":"","ast-main-header-display":"","ast-hfb-above-header-display":"","ast-hfb-below-header-display":"","ast-hfb-mobile-header-display":"","site-post-title":"","ast-breadcrumbs-content":"","ast-featured-img":"","footer-sml-layout":"","ast-disable-related-posts":"","theme-transparent-header-meta":"default","adv-header-id-meta":"","stick-header-meta":"","header-above-stick-meta":"","header-main-stick-meta":"","header-below-stick-meta":"","astra-migrate-meta-layouts":"default","ast-page-background-enabled":"default","ast-page-background-meta":{"desktop":{"background-color":"","background-image":"","background-repeat":"repeat","background-position":"center center","background-size":"auto","background-attachment":"scroll","background-type":"","background-media":"","overlay-type":"","overlay-color":"","overlay-opacity":"","overlay-gradient":""},"tablet":{"background-color":"","background-image":"","background-repeat":"repeat","background-position":"center center","background-size":"auto","background-attachment":"scroll","background-type":"","background-media":"","overlay-type":"","overlay-color":"","overlay-opacity":"","overlay-gradient":""},"mobile":{"background-color":"","background-image":"","background-repeat":"repeat","background-position":"center center","background-size":"auto","background-attachment":"scroll","background-type":"","background-media":"","overlay-type":"","overlay-color":"","overlay-opacity":"","overlay-gradient":""}},"ast-content-background-meta":{"desktop":{"background-color":"var(--ast-global-color-5)","background-image":"","background-repeat":"repeat","background-position":"center center","background-size":"auto","background-attachment":"scroll","background-type":"","background-media":"","overlay-type":"","overlay-color":"","overlay-opacity":"","overlay-gradient":""},"tablet":{"background-color":"var(--ast-global-color-5)","background-image":"","background-repeat":"repeat","background-position":"center center","background-size":"auto","background-attachment":"scroll","background-type":"","background-media":"","overlay-type":"","overlay-color":"","overlay-opacity":"","overlay-gradient":""},"mobile":{"background-color":"var(--ast-global-color-5)","background-image":"","background-repeat":"repeat","background-position":"center center","background-size":"auto","background-attachment":"scroll","background-type":"","background-media":"","overlay-type":"","overlay-color":"","overlay-opacity":"","overlay-gradient":""}},"_joinchat":[]},"product_brand":[],"product_cat":[805],"product_tag":[],"class_list":{"0":"post-18341","1":"product","2":"type-product","3":"status-publish","4":"has-post-thumbnail","6":"product_cat-rape-pt-br","7":"desktop-align-center","8":"tablet-align-left","9":"mobile-align-left","11":"first","12":"instock","13":"shipping-taxable","14":"purchasable","15":"product-type-variable"},"yoast_head":"<!-- This site is optimized with the Yoast SEO Premium plugin v22.6 (Yoast SEO v27.6) - https:\/\/yoast.com\/product\/yoast-seo-premium-wordpress\/ -->\n<title>Rap\u00e9 Artemis: Expandindo a Intui\u00e7\u00e3o e a Percep\u00e7\u00e3o Espiritual<\/title>\n<meta name=\"description\" content=\"O Artemis Snuff \u00e9 uma poderosa ferramenta espiritual projetada para aprimorar a intui\u00e7\u00e3o e a percep\u00e7\u00e3o espiritual, especialmente voltada para o fortalecimento do sexto chakra ou terceiro olho.\" \/>\n<meta name=\"robots\" content=\"index, follow, max-snippet:-1, max-image-preview:large, max-video-preview:-1\" \/>\n<link rel=\"canonical\" href=\"https:\/\/ancestrina.com\/pt-br\/producto\/rape-artemisia\/\" \/>\n<meta property=\"og:locale\" content=\"pt_BR\" \/>\n<meta property=\"og:type\" content=\"article\" \/>\n<meta property=\"og:title\" content=\"Artemis\" \/>\n<meta property=\"og:description\" content=\"O Artemis Snuff \u00e9 uma poderosa ferramenta espiritual projetada para aprimorar a intui\u00e7\u00e3o e a percep\u00e7\u00e3o espiritual, especialmente voltada para o fortalecimento do sexto chakra ou terceiro olho.\" \/>\n<meta property=\"og:url\" content=\"https:\/\/ancestrina.com\/pt-br\/producto\/rape-artemisia\/\" \/>\n<meta property=\"og:site_name\" content=\"Ancestrina\" \/>\n<meta property=\"article:publisher\" content=\"https:\/\/www.facebook.com\/Ancestrina\/\" \/>\n<meta property=\"article:modified_time\" content=\"2026-05-15T22:23:47+00:00\" \/>\n<meta property=\"og:image\" content=\"https:\/\/ancestrina.com\/wp-content\/uploads\/Artemisa.jpg\" \/>\n\t<meta property=\"og:image:width\" content=\"2048\" \/>\n\t<meta property=\"og:image:height\" content=\"2048\" \/>\n\t<meta property=\"og:image:type\" content=\"image\/jpeg\" \/>\n<meta name=\"twitter:card\" content=\"summary_large_image\" \/>\n<meta name=\"twitter:label1\" content=\"Est. tempo de leitura\" \/>\n\t<meta name=\"twitter:data1\" content=\"2 minutos\" \/>\n<script type=\"application\/ld+json\" class=\"yoast-schema-graph\">{\"@context\":\"https:\\\/\\\/schema.org\",\"@graph\":[{\"@type\":\"WebPage\",\"@id\":\"https:\\\/\\\/ancestrina.com\\\/pt-br\\\/producto\\\/rape-artemisia\\\/\",\"url\":\"https:\\\/\\\/ancestrina.com\\\/pt-br\\\/producto\\\/rape-artemisia\\\/\",\"name\":\"Rap\u00e9 Artemis: Expandindo a Intui\u00e7\u00e3o e a Percep\u00e7\u00e3o Espiritual\",\"isPartOf\":{\"@id\":\"https:\\\/\\\/ancestrina.com\\\/pt-br\\\/#website\"},\"primaryImageOfPage\":{\"@id\":\"https:\\\/\\\/ancestrina.com\\\/pt-br\\\/producto\\\/rape-artemisia\\\/#primaryimage\"},\"image\":{\"@id\":\"https:\\\/\\\/ancestrina.com\\\/pt-br\\\/producto\\\/rape-artemisia\\\/#primaryimage\"},\"thumbnailUrl\":\"https:\\\/\\\/ancestrina.com\\\/wp-content\\\/uploads\\\/Artemisa.jpg\",\"datePublished\":\"2020-06-27T20:12:05+00:00\",\"dateModified\":\"2026-05-15T22:23:47+00:00\",\"description\":\"O Artemis Snuff \u00e9 uma poderosa ferramenta espiritual projetada para aprimorar a intui\u00e7\u00e3o e a percep\u00e7\u00e3o espiritual, especialmente voltada para o fortalecimento do sexto chakra ou terceiro olho.\",\"breadcrumb\":{\"@id\":\"https:\\\/\\\/ancestrina.com\\\/pt-br\\\/producto\\\/rape-artemisia\\\/#breadcrumb\"},\"inLanguage\":\"pt-BR\",\"potentialAction\":[{\"@type\":\"ReadAction\",\"target\":[\"https:\\\/\\\/ancestrina.com\\\/pt-br\\\/producto\\\/rape-artemisia\\\/\"]}]},{\"@type\":\"ImageObject\",\"inLanguage\":\"pt-BR\",\"@id\":\"https:\\\/\\\/ancestrina.com\\\/pt-br\\\/producto\\\/rape-artemisia\\\/#primaryimage\",\"url\":\"https:\\\/\\\/ancestrina.com\\\/wp-content\\\/uploads\\\/Artemisa.jpg\",\"contentUrl\":\"https:\\\/\\\/ancestrina.com\\\/wp-content\\\/uploads\\\/Artemisa.jpg\",\"width\":2048,\"height\":2048},{\"@type\":\"BreadcrumbList\",\"@id\":\"https:\\\/\\\/ancestrina.com\\\/pt-br\\\/producto\\\/rape-artemisia\\\/#breadcrumb\",\"itemListElement\":[{\"@type\":\"ListItem\",\"position\":1,\"name\":\"Home\",\"item\":\"https:\\\/\\\/ancestrina.com\\\/pt-br\\\/casa\\\/\"},{\"@type\":\"ListItem\",\"position\":2,\"name\":\"tienda\",\"item\":\"https:\\\/\\\/ancestrina.com\\\/pt-br\\\/tienda\\\/\"},{\"@type\":\"ListItem\",\"position\":3,\"name\":\"Artemis\"}]},{\"@type\":\"WebSite\",\"@id\":\"https:\\\/\\\/ancestrina.com\\\/pt-br\\\/#website\",\"url\":\"https:\\\/\\\/ancestrina.com\\\/pt-br\\\/\",\"name\":\"Ancestrina\",\"description\":\"Trabajamos experiencias con plantas maestras, terapias integradoras y cultos ancestrales\",\"publisher\":{\"@id\":\"https:\\\/\\\/ancestrina.com\\\/pt-br\\\/#organization\"},\"potentialAction\":[{\"@type\":\"SearchAction\",\"target\":{\"@type\":\"EntryPoint\",\"urlTemplate\":\"https:\\\/\\\/ancestrina.com\\\/pt-br\\\/?s={search_term_string}\"},\"query-input\":{\"@type\":\"PropertyValueSpecification\",\"valueRequired\":true,\"valueName\":\"search_term_string\"}}],\"inLanguage\":\"pt-BR\"},{\"@type\":\"Organization\",\"@id\":\"https:\\\/\\\/ancestrina.com\\\/pt-br\\\/#organization\",\"name\":\"Ancestrina\",\"url\":\"https:\\\/\\\/ancestrina.com\\\/pt-br\\\/\",\"logo\":{\"@type\":\"ImageObject\",\"inLanguage\":\"pt-BR\",\"@id\":\"https:\\\/\\\/ancestrina.com\\\/pt-br\\\/#\\\/schema\\\/logo\\\/image\\\/\",\"url\":\"https:\\\/\\\/ancestrina.com\\\/wp-content\\\/uploads\\\/2020\\\/06\\\/cropped-LOGO-ANCESTRINA-1.png\",\"contentUrl\":\"https:\\\/\\\/ancestrina.com\\\/wp-content\\\/uploads\\\/2020\\\/06\\\/cropped-LOGO-ANCESTRINA-1.png\",\"width\":630,\"height\":202,\"caption\":\"Ancestrina\"},\"image\":{\"@id\":\"https:\\\/\\\/ancestrina.com\\\/pt-br\\\/#\\\/schema\\\/logo\\\/image\\\/\"},\"sameAs\":[\"https:\\\/\\\/www.facebook.com\\\/Ancestrina\\\/\",\"https:\\\/\\\/www.instagram.com\\\/ancestrina\\\/\",\"https:\\\/\\\/www.youtube.com\\\/channel\\\/UCgtt6WFhEIVEI30PzxlOeIw\"]}]}<\/script>\n<!-- \/ Yoast SEO Premium plugin. -->","yoast_head_json":{"title":"Rap\u00e9 Artemis: Expandindo a Intui\u00e7\u00e3o e a Percep\u00e7\u00e3o Espiritual","description":"O Artemis Snuff \u00e9 uma poderosa ferramenta espiritual projetada para aprimorar a intui\u00e7\u00e3o e a percep\u00e7\u00e3o espiritual, especialmente voltada para o fortalecimento do sexto chakra ou terceiro olho.","robots":{"index":"index","follow":"follow","max-snippet":"max-snippet:-1","max-image-preview":"max-image-preview:large","max-video-preview":"max-video-preview:-1"},"canonical":"https:\/\/ancestrina.com\/pt-br\/producto\/rape-artemisia\/","og_locale":"pt_BR","og_type":"article","og_title":"Artemis","og_description":"O Artemis Snuff \u00e9 uma poderosa ferramenta espiritual projetada para aprimorar a intui\u00e7\u00e3o e a percep\u00e7\u00e3o espiritual, especialmente voltada para o fortalecimento do sexto chakra ou terceiro olho.","og_url":"https:\/\/ancestrina.com\/pt-br\/producto\/rape-artemisia\/","og_site_name":"Ancestrina","article_publisher":"https:\/\/www.facebook.com\/Ancestrina\/","article_modified_time":"2026-05-15T22:23:47+00:00","og_image":[{"width":2048,"height":2048,"url":"https:\/\/ancestrina.com\/wp-content\/uploads\/Artemisa.jpg","type":"image\/jpeg"}],"twitter_card":"summary_large_image","twitter_misc":{"Est. tempo de leitura":"2 minutos"},"schema":{"@context":"https:\/\/schema.org","@graph":[{"@type":"WebPage","@id":"https:\/\/ancestrina.com\/pt-br\/producto\/rape-artemisia\/","url":"https:\/\/ancestrina.com\/pt-br\/producto\/rape-artemisia\/","name":"Rap\u00e9 Artemis: Expandindo a Intui\u00e7\u00e3o e a Percep\u00e7\u00e3o Espiritual","isPartOf":{"@id":"https:\/\/ancestrina.com\/pt-br\/#website"},"primaryImageOfPage":{"@id":"https:\/\/ancestrina.com\/pt-br\/producto\/rape-artemisia\/#primaryimage"},"image":{"@id":"https:\/\/ancestrina.com\/pt-br\/producto\/rape-artemisia\/#primaryimage"},"thumbnailUrl":"https:\/\/ancestrina.com\/wp-content\/uploads\/Artemisa.jpg","datePublished":"2020-06-27T20:12:05+00:00","dateModified":"2026-05-15T22:23:47+00:00","description":"O Artemis Snuff \u00e9 uma poderosa ferramenta espiritual projetada para aprimorar a intui\u00e7\u00e3o e a percep\u00e7\u00e3o espiritual, especialmente voltada para o fortalecimento do sexto chakra ou terceiro olho.","breadcrumb":{"@id":"https:\/\/ancestrina.com\/pt-br\/producto\/rape-artemisia\/#breadcrumb"},"inLanguage":"pt-BR","potentialAction":[{"@type":"ReadAction","target":["https:\/\/ancestrina.com\/pt-br\/producto\/rape-artemisia\/"]}]},{"@type":"ImageObject","inLanguage":"pt-BR","@id":"https:\/\/ancestrina.com\/pt-br\/producto\/rape-artemisia\/#primaryimage","url":"https:\/\/ancestrina.com\/wp-content\/uploads\/Artemisa.jpg","contentUrl":"https:\/\/ancestrina.com\/wp-content\/uploads\/Artemisa.jpg","width":2048,"height":2048},{"@type":"BreadcrumbList","@id":"https:\/\/ancestrina.com\/pt-br\/producto\/rape-artemisia\/#breadcrumb","itemListElement":[{"@type":"ListItem","position":1,"name":"Home","item":"https:\/\/ancestrina.com\/pt-br\/casa\/"},{"@type":"ListItem","position":2,"name":"tienda","item":"https:\/\/ancestrina.com\/pt-br\/tienda\/"},{"@type":"ListItem","position":3,"name":"Artemis"}]},{"@type":"WebSite","@id":"https:\/\/ancestrina.com\/pt-br\/#website","url":"https:\/\/ancestrina.com\/pt-br\/","name":"Ancestrina","description":"Trabajamos experiencias con plantas maestras, terapias integradoras y cultos ancestrales","publisher":{"@id":"https:\/\/ancestrina.com\/pt-br\/#organization"},"potentialAction":[{"@type":"SearchAction","target":{"@type":"EntryPoint","urlTemplate":"https:\/\/ancestrina.com\/pt-br\/?s={search_term_string}"},"query-input":{"@type":"PropertyValueSpecification","valueRequired":true,"valueName":"search_term_string"}}],"inLanguage":"pt-BR"},{"@type":"Organization","@id":"https:\/\/ancestrina.com\/pt-br\/#organization","name":"Ancestrina","url":"https:\/\/ancestrina.com\/pt-br\/","logo":{"@type":"ImageObject","inLanguage":"pt-BR","@id":"https:\/\/ancestrina.com\/pt-br\/#\/schema\/logo\/image\/","url":"https:\/\/ancestrina.com\/wp-content\/uploads\/2020\/06\/cropped-LOGO-ANCESTRINA-1.png","contentUrl":"https:\/\/ancestrina.com\/wp-content\/uploads\/2020\/06\/cropped-LOGO-ANCESTRINA-1.png","width":630,"height":202,"caption":"Ancestrina"},"image":{"@id":"https:\/\/ancestrina.com\/pt-br\/#\/schema\/logo\/image\/"},"sameAs":["https:\/\/www.facebook.com\/Ancestrina\/","https:\/\/www.instagram.com\/ancestrina\/","https:\/\/www.youtube.com\/channel\/UCgtt6WFhEIVEI30PzxlOeIw"]}]}},"_links":{"self":[{"href":"https:\/\/ancestrina.com\/pt-br\/wp-json\/wp\/v2\/product\/18341","targetHints":{"allow":["GET"]}}],"collection":[{"href":"https:\/\/ancestrina.com\/pt-br\/wp-json\/wp\/v2\/product"}],"about":[{"href":"https:\/\/ancestrina.com\/pt-br\/wp-json\/wp\/v2\/types\/product"}],"replies":[{"embeddable":true,"href":"https:\/\/ancestrina.com\/pt-br\/wp-json\/wp\/v2\/comments?post=18341"}],"version-history":[{"count":2,"href":"https:\/\/ancestrina.com\/pt-br\/wp-json\/wp\/v2\/product\/18341\/revisions"}],"predecessor-version":[{"id":37944,"href":"https:\/\/ancestrina.com\/pt-br\/wp-json\/wp\/v2\/product\/18341\/revisions\/37944"}],"wp:featuredmedia":[{"embeddable":true,"href":"https:\/\/ancestrina.com\/pt-br\/wp-json\/wp\/v2\/media\/34482"}],"wp:attachment":[{"href":"https:\/\/ancestrina.com\/pt-br\/wp-json\/wp\/v2\/media?parent=18341"}],"wp:term":[{"taxonomy":"product_brand","embeddable":true,"href":"https:\/\/ancestrina.com\/pt-br\/wp-json\/wp\/v2\/product_brand?post=18341"},{"taxonomy":"product_cat","embeddable":true,"href":"https:\/\/ancestrina.com\/pt-br\/wp-json\/wp\/v2\/product_cat?post=18341"},{"taxonomy":"product_tag","embeddable":true,"href":"https:\/\/ancestrina.com\/pt-br\/wp-json\/wp\/v2\/product_tag?post=18341"}],"curies":[{"name":"wp","href":"https:\/\/api.w.org\/{rel}","templated":true}]}}