{"id":18269,"date":"2020-06-28T17:05:46","date_gmt":"2020-06-28T17:05:46","guid":{"rendered":"http:\/\/ancestrina.com\/producto\/rape-huasca\/"},"modified":"2026-05-14T07:55:45","modified_gmt":"2026-05-14T12:55:45","slug":"peixe-monge-huasca","status":"publish","type":"product","link":"https:\/\/ancestrina.com\/pt-br\/producto\/peixe-monge-huasca\/","title":{"rendered":"Huasca"},"content":{"rendered":"<p>Descubra o Huasca Rap\u00e9, uma mistura sagrada composta de cinzas de Pau-pereira, p\u00f3 de ayahuasca e chacruna, projetada especificamente para aqueles que buscam curar e desbloquear o chakra do cora\u00e7\u00e3o. Esse poderoso rap\u00e9 \u00e9 ideal para liberar as emo\u00e7\u00f5es reprimidas que podem parecer um n\u00f3 no cora\u00e7\u00e3o, proporcionando um canal para expressar e liberar esses sentimentos presos.<\/p>\n<p><strong>Principais benef\u00edcios do Huasca Rap\u00e9:<\/strong><\/p>\n<ol>\n<li><strong>Cura emocional profunda:<\/strong> ajuda a liberar emo\u00e7\u00f5es reprimidas, facilitando o processo de cura do cora\u00e7\u00e3o.<\/li>\n<li><strong>Desbloqueio do chacra card\u00edaco:<\/strong> ativa e limpa o quarto chacra, aumentando sua capacidade de amar e se conectar com os outros.<\/li>\n<li><strong>Incentiva a express\u00e3o criativa:<\/strong> inspirar diversas formas de autoexpress\u00e3o, seja por meio da arte, da escrita, do canto ou da comunica\u00e7\u00e3o verbal.<\/li>\n<li><strong>Confronto com o inconsciente:<\/strong> Permite um encontro profundo com sua sombra interior, revelando e ajudando a integrar aspectos ocultos de seu ser.<\/li>\n<li><strong>Renascimento emocional:<\/strong> Experimente uma regenera\u00e7\u00e3o do cora\u00e7\u00e3o, como uma pequena morte e renascimento, deixando para tr\u00e1s as sombras que limitam seu crescimento emocional e espiritual.<\/li>\n<\/ol>\n<p><strong>Ideal para:<\/strong><\/p>\n<ul>\n<li>Pessoas que se sentem emocionalmente bloqueadas e est\u00e3o procurando uma ferramenta para ajudar em sua libera\u00e7\u00e3o.<\/li>\n<li>Aqueles que trabalham em seu desenvolvimento espiritual e buscam aprofundar sua conex\u00e3o com o chakra do cora\u00e7\u00e3o.<\/li>\n<li>Pessoas interessadas em terapias alternativas para lidar com traumas emocionais e cur\u00e1-los.<\/li>\n<li>Qualquer pessoa que deseje explorar novas formas de express\u00e3o criativa como parte de seu processo de cura.<\/li>\n<\/ul>\n<p>O Huasca Rap\u00e9 n\u00e3o \u00e9 apenas um aux\u00edlio para a medita\u00e7\u00e3o e a cura emocional, mas tamb\u00e9m um catalisador para a transforma\u00e7\u00e3o pessoal e o autoconhecimento. Incorpore esse rap\u00e9 em sua pr\u00e1tica espiritual e observe como ele facilita mudan\u00e7as profundas e duradouras em sua vida emocional e espiritual.<\/p>\n","protected":false},"excerpt":{"rendered":"<p>O Huasca Rap\u00e9 \u00e9 uma poderosa ferramenta espiritual criada para liberar emo\u00e7\u00f5es presas e desbloquear o chakra do cora\u00e7\u00e3o, permitindo uma express\u00e3o emocional e criativa profunda. Composto por cinzas de Pau-pereira e p\u00f3 de ayahuasca e chacruna, esse rap\u00e9 facilita uma conex\u00e3o intensa com os aspectos mais profundos do ser, promovendo um renascimento emocional e espiritual.<\/p>\n<p>Ideal para quem busca superar bloqueios emocionais e explorar novas formas de express\u00e3o criativa, o Huasca Rap\u00e9 ajuda a confrontar e integrar sua sombra interior, oferecendo uma transforma\u00e7\u00e3o profunda que promove o bem-estar pessoal e o crescimento espiritual.<\/p>\n","protected":false},"featured_media":34706,"comment_status":"closed","ping_status":"closed","template":"","meta":{"order-bump-settings":[],"_wpfnl_thankyou_order_overview":"on","_wpfnl_thankyou_order_details":"on","_wpfnl_thankyou_billing_details":"on","_wpfnl_thankyou_shipping_details":"on","site-sidebar-layout":"default","site-content-layout":"plain-container","ast-site-content-layout":"normal-width-container","site-content-style":"unboxed","site-sidebar-style":"unboxed","ast-global-header-display":"","ast-banner-title-visibility":"","ast-main-header-display":"","ast-hfb-above-header-display":"","ast-hfb-below-header-display":"","ast-hfb-mobile-header-display":"","site-post-title":"","ast-breadcrumbs-content":"","ast-featured-img":"","footer-sml-layout":"","ast-disable-related-posts":"","theme-transparent-header-meta":"disabled","adv-header-id-meta":"","stick-header-meta":"","header-above-stick-meta":"","header-main-stick-meta":"","header-below-stick-meta":"","astra-migrate-meta-layouts":"default","ast-page-background-enabled":"default","ast-page-background-meta":{"desktop":{"background-color":"","background-image":"","background-repeat":"repeat","background-position":"center center","background-size":"auto","background-attachment":"scroll","background-type":"","background-media":"","overlay-type":"","overlay-color":"","overlay-opacity":"","overlay-gradient":""},"tablet":{"background-color":"","background-image":"","background-repeat":"repeat","background-position":"center center","background-size":"auto","background-attachment":"scroll","background-type":"","background-media":"","overlay-type":"","overlay-color":"","overlay-opacity":"","overlay-gradient":""},"mobile":{"background-color":"","background-image":"","background-repeat":"repeat","background-position":"center center","background-size":"auto","background-attachment":"scroll","background-type":"","background-media":"","overlay-type":"","overlay-color":"","overlay-opacity":"","overlay-gradient":""}},"ast-content-background-meta":{"desktop":{"background-color":"var(--ast-global-color-5)","background-image":"","background-repeat":"repeat","background-position":"center center","background-size":"auto","background-attachment":"scroll","background-type":"","background-media":"","overlay-type":"","overlay-color":"","overlay-opacity":"","overlay-gradient":""},"tablet":{"background-color":"var(--ast-global-color-5)","background-image":"","background-repeat":"repeat","background-position":"center center","background-size":"auto","background-attachment":"scroll","background-type":"","background-media":"","overlay-type":"","overlay-color":"","overlay-opacity":"","overlay-gradient":""},"mobile":{"background-color":"var(--ast-global-color-5)","background-image":"","background-repeat":"repeat","background-position":"center center","background-size":"auto","background-attachment":"scroll","background-type":"","background-media":"","overlay-type":"","overlay-color":"","overlay-opacity":"","overlay-gradient":""}},"_joinchat":[]},"product_brand":[],"product_cat":[805],"product_tag":[],"class_list":{"0":"post-18269","1":"product","2":"type-product","3":"status-publish","4":"has-post-thumbnail","6":"product_cat-rape-pt-br","7":"desktop-align-center","8":"tablet-align-left","9":"mobile-align-left","11":"first","12":"instock","13":"shipping-taxable","14":"purchasable","15":"product-type-variable"},"yoast_head":"<!-- This site is optimized with the Yoast SEO Premium plugin v22.6 (Yoast SEO v27.6) - https:\/\/yoast.com\/product\/yoast-seo-premium-wordpress\/ -->\n<title>Rap\u00e9 Huasca Ancestrina<\/title>\n<meta name=\"description\" content=\"Descubra o Huasca Rap\u00e9, uma poderosa mistura sagrada criada para curar e desbloquear o chakra do cora\u00e7\u00e3o. Experimente uma cura emocional profunda e uma conex\u00e3o mais forte com seu eu interior. Ideal para quem busca liberar emo\u00e7\u00f5es reprimidas e se abrir para novas formas de express\u00e3o criativa. Junte-se a essa jornada de transforma\u00e7\u00e3o pessoal e descubra o poder de cura do cora\u00e7\u00e3o.\" \/>\n<meta name=\"robots\" content=\"index, follow, max-snippet:-1, max-image-preview:large, max-video-preview:-1\" \/>\n<link rel=\"canonical\" href=\"https:\/\/ancestrina.com\/pt-br\/producto\/peixe-monge-huasca\/\" \/>\n<meta property=\"og:locale\" content=\"pt_BR\" \/>\n<meta property=\"og:type\" content=\"article\" \/>\n<meta property=\"og:title\" content=\"Huasca\" \/>\n<meta property=\"og:description\" content=\"Descubra o Huasca Rap\u00e9, uma poderosa mistura sagrada criada para curar e desbloquear o chakra do cora\u00e7\u00e3o. Experimente uma cura emocional profunda e uma conex\u00e3o mais forte com seu eu interior. Ideal para quem busca liberar emo\u00e7\u00f5es reprimidas e se abrir para novas formas de express\u00e3o criativa. Junte-se a essa jornada de transforma\u00e7\u00e3o pessoal e descubra o poder de cura do cora\u00e7\u00e3o.\" \/>\n<meta property=\"og:url\" content=\"https:\/\/ancestrina.com\/pt-br\/producto\/peixe-monge-huasca\/\" \/>\n<meta property=\"og:site_name\" content=\"Ancestrina\" \/>\n<meta property=\"article:publisher\" content=\"https:\/\/www.facebook.com\/Ancestrina\/\" \/>\n<meta property=\"article:modified_time\" content=\"2026-05-14T12:55:45+00:00\" \/>\n<meta property=\"og:image\" content=\"https:\/\/ancestrina.com\/wp-content\/uploads\/huasca.jpg\" \/>\n\t<meta property=\"og:image:width\" content=\"2048\" \/>\n\t<meta property=\"og:image:height\" content=\"2048\" \/>\n\t<meta property=\"og:image:type\" content=\"image\/jpeg\" \/>\n<meta name=\"twitter:card\" content=\"summary_large_image\" \/>\n<meta name=\"twitter:label1\" content=\"Est. tempo de leitura\" \/>\n\t<meta name=\"twitter:data1\" content=\"2 minutos\" \/>\n<script type=\"application\/ld+json\" class=\"yoast-schema-graph\">{\"@context\":\"https:\\\/\\\/schema.org\",\"@graph\":[{\"@type\":\"WebPage\",\"@id\":\"https:\\\/\\\/ancestrina.com\\\/pt-br\\\/producto\\\/peixe-monge-huasca\\\/\",\"url\":\"https:\\\/\\\/ancestrina.com\\\/pt-br\\\/producto\\\/peixe-monge-huasca\\\/\",\"name\":\"Rap\u00e9 Huasca Ancestrina\",\"isPartOf\":{\"@id\":\"https:\\\/\\\/ancestrina.com\\\/pt-br\\\/#website\"},\"primaryImageOfPage\":{\"@id\":\"https:\\\/\\\/ancestrina.com\\\/pt-br\\\/producto\\\/peixe-monge-huasca\\\/#primaryimage\"},\"image\":{\"@id\":\"https:\\\/\\\/ancestrina.com\\\/pt-br\\\/producto\\\/peixe-monge-huasca\\\/#primaryimage\"},\"thumbnailUrl\":\"https:\\\/\\\/ancestrina.com\\\/wp-content\\\/uploads\\\/huasca.jpg\",\"datePublished\":\"2020-06-28T17:05:46+00:00\",\"dateModified\":\"2026-05-14T12:55:45+00:00\",\"description\":\"Descubra o Huasca Rap\u00e9, uma poderosa mistura sagrada criada para curar e desbloquear o chakra do cora\u00e7\u00e3o. Experimente uma cura emocional profunda e uma conex\u00e3o mais forte com seu eu interior. Ideal para quem busca liberar emo\u00e7\u00f5es reprimidas e se abrir para novas formas de express\u00e3o criativa. Junte-se a essa jornada de transforma\u00e7\u00e3o pessoal e descubra o poder de cura do cora\u00e7\u00e3o.\",\"breadcrumb\":{\"@id\":\"https:\\\/\\\/ancestrina.com\\\/pt-br\\\/producto\\\/peixe-monge-huasca\\\/#breadcrumb\"},\"inLanguage\":\"pt-BR\",\"potentialAction\":[{\"@type\":\"ReadAction\",\"target\":[\"https:\\\/\\\/ancestrina.com\\\/pt-br\\\/producto\\\/peixe-monge-huasca\\\/\"]}]},{\"@type\":\"ImageObject\",\"inLanguage\":\"pt-BR\",\"@id\":\"https:\\\/\\\/ancestrina.com\\\/pt-br\\\/producto\\\/peixe-monge-huasca\\\/#primaryimage\",\"url\":\"https:\\\/\\\/ancestrina.com\\\/wp-content\\\/uploads\\\/huasca.jpg\",\"contentUrl\":\"https:\\\/\\\/ancestrina.com\\\/wp-content\\\/uploads\\\/huasca.jpg\",\"width\":2048,\"height\":2048},{\"@type\":\"BreadcrumbList\",\"@id\":\"https:\\\/\\\/ancestrina.com\\\/pt-br\\\/producto\\\/peixe-monge-huasca\\\/#breadcrumb\",\"itemListElement\":[{\"@type\":\"ListItem\",\"position\":1,\"name\":\"Home\",\"item\":\"https:\\\/\\\/ancestrina.com\\\/pt-br\\\/casa\\\/\"},{\"@type\":\"ListItem\",\"position\":2,\"name\":\"tienda\",\"item\":\"https:\\\/\\\/ancestrina.com\\\/pt-br\\\/tienda\\\/\"},{\"@type\":\"ListItem\",\"position\":3,\"name\":\"Huasca\"}]},{\"@type\":\"WebSite\",\"@id\":\"https:\\\/\\\/ancestrina.com\\\/pt-br\\\/#website\",\"url\":\"https:\\\/\\\/ancestrina.com\\\/pt-br\\\/\",\"name\":\"Ancestrina\",\"description\":\"Trabajamos experiencias con plantas maestras, terapias integradoras y cultos ancestrales\",\"publisher\":{\"@id\":\"https:\\\/\\\/ancestrina.com\\\/pt-br\\\/#organization\"},\"potentialAction\":[{\"@type\":\"SearchAction\",\"target\":{\"@type\":\"EntryPoint\",\"urlTemplate\":\"https:\\\/\\\/ancestrina.com\\\/pt-br\\\/?s={search_term_string}\"},\"query-input\":{\"@type\":\"PropertyValueSpecification\",\"valueRequired\":true,\"valueName\":\"search_term_string\"}}],\"inLanguage\":\"pt-BR\"},{\"@type\":\"Organization\",\"@id\":\"https:\\\/\\\/ancestrina.com\\\/pt-br\\\/#organization\",\"name\":\"Ancestrina\",\"url\":\"https:\\\/\\\/ancestrina.com\\\/pt-br\\\/\",\"logo\":{\"@type\":\"ImageObject\",\"inLanguage\":\"pt-BR\",\"@id\":\"https:\\\/\\\/ancestrina.com\\\/pt-br\\\/#\\\/schema\\\/logo\\\/image\\\/\",\"url\":\"https:\\\/\\\/ancestrina.com\\\/wp-content\\\/uploads\\\/2020\\\/06\\\/cropped-LOGO-ANCESTRINA-1.png\",\"contentUrl\":\"https:\\\/\\\/ancestrina.com\\\/wp-content\\\/uploads\\\/2020\\\/06\\\/cropped-LOGO-ANCESTRINA-1.png\",\"width\":630,\"height\":202,\"caption\":\"Ancestrina\"},\"image\":{\"@id\":\"https:\\\/\\\/ancestrina.com\\\/pt-br\\\/#\\\/schema\\\/logo\\\/image\\\/\"},\"sameAs\":[\"https:\\\/\\\/www.facebook.com\\\/Ancestrina\\\/\",\"https:\\\/\\\/www.instagram.com\\\/ancestrina\\\/\",\"https:\\\/\\\/www.youtube.com\\\/channel\\\/UCgtt6WFhEIVEI30PzxlOeIw\"]}]}<\/script>\n<!-- \/ Yoast SEO Premium plugin. -->","yoast_head_json":{"title":"Rap\u00e9 Huasca Ancestrina","description":"Descubra o Huasca Rap\u00e9, uma poderosa mistura sagrada criada para curar e desbloquear o chakra do cora\u00e7\u00e3o. Experimente uma cura emocional profunda e uma conex\u00e3o mais forte com seu eu interior. Ideal para quem busca liberar emo\u00e7\u00f5es reprimidas e se abrir para novas formas de express\u00e3o criativa. Junte-se a essa jornada de transforma\u00e7\u00e3o pessoal e descubra o poder de cura do cora\u00e7\u00e3o.","robots":{"index":"index","follow":"follow","max-snippet":"max-snippet:-1","max-image-preview":"max-image-preview:large","max-video-preview":"max-video-preview:-1"},"canonical":"https:\/\/ancestrina.com\/pt-br\/producto\/peixe-monge-huasca\/","og_locale":"pt_BR","og_type":"article","og_title":"Huasca","og_description":"Descubra o Huasca Rap\u00e9, uma poderosa mistura sagrada criada para curar e desbloquear o chakra do cora\u00e7\u00e3o. Experimente uma cura emocional profunda e uma conex\u00e3o mais forte com seu eu interior. Ideal para quem busca liberar emo\u00e7\u00f5es reprimidas e se abrir para novas formas de express\u00e3o criativa. Junte-se a essa jornada de transforma\u00e7\u00e3o pessoal e descubra o poder de cura do cora\u00e7\u00e3o.","og_url":"https:\/\/ancestrina.com\/pt-br\/producto\/peixe-monge-huasca\/","og_site_name":"Ancestrina","article_publisher":"https:\/\/www.facebook.com\/Ancestrina\/","article_modified_time":"2026-05-14T12:55:45+00:00","og_image":[{"width":2048,"height":2048,"url":"https:\/\/ancestrina.com\/wp-content\/uploads\/huasca.jpg","type":"image\/jpeg"}],"twitter_card":"summary_large_image","twitter_misc":{"Est. tempo de leitura":"2 minutos"},"schema":{"@context":"https:\/\/schema.org","@graph":[{"@type":"WebPage","@id":"https:\/\/ancestrina.com\/pt-br\/producto\/peixe-monge-huasca\/","url":"https:\/\/ancestrina.com\/pt-br\/producto\/peixe-monge-huasca\/","name":"Rap\u00e9 Huasca Ancestrina","isPartOf":{"@id":"https:\/\/ancestrina.com\/pt-br\/#website"},"primaryImageOfPage":{"@id":"https:\/\/ancestrina.com\/pt-br\/producto\/peixe-monge-huasca\/#primaryimage"},"image":{"@id":"https:\/\/ancestrina.com\/pt-br\/producto\/peixe-monge-huasca\/#primaryimage"},"thumbnailUrl":"https:\/\/ancestrina.com\/wp-content\/uploads\/huasca.jpg","datePublished":"2020-06-28T17:05:46+00:00","dateModified":"2026-05-14T12:55:45+00:00","description":"Descubra o Huasca Rap\u00e9, uma poderosa mistura sagrada criada para curar e desbloquear o chakra do cora\u00e7\u00e3o. Experimente uma cura emocional profunda e uma conex\u00e3o mais forte com seu eu interior. Ideal para quem busca liberar emo\u00e7\u00f5es reprimidas e se abrir para novas formas de express\u00e3o criativa. Junte-se a essa jornada de transforma\u00e7\u00e3o pessoal e descubra o poder de cura do cora\u00e7\u00e3o.","breadcrumb":{"@id":"https:\/\/ancestrina.com\/pt-br\/producto\/peixe-monge-huasca\/#breadcrumb"},"inLanguage":"pt-BR","potentialAction":[{"@type":"ReadAction","target":["https:\/\/ancestrina.com\/pt-br\/producto\/peixe-monge-huasca\/"]}]},{"@type":"ImageObject","inLanguage":"pt-BR","@id":"https:\/\/ancestrina.com\/pt-br\/producto\/peixe-monge-huasca\/#primaryimage","url":"https:\/\/ancestrina.com\/wp-content\/uploads\/huasca.jpg","contentUrl":"https:\/\/ancestrina.com\/wp-content\/uploads\/huasca.jpg","width":2048,"height":2048},{"@type":"BreadcrumbList","@id":"https:\/\/ancestrina.com\/pt-br\/producto\/peixe-monge-huasca\/#breadcrumb","itemListElement":[{"@type":"ListItem","position":1,"name":"Home","item":"https:\/\/ancestrina.com\/pt-br\/casa\/"},{"@type":"ListItem","position":2,"name":"tienda","item":"https:\/\/ancestrina.com\/pt-br\/tienda\/"},{"@type":"ListItem","position":3,"name":"Huasca"}]},{"@type":"WebSite","@id":"https:\/\/ancestrina.com\/pt-br\/#website","url":"https:\/\/ancestrina.com\/pt-br\/","name":"Ancestrina","description":"Trabajamos experiencias con plantas maestras, terapias integradoras y cultos ancestrales","publisher":{"@id":"https:\/\/ancestrina.com\/pt-br\/#organization"},"potentialAction":[{"@type":"SearchAction","target":{"@type":"EntryPoint","urlTemplate":"https:\/\/ancestrina.com\/pt-br\/?s={search_term_string}"},"query-input":{"@type":"PropertyValueSpecification","valueRequired":true,"valueName":"search_term_string"}}],"inLanguage":"pt-BR"},{"@type":"Organization","@id":"https:\/\/ancestrina.com\/pt-br\/#organization","name":"Ancestrina","url":"https:\/\/ancestrina.com\/pt-br\/","logo":{"@type":"ImageObject","inLanguage":"pt-BR","@id":"https:\/\/ancestrina.com\/pt-br\/#\/schema\/logo\/image\/","url":"https:\/\/ancestrina.com\/wp-content\/uploads\/2020\/06\/cropped-LOGO-ANCESTRINA-1.png","contentUrl":"https:\/\/ancestrina.com\/wp-content\/uploads\/2020\/06\/cropped-LOGO-ANCESTRINA-1.png","width":630,"height":202,"caption":"Ancestrina"},"image":{"@id":"https:\/\/ancestrina.com\/pt-br\/#\/schema\/logo\/image\/"},"sameAs":["https:\/\/www.facebook.com\/Ancestrina\/","https:\/\/www.instagram.com\/ancestrina\/","https:\/\/www.youtube.com\/channel\/UCgtt6WFhEIVEI30PzxlOeIw"]}]}},"_links":{"self":[{"href":"https:\/\/ancestrina.com\/pt-br\/wp-json\/wp\/v2\/product\/18269","targetHints":{"allow":["GET"]}}],"collection":[{"href":"https:\/\/ancestrina.com\/pt-br\/wp-json\/wp\/v2\/product"}],"about":[{"href":"https:\/\/ancestrina.com\/pt-br\/wp-json\/wp\/v2\/types\/product"}],"replies":[{"embeddable":true,"href":"https:\/\/ancestrina.com\/pt-br\/wp-json\/wp\/v2\/comments?post=18269"}],"version-history":[{"count":2,"href":"https:\/\/ancestrina.com\/pt-br\/wp-json\/wp\/v2\/product\/18269\/revisions"}],"predecessor-version":[{"id":37808,"href":"https:\/\/ancestrina.com\/pt-br\/wp-json\/wp\/v2\/product\/18269\/revisions\/37808"}],"wp:featuredmedia":[{"embeddable":true,"href":"https:\/\/ancestrina.com\/pt-br\/wp-json\/wp\/v2\/media\/34706"}],"wp:attachment":[{"href":"https:\/\/ancestrina.com\/pt-br\/wp-json\/wp\/v2\/media?parent=18269"}],"wp:term":[{"taxonomy":"product_brand","embeddable":true,"href":"https:\/\/ancestrina.com\/pt-br\/wp-json\/wp\/v2\/product_brand?post=18269"},{"taxonomy":"product_cat","embeddable":true,"href":"https:\/\/ancestrina.com\/pt-br\/wp-json\/wp\/v2\/product_cat?post=18269"},{"taxonomy":"product_tag","embeddable":true,"href":"https:\/\/ancestrina.com\/pt-br\/wp-json\/wp\/v2\/product_tag?post=18269"}],"curies":[{"name":"wp","href":"https:\/\/api.w.org\/{rel}","templated":true}]}}