{"id":18075,"date":"2021-01-19T20:12:16","date_gmt":"2021-01-19T20:12:16","guid":{"rendered":"http:\/\/ancestrina.com\/producto\/rape-mulungu\/"},"modified":"2026-05-12T18:25:11","modified_gmt":"2026-05-12T23:25:11","slug":"rape-mulungu","status":"publish","type":"product","link":"https:\/\/ancestrina.com\/pt-br\/producto\/rape-mulungu\/","title":{"rendered":"Mulungu"},"content":{"rendered":"<p>Descubra o poder de cura do Rap\u00e9 Mulungu, uma planta reverenciada na medicina tradicional brasileira por seu impacto not\u00e1vel na sa\u00fade emocional e no bem-estar mental. Esse rap\u00e9 \u00e9 especialmente valorizado por sua capacidade de harmonizar o chakra sacral e o plexo solar, centros de energia essenciais para a estabilidade emocional e a autoconfian\u00e7a.<\/p>\n<p>O Mulungu Rap\u00e9 n\u00e3o busca apenas aliviar os sintomas tempor\u00e1rios; seu foco \u00e9 chegar \u00e0 raiz das emo\u00e7\u00f5es profundas e perturbadoras. Ao interagir com neurotransmissores relacionados ao humor, como a serotonina, esse rap\u00e9 ajuda a restaurar o equil\u00edbrio emocional e a promover uma sensa\u00e7\u00e3o de paz interior.<\/p>\n<p><strong>Propriedades terap\u00eauticas do Mulungu Rap\u00e9:<\/strong><\/p>\n<ul>\n<li><strong>Antidepressivo natural:<\/strong> ajuda a aumentar os n\u00edveis de serotonina, melhorando o humor e combatendo a depress\u00e3o.<\/li>\n<li><strong>Estabilizador emocional:<\/strong> ao desbloquear e equilibrar o chakra sacral e o plexo solar, melhora a autoestima e reduz o des\u00e2nimo.<\/li>\n<\/ul>\n<p><strong>Ideal para:<\/strong><\/p>\n<ul>\n<li><strong>Pessoas com des\u00e2nimo ou tristeza profunda:<\/strong> Ideal para quem busca uma maneira natural e profunda de entender e tratar as causas subjacentes de seu sofrimento emocional.<\/li>\n<li><strong>Indiv\u00edduos em busca de equil\u00edbrio emocional:<\/strong> excelente para pessoas que se sentem emocionalmente desequilibradas e est\u00e3o buscando maior estabilidade e paz interior.<\/li>\n<\/ul>\n<p>O Mulungu Rap\u00e9 \u00e9 mais do que apenas um tratamento; \u00e9 uma ferramenta de medita\u00e7\u00e3o que o convida a explorar e resolver as profundezas de suas emo\u00e7\u00f5es para evitar futuros deslizes em estados de tristeza ou depress\u00e3o. Ao integrar esse rap\u00e9 \u00e0 sua pr\u00e1tica de bem-estar, voc\u00ea embarca em uma jornada transformadora rumo a uma cura emocional mais profunda e duradoura.<\/p>\n","protected":false},"excerpt":{"rendered":"<p>Descubra o poder transformador do rap\u00e9 Mulungu, um elixir sagrado criado para superar a depress\u00e3o e restaurar o equil\u00edbrio emocional. Esse rap\u00e9 ajuda voc\u00ea a identificar os la\u00e7os emocionais com o passado que o impedem de ser feliz, permitindo que voc\u00ea os transcenda. Ideal para aqueles que buscam a verdadeira cura emocional, o Mulungu Snuff n\u00e3o apenas alivia a tristeza, mas orienta voc\u00ea para uma compreens\u00e3o mais profunda do que o est\u00e1 impedindo, facilitando a liberta\u00e7\u00e3o genu\u00edna e duradoura.  <\/p>\n","protected":false},"featured_media":34930,"comment_status":"closed","ping_status":"closed","template":"","meta":{"order-bump-settings":[],"_wpfnl_thankyou_order_overview":"on","_wpfnl_thankyou_order_details":"on","_wpfnl_thankyou_billing_details":"on","_wpfnl_thankyou_shipping_details":"on","site-sidebar-layout":"default","site-content-layout":"plain-container","ast-site-content-layout":"normal-width-container","site-content-style":"unboxed","site-sidebar-style":"unboxed","ast-global-header-display":"","ast-banner-title-visibility":"","ast-main-header-display":"","ast-hfb-above-header-display":"","ast-hfb-below-header-display":"","ast-hfb-mobile-header-display":"","site-post-title":"","ast-breadcrumbs-content":"","ast-featured-img":"","footer-sml-layout":"","ast-disable-related-posts":"","theme-transparent-header-meta":"disabled","adv-header-id-meta":"","stick-header-meta":"","header-above-stick-meta":"","header-main-stick-meta":"","header-below-stick-meta":"","astra-migrate-meta-layouts":"default","ast-page-background-enabled":"default","ast-page-background-meta":{"desktop":{"background-color":"","background-image":"","background-repeat":"repeat","background-position":"center center","background-size":"auto","background-attachment":"scroll","background-type":"","background-media":"","overlay-type":"","overlay-color":"","overlay-opacity":"","overlay-gradient":""},"tablet":{"background-color":"","background-image":"","background-repeat":"repeat","background-position":"center center","background-size":"auto","background-attachment":"scroll","background-type":"","background-media":"","overlay-type":"","overlay-color":"","overlay-opacity":"","overlay-gradient":""},"mobile":{"background-color":"","background-image":"","background-repeat":"repeat","background-position":"center center","background-size":"auto","background-attachment":"scroll","background-type":"","background-media":"","overlay-type":"","overlay-color":"","overlay-opacity":"","overlay-gradient":""}},"ast-content-background-meta":{"desktop":{"background-color":"var(--ast-global-color-5)","background-image":"","background-repeat":"repeat","background-position":"center center","background-size":"auto","background-attachment":"scroll","background-type":"","background-media":"","overlay-type":"","overlay-color":"","overlay-opacity":"","overlay-gradient":""},"tablet":{"background-color":"var(--ast-global-color-5)","background-image":"","background-repeat":"repeat","background-position":"center center","background-size":"auto","background-attachment":"scroll","background-type":"","background-media":"","overlay-type":"","overlay-color":"","overlay-opacity":"","overlay-gradient":""},"mobile":{"background-color":"var(--ast-global-color-5)","background-image":"","background-repeat":"repeat","background-position":"center center","background-size":"auto","background-attachment":"scroll","background-type":"","background-media":"","overlay-type":"","overlay-color":"","overlay-opacity":"","overlay-gradient":""}},"_joinchat":[]},"product_brand":[],"product_cat":[805],"product_tag":[],"class_list":{"0":"post-18075","1":"product","2":"type-product","3":"status-publish","4":"has-post-thumbnail","6":"product_cat-rape-pt-br","7":"desktop-align-center","8":"tablet-align-left","9":"mobile-align-left","11":"first","12":"instock","13":"shipping-taxable","14":"purchasable","15":"product-type-variable"},"yoast_head":"<!-- This site is optimized with the Yoast SEO Premium plugin v22.6 (Yoast SEO v27.6) - https:\/\/yoast.com\/product\/yoast-seo-premium-wordpress\/ -->\n<title>Rap\u00e9 de Mulungu para superar a depress\u00e3o e ter um equil\u00edbrio emocional<\/title>\n<meta name=\"description\" content=\"Descubra o poder de cura do Mulungu Rap\u00e9, uma ferramenta de medita\u00e7\u00e3o que ajuda a equilibrar o chakra sacral e o plexo solar, promovendo a estabilidade emocional e a autoconfian\u00e7a. Ideal para quem busca aliviar a tristeza profunda e encontrar maior paz interior.\" \/>\n<meta name=\"robots\" content=\"index, follow, max-snippet:-1, max-image-preview:large, max-video-preview:-1\" \/>\n<link rel=\"canonical\" href=\"https:\/\/ancestrina.com\/pt-br\/producto\/rape-mulungu\/\" \/>\n<meta property=\"og:locale\" content=\"pt_BR\" \/>\n<meta property=\"og:type\" content=\"article\" \/>\n<meta property=\"og:title\" content=\"Mulungu\" \/>\n<meta property=\"og:description\" content=\"Descubra o poder de cura do Mulungu Rap\u00e9, uma ferramenta de medita\u00e7\u00e3o que ajuda a equilibrar o chakra sacral e o plexo solar, promovendo a estabilidade emocional e a autoconfian\u00e7a. Ideal para quem busca aliviar a tristeza profunda e encontrar maior paz interior.\" \/>\n<meta property=\"og:url\" content=\"https:\/\/ancestrina.com\/pt-br\/producto\/rape-mulungu\/\" \/>\n<meta property=\"og:site_name\" content=\"Ancestrina\" \/>\n<meta property=\"article:publisher\" content=\"https:\/\/www.facebook.com\/Ancestrina\/\" \/>\n<meta property=\"article:modified_time\" content=\"2026-05-12T23:25:11+00:00\" \/>\n<meta property=\"og:image\" content=\"https:\/\/ancestrina.com\/wp-content\/uploads\/Mulungu.jpg\" \/>\n\t<meta property=\"og:image:width\" content=\"2048\" \/>\n\t<meta property=\"og:image:height\" content=\"2048\" \/>\n\t<meta property=\"og:image:type\" content=\"image\/jpeg\" \/>\n<meta name=\"twitter:card\" content=\"summary_large_image\" \/>\n<meta name=\"twitter:label1\" content=\"Est. tempo de leitura\" \/>\n\t<meta name=\"twitter:data1\" content=\"1 minuto\" \/>\n<script type=\"application\/ld+json\" class=\"yoast-schema-graph\">{\"@context\":\"https:\\\/\\\/schema.org\",\"@graph\":[{\"@type\":\"WebPage\",\"@id\":\"https:\\\/\\\/ancestrina.com\\\/pt-br\\\/producto\\\/rape-mulungu\\\/\",\"url\":\"https:\\\/\\\/ancestrina.com\\\/pt-br\\\/producto\\\/rape-mulungu\\\/\",\"name\":\"Rap\u00e9 de Mulungu para superar a depress\u00e3o e ter um equil\u00edbrio emocional\",\"isPartOf\":{\"@id\":\"https:\\\/\\\/ancestrina.com\\\/pt-br\\\/#website\"},\"primaryImageOfPage\":{\"@id\":\"https:\\\/\\\/ancestrina.com\\\/pt-br\\\/producto\\\/rape-mulungu\\\/#primaryimage\"},\"image\":{\"@id\":\"https:\\\/\\\/ancestrina.com\\\/pt-br\\\/producto\\\/rape-mulungu\\\/#primaryimage\"},\"thumbnailUrl\":\"https:\\\/\\\/ancestrina.com\\\/wp-content\\\/uploads\\\/Mulungu.jpg\",\"datePublished\":\"2021-01-19T20:12:16+00:00\",\"dateModified\":\"2026-05-12T23:25:11+00:00\",\"description\":\"Descubra o poder de cura do Mulungu Rap\u00e9, uma ferramenta de medita\u00e7\u00e3o que ajuda a equilibrar o chakra sacral e o plexo solar, promovendo a estabilidade emocional e a autoconfian\u00e7a. Ideal para quem busca aliviar a tristeza profunda e encontrar maior paz interior.\",\"breadcrumb\":{\"@id\":\"https:\\\/\\\/ancestrina.com\\\/pt-br\\\/producto\\\/rape-mulungu\\\/#breadcrumb\"},\"inLanguage\":\"pt-BR\",\"potentialAction\":[{\"@type\":\"ReadAction\",\"target\":[\"https:\\\/\\\/ancestrina.com\\\/pt-br\\\/producto\\\/rape-mulungu\\\/\"]}]},{\"@type\":\"ImageObject\",\"inLanguage\":\"pt-BR\",\"@id\":\"https:\\\/\\\/ancestrina.com\\\/pt-br\\\/producto\\\/rape-mulungu\\\/#primaryimage\",\"url\":\"https:\\\/\\\/ancestrina.com\\\/wp-content\\\/uploads\\\/Mulungu.jpg\",\"contentUrl\":\"https:\\\/\\\/ancestrina.com\\\/wp-content\\\/uploads\\\/Mulungu.jpg\",\"width\":2048,\"height\":2048},{\"@type\":\"BreadcrumbList\",\"@id\":\"https:\\\/\\\/ancestrina.com\\\/pt-br\\\/producto\\\/rape-mulungu\\\/#breadcrumb\",\"itemListElement\":[{\"@type\":\"ListItem\",\"position\":1,\"name\":\"Home\",\"item\":\"https:\\\/\\\/ancestrina.com\\\/pt-br\\\/casa\\\/\"},{\"@type\":\"ListItem\",\"position\":2,\"name\":\"tienda\",\"item\":\"https:\\\/\\\/ancestrina.com\\\/pt-br\\\/tienda\\\/\"},{\"@type\":\"ListItem\",\"position\":3,\"name\":\"Mulungu\"}]},{\"@type\":\"WebSite\",\"@id\":\"https:\\\/\\\/ancestrina.com\\\/pt-br\\\/#website\",\"url\":\"https:\\\/\\\/ancestrina.com\\\/pt-br\\\/\",\"name\":\"Ancestrina\",\"description\":\"Trabajamos experiencias con plantas maestras, terapias integradoras y cultos ancestrales\",\"publisher\":{\"@id\":\"https:\\\/\\\/ancestrina.com\\\/pt-br\\\/#organization\"},\"potentialAction\":[{\"@type\":\"SearchAction\",\"target\":{\"@type\":\"EntryPoint\",\"urlTemplate\":\"https:\\\/\\\/ancestrina.com\\\/pt-br\\\/?s={search_term_string}\"},\"query-input\":{\"@type\":\"PropertyValueSpecification\",\"valueRequired\":true,\"valueName\":\"search_term_string\"}}],\"inLanguage\":\"pt-BR\"},{\"@type\":\"Organization\",\"@id\":\"https:\\\/\\\/ancestrina.com\\\/pt-br\\\/#organization\",\"name\":\"Ancestrina\",\"url\":\"https:\\\/\\\/ancestrina.com\\\/pt-br\\\/\",\"logo\":{\"@type\":\"ImageObject\",\"inLanguage\":\"pt-BR\",\"@id\":\"https:\\\/\\\/ancestrina.com\\\/pt-br\\\/#\\\/schema\\\/logo\\\/image\\\/\",\"url\":\"https:\\\/\\\/ancestrina.com\\\/wp-content\\\/uploads\\\/2020\\\/06\\\/cropped-LOGO-ANCESTRINA-1.png\",\"contentUrl\":\"https:\\\/\\\/ancestrina.com\\\/wp-content\\\/uploads\\\/2020\\\/06\\\/cropped-LOGO-ANCESTRINA-1.png\",\"width\":630,\"height\":202,\"caption\":\"Ancestrina\"},\"image\":{\"@id\":\"https:\\\/\\\/ancestrina.com\\\/pt-br\\\/#\\\/schema\\\/logo\\\/image\\\/\"},\"sameAs\":[\"https:\\\/\\\/www.facebook.com\\\/Ancestrina\\\/\",\"https:\\\/\\\/www.instagram.com\\\/ancestrina\\\/\",\"https:\\\/\\\/www.youtube.com\\\/channel\\\/UCgtt6WFhEIVEI30PzxlOeIw\"]}]}<\/script>\n<!-- \/ Yoast SEO Premium plugin. -->","yoast_head_json":{"title":"Rap\u00e9 de Mulungu para superar a depress\u00e3o e ter um equil\u00edbrio emocional","description":"Descubra o poder de cura do Mulungu Rap\u00e9, uma ferramenta de medita\u00e7\u00e3o que ajuda a equilibrar o chakra sacral e o plexo solar, promovendo a estabilidade emocional e a autoconfian\u00e7a. Ideal para quem busca aliviar a tristeza profunda e encontrar maior paz interior.","robots":{"index":"index","follow":"follow","max-snippet":"max-snippet:-1","max-image-preview":"max-image-preview:large","max-video-preview":"max-video-preview:-1"},"canonical":"https:\/\/ancestrina.com\/pt-br\/producto\/rape-mulungu\/","og_locale":"pt_BR","og_type":"article","og_title":"Mulungu","og_description":"Descubra o poder de cura do Mulungu Rap\u00e9, uma ferramenta de medita\u00e7\u00e3o que ajuda a equilibrar o chakra sacral e o plexo solar, promovendo a estabilidade emocional e a autoconfian\u00e7a. Ideal para quem busca aliviar a tristeza profunda e encontrar maior paz interior.","og_url":"https:\/\/ancestrina.com\/pt-br\/producto\/rape-mulungu\/","og_site_name":"Ancestrina","article_publisher":"https:\/\/www.facebook.com\/Ancestrina\/","article_modified_time":"2026-05-12T23:25:11+00:00","og_image":[{"width":2048,"height":2048,"url":"https:\/\/ancestrina.com\/wp-content\/uploads\/Mulungu.jpg","type":"image\/jpeg"}],"twitter_card":"summary_large_image","twitter_misc":{"Est. tempo de leitura":"1 minuto"},"schema":{"@context":"https:\/\/schema.org","@graph":[{"@type":"WebPage","@id":"https:\/\/ancestrina.com\/pt-br\/producto\/rape-mulungu\/","url":"https:\/\/ancestrina.com\/pt-br\/producto\/rape-mulungu\/","name":"Rap\u00e9 de Mulungu para superar a depress\u00e3o e ter um equil\u00edbrio emocional","isPartOf":{"@id":"https:\/\/ancestrina.com\/pt-br\/#website"},"primaryImageOfPage":{"@id":"https:\/\/ancestrina.com\/pt-br\/producto\/rape-mulungu\/#primaryimage"},"image":{"@id":"https:\/\/ancestrina.com\/pt-br\/producto\/rape-mulungu\/#primaryimage"},"thumbnailUrl":"https:\/\/ancestrina.com\/wp-content\/uploads\/Mulungu.jpg","datePublished":"2021-01-19T20:12:16+00:00","dateModified":"2026-05-12T23:25:11+00:00","description":"Descubra o poder de cura do Mulungu Rap\u00e9, uma ferramenta de medita\u00e7\u00e3o que ajuda a equilibrar o chakra sacral e o plexo solar, promovendo a estabilidade emocional e a autoconfian\u00e7a. Ideal para quem busca aliviar a tristeza profunda e encontrar maior paz interior.","breadcrumb":{"@id":"https:\/\/ancestrina.com\/pt-br\/producto\/rape-mulungu\/#breadcrumb"},"inLanguage":"pt-BR","potentialAction":[{"@type":"ReadAction","target":["https:\/\/ancestrina.com\/pt-br\/producto\/rape-mulungu\/"]}]},{"@type":"ImageObject","inLanguage":"pt-BR","@id":"https:\/\/ancestrina.com\/pt-br\/producto\/rape-mulungu\/#primaryimage","url":"https:\/\/ancestrina.com\/wp-content\/uploads\/Mulungu.jpg","contentUrl":"https:\/\/ancestrina.com\/wp-content\/uploads\/Mulungu.jpg","width":2048,"height":2048},{"@type":"BreadcrumbList","@id":"https:\/\/ancestrina.com\/pt-br\/producto\/rape-mulungu\/#breadcrumb","itemListElement":[{"@type":"ListItem","position":1,"name":"Home","item":"https:\/\/ancestrina.com\/pt-br\/casa\/"},{"@type":"ListItem","position":2,"name":"tienda","item":"https:\/\/ancestrina.com\/pt-br\/tienda\/"},{"@type":"ListItem","position":3,"name":"Mulungu"}]},{"@type":"WebSite","@id":"https:\/\/ancestrina.com\/pt-br\/#website","url":"https:\/\/ancestrina.com\/pt-br\/","name":"Ancestrina","description":"Trabajamos experiencias con plantas maestras, terapias integradoras y cultos ancestrales","publisher":{"@id":"https:\/\/ancestrina.com\/pt-br\/#organization"},"potentialAction":[{"@type":"SearchAction","target":{"@type":"EntryPoint","urlTemplate":"https:\/\/ancestrina.com\/pt-br\/?s={search_term_string}"},"query-input":{"@type":"PropertyValueSpecification","valueRequired":true,"valueName":"search_term_string"}}],"inLanguage":"pt-BR"},{"@type":"Organization","@id":"https:\/\/ancestrina.com\/pt-br\/#organization","name":"Ancestrina","url":"https:\/\/ancestrina.com\/pt-br\/","logo":{"@type":"ImageObject","inLanguage":"pt-BR","@id":"https:\/\/ancestrina.com\/pt-br\/#\/schema\/logo\/image\/","url":"https:\/\/ancestrina.com\/wp-content\/uploads\/2020\/06\/cropped-LOGO-ANCESTRINA-1.png","contentUrl":"https:\/\/ancestrina.com\/wp-content\/uploads\/2020\/06\/cropped-LOGO-ANCESTRINA-1.png","width":630,"height":202,"caption":"Ancestrina"},"image":{"@id":"https:\/\/ancestrina.com\/pt-br\/#\/schema\/logo\/image\/"},"sameAs":["https:\/\/www.facebook.com\/Ancestrina\/","https:\/\/www.instagram.com\/ancestrina\/","https:\/\/www.youtube.com\/channel\/UCgtt6WFhEIVEI30PzxlOeIw"]}]}},"_links":{"self":[{"href":"https:\/\/ancestrina.com\/pt-br\/wp-json\/wp\/v2\/product\/18075","targetHints":{"allow":["GET"]}}],"collection":[{"href":"https:\/\/ancestrina.com\/pt-br\/wp-json\/wp\/v2\/product"}],"about":[{"href":"https:\/\/ancestrina.com\/pt-br\/wp-json\/wp\/v2\/types\/product"}],"replies":[{"embeddable":true,"href":"https:\/\/ancestrina.com\/pt-br\/wp-json\/wp\/v2\/comments?post=18075"}],"version-history":[{"count":2,"href":"https:\/\/ancestrina.com\/pt-br\/wp-json\/wp\/v2\/product\/18075\/revisions"}],"predecessor-version":[{"id":37838,"href":"https:\/\/ancestrina.com\/pt-br\/wp-json\/wp\/v2\/product\/18075\/revisions\/37838"}],"wp:featuredmedia":[{"embeddable":true,"href":"https:\/\/ancestrina.com\/pt-br\/wp-json\/wp\/v2\/media\/34930"}],"wp:attachment":[{"href":"https:\/\/ancestrina.com\/pt-br\/wp-json\/wp\/v2\/media?parent=18075"}],"wp:term":[{"taxonomy":"product_brand","embeddable":true,"href":"https:\/\/ancestrina.com\/pt-br\/wp-json\/wp\/v2\/product_brand?post=18075"},{"taxonomy":"product_cat","embeddable":true,"href":"https:\/\/ancestrina.com\/pt-br\/wp-json\/wp\/v2\/product_cat?post=18075"},{"taxonomy":"product_tag","embeddable":true,"href":"https:\/\/ancestrina.com\/pt-br\/wp-json\/wp\/v2\/product_tag?post=18075"}],"curies":[{"name":"wp","href":"https:\/\/api.w.org\/{rel}","templated":true}]}}