{"id":17993,"date":"2021-01-19T20:32:23","date_gmt":"2021-01-19T20:32:23","guid":{"rendered":"http:\/\/ancestrina.com\/producto\/rape-inga\/"},"modified":"2026-05-12T18:25:11","modified_gmt":"2026-05-12T23:25:11","slug":"peixe-monge-inga","status":"publish","type":"product","link":"https:\/\/ancestrina.com\/pt-br\/producto\/peixe-monge-inga\/","title":{"rendered":"Inga"},"content":{"rendered":"<p>O Inga Rap\u00e9 foi criado para aqueles que cresceram na sombra da submiss\u00e3o, enfrentando a repress\u00e3o de suas verdadeiras vozes e emo\u00e7\u00f5es. Esse poderoso rap\u00e9 atua em um n\u00edvel energ\u00e9tico e emocional, ajudando a liberar padr\u00f5es de comportamento que nos mant\u00eam presos em pap\u00e9is que n\u00e3o nos permitem ser aut\u00eanticos.<\/p>\n<p><strong>Principais benef\u00edcios do Inga Rap\u00e9:<\/strong><\/p>\n<ol>\n<li><strong>Fortalecimento da voz interior:<\/strong> Incentiva a capacidade de expressar pensamentos e emo\u00e7\u00f5es de forma aberta e honesta, fortalecendo a autoexpress\u00e3o.<\/li>\n<li><strong>Redu\u00e7\u00e3o do estresse e da ansiedade:<\/strong> alivia a tens\u00e3o emocional e f\u00edsica, ajudando a acalmar a mente e o corpo em estados de estresse prolongado.<\/li>\n<li><strong>Melhoria do bem-estar emocional:<\/strong> ajuda a processar e liberar emo\u00e7\u00f5es reprimidas, como medo, raiva e tristeza, promovendo uma sensa\u00e7\u00e3o de bem-estar e leveza.<\/li>\n<li><strong>Fortalecimento do sistema imunol\u00f3gico:<\/strong> Em um n\u00edvel energ\u00e9tico, ajuda a revitalizar o sistema imunol\u00f3gico enfraquecido pelo estresse cr\u00f4nico e emocional.<\/li>\n<li><strong>Aumento da autoestima e da autodefesa:<\/strong> incentiva os indiv\u00edduos a reconhecerem sua autoestima e a se defenderem em situa\u00e7\u00f5es adversas.<\/li>\n<\/ol>\n<p><strong>Ideal para:<\/strong><\/p>\n<ul>\n<li>Pessoas que sentem que perderam sua voz ou identidade devido \u00e0 press\u00e3o para se adequarem \u00e0s expectativas sociais ou familiares.<\/li>\n<li>Aqueles que est\u00e3o trabalhando para superar a submiss\u00e3o e o medo da rejei\u00e7\u00e3o.<\/li>\n<li>Indiv\u00edduos em busca de fortalecimento emocional e energ\u00e9tico para enfrentar desafios pessoais.<\/li>\n<li>Qualquer pessoa que deseje se reconectar com seu verdadeiro eu e viver uma vida mais aut\u00eantica e livre.<\/li>\n<\/ul>\n<p>Inga Rap\u00e9 \u00e9 mais do que um rem\u00e9dio; \u00e9 uma professora que ensina voc\u00ea a revalorizar e reafirmar sua voz interior, orientando-o para uma maior autenticidade e liberdade emocional. Integre-o em sua pr\u00e1tica de cura e observe-o transformar sua capacidade de viver de acordo com sua verdade.<\/p>\n","protected":false},"excerpt":{"rendered":"<p>Descubra o Inga Rap\u00e9, criado para aqueles que buscam libertar sua voz e fortalecer seu bem-estar emocional. Esse rap\u00e9 funciona em um n\u00edvel energ\u00e9tico e emocional, ajudando a superar a submiss\u00e3o e a repress\u00e3o e capacitando as pessoas a expressar suas verdadeiras emo\u00e7\u00f5es e pensamentos sem medo. Ideal para aqueles que desejam romper padr\u00f5es de comportamento restritivos e recuperar sua autenticidade.<\/p>\n<p>O Inga Rap\u00e9 n\u00e3o apenas alivia o estresse e a ansiedade, mas tamb\u00e9m fortalece o sistema imunol\u00f3gico e aumenta a autoestima, permitindo que as pessoas se defendam e prosperem em seus ambientes. Use-o como parte de sua pr\u00e1tica de cura e experimente uma transforma\u00e7\u00e3o rumo a uma vida mais livre e aut\u00eantica.<\/p>\n","protected":false},"featured_media":34734,"comment_status":"closed","ping_status":"closed","template":"","meta":{"order-bump-settings":[],"_wpfnl_thankyou_order_overview":"on","_wpfnl_thankyou_order_details":"on","_wpfnl_thankyou_billing_details":"on","_wpfnl_thankyou_shipping_details":"on","site-sidebar-layout":"default","site-content-layout":"plain-container","ast-site-content-layout":"normal-width-container","site-content-style":"unboxed","site-sidebar-style":"unboxed","ast-global-header-display":"","ast-banner-title-visibility":"","ast-main-header-display":"","ast-hfb-above-header-display":"","ast-hfb-below-header-display":"","ast-hfb-mobile-header-display":"","site-post-title":"","ast-breadcrumbs-content":"","ast-featured-img":"","footer-sml-layout":"","ast-disable-related-posts":"","theme-transparent-header-meta":"disabled","adv-header-id-meta":"","stick-header-meta":"","header-above-stick-meta":"","header-main-stick-meta":"","header-below-stick-meta":"","astra-migrate-meta-layouts":"default","ast-page-background-enabled":"default","ast-page-background-meta":{"desktop":{"background-color":"","background-image":"","background-repeat":"repeat","background-position":"center center","background-size":"auto","background-attachment":"scroll","background-type":"","background-media":"","overlay-type":"","overlay-color":"","overlay-opacity":"","overlay-gradient":""},"tablet":{"background-color":"","background-image":"","background-repeat":"repeat","background-position":"center center","background-size":"auto","background-attachment":"scroll","background-type":"","background-media":"","overlay-type":"","overlay-color":"","overlay-opacity":"","overlay-gradient":""},"mobile":{"background-color":"","background-image":"","background-repeat":"repeat","background-position":"center center","background-size":"auto","background-attachment":"scroll","background-type":"","background-media":"","overlay-type":"","overlay-color":"","overlay-opacity":"","overlay-gradient":""}},"ast-content-background-meta":{"desktop":{"background-color":"var(--ast-global-color-5)","background-image":"","background-repeat":"repeat","background-position":"center center","background-size":"auto","background-attachment":"scroll","background-type":"","background-media":"","overlay-type":"","overlay-color":"","overlay-opacity":"","overlay-gradient":""},"tablet":{"background-color":"var(--ast-global-color-5)","background-image":"","background-repeat":"repeat","background-position":"center center","background-size":"auto","background-attachment":"scroll","background-type":"","background-media":"","overlay-type":"","overlay-color":"","overlay-opacity":"","overlay-gradient":""},"mobile":{"background-color":"var(--ast-global-color-5)","background-image":"","background-repeat":"repeat","background-position":"center center","background-size":"auto","background-attachment":"scroll","background-type":"","background-media":"","overlay-type":"","overlay-color":"","overlay-opacity":"","overlay-gradient":""}},"_joinchat":[]},"product_brand":[],"product_cat":[805],"product_tag":[],"class_list":{"0":"post-17993","1":"product","2":"type-product","3":"status-publish","4":"has-post-thumbnail","6":"product_cat-rape-pt-br","7":"desktop-align-center","8":"tablet-align-left","9":"mobile-align-left","11":"first","12":"instock","13":"shipping-taxable","14":"purchasable","15":"product-type-variable"},"yoast_head":"<!-- This site is optimized with the Yoast SEO Premium plugin v22.6 (Yoast SEO v27.6) - https:\/\/yoast.com\/product\/yoast-seo-premium-wordpress\/ -->\n<title>Inga Rap\u00e9: Libera\u00e7\u00e3o e capacita\u00e7\u00e3o emocional<\/title>\n<meta name=\"description\" content=\"Descubra o poder do rap\u00e9 Inga, projetado para liberar padr\u00f5es de submiss\u00e3o e promover a autenticidade. Esse rap\u00e9 fortalece a voz interior, reduz o estresse e fortalece o bem-estar emocional e energ\u00e9tico. Ideal para quem busca recuperar sua identidade e viver uma vida mais aut\u00eantica e livre. Integre-o \u00e0 sua pr\u00e1tica de cura para transformar sua capacidade de viver sua verdade.\" \/>\n<meta name=\"robots\" content=\"index, follow, max-snippet:-1, max-image-preview:large, max-video-preview:-1\" \/>\n<link rel=\"canonical\" href=\"https:\/\/ancestrina.com\/pt-br\/producto\/peixe-monge-inga\/\" \/>\n<meta property=\"og:locale\" content=\"pt_BR\" \/>\n<meta property=\"og:type\" content=\"article\" \/>\n<meta property=\"og:title\" content=\"Inga\" \/>\n<meta property=\"og:description\" content=\"Descubra o poder do rap\u00e9 Inga, projetado para liberar padr\u00f5es de submiss\u00e3o e promover a autenticidade. Esse rap\u00e9 fortalece a voz interior, reduz o estresse e fortalece o bem-estar emocional e energ\u00e9tico. Ideal para quem busca recuperar sua identidade e viver uma vida mais aut\u00eantica e livre. Integre-o \u00e0 sua pr\u00e1tica de cura para transformar sua capacidade de viver sua verdade.\" \/>\n<meta property=\"og:url\" content=\"https:\/\/ancestrina.com\/pt-br\/producto\/peixe-monge-inga\/\" \/>\n<meta property=\"og:site_name\" content=\"Ancestrina\" \/>\n<meta property=\"article:publisher\" content=\"https:\/\/www.facebook.com\/Ancestrina\/\" \/>\n<meta property=\"article:modified_time\" content=\"2026-05-12T23:25:11+00:00\" \/>\n<meta property=\"og:image\" content=\"https:\/\/ancestrina.com\/wp-content\/uploads\/inga.jpg\" \/>\n\t<meta property=\"og:image:width\" content=\"2048\" \/>\n\t<meta property=\"og:image:height\" content=\"2048\" \/>\n\t<meta property=\"og:image:type\" content=\"image\/jpeg\" \/>\n<meta name=\"twitter:card\" content=\"summary_large_image\" \/>\n<meta name=\"twitter:label1\" content=\"Est. tempo de leitura\" \/>\n\t<meta name=\"twitter:data1\" content=\"2 minutos\" \/>\n<script type=\"application\/ld+json\" class=\"yoast-schema-graph\">{\"@context\":\"https:\\\/\\\/schema.org\",\"@graph\":[{\"@type\":\"WebPage\",\"@id\":\"https:\\\/\\\/ancestrina.com\\\/pt-br\\\/producto\\\/peixe-monge-inga\\\/\",\"url\":\"https:\\\/\\\/ancestrina.com\\\/pt-br\\\/producto\\\/peixe-monge-inga\\\/\",\"name\":\"Inga Rap\u00e9: Libera\u00e7\u00e3o e capacita\u00e7\u00e3o emocional\",\"isPartOf\":{\"@id\":\"https:\\\/\\\/ancestrina.com\\\/pt-br\\\/#website\"},\"primaryImageOfPage\":{\"@id\":\"https:\\\/\\\/ancestrina.com\\\/pt-br\\\/producto\\\/peixe-monge-inga\\\/#primaryimage\"},\"image\":{\"@id\":\"https:\\\/\\\/ancestrina.com\\\/pt-br\\\/producto\\\/peixe-monge-inga\\\/#primaryimage\"},\"thumbnailUrl\":\"https:\\\/\\\/ancestrina.com\\\/wp-content\\\/uploads\\\/inga.jpg\",\"datePublished\":\"2021-01-19T20:32:23+00:00\",\"dateModified\":\"2026-05-12T23:25:11+00:00\",\"description\":\"Descubra o poder do rap\u00e9 Inga, projetado para liberar padr\u00f5es de submiss\u00e3o e promover a autenticidade. Esse rap\u00e9 fortalece a voz interior, reduz o estresse e fortalece o bem-estar emocional e energ\u00e9tico. Ideal para quem busca recuperar sua identidade e viver uma vida mais aut\u00eantica e livre. Integre-o \u00e0 sua pr\u00e1tica de cura para transformar sua capacidade de viver sua verdade.\",\"breadcrumb\":{\"@id\":\"https:\\\/\\\/ancestrina.com\\\/pt-br\\\/producto\\\/peixe-monge-inga\\\/#breadcrumb\"},\"inLanguage\":\"pt-BR\",\"potentialAction\":[{\"@type\":\"ReadAction\",\"target\":[\"https:\\\/\\\/ancestrina.com\\\/pt-br\\\/producto\\\/peixe-monge-inga\\\/\"]}]},{\"@type\":\"ImageObject\",\"inLanguage\":\"pt-BR\",\"@id\":\"https:\\\/\\\/ancestrina.com\\\/pt-br\\\/producto\\\/peixe-monge-inga\\\/#primaryimage\",\"url\":\"https:\\\/\\\/ancestrina.com\\\/wp-content\\\/uploads\\\/inga.jpg\",\"contentUrl\":\"https:\\\/\\\/ancestrina.com\\\/wp-content\\\/uploads\\\/inga.jpg\",\"width\":2048,\"height\":2048},{\"@type\":\"BreadcrumbList\",\"@id\":\"https:\\\/\\\/ancestrina.com\\\/pt-br\\\/producto\\\/peixe-monge-inga\\\/#breadcrumb\",\"itemListElement\":[{\"@type\":\"ListItem\",\"position\":1,\"name\":\"Home\",\"item\":\"https:\\\/\\\/ancestrina.com\\\/pt-br\\\/casa\\\/\"},{\"@type\":\"ListItem\",\"position\":2,\"name\":\"tienda\",\"item\":\"https:\\\/\\\/ancestrina.com\\\/pt-br\\\/tienda\\\/\"},{\"@type\":\"ListItem\",\"position\":3,\"name\":\"Inga\"}]},{\"@type\":\"WebSite\",\"@id\":\"https:\\\/\\\/ancestrina.com\\\/pt-br\\\/#website\",\"url\":\"https:\\\/\\\/ancestrina.com\\\/pt-br\\\/\",\"name\":\"Ancestrina\",\"description\":\"Trabajamos experiencias con plantas maestras, terapias integradoras y cultos ancestrales\",\"publisher\":{\"@id\":\"https:\\\/\\\/ancestrina.com\\\/pt-br\\\/#organization\"},\"potentialAction\":[{\"@type\":\"SearchAction\",\"target\":{\"@type\":\"EntryPoint\",\"urlTemplate\":\"https:\\\/\\\/ancestrina.com\\\/pt-br\\\/?s={search_term_string}\"},\"query-input\":{\"@type\":\"PropertyValueSpecification\",\"valueRequired\":true,\"valueName\":\"search_term_string\"}}],\"inLanguage\":\"pt-BR\"},{\"@type\":\"Organization\",\"@id\":\"https:\\\/\\\/ancestrina.com\\\/pt-br\\\/#organization\",\"name\":\"Ancestrina\",\"url\":\"https:\\\/\\\/ancestrina.com\\\/pt-br\\\/\",\"logo\":{\"@type\":\"ImageObject\",\"inLanguage\":\"pt-BR\",\"@id\":\"https:\\\/\\\/ancestrina.com\\\/pt-br\\\/#\\\/schema\\\/logo\\\/image\\\/\",\"url\":\"https:\\\/\\\/ancestrina.com\\\/wp-content\\\/uploads\\\/2020\\\/06\\\/cropped-LOGO-ANCESTRINA-1.png\",\"contentUrl\":\"https:\\\/\\\/ancestrina.com\\\/wp-content\\\/uploads\\\/2020\\\/06\\\/cropped-LOGO-ANCESTRINA-1.png\",\"width\":630,\"height\":202,\"caption\":\"Ancestrina\"},\"image\":{\"@id\":\"https:\\\/\\\/ancestrina.com\\\/pt-br\\\/#\\\/schema\\\/logo\\\/image\\\/\"},\"sameAs\":[\"https:\\\/\\\/www.facebook.com\\\/Ancestrina\\\/\",\"https:\\\/\\\/www.instagram.com\\\/ancestrina\\\/\",\"https:\\\/\\\/www.youtube.com\\\/channel\\\/UCgtt6WFhEIVEI30PzxlOeIw\"]}]}<\/script>\n<!-- \/ Yoast SEO Premium plugin. -->","yoast_head_json":{"title":"Inga Rap\u00e9: Libera\u00e7\u00e3o e capacita\u00e7\u00e3o emocional","description":"Descubra o poder do rap\u00e9 Inga, projetado para liberar padr\u00f5es de submiss\u00e3o e promover a autenticidade. Esse rap\u00e9 fortalece a voz interior, reduz o estresse e fortalece o bem-estar emocional e energ\u00e9tico. Ideal para quem busca recuperar sua identidade e viver uma vida mais aut\u00eantica e livre. Integre-o \u00e0 sua pr\u00e1tica de cura para transformar sua capacidade de viver sua verdade.","robots":{"index":"index","follow":"follow","max-snippet":"max-snippet:-1","max-image-preview":"max-image-preview:large","max-video-preview":"max-video-preview:-1"},"canonical":"https:\/\/ancestrina.com\/pt-br\/producto\/peixe-monge-inga\/","og_locale":"pt_BR","og_type":"article","og_title":"Inga","og_description":"Descubra o poder do rap\u00e9 Inga, projetado para liberar padr\u00f5es de submiss\u00e3o e promover a autenticidade. Esse rap\u00e9 fortalece a voz interior, reduz o estresse e fortalece o bem-estar emocional e energ\u00e9tico. Ideal para quem busca recuperar sua identidade e viver uma vida mais aut\u00eantica e livre. Integre-o \u00e0 sua pr\u00e1tica de cura para transformar sua capacidade de viver sua verdade.","og_url":"https:\/\/ancestrina.com\/pt-br\/producto\/peixe-monge-inga\/","og_site_name":"Ancestrina","article_publisher":"https:\/\/www.facebook.com\/Ancestrina\/","article_modified_time":"2026-05-12T23:25:11+00:00","og_image":[{"width":2048,"height":2048,"url":"https:\/\/ancestrina.com\/wp-content\/uploads\/inga.jpg","type":"image\/jpeg"}],"twitter_card":"summary_large_image","twitter_misc":{"Est. tempo de leitura":"2 minutos"},"schema":{"@context":"https:\/\/schema.org","@graph":[{"@type":"WebPage","@id":"https:\/\/ancestrina.com\/pt-br\/producto\/peixe-monge-inga\/","url":"https:\/\/ancestrina.com\/pt-br\/producto\/peixe-monge-inga\/","name":"Inga Rap\u00e9: Libera\u00e7\u00e3o e capacita\u00e7\u00e3o emocional","isPartOf":{"@id":"https:\/\/ancestrina.com\/pt-br\/#website"},"primaryImageOfPage":{"@id":"https:\/\/ancestrina.com\/pt-br\/producto\/peixe-monge-inga\/#primaryimage"},"image":{"@id":"https:\/\/ancestrina.com\/pt-br\/producto\/peixe-monge-inga\/#primaryimage"},"thumbnailUrl":"https:\/\/ancestrina.com\/wp-content\/uploads\/inga.jpg","datePublished":"2021-01-19T20:32:23+00:00","dateModified":"2026-05-12T23:25:11+00:00","description":"Descubra o poder do rap\u00e9 Inga, projetado para liberar padr\u00f5es de submiss\u00e3o e promover a autenticidade. Esse rap\u00e9 fortalece a voz interior, reduz o estresse e fortalece o bem-estar emocional e energ\u00e9tico. Ideal para quem busca recuperar sua identidade e viver uma vida mais aut\u00eantica e livre. Integre-o \u00e0 sua pr\u00e1tica de cura para transformar sua capacidade de viver sua verdade.","breadcrumb":{"@id":"https:\/\/ancestrina.com\/pt-br\/producto\/peixe-monge-inga\/#breadcrumb"},"inLanguage":"pt-BR","potentialAction":[{"@type":"ReadAction","target":["https:\/\/ancestrina.com\/pt-br\/producto\/peixe-monge-inga\/"]}]},{"@type":"ImageObject","inLanguage":"pt-BR","@id":"https:\/\/ancestrina.com\/pt-br\/producto\/peixe-monge-inga\/#primaryimage","url":"https:\/\/ancestrina.com\/wp-content\/uploads\/inga.jpg","contentUrl":"https:\/\/ancestrina.com\/wp-content\/uploads\/inga.jpg","width":2048,"height":2048},{"@type":"BreadcrumbList","@id":"https:\/\/ancestrina.com\/pt-br\/producto\/peixe-monge-inga\/#breadcrumb","itemListElement":[{"@type":"ListItem","position":1,"name":"Home","item":"https:\/\/ancestrina.com\/pt-br\/casa\/"},{"@type":"ListItem","position":2,"name":"tienda","item":"https:\/\/ancestrina.com\/pt-br\/tienda\/"},{"@type":"ListItem","position":3,"name":"Inga"}]},{"@type":"WebSite","@id":"https:\/\/ancestrina.com\/pt-br\/#website","url":"https:\/\/ancestrina.com\/pt-br\/","name":"Ancestrina","description":"Trabajamos experiencias con plantas maestras, terapias integradoras y cultos ancestrales","publisher":{"@id":"https:\/\/ancestrina.com\/pt-br\/#organization"},"potentialAction":[{"@type":"SearchAction","target":{"@type":"EntryPoint","urlTemplate":"https:\/\/ancestrina.com\/pt-br\/?s={search_term_string}"},"query-input":{"@type":"PropertyValueSpecification","valueRequired":true,"valueName":"search_term_string"}}],"inLanguage":"pt-BR"},{"@type":"Organization","@id":"https:\/\/ancestrina.com\/pt-br\/#organization","name":"Ancestrina","url":"https:\/\/ancestrina.com\/pt-br\/","logo":{"@type":"ImageObject","inLanguage":"pt-BR","@id":"https:\/\/ancestrina.com\/pt-br\/#\/schema\/logo\/image\/","url":"https:\/\/ancestrina.com\/wp-content\/uploads\/2020\/06\/cropped-LOGO-ANCESTRINA-1.png","contentUrl":"https:\/\/ancestrina.com\/wp-content\/uploads\/2020\/06\/cropped-LOGO-ANCESTRINA-1.png","width":630,"height":202,"caption":"Ancestrina"},"image":{"@id":"https:\/\/ancestrina.com\/pt-br\/#\/schema\/logo\/image\/"},"sameAs":["https:\/\/www.facebook.com\/Ancestrina\/","https:\/\/www.instagram.com\/ancestrina\/","https:\/\/www.youtube.com\/channel\/UCgtt6WFhEIVEI30PzxlOeIw"]}]}},"_links":{"self":[{"href":"https:\/\/ancestrina.com\/pt-br\/wp-json\/wp\/v2\/product\/17993","targetHints":{"allow":["GET"]}}],"collection":[{"href":"https:\/\/ancestrina.com\/pt-br\/wp-json\/wp\/v2\/product"}],"about":[{"href":"https:\/\/ancestrina.com\/pt-br\/wp-json\/wp\/v2\/types\/product"}],"replies":[{"embeddable":true,"href":"https:\/\/ancestrina.com\/pt-br\/wp-json\/wp\/v2\/comments?post=17993"}],"version-history":[{"count":2,"href":"https:\/\/ancestrina.com\/pt-br\/wp-json\/wp\/v2\/product\/17993\/revisions"}],"predecessor-version":[{"id":37853,"href":"https:\/\/ancestrina.com\/pt-br\/wp-json\/wp\/v2\/product\/17993\/revisions\/37853"}],"wp:featuredmedia":[{"embeddable":true,"href":"https:\/\/ancestrina.com\/pt-br\/wp-json\/wp\/v2\/media\/34734"}],"wp:attachment":[{"href":"https:\/\/ancestrina.com\/pt-br\/wp-json\/wp\/v2\/media?parent=17993"}],"wp:term":[{"taxonomy":"product_brand","embeddable":true,"href":"https:\/\/ancestrina.com\/pt-br\/wp-json\/wp\/v2\/product_brand?post=17993"},{"taxonomy":"product_cat","embeddable":true,"href":"https:\/\/ancestrina.com\/pt-br\/wp-json\/wp\/v2\/product_cat?post=17993"},{"taxonomy":"product_tag","embeddable":true,"href":"https:\/\/ancestrina.com\/pt-br\/wp-json\/wp\/v2\/product_tag?post=17993"}],"curies":[{"name":"wp","href":"https:\/\/api.w.org\/{rel}","templated":true}]}}