{"id":17975,"date":"2021-01-19T20:35:58","date_gmt":"2021-01-19T20:35:58","guid":{"rendered":"http:\/\/ancestrina.com\/producto\/rape-aroeira\/"},"modified":"2026-05-15T16:20:39","modified_gmt":"2026-05-15T21:20:39","slug":"pescador-aroeira","status":"publish","type":"product","link":"https:\/\/ancestrina.com\/pt-br\/producto\/pescador-aroeira\/","title":{"rendered":"Aroeira"},"content":{"rendered":"<p>O rap\u00e9 Aroeira \u00e9 conhecido como o &#8220;rap\u00e9 da responsabilidade&#8221; por seu poderoso efeito nos centros de energia que influenciam diretamente nossa capacidade de a\u00e7\u00e3o e comprometimento. Esse rap\u00e9 atua desde o primeiro chakra (raiz), subindo at\u00e9 o terceiro chakra (plexo solar), desbloqueando as energias estagnadas que nos levam a procrastinar e adiar nossas responsabilidades. <\/p>\n<p><strong>Principais benef\u00edcios do Aroeira Rap\u00e9:<\/strong><\/p>\n<ol>\n<li><strong>Desbloqueio energ\u00e9tico:<\/strong> Comece liberando os bloqueios no chakra da raiz, crucial para ganhar impulso inicial e for\u00e7a para iniciar projetos.<\/li>\n<li><strong>Aumento da for\u00e7a de vontade:<\/strong> eleva a energia para o plexo solar, o centro da nossa for\u00e7a de vontade, capacitando o indiv\u00edduo a enfrentar e concluir tarefas com determina\u00e7\u00e3o.<\/li>\n<li><strong>Combate a procrastina\u00e7\u00e3o:<\/strong> Oferece clareza sobre os motivos subjacentes \u00e0 procrastina\u00e7\u00e3o, fornecendo as ferramentas para superar esse h\u00e1bito.<\/li>\n<li><strong>Aumento da produtividade:<\/strong> ajuda a executar as tarefas sem resist\u00eancia, reclama\u00e7\u00e3o ou t\u00e9dio, melhorando significativamente a produtividade.<\/li>\n<li><strong>Foco e dire\u00e7\u00e3o aprimorados:<\/strong> esclarece a mente, permitindo foco renovado e dire\u00e7\u00e3o clara nas atividades di\u00e1rias e nas metas de longo prazo.<\/li>\n<\/ol>\n<p><strong>Ideal para:<\/strong><\/p>\n<ul>\n<li>Pessoas que frequentemente lutam contra a procrastina\u00e7\u00e3o e a falta de motiva\u00e7\u00e3o.<\/li>\n<li>Aqueles que se sentem sobrecarregados por suas responsabilidades e precisam de um empurr\u00e3o para iniciar ou concluir tarefas.<\/li>\n<li>Pessoas que buscam fortalecer a conex\u00e3o com seus centros de energia para melhorar o gerenciamento de sua energia pessoal.<\/li>\n<li>Aqueles que desejam uma abordagem mais disciplinada e orientada para a realiza\u00e7\u00e3o em sua vida pessoal e profissional.<\/li>\n<\/ul>\n<p>Integre o Aroeira Rap\u00e9 em sua rotina para transformar sua concentra\u00e7\u00e3o e produtividade. Descubra como esse poderoso aliado pode ajud\u00e1-lo a eliminar a procrastina\u00e7\u00e3o e ativar todo o seu potencial para atingir suas metas com confian\u00e7a e clareza.<\/p>\n","protected":false},"excerpt":{"rendered":"<p>Descubra o rap\u00e9 Aroeira, conhecido como o &#8220;rap\u00e9 da responsabilidade&#8221;, projetado especificamente para combater a procrastina\u00e7\u00e3o e estimular a a\u00e7\u00e3o. Esse poderoso rap\u00e9 funciona desbloqueando e ativando os chakras raiz e o plexo solar, aumentando a motiva\u00e7\u00e3o, a determina\u00e7\u00e3o e a clareza para concluir tarefas inacabadas e assumir novas responsabilidades com energia renovada.<\/p>\n<p>Ideal para aqueles que enfrentam desafios com procrastina\u00e7\u00e3o ou falta de dire\u00e7\u00e3o, o Aroeira Rap\u00e9 \u00e9 uma ferramenta essencial para melhorar a produtividade e o foco. Use-o para cultivar uma abordagem disciplinada e atingir suas metas pessoais e profissionais com mais efici\u00eancia.<\/p>\n","protected":false},"featured_media":34468,"comment_status":"closed","ping_status":"closed","template":"","meta":{"order-bump-settings":[],"_wpfnl_thankyou_order_overview":"on","_wpfnl_thankyou_order_details":"on","_wpfnl_thankyou_billing_details":"on","_wpfnl_thankyou_shipping_details":"on","site-sidebar-layout":"default","site-content-layout":"plain-container","ast-site-content-layout":"normal-width-container","site-content-style":"unboxed","site-sidebar-style":"unboxed","ast-global-header-display":"","ast-banner-title-visibility":"","ast-main-header-display":"","ast-hfb-above-header-display":"","ast-hfb-below-header-display":"","ast-hfb-mobile-header-display":"","site-post-title":"","ast-breadcrumbs-content":"","ast-featured-img":"","footer-sml-layout":"","ast-disable-related-posts":"","theme-transparent-header-meta":"disabled","adv-header-id-meta":"","stick-header-meta":"","header-above-stick-meta":"","header-main-stick-meta":"","header-below-stick-meta":"","astra-migrate-meta-layouts":"default","ast-page-background-enabled":"default","ast-page-background-meta":{"desktop":{"background-color":"","background-image":"","background-repeat":"repeat","background-position":"center center","background-size":"auto","background-attachment":"scroll","background-type":"","background-media":"","overlay-type":"","overlay-color":"","overlay-opacity":"","overlay-gradient":""},"tablet":{"background-color":"","background-image":"","background-repeat":"repeat","background-position":"center center","background-size":"auto","background-attachment":"scroll","background-type":"","background-media":"","overlay-type":"","overlay-color":"","overlay-opacity":"","overlay-gradient":""},"mobile":{"background-color":"","background-image":"","background-repeat":"repeat","background-position":"center center","background-size":"auto","background-attachment":"scroll","background-type":"","background-media":"","overlay-type":"","overlay-color":"","overlay-opacity":"","overlay-gradient":""}},"ast-content-background-meta":{"desktop":{"background-color":"var(--ast-global-color-5)","background-image":"","background-repeat":"repeat","background-position":"center center","background-size":"auto","background-attachment":"scroll","background-type":"","background-media":"","overlay-type":"","overlay-color":"","overlay-opacity":"","overlay-gradient":""},"tablet":{"background-color":"var(--ast-global-color-5)","background-image":"","background-repeat":"repeat","background-position":"center center","background-size":"auto","background-attachment":"scroll","background-type":"","background-media":"","overlay-type":"","overlay-color":"","overlay-opacity":"","overlay-gradient":""},"mobile":{"background-color":"var(--ast-global-color-5)","background-image":"","background-repeat":"repeat","background-position":"center center","background-size":"auto","background-attachment":"scroll","background-type":"","background-media":"","overlay-type":"","overlay-color":"","overlay-opacity":"","overlay-gradient":""}},"_joinchat":[]},"product_brand":[],"product_cat":[805],"product_tag":[],"class_list":{"0":"post-17975","1":"product","2":"type-product","3":"status-publish","4":"has-post-thumbnail","6":"product_cat-rape-pt-br","7":"desktop-align-center","8":"tablet-align-left","9":"mobile-align-left","11":"first","12":"instock","13":"shipping-taxable","14":"purchasable","15":"product-type-variable"},"yoast_head":"<!-- This site is optimized with the Yoast SEO Premium plugin v22.6 (Yoast SEO v27.6) - https:\/\/yoast.com\/product\/yoast-seo-premium-wordpress\/ -->\n<title>Rap\u00e9 Aroeira: Superando a procrastina\u00e7\u00e3o<\/title>\n<meta name=\"description\" content=\"Descubra o rap\u00e9 Aroeira, conhecido como o &quot;rap\u00e9 da responsabilidade&quot;, que desbloqueia as energias estagnadas nos chakras raiz e no plexo solar, combatendo a procrastina\u00e7\u00e3o e aumentando a produtividade. Ideal para aqueles que lutam contra a falta de motiva\u00e7\u00e3o e desejam fortalecer a conex\u00e3o com seus centros de energia. Integre a Aroeira Rap\u00e9 em sua rotina para ativar todo o seu potencial e atingir seus objetivos com confian\u00e7a e clareza.\" \/>\n<meta name=\"robots\" content=\"index, follow, max-snippet:-1, max-image-preview:large, max-video-preview:-1\" \/>\n<link rel=\"canonical\" href=\"https:\/\/ancestrina.com\/pt-br\/producto\/pescador-aroeira\/\" \/>\n<meta property=\"og:locale\" content=\"pt_BR\" \/>\n<meta property=\"og:type\" content=\"article\" \/>\n<meta property=\"og:title\" content=\"Aroeira\" \/>\n<meta property=\"og:description\" content=\"Descubra o rap\u00e9 Aroeira, conhecido como o &quot;rap\u00e9 da responsabilidade&quot;, que desbloqueia as energias estagnadas nos chakras raiz e no plexo solar, combatendo a procrastina\u00e7\u00e3o e aumentando a produtividade. Ideal para aqueles que lutam contra a falta de motiva\u00e7\u00e3o e desejam fortalecer a conex\u00e3o com seus centros de energia. Integre a Aroeira Rap\u00e9 em sua rotina para ativar todo o seu potencial e atingir seus objetivos com confian\u00e7a e clareza.\" \/>\n<meta property=\"og:url\" content=\"https:\/\/ancestrina.com\/pt-br\/producto\/pescador-aroeira\/\" \/>\n<meta property=\"og:site_name\" content=\"Ancestrina\" \/>\n<meta property=\"article:publisher\" content=\"https:\/\/www.facebook.com\/Ancestrina\/\" \/>\n<meta property=\"article:modified_time\" content=\"2026-05-15T21:20:39+00:00\" \/>\n<meta property=\"og:image\" content=\"https:\/\/ancestrina.com\/wp-content\/uploads\/Aroeira.jpg\" \/>\n\t<meta property=\"og:image:width\" content=\"2048\" \/>\n\t<meta property=\"og:image:height\" content=\"2048\" \/>\n\t<meta property=\"og:image:type\" content=\"image\/jpeg\" \/>\n<meta name=\"twitter:card\" content=\"summary_large_image\" \/>\n<meta name=\"twitter:label1\" content=\"Est. tempo de leitura\" \/>\n\t<meta name=\"twitter:data1\" content=\"1 minuto\" \/>\n<script type=\"application\/ld+json\" class=\"yoast-schema-graph\">{\"@context\":\"https:\\\/\\\/schema.org\",\"@graph\":[{\"@type\":\"WebPage\",\"@id\":\"https:\\\/\\\/ancestrina.com\\\/pt-br\\\/producto\\\/pescador-aroeira\\\/\",\"url\":\"https:\\\/\\\/ancestrina.com\\\/pt-br\\\/producto\\\/pescador-aroeira\\\/\",\"name\":\"Rap\u00e9 Aroeira: Superando a procrastina\u00e7\u00e3o\",\"isPartOf\":{\"@id\":\"https:\\\/\\\/ancestrina.com\\\/pt-br\\\/#website\"},\"primaryImageOfPage\":{\"@id\":\"https:\\\/\\\/ancestrina.com\\\/pt-br\\\/producto\\\/pescador-aroeira\\\/#primaryimage\"},\"image\":{\"@id\":\"https:\\\/\\\/ancestrina.com\\\/pt-br\\\/producto\\\/pescador-aroeira\\\/#primaryimage\"},\"thumbnailUrl\":\"https:\\\/\\\/ancestrina.com\\\/wp-content\\\/uploads\\\/Aroeira.jpg\",\"datePublished\":\"2021-01-19T20:35:58+00:00\",\"dateModified\":\"2026-05-15T21:20:39+00:00\",\"description\":\"Descubra o rap\u00e9 Aroeira, conhecido como o \\\"rap\u00e9 da responsabilidade\\\", que desbloqueia as energias estagnadas nos chakras raiz e no plexo solar, combatendo a procrastina\u00e7\u00e3o e aumentando a produtividade. Ideal para aqueles que lutam contra a falta de motiva\u00e7\u00e3o e desejam fortalecer a conex\u00e3o com seus centros de energia. Integre a Aroeira Rap\u00e9 em sua rotina para ativar todo o seu potencial e atingir seus objetivos com confian\u00e7a e clareza.\",\"breadcrumb\":{\"@id\":\"https:\\\/\\\/ancestrina.com\\\/pt-br\\\/producto\\\/pescador-aroeira\\\/#breadcrumb\"},\"inLanguage\":\"pt-BR\",\"potentialAction\":[{\"@type\":\"ReadAction\",\"target\":[\"https:\\\/\\\/ancestrina.com\\\/pt-br\\\/producto\\\/pescador-aroeira\\\/\"]}]},{\"@type\":\"ImageObject\",\"inLanguage\":\"pt-BR\",\"@id\":\"https:\\\/\\\/ancestrina.com\\\/pt-br\\\/producto\\\/pescador-aroeira\\\/#primaryimage\",\"url\":\"https:\\\/\\\/ancestrina.com\\\/wp-content\\\/uploads\\\/Aroeira.jpg\",\"contentUrl\":\"https:\\\/\\\/ancestrina.com\\\/wp-content\\\/uploads\\\/Aroeira.jpg\",\"width\":2048,\"height\":2048},{\"@type\":\"BreadcrumbList\",\"@id\":\"https:\\\/\\\/ancestrina.com\\\/pt-br\\\/producto\\\/pescador-aroeira\\\/#breadcrumb\",\"itemListElement\":[{\"@type\":\"ListItem\",\"position\":1,\"name\":\"Home\",\"item\":\"https:\\\/\\\/ancestrina.com\\\/pt-br\\\/casa\\\/\"},{\"@type\":\"ListItem\",\"position\":2,\"name\":\"tienda\",\"item\":\"https:\\\/\\\/ancestrina.com\\\/pt-br\\\/tienda\\\/\"},{\"@type\":\"ListItem\",\"position\":3,\"name\":\"Aroeira\"}]},{\"@type\":\"WebSite\",\"@id\":\"https:\\\/\\\/ancestrina.com\\\/pt-br\\\/#website\",\"url\":\"https:\\\/\\\/ancestrina.com\\\/pt-br\\\/\",\"name\":\"Ancestrina\",\"description\":\"Trabajamos experiencias con plantas maestras, terapias integradoras y cultos ancestrales\",\"publisher\":{\"@id\":\"https:\\\/\\\/ancestrina.com\\\/pt-br\\\/#organization\"},\"potentialAction\":[{\"@type\":\"SearchAction\",\"target\":{\"@type\":\"EntryPoint\",\"urlTemplate\":\"https:\\\/\\\/ancestrina.com\\\/pt-br\\\/?s={search_term_string}\"},\"query-input\":{\"@type\":\"PropertyValueSpecification\",\"valueRequired\":true,\"valueName\":\"search_term_string\"}}],\"inLanguage\":\"pt-BR\"},{\"@type\":\"Organization\",\"@id\":\"https:\\\/\\\/ancestrina.com\\\/pt-br\\\/#organization\",\"name\":\"Ancestrina\",\"url\":\"https:\\\/\\\/ancestrina.com\\\/pt-br\\\/\",\"logo\":{\"@type\":\"ImageObject\",\"inLanguage\":\"pt-BR\",\"@id\":\"https:\\\/\\\/ancestrina.com\\\/pt-br\\\/#\\\/schema\\\/logo\\\/image\\\/\",\"url\":\"https:\\\/\\\/ancestrina.com\\\/wp-content\\\/uploads\\\/2020\\\/06\\\/cropped-LOGO-ANCESTRINA-1.png\",\"contentUrl\":\"https:\\\/\\\/ancestrina.com\\\/wp-content\\\/uploads\\\/2020\\\/06\\\/cropped-LOGO-ANCESTRINA-1.png\",\"width\":630,\"height\":202,\"caption\":\"Ancestrina\"},\"image\":{\"@id\":\"https:\\\/\\\/ancestrina.com\\\/pt-br\\\/#\\\/schema\\\/logo\\\/image\\\/\"},\"sameAs\":[\"https:\\\/\\\/www.facebook.com\\\/Ancestrina\\\/\",\"https:\\\/\\\/www.instagram.com\\\/ancestrina\\\/\",\"https:\\\/\\\/www.youtube.com\\\/channel\\\/UCgtt6WFhEIVEI30PzxlOeIw\"]}]}<\/script>\n<!-- \/ Yoast SEO Premium plugin. -->","yoast_head_json":{"title":"Rap\u00e9 Aroeira: Superando a procrastina\u00e7\u00e3o","description":"Descubra o rap\u00e9 Aroeira, conhecido como o \"rap\u00e9 da responsabilidade\", que desbloqueia as energias estagnadas nos chakras raiz e no plexo solar, combatendo a procrastina\u00e7\u00e3o e aumentando a produtividade. Ideal para aqueles que lutam contra a falta de motiva\u00e7\u00e3o e desejam fortalecer a conex\u00e3o com seus centros de energia. Integre a Aroeira Rap\u00e9 em sua rotina para ativar todo o seu potencial e atingir seus objetivos com confian\u00e7a e clareza.","robots":{"index":"index","follow":"follow","max-snippet":"max-snippet:-1","max-image-preview":"max-image-preview:large","max-video-preview":"max-video-preview:-1"},"canonical":"https:\/\/ancestrina.com\/pt-br\/producto\/pescador-aroeira\/","og_locale":"pt_BR","og_type":"article","og_title":"Aroeira","og_description":"Descubra o rap\u00e9 Aroeira, conhecido como o \"rap\u00e9 da responsabilidade\", que desbloqueia as energias estagnadas nos chakras raiz e no plexo solar, combatendo a procrastina\u00e7\u00e3o e aumentando a produtividade. Ideal para aqueles que lutam contra a falta de motiva\u00e7\u00e3o e desejam fortalecer a conex\u00e3o com seus centros de energia. Integre a Aroeira Rap\u00e9 em sua rotina para ativar todo o seu potencial e atingir seus objetivos com confian\u00e7a e clareza.","og_url":"https:\/\/ancestrina.com\/pt-br\/producto\/pescador-aroeira\/","og_site_name":"Ancestrina","article_publisher":"https:\/\/www.facebook.com\/Ancestrina\/","article_modified_time":"2026-05-15T21:20:39+00:00","og_image":[{"width":2048,"height":2048,"url":"https:\/\/ancestrina.com\/wp-content\/uploads\/Aroeira.jpg","type":"image\/jpeg"}],"twitter_card":"summary_large_image","twitter_misc":{"Est. tempo de leitura":"1 minuto"},"schema":{"@context":"https:\/\/schema.org","@graph":[{"@type":"WebPage","@id":"https:\/\/ancestrina.com\/pt-br\/producto\/pescador-aroeira\/","url":"https:\/\/ancestrina.com\/pt-br\/producto\/pescador-aroeira\/","name":"Rap\u00e9 Aroeira: Superando a procrastina\u00e7\u00e3o","isPartOf":{"@id":"https:\/\/ancestrina.com\/pt-br\/#website"},"primaryImageOfPage":{"@id":"https:\/\/ancestrina.com\/pt-br\/producto\/pescador-aroeira\/#primaryimage"},"image":{"@id":"https:\/\/ancestrina.com\/pt-br\/producto\/pescador-aroeira\/#primaryimage"},"thumbnailUrl":"https:\/\/ancestrina.com\/wp-content\/uploads\/Aroeira.jpg","datePublished":"2021-01-19T20:35:58+00:00","dateModified":"2026-05-15T21:20:39+00:00","description":"Descubra o rap\u00e9 Aroeira, conhecido como o \"rap\u00e9 da responsabilidade\", que desbloqueia as energias estagnadas nos chakras raiz e no plexo solar, combatendo a procrastina\u00e7\u00e3o e aumentando a produtividade. Ideal para aqueles que lutam contra a falta de motiva\u00e7\u00e3o e desejam fortalecer a conex\u00e3o com seus centros de energia. Integre a Aroeira Rap\u00e9 em sua rotina para ativar todo o seu potencial e atingir seus objetivos com confian\u00e7a e clareza.","breadcrumb":{"@id":"https:\/\/ancestrina.com\/pt-br\/producto\/pescador-aroeira\/#breadcrumb"},"inLanguage":"pt-BR","potentialAction":[{"@type":"ReadAction","target":["https:\/\/ancestrina.com\/pt-br\/producto\/pescador-aroeira\/"]}]},{"@type":"ImageObject","inLanguage":"pt-BR","@id":"https:\/\/ancestrina.com\/pt-br\/producto\/pescador-aroeira\/#primaryimage","url":"https:\/\/ancestrina.com\/wp-content\/uploads\/Aroeira.jpg","contentUrl":"https:\/\/ancestrina.com\/wp-content\/uploads\/Aroeira.jpg","width":2048,"height":2048},{"@type":"BreadcrumbList","@id":"https:\/\/ancestrina.com\/pt-br\/producto\/pescador-aroeira\/#breadcrumb","itemListElement":[{"@type":"ListItem","position":1,"name":"Home","item":"https:\/\/ancestrina.com\/pt-br\/casa\/"},{"@type":"ListItem","position":2,"name":"tienda","item":"https:\/\/ancestrina.com\/pt-br\/tienda\/"},{"@type":"ListItem","position":3,"name":"Aroeira"}]},{"@type":"WebSite","@id":"https:\/\/ancestrina.com\/pt-br\/#website","url":"https:\/\/ancestrina.com\/pt-br\/","name":"Ancestrina","description":"Trabajamos experiencias con plantas maestras, terapias integradoras y cultos ancestrales","publisher":{"@id":"https:\/\/ancestrina.com\/pt-br\/#organization"},"potentialAction":[{"@type":"SearchAction","target":{"@type":"EntryPoint","urlTemplate":"https:\/\/ancestrina.com\/pt-br\/?s={search_term_string}"},"query-input":{"@type":"PropertyValueSpecification","valueRequired":true,"valueName":"search_term_string"}}],"inLanguage":"pt-BR"},{"@type":"Organization","@id":"https:\/\/ancestrina.com\/pt-br\/#organization","name":"Ancestrina","url":"https:\/\/ancestrina.com\/pt-br\/","logo":{"@type":"ImageObject","inLanguage":"pt-BR","@id":"https:\/\/ancestrina.com\/pt-br\/#\/schema\/logo\/image\/","url":"https:\/\/ancestrina.com\/wp-content\/uploads\/2020\/06\/cropped-LOGO-ANCESTRINA-1.png","contentUrl":"https:\/\/ancestrina.com\/wp-content\/uploads\/2020\/06\/cropped-LOGO-ANCESTRINA-1.png","width":630,"height":202,"caption":"Ancestrina"},"image":{"@id":"https:\/\/ancestrina.com\/pt-br\/#\/schema\/logo\/image\/"},"sameAs":["https:\/\/www.facebook.com\/Ancestrina\/","https:\/\/www.instagram.com\/ancestrina\/","https:\/\/www.youtube.com\/channel\/UCgtt6WFhEIVEI30PzxlOeIw"]}]}},"_links":{"self":[{"href":"https:\/\/ancestrina.com\/pt-br\/wp-json\/wp\/v2\/product\/17975","targetHints":{"allow":["GET"]}}],"collection":[{"href":"https:\/\/ancestrina.com\/pt-br\/wp-json\/wp\/v2\/product"}],"about":[{"href":"https:\/\/ancestrina.com\/pt-br\/wp-json\/wp\/v2\/types\/product"}],"replies":[{"embeddable":true,"href":"https:\/\/ancestrina.com\/pt-br\/wp-json\/wp\/v2\/comments?post=17975"}],"version-history":[{"count":2,"href":"https:\/\/ancestrina.com\/pt-br\/wp-json\/wp\/v2\/product\/17975\/revisions"}],"predecessor-version":[{"id":37866,"href":"https:\/\/ancestrina.com\/pt-br\/wp-json\/wp\/v2\/product\/17975\/revisions\/37866"}],"wp:featuredmedia":[{"embeddable":true,"href":"https:\/\/ancestrina.com\/pt-br\/wp-json\/wp\/v2\/media\/34468"}],"wp:attachment":[{"href":"https:\/\/ancestrina.com\/pt-br\/wp-json\/wp\/v2\/media?parent=17975"}],"wp:term":[{"taxonomy":"product_brand","embeddable":true,"href":"https:\/\/ancestrina.com\/pt-br\/wp-json\/wp\/v2\/product_brand?post=17975"},{"taxonomy":"product_cat","embeddable":true,"href":"https:\/\/ancestrina.com\/pt-br\/wp-json\/wp\/v2\/product_cat?post=17975"},{"taxonomy":"product_tag","embeddable":true,"href":"https:\/\/ancestrina.com\/pt-br\/wp-json\/wp\/v2\/product_tag?post=17975"}],"curies":[{"name":"wp","href":"https:\/\/api.w.org\/{rel}","templated":true}]}}