{"id":17961,"date":"2021-01-19T20:39:01","date_gmt":"2021-01-19T20:39:01","guid":{"rendered":"http:\/\/ancestrina.com\/producto\/rape-tahuari\/"},"modified":"2026-05-12T18:32:53","modified_gmt":"2026-05-12T23:32:53","slug":"rape-tahuari","status":"publish","type":"product","link":"https:\/\/ancestrina.com\/pt-br\/producto\/rape-tahuari\/","title":{"rendered":"Tahuar\u00ed"},"content":{"rendered":"<p>Descubra o poder terap\u00eautico do rap\u00e9 Tahuari, um medicamento antigo profundamente enraizado nas pr\u00e1ticas tradicionais de cura. Esse rap\u00e9 \u00e9 especialmente valorizado por sua capacidade de restaurar o equil\u00edbrio do sistema nervoso, oferecendo v\u00e1rios benef\u00edcios para quem busca al\u00edvio e estabilidade emocional. Aqui est\u00e3o cinco benef\u00edcios principais desse poderoso rap\u00e9:  <\/p>\n<ol>\n<li><strong>Al\u00edvio do estresse e da ansiedade:<\/strong> o Tahuari \u00e9 eficaz na redu\u00e7\u00e3o dos n\u00edveis de estresse e ansiedade, proporcionando uma sensa\u00e7\u00e3o duradoura de calma e relaxamento.<\/li>\n<li><strong>Melhoria do sono:<\/strong> gra\u00e7as ao seu teor de triptofano, esse rap\u00e9 ajuda a regular os ciclos do sono, promovendo um sono mais profundo e repousante.<\/li>\n<li><strong>Equil\u00edbrio emocional:<\/strong> atua diretamente nos chakras associados \u00e0s emo\u00e7\u00f5es, ajudando a desbloquear as energias estagnadas e a promover maior harmonia interior.<\/li>\n<li><strong>Aumento da serotonina:<\/strong> o triptofano do Tahuari estimula a produ\u00e7\u00e3o de serotonina, melhorando o humor e o bem-estar geral.<\/li>\n<li><strong>Apoio \u00e0 medita\u00e7\u00e3o:<\/strong> seu efeito calmante o torna ideal para aprofundar as pr\u00e1ticas de medita\u00e7\u00e3o, ajudando a alcan\u00e7ar estados de consci\u00eancia mais profundos e conectados.<\/li>\n<\/ol>\n<p>O Rap\u00e9 Tahuari \u00e9 ideal para aqueles que:<\/p>\n<ul>\n<li>Eles experimentam altos n\u00edveis de estresse e ansiedade em suas vidas di\u00e1rias.<\/li>\n<li>Eles lutam contra a ins\u00f4nia ou a m\u00e1 qualidade do sono.<\/li>\n<li>Elas est\u00e3o procurando uma ferramenta natural para melhorar seu bem-estar emocional.<\/li>\n<li>Eles est\u00e3o interessados em pr\u00e1ticas espirituais e querem aprofundar sua experi\u00eancia meditativa.<\/li>\n<li>Eles querem uma solu\u00e7\u00e3o hol\u00edstica para equilibrar sua energia interna.<\/li>\n<\/ul>\n<p>Incorpore o Tahuari Rap\u00e9 em sua rotina di\u00e1ria e sinta como ele transforma seu bem-estar emocional e f\u00edsico, oferecendo-lhe um caminho para uma vida mais equilibrada e realizada.<\/p>\n","protected":false},"excerpt":{"rendered":"<p>O rap\u00e9 Tahuari \u00e9 um medicamento antigo desenvolvido para regular o sistema nervoso, oferecendo al\u00edvio da ansiedade, do estresse, da ins\u00f4nia e da depress\u00e3o. Esse rap\u00e9 funciona equilibrando as emo\u00e7\u00f5es e ajudando a restaurar a calma interior, promovendo um estado de relaxamento profundo. Ideal para quem busca combater os efeitos do estresse di\u00e1rio e alcan\u00e7ar um bem-estar emocional duradouro.  <\/p>\n<p>Perfeito para quem enfrenta desafios emocionais ou busca melhorar a qualidade do sono, o Tahuari Rap\u00e9 facilita a libera\u00e7\u00e3o de energias acumuladas, ajudando voc\u00ea a experimentar uma paz interior profunda e est\u00e1vel.<\/p>\n","protected":false},"featured_media":35139,"comment_status":"closed","ping_status":"closed","template":"","meta":{"order-bump-settings":[],"_wpfnl_thankyou_order_overview":"on","_wpfnl_thankyou_order_details":"on","_wpfnl_thankyou_billing_details":"on","_wpfnl_thankyou_shipping_details":"on","site-sidebar-layout":"default","site-content-layout":"plain-container","ast-site-content-layout":"normal-width-container","site-content-style":"unboxed","site-sidebar-style":"unboxed","ast-global-header-display":"","ast-banner-title-visibility":"","ast-main-header-display":"","ast-hfb-above-header-display":"","ast-hfb-below-header-display":"","ast-hfb-mobile-header-display":"","site-post-title":"","ast-breadcrumbs-content":"","ast-featured-img":"","footer-sml-layout":"","ast-disable-related-posts":"","theme-transparent-header-meta":"disabled","adv-header-id-meta":"","stick-header-meta":"","header-above-stick-meta":"","header-main-stick-meta":"","header-below-stick-meta":"","astra-migrate-meta-layouts":"default","ast-page-background-enabled":"default","ast-page-background-meta":{"desktop":{"background-color":"","background-image":"","background-repeat":"repeat","background-position":"center center","background-size":"auto","background-attachment":"scroll","background-type":"","background-media":"","overlay-type":"","overlay-color":"","overlay-opacity":"","overlay-gradient":""},"tablet":{"background-color":"","background-image":"","background-repeat":"repeat","background-position":"center center","background-size":"auto","background-attachment":"scroll","background-type":"","background-media":"","overlay-type":"","overlay-color":"","overlay-opacity":"","overlay-gradient":""},"mobile":{"background-color":"","background-image":"","background-repeat":"repeat","background-position":"center center","background-size":"auto","background-attachment":"scroll","background-type":"","background-media":"","overlay-type":"","overlay-color":"","overlay-opacity":"","overlay-gradient":""}},"ast-content-background-meta":{"desktop":{"background-color":"var(--ast-global-color-5)","background-image":"","background-repeat":"repeat","background-position":"center center","background-size":"auto","background-attachment":"scroll","background-type":"","background-media":"","overlay-type":"","overlay-color":"","overlay-opacity":"","overlay-gradient":""},"tablet":{"background-color":"var(--ast-global-color-5)","background-image":"","background-repeat":"repeat","background-position":"center center","background-size":"auto","background-attachment":"scroll","background-type":"","background-media":"","overlay-type":"","overlay-color":"","overlay-opacity":"","overlay-gradient":""},"mobile":{"background-color":"var(--ast-global-color-5)","background-image":"","background-repeat":"repeat","background-position":"center center","background-size":"auto","background-attachment":"scroll","background-type":"","background-media":"","overlay-type":"","overlay-color":"","overlay-opacity":"","overlay-gradient":""}},"_joinchat":[]},"product_brand":[],"product_cat":[805],"product_tag":[],"class_list":{"0":"post-17961","1":"product","2":"type-product","3":"status-publish","4":"has-post-thumbnail","6":"product_cat-rape-pt-br","7":"desktop-align-center","8":"tablet-align-left","9":"mobile-align-left","11":"first","12":"instock","13":"shipping-taxable","14":"purchasable","15":"product-type-variable"},"yoast_head":"<!-- This site is optimized with the Yoast SEO Premium plugin v22.6 (Yoast SEO v27.6) - https:\/\/yoast.com\/product\/yoast-seo-premium-wordpress\/ -->\n<title>Rap\u00e9 Tahuari: equil\u00edbrio e serenidade para seu bem-estar<\/title>\n<meta name=\"description\" content=\"Descubra o poder terap\u00eautico do Tahuari Rap\u00e9, uma medicina milenar que restaura o equil\u00edbrio do sistema nervoso, proporcionando al\u00edvio do estresse, melhora do sono e equil\u00edbrio emocional. Ideal para quem busca bem-estar hol\u00edstico e uma experi\u00eancia meditativa mais profunda. Incorpore o Tahuari Rap\u00e9 em sua rotina di\u00e1ria para ter uma vida mais equilibrada e satisfat\u00f3ria.\" \/>\n<meta name=\"robots\" content=\"index, follow, max-snippet:-1, max-image-preview:large, max-video-preview:-1\" \/>\n<link rel=\"canonical\" href=\"https:\/\/ancestrina.com\/pt-br\/producto\/rape-tahuari\/\" \/>\n<meta property=\"og:locale\" content=\"pt_BR\" \/>\n<meta property=\"og:type\" content=\"article\" \/>\n<meta property=\"og:title\" content=\"Tahuar\u00ed\" \/>\n<meta property=\"og:description\" content=\"Descubra o poder terap\u00eautico do Tahuari Rap\u00e9, uma medicina milenar que restaura o equil\u00edbrio do sistema nervoso, proporcionando al\u00edvio do estresse, melhora do sono e equil\u00edbrio emocional. Ideal para quem busca bem-estar hol\u00edstico e uma experi\u00eancia meditativa mais profunda. Incorpore o Tahuari Rap\u00e9 em sua rotina di\u00e1ria para ter uma vida mais equilibrada e satisfat\u00f3ria.\" \/>\n<meta property=\"og:url\" content=\"https:\/\/ancestrina.com\/pt-br\/producto\/rape-tahuari\/\" \/>\n<meta property=\"og:site_name\" content=\"Ancestrina\" \/>\n<meta property=\"article:publisher\" content=\"https:\/\/www.facebook.com\/Ancestrina\/\" \/>\n<meta property=\"article:modified_time\" content=\"2026-05-12T23:32:53+00:00\" \/>\n<meta property=\"og:image\" content=\"https:\/\/ancestrina.com\/wp-content\/uploads\/tahuari.jpg\" \/>\n\t<meta property=\"og:image:width\" content=\"2048\" \/>\n\t<meta property=\"og:image:height\" content=\"2048\" \/>\n\t<meta property=\"og:image:type\" content=\"image\/jpeg\" \/>\n<meta name=\"twitter:card\" content=\"summary_large_image\" \/>\n<meta name=\"twitter:label1\" content=\"Est. tempo de leitura\" \/>\n\t<meta name=\"twitter:data1\" content=\"1 minuto\" \/>\n<script type=\"application\/ld+json\" class=\"yoast-schema-graph\">{\"@context\":\"https:\\\/\\\/schema.org\",\"@graph\":[{\"@type\":\"WebPage\",\"@id\":\"https:\\\/\\\/ancestrina.com\\\/pt-br\\\/producto\\\/rape-tahuari\\\/\",\"url\":\"https:\\\/\\\/ancestrina.com\\\/pt-br\\\/producto\\\/rape-tahuari\\\/\",\"name\":\"Rap\u00e9 Tahuari: equil\u00edbrio e serenidade para seu bem-estar\",\"isPartOf\":{\"@id\":\"https:\\\/\\\/ancestrina.com\\\/pt-br\\\/#website\"},\"primaryImageOfPage\":{\"@id\":\"https:\\\/\\\/ancestrina.com\\\/pt-br\\\/producto\\\/rape-tahuari\\\/#primaryimage\"},\"image\":{\"@id\":\"https:\\\/\\\/ancestrina.com\\\/pt-br\\\/producto\\\/rape-tahuari\\\/#primaryimage\"},\"thumbnailUrl\":\"https:\\\/\\\/ancestrina.com\\\/wp-content\\\/uploads\\\/tahuari.jpg\",\"datePublished\":\"2021-01-19T20:39:01+00:00\",\"dateModified\":\"2026-05-12T23:32:53+00:00\",\"description\":\"Descubra o poder terap\u00eautico do Tahuari Rap\u00e9, uma medicina milenar que restaura o equil\u00edbrio do sistema nervoso, proporcionando al\u00edvio do estresse, melhora do sono e equil\u00edbrio emocional. Ideal para quem busca bem-estar hol\u00edstico e uma experi\u00eancia meditativa mais profunda. Incorpore o Tahuari Rap\u00e9 em sua rotina di\u00e1ria para ter uma vida mais equilibrada e satisfat\u00f3ria.\",\"breadcrumb\":{\"@id\":\"https:\\\/\\\/ancestrina.com\\\/pt-br\\\/producto\\\/rape-tahuari\\\/#breadcrumb\"},\"inLanguage\":\"pt-BR\",\"potentialAction\":[{\"@type\":\"ReadAction\",\"target\":[\"https:\\\/\\\/ancestrina.com\\\/pt-br\\\/producto\\\/rape-tahuari\\\/\"]}]},{\"@type\":\"ImageObject\",\"inLanguage\":\"pt-BR\",\"@id\":\"https:\\\/\\\/ancestrina.com\\\/pt-br\\\/producto\\\/rape-tahuari\\\/#primaryimage\",\"url\":\"https:\\\/\\\/ancestrina.com\\\/wp-content\\\/uploads\\\/tahuari.jpg\",\"contentUrl\":\"https:\\\/\\\/ancestrina.com\\\/wp-content\\\/uploads\\\/tahuari.jpg\",\"width\":2048,\"height\":2048},{\"@type\":\"BreadcrumbList\",\"@id\":\"https:\\\/\\\/ancestrina.com\\\/pt-br\\\/producto\\\/rape-tahuari\\\/#breadcrumb\",\"itemListElement\":[{\"@type\":\"ListItem\",\"position\":1,\"name\":\"Home\",\"item\":\"https:\\\/\\\/ancestrina.com\\\/pt-br\\\/casa\\\/\"},{\"@type\":\"ListItem\",\"position\":2,\"name\":\"tienda\",\"item\":\"https:\\\/\\\/ancestrina.com\\\/pt-br\\\/tienda\\\/\"},{\"@type\":\"ListItem\",\"position\":3,\"name\":\"Tahuar\u00ed\"}]},{\"@type\":\"WebSite\",\"@id\":\"https:\\\/\\\/ancestrina.com\\\/pt-br\\\/#website\",\"url\":\"https:\\\/\\\/ancestrina.com\\\/pt-br\\\/\",\"name\":\"Ancestrina\",\"description\":\"Trabajamos experiencias con plantas maestras, terapias integradoras y cultos ancestrales\",\"publisher\":{\"@id\":\"https:\\\/\\\/ancestrina.com\\\/pt-br\\\/#organization\"},\"potentialAction\":[{\"@type\":\"SearchAction\",\"target\":{\"@type\":\"EntryPoint\",\"urlTemplate\":\"https:\\\/\\\/ancestrina.com\\\/pt-br\\\/?s={search_term_string}\"},\"query-input\":{\"@type\":\"PropertyValueSpecification\",\"valueRequired\":true,\"valueName\":\"search_term_string\"}}],\"inLanguage\":\"pt-BR\"},{\"@type\":\"Organization\",\"@id\":\"https:\\\/\\\/ancestrina.com\\\/pt-br\\\/#organization\",\"name\":\"Ancestrina\",\"url\":\"https:\\\/\\\/ancestrina.com\\\/pt-br\\\/\",\"logo\":{\"@type\":\"ImageObject\",\"inLanguage\":\"pt-BR\",\"@id\":\"https:\\\/\\\/ancestrina.com\\\/pt-br\\\/#\\\/schema\\\/logo\\\/image\\\/\",\"url\":\"https:\\\/\\\/ancestrina.com\\\/wp-content\\\/uploads\\\/2020\\\/06\\\/cropped-LOGO-ANCESTRINA-1.png\",\"contentUrl\":\"https:\\\/\\\/ancestrina.com\\\/wp-content\\\/uploads\\\/2020\\\/06\\\/cropped-LOGO-ANCESTRINA-1.png\",\"width\":630,\"height\":202,\"caption\":\"Ancestrina\"},\"image\":{\"@id\":\"https:\\\/\\\/ancestrina.com\\\/pt-br\\\/#\\\/schema\\\/logo\\\/image\\\/\"},\"sameAs\":[\"https:\\\/\\\/www.facebook.com\\\/Ancestrina\\\/\",\"https:\\\/\\\/www.instagram.com\\\/ancestrina\\\/\",\"https:\\\/\\\/www.youtube.com\\\/channel\\\/UCgtt6WFhEIVEI30PzxlOeIw\"]}]}<\/script>\n<!-- \/ Yoast SEO Premium plugin. -->","yoast_head_json":{"title":"Rap\u00e9 Tahuari: equil\u00edbrio e serenidade para seu bem-estar","description":"Descubra o poder terap\u00eautico do Tahuari Rap\u00e9, uma medicina milenar que restaura o equil\u00edbrio do sistema nervoso, proporcionando al\u00edvio do estresse, melhora do sono e equil\u00edbrio emocional. Ideal para quem busca bem-estar hol\u00edstico e uma experi\u00eancia meditativa mais profunda. Incorpore o Tahuari Rap\u00e9 em sua rotina di\u00e1ria para ter uma vida mais equilibrada e satisfat\u00f3ria.","robots":{"index":"index","follow":"follow","max-snippet":"max-snippet:-1","max-image-preview":"max-image-preview:large","max-video-preview":"max-video-preview:-1"},"canonical":"https:\/\/ancestrina.com\/pt-br\/producto\/rape-tahuari\/","og_locale":"pt_BR","og_type":"article","og_title":"Tahuar\u00ed","og_description":"Descubra o poder terap\u00eautico do Tahuari Rap\u00e9, uma medicina milenar que restaura o equil\u00edbrio do sistema nervoso, proporcionando al\u00edvio do estresse, melhora do sono e equil\u00edbrio emocional. Ideal para quem busca bem-estar hol\u00edstico e uma experi\u00eancia meditativa mais profunda. Incorpore o Tahuari Rap\u00e9 em sua rotina di\u00e1ria para ter uma vida mais equilibrada e satisfat\u00f3ria.","og_url":"https:\/\/ancestrina.com\/pt-br\/producto\/rape-tahuari\/","og_site_name":"Ancestrina","article_publisher":"https:\/\/www.facebook.com\/Ancestrina\/","article_modified_time":"2026-05-12T23:32:53+00:00","og_image":[{"width":2048,"height":2048,"url":"https:\/\/ancestrina.com\/wp-content\/uploads\/tahuari.jpg","type":"image\/jpeg"}],"twitter_card":"summary_large_image","twitter_misc":{"Est. tempo de leitura":"1 minuto"},"schema":{"@context":"https:\/\/schema.org","@graph":[{"@type":"WebPage","@id":"https:\/\/ancestrina.com\/pt-br\/producto\/rape-tahuari\/","url":"https:\/\/ancestrina.com\/pt-br\/producto\/rape-tahuari\/","name":"Rap\u00e9 Tahuari: equil\u00edbrio e serenidade para seu bem-estar","isPartOf":{"@id":"https:\/\/ancestrina.com\/pt-br\/#website"},"primaryImageOfPage":{"@id":"https:\/\/ancestrina.com\/pt-br\/producto\/rape-tahuari\/#primaryimage"},"image":{"@id":"https:\/\/ancestrina.com\/pt-br\/producto\/rape-tahuari\/#primaryimage"},"thumbnailUrl":"https:\/\/ancestrina.com\/wp-content\/uploads\/tahuari.jpg","datePublished":"2021-01-19T20:39:01+00:00","dateModified":"2026-05-12T23:32:53+00:00","description":"Descubra o poder terap\u00eautico do Tahuari Rap\u00e9, uma medicina milenar que restaura o equil\u00edbrio do sistema nervoso, proporcionando al\u00edvio do estresse, melhora do sono e equil\u00edbrio emocional. Ideal para quem busca bem-estar hol\u00edstico e uma experi\u00eancia meditativa mais profunda. Incorpore o Tahuari Rap\u00e9 em sua rotina di\u00e1ria para ter uma vida mais equilibrada e satisfat\u00f3ria.","breadcrumb":{"@id":"https:\/\/ancestrina.com\/pt-br\/producto\/rape-tahuari\/#breadcrumb"},"inLanguage":"pt-BR","potentialAction":[{"@type":"ReadAction","target":["https:\/\/ancestrina.com\/pt-br\/producto\/rape-tahuari\/"]}]},{"@type":"ImageObject","inLanguage":"pt-BR","@id":"https:\/\/ancestrina.com\/pt-br\/producto\/rape-tahuari\/#primaryimage","url":"https:\/\/ancestrina.com\/wp-content\/uploads\/tahuari.jpg","contentUrl":"https:\/\/ancestrina.com\/wp-content\/uploads\/tahuari.jpg","width":2048,"height":2048},{"@type":"BreadcrumbList","@id":"https:\/\/ancestrina.com\/pt-br\/producto\/rape-tahuari\/#breadcrumb","itemListElement":[{"@type":"ListItem","position":1,"name":"Home","item":"https:\/\/ancestrina.com\/pt-br\/casa\/"},{"@type":"ListItem","position":2,"name":"tienda","item":"https:\/\/ancestrina.com\/pt-br\/tienda\/"},{"@type":"ListItem","position":3,"name":"Tahuar\u00ed"}]},{"@type":"WebSite","@id":"https:\/\/ancestrina.com\/pt-br\/#website","url":"https:\/\/ancestrina.com\/pt-br\/","name":"Ancestrina","description":"Trabajamos experiencias con plantas maestras, terapias integradoras y cultos ancestrales","publisher":{"@id":"https:\/\/ancestrina.com\/pt-br\/#organization"},"potentialAction":[{"@type":"SearchAction","target":{"@type":"EntryPoint","urlTemplate":"https:\/\/ancestrina.com\/pt-br\/?s={search_term_string}"},"query-input":{"@type":"PropertyValueSpecification","valueRequired":true,"valueName":"search_term_string"}}],"inLanguage":"pt-BR"},{"@type":"Organization","@id":"https:\/\/ancestrina.com\/pt-br\/#organization","name":"Ancestrina","url":"https:\/\/ancestrina.com\/pt-br\/","logo":{"@type":"ImageObject","inLanguage":"pt-BR","@id":"https:\/\/ancestrina.com\/pt-br\/#\/schema\/logo\/image\/","url":"https:\/\/ancestrina.com\/wp-content\/uploads\/2020\/06\/cropped-LOGO-ANCESTRINA-1.png","contentUrl":"https:\/\/ancestrina.com\/wp-content\/uploads\/2020\/06\/cropped-LOGO-ANCESTRINA-1.png","width":630,"height":202,"caption":"Ancestrina"},"image":{"@id":"https:\/\/ancestrina.com\/pt-br\/#\/schema\/logo\/image\/"},"sameAs":["https:\/\/www.facebook.com\/Ancestrina\/","https:\/\/www.instagram.com\/ancestrina\/","https:\/\/www.youtube.com\/channel\/UCgtt6WFhEIVEI30PzxlOeIw"]}]}},"_links":{"self":[{"href":"https:\/\/ancestrina.com\/pt-br\/wp-json\/wp\/v2\/product\/17961","targetHints":{"allow":["GET"]}}],"collection":[{"href":"https:\/\/ancestrina.com\/pt-br\/wp-json\/wp\/v2\/product"}],"about":[{"href":"https:\/\/ancestrina.com\/pt-br\/wp-json\/wp\/v2\/types\/product"}],"replies":[{"embeddable":true,"href":"https:\/\/ancestrina.com\/pt-br\/wp-json\/wp\/v2\/comments?post=17961"}],"version-history":[{"count":2,"href":"https:\/\/ancestrina.com\/pt-br\/wp-json\/wp\/v2\/product\/17961\/revisions"}],"predecessor-version":[{"id":37867,"href":"https:\/\/ancestrina.com\/pt-br\/wp-json\/wp\/v2\/product\/17961\/revisions\/37867"}],"wp:featuredmedia":[{"embeddable":true,"href":"https:\/\/ancestrina.com\/pt-br\/wp-json\/wp\/v2\/media\/35139"}],"wp:attachment":[{"href":"https:\/\/ancestrina.com\/pt-br\/wp-json\/wp\/v2\/media?parent=17961"}],"wp:term":[{"taxonomy":"product_brand","embeddable":true,"href":"https:\/\/ancestrina.com\/pt-br\/wp-json\/wp\/v2\/product_brand?post=17961"},{"taxonomy":"product_cat","embeddable":true,"href":"https:\/\/ancestrina.com\/pt-br\/wp-json\/wp\/v2\/product_cat?post=17961"},{"taxonomy":"product_tag","embeddable":true,"href":"https:\/\/ancestrina.com\/pt-br\/wp-json\/wp\/v2\/product_tag?post=17961"}],"curies":[{"name":"wp","href":"https:\/\/api.w.org\/{rel}","templated":true}]}}