{"id":36064,"date":"2024-10-13T17:04:51","date_gmt":"2024-10-13T22:04:51","guid":{"rendered":"https:\/\/ancestrina.com\/producto\/apertura-del-sapone\/"},"modified":"2026-05-13T03:38:30","modified_gmt":"2026-05-13T08:38:30","slug":"apertura-del-sapone","status":"publish","type":"product","link":"https:\/\/ancestrina.com\/it\/producto\/apertura-del-sapone\/","title":{"rendered":"Sapone di apertura"},"content":{"rendered":"<p>Risveglia la tua <strong>saggezza interiore<\/strong> e migliora la tua <strong>visione spirituale<\/strong> con il <strong>Sapone Apertura Terzo Occhio<\/strong>, una miscela mistica di <strong>propoli<\/strong> e <strong>miele<\/strong> che invita alla purificazione profonda, non solo del corpo, ma dell'anima. La propoli, nota per le sue propriet\u00e0 schiarenti, si combina con la dolcezza curativa del miele, creando un balsamo che apre le porte al mondo spirituale. Ogni applicazione \u00e8 un rituale che collega il tuo s\u00e9 fisico con le dimensioni superiori, invitandoti a esplorare nuove realt\u00e0 ed espandere la tua percezione. Perfetto per chi cerca una maggiore chiarezza mentale e connessione con il proprio intuito, questo sapone eleva la tua vibrazione spirituale, guidandoti verso un risveglio consapevole.   <\/p>\n","protected":false},"excerpt":{"rendered":"<h3>Sapone per l&#8217;Apertura Spirituale del 3\u00b0 Occhio (Propoli e Miele)<\/h3>\n<p>Questo sapone, creato con la conoscenza ancestrale degli Anziani, \u00e8 fatto per aprire il terzo occhio ed elevare la tua intuizione. Con miele e propoli, ingredienti carichi di potere spirituale, ogni barretta \u00e8 un viaggio verso dimensioni superiori, guidato dalle benedizioni della natura. <\/p>\n","protected":false},"featured_media":34752,"comment_status":"open","ping_status":"closed","template":"","meta":{"order-bump-settings":[],"_wpfnl_thankyou_order_overview":"on","_wpfnl_thankyou_order_details":"on","_wpfnl_thankyou_billing_details":"on","_wpfnl_thankyou_shipping_details":"on","site-sidebar-layout":"default","site-content-layout":"","ast-site-content-layout":"default","site-content-style":"default","site-sidebar-style":"default","ast-global-header-display":"","ast-banner-title-visibility":"","ast-main-header-display":"","ast-hfb-above-header-display":"","ast-hfb-below-header-display":"","ast-hfb-mobile-header-display":"","site-post-title":"","ast-breadcrumbs-content":"","ast-featured-img":"","footer-sml-layout":"","ast-disable-related-posts":"","theme-transparent-header-meta":"default","adv-header-id-meta":"","stick-header-meta":"","header-above-stick-meta":"","header-main-stick-meta":"","header-below-stick-meta":"","astra-migrate-meta-layouts":"default","ast-page-background-enabled":"default","ast-page-background-meta":{"desktop":{"background-color":"","background-image":"","background-repeat":"repeat","background-position":"center center","background-size":"auto","background-attachment":"scroll","background-type":"","background-media":"","overlay-type":"","overlay-color":"","overlay-opacity":"","overlay-gradient":""},"tablet":{"background-color":"","background-image":"","background-repeat":"repeat","background-position":"center center","background-size":"auto","background-attachment":"scroll","background-type":"","background-media":"","overlay-type":"","overlay-color":"","overlay-opacity":"","overlay-gradient":""},"mobile":{"background-color":"","background-image":"","background-repeat":"repeat","background-position":"center center","background-size":"auto","background-attachment":"scroll","background-type":"","background-media":"","overlay-type":"","overlay-color":"","overlay-opacity":"","overlay-gradient":""}},"ast-content-background-meta":{"desktop":{"background-color":"var(--ast-global-color-5)","background-image":"","background-repeat":"repeat","background-position":"center center","background-size":"auto","background-attachment":"scroll","background-type":"","background-media":"","overlay-type":"","overlay-color":"","overlay-opacity":"","overlay-gradient":""},"tablet":{"background-color":"var(--ast-global-color-5)","background-image":"","background-repeat":"repeat","background-position":"center center","background-size":"auto","background-attachment":"scroll","background-type":"","background-media":"","overlay-type":"","overlay-color":"","overlay-opacity":"","overlay-gradient":""},"mobile":{"background-color":"var(--ast-global-color-5)","background-image":"","background-repeat":"repeat","background-position":"center center","background-size":"auto","background-attachment":"scroll","background-type":"","background-media":"","overlay-type":"","overlay-color":"","overlay-opacity":"","overlay-gradient":""}},"_joinchat":[]},"product_brand":[],"product_cat":[1454],"product_tag":[],"class_list":{"0":"post-36064","1":"product","2":"type-product","3":"status-publish","4":"has-post-thumbnail","6":"product_cat-sapone","7":"desktop-align-center","8":"tablet-align-left","9":"mobile-align-left","11":"first","12":"instock","13":"shipping-taxable","14":"purchasable","15":"product-type-simple"},"yoast_head":"<!-- This site is optimized with the Yoast SEO Premium plugin v22.6 (Yoast SEO v27.6) - https:\/\/yoast.com\/product\/yoast-seo-premium-wordpress\/ -->\n<title>Sapone di apertura Ancestrina<\/title>\n<meta name=\"description\" content=\"Sapone per l&#039;Apertura Spirituale del 3\u00b0 Occhio (Propoli e Miele) Questo sapone, creato con la conoscenza ancestrale degli Anziani, \u00e8 fatto per aprire il terzo occhio ed elevare la tua intuizione. Con miele e propoli, ingredienti carichi di potere spirituale, ogni barretta \u00e8 un viaggio verso dimensioni superiori, guidato dalle benedizioni della natura.\" \/>\n<meta name=\"robots\" content=\"index, follow, max-snippet:-1, max-image-preview:large, max-video-preview:-1\" \/>\n<link rel=\"canonical\" href=\"https:\/\/ancestrina.com\/it\/producto\/apertura-del-sapone\/\" \/>\n<meta property=\"og:locale\" content=\"it_IT\" \/>\n<meta property=\"og:type\" content=\"article\" \/>\n<meta property=\"og:title\" content=\"Sapone di apertura\" \/>\n<meta property=\"og:description\" content=\"Sapone per l&#039;Apertura Spirituale del 3\u00b0 Occhio (Propoli e Miele) Questo sapone, creato con la conoscenza ancestrale degli Anziani, \u00e8 fatto per aprire il terzo occhio ed elevare la tua intuizione. Con miele e propoli, ingredienti carichi di potere spirituale, ogni barretta \u00e8 un viaggio verso dimensioni superiori, guidato dalle benedizioni della natura.\" \/>\n<meta property=\"og:url\" content=\"https:\/\/ancestrina.com\/it\/producto\/apertura-del-sapone\/\" \/>\n<meta property=\"og:site_name\" content=\"Ancestrina\" \/>\n<meta property=\"article:publisher\" content=\"https:\/\/www.facebook.com\/Ancestrina\/\" \/>\n<meta property=\"article:modified_time\" content=\"2026-05-13T08:38:30+00:00\" \/>\n<meta property=\"og:image\" content=\"https:\/\/ancestrina.com\/wp-content\/uploads\/jabon-apertura.jpg\" \/>\n\t<meta property=\"og:image:width\" content=\"2048\" \/>\n\t<meta property=\"og:image:height\" content=\"2048\" \/>\n\t<meta property=\"og:image:type\" content=\"image\/jpeg\" \/>\n<meta name=\"twitter:card\" content=\"summary_large_image\" \/>\n<meta name=\"twitter:label1\" content=\"Tempo di lettura stimato\" \/>\n\t<meta name=\"twitter:data1\" content=\"1 minuto\" \/>\n<script type=\"application\/ld+json\" class=\"yoast-schema-graph\">{\"@context\":\"https:\\\/\\\/schema.org\",\"@graph\":[{\"@type\":\"WebPage\",\"@id\":\"https:\\\/\\\/ancestrina.com\\\/it\\\/producto\\\/apertura-del-sapone\\\/\",\"url\":\"https:\\\/\\\/ancestrina.com\\\/it\\\/producto\\\/apertura-del-sapone\\\/\",\"name\":\"Sapone di apertura Ancestrina\",\"isPartOf\":{\"@id\":\"https:\\\/\\\/ancestrina.com\\\/it\\\/#website\"},\"primaryImageOfPage\":{\"@id\":\"https:\\\/\\\/ancestrina.com\\\/it\\\/producto\\\/apertura-del-sapone\\\/#primaryimage\"},\"image\":{\"@id\":\"https:\\\/\\\/ancestrina.com\\\/it\\\/producto\\\/apertura-del-sapone\\\/#primaryimage\"},\"thumbnailUrl\":\"https:\\\/\\\/ancestrina.com\\\/wp-content\\\/uploads\\\/jabon-apertura.jpg\",\"datePublished\":\"2024-10-13T22:04:51+00:00\",\"dateModified\":\"2026-05-13T08:38:30+00:00\",\"description\":\"Sapone per l'Apertura Spirituale del 3\u00b0 Occhio (Propoli e Miele) Questo sapone, creato con la conoscenza ancestrale degli Anziani, \u00e8 fatto per aprire il terzo occhio ed elevare la tua intuizione. Con miele e propoli, ingredienti carichi di potere spirituale, ogni barretta \u00e8 un viaggio verso dimensioni superiori, guidato dalle benedizioni della natura.\",\"breadcrumb\":{\"@id\":\"https:\\\/\\\/ancestrina.com\\\/it\\\/producto\\\/apertura-del-sapone\\\/#breadcrumb\"},\"inLanguage\":\"it-IT\",\"potentialAction\":[{\"@type\":\"ReadAction\",\"target\":[\"https:\\\/\\\/ancestrina.com\\\/it\\\/producto\\\/apertura-del-sapone\\\/\"]}]},{\"@type\":\"ImageObject\",\"inLanguage\":\"it-IT\",\"@id\":\"https:\\\/\\\/ancestrina.com\\\/it\\\/producto\\\/apertura-del-sapone\\\/#primaryimage\",\"url\":\"https:\\\/\\\/ancestrina.com\\\/wp-content\\\/uploads\\\/jabon-apertura.jpg\",\"contentUrl\":\"https:\\\/\\\/ancestrina.com\\\/wp-content\\\/uploads\\\/jabon-apertura.jpg\",\"width\":2048,\"height\":2048},{\"@type\":\"BreadcrumbList\",\"@id\":\"https:\\\/\\\/ancestrina.com\\\/it\\\/producto\\\/apertura-del-sapone\\\/#breadcrumb\",\"itemListElement\":[{\"@type\":\"ListItem\",\"position\":1,\"name\":\"Home\",\"item\":\"https:\\\/\\\/ancestrina.com\\\/it\\\/casa\\\/\"},{\"@type\":\"ListItem\",\"position\":2,\"name\":\"Negozio\",\"item\":\"https:\\\/\\\/ancestrina.com\\\/it\\\/negozio\\\/\"},{\"@type\":\"ListItem\",\"position\":3,\"name\":\"Sapone di apertura\"}]},{\"@type\":\"WebSite\",\"@id\":\"https:\\\/\\\/ancestrina.com\\\/it\\\/#website\",\"url\":\"https:\\\/\\\/ancestrina.com\\\/it\\\/\",\"name\":\"Ancestrina\",\"description\":\"Trabajamos experiencias con plantas maestras, terapias integradoras y cultos ancestrales\",\"publisher\":{\"@id\":\"https:\\\/\\\/ancestrina.com\\\/it\\\/#organization\"},\"potentialAction\":[{\"@type\":\"SearchAction\",\"target\":{\"@type\":\"EntryPoint\",\"urlTemplate\":\"https:\\\/\\\/ancestrina.com\\\/it\\\/?s={search_term_string}\"},\"query-input\":{\"@type\":\"PropertyValueSpecification\",\"valueRequired\":true,\"valueName\":\"search_term_string\"}}],\"inLanguage\":\"it-IT\"},{\"@type\":\"Organization\",\"@id\":\"https:\\\/\\\/ancestrina.com\\\/it\\\/#organization\",\"name\":\"Ancestrina\",\"url\":\"https:\\\/\\\/ancestrina.com\\\/it\\\/\",\"logo\":{\"@type\":\"ImageObject\",\"inLanguage\":\"it-IT\",\"@id\":\"https:\\\/\\\/ancestrina.com\\\/it\\\/#\\\/schema\\\/logo\\\/image\\\/\",\"url\":\"https:\\\/\\\/ancestrina.com\\\/wp-content\\\/uploads\\\/2020\\\/06\\\/cropped-LOGO-ANCESTRINA-1.png\",\"contentUrl\":\"https:\\\/\\\/ancestrina.com\\\/wp-content\\\/uploads\\\/2020\\\/06\\\/cropped-LOGO-ANCESTRINA-1.png\",\"width\":630,\"height\":202,\"caption\":\"Ancestrina\"},\"image\":{\"@id\":\"https:\\\/\\\/ancestrina.com\\\/it\\\/#\\\/schema\\\/logo\\\/image\\\/\"},\"sameAs\":[\"https:\\\/\\\/www.facebook.com\\\/Ancestrina\\\/\",\"https:\\\/\\\/www.instagram.com\\\/ancestrina\\\/\",\"https:\\\/\\\/www.youtube.com\\\/channel\\\/UCgtt6WFhEIVEI30PzxlOeIw\"]}]}<\/script>\n<!-- \/ Yoast SEO Premium plugin. -->","yoast_head_json":{"title":"Sapone di apertura Ancestrina","description":"Sapone per l'Apertura Spirituale del 3\u00b0 Occhio (Propoli e Miele) Questo sapone, creato con la conoscenza ancestrale degli Anziani, \u00e8 fatto per aprire il terzo occhio ed elevare la tua intuizione. Con miele e propoli, ingredienti carichi di potere spirituale, ogni barretta \u00e8 un viaggio verso dimensioni superiori, guidato dalle benedizioni della natura.","robots":{"index":"index","follow":"follow","max-snippet":"max-snippet:-1","max-image-preview":"max-image-preview:large","max-video-preview":"max-video-preview:-1"},"canonical":"https:\/\/ancestrina.com\/it\/producto\/apertura-del-sapone\/","og_locale":"it_IT","og_type":"article","og_title":"Sapone di apertura","og_description":"Sapone per l'Apertura Spirituale del 3\u00b0 Occhio (Propoli e Miele) Questo sapone, creato con la conoscenza ancestrale degli Anziani, \u00e8 fatto per aprire il terzo occhio ed elevare la tua intuizione. Con miele e propoli, ingredienti carichi di potere spirituale, ogni barretta \u00e8 un viaggio verso dimensioni superiori, guidato dalle benedizioni della natura.","og_url":"https:\/\/ancestrina.com\/it\/producto\/apertura-del-sapone\/","og_site_name":"Ancestrina","article_publisher":"https:\/\/www.facebook.com\/Ancestrina\/","article_modified_time":"2026-05-13T08:38:30+00:00","og_image":[{"width":2048,"height":2048,"url":"https:\/\/ancestrina.com\/wp-content\/uploads\/jabon-apertura.jpg","type":"image\/jpeg"}],"twitter_card":"summary_large_image","twitter_misc":{"Tempo di lettura stimato":"1 minuto"},"schema":{"@context":"https:\/\/schema.org","@graph":[{"@type":"WebPage","@id":"https:\/\/ancestrina.com\/it\/producto\/apertura-del-sapone\/","url":"https:\/\/ancestrina.com\/it\/producto\/apertura-del-sapone\/","name":"Sapone di apertura Ancestrina","isPartOf":{"@id":"https:\/\/ancestrina.com\/it\/#website"},"primaryImageOfPage":{"@id":"https:\/\/ancestrina.com\/it\/producto\/apertura-del-sapone\/#primaryimage"},"image":{"@id":"https:\/\/ancestrina.com\/it\/producto\/apertura-del-sapone\/#primaryimage"},"thumbnailUrl":"https:\/\/ancestrina.com\/wp-content\/uploads\/jabon-apertura.jpg","datePublished":"2024-10-13T22:04:51+00:00","dateModified":"2026-05-13T08:38:30+00:00","description":"Sapone per l'Apertura Spirituale del 3\u00b0 Occhio (Propoli e Miele) Questo sapone, creato con la conoscenza ancestrale degli Anziani, \u00e8 fatto per aprire il terzo occhio ed elevare la tua intuizione. Con miele e propoli, ingredienti carichi di potere spirituale, ogni barretta \u00e8 un viaggio verso dimensioni superiori, guidato dalle benedizioni della natura.","breadcrumb":{"@id":"https:\/\/ancestrina.com\/it\/producto\/apertura-del-sapone\/#breadcrumb"},"inLanguage":"it-IT","potentialAction":[{"@type":"ReadAction","target":["https:\/\/ancestrina.com\/it\/producto\/apertura-del-sapone\/"]}]},{"@type":"ImageObject","inLanguage":"it-IT","@id":"https:\/\/ancestrina.com\/it\/producto\/apertura-del-sapone\/#primaryimage","url":"https:\/\/ancestrina.com\/wp-content\/uploads\/jabon-apertura.jpg","contentUrl":"https:\/\/ancestrina.com\/wp-content\/uploads\/jabon-apertura.jpg","width":2048,"height":2048},{"@type":"BreadcrumbList","@id":"https:\/\/ancestrina.com\/it\/producto\/apertura-del-sapone\/#breadcrumb","itemListElement":[{"@type":"ListItem","position":1,"name":"Home","item":"https:\/\/ancestrina.com\/it\/casa\/"},{"@type":"ListItem","position":2,"name":"Negozio","item":"https:\/\/ancestrina.com\/it\/negozio\/"},{"@type":"ListItem","position":3,"name":"Sapone di apertura"}]},{"@type":"WebSite","@id":"https:\/\/ancestrina.com\/it\/#website","url":"https:\/\/ancestrina.com\/it\/","name":"Ancestrina","description":"Trabajamos experiencias con plantas maestras, terapias integradoras y cultos ancestrales","publisher":{"@id":"https:\/\/ancestrina.com\/it\/#organization"},"potentialAction":[{"@type":"SearchAction","target":{"@type":"EntryPoint","urlTemplate":"https:\/\/ancestrina.com\/it\/?s={search_term_string}"},"query-input":{"@type":"PropertyValueSpecification","valueRequired":true,"valueName":"search_term_string"}}],"inLanguage":"it-IT"},{"@type":"Organization","@id":"https:\/\/ancestrina.com\/it\/#organization","name":"Ancestrina","url":"https:\/\/ancestrina.com\/it\/","logo":{"@type":"ImageObject","inLanguage":"it-IT","@id":"https:\/\/ancestrina.com\/it\/#\/schema\/logo\/image\/","url":"https:\/\/ancestrina.com\/wp-content\/uploads\/2020\/06\/cropped-LOGO-ANCESTRINA-1.png","contentUrl":"https:\/\/ancestrina.com\/wp-content\/uploads\/2020\/06\/cropped-LOGO-ANCESTRINA-1.png","width":630,"height":202,"caption":"Ancestrina"},"image":{"@id":"https:\/\/ancestrina.com\/it\/#\/schema\/logo\/image\/"},"sameAs":["https:\/\/www.facebook.com\/Ancestrina\/","https:\/\/www.instagram.com\/ancestrina\/","https:\/\/www.youtube.com\/channel\/UCgtt6WFhEIVEI30PzxlOeIw"]}]}},"_links":{"self":[{"href":"https:\/\/ancestrina.com\/it\/wp-json\/wp\/v2\/product\/36064","targetHints":{"allow":["GET"]}}],"collection":[{"href":"https:\/\/ancestrina.com\/it\/wp-json\/wp\/v2\/product"}],"about":[{"href":"https:\/\/ancestrina.com\/it\/wp-json\/wp\/v2\/types\/product"}],"replies":[{"embeddable":true,"href":"https:\/\/ancestrina.com\/it\/wp-json\/wp\/v2\/comments?post=36064"}],"version-history":[{"count":1,"href":"https:\/\/ancestrina.com\/it\/wp-json\/wp\/v2\/product\/36064\/revisions"}],"predecessor-version":[{"id":37662,"href":"https:\/\/ancestrina.com\/it\/wp-json\/wp\/v2\/product\/36064\/revisions\/37662"}],"wp:featuredmedia":[{"embeddable":true,"href":"https:\/\/ancestrina.com\/it\/wp-json\/wp\/v2\/media\/34752"}],"wp:attachment":[{"href":"https:\/\/ancestrina.com\/it\/wp-json\/wp\/v2\/media?parent=36064"}],"wp:term":[{"taxonomy":"product_brand","embeddable":true,"href":"https:\/\/ancestrina.com\/it\/wp-json\/wp\/v2\/product_brand?post=36064"},{"taxonomy":"product_cat","embeddable":true,"href":"https:\/\/ancestrina.com\/it\/wp-json\/wp\/v2\/product_cat?post=36064"},{"taxonomy":"product_tag","embeddable":true,"href":"https:\/\/ancestrina.com\/it\/wp-json\/wp\/v2\/product_tag?post=36064"}],"curies":[{"name":"wp","href":"https:\/\/api.w.org\/{rel}","templated":true}]}}