{"id":30121,"date":"2024-02-15T14:01:28","date_gmt":"2024-02-15T19:01:28","guid":{"rendered":"https:\/\/ancestrina.com\/producto\/carbone\/"},"modified":"2026-05-12T19:14:11","modified_gmt":"2026-05-13T00:14:11","slug":"pastillas-carbon-rituales","status":"publish","type":"product","link":"https:\/\/ancestrina.com\/it\/producto\/pastillas-carbon-rituales\/","title":{"rendered":"Carbone"},"content":{"rendered":"<p> <strong> Efficienza e affidabilit\u00e0: <\/strong>ogni pellet di carbone \u00e8 stato accuratamente formulato per garantire una combustione efficiente e affidabile. Sentitevi sicuri quando preparate le vostre miscele per l'aromaterapia, sapendo che il carbone fornir\u00e0 una base solida per rilasciare le propriet\u00e0 benefiche di erbe e resine.<\/p>\n<p> <strong> Durata prolungata:<\/strong> godetevi sessioni di aromaterapia pi\u00f9 lunghe grazie alla durata prolungata di ogni compressa di carbone. Questa funzione consente di prolungare i momenti di benessere, dandovi il tempo necessario per immergervi nella serenit\u00e0.<\/p>\n<p> <strong> Pratica confezione:<\/strong> la scatola \u00e8 stata progettata per garantire comodit\u00e0 e praticit\u00e0. La confezione protegge le compresse di carbone, mantenendole fresche e pronte all'uso in qualsiasi momento. Un compagno essenziale per chi cerca semplicit\u00e0 ed efficacia nelle proprie pratiche spirituali.<\/p>\n<p> <strong> Versatilit\u00e0 d'uso:<\/strong> che si tratti di bruciare incenso, resine aromatiche o erbe sacre, queste tavolette di carbone sono versatili e adattabili a una variet\u00e0 di usi. Scoprite nuove dimensioni del benessere incorporando questo strumento essenziale nella vostra routine quotidiana.<\/p>\n<p>&nbsp;<\/p>\n","protected":false},"excerpt":{"rendered":"<p>La nostra confezione di 27 pellet di carbone di legna \u00e8 stata studiata appositamente per chi cerca un&#8217;esperienza di combustione pi\u00f9 naturale ed ecologica. Questi pellet sono privi di sostanze chimiche che accelerano l&#8217;accensione, garantendo un rituale di combustione puro e tradizionale. Ideale per bruciare incenso, resine ed erbe nei rituali spirituali o di purificazione.<\/p>\n<p>L&#8217;assenza di additivi chimici non solo rende il processo pi\u00f9 sicuro e salutare, ma preserva anche l&#8217;integrit\u00e0 e l&#8217;aroma naturale delle sostanze aromatiche. Queste pastiglie richiedono un po&#8217; pi\u00f9 di tempo e di cura per essere accese, il che aggiunge solennit\u00e0 e profondit\u00e0 alla vostra pratica rituale, elevando l&#8217;atto della combustione a un&#8217;esperienza veramente sacra e meditativa.<\/p>\n","protected":false},"featured_media":34587,"comment_status":"open","ping_status":"closed","template":"","meta":{"order-bump-settings":[],"_wpfnl_thankyou_order_overview":"on","_wpfnl_thankyou_order_details":"on","_wpfnl_thankyou_billing_details":"on","_wpfnl_thankyou_shipping_details":"on","site-sidebar-layout":"default","site-content-layout":"","ast-site-content-layout":"default","site-content-style":"default","site-sidebar-style":"default","ast-global-header-display":"","ast-banner-title-visibility":"","ast-main-header-display":"","ast-hfb-above-header-display":"","ast-hfb-below-header-display":"","ast-hfb-mobile-header-display":"","site-post-title":"","ast-breadcrumbs-content":"","ast-featured-img":"","footer-sml-layout":"","ast-disable-related-posts":"","theme-transparent-header-meta":"default","adv-header-id-meta":"","stick-header-meta":"","header-above-stick-meta":"","header-main-stick-meta":"","header-below-stick-meta":"","astra-migrate-meta-layouts":"default","ast-page-background-enabled":"default","ast-page-background-meta":{"desktop":{"background-color":"","background-image":"","background-repeat":"repeat","background-position":"center center","background-size":"auto","background-attachment":"scroll","background-type":"","background-media":"","overlay-type":"","overlay-color":"","overlay-opacity":"","overlay-gradient":""},"tablet":{"background-color":"","background-image":"","background-repeat":"repeat","background-position":"center center","background-size":"auto","background-attachment":"scroll","background-type":"","background-media":"","overlay-type":"","overlay-color":"","overlay-opacity":"","overlay-gradient":""},"mobile":{"background-color":"","background-image":"","background-repeat":"repeat","background-position":"center center","background-size":"auto","background-attachment":"scroll","background-type":"","background-media":"","overlay-type":"","overlay-color":"","overlay-opacity":"","overlay-gradient":""}},"ast-content-background-meta":{"desktop":{"background-color":"var(--ast-global-color-5)","background-image":"","background-repeat":"repeat","background-position":"center center","background-size":"auto","background-attachment":"scroll","background-type":"","background-media":"","overlay-type":"","overlay-color":"","overlay-opacity":"","overlay-gradient":""},"tablet":{"background-color":"var(--ast-global-color-5)","background-image":"","background-repeat":"repeat","background-position":"center center","background-size":"auto","background-attachment":"scroll","background-type":"","background-media":"","overlay-type":"","overlay-color":"","overlay-opacity":"","overlay-gradient":""},"mobile":{"background-color":"var(--ast-global-color-5)","background-image":"","background-repeat":"repeat","background-position":"center center","background-size":"auto","background-attachment":"scroll","background-type":"","background-media":"","overlay-type":"","overlay-color":"","overlay-opacity":"","overlay-gradient":""}},"_joinchat":[]},"product_brand":[],"product_cat":[1453],"product_tag":[],"class_list":{"0":"post-30121","1":"product","2":"type-product","3":"status-publish","4":"has-post-thumbnail","6":"product_cat-humitos-it","7":"desktop-align-center","8":"tablet-align-left","9":"mobile-align-left","11":"first","12":"instock","13":"shipping-taxable","14":"purchasable","15":"product-type-simple"},"yoast_head":"<!-- This site is optimized with the Yoast SEO Premium plugin v22.6 (Yoast SEO v27.6) - https:\/\/yoast.com\/product\/yoast-seo-premium-wordpress\/ -->\n<title>Compresse di carbone: efficienza e purezza per i tuoi rituali<\/title>\n<meta name=\"description\" content=\"Scopri l&#039;efficienza e l&#039;affidabilit\u00e0 delle nostre tavolette di carbone, progettate per una combustione prolungata e priva di sostanze chimiche. Perfette per bruciare incenso, resine ed erbe nei tuoi rituali spirituali e di aromaterapia. Goditi un&#039;esperienza di combustione naturale e sicura con ogni bastoncino di carbone, garantendoti sessioni pi\u00f9 lunghe e un ambiente purificato.\" \/>\n<meta name=\"robots\" content=\"index, follow, max-snippet:-1, max-image-preview:large, max-video-preview:-1\" \/>\n<link rel=\"canonical\" href=\"https:\/\/ancestrina.com\/it\/producto\/pastillas-carbon-rituales\/\" \/>\n<meta property=\"og:locale\" content=\"it_IT\" \/>\n<meta property=\"og:type\" content=\"article\" \/>\n<meta property=\"og:title\" content=\"Carbone\" \/>\n<meta property=\"og:description\" content=\"Scopri l&#039;efficienza e l&#039;affidabilit\u00e0 delle nostre tavolette di carbone, progettate per una combustione prolungata e priva di sostanze chimiche. Perfette per bruciare incenso, resine ed erbe nei tuoi rituali spirituali e di aromaterapia. Goditi un&#039;esperienza di combustione naturale e sicura con ogni bastoncino di carbone, garantendoti sessioni pi\u00f9 lunghe e un ambiente purificato.\" \/>\n<meta property=\"og:url\" content=\"https:\/\/ancestrina.com\/it\/producto\/pastillas-carbon-rituales\/\" \/>\n<meta property=\"og:site_name\" content=\"Ancestrina\" \/>\n<meta property=\"article:publisher\" content=\"https:\/\/www.facebook.com\/Ancestrina\/\" \/>\n<meta property=\"article:modified_time\" content=\"2026-05-13T00:14:11+00:00\" \/>\n<meta property=\"og:image\" content=\"https:\/\/ancestrina.com\/wp-content\/uploads\/carbon.jpg\" \/>\n\t<meta property=\"og:image:width\" content=\"2048\" \/>\n\t<meta property=\"og:image:height\" content=\"2048\" \/>\n\t<meta property=\"og:image:type\" content=\"image\/jpeg\" \/>\n<meta name=\"twitter:card\" content=\"summary_large_image\" \/>\n<meta name=\"twitter:label1\" content=\"Tempo di lettura stimato\" \/>\n\t<meta name=\"twitter:data1\" content=\"1 minuto\" \/>\n<script type=\"application\/ld+json\" class=\"yoast-schema-graph\">{\"@context\":\"https:\\\/\\\/schema.org\",\"@graph\":[{\"@type\":\"WebPage\",\"@id\":\"https:\\\/\\\/ancestrina.com\\\/it\\\/producto\\\/pastillas-carbon-rituales\\\/\",\"url\":\"https:\\\/\\\/ancestrina.com\\\/it\\\/producto\\\/pastillas-carbon-rituales\\\/\",\"name\":\"Compresse di carbone: efficienza e purezza per i tuoi rituali\",\"isPartOf\":{\"@id\":\"https:\\\/\\\/ancestrina.com\\\/it\\\/#website\"},\"primaryImageOfPage\":{\"@id\":\"https:\\\/\\\/ancestrina.com\\\/it\\\/producto\\\/pastillas-carbon-rituales\\\/#primaryimage\"},\"image\":{\"@id\":\"https:\\\/\\\/ancestrina.com\\\/it\\\/producto\\\/pastillas-carbon-rituales\\\/#primaryimage\"},\"thumbnailUrl\":\"https:\\\/\\\/ancestrina.com\\\/wp-content\\\/uploads\\\/carbon.jpg\",\"datePublished\":\"2024-02-15T19:01:28+00:00\",\"dateModified\":\"2026-05-13T00:14:11+00:00\",\"description\":\"Scopri l'efficienza e l'affidabilit\u00e0 delle nostre tavolette di carbone, progettate per una combustione prolungata e priva di sostanze chimiche. Perfette per bruciare incenso, resine ed erbe nei tuoi rituali spirituali e di aromaterapia. Goditi un'esperienza di combustione naturale e sicura con ogni bastoncino di carbone, garantendoti sessioni pi\u00f9 lunghe e un ambiente purificato.\",\"breadcrumb\":{\"@id\":\"https:\\\/\\\/ancestrina.com\\\/it\\\/producto\\\/pastillas-carbon-rituales\\\/#breadcrumb\"},\"inLanguage\":\"it-IT\",\"potentialAction\":[{\"@type\":\"ReadAction\",\"target\":[\"https:\\\/\\\/ancestrina.com\\\/it\\\/producto\\\/pastillas-carbon-rituales\\\/\"]}]},{\"@type\":\"ImageObject\",\"inLanguage\":\"it-IT\",\"@id\":\"https:\\\/\\\/ancestrina.com\\\/it\\\/producto\\\/pastillas-carbon-rituales\\\/#primaryimage\",\"url\":\"https:\\\/\\\/ancestrina.com\\\/wp-content\\\/uploads\\\/carbon.jpg\",\"contentUrl\":\"https:\\\/\\\/ancestrina.com\\\/wp-content\\\/uploads\\\/carbon.jpg\",\"width\":2048,\"height\":2048},{\"@type\":\"BreadcrumbList\",\"@id\":\"https:\\\/\\\/ancestrina.com\\\/it\\\/producto\\\/pastillas-carbon-rituales\\\/#breadcrumb\",\"itemListElement\":[{\"@type\":\"ListItem\",\"position\":1,\"name\":\"Home\",\"item\":\"https:\\\/\\\/ancestrina.com\\\/it\\\/casa\\\/\"},{\"@type\":\"ListItem\",\"position\":2,\"name\":\"Negozio\",\"item\":\"https:\\\/\\\/ancestrina.com\\\/it\\\/negozio\\\/\"},{\"@type\":\"ListItem\",\"position\":3,\"name\":\"Carbone\"}]},{\"@type\":\"WebSite\",\"@id\":\"https:\\\/\\\/ancestrina.com\\\/it\\\/#website\",\"url\":\"https:\\\/\\\/ancestrina.com\\\/it\\\/\",\"name\":\"Ancestrina\",\"description\":\"Trabajamos experiencias con plantas maestras, terapias integradoras y cultos ancestrales\",\"publisher\":{\"@id\":\"https:\\\/\\\/ancestrina.com\\\/it\\\/#organization\"},\"potentialAction\":[{\"@type\":\"SearchAction\",\"target\":{\"@type\":\"EntryPoint\",\"urlTemplate\":\"https:\\\/\\\/ancestrina.com\\\/it\\\/?s={search_term_string}\"},\"query-input\":{\"@type\":\"PropertyValueSpecification\",\"valueRequired\":true,\"valueName\":\"search_term_string\"}}],\"inLanguage\":\"it-IT\"},{\"@type\":\"Organization\",\"@id\":\"https:\\\/\\\/ancestrina.com\\\/it\\\/#organization\",\"name\":\"Ancestrina\",\"url\":\"https:\\\/\\\/ancestrina.com\\\/it\\\/\",\"logo\":{\"@type\":\"ImageObject\",\"inLanguage\":\"it-IT\",\"@id\":\"https:\\\/\\\/ancestrina.com\\\/it\\\/#\\\/schema\\\/logo\\\/image\\\/\",\"url\":\"https:\\\/\\\/ancestrina.com\\\/wp-content\\\/uploads\\\/2020\\\/06\\\/cropped-LOGO-ANCESTRINA-1.png\",\"contentUrl\":\"https:\\\/\\\/ancestrina.com\\\/wp-content\\\/uploads\\\/2020\\\/06\\\/cropped-LOGO-ANCESTRINA-1.png\",\"width\":630,\"height\":202,\"caption\":\"Ancestrina\"},\"image\":{\"@id\":\"https:\\\/\\\/ancestrina.com\\\/it\\\/#\\\/schema\\\/logo\\\/image\\\/\"},\"sameAs\":[\"https:\\\/\\\/www.facebook.com\\\/Ancestrina\\\/\",\"https:\\\/\\\/www.instagram.com\\\/ancestrina\\\/\",\"https:\\\/\\\/www.youtube.com\\\/channel\\\/UCgtt6WFhEIVEI30PzxlOeIw\"]}]}<\/script>\n<!-- \/ Yoast SEO Premium plugin. -->","yoast_head_json":{"title":"Compresse di carbone: efficienza e purezza per i tuoi rituali","description":"Scopri l'efficienza e l'affidabilit\u00e0 delle nostre tavolette di carbone, progettate per una combustione prolungata e priva di sostanze chimiche. Perfette per bruciare incenso, resine ed erbe nei tuoi rituali spirituali e di aromaterapia. Goditi un'esperienza di combustione naturale e sicura con ogni bastoncino di carbone, garantendoti sessioni pi\u00f9 lunghe e un ambiente purificato.","robots":{"index":"index","follow":"follow","max-snippet":"max-snippet:-1","max-image-preview":"max-image-preview:large","max-video-preview":"max-video-preview:-1"},"canonical":"https:\/\/ancestrina.com\/it\/producto\/pastillas-carbon-rituales\/","og_locale":"it_IT","og_type":"article","og_title":"Carbone","og_description":"Scopri l'efficienza e l'affidabilit\u00e0 delle nostre tavolette di carbone, progettate per una combustione prolungata e priva di sostanze chimiche. Perfette per bruciare incenso, resine ed erbe nei tuoi rituali spirituali e di aromaterapia. Goditi un'esperienza di combustione naturale e sicura con ogni bastoncino di carbone, garantendoti sessioni pi\u00f9 lunghe e un ambiente purificato.","og_url":"https:\/\/ancestrina.com\/it\/producto\/pastillas-carbon-rituales\/","og_site_name":"Ancestrina","article_publisher":"https:\/\/www.facebook.com\/Ancestrina\/","article_modified_time":"2026-05-13T00:14:11+00:00","og_image":[{"width":2048,"height":2048,"url":"https:\/\/ancestrina.com\/wp-content\/uploads\/carbon.jpg","type":"image\/jpeg"}],"twitter_card":"summary_large_image","twitter_misc":{"Tempo di lettura stimato":"1 minuto"},"schema":{"@context":"https:\/\/schema.org","@graph":[{"@type":"WebPage","@id":"https:\/\/ancestrina.com\/it\/producto\/pastillas-carbon-rituales\/","url":"https:\/\/ancestrina.com\/it\/producto\/pastillas-carbon-rituales\/","name":"Compresse di carbone: efficienza e purezza per i tuoi rituali","isPartOf":{"@id":"https:\/\/ancestrina.com\/it\/#website"},"primaryImageOfPage":{"@id":"https:\/\/ancestrina.com\/it\/producto\/pastillas-carbon-rituales\/#primaryimage"},"image":{"@id":"https:\/\/ancestrina.com\/it\/producto\/pastillas-carbon-rituales\/#primaryimage"},"thumbnailUrl":"https:\/\/ancestrina.com\/wp-content\/uploads\/carbon.jpg","datePublished":"2024-02-15T19:01:28+00:00","dateModified":"2026-05-13T00:14:11+00:00","description":"Scopri l'efficienza e l'affidabilit\u00e0 delle nostre tavolette di carbone, progettate per una combustione prolungata e priva di sostanze chimiche. Perfette per bruciare incenso, resine ed erbe nei tuoi rituali spirituali e di aromaterapia. Goditi un'esperienza di combustione naturale e sicura con ogni bastoncino di carbone, garantendoti sessioni pi\u00f9 lunghe e un ambiente purificato.","breadcrumb":{"@id":"https:\/\/ancestrina.com\/it\/producto\/pastillas-carbon-rituales\/#breadcrumb"},"inLanguage":"it-IT","potentialAction":[{"@type":"ReadAction","target":["https:\/\/ancestrina.com\/it\/producto\/pastillas-carbon-rituales\/"]}]},{"@type":"ImageObject","inLanguage":"it-IT","@id":"https:\/\/ancestrina.com\/it\/producto\/pastillas-carbon-rituales\/#primaryimage","url":"https:\/\/ancestrina.com\/wp-content\/uploads\/carbon.jpg","contentUrl":"https:\/\/ancestrina.com\/wp-content\/uploads\/carbon.jpg","width":2048,"height":2048},{"@type":"BreadcrumbList","@id":"https:\/\/ancestrina.com\/it\/producto\/pastillas-carbon-rituales\/#breadcrumb","itemListElement":[{"@type":"ListItem","position":1,"name":"Home","item":"https:\/\/ancestrina.com\/it\/casa\/"},{"@type":"ListItem","position":2,"name":"Negozio","item":"https:\/\/ancestrina.com\/it\/negozio\/"},{"@type":"ListItem","position":3,"name":"Carbone"}]},{"@type":"WebSite","@id":"https:\/\/ancestrina.com\/it\/#website","url":"https:\/\/ancestrina.com\/it\/","name":"Ancestrina","description":"Trabajamos experiencias con plantas maestras, terapias integradoras y cultos ancestrales","publisher":{"@id":"https:\/\/ancestrina.com\/it\/#organization"},"potentialAction":[{"@type":"SearchAction","target":{"@type":"EntryPoint","urlTemplate":"https:\/\/ancestrina.com\/it\/?s={search_term_string}"},"query-input":{"@type":"PropertyValueSpecification","valueRequired":true,"valueName":"search_term_string"}}],"inLanguage":"it-IT"},{"@type":"Organization","@id":"https:\/\/ancestrina.com\/it\/#organization","name":"Ancestrina","url":"https:\/\/ancestrina.com\/it\/","logo":{"@type":"ImageObject","inLanguage":"it-IT","@id":"https:\/\/ancestrina.com\/it\/#\/schema\/logo\/image\/","url":"https:\/\/ancestrina.com\/wp-content\/uploads\/2020\/06\/cropped-LOGO-ANCESTRINA-1.png","contentUrl":"https:\/\/ancestrina.com\/wp-content\/uploads\/2020\/06\/cropped-LOGO-ANCESTRINA-1.png","width":630,"height":202,"caption":"Ancestrina"},"image":{"@id":"https:\/\/ancestrina.com\/it\/#\/schema\/logo\/image\/"},"sameAs":["https:\/\/www.facebook.com\/Ancestrina\/","https:\/\/www.instagram.com\/ancestrina\/","https:\/\/www.youtube.com\/channel\/UCgtt6WFhEIVEI30PzxlOeIw"]}]}},"_links":{"self":[{"href":"https:\/\/ancestrina.com\/it\/wp-json\/wp\/v2\/product\/30121","targetHints":{"allow":["GET"]}}],"collection":[{"href":"https:\/\/ancestrina.com\/it\/wp-json\/wp\/v2\/product"}],"about":[{"href":"https:\/\/ancestrina.com\/it\/wp-json\/wp\/v2\/types\/product"}],"replies":[{"embeddable":true,"href":"https:\/\/ancestrina.com\/it\/wp-json\/wp\/v2\/comments?post=30121"}],"version-history":[{"count":1,"href":"https:\/\/ancestrina.com\/it\/wp-json\/wp\/v2\/product\/30121\/revisions"}],"predecessor-version":[{"id":37695,"href":"https:\/\/ancestrina.com\/it\/wp-json\/wp\/v2\/product\/30121\/revisions\/37695"}],"wp:featuredmedia":[{"embeddable":true,"href":"https:\/\/ancestrina.com\/it\/wp-json\/wp\/v2\/media\/34587"}],"wp:attachment":[{"href":"https:\/\/ancestrina.com\/it\/wp-json\/wp\/v2\/media?parent=30121"}],"wp:term":[{"taxonomy":"product_brand","embeddable":true,"href":"https:\/\/ancestrina.com\/it\/wp-json\/wp\/v2\/product_brand?post=30121"},{"taxonomy":"product_cat","embeddable":true,"href":"https:\/\/ancestrina.com\/it\/wp-json\/wp\/v2\/product_cat?post=30121"},{"taxonomy":"product_tag","embeddable":true,"href":"https:\/\/ancestrina.com\/it\/wp-json\/wp\/v2\/product_tag?post=30121"}],"curies":[{"name":"wp","href":"https:\/\/api.w.org\/{rel}","templated":true}]}}