{"id":30112,"date":"2024-04-11T14:56:58","date_gmt":"2024-04-11T19:56:58","guid":{"rendered":"https:\/\/ancestrina.com\/producto\/candela-acqua-fiori-acqua\/"},"modified":"2026-05-12T19:44:23","modified_gmt":"2026-05-13T00:44:23","slug":"candela-acqua-fiori-acqua","status":"publish","type":"product","link":"https:\/\/ancestrina.com\/it\/producto\/candela-acqua-fiori-acqua\/","title":{"rendered":"Acque Floride a vela"},"content":{"rendered":"<p>Trovate pace e tranquillit\u00e0 con la nostra candela &#8220;Aguas Floridas&#8221;, ispirata alle tradizionali acque fiorite utilizzate dai guaritori amazzonici. Questa candela \u00e8 stata progettata per immergervi in uno stato di profonda serenit\u00e0, evocando la freschezza e la vitalit\u00e0 delle acque naturali attraverso una sinfonia di profumi di alghe, bamb\u00f9, linfa e fiori dolci.<\/p>\n<p>Realizzato con cera di cocco e accorciamento vegetale, &#8220;Flowery Waters&#8221; offre un'esperienza olfattiva unica che purifica e rinfresca l'ambiente, fornendo un rifugio spirituale nella propria casa. La sua fragranza calmante \u00e8 ideale per accompagnare i vostri momenti di meditazione, yoga o semplicemente quando avete bisogno di uno spazio di calma e riflessione.<\/p>\n<p>Accendete questa candela per trasformare qualsiasi spazio in un santuario di pace. Godetevi l'effetto rinfrescante e purificante di &#8220;Aguas Floridas&#8221; e lasciate che le sue sottili note floreali e acquatiche vi trasportino in un luogo di tranquillit\u00e0 e ringiovanimento.<\/p>\n","protected":false},"excerpt":{"rendered":"<p>Godetevi la tranquillit\u00e0 con la nostra candela ispirata alle tradizionali acque fiorite amazzoniche. Con una miscela rinfrescante di alghe, bamb\u00f9, linfa e fiori dolci, questa candela crea un&#8217;atmosfera serena, ideale per la meditazione e il riposo profondo.<\/p>\n<p>Creato con cera di cocco e accorciamento vegetale, &#8220;Flowery Waters&#8221; purifica e rivitalizza il vostro spazio, evocando la freschezza delle acque naturali e fornendo un rifugio tranquillo per il vostro benessere spirituale ed emotivo.<\/p>\n","protected":false},"featured_media":35189,"comment_status":"open","ping_status":"closed","template":"","meta":{"order-bump-settings":[],"_wpfnl_thankyou_order_overview":"on","_wpfnl_thankyou_order_details":"on","_wpfnl_thankyou_billing_details":"on","_wpfnl_thankyou_shipping_details":"on","site-sidebar-layout":"default","site-content-layout":"","ast-site-content-layout":"default","site-content-style":"default","site-sidebar-style":"default","ast-global-header-display":"","ast-banner-title-visibility":"","ast-main-header-display":"","ast-hfb-above-header-display":"","ast-hfb-below-header-display":"","ast-hfb-mobile-header-display":"","site-post-title":"","ast-breadcrumbs-content":"","ast-featured-img":"","footer-sml-layout":"","ast-disable-related-posts":"","theme-transparent-header-meta":"default","adv-header-id-meta":"","stick-header-meta":"","header-above-stick-meta":"","header-main-stick-meta":"","header-below-stick-meta":"","astra-migrate-meta-layouts":"default","ast-page-background-enabled":"default","ast-page-background-meta":{"desktop":{"background-color":"","background-image":"","background-repeat":"repeat","background-position":"center center","background-size":"auto","background-attachment":"scroll","background-type":"","background-media":"","overlay-type":"","overlay-color":"","overlay-opacity":"","overlay-gradient":""},"tablet":{"background-color":"","background-image":"","background-repeat":"repeat","background-position":"center center","background-size":"auto","background-attachment":"scroll","background-type":"","background-media":"","overlay-type":"","overlay-color":"","overlay-opacity":"","overlay-gradient":""},"mobile":{"background-color":"","background-image":"","background-repeat":"repeat","background-position":"center center","background-size":"auto","background-attachment":"scroll","background-type":"","background-media":"","overlay-type":"","overlay-color":"","overlay-opacity":"","overlay-gradient":""}},"ast-content-background-meta":{"desktop":{"background-color":"var(--ast-global-color-5)","background-image":"","background-repeat":"repeat","background-position":"center center","background-size":"auto","background-attachment":"scroll","background-type":"","background-media":"","overlay-type":"","overlay-color":"","overlay-opacity":"","overlay-gradient":""},"tablet":{"background-color":"var(--ast-global-color-5)","background-image":"","background-repeat":"repeat","background-position":"center center","background-size":"auto","background-attachment":"scroll","background-type":"","background-media":"","overlay-type":"","overlay-color":"","overlay-opacity":"","overlay-gradient":""},"mobile":{"background-color":"var(--ast-global-color-5)","background-image":"","background-repeat":"repeat","background-position":"center center","background-size":"auto","background-attachment":"scroll","background-type":"","background-media":"","overlay-type":"","overlay-color":"","overlay-opacity":"","overlay-gradient":""}},"_joinchat":[]},"product_brand":[],"product_cat":[1450],"product_tag":[],"class_list":{"0":"post-30112","1":"product","2":"type-product","3":"status-publish","4":"has-post-thumbnail","6":"product_cat-candela","7":"desktop-align-center","8":"tablet-align-left","9":"mobile-align-left","11":"first","12":"instock","13":"shipping-taxable","14":"purchasable","15":"product-type-simple"},"yoast_head":"<!-- This site is optimized with the Yoast SEO Premium plugin v22.6 (Yoast SEO v27.6) - https:\/\/yoast.com\/product\/yoast-seo-premium-wordpress\/ -->\n<title>Vela &quot;Acque in fiore&quot;: tranquillit\u00e0 e rinnovamento spirituale<\/title>\n<meta name=\"description\" content=\"Trova pace e tranquillit\u00e0 con la candela &quot;Aguas Floridas&quot;, ispirata alle acque fiorite dell&#039;Amazzonia. Realizzata con cera di cocco e grasso, questa candela offre una miscela rinfrescante di alghe, bamb\u00f9, linfa e fiori dolci. Ideale per la meditazione e il relax, purifica e rivitalizza il tuo spazio, creando un santuario di serenit\u00e0.\" \/>\n<meta name=\"robots\" content=\"index, follow, max-snippet:-1, max-image-preview:large, max-video-preview:-1\" \/>\n<link rel=\"canonical\" href=\"https:\/\/ancestrina.com\/it\/producto\/candela-acqua-fiori-acqua\/\" \/>\n<meta property=\"og:locale\" content=\"it_IT\" \/>\n<meta property=\"og:type\" content=\"article\" \/>\n<meta property=\"og:title\" content=\"Acque Floride a vela\" \/>\n<meta property=\"og:description\" content=\"Trova pace e tranquillit\u00e0 con la candela &quot;Aguas Floridas&quot;, ispirata alle acque fiorite dell&#039;Amazzonia. Realizzata con cera di cocco e grasso, questa candela offre una miscela rinfrescante di alghe, bamb\u00f9, linfa e fiori dolci. Ideale per la meditazione e il relax, purifica e rivitalizza il tuo spazio, creando un santuario di serenit\u00e0.\" \/>\n<meta property=\"og:url\" content=\"https:\/\/ancestrina.com\/it\/producto\/candela-acqua-fiori-acqua\/\" \/>\n<meta property=\"og:site_name\" content=\"Ancestrina\" \/>\n<meta property=\"article:publisher\" content=\"https:\/\/www.facebook.com\/Ancestrina\/\" \/>\n<meta property=\"article:modified_time\" content=\"2026-05-13T00:44:23+00:00\" \/>\n<meta property=\"og:image\" content=\"https:\/\/ancestrina.com\/wp-content\/uploads\/vela-aguas-floridas.jpg\" \/>\n\t<meta property=\"og:image:width\" content=\"2048\" \/>\n\t<meta property=\"og:image:height\" content=\"2048\" \/>\n\t<meta property=\"og:image:type\" content=\"image\/jpeg\" \/>\n<meta name=\"twitter:card\" content=\"summary_large_image\" \/>\n<meta name=\"twitter:label1\" content=\"Tempo di lettura stimato\" \/>\n\t<meta name=\"twitter:data1\" content=\"1 minuto\" \/>\n<script type=\"application\/ld+json\" class=\"yoast-schema-graph\">{\"@context\":\"https:\\\/\\\/schema.org\",\"@graph\":[{\"@type\":\"WebPage\",\"@id\":\"https:\\\/\\\/ancestrina.com\\\/it\\\/producto\\\/candela-acqua-fiori-acqua\\\/\",\"url\":\"https:\\\/\\\/ancestrina.com\\\/it\\\/producto\\\/candela-acqua-fiori-acqua\\\/\",\"name\":\"Vela \\\"Acque in fiore\\\": tranquillit\u00e0 e rinnovamento spirituale\",\"isPartOf\":{\"@id\":\"https:\\\/\\\/ancestrina.com\\\/it\\\/#website\"},\"primaryImageOfPage\":{\"@id\":\"https:\\\/\\\/ancestrina.com\\\/it\\\/producto\\\/candela-acqua-fiori-acqua\\\/#primaryimage\"},\"image\":{\"@id\":\"https:\\\/\\\/ancestrina.com\\\/it\\\/producto\\\/candela-acqua-fiori-acqua\\\/#primaryimage\"},\"thumbnailUrl\":\"https:\\\/\\\/ancestrina.com\\\/wp-content\\\/uploads\\\/vela-aguas-floridas.jpg\",\"datePublished\":\"2024-04-11T19:56:58+00:00\",\"dateModified\":\"2026-05-13T00:44:23+00:00\",\"description\":\"Trova pace e tranquillit\u00e0 con la candela \\\"Aguas Floridas\\\", ispirata alle acque fiorite dell'Amazzonia. Realizzata con cera di cocco e grasso, questa candela offre una miscela rinfrescante di alghe, bamb\u00f9, linfa e fiori dolci. Ideale per la meditazione e il relax, purifica e rivitalizza il tuo spazio, creando un santuario di serenit\u00e0.\",\"breadcrumb\":{\"@id\":\"https:\\\/\\\/ancestrina.com\\\/it\\\/producto\\\/candela-acqua-fiori-acqua\\\/#breadcrumb\"},\"inLanguage\":\"it-IT\",\"potentialAction\":[{\"@type\":\"ReadAction\",\"target\":[\"https:\\\/\\\/ancestrina.com\\\/it\\\/producto\\\/candela-acqua-fiori-acqua\\\/\"]}]},{\"@type\":\"ImageObject\",\"inLanguage\":\"it-IT\",\"@id\":\"https:\\\/\\\/ancestrina.com\\\/it\\\/producto\\\/candela-acqua-fiori-acqua\\\/#primaryimage\",\"url\":\"https:\\\/\\\/ancestrina.com\\\/wp-content\\\/uploads\\\/vela-aguas-floridas.jpg\",\"contentUrl\":\"https:\\\/\\\/ancestrina.com\\\/wp-content\\\/uploads\\\/vela-aguas-floridas.jpg\",\"width\":2048,\"height\":2048},{\"@type\":\"BreadcrumbList\",\"@id\":\"https:\\\/\\\/ancestrina.com\\\/it\\\/producto\\\/candela-acqua-fiori-acqua\\\/#breadcrumb\",\"itemListElement\":[{\"@type\":\"ListItem\",\"position\":1,\"name\":\"Home\",\"item\":\"https:\\\/\\\/ancestrina.com\\\/it\\\/casa\\\/\"},{\"@type\":\"ListItem\",\"position\":2,\"name\":\"Negozio\",\"item\":\"https:\\\/\\\/ancestrina.com\\\/it\\\/negozio\\\/\"},{\"@type\":\"ListItem\",\"position\":3,\"name\":\"Acque Floride a vela\"}]},{\"@type\":\"WebSite\",\"@id\":\"https:\\\/\\\/ancestrina.com\\\/it\\\/#website\",\"url\":\"https:\\\/\\\/ancestrina.com\\\/it\\\/\",\"name\":\"Ancestrina\",\"description\":\"Trabajamos experiencias con plantas maestras, terapias integradoras y cultos ancestrales\",\"publisher\":{\"@id\":\"https:\\\/\\\/ancestrina.com\\\/it\\\/#organization\"},\"potentialAction\":[{\"@type\":\"SearchAction\",\"target\":{\"@type\":\"EntryPoint\",\"urlTemplate\":\"https:\\\/\\\/ancestrina.com\\\/it\\\/?s={search_term_string}\"},\"query-input\":{\"@type\":\"PropertyValueSpecification\",\"valueRequired\":true,\"valueName\":\"search_term_string\"}}],\"inLanguage\":\"it-IT\"},{\"@type\":\"Organization\",\"@id\":\"https:\\\/\\\/ancestrina.com\\\/it\\\/#organization\",\"name\":\"Ancestrina\",\"url\":\"https:\\\/\\\/ancestrina.com\\\/it\\\/\",\"logo\":{\"@type\":\"ImageObject\",\"inLanguage\":\"it-IT\",\"@id\":\"https:\\\/\\\/ancestrina.com\\\/it\\\/#\\\/schema\\\/logo\\\/image\\\/\",\"url\":\"https:\\\/\\\/ancestrina.com\\\/wp-content\\\/uploads\\\/2020\\\/06\\\/cropped-LOGO-ANCESTRINA-1.png\",\"contentUrl\":\"https:\\\/\\\/ancestrina.com\\\/wp-content\\\/uploads\\\/2020\\\/06\\\/cropped-LOGO-ANCESTRINA-1.png\",\"width\":630,\"height\":202,\"caption\":\"Ancestrina\"},\"image\":{\"@id\":\"https:\\\/\\\/ancestrina.com\\\/it\\\/#\\\/schema\\\/logo\\\/image\\\/\"},\"sameAs\":[\"https:\\\/\\\/www.facebook.com\\\/Ancestrina\\\/\",\"https:\\\/\\\/www.instagram.com\\\/ancestrina\\\/\",\"https:\\\/\\\/www.youtube.com\\\/channel\\\/UCgtt6WFhEIVEI30PzxlOeIw\"]}]}<\/script>\n<!-- \/ Yoast SEO Premium plugin. -->","yoast_head_json":{"title":"Vela \"Acque in fiore\": tranquillit\u00e0 e rinnovamento spirituale","description":"Trova pace e tranquillit\u00e0 con la candela \"Aguas Floridas\", ispirata alle acque fiorite dell'Amazzonia. Realizzata con cera di cocco e grasso, questa candela offre una miscela rinfrescante di alghe, bamb\u00f9, linfa e fiori dolci. Ideale per la meditazione e il relax, purifica e rivitalizza il tuo spazio, creando un santuario di serenit\u00e0.","robots":{"index":"index","follow":"follow","max-snippet":"max-snippet:-1","max-image-preview":"max-image-preview:large","max-video-preview":"max-video-preview:-1"},"canonical":"https:\/\/ancestrina.com\/it\/producto\/candela-acqua-fiori-acqua\/","og_locale":"it_IT","og_type":"article","og_title":"Acque Floride a vela","og_description":"Trova pace e tranquillit\u00e0 con la candela \"Aguas Floridas\", ispirata alle acque fiorite dell'Amazzonia. Realizzata con cera di cocco e grasso, questa candela offre una miscela rinfrescante di alghe, bamb\u00f9, linfa e fiori dolci. Ideale per la meditazione e il relax, purifica e rivitalizza il tuo spazio, creando un santuario di serenit\u00e0.","og_url":"https:\/\/ancestrina.com\/it\/producto\/candela-acqua-fiori-acqua\/","og_site_name":"Ancestrina","article_publisher":"https:\/\/www.facebook.com\/Ancestrina\/","article_modified_time":"2026-05-13T00:44:23+00:00","og_image":[{"width":2048,"height":2048,"url":"https:\/\/ancestrina.com\/wp-content\/uploads\/vela-aguas-floridas.jpg","type":"image\/jpeg"}],"twitter_card":"summary_large_image","twitter_misc":{"Tempo di lettura stimato":"1 minuto"},"schema":{"@context":"https:\/\/schema.org","@graph":[{"@type":"WebPage","@id":"https:\/\/ancestrina.com\/it\/producto\/candela-acqua-fiori-acqua\/","url":"https:\/\/ancestrina.com\/it\/producto\/candela-acqua-fiori-acqua\/","name":"Vela \"Acque in fiore\": tranquillit\u00e0 e rinnovamento spirituale","isPartOf":{"@id":"https:\/\/ancestrina.com\/it\/#website"},"primaryImageOfPage":{"@id":"https:\/\/ancestrina.com\/it\/producto\/candela-acqua-fiori-acqua\/#primaryimage"},"image":{"@id":"https:\/\/ancestrina.com\/it\/producto\/candela-acqua-fiori-acqua\/#primaryimage"},"thumbnailUrl":"https:\/\/ancestrina.com\/wp-content\/uploads\/vela-aguas-floridas.jpg","datePublished":"2024-04-11T19:56:58+00:00","dateModified":"2026-05-13T00:44:23+00:00","description":"Trova pace e tranquillit\u00e0 con la candela \"Aguas Floridas\", ispirata alle acque fiorite dell'Amazzonia. Realizzata con cera di cocco e grasso, questa candela offre una miscela rinfrescante di alghe, bamb\u00f9, linfa e fiori dolci. Ideale per la meditazione e il relax, purifica e rivitalizza il tuo spazio, creando un santuario di serenit\u00e0.","breadcrumb":{"@id":"https:\/\/ancestrina.com\/it\/producto\/candela-acqua-fiori-acqua\/#breadcrumb"},"inLanguage":"it-IT","potentialAction":[{"@type":"ReadAction","target":["https:\/\/ancestrina.com\/it\/producto\/candela-acqua-fiori-acqua\/"]}]},{"@type":"ImageObject","inLanguage":"it-IT","@id":"https:\/\/ancestrina.com\/it\/producto\/candela-acqua-fiori-acqua\/#primaryimage","url":"https:\/\/ancestrina.com\/wp-content\/uploads\/vela-aguas-floridas.jpg","contentUrl":"https:\/\/ancestrina.com\/wp-content\/uploads\/vela-aguas-floridas.jpg","width":2048,"height":2048},{"@type":"BreadcrumbList","@id":"https:\/\/ancestrina.com\/it\/producto\/candela-acqua-fiori-acqua\/#breadcrumb","itemListElement":[{"@type":"ListItem","position":1,"name":"Home","item":"https:\/\/ancestrina.com\/it\/casa\/"},{"@type":"ListItem","position":2,"name":"Negozio","item":"https:\/\/ancestrina.com\/it\/negozio\/"},{"@type":"ListItem","position":3,"name":"Acque Floride a vela"}]},{"@type":"WebSite","@id":"https:\/\/ancestrina.com\/it\/#website","url":"https:\/\/ancestrina.com\/it\/","name":"Ancestrina","description":"Trabajamos experiencias con plantas maestras, terapias integradoras y cultos ancestrales","publisher":{"@id":"https:\/\/ancestrina.com\/it\/#organization"},"potentialAction":[{"@type":"SearchAction","target":{"@type":"EntryPoint","urlTemplate":"https:\/\/ancestrina.com\/it\/?s={search_term_string}"},"query-input":{"@type":"PropertyValueSpecification","valueRequired":true,"valueName":"search_term_string"}}],"inLanguage":"it-IT"},{"@type":"Organization","@id":"https:\/\/ancestrina.com\/it\/#organization","name":"Ancestrina","url":"https:\/\/ancestrina.com\/it\/","logo":{"@type":"ImageObject","inLanguage":"it-IT","@id":"https:\/\/ancestrina.com\/it\/#\/schema\/logo\/image\/","url":"https:\/\/ancestrina.com\/wp-content\/uploads\/2020\/06\/cropped-LOGO-ANCESTRINA-1.png","contentUrl":"https:\/\/ancestrina.com\/wp-content\/uploads\/2020\/06\/cropped-LOGO-ANCESTRINA-1.png","width":630,"height":202,"caption":"Ancestrina"},"image":{"@id":"https:\/\/ancestrina.com\/it\/#\/schema\/logo\/image\/"},"sameAs":["https:\/\/www.facebook.com\/Ancestrina\/","https:\/\/www.instagram.com\/ancestrina\/","https:\/\/www.youtube.com\/channel\/UCgtt6WFhEIVEI30PzxlOeIw"]}]}},"_links":{"self":[{"href":"https:\/\/ancestrina.com\/it\/wp-json\/wp\/v2\/product\/30112","targetHints":{"allow":["GET"]}}],"collection":[{"href":"https:\/\/ancestrina.com\/it\/wp-json\/wp\/v2\/product"}],"about":[{"href":"https:\/\/ancestrina.com\/it\/wp-json\/wp\/v2\/types\/product"}],"replies":[{"embeddable":true,"href":"https:\/\/ancestrina.com\/it\/wp-json\/wp\/v2\/comments?post=30112"}],"version-history":[{"count":1,"href":"https:\/\/ancestrina.com\/it\/wp-json\/wp\/v2\/product\/30112\/revisions"}],"predecessor-version":[{"id":36097,"href":"https:\/\/ancestrina.com\/it\/wp-json\/wp\/v2\/product\/30112\/revisions\/36097"}],"wp:featuredmedia":[{"embeddable":true,"href":"https:\/\/ancestrina.com\/it\/wp-json\/wp\/v2\/media\/35189"}],"wp:attachment":[{"href":"https:\/\/ancestrina.com\/it\/wp-json\/wp\/v2\/media?parent=30112"}],"wp:term":[{"taxonomy":"product_brand","embeddable":true,"href":"https:\/\/ancestrina.com\/it\/wp-json\/wp\/v2\/product_brand?post=30112"},{"taxonomy":"product_cat","embeddable":true,"href":"https:\/\/ancestrina.com\/it\/wp-json\/wp\/v2\/product_cat?post=30112"},{"taxonomy":"product_tag","embeddable":true,"href":"https:\/\/ancestrina.com\/it\/wp-json\/wp\/v2\/product_tag?post=30112"}],"curies":[{"name":"wp","href":"https:\/\/api.w.org\/{rel}","templated":true}]}}