{"id":29962,"date":"2024-04-14T13:29:33","date_gmt":"2024-04-14T18:29:33","guid":{"rendered":"https:\/\/ancestrina.com\/?post_type=product&#038;p=29962"},"modified":"2026-05-13T00:31:59","modified_gmt":"2026-05-13T05:31:59","slug":"estratto-da-chilcuague","status":"publish","type":"product","link":"https:\/\/ancestrina.com\/it\/producto\/estratto-da-chilcuague\/","title":{"rendered":"Estratto da Chilcuague"},"content":{"rendered":"<p>L'estratto di Chilcuague, distillato in alcol e presentato in un pratico formato spray, \u00e8 un potente alleato per chi cerca una preparazione spirituale e fisica prima di immergersi in pratiche profonde come il rap\u00e9. Originario del Messico e radicato nella visione del mondo azteca, questo estratto non \u00e8 solo un ponte con l'antica saggezza, ma agisce anche come protettore e purificatore dell'energia personale.<\/p>\n<h3>I principali benefici dell'estratto di Chilcuague:<\/h3>\n<ul>\n<li><strong>Protezione energetica:<\/strong> applicando un paio di boccate di spray in bocca, prepari e proteggi la tua energia, assicurandoti che rimanga equilibrata e purificata, creando cos\u00ec l'ambiente ideale per ricevere il rap\u00e9.<\/li>\n<li><strong>Salute e benessere:<\/strong> sebbene questo prodotto sia incentrato sulla preparazione spirituale, le propriet\u00e0 anestetiche, analgesiche e antibiotiche della chilcuague contribuiscono anche al benessere generale, alleviando il dolore e rafforzando il sistema immunitario e digestivo.<\/li>\n<li><strong>Pulizia profonda:<\/strong> il suo utilizzo \u00e8 una pratica antica che si integra perfettamente con la cosmovisione amazzonica del rap\u00e9, potenziando i benefici di entrambe le medicine.<\/li>\n<li><strong>Benessere mentale:<\/strong> oltre al suo impatto fisico, la chilcuague ha un'influenza positiva sul benessere mentale, favorendo il rilascio di dopamina e aiutando ad alleviare lo stress.<\/li>\n<\/ul>\n<h3>Come usarlo:<\/h3>\n<p>L'estratto di Chilcuague pu\u00f2 essere facilmente applicato con un paio di spray direttamente in bocca. Questa forma di utilizzo non solo ne facilita l'assorbimento e l'efficacia, ma rende la sua applicazione un rituale semplice ma profondamente significativo, che prepara il corpo e lo spirito a intense esperienze spirituali.<\/p>\n<p>&nbsp;<\/p>\n","protected":false},"excerpt":{"rendered":"<p>Se hai avuto esperienze precedenti con il rap\u00e9, dovresti sapere bene che la tua mente e il tuo corpo raggiungono uno stato di tranquillit\u00e0 e pace personale. L&#8217;energia sale e un senso di benessere si impossessa del tuo cuore. Tuttavia, a volte \u00e8 necessario regolare e purificare l&#8217;intensit\u00e0 di ci\u00f2 che si ottiene con il rap\u00e9.<\/p>\n<p>Una delle alternative pi\u00f9 efficaci \u00e8 rappresentata dall&#8217;uso dell&#8217;estratto di cilcuma. Questo prodotto si ottiene dalla radice del peperoncino, una pianta originaria del Messico. \u00c8 molto apprezzata per i suoi effetti anestetici, per il suo contributo al metabolismo e per la regolazione dell&#8217;energia.<br \/>\nCon questo estratto di peperoncino puoi depurare e regolare la tua energia.<\/p>\n","protected":false},"featured_media":34598,"comment_status":"closed","ping_status":"closed","template":"","meta":{"order-bump-settings":[],"_wpfnl_thankyou_order_overview":"on","_wpfnl_thankyou_order_details":"on","_wpfnl_thankyou_billing_details":"on","_wpfnl_thankyou_shipping_details":"on","site-sidebar-layout":"default","site-content-layout":"plain-container","ast-site-content-layout":"normal-width-container","site-content-style":"unboxed","site-sidebar-style":"unboxed","ast-global-header-display":"","ast-banner-title-visibility":"","ast-main-header-display":"","ast-hfb-above-header-display":"","ast-hfb-below-header-display":"","ast-hfb-mobile-header-display":"","site-post-title":"","ast-breadcrumbs-content":"","ast-featured-img":"","footer-sml-layout":"","ast-disable-related-posts":"","theme-transparent-header-meta":"disabled","adv-header-id-meta":"","stick-header-meta":"","header-above-stick-meta":"","header-main-stick-meta":"","header-below-stick-meta":"","astra-migrate-meta-layouts":"set","ast-page-background-enabled":"default","ast-page-background-meta":{"desktop":{"background-color":"","background-image":"","background-repeat":"repeat","background-position":"center center","background-size":"auto","background-attachment":"scroll","background-type":"","background-media":"","overlay-type":"","overlay-color":"","overlay-opacity":"","overlay-gradient":""},"tablet":{"background-color":"","background-image":"","background-repeat":"repeat","background-position":"center center","background-size":"auto","background-attachment":"scroll","background-type":"","background-media":"","overlay-type":"","overlay-color":"","overlay-opacity":"","overlay-gradient":""},"mobile":{"background-color":"","background-image":"","background-repeat":"repeat","background-position":"center center","background-size":"auto","background-attachment":"scroll","background-type":"","background-media":"","overlay-type":"","overlay-color":"","overlay-opacity":"","overlay-gradient":""}},"ast-content-background-meta":{"desktop":{"background-color":"var(--ast-global-color-5)","background-image":"","background-repeat":"repeat","background-position":"center center","background-size":"auto","background-attachment":"scroll","background-type":"","background-media":"","overlay-type":"","overlay-color":"","overlay-opacity":"","overlay-gradient":""},"tablet":{"background-color":"var(--ast-global-color-5)","background-image":"","background-repeat":"repeat","background-position":"center center","background-size":"auto","background-attachment":"scroll","background-type":"","background-media":"","overlay-type":"","overlay-color":"","overlay-opacity":"","overlay-gradient":""},"mobile":{"background-color":"var(--ast-global-color-5)","background-image":"","background-repeat":"repeat","background-position":"center center","background-size":"auto","background-attachment":"scroll","background-type":"","background-media":"","overlay-type":"","overlay-color":"","overlay-opacity":"","overlay-gradient":""}},"_joinchat":[]},"product_brand":[],"product_cat":[1455],"product_tag":[],"class_list":{"0":"post-29962","1":"product","2":"type-product","3":"status-publish","4":"has-post-thumbnail","6":"product_cat-medicinas-it","7":"desktop-align-center","8":"tablet-align-left","9":"mobile-align-left","11":"first","12":"instock","13":"shipping-taxable","14":"purchasable","15":"product-type-simple"},"yoast_head":"<!-- This site is optimized with the Yoast SEO Premium plugin v22.6 (Yoast SEO v27.6) - https:\/\/yoast.com\/product\/yoast-seo-premium-wordpress\/ -->\n<title>Estratto di Chilcuague: protezione e purificazione spirituale<\/title>\n<meta name=\"description\" content=\"Scopri l&#039;Estratto di Chilcuague, uno spray distillato in alcol che protegge e purifica la tua energia. Ideale per la preparazione spirituale e fisica prima dell&#039;uso del rap\u00e9, questo prodotto ancestrale offre benefici anestetici, analgesici e antibiotici per un benessere olistico. Bilancia la tua energia e migliora la tua esperienza spirituale con questo prezioso estratto.\" \/>\n<meta name=\"robots\" content=\"index, follow, max-snippet:-1, max-image-preview:large, max-video-preview:-1\" \/>\n<link rel=\"canonical\" href=\"https:\/\/ancestrina.com\/it\/producto\/estratto-da-chilcuague\/\" \/>\n<meta property=\"og:locale\" content=\"it_IT\" \/>\n<meta property=\"og:type\" content=\"article\" \/>\n<meta property=\"og:title\" content=\"Estratto da Chilcuague\" \/>\n<meta property=\"og:description\" content=\"Scopri l&#039;Estratto di Chilcuague, uno spray distillato in alcol che protegge e purifica la tua energia. Ideale per la preparazione spirituale e fisica prima dell&#039;uso del rap\u00e9, questo prodotto ancestrale offre benefici anestetici, analgesici e antibiotici per un benessere olistico. Bilancia la tua energia e migliora la tua esperienza spirituale con questo prezioso estratto.\" \/>\n<meta property=\"og:url\" content=\"https:\/\/ancestrina.com\/it\/producto\/estratto-da-chilcuague\/\" \/>\n<meta property=\"og:site_name\" content=\"Ancestrina\" \/>\n<meta property=\"article:publisher\" content=\"https:\/\/www.facebook.com\/Ancestrina\/\" \/>\n<meta property=\"article:modified_time\" content=\"2026-05-13T05:31:59+00:00\" \/>\n<meta property=\"og:image\" content=\"https:\/\/ancestrina.com\/wp-content\/uploads\/chilcuague.jpg\" \/>\n\t<meta property=\"og:image:width\" content=\"2048\" \/>\n\t<meta property=\"og:image:height\" content=\"2048\" \/>\n\t<meta property=\"og:image:type\" content=\"image\/jpeg\" \/>\n<meta name=\"twitter:card\" content=\"summary_large_image\" \/>\n<meta name=\"twitter:label1\" content=\"Tempo di lettura stimato\" \/>\n\t<meta name=\"twitter:data1\" content=\"1 minuto\" \/>\n<script type=\"application\/ld+json\" class=\"yoast-schema-graph\">{\"@context\":\"https:\\\/\\\/schema.org\",\"@graph\":[{\"@type\":\"WebPage\",\"@id\":\"https:\\\/\\\/ancestrina.com\\\/it\\\/producto\\\/estratto-da-chilcuague\\\/\",\"url\":\"https:\\\/\\\/ancestrina.com\\\/it\\\/producto\\\/estratto-da-chilcuague\\\/\",\"name\":\"Estratto di Chilcuague: protezione e purificazione spirituale\",\"isPartOf\":{\"@id\":\"https:\\\/\\\/ancestrina.com\\\/it\\\/#website\"},\"primaryImageOfPage\":{\"@id\":\"https:\\\/\\\/ancestrina.com\\\/it\\\/producto\\\/estratto-da-chilcuague\\\/#primaryimage\"},\"image\":{\"@id\":\"https:\\\/\\\/ancestrina.com\\\/it\\\/producto\\\/estratto-da-chilcuague\\\/#primaryimage\"},\"thumbnailUrl\":\"https:\\\/\\\/ancestrina.com\\\/wp-content\\\/uploads\\\/chilcuague.jpg\",\"datePublished\":\"2024-04-14T18:29:33+00:00\",\"dateModified\":\"2026-05-13T05:31:59+00:00\",\"description\":\"Scopri l'Estratto di Chilcuague, uno spray distillato in alcol che protegge e purifica la tua energia. Ideale per la preparazione spirituale e fisica prima dell'uso del rap\u00e9, questo prodotto ancestrale offre benefici anestetici, analgesici e antibiotici per un benessere olistico. Bilancia la tua energia e migliora la tua esperienza spirituale con questo prezioso estratto.\",\"breadcrumb\":{\"@id\":\"https:\\\/\\\/ancestrina.com\\\/it\\\/producto\\\/estratto-da-chilcuague\\\/#breadcrumb\"},\"inLanguage\":\"it-IT\",\"potentialAction\":[{\"@type\":\"ReadAction\",\"target\":[\"https:\\\/\\\/ancestrina.com\\\/it\\\/producto\\\/estratto-da-chilcuague\\\/\"]}]},{\"@type\":\"ImageObject\",\"inLanguage\":\"it-IT\",\"@id\":\"https:\\\/\\\/ancestrina.com\\\/it\\\/producto\\\/estratto-da-chilcuague\\\/#primaryimage\",\"url\":\"https:\\\/\\\/ancestrina.com\\\/wp-content\\\/uploads\\\/chilcuague.jpg\",\"contentUrl\":\"https:\\\/\\\/ancestrina.com\\\/wp-content\\\/uploads\\\/chilcuague.jpg\",\"width\":2048,\"height\":2048},{\"@type\":\"BreadcrumbList\",\"@id\":\"https:\\\/\\\/ancestrina.com\\\/it\\\/producto\\\/estratto-da-chilcuague\\\/#breadcrumb\",\"itemListElement\":[{\"@type\":\"ListItem\",\"position\":1,\"name\":\"Home\",\"item\":\"https:\\\/\\\/ancestrina.com\\\/it\\\/casa\\\/\"},{\"@type\":\"ListItem\",\"position\":2,\"name\":\"Negozio\",\"item\":\"https:\\\/\\\/ancestrina.com\\\/it\\\/negozio\\\/\"},{\"@type\":\"ListItem\",\"position\":3,\"name\":\"Estratto da Chilcuague\"}]},{\"@type\":\"WebSite\",\"@id\":\"https:\\\/\\\/ancestrina.com\\\/it\\\/#website\",\"url\":\"https:\\\/\\\/ancestrina.com\\\/it\\\/\",\"name\":\"Ancestrina\",\"description\":\"Trabajamos experiencias con plantas maestras, terapias integradoras y cultos ancestrales\",\"publisher\":{\"@id\":\"https:\\\/\\\/ancestrina.com\\\/it\\\/#organization\"},\"potentialAction\":[{\"@type\":\"SearchAction\",\"target\":{\"@type\":\"EntryPoint\",\"urlTemplate\":\"https:\\\/\\\/ancestrina.com\\\/it\\\/?s={search_term_string}\"},\"query-input\":{\"@type\":\"PropertyValueSpecification\",\"valueRequired\":true,\"valueName\":\"search_term_string\"}}],\"inLanguage\":\"it-IT\"},{\"@type\":\"Organization\",\"@id\":\"https:\\\/\\\/ancestrina.com\\\/it\\\/#organization\",\"name\":\"Ancestrina\",\"url\":\"https:\\\/\\\/ancestrina.com\\\/it\\\/\",\"logo\":{\"@type\":\"ImageObject\",\"inLanguage\":\"it-IT\",\"@id\":\"https:\\\/\\\/ancestrina.com\\\/it\\\/#\\\/schema\\\/logo\\\/image\\\/\",\"url\":\"https:\\\/\\\/ancestrina.com\\\/wp-content\\\/uploads\\\/2020\\\/06\\\/cropped-LOGO-ANCESTRINA-1.png\",\"contentUrl\":\"https:\\\/\\\/ancestrina.com\\\/wp-content\\\/uploads\\\/2020\\\/06\\\/cropped-LOGO-ANCESTRINA-1.png\",\"width\":630,\"height\":202,\"caption\":\"Ancestrina\"},\"image\":{\"@id\":\"https:\\\/\\\/ancestrina.com\\\/it\\\/#\\\/schema\\\/logo\\\/image\\\/\"},\"sameAs\":[\"https:\\\/\\\/www.facebook.com\\\/Ancestrina\\\/\",\"https:\\\/\\\/www.instagram.com\\\/ancestrina\\\/\",\"https:\\\/\\\/www.youtube.com\\\/channel\\\/UCgtt6WFhEIVEI30PzxlOeIw\"]}]}<\/script>\n<!-- \/ Yoast SEO Premium plugin. -->","yoast_head_json":{"title":"Estratto di Chilcuague: protezione e purificazione spirituale","description":"Scopri l'Estratto di Chilcuague, uno spray distillato in alcol che protegge e purifica la tua energia. Ideale per la preparazione spirituale e fisica prima dell'uso del rap\u00e9, questo prodotto ancestrale offre benefici anestetici, analgesici e antibiotici per un benessere olistico. Bilancia la tua energia e migliora la tua esperienza spirituale con questo prezioso estratto.","robots":{"index":"index","follow":"follow","max-snippet":"max-snippet:-1","max-image-preview":"max-image-preview:large","max-video-preview":"max-video-preview:-1"},"canonical":"https:\/\/ancestrina.com\/it\/producto\/estratto-da-chilcuague\/","og_locale":"it_IT","og_type":"article","og_title":"Estratto da Chilcuague","og_description":"Scopri l'Estratto di Chilcuague, uno spray distillato in alcol che protegge e purifica la tua energia. Ideale per la preparazione spirituale e fisica prima dell'uso del rap\u00e9, questo prodotto ancestrale offre benefici anestetici, analgesici e antibiotici per un benessere olistico. Bilancia la tua energia e migliora la tua esperienza spirituale con questo prezioso estratto.","og_url":"https:\/\/ancestrina.com\/it\/producto\/estratto-da-chilcuague\/","og_site_name":"Ancestrina","article_publisher":"https:\/\/www.facebook.com\/Ancestrina\/","article_modified_time":"2026-05-13T05:31:59+00:00","og_image":[{"width":2048,"height":2048,"url":"https:\/\/ancestrina.com\/wp-content\/uploads\/chilcuague.jpg","type":"image\/jpeg"}],"twitter_card":"summary_large_image","twitter_misc":{"Tempo di lettura stimato":"1 minuto"},"schema":{"@context":"https:\/\/schema.org","@graph":[{"@type":"WebPage","@id":"https:\/\/ancestrina.com\/it\/producto\/estratto-da-chilcuague\/","url":"https:\/\/ancestrina.com\/it\/producto\/estratto-da-chilcuague\/","name":"Estratto di Chilcuague: protezione e purificazione spirituale","isPartOf":{"@id":"https:\/\/ancestrina.com\/it\/#website"},"primaryImageOfPage":{"@id":"https:\/\/ancestrina.com\/it\/producto\/estratto-da-chilcuague\/#primaryimage"},"image":{"@id":"https:\/\/ancestrina.com\/it\/producto\/estratto-da-chilcuague\/#primaryimage"},"thumbnailUrl":"https:\/\/ancestrina.com\/wp-content\/uploads\/chilcuague.jpg","datePublished":"2024-04-14T18:29:33+00:00","dateModified":"2026-05-13T05:31:59+00:00","description":"Scopri l'Estratto di Chilcuague, uno spray distillato in alcol che protegge e purifica la tua energia. Ideale per la preparazione spirituale e fisica prima dell'uso del rap\u00e9, questo prodotto ancestrale offre benefici anestetici, analgesici e antibiotici per un benessere olistico. Bilancia la tua energia e migliora la tua esperienza spirituale con questo prezioso estratto.","breadcrumb":{"@id":"https:\/\/ancestrina.com\/it\/producto\/estratto-da-chilcuague\/#breadcrumb"},"inLanguage":"it-IT","potentialAction":[{"@type":"ReadAction","target":["https:\/\/ancestrina.com\/it\/producto\/estratto-da-chilcuague\/"]}]},{"@type":"ImageObject","inLanguage":"it-IT","@id":"https:\/\/ancestrina.com\/it\/producto\/estratto-da-chilcuague\/#primaryimage","url":"https:\/\/ancestrina.com\/wp-content\/uploads\/chilcuague.jpg","contentUrl":"https:\/\/ancestrina.com\/wp-content\/uploads\/chilcuague.jpg","width":2048,"height":2048},{"@type":"BreadcrumbList","@id":"https:\/\/ancestrina.com\/it\/producto\/estratto-da-chilcuague\/#breadcrumb","itemListElement":[{"@type":"ListItem","position":1,"name":"Home","item":"https:\/\/ancestrina.com\/it\/casa\/"},{"@type":"ListItem","position":2,"name":"Negozio","item":"https:\/\/ancestrina.com\/it\/negozio\/"},{"@type":"ListItem","position":3,"name":"Estratto da Chilcuague"}]},{"@type":"WebSite","@id":"https:\/\/ancestrina.com\/it\/#website","url":"https:\/\/ancestrina.com\/it\/","name":"Ancestrina","description":"Trabajamos experiencias con plantas maestras, terapias integradoras y cultos ancestrales","publisher":{"@id":"https:\/\/ancestrina.com\/it\/#organization"},"potentialAction":[{"@type":"SearchAction","target":{"@type":"EntryPoint","urlTemplate":"https:\/\/ancestrina.com\/it\/?s={search_term_string}"},"query-input":{"@type":"PropertyValueSpecification","valueRequired":true,"valueName":"search_term_string"}}],"inLanguage":"it-IT"},{"@type":"Organization","@id":"https:\/\/ancestrina.com\/it\/#organization","name":"Ancestrina","url":"https:\/\/ancestrina.com\/it\/","logo":{"@type":"ImageObject","inLanguage":"it-IT","@id":"https:\/\/ancestrina.com\/it\/#\/schema\/logo\/image\/","url":"https:\/\/ancestrina.com\/wp-content\/uploads\/2020\/06\/cropped-LOGO-ANCESTRINA-1.png","contentUrl":"https:\/\/ancestrina.com\/wp-content\/uploads\/2020\/06\/cropped-LOGO-ANCESTRINA-1.png","width":630,"height":202,"caption":"Ancestrina"},"image":{"@id":"https:\/\/ancestrina.com\/it\/#\/schema\/logo\/image\/"},"sameAs":["https:\/\/www.facebook.com\/Ancestrina\/","https:\/\/www.instagram.com\/ancestrina\/","https:\/\/www.youtube.com\/channel\/UCgtt6WFhEIVEI30PzxlOeIw"]}]}},"_links":{"self":[{"href":"https:\/\/ancestrina.com\/it\/wp-json\/wp\/v2\/product\/29962","targetHints":{"allow":["GET"]}}],"collection":[{"href":"https:\/\/ancestrina.com\/it\/wp-json\/wp\/v2\/product"}],"about":[{"href":"https:\/\/ancestrina.com\/it\/wp-json\/wp\/v2\/types\/product"}],"replies":[{"embeddable":true,"href":"https:\/\/ancestrina.com\/it\/wp-json\/wp\/v2\/comments?post=29962"}],"version-history":[{"count":2,"href":"https:\/\/ancestrina.com\/it\/wp-json\/wp\/v2\/product\/29962\/revisions"}],"predecessor-version":[{"id":37577,"href":"https:\/\/ancestrina.com\/it\/wp-json\/wp\/v2\/product\/29962\/revisions\/37577"}],"wp:featuredmedia":[{"embeddable":true,"href":"https:\/\/ancestrina.com\/it\/wp-json\/wp\/v2\/media\/34598"}],"wp:attachment":[{"href":"https:\/\/ancestrina.com\/it\/wp-json\/wp\/v2\/media?parent=29962"}],"wp:term":[{"taxonomy":"product_brand","embeddable":true,"href":"https:\/\/ancestrina.com\/it\/wp-json\/wp\/v2\/product_brand?post=29962"},{"taxonomy":"product_cat","embeddable":true,"href":"https:\/\/ancestrina.com\/it\/wp-json\/wp\/v2\/product_cat?post=29962"},{"taxonomy":"product_tag","embeddable":true,"href":"https:\/\/ancestrina.com\/it\/wp-json\/wp\/v2\/product_tag?post=29962"}],"curies":[{"name":"wp","href":"https:\/\/api.w.org\/{rel}","templated":true}]}}