{"id":29870,"date":"2025-10-23T02:41:57","date_gmt":"2025-10-23T07:41:57","guid":{"rendered":"https:\/\/ancestrina.com\/?post_type=product&#038;p=29870"},"modified":"2026-05-13T21:34:36","modified_gmt":"2026-05-14T02:34:36","slug":"tepis-inciso-a-mano-copia","status":"publish","type":"product","link":"https:\/\/ancestrina.com\/it\/producto\/tepis-inciso-a-mano-copia\/","title":{"rendered":"Tepi intagliati a mano"},"content":{"rendered":"<p>Realizzati a mano in Indonesia, i nostri Tepi si distinguono per l'eccezionale qualit\u00e0 e la possibilit\u00e0 di personalizzazione. Scegli il design che ti parla di pi\u00f9 e connettiti con l'arte ancestrale del rap\u00e9 attraverso uno strumento unico, intagliato in legno di altissima qualit\u00e0 da esperti artigiani. Ideale per chi apprezza l'autenticit\u00e0 e il significato di ogni pratica.<\/p>\n<p><strong>Caratteristiche principali:<\/strong><\/p>\n<ul>\n<li><strong>Autenticit\u00e0 garantita:<\/strong> direttamente dagli artigiani indonesiani.<\/li>\n<li><strong>Completamente personalizzabile:<\/strong> scegliete la figura che pi\u00f9 vi aggrada.<\/li>\n<li><strong>Strumento di connessione:<\/strong> Ideale per condividere la tradizione del rap\u00e9.<\/li>\n<\/ul>\n<p>Trasformate la vostra pratica spirituale con un tepi che \u00e8 pi\u00f9 di uno strumento: \u00e8 un'opera d'arte, una storia, un'eredit\u00e0.<\/p>\n","protected":false},"excerpt":{"rendered":"<p>Questi tepi non sono solo opere d&#8217;arte, ma anche strumenti per l&#8217;espansione della coscienza. Utilizzateli nelle vostre pratiche spirituali, nelle meditazioni e nelle cerimonie per connettervi con il vostro animale guida e trovare la pace interiore. Ogni tepi \u00e8 unico ed \u00e8 stato benedetto con intenzioni di guarigione e crescita spirituale. Portandone uno con voi, portate con voi l&#8217;essenza del vostro animale di potere e la sua guida nel vostro viaggio.<\/p>\n<p>Chiedi informazioni su quelli che abbiamo a disposizione.<\/p>\n","protected":false},"featured_media":34426,"comment_status":"open","ping_status":"closed","template":"","meta":{"order-bump-settings":[],"_wpfnl_thankyou_order_overview":"on","_wpfnl_thankyou_order_details":"on","_wpfnl_thankyou_billing_details":"on","_wpfnl_thankyou_shipping_details":"on","site-sidebar-layout":"default","site-content-layout":"default","ast-site-content-layout":"default","site-content-style":"default","site-sidebar-style":"default","ast-global-header-display":"","ast-banner-title-visibility":"","ast-main-header-display":"","ast-hfb-above-header-display":"","ast-hfb-below-header-display":"","ast-hfb-mobile-header-display":"","site-post-title":"","ast-breadcrumbs-content":"","ast-featured-img":"","footer-sml-layout":"","ast-disable-related-posts":"","theme-transparent-header-meta":"default","adv-header-id-meta":"","stick-header-meta":"","header-above-stick-meta":"","header-main-stick-meta":"","header-below-stick-meta":"","astra-migrate-meta-layouts":"default","ast-page-background-enabled":"default","ast-page-background-meta":{"desktop":{"background-color":"","background-image":"","background-repeat":"repeat","background-position":"center center","background-size":"auto","background-attachment":"scroll","background-type":"","background-media":"","overlay-type":"","overlay-color":"","overlay-opacity":"","overlay-gradient":""},"tablet":{"background-color":"","background-image":"","background-repeat":"repeat","background-position":"center center","background-size":"auto","background-attachment":"scroll","background-type":"","background-media":"","overlay-type":"","overlay-color":"","overlay-opacity":"","overlay-gradient":""},"mobile":{"background-color":"","background-image":"","background-repeat":"repeat","background-position":"center center","background-size":"auto","background-attachment":"scroll","background-type":"","background-media":"","overlay-type":"","overlay-color":"","overlay-opacity":"","overlay-gradient":""}},"ast-content-background-meta":{"desktop":{"background-color":"var(--ast-global-color-5)","background-image":"","background-repeat":"repeat","background-position":"center center","background-size":"auto","background-attachment":"scroll","background-type":"","background-media":"","overlay-type":"","overlay-color":"","overlay-opacity":"","overlay-gradient":""},"tablet":{"background-color":"var(--ast-global-color-5)","background-image":"","background-repeat":"repeat","background-position":"center center","background-size":"auto","background-attachment":"scroll","background-type":"","background-media":"","overlay-type":"","overlay-color":"","overlay-opacity":"","overlay-gradient":""},"mobile":{"background-color":"var(--ast-global-color-5)","background-image":"","background-repeat":"repeat","background-position":"center center","background-size":"auto","background-attachment":"scroll","background-type":"","background-media":"","overlay-type":"","overlay-color":"","overlay-opacity":"","overlay-gradient":""}},"_joinchat":[]},"product_brand":[],"product_cat":[551,549],"product_tag":[],"class_list":{"0":"post-29870","1":"product","2":"type-product","3":"status-publish","4":"has-post-thumbnail","6":"product_cat-accessori","7":"product_cat-tepis-it","8":"desktop-align-center","9":"tablet-align-left","10":"mobile-align-left","12":"first","13":"instock","14":"shipping-taxable","15":"purchasable","16":"product-type-simple"},"yoast_head":"<!-- This site is optimized with the Yoast SEO Premium plugin v22.6 (Yoast SEO v27.6) - https:\/\/yoast.com\/product\/yoast-seo-premium-wordpress\/ -->\n<title>Tepis intagliato a mano: connessione spirituale e arte ancestrale<\/title>\n<meta name=\"description\" content=\"Scopri i nostri Tepis intagliati a mano, realizzati da artigiani indonesiani con legno di altissima qualit\u00e0. Personalizzabili e autentici, questi t\u00e8 sono ideali per connettersi con l&#039;antica arte del tabacco da rap\u00e9 e arricchire le tue pratiche spirituali. Ogni pezzo \u00e8 un&#039;opera d&#039;arte unica, progettata per l&#039;espansione della coscienza e la connessione con il tuo animale di potere.\" \/>\n<meta name=\"robots\" content=\"index, follow, max-snippet:-1, max-image-preview:large, max-video-preview:-1\" \/>\n<link rel=\"canonical\" href=\"https:\/\/ancestrina.com\/it\/producto\/tepis-inciso-a-mano-copia\/\" \/>\n<meta property=\"og:locale\" content=\"it_IT\" \/>\n<meta property=\"og:type\" content=\"article\" \/>\n<meta property=\"og:title\" content=\"Tepi intagliati a mano\" \/>\n<meta property=\"og:description\" content=\"Scopri i nostri Tepis intagliati a mano, realizzati da artigiani indonesiani con legno di altissima qualit\u00e0. Personalizzabili e autentici, questi t\u00e8 sono ideali per connettersi con l&#039;antica arte del tabacco da rap\u00e9 e arricchire le tue pratiche spirituali. Ogni pezzo \u00e8 un&#039;opera d&#039;arte unica, progettata per l&#039;espansione della coscienza e la connessione con il tuo animale di potere.\" \/>\n<meta property=\"og:url\" content=\"https:\/\/ancestrina.com\/it\/producto\/tepis-inciso-a-mano-copia\/\" \/>\n<meta property=\"og:site_name\" content=\"Ancestrina\" \/>\n<meta property=\"article:publisher\" content=\"https:\/\/www.facebook.com\/Ancestrina\/\" \/>\n<meta property=\"article:modified_time\" content=\"2026-05-14T02:34:36+00:00\" \/>\n<meta name=\"twitter:card\" content=\"summary_large_image\" \/>\n<meta name=\"twitter:label1\" content=\"Tempo di lettura stimato\" \/>\n\t<meta name=\"twitter:data1\" content=\"1 minuto\" \/>\n<script type=\"application\/ld+json\" class=\"yoast-schema-graph\">{\"@context\":\"https:\\\/\\\/schema.org\",\"@graph\":[{\"@type\":\"WebPage\",\"@id\":\"https:\\\/\\\/ancestrina.com\\\/it\\\/producto\\\/tepis-inciso-a-mano-copia\\\/\",\"url\":\"https:\\\/\\\/ancestrina.com\\\/it\\\/producto\\\/tepis-inciso-a-mano-copia\\\/\",\"name\":\"Tepis intagliato a mano: connessione spirituale e arte ancestrale\",\"isPartOf\":{\"@id\":\"https:\\\/\\\/ancestrina.com\\\/it\\\/#website\"},\"primaryImageOfPage\":{\"@id\":\"https:\\\/\\\/ancestrina.com\\\/it\\\/producto\\\/tepis-inciso-a-mano-copia\\\/#primaryimage\"},\"image\":{\"@id\":\"https:\\\/\\\/ancestrina.com\\\/it\\\/producto\\\/tepis-inciso-a-mano-copia\\\/#primaryimage\"},\"thumbnailUrl\":\"https:\\\/\\\/ancestrina.com\\\/wp-content\\\/uploads\\\/accesorios.jpg\",\"datePublished\":\"2025-10-23T07:41:57+00:00\",\"dateModified\":\"2026-05-14T02:34:36+00:00\",\"description\":\"Scopri i nostri Tepis intagliati a mano, realizzati da artigiani indonesiani con legno di altissima qualit\u00e0. Personalizzabili e autentici, questi t\u00e8 sono ideali per connettersi con l'antica arte del tabacco da rap\u00e9 e arricchire le tue pratiche spirituali. Ogni pezzo \u00e8 un'opera d'arte unica, progettata per l'espansione della coscienza e la connessione con il tuo animale di potere.\",\"breadcrumb\":{\"@id\":\"https:\\\/\\\/ancestrina.com\\\/it\\\/producto\\\/tepis-inciso-a-mano-copia\\\/#breadcrumb\"},\"inLanguage\":\"it-IT\",\"potentialAction\":[{\"@type\":\"ReadAction\",\"target\":[\"https:\\\/\\\/ancestrina.com\\\/it\\\/producto\\\/tepis-inciso-a-mano-copia\\\/\"]}]},{\"@type\":\"ImageObject\",\"inLanguage\":\"it-IT\",\"@id\":\"https:\\\/\\\/ancestrina.com\\\/it\\\/producto\\\/tepis-inciso-a-mano-copia\\\/#primaryimage\",\"url\":\"https:\\\/\\\/ancestrina.com\\\/wp-content\\\/uploads\\\/accesorios.jpg\",\"contentUrl\":\"https:\\\/\\\/ancestrina.com\\\/wp-content\\\/uploads\\\/accesorios.jpg\",\"width\":2048,\"height\":2048},{\"@type\":\"BreadcrumbList\",\"@id\":\"https:\\\/\\\/ancestrina.com\\\/it\\\/producto\\\/tepis-inciso-a-mano-copia\\\/#breadcrumb\",\"itemListElement\":[{\"@type\":\"ListItem\",\"position\":1,\"name\":\"Home\",\"item\":\"https:\\\/\\\/ancestrina.com\\\/it\\\/casa\\\/\"},{\"@type\":\"ListItem\",\"position\":2,\"name\":\"Negozio\",\"item\":\"https:\\\/\\\/ancestrina.com\\\/it\\\/negozio\\\/\"},{\"@type\":\"ListItem\",\"position\":3,\"name\":\"Tepi intagliati a mano\"}]},{\"@type\":\"WebSite\",\"@id\":\"https:\\\/\\\/ancestrina.com\\\/it\\\/#website\",\"url\":\"https:\\\/\\\/ancestrina.com\\\/it\\\/\",\"name\":\"Ancestrina\",\"description\":\"Trabajamos experiencias con plantas maestras, terapias integradoras y cultos ancestrales\",\"publisher\":{\"@id\":\"https:\\\/\\\/ancestrina.com\\\/it\\\/#organization\"},\"potentialAction\":[{\"@type\":\"SearchAction\",\"target\":{\"@type\":\"EntryPoint\",\"urlTemplate\":\"https:\\\/\\\/ancestrina.com\\\/it\\\/?s={search_term_string}\"},\"query-input\":{\"@type\":\"PropertyValueSpecification\",\"valueRequired\":true,\"valueName\":\"search_term_string\"}}],\"inLanguage\":\"it-IT\"},{\"@type\":\"Organization\",\"@id\":\"https:\\\/\\\/ancestrina.com\\\/it\\\/#organization\",\"name\":\"Ancestrina\",\"url\":\"https:\\\/\\\/ancestrina.com\\\/it\\\/\",\"logo\":{\"@type\":\"ImageObject\",\"inLanguage\":\"it-IT\",\"@id\":\"https:\\\/\\\/ancestrina.com\\\/it\\\/#\\\/schema\\\/logo\\\/image\\\/\",\"url\":\"https:\\\/\\\/ancestrina.com\\\/wp-content\\\/uploads\\\/2020\\\/06\\\/cropped-LOGO-ANCESTRINA-1.png\",\"contentUrl\":\"https:\\\/\\\/ancestrina.com\\\/wp-content\\\/uploads\\\/2020\\\/06\\\/cropped-LOGO-ANCESTRINA-1.png\",\"width\":630,\"height\":202,\"caption\":\"Ancestrina\"},\"image\":{\"@id\":\"https:\\\/\\\/ancestrina.com\\\/it\\\/#\\\/schema\\\/logo\\\/image\\\/\"},\"sameAs\":[\"https:\\\/\\\/www.facebook.com\\\/Ancestrina\\\/\",\"https:\\\/\\\/www.instagram.com\\\/ancestrina\\\/\",\"https:\\\/\\\/www.youtube.com\\\/channel\\\/UCgtt6WFhEIVEI30PzxlOeIw\"]}]}<\/script>\n<!-- \/ Yoast SEO Premium plugin. -->","yoast_head_json":{"title":"Tepis intagliato a mano: connessione spirituale e arte ancestrale","description":"Scopri i nostri Tepis intagliati a mano, realizzati da artigiani indonesiani con legno di altissima qualit\u00e0. Personalizzabili e autentici, questi t\u00e8 sono ideali per connettersi con l'antica arte del tabacco da rap\u00e9 e arricchire le tue pratiche spirituali. Ogni pezzo \u00e8 un'opera d'arte unica, progettata per l'espansione della coscienza e la connessione con il tuo animale di potere.","robots":{"index":"index","follow":"follow","max-snippet":"max-snippet:-1","max-image-preview":"max-image-preview:large","max-video-preview":"max-video-preview:-1"},"canonical":"https:\/\/ancestrina.com\/it\/producto\/tepis-inciso-a-mano-copia\/","og_locale":"it_IT","og_type":"article","og_title":"Tepi intagliati a mano","og_description":"Scopri i nostri Tepis intagliati a mano, realizzati da artigiani indonesiani con legno di altissima qualit\u00e0. Personalizzabili e autentici, questi t\u00e8 sono ideali per connettersi con l'antica arte del tabacco da rap\u00e9 e arricchire le tue pratiche spirituali. Ogni pezzo \u00e8 un'opera d'arte unica, progettata per l'espansione della coscienza e la connessione con il tuo animale di potere.","og_url":"https:\/\/ancestrina.com\/it\/producto\/tepis-inciso-a-mano-copia\/","og_site_name":"Ancestrina","article_publisher":"https:\/\/www.facebook.com\/Ancestrina\/","article_modified_time":"2026-05-14T02:34:36+00:00","twitter_card":"summary_large_image","twitter_misc":{"Tempo di lettura stimato":"1 minuto"},"schema":{"@context":"https:\/\/schema.org","@graph":[{"@type":"WebPage","@id":"https:\/\/ancestrina.com\/it\/producto\/tepis-inciso-a-mano-copia\/","url":"https:\/\/ancestrina.com\/it\/producto\/tepis-inciso-a-mano-copia\/","name":"Tepis intagliato a mano: connessione spirituale e arte ancestrale","isPartOf":{"@id":"https:\/\/ancestrina.com\/it\/#website"},"primaryImageOfPage":{"@id":"https:\/\/ancestrina.com\/it\/producto\/tepis-inciso-a-mano-copia\/#primaryimage"},"image":{"@id":"https:\/\/ancestrina.com\/it\/producto\/tepis-inciso-a-mano-copia\/#primaryimage"},"thumbnailUrl":"https:\/\/ancestrina.com\/wp-content\/uploads\/accesorios.jpg","datePublished":"2025-10-23T07:41:57+00:00","dateModified":"2026-05-14T02:34:36+00:00","description":"Scopri i nostri Tepis intagliati a mano, realizzati da artigiani indonesiani con legno di altissima qualit\u00e0. Personalizzabili e autentici, questi t\u00e8 sono ideali per connettersi con l'antica arte del tabacco da rap\u00e9 e arricchire le tue pratiche spirituali. Ogni pezzo \u00e8 un'opera d'arte unica, progettata per l'espansione della coscienza e la connessione con il tuo animale di potere.","breadcrumb":{"@id":"https:\/\/ancestrina.com\/it\/producto\/tepis-inciso-a-mano-copia\/#breadcrumb"},"inLanguage":"it-IT","potentialAction":[{"@type":"ReadAction","target":["https:\/\/ancestrina.com\/it\/producto\/tepis-inciso-a-mano-copia\/"]}]},{"@type":"ImageObject","inLanguage":"it-IT","@id":"https:\/\/ancestrina.com\/it\/producto\/tepis-inciso-a-mano-copia\/#primaryimage","url":"https:\/\/ancestrina.com\/wp-content\/uploads\/accesorios.jpg","contentUrl":"https:\/\/ancestrina.com\/wp-content\/uploads\/accesorios.jpg","width":2048,"height":2048},{"@type":"BreadcrumbList","@id":"https:\/\/ancestrina.com\/it\/producto\/tepis-inciso-a-mano-copia\/#breadcrumb","itemListElement":[{"@type":"ListItem","position":1,"name":"Home","item":"https:\/\/ancestrina.com\/it\/casa\/"},{"@type":"ListItem","position":2,"name":"Negozio","item":"https:\/\/ancestrina.com\/it\/negozio\/"},{"@type":"ListItem","position":3,"name":"Tepi intagliati a mano"}]},{"@type":"WebSite","@id":"https:\/\/ancestrina.com\/it\/#website","url":"https:\/\/ancestrina.com\/it\/","name":"Ancestrina","description":"Trabajamos experiencias con plantas maestras, terapias integradoras y cultos ancestrales","publisher":{"@id":"https:\/\/ancestrina.com\/it\/#organization"},"potentialAction":[{"@type":"SearchAction","target":{"@type":"EntryPoint","urlTemplate":"https:\/\/ancestrina.com\/it\/?s={search_term_string}"},"query-input":{"@type":"PropertyValueSpecification","valueRequired":true,"valueName":"search_term_string"}}],"inLanguage":"it-IT"},{"@type":"Organization","@id":"https:\/\/ancestrina.com\/it\/#organization","name":"Ancestrina","url":"https:\/\/ancestrina.com\/it\/","logo":{"@type":"ImageObject","inLanguage":"it-IT","@id":"https:\/\/ancestrina.com\/it\/#\/schema\/logo\/image\/","url":"https:\/\/ancestrina.com\/wp-content\/uploads\/2020\/06\/cropped-LOGO-ANCESTRINA-1.png","contentUrl":"https:\/\/ancestrina.com\/wp-content\/uploads\/2020\/06\/cropped-LOGO-ANCESTRINA-1.png","width":630,"height":202,"caption":"Ancestrina"},"image":{"@id":"https:\/\/ancestrina.com\/it\/#\/schema\/logo\/image\/"},"sameAs":["https:\/\/www.facebook.com\/Ancestrina\/","https:\/\/www.instagram.com\/ancestrina\/","https:\/\/www.youtube.com\/channel\/UCgtt6WFhEIVEI30PzxlOeIw"]}]}},"_links":{"self":[{"href":"https:\/\/ancestrina.com\/it\/wp-json\/wp\/v2\/product\/29870","targetHints":{"allow":["GET"]}}],"collection":[{"href":"https:\/\/ancestrina.com\/it\/wp-json\/wp\/v2\/product"}],"about":[{"href":"https:\/\/ancestrina.com\/it\/wp-json\/wp\/v2\/types\/product"}],"replies":[{"embeddable":true,"href":"https:\/\/ancestrina.com\/it\/wp-json\/wp\/v2\/comments?post=29870"}],"version-history":[{"count":2,"href":"https:\/\/ancestrina.com\/it\/wp-json\/wp\/v2\/product\/29870\/revisions"}],"predecessor-version":[{"id":36088,"href":"https:\/\/ancestrina.com\/it\/wp-json\/wp\/v2\/product\/29870\/revisions\/36088"}],"wp:featuredmedia":[{"embeddable":true,"href":"https:\/\/ancestrina.com\/it\/wp-json\/wp\/v2\/media\/34426"}],"wp:attachment":[{"href":"https:\/\/ancestrina.com\/it\/wp-json\/wp\/v2\/media?parent=29870"}],"wp:term":[{"taxonomy":"product_brand","embeddable":true,"href":"https:\/\/ancestrina.com\/it\/wp-json\/wp\/v2\/product_brand?post=29870"},{"taxonomy":"product_cat","embeddable":true,"href":"https:\/\/ancestrina.com\/it\/wp-json\/wp\/v2\/product_cat?post=29870"},{"taxonomy":"product_tag","embeddable":true,"href":"https:\/\/ancestrina.com\/it\/wp-json\/wp\/v2\/product_tag?post=29870"}],"curies":[{"name":"wp","href":"https:\/\/api.w.org\/{rel}","templated":true}]}}