{"id":15257,"date":"2020-06-28T16:54:14","date_gmt":"2020-06-28T16:54:14","guid":{"rendered":"http:\/\/ancestrina.com\/producto\/rape-tsunu\/"},"modified":"2026-05-16T05:12:42","modified_gmt":"2026-05-16T10:12:42","slug":"rape-tsunu","status":"publish","type":"product","link":"https:\/\/ancestrina.com\/it\/producto\/rape-tsunu\/","title":{"rendered":"Tsunu"},"content":{"rendered":"<p>Il rap\u00e9 Tsunu \u00e8 noto per essere una delle medicine pi\u00f9 amorevoli e rispettose della nostra collezione, in quanto offre un delicato sblocco dei canali energetici che permette all'energia di fluire liberamente attraverso il corpo. Questo rap\u00e9 agisce armoniosamente per aiutare a bilanciare tutti i chakra, facilitando uno stato di benessere olistico e promuovendo una profonda connessione con l'amore come forza curativa essenziale.<\/p>\n<p><strong>Caratteristiche principali del rap\u00e9 Tsunu:<\/strong><\/p>\n<ul>\n<li><strong>Amorevole e rispettoso:<\/strong> \u00e8 noto per il suo approccio gentile e amorevole, che rende l'esperienza di guarigione pacifica e profondamente rispettosa.<\/li>\n<li><strong>Sblocco energetico:<\/strong> aiuta a sciogliere i blocchi nei canali ida e pingala, assicurando che l'energia fluisca senza ostacoli attraverso i chakra.<\/li>\n<li><strong>Supporto olistico:<\/strong> sebbene non si concentri su un singolo chakra, l'effetto complessivo su tutti i chakra contribuisce a un equilibrio energetico generale.<\/li>\n<li><strong>Diagnosi energetica:<\/strong> agisce come una &#8220;diagnosi&#8221; che rivela le aree di blocco energetico e fornisce chiarezza sui centri che necessitano di attenzione.<\/li>\n<\/ul>\n<p><strong>Ideale per:<\/strong><\/p>\n<ul>\n<li>Persone che cercano un'introduzione dolce alle pratiche curative del rap\u00e9.<\/li>\n<li>Chi preferisce un approccio olistico al riequilibrio energetico e spirituale.<\/li>\n<li>Persone alla ricerca di uno strumento di meditazione che promuova la pace e l'armonia interiore.<\/li>\n<li>Chiunque sia interessato a esplorare l'amore come potente forza trasmutante nella propria vita.<\/li>\n<\/ul>\n<p>Il rap\u00e9 Tsunu \u00e8 molto pi\u00f9 di un semplice tabacco da fiuto: \u00e8 un invito a sperimentare la guarigione attraverso l'amore e la comprensione, permettendo a ogni utente di scoprire nuove forme di armonia interiore ed equilibrio. Integra questo rap\u00e9 nella tua pratica spirituale e osserva come facilita una trasformazione dolce ma potente nel tuo viaggio verso il benessere. <\/p>\n<p>Molte persone usano i rituali per ottenere fortuna, amore o denaro; anche per allontanare le cattive vibrazioni o l'energia negativa dalle persone che le circondano. Negli uffici o nei luoghi di lavoro circola l'energia di molte persone e chi vi lavora si trova in bilico tra energie buone e cattive &#8211; superstizione? Un potere proveniente dall'inconscio collettivo? Comunque sia, per evitare malumori, cattive vibrazioni, invidia, gelosia o &#8220;sfortuna&#8221;, il nostro rap\u00e9 Tsunu \u00e8 un protettore e un purificatore energetico senza pari.<\/p>\n","protected":false},"excerpt":{"rendered":"<div class=\"flex-1 overflow-hidden\">\n<div class=\"h-full\">\n<div class=\"react-scroll-to-bottom--css-npxay-79elbk h-full\">\n<div class=\"react-scroll-to-bottom--css-npxay-1n7m0yu\">\n<div class=\"flex flex-col text-sm\">\n<article class=\"w-full text-token-text-primary focus-visible:outline-2 focus-visible:outline-offset-[-4px]\" dir=\"auto\" data-testid=\"conversation-turn-11\" data-scroll-anchor=\"true\">\n<div class=\"m-auto text-base py-[18px] px-3 md:px-4 w-full md:px-5 lg:px-4 xl:px-5\">\n<div class=\"mx-auto flex flex-1 gap-4 text-base md:gap-5 lg:gap-6 md:max-w-3xl lg:max-w-[40rem] xl:max-w-[48rem]\">\n<div class=\"group\/conversation-turn relative flex w-full min-w-0 flex-col agent-turn\">\n<div class=\"flex-col gap-1 md:gap-3\">\n<div class=\"flex max-w-full flex-col flex-grow\">\n<div class=\"min-h-8 text-message flex w-full flex-col items-end gap-2 whitespace-normal break-words [.text-message+&amp;]:mt-5\" dir=\"auto\" data-message-author-role=\"assistant\" data-message-id=\"bd3e0616-d616-42da-9a5e-372681507995\" data-message-model-slug=\"gpt-4o\">\n<div class=\"flex w-full flex-col gap-1 empty:hidden first:pt-[3px]\">\n<div class=\"markdown prose w-full break-words dark:prose-invert light\">\n<p>Il rap\u00e9 Tsunu \u00e8 una medicina spirituale nota per la sua capacit\u00e0 di identificare i blocchi energetici e armonizzare i canali attraverso i quali scorre l&#8217;energia vitale. A differenza di altri tabacchi che agiscono sui chakra, Tsunu si concentra sui canali energetici, aiutandoti a percepire con precisione i punti di blocco. <\/p>\n<p>Questo rap\u00e9 \u00e8 ideale per chi cerca un&#8217;esperienza di diagnosi energetica, perch\u00e9 acuisce i sensi e permette di individuare e lavorare sulle aree che richiedono attenzione. Con la sua azione delicata ma profonda, il rap\u00e9 Tsunu sblocca questi canali, favorendo un libero flusso energetico che porta chiarezza e benessere emotivo. <\/p>\n<\/div>\n<\/div>\n<\/div>\n<\/div>\n<\/div>\n<\/div>\n<\/div>\n<\/div>\n<\/article>\n<\/div>\n<\/div>\n<\/div>\n<\/div>\n<\/div>\n<div class=\"md:pt-0 dark:border-white\/20 md:border-transparent md:dark:border-transparent w-full\">\n<div>\n<div class=\"m-auto text-base px-3 md:px-4 w-full md:px-5 lg:px-4 xl:px-5\">\n<div class=\"mx-auto flex flex-1 gap-4 text-base md:gap-5 lg:gap-6 md:max-w-3xl lg:max-w-[40rem] xl:max-w-[48rem]\">\n<form class=\"w-full\" aria-haspopup=\"dialog\" aria-expanded=\"false\" aria-controls=\"radix-:rb:\" data-state=\"closed\">\n<div class=\"relative flex h-full max-w-full flex-1 flex-col\">\n<div class=\"absolute bottom-full left-0 right-0 z-20\">\n<div class=\"relative h-full w-full\">\n<div class=\"mb-2 flex flex-col gap-3.5 pt-2\"><\/div>\n<\/div>\n<\/div>\n<\/div>\n<\/form>\n<\/div>\n<\/div>\n<\/div>\n<\/div>\n","protected":false},"featured_media":35175,"comment_status":"closed","ping_status":"closed","template":"","meta":{"order-bump-settings":[],"_wpfnl_thankyou_order_overview":"on","_wpfnl_thankyou_order_details":"on","_wpfnl_thankyou_billing_details":"on","_wpfnl_thankyou_shipping_details":"on","site-sidebar-layout":"default","site-content-layout":"plain-container","ast-site-content-layout":"normal-width-container","site-content-style":"unboxed","site-sidebar-style":"unboxed","ast-global-header-display":"","ast-banner-title-visibility":"","ast-main-header-display":"","ast-hfb-above-header-display":"","ast-hfb-below-header-display":"","ast-hfb-mobile-header-display":"","site-post-title":"","ast-breadcrumbs-content":"","ast-featured-img":"","footer-sml-layout":"","ast-disable-related-posts":"","theme-transparent-header-meta":"disabled","adv-header-id-meta":"","stick-header-meta":"","header-above-stick-meta":"","header-main-stick-meta":"","header-below-stick-meta":"","astra-migrate-meta-layouts":"default","ast-page-background-enabled":"default","ast-page-background-meta":{"desktop":{"background-color":"","background-image":"","background-repeat":"repeat","background-position":"center center","background-size":"auto","background-attachment":"scroll","background-type":"","background-media":"","overlay-type":"","overlay-color":"","overlay-opacity":"","overlay-gradient":""},"tablet":{"background-color":"","background-image":"","background-repeat":"repeat","background-position":"center center","background-size":"auto","background-attachment":"scroll","background-type":"","background-media":"","overlay-type":"","overlay-color":"","overlay-opacity":"","overlay-gradient":""},"mobile":{"background-color":"","background-image":"","background-repeat":"repeat","background-position":"center center","background-size":"auto","background-attachment":"scroll","background-type":"","background-media":"","overlay-type":"","overlay-color":"","overlay-opacity":"","overlay-gradient":""}},"ast-content-background-meta":{"desktop":{"background-color":"var(--ast-global-color-5)","background-image":"","background-repeat":"repeat","background-position":"center center","background-size":"auto","background-attachment":"scroll","background-type":"","background-media":"","overlay-type":"","overlay-color":"","overlay-opacity":"","overlay-gradient":""},"tablet":{"background-color":"var(--ast-global-color-5)","background-image":"","background-repeat":"repeat","background-position":"center center","background-size":"auto","background-attachment":"scroll","background-type":"","background-media":"","overlay-type":"","overlay-color":"","overlay-opacity":"","overlay-gradient":""},"mobile":{"background-color":"var(--ast-global-color-5)","background-image":"","background-repeat":"repeat","background-position":"center center","background-size":"auto","background-attachment":"scroll","background-type":"","background-media":"","overlay-type":"","overlay-color":"","overlay-opacity":"","overlay-gradient":""}},"_joinchat":[]},"product_brand":[],"product_cat":[552],"product_tag":[],"class_list":{"0":"post-15257","1":"product","2":"type-product","3":"status-publish","4":"has-post-thumbnail","6":"product_cat-rape-it","7":"desktop-align-center","8":"tablet-align-left","9":"mobile-align-left","11":"first","12":"instock","13":"shipping-taxable","14":"purchasable","15":"product-type-variable"},"yoast_head":"<!-- This site is optimized with the Yoast SEO Premium plugin v22.6 (Yoast SEO v27.6) - https:\/\/yoast.com\/product\/yoast-seo-premium-wordpress\/ -->\n<title>Tsunu Rap\u00e9: guarigione dolce e riequilibrio energetico<\/title>\n<meta name=\"description\" content=\"Scopri il potere amorevole e rispettoso del rap\u00e9 Tsunu, una medicina gentile che sblocca i canali energetici e bilancia i chakra. Ideale per una delicata introduzione alle pratiche curative del rap\u00e9, questo elisir promuove la pace e l&#039;armonia interiore, rivelando le aree di blocco energetico e facilitando una potente trasformazione attraverso l&#039;amore e la comprensione. Proteggi e ripulisci il tuo spazio di lavoro dalle cattive vibrazioni e dalle energie negative con il rap\u00e9 Tsunu.\" \/>\n<meta name=\"robots\" content=\"index, follow, max-snippet:-1, max-image-preview:large, max-video-preview:-1\" \/>\n<link rel=\"canonical\" href=\"https:\/\/ancestrina.com\/it\/producto\/rape-tsunu\/\" \/>\n<meta property=\"og:locale\" content=\"it_IT\" \/>\n<meta property=\"og:type\" content=\"article\" \/>\n<meta property=\"og:title\" content=\"Tsunu\" \/>\n<meta property=\"og:description\" content=\"Scopri il potere amorevole e rispettoso del rap\u00e9 Tsunu, una medicina gentile che sblocca i canali energetici e bilancia i chakra. Ideale per una delicata introduzione alle pratiche curative del rap\u00e9, questo elisir promuove la pace e l&#039;armonia interiore, rivelando le aree di blocco energetico e facilitando una potente trasformazione attraverso l&#039;amore e la comprensione. Proteggi e ripulisci il tuo spazio di lavoro dalle cattive vibrazioni e dalle energie negative con il rap\u00e9 Tsunu.\" \/>\n<meta property=\"og:url\" content=\"https:\/\/ancestrina.com\/it\/producto\/rape-tsunu\/\" \/>\n<meta property=\"og:site_name\" content=\"Ancestrina\" \/>\n<meta property=\"article:publisher\" content=\"https:\/\/www.facebook.com\/Ancestrina\/\" \/>\n<meta property=\"article:modified_time\" content=\"2026-05-16T10:12:42+00:00\" \/>\n<meta property=\"og:image\" content=\"https:\/\/ancestrina.com\/wp-content\/uploads\/Tsunu.jpg\" \/>\n\t<meta property=\"og:image:width\" content=\"2048\" \/>\n\t<meta property=\"og:image:height\" content=\"2048\" \/>\n\t<meta property=\"og:image:type\" content=\"image\/jpeg\" \/>\n<meta name=\"twitter:card\" content=\"summary_large_image\" \/>\n<meta name=\"twitter:label1\" content=\"Tempo di lettura stimato\" \/>\n\t<meta name=\"twitter:data1\" content=\"2 minuti\" \/>\n<script type=\"application\/ld+json\" class=\"yoast-schema-graph\">{\"@context\":\"https:\\\/\\\/schema.org\",\"@graph\":[{\"@type\":\"WebPage\",\"@id\":\"https:\\\/\\\/ancestrina.com\\\/it\\\/producto\\\/rape-tsunu\\\/\",\"url\":\"https:\\\/\\\/ancestrina.com\\\/it\\\/producto\\\/rape-tsunu\\\/\",\"name\":\"Tsunu Rap\u00e9: guarigione dolce e riequilibrio energetico\",\"isPartOf\":{\"@id\":\"https:\\\/\\\/ancestrina.com\\\/it\\\/#website\"},\"primaryImageOfPage\":{\"@id\":\"https:\\\/\\\/ancestrina.com\\\/it\\\/producto\\\/rape-tsunu\\\/#primaryimage\"},\"image\":{\"@id\":\"https:\\\/\\\/ancestrina.com\\\/it\\\/producto\\\/rape-tsunu\\\/#primaryimage\"},\"thumbnailUrl\":\"https:\\\/\\\/ancestrina.com\\\/wp-content\\\/uploads\\\/Tsunu.jpg\",\"datePublished\":\"2020-06-28T16:54:14+00:00\",\"dateModified\":\"2026-05-16T10:12:42+00:00\",\"description\":\"Scopri il potere amorevole e rispettoso del rap\u00e9 Tsunu, una medicina gentile che sblocca i canali energetici e bilancia i chakra. Ideale per una delicata introduzione alle pratiche curative del rap\u00e9, questo elisir promuove la pace e l'armonia interiore, rivelando le aree di blocco energetico e facilitando una potente trasformazione attraverso l'amore e la comprensione. Proteggi e ripulisci il tuo spazio di lavoro dalle cattive vibrazioni e dalle energie negative con il rap\u00e9 Tsunu.\",\"breadcrumb\":{\"@id\":\"https:\\\/\\\/ancestrina.com\\\/it\\\/producto\\\/rape-tsunu\\\/#breadcrumb\"},\"inLanguage\":\"it-IT\",\"potentialAction\":[{\"@type\":\"ReadAction\",\"target\":[\"https:\\\/\\\/ancestrina.com\\\/it\\\/producto\\\/rape-tsunu\\\/\"]}]},{\"@type\":\"ImageObject\",\"inLanguage\":\"it-IT\",\"@id\":\"https:\\\/\\\/ancestrina.com\\\/it\\\/producto\\\/rape-tsunu\\\/#primaryimage\",\"url\":\"https:\\\/\\\/ancestrina.com\\\/wp-content\\\/uploads\\\/Tsunu.jpg\",\"contentUrl\":\"https:\\\/\\\/ancestrina.com\\\/wp-content\\\/uploads\\\/Tsunu.jpg\",\"width\":2048,\"height\":2048},{\"@type\":\"BreadcrumbList\",\"@id\":\"https:\\\/\\\/ancestrina.com\\\/it\\\/producto\\\/rape-tsunu\\\/#breadcrumb\",\"itemListElement\":[{\"@type\":\"ListItem\",\"position\":1,\"name\":\"Home\",\"item\":\"https:\\\/\\\/ancestrina.com\\\/it\\\/casa\\\/\"},{\"@type\":\"ListItem\",\"position\":2,\"name\":\"Negozio\",\"item\":\"https:\\\/\\\/ancestrina.com\\\/it\\\/negozio\\\/\"},{\"@type\":\"ListItem\",\"position\":3,\"name\":\"Tsunu\"}]},{\"@type\":\"WebSite\",\"@id\":\"https:\\\/\\\/ancestrina.com\\\/it\\\/#website\",\"url\":\"https:\\\/\\\/ancestrina.com\\\/it\\\/\",\"name\":\"Ancestrina\",\"description\":\"Trabajamos experiencias con plantas maestras, terapias integradoras y cultos ancestrales\",\"publisher\":{\"@id\":\"https:\\\/\\\/ancestrina.com\\\/it\\\/#organization\"},\"potentialAction\":[{\"@type\":\"SearchAction\",\"target\":{\"@type\":\"EntryPoint\",\"urlTemplate\":\"https:\\\/\\\/ancestrina.com\\\/it\\\/?s={search_term_string}\"},\"query-input\":{\"@type\":\"PropertyValueSpecification\",\"valueRequired\":true,\"valueName\":\"search_term_string\"}}],\"inLanguage\":\"it-IT\"},{\"@type\":\"Organization\",\"@id\":\"https:\\\/\\\/ancestrina.com\\\/it\\\/#organization\",\"name\":\"Ancestrina\",\"url\":\"https:\\\/\\\/ancestrina.com\\\/it\\\/\",\"logo\":{\"@type\":\"ImageObject\",\"inLanguage\":\"it-IT\",\"@id\":\"https:\\\/\\\/ancestrina.com\\\/it\\\/#\\\/schema\\\/logo\\\/image\\\/\",\"url\":\"https:\\\/\\\/ancestrina.com\\\/wp-content\\\/uploads\\\/2020\\\/06\\\/cropped-LOGO-ANCESTRINA-1.png\",\"contentUrl\":\"https:\\\/\\\/ancestrina.com\\\/wp-content\\\/uploads\\\/2020\\\/06\\\/cropped-LOGO-ANCESTRINA-1.png\",\"width\":630,\"height\":202,\"caption\":\"Ancestrina\"},\"image\":{\"@id\":\"https:\\\/\\\/ancestrina.com\\\/it\\\/#\\\/schema\\\/logo\\\/image\\\/\"},\"sameAs\":[\"https:\\\/\\\/www.facebook.com\\\/Ancestrina\\\/\",\"https:\\\/\\\/www.instagram.com\\\/ancestrina\\\/\",\"https:\\\/\\\/www.youtube.com\\\/channel\\\/UCgtt6WFhEIVEI30PzxlOeIw\"]}]}<\/script>\n<!-- \/ Yoast SEO Premium plugin. -->","yoast_head_json":{"title":"Tsunu Rap\u00e9: guarigione dolce e riequilibrio energetico","description":"Scopri il potere amorevole e rispettoso del rap\u00e9 Tsunu, una medicina gentile che sblocca i canali energetici e bilancia i chakra. Ideale per una delicata introduzione alle pratiche curative del rap\u00e9, questo elisir promuove la pace e l'armonia interiore, rivelando le aree di blocco energetico e facilitando una potente trasformazione attraverso l'amore e la comprensione. Proteggi e ripulisci il tuo spazio di lavoro dalle cattive vibrazioni e dalle energie negative con il rap\u00e9 Tsunu.","robots":{"index":"index","follow":"follow","max-snippet":"max-snippet:-1","max-image-preview":"max-image-preview:large","max-video-preview":"max-video-preview:-1"},"canonical":"https:\/\/ancestrina.com\/it\/producto\/rape-tsunu\/","og_locale":"it_IT","og_type":"article","og_title":"Tsunu","og_description":"Scopri il potere amorevole e rispettoso del rap\u00e9 Tsunu, una medicina gentile che sblocca i canali energetici e bilancia i chakra. Ideale per una delicata introduzione alle pratiche curative del rap\u00e9, questo elisir promuove la pace e l'armonia interiore, rivelando le aree di blocco energetico e facilitando una potente trasformazione attraverso l'amore e la comprensione. Proteggi e ripulisci il tuo spazio di lavoro dalle cattive vibrazioni e dalle energie negative con il rap\u00e9 Tsunu.","og_url":"https:\/\/ancestrina.com\/it\/producto\/rape-tsunu\/","og_site_name":"Ancestrina","article_publisher":"https:\/\/www.facebook.com\/Ancestrina\/","article_modified_time":"2026-05-16T10:12:42+00:00","og_image":[{"width":2048,"height":2048,"url":"https:\/\/ancestrina.com\/wp-content\/uploads\/Tsunu.jpg","type":"image\/jpeg"}],"twitter_card":"summary_large_image","twitter_misc":{"Tempo di lettura stimato":"2 minuti"},"schema":{"@context":"https:\/\/schema.org","@graph":[{"@type":"WebPage","@id":"https:\/\/ancestrina.com\/it\/producto\/rape-tsunu\/","url":"https:\/\/ancestrina.com\/it\/producto\/rape-tsunu\/","name":"Tsunu Rap\u00e9: guarigione dolce e riequilibrio energetico","isPartOf":{"@id":"https:\/\/ancestrina.com\/it\/#website"},"primaryImageOfPage":{"@id":"https:\/\/ancestrina.com\/it\/producto\/rape-tsunu\/#primaryimage"},"image":{"@id":"https:\/\/ancestrina.com\/it\/producto\/rape-tsunu\/#primaryimage"},"thumbnailUrl":"https:\/\/ancestrina.com\/wp-content\/uploads\/Tsunu.jpg","datePublished":"2020-06-28T16:54:14+00:00","dateModified":"2026-05-16T10:12:42+00:00","description":"Scopri il potere amorevole e rispettoso del rap\u00e9 Tsunu, una medicina gentile che sblocca i canali energetici e bilancia i chakra. Ideale per una delicata introduzione alle pratiche curative del rap\u00e9, questo elisir promuove la pace e l'armonia interiore, rivelando le aree di blocco energetico e facilitando una potente trasformazione attraverso l'amore e la comprensione. Proteggi e ripulisci il tuo spazio di lavoro dalle cattive vibrazioni e dalle energie negative con il rap\u00e9 Tsunu.","breadcrumb":{"@id":"https:\/\/ancestrina.com\/it\/producto\/rape-tsunu\/#breadcrumb"},"inLanguage":"it-IT","potentialAction":[{"@type":"ReadAction","target":["https:\/\/ancestrina.com\/it\/producto\/rape-tsunu\/"]}]},{"@type":"ImageObject","inLanguage":"it-IT","@id":"https:\/\/ancestrina.com\/it\/producto\/rape-tsunu\/#primaryimage","url":"https:\/\/ancestrina.com\/wp-content\/uploads\/Tsunu.jpg","contentUrl":"https:\/\/ancestrina.com\/wp-content\/uploads\/Tsunu.jpg","width":2048,"height":2048},{"@type":"BreadcrumbList","@id":"https:\/\/ancestrina.com\/it\/producto\/rape-tsunu\/#breadcrumb","itemListElement":[{"@type":"ListItem","position":1,"name":"Home","item":"https:\/\/ancestrina.com\/it\/casa\/"},{"@type":"ListItem","position":2,"name":"Negozio","item":"https:\/\/ancestrina.com\/it\/negozio\/"},{"@type":"ListItem","position":3,"name":"Tsunu"}]},{"@type":"WebSite","@id":"https:\/\/ancestrina.com\/it\/#website","url":"https:\/\/ancestrina.com\/it\/","name":"Ancestrina","description":"Trabajamos experiencias con plantas maestras, terapias integradoras y cultos ancestrales","publisher":{"@id":"https:\/\/ancestrina.com\/it\/#organization"},"potentialAction":[{"@type":"SearchAction","target":{"@type":"EntryPoint","urlTemplate":"https:\/\/ancestrina.com\/it\/?s={search_term_string}"},"query-input":{"@type":"PropertyValueSpecification","valueRequired":true,"valueName":"search_term_string"}}],"inLanguage":"it-IT"},{"@type":"Organization","@id":"https:\/\/ancestrina.com\/it\/#organization","name":"Ancestrina","url":"https:\/\/ancestrina.com\/it\/","logo":{"@type":"ImageObject","inLanguage":"it-IT","@id":"https:\/\/ancestrina.com\/it\/#\/schema\/logo\/image\/","url":"https:\/\/ancestrina.com\/wp-content\/uploads\/2020\/06\/cropped-LOGO-ANCESTRINA-1.png","contentUrl":"https:\/\/ancestrina.com\/wp-content\/uploads\/2020\/06\/cropped-LOGO-ANCESTRINA-1.png","width":630,"height":202,"caption":"Ancestrina"},"image":{"@id":"https:\/\/ancestrina.com\/it\/#\/schema\/logo\/image\/"},"sameAs":["https:\/\/www.facebook.com\/Ancestrina\/","https:\/\/www.instagram.com\/ancestrina\/","https:\/\/www.youtube.com\/channel\/UCgtt6WFhEIVEI30PzxlOeIw"]}]}},"_links":{"self":[{"href":"https:\/\/ancestrina.com\/it\/wp-json\/wp\/v2\/product\/15257","targetHints":{"allow":["GET"]}}],"collection":[{"href":"https:\/\/ancestrina.com\/it\/wp-json\/wp\/v2\/product"}],"about":[{"href":"https:\/\/ancestrina.com\/it\/wp-json\/wp\/v2\/types\/product"}],"replies":[{"embeddable":true,"href":"https:\/\/ancestrina.com\/it\/wp-json\/wp\/v2\/comments?post=15257"}],"version-history":[{"count":2,"href":"https:\/\/ancestrina.com\/it\/wp-json\/wp\/v2\/product\/15257\/revisions"}],"predecessor-version":[{"id":37785,"href":"https:\/\/ancestrina.com\/it\/wp-json\/wp\/v2\/product\/15257\/revisions\/37785"}],"wp:featuredmedia":[{"embeddable":true,"href":"https:\/\/ancestrina.com\/it\/wp-json\/wp\/v2\/media\/35175"}],"wp:attachment":[{"href":"https:\/\/ancestrina.com\/it\/wp-json\/wp\/v2\/media?parent=15257"}],"wp:term":[{"taxonomy":"product_brand","embeddable":true,"href":"https:\/\/ancestrina.com\/it\/wp-json\/wp\/v2\/product_brand?post=15257"},{"taxonomy":"product_cat","embeddable":true,"href":"https:\/\/ancestrina.com\/it\/wp-json\/wp\/v2\/product_cat?post=15257"},{"taxonomy":"product_tag","embeddable":true,"href":"https:\/\/ancestrina.com\/it\/wp-json\/wp\/v2\/product_tag?post=15257"}],"curies":[{"name":"wp","href":"https:\/\/api.w.org\/{rel}","templated":true}]}}