{"id":15255,"date":"2020-06-28T17:00:02","date_gmt":"2020-06-28T17:00:02","guid":{"rendered":"http:\/\/ancestrina.com\/producto\/rape-mulateiro\/"},"modified":"2026-05-12T20:11:10","modified_gmt":"2026-05-13T01:11:10","slug":"stupro-multeo","status":"publish","type":"product","link":"https:\/\/ancestrina.com\/it\/producto\/stupro-multeo\/","title":{"rendered":"Mulateiro"},"content":{"rendered":"<p>Il Rap\u00e9 Mulateiro \u00e8 una miscela sacra che vi connette direttamente alle energie curative della terra. Progettato per attivare e sbloccare il primo chakra, questo potente rap\u00e9 facilita un flusso energetico che inizia dai piedi, consentendo al nutrimento della Pacha Mama di salire attraverso il tuo essere. Utilizzando questo rap\u00e9, sperimenterai un radicamento che ti ancorer\u00e0 saldamente al mondo fisico, fornendoti una solida base da cui potrai crescere ed espanderti in tutta sicurezza. <\/p>\n<p>Questa profonda connessione con la terra non solo rivitalizza l'energia vitale, ma aiuta anche a stabilire un senso di casa e di appartenenza, ovunque ci si trovi. Allineando la propria energia con quella della madre terra, il Rap\u00e9 Mulateiro permette di ritrovare la stabilit\u00e0 e la pace che derivano dall'essere in armonia con l'ambiente naturale. Questo processo di radicamento vi aiuta a liberare le tensioni e i pesi che potreste portare con voi, offrendovi chiarezza e pace mentale mentre vi preparate ad affrontare le sfide con uno spirito rinnovato e centrato.<\/p>\n<p><strong>Caratteristiche principali del Rap\u00e9 Mulateiro:<\/strong><\/p>\n<ul>\n<li><strong>Radicamento profondo:<\/strong> stimola una forte connessione con la terra, permettendo di sentirsi pi\u00f9 radicati e stabili nel proprio ambiente.<\/li>\n<li><strong>Stabilit\u00e0 emotiva e fisica:<\/strong> essere ben radicati a terra aumenta la capacit\u00e0 di affrontare le sfide e le turbolenze della vita quotidiana.<\/li>\n<li><strong>Purificazione e rinnovamento energetico:<\/strong> facilita la circolazione dell'energia eliminando i blocchi e rinnovando la forza vitale.<\/li>\n<li><strong>Riduzione dello stress e dell'ansia:<\/strong> migliorando la connessione con la terra, questo rap\u00e9 aiuta a ridurre i sentimenti di paura e irritabilit\u00e0 senza motivo apparente.<\/li>\n<li><strong>Sicurezza e rafforzamento della fiducia:<\/strong> rafforza il senso di appartenenza e di sicurezza, consentendo di costruire e mantenere un proprio spazio personale in cui prosperare.<\/li>\n<\/ul>\n<p><strong>Ideale per:<\/strong><\/p>\n<ul>\n<li>Persone che si sentono scollegate o destabilizzate nella loro vita quotidiana.<\/li>\n<li>Chi cerca di migliorare la propria capacit\u00e0 di gestire lo stress e l'ansia.<\/li>\n<li>Persone interessate a pratiche spirituali che rafforzino il loro legame con la natura e la terra.<\/li>\n<li>Chiunque desideri creare uno spazio personale che rifletta sicurezza e armonia.<\/li>\n<\/ul>\n<p>Il Mulateiro Rap\u00e9 non solo aiuta a rafforzare la connessione con la terra, ma invita anche a riscoprire e riallineare la propria energia spirituale con quella di Pacha Mama, offrendo un senso di calma e stabilit\u00e0 che permea tutti gli aspetti della vita.<\/p>\n","protected":false},"excerpt":{"rendered":"<p>Scoprite il potere del Mulateiro Rap\u00e9, progettato per rafforzare la connessione con la terra e favorire un radicamento profondo. Questo rap\u00e9 agisce direttamente sul primo chakra, migliorando la tua stabilit\u00e0 emotiva e fisica grazie al flusso di energia della Pacha Mama. Prova un rinnovato senso di casa e di sicurezza: questo rap\u00e9 ti aiuta ad ancorarti, aumentando la tua capacit\u00e0 di affrontare le sfide della vita con calma e fermezza.<\/p>\n<p>Ideale per chi cerca un sostegno energetico che gli permetta di affrontare la vita con una base solida, il Mulateiro Rap\u00e9 \u00e8 il vostro alleato per una vita pi\u00f9 equilibrata e radicata.<\/p>\n","protected":false},"featured_media":34920,"comment_status":"closed","ping_status":"closed","template":"","meta":{"order-bump-settings":[],"_wpfnl_thankyou_order_overview":"on","_wpfnl_thankyou_order_details":"on","_wpfnl_thankyou_billing_details":"on","_wpfnl_thankyou_shipping_details":"on","site-sidebar-layout":"default","site-content-layout":"plain-container","ast-site-content-layout":"normal-width-container","site-content-style":"unboxed","site-sidebar-style":"unboxed","ast-global-header-display":"","ast-banner-title-visibility":"","ast-main-header-display":"","ast-hfb-above-header-display":"","ast-hfb-below-header-display":"","ast-hfb-mobile-header-display":"","site-post-title":"","ast-breadcrumbs-content":"","ast-featured-img":"","footer-sml-layout":"","ast-disable-related-posts":"","theme-transparent-header-meta":"disabled","adv-header-id-meta":"","stick-header-meta":"","header-above-stick-meta":"","header-main-stick-meta":"","header-below-stick-meta":"","astra-migrate-meta-layouts":"default","ast-page-background-enabled":"default","ast-page-background-meta":{"desktop":{"background-color":"","background-image":"","background-repeat":"repeat","background-position":"center center","background-size":"auto","background-attachment":"scroll","background-type":"","background-media":"","overlay-type":"","overlay-color":"","overlay-opacity":"","overlay-gradient":""},"tablet":{"background-color":"","background-image":"","background-repeat":"repeat","background-position":"center center","background-size":"auto","background-attachment":"scroll","background-type":"","background-media":"","overlay-type":"","overlay-color":"","overlay-opacity":"","overlay-gradient":""},"mobile":{"background-color":"","background-image":"","background-repeat":"repeat","background-position":"center center","background-size":"auto","background-attachment":"scroll","background-type":"","background-media":"","overlay-type":"","overlay-color":"","overlay-opacity":"","overlay-gradient":""}},"ast-content-background-meta":{"desktop":{"background-color":"var(--ast-global-color-5)","background-image":"","background-repeat":"repeat","background-position":"center center","background-size":"auto","background-attachment":"scroll","background-type":"","background-media":"","overlay-type":"","overlay-color":"","overlay-opacity":"","overlay-gradient":""},"tablet":{"background-color":"var(--ast-global-color-5)","background-image":"","background-repeat":"repeat","background-position":"center center","background-size":"auto","background-attachment":"scroll","background-type":"","background-media":"","overlay-type":"","overlay-color":"","overlay-opacity":"","overlay-gradient":""},"mobile":{"background-color":"var(--ast-global-color-5)","background-image":"","background-repeat":"repeat","background-position":"center center","background-size":"auto","background-attachment":"scroll","background-type":"","background-media":"","overlay-type":"","overlay-color":"","overlay-opacity":"","overlay-gradient":""}},"_joinchat":[]},"product_brand":[],"product_cat":[552],"product_tag":[],"class_list":{"0":"post-15255","1":"product","2":"type-product","3":"status-publish","4":"has-post-thumbnail","6":"product_cat-rape-it","7":"desktop-align-center","8":"tablet-align-left","9":"mobile-align-left","11":"first","12":"instock","13":"shipping-taxable","14":"purchasable","15":"product-type-variable"},"yoast_head":"<!-- This site is optimized with the Yoast SEO Premium plugin v22.6 (Yoast SEO v27.6) - https:\/\/yoast.com\/product\/yoast-seo-premium-wordpress\/ -->\n<title>Rap\u00e9 Mulateiro: radicamento e connessione con Pacha Mama<\/title>\n<meta name=\"description\" content=\"Prova la profonda connessione con la terra e la stabilit\u00e0 che ti offre il Rap\u00e9 Mulateiro. Questa miscela sacra sblocca il primo chakra, ti fa rimanere saldamente ancorato al mondo fisico e rivitalizza la tua energia vitale. Scopri la tranquillit\u00e0 e la pace che derivano dall&#039;essere in armonia con la natura, mentre rilasci le tensioni e ti prepari ad affrontare le sfide con fiducia e chiarezza. Unisciti a questo viaggio di radicamento e rinnovamento con il Rap\u00e9 Mulateiro.\" \/>\n<meta name=\"robots\" content=\"index, follow, max-snippet:-1, max-image-preview:large, max-video-preview:-1\" \/>\n<link rel=\"canonical\" href=\"https:\/\/ancestrina.com\/it\/producto\/stupro-multeo\/\" \/>\n<meta property=\"og:locale\" content=\"it_IT\" \/>\n<meta property=\"og:type\" content=\"article\" \/>\n<meta property=\"og:title\" content=\"Mulateiro\" \/>\n<meta property=\"og:description\" content=\"Prova la profonda connessione con la terra e la stabilit\u00e0 che ti offre il Rap\u00e9 Mulateiro. Questa miscela sacra sblocca il primo chakra, ti fa rimanere saldamente ancorato al mondo fisico e rivitalizza la tua energia vitale. Scopri la tranquillit\u00e0 e la pace che derivano dall&#039;essere in armonia con la natura, mentre rilasci le tensioni e ti prepari ad affrontare le sfide con fiducia e chiarezza. Unisciti a questo viaggio di radicamento e rinnovamento con il Rap\u00e9 Mulateiro.\" \/>\n<meta property=\"og:url\" content=\"https:\/\/ancestrina.com\/it\/producto\/stupro-multeo\/\" \/>\n<meta property=\"og:site_name\" content=\"Ancestrina\" \/>\n<meta property=\"article:publisher\" content=\"https:\/\/www.facebook.com\/Ancestrina\/\" \/>\n<meta property=\"article:modified_time\" content=\"2026-05-13T01:11:10+00:00\" \/>\n<meta property=\"og:image\" content=\"https:\/\/ancestrina.com\/wp-content\/uploads\/mulateiro.jpg\" \/>\n\t<meta property=\"og:image:width\" content=\"2048\" \/>\n\t<meta property=\"og:image:height\" content=\"2048\" \/>\n\t<meta property=\"og:image:type\" content=\"image\/jpeg\" \/>\n<meta name=\"twitter:card\" content=\"summary_large_image\" \/>\n<meta name=\"twitter:label1\" content=\"Tempo di lettura stimato\" \/>\n\t<meta name=\"twitter:data1\" content=\"2 minuti\" \/>\n<script type=\"application\/ld+json\" class=\"yoast-schema-graph\">{\"@context\":\"https:\\\/\\\/schema.org\",\"@graph\":[{\"@type\":\"WebPage\",\"@id\":\"https:\\\/\\\/ancestrina.com\\\/it\\\/producto\\\/stupro-multeo\\\/\",\"url\":\"https:\\\/\\\/ancestrina.com\\\/it\\\/producto\\\/stupro-multeo\\\/\",\"name\":\"Rap\u00e9 Mulateiro: radicamento e connessione con Pacha Mama\",\"isPartOf\":{\"@id\":\"https:\\\/\\\/ancestrina.com\\\/it\\\/#website\"},\"primaryImageOfPage\":{\"@id\":\"https:\\\/\\\/ancestrina.com\\\/it\\\/producto\\\/stupro-multeo\\\/#primaryimage\"},\"image\":{\"@id\":\"https:\\\/\\\/ancestrina.com\\\/it\\\/producto\\\/stupro-multeo\\\/#primaryimage\"},\"thumbnailUrl\":\"https:\\\/\\\/ancestrina.com\\\/wp-content\\\/uploads\\\/mulateiro.jpg\",\"datePublished\":\"2020-06-28T17:00:02+00:00\",\"dateModified\":\"2026-05-13T01:11:10+00:00\",\"description\":\"Prova la profonda connessione con la terra e la stabilit\u00e0 che ti offre il Rap\u00e9 Mulateiro. Questa miscela sacra sblocca il primo chakra, ti fa rimanere saldamente ancorato al mondo fisico e rivitalizza la tua energia vitale. Scopri la tranquillit\u00e0 e la pace che derivano dall'essere in armonia con la natura, mentre rilasci le tensioni e ti prepari ad affrontare le sfide con fiducia e chiarezza. Unisciti a questo viaggio di radicamento e rinnovamento con il Rap\u00e9 Mulateiro.\",\"breadcrumb\":{\"@id\":\"https:\\\/\\\/ancestrina.com\\\/it\\\/producto\\\/stupro-multeo\\\/#breadcrumb\"},\"inLanguage\":\"it-IT\",\"potentialAction\":[{\"@type\":\"ReadAction\",\"target\":[\"https:\\\/\\\/ancestrina.com\\\/it\\\/producto\\\/stupro-multeo\\\/\"]}]},{\"@type\":\"ImageObject\",\"inLanguage\":\"it-IT\",\"@id\":\"https:\\\/\\\/ancestrina.com\\\/it\\\/producto\\\/stupro-multeo\\\/#primaryimage\",\"url\":\"https:\\\/\\\/ancestrina.com\\\/wp-content\\\/uploads\\\/mulateiro.jpg\",\"contentUrl\":\"https:\\\/\\\/ancestrina.com\\\/wp-content\\\/uploads\\\/mulateiro.jpg\",\"width\":2048,\"height\":2048},{\"@type\":\"BreadcrumbList\",\"@id\":\"https:\\\/\\\/ancestrina.com\\\/it\\\/producto\\\/stupro-multeo\\\/#breadcrumb\",\"itemListElement\":[{\"@type\":\"ListItem\",\"position\":1,\"name\":\"Home\",\"item\":\"https:\\\/\\\/ancestrina.com\\\/it\\\/casa\\\/\"},{\"@type\":\"ListItem\",\"position\":2,\"name\":\"Negozio\",\"item\":\"https:\\\/\\\/ancestrina.com\\\/it\\\/negozio\\\/\"},{\"@type\":\"ListItem\",\"position\":3,\"name\":\"Mulateiro\"}]},{\"@type\":\"WebSite\",\"@id\":\"https:\\\/\\\/ancestrina.com\\\/it\\\/#website\",\"url\":\"https:\\\/\\\/ancestrina.com\\\/it\\\/\",\"name\":\"Ancestrina\",\"description\":\"Trabajamos experiencias con plantas maestras, terapias integradoras y cultos ancestrales\",\"publisher\":{\"@id\":\"https:\\\/\\\/ancestrina.com\\\/it\\\/#organization\"},\"potentialAction\":[{\"@type\":\"SearchAction\",\"target\":{\"@type\":\"EntryPoint\",\"urlTemplate\":\"https:\\\/\\\/ancestrina.com\\\/it\\\/?s={search_term_string}\"},\"query-input\":{\"@type\":\"PropertyValueSpecification\",\"valueRequired\":true,\"valueName\":\"search_term_string\"}}],\"inLanguage\":\"it-IT\"},{\"@type\":\"Organization\",\"@id\":\"https:\\\/\\\/ancestrina.com\\\/it\\\/#organization\",\"name\":\"Ancestrina\",\"url\":\"https:\\\/\\\/ancestrina.com\\\/it\\\/\",\"logo\":{\"@type\":\"ImageObject\",\"inLanguage\":\"it-IT\",\"@id\":\"https:\\\/\\\/ancestrina.com\\\/it\\\/#\\\/schema\\\/logo\\\/image\\\/\",\"url\":\"https:\\\/\\\/ancestrina.com\\\/wp-content\\\/uploads\\\/2020\\\/06\\\/cropped-LOGO-ANCESTRINA-1.png\",\"contentUrl\":\"https:\\\/\\\/ancestrina.com\\\/wp-content\\\/uploads\\\/2020\\\/06\\\/cropped-LOGO-ANCESTRINA-1.png\",\"width\":630,\"height\":202,\"caption\":\"Ancestrina\"},\"image\":{\"@id\":\"https:\\\/\\\/ancestrina.com\\\/it\\\/#\\\/schema\\\/logo\\\/image\\\/\"},\"sameAs\":[\"https:\\\/\\\/www.facebook.com\\\/Ancestrina\\\/\",\"https:\\\/\\\/www.instagram.com\\\/ancestrina\\\/\",\"https:\\\/\\\/www.youtube.com\\\/channel\\\/UCgtt6WFhEIVEI30PzxlOeIw\"]}]}<\/script>\n<!-- \/ Yoast SEO Premium plugin. -->","yoast_head_json":{"title":"Rap\u00e9 Mulateiro: radicamento e connessione con Pacha Mama","description":"Prova la profonda connessione con la terra e la stabilit\u00e0 che ti offre il Rap\u00e9 Mulateiro. Questa miscela sacra sblocca il primo chakra, ti fa rimanere saldamente ancorato al mondo fisico e rivitalizza la tua energia vitale. Scopri la tranquillit\u00e0 e la pace che derivano dall'essere in armonia con la natura, mentre rilasci le tensioni e ti prepari ad affrontare le sfide con fiducia e chiarezza. Unisciti a questo viaggio di radicamento e rinnovamento con il Rap\u00e9 Mulateiro.","robots":{"index":"index","follow":"follow","max-snippet":"max-snippet:-1","max-image-preview":"max-image-preview:large","max-video-preview":"max-video-preview:-1"},"canonical":"https:\/\/ancestrina.com\/it\/producto\/stupro-multeo\/","og_locale":"it_IT","og_type":"article","og_title":"Mulateiro","og_description":"Prova la profonda connessione con la terra e la stabilit\u00e0 che ti offre il Rap\u00e9 Mulateiro. Questa miscela sacra sblocca il primo chakra, ti fa rimanere saldamente ancorato al mondo fisico e rivitalizza la tua energia vitale. Scopri la tranquillit\u00e0 e la pace che derivano dall'essere in armonia con la natura, mentre rilasci le tensioni e ti prepari ad affrontare le sfide con fiducia e chiarezza. Unisciti a questo viaggio di radicamento e rinnovamento con il Rap\u00e9 Mulateiro.","og_url":"https:\/\/ancestrina.com\/it\/producto\/stupro-multeo\/","og_site_name":"Ancestrina","article_publisher":"https:\/\/www.facebook.com\/Ancestrina\/","article_modified_time":"2026-05-13T01:11:10+00:00","og_image":[{"width":2048,"height":2048,"url":"https:\/\/ancestrina.com\/wp-content\/uploads\/mulateiro.jpg","type":"image\/jpeg"}],"twitter_card":"summary_large_image","twitter_misc":{"Tempo di lettura stimato":"2 minuti"},"schema":{"@context":"https:\/\/schema.org","@graph":[{"@type":"WebPage","@id":"https:\/\/ancestrina.com\/it\/producto\/stupro-multeo\/","url":"https:\/\/ancestrina.com\/it\/producto\/stupro-multeo\/","name":"Rap\u00e9 Mulateiro: radicamento e connessione con Pacha Mama","isPartOf":{"@id":"https:\/\/ancestrina.com\/it\/#website"},"primaryImageOfPage":{"@id":"https:\/\/ancestrina.com\/it\/producto\/stupro-multeo\/#primaryimage"},"image":{"@id":"https:\/\/ancestrina.com\/it\/producto\/stupro-multeo\/#primaryimage"},"thumbnailUrl":"https:\/\/ancestrina.com\/wp-content\/uploads\/mulateiro.jpg","datePublished":"2020-06-28T17:00:02+00:00","dateModified":"2026-05-13T01:11:10+00:00","description":"Prova la profonda connessione con la terra e la stabilit\u00e0 che ti offre il Rap\u00e9 Mulateiro. Questa miscela sacra sblocca il primo chakra, ti fa rimanere saldamente ancorato al mondo fisico e rivitalizza la tua energia vitale. Scopri la tranquillit\u00e0 e la pace che derivano dall'essere in armonia con la natura, mentre rilasci le tensioni e ti prepari ad affrontare le sfide con fiducia e chiarezza. Unisciti a questo viaggio di radicamento e rinnovamento con il Rap\u00e9 Mulateiro.","breadcrumb":{"@id":"https:\/\/ancestrina.com\/it\/producto\/stupro-multeo\/#breadcrumb"},"inLanguage":"it-IT","potentialAction":[{"@type":"ReadAction","target":["https:\/\/ancestrina.com\/it\/producto\/stupro-multeo\/"]}]},{"@type":"ImageObject","inLanguage":"it-IT","@id":"https:\/\/ancestrina.com\/it\/producto\/stupro-multeo\/#primaryimage","url":"https:\/\/ancestrina.com\/wp-content\/uploads\/mulateiro.jpg","contentUrl":"https:\/\/ancestrina.com\/wp-content\/uploads\/mulateiro.jpg","width":2048,"height":2048},{"@type":"BreadcrumbList","@id":"https:\/\/ancestrina.com\/it\/producto\/stupro-multeo\/#breadcrumb","itemListElement":[{"@type":"ListItem","position":1,"name":"Home","item":"https:\/\/ancestrina.com\/it\/casa\/"},{"@type":"ListItem","position":2,"name":"Negozio","item":"https:\/\/ancestrina.com\/it\/negozio\/"},{"@type":"ListItem","position":3,"name":"Mulateiro"}]},{"@type":"WebSite","@id":"https:\/\/ancestrina.com\/it\/#website","url":"https:\/\/ancestrina.com\/it\/","name":"Ancestrina","description":"Trabajamos experiencias con plantas maestras, terapias integradoras y cultos ancestrales","publisher":{"@id":"https:\/\/ancestrina.com\/it\/#organization"},"potentialAction":[{"@type":"SearchAction","target":{"@type":"EntryPoint","urlTemplate":"https:\/\/ancestrina.com\/it\/?s={search_term_string}"},"query-input":{"@type":"PropertyValueSpecification","valueRequired":true,"valueName":"search_term_string"}}],"inLanguage":"it-IT"},{"@type":"Organization","@id":"https:\/\/ancestrina.com\/it\/#organization","name":"Ancestrina","url":"https:\/\/ancestrina.com\/it\/","logo":{"@type":"ImageObject","inLanguage":"it-IT","@id":"https:\/\/ancestrina.com\/it\/#\/schema\/logo\/image\/","url":"https:\/\/ancestrina.com\/wp-content\/uploads\/2020\/06\/cropped-LOGO-ANCESTRINA-1.png","contentUrl":"https:\/\/ancestrina.com\/wp-content\/uploads\/2020\/06\/cropped-LOGO-ANCESTRINA-1.png","width":630,"height":202,"caption":"Ancestrina"},"image":{"@id":"https:\/\/ancestrina.com\/it\/#\/schema\/logo\/image\/"},"sameAs":["https:\/\/www.facebook.com\/Ancestrina\/","https:\/\/www.instagram.com\/ancestrina\/","https:\/\/www.youtube.com\/channel\/UCgtt6WFhEIVEI30PzxlOeIw"]}]}},"_links":{"self":[{"href":"https:\/\/ancestrina.com\/it\/wp-json\/wp\/v2\/product\/15255","targetHints":{"allow":["GET"]}}],"collection":[{"href":"https:\/\/ancestrina.com\/it\/wp-json\/wp\/v2\/product"}],"about":[{"href":"https:\/\/ancestrina.com\/it\/wp-json\/wp\/v2\/types\/product"}],"replies":[{"embeddable":true,"href":"https:\/\/ancestrina.com\/it\/wp-json\/wp\/v2\/comments?post=15255"}],"version-history":[{"count":2,"href":"https:\/\/ancestrina.com\/it\/wp-json\/wp\/v2\/product\/15255\/revisions"}],"predecessor-version":[{"id":37798,"href":"https:\/\/ancestrina.com\/it\/wp-json\/wp\/v2\/product\/15255\/revisions\/37798"}],"wp:featuredmedia":[{"embeddable":true,"href":"https:\/\/ancestrina.com\/it\/wp-json\/wp\/v2\/media\/34920"}],"wp:attachment":[{"href":"https:\/\/ancestrina.com\/it\/wp-json\/wp\/v2\/media?parent=15255"}],"wp:term":[{"taxonomy":"product_brand","embeddable":true,"href":"https:\/\/ancestrina.com\/it\/wp-json\/wp\/v2\/product_brand?post=15255"},{"taxonomy":"product_cat","embeddable":true,"href":"https:\/\/ancestrina.com\/it\/wp-json\/wp\/v2\/product_cat?post=15255"},{"taxonomy":"product_tag","embeddable":true,"href":"https:\/\/ancestrina.com\/it\/wp-json\/wp\/v2\/product_tag?post=15255"}],"curies":[{"name":"wp","href":"https:\/\/api.w.org\/{rel}","templated":true}]}}