{"id":15246,"date":"2020-06-27T19:40:37","date_gmt":"2020-06-27T19:40:37","guid":{"rendered":"http:\/\/ancestrina.com\/producto\/rape-samsara\/"},"modified":"2026-05-12T17:20:41","modified_gmt":"2026-05-12T22:20:41","slug":"rape-samsara","status":"publish","type":"product","link":"https:\/\/ancestrina.com\/it\/producto\/rape-samsara\/","title":{"rendered":"Samsara"},"content":{"rendered":"<p>Il Samsara Rap\u00e9 \u00e8 un potente strumento spirituale progettato per facilitare la connessione e la canalizzazione attivando intensamente il sesto chakra (Anja o terzo occhio) e il settimo chakra (corona). Questo rap\u00e9 \u00e8 specificamente formulato per aprire le porte dei mondi sottili, consentendo una chiara comunicazione con gli esseri superiori e la canalizzazione di messaggi e saggezza al di l\u00e0 della percezione ordinaria.<\/p>\n<p><strong>Caratteristiche principali del Samsara Rap\u00e9:<\/strong><\/p>\n<ul>\n<li><strong>Stimolazione del Terzo Occhio e del Chakra della Corona:<\/strong> migliora l'intuizione e la percezione spirituale, offrendo accesso a dimensioni superiori della coscienza.<\/li>\n<li><strong>Channeling spirituale:<\/strong> facilita la comunicazione con gli spiriti guida e gli esseri di luce, permettendo di ricevere indicazioni e conoscenze essenziali per la crescita personale.<\/li>\n<li><strong>Apertura della Porta Celeste:<\/strong> attiva la capacit\u00e0 di ricevere e trasmettere energia celeste, collegando gli utenti al cosmo.<\/li>\n<\/ul>\n<p><strong>Benefici del tabacco da fiuto Samsara:<\/strong><\/p>\n<ol>\n<li><strong>Sviluppo delle capacit\u00e0 psichiche:<\/strong> potenzia le capacit\u00e0 di percezione extrasensoriale, come la chiaroveggenza e la telepatia.<\/li>\n<li><strong>Espansione della coscienza spirituale:<\/strong> approfondisce la comprensione della connessione tra l'individuo e l'universo, favorendo un senso di unit\u00e0 con tutto ci\u00f2 che esiste.<\/li>\n<li><strong>Supporto alle pratiche meditative e spirituali:<\/strong> ideale per chi pratica la meditazione profonda, la ricerca spirituale e altre pratiche che richiedono un'elevata connessione spirituale.<\/li>\n<\/ol>\n<p><strong>Ideale per:<\/strong><\/p>\n<ul>\n<li>I praticanti spirituali che cercano di approfondire il loro percorso di illuminazione e di connessione con l'universo.<\/li>\n<li>Individui interessati a esplorare e sviluppare le proprie capacit\u00e0 di canalizzare e comunicare con le dimensioni superiori.<\/li>\n<li>Chi desidera integrare profondamente la spiritualit\u00e0 nella propria vita quotidiana, utilizzando strumenti che facilitino la connessione diretta con la fonte di ogni saggezza.<\/li>\n<\/ul>\n<p>Samsara Rap\u00e9 non \u00e8 solo un mezzo per raggiungere stati alterati di coscienza; \u00e8 un facilitatore di incontri spirituali profondi, che consente agli utenti di esplorare il vasto cosmo interiore ed esteriore.<\/p>\n<p>&nbsp;<\/p>\n<div id=\"gtx-trans\" style=\"position: absolute; left: 346px; top: 54.8889px;\">\n<div class=\"gtx-trans-icon\"><\/div>\n<\/div>\n","protected":false},"excerpt":{"rendered":"<p>Il rap\u00e9 Samsara \u00e8 un potente strumento spirituale che facilita la connessione con il mondo sottile, aiutando a manifestare e potenziare i nostri doni. Progettato per amplificare l&#8217;intuizione e aprire i canali di comunicazione spirituale, questo rap\u00e9 attiva il sesto e il settimo chakra, favorendo una profonda connessione con gli spiriti guida e facilitando l&#8217;accesso alle dimensioni superiori. <\/p>\n","protected":false},"featured_media":35070,"comment_status":"closed","ping_status":"closed","template":"","meta":{"order-bump-settings":[],"_wpfnl_thankyou_order_overview":"on","_wpfnl_thankyou_order_details":"on","_wpfnl_thankyou_billing_details":"on","_wpfnl_thankyou_shipping_details":"on","site-sidebar-layout":"default","site-content-layout":"default","ast-site-content-layout":"default","site-content-style":"default","site-sidebar-style":"default","ast-global-header-display":"","ast-banner-title-visibility":"","ast-main-header-display":"","ast-hfb-above-header-display":"","ast-hfb-below-header-display":"","ast-hfb-mobile-header-display":"","site-post-title":"","ast-breadcrumbs-content":"","ast-featured-img":"","footer-sml-layout":"","ast-disable-related-posts":"","theme-transparent-header-meta":"default","adv-header-id-meta":"","stick-header-meta":"","header-above-stick-meta":"","header-main-stick-meta":"","header-below-stick-meta":"","astra-migrate-meta-layouts":"default","ast-page-background-enabled":"default","ast-page-background-meta":{"desktop":{"background-color":"","background-image":"","background-repeat":"repeat","background-position":"center center","background-size":"auto","background-attachment":"scroll","background-type":"","background-media":"","overlay-type":"","overlay-color":"","overlay-opacity":"","overlay-gradient":""},"tablet":{"background-color":"","background-image":"","background-repeat":"repeat","background-position":"center center","background-size":"auto","background-attachment":"scroll","background-type":"","background-media":"","overlay-type":"","overlay-color":"","overlay-opacity":"","overlay-gradient":""},"mobile":{"background-color":"","background-image":"","background-repeat":"repeat","background-position":"center center","background-size":"auto","background-attachment":"scroll","background-type":"","background-media":"","overlay-type":"","overlay-color":"","overlay-opacity":"","overlay-gradient":""}},"ast-content-background-meta":{"desktop":{"background-color":"var(--ast-global-color-5)","background-image":"","background-repeat":"repeat","background-position":"center center","background-size":"auto","background-attachment":"scroll","background-type":"","background-media":"","overlay-type":"","overlay-color":"","overlay-opacity":"","overlay-gradient":""},"tablet":{"background-color":"var(--ast-global-color-5)","background-image":"","background-repeat":"repeat","background-position":"center center","background-size":"auto","background-attachment":"scroll","background-type":"","background-media":"","overlay-type":"","overlay-color":"","overlay-opacity":"","overlay-gradient":""},"mobile":{"background-color":"var(--ast-global-color-5)","background-image":"","background-repeat":"repeat","background-position":"center center","background-size":"auto","background-attachment":"scroll","background-type":"","background-media":"","overlay-type":"","overlay-color":"","overlay-opacity":"","overlay-gradient":""}},"_joinchat":[]},"product_brand":[],"product_cat":[552],"product_tag":[],"class_list":{"0":"post-15246","1":"product","2":"type-product","3":"status-publish","4":"has-post-thumbnail","6":"product_cat-rape-it","7":"desktop-align-center","8":"tablet-align-left","9":"mobile-align-left","11":"first","12":"instock","13":"shipping-taxable","14":"purchasable","15":"product-type-variable"},"yoast_head":"<!-- This site is optimized with the Yoast SEO Premium plugin v22.6 (Yoast SEO v27.6) - https:\/\/yoast.com\/product\/yoast-seo-premium-wordpress\/ -->\n<title>Rap\u00e9 Samsara: Connessione spirituale e canalizzazione<\/title>\n<meta name=\"description\" content=\"Scopri il rap\u00e9 Samsara, un potente strumento spirituale progettato per facilitare la connessione e la canalizzazione, attivando intensamente il sesto e il settimo chakra. Questo rap\u00e9 stimola l&#039;intuizione e la percezione spirituale,\" \/>\n<meta name=\"robots\" content=\"index, follow, max-snippet:-1, max-image-preview:large, max-video-preview:-1\" \/>\n<link rel=\"canonical\" href=\"https:\/\/ancestrina.com\/it\/producto\/rape-samsara\/\" \/>\n<meta property=\"og:locale\" content=\"it_IT\" \/>\n<meta property=\"og:type\" content=\"article\" \/>\n<meta property=\"og:title\" content=\"Samsara\" \/>\n<meta property=\"og:description\" content=\"Scopri il rap\u00e9 Samsara, un potente strumento spirituale progettato per facilitare la connessione e la canalizzazione, attivando intensamente il sesto e il settimo chakra. Questo rap\u00e9 stimola l&#039;intuizione e la percezione spirituale,\" \/>\n<meta property=\"og:url\" content=\"https:\/\/ancestrina.com\/it\/producto\/rape-samsara\/\" \/>\n<meta property=\"og:site_name\" content=\"Ancestrina\" \/>\n<meta property=\"article:publisher\" content=\"https:\/\/www.facebook.com\/Ancestrina\/\" \/>\n<meta property=\"article:modified_time\" content=\"2026-05-12T22:20:41+00:00\" \/>\n<meta property=\"og:image\" content=\"https:\/\/ancestrina.com\/wp-content\/uploads\/samsara.jpg\" \/>\n\t<meta property=\"og:image:width\" content=\"2048\" \/>\n\t<meta property=\"og:image:height\" content=\"2048\" \/>\n\t<meta property=\"og:image:type\" content=\"image\/jpeg\" \/>\n<meta name=\"twitter:card\" content=\"summary_large_image\" \/>\n<meta name=\"twitter:label1\" content=\"Tempo di lettura stimato\" \/>\n\t<meta name=\"twitter:data1\" content=\"1 minuto\" \/>\n<script type=\"application\/ld+json\" class=\"yoast-schema-graph\">{\"@context\":\"https:\\\/\\\/schema.org\",\"@graph\":[{\"@type\":\"WebPage\",\"@id\":\"https:\\\/\\\/ancestrina.com\\\/it\\\/producto\\\/rape-samsara\\\/\",\"url\":\"https:\\\/\\\/ancestrina.com\\\/it\\\/producto\\\/rape-samsara\\\/\",\"name\":\"Rap\u00e9 Samsara: Connessione spirituale e canalizzazione\",\"isPartOf\":{\"@id\":\"https:\\\/\\\/ancestrina.com\\\/it\\\/#website\"},\"primaryImageOfPage\":{\"@id\":\"https:\\\/\\\/ancestrina.com\\\/it\\\/producto\\\/rape-samsara\\\/#primaryimage\"},\"image\":{\"@id\":\"https:\\\/\\\/ancestrina.com\\\/it\\\/producto\\\/rape-samsara\\\/#primaryimage\"},\"thumbnailUrl\":\"https:\\\/\\\/ancestrina.com\\\/wp-content\\\/uploads\\\/samsara.jpg\",\"datePublished\":\"2020-06-27T19:40:37+00:00\",\"dateModified\":\"2026-05-12T22:20:41+00:00\",\"description\":\"Scopri il rap\u00e9 Samsara, un potente strumento spirituale progettato per facilitare la connessione e la canalizzazione, attivando intensamente il sesto e il settimo chakra. Questo rap\u00e9 stimola l'intuizione e la percezione spirituale,\",\"breadcrumb\":{\"@id\":\"https:\\\/\\\/ancestrina.com\\\/it\\\/producto\\\/rape-samsara\\\/#breadcrumb\"},\"inLanguage\":\"it-IT\",\"potentialAction\":[{\"@type\":\"ReadAction\",\"target\":[\"https:\\\/\\\/ancestrina.com\\\/it\\\/producto\\\/rape-samsara\\\/\"]}]},{\"@type\":\"ImageObject\",\"inLanguage\":\"it-IT\",\"@id\":\"https:\\\/\\\/ancestrina.com\\\/it\\\/producto\\\/rape-samsara\\\/#primaryimage\",\"url\":\"https:\\\/\\\/ancestrina.com\\\/wp-content\\\/uploads\\\/samsara.jpg\",\"contentUrl\":\"https:\\\/\\\/ancestrina.com\\\/wp-content\\\/uploads\\\/samsara.jpg\",\"width\":2048,\"height\":2048},{\"@type\":\"BreadcrumbList\",\"@id\":\"https:\\\/\\\/ancestrina.com\\\/it\\\/producto\\\/rape-samsara\\\/#breadcrumb\",\"itemListElement\":[{\"@type\":\"ListItem\",\"position\":1,\"name\":\"Home\",\"item\":\"https:\\\/\\\/ancestrina.com\\\/it\\\/casa\\\/\"},{\"@type\":\"ListItem\",\"position\":2,\"name\":\"Negozio\",\"item\":\"https:\\\/\\\/ancestrina.com\\\/it\\\/negozio\\\/\"},{\"@type\":\"ListItem\",\"position\":3,\"name\":\"Samsara\"}]},{\"@type\":\"WebSite\",\"@id\":\"https:\\\/\\\/ancestrina.com\\\/it\\\/#website\",\"url\":\"https:\\\/\\\/ancestrina.com\\\/it\\\/\",\"name\":\"Ancestrina\",\"description\":\"Trabajamos experiencias con plantas maestras, terapias integradoras y cultos ancestrales\",\"publisher\":{\"@id\":\"https:\\\/\\\/ancestrina.com\\\/it\\\/#organization\"},\"potentialAction\":[{\"@type\":\"SearchAction\",\"target\":{\"@type\":\"EntryPoint\",\"urlTemplate\":\"https:\\\/\\\/ancestrina.com\\\/it\\\/?s={search_term_string}\"},\"query-input\":{\"@type\":\"PropertyValueSpecification\",\"valueRequired\":true,\"valueName\":\"search_term_string\"}}],\"inLanguage\":\"it-IT\"},{\"@type\":\"Organization\",\"@id\":\"https:\\\/\\\/ancestrina.com\\\/it\\\/#organization\",\"name\":\"Ancestrina\",\"url\":\"https:\\\/\\\/ancestrina.com\\\/it\\\/\",\"logo\":{\"@type\":\"ImageObject\",\"inLanguage\":\"it-IT\",\"@id\":\"https:\\\/\\\/ancestrina.com\\\/it\\\/#\\\/schema\\\/logo\\\/image\\\/\",\"url\":\"https:\\\/\\\/ancestrina.com\\\/wp-content\\\/uploads\\\/2020\\\/06\\\/cropped-LOGO-ANCESTRINA-1.png\",\"contentUrl\":\"https:\\\/\\\/ancestrina.com\\\/wp-content\\\/uploads\\\/2020\\\/06\\\/cropped-LOGO-ANCESTRINA-1.png\",\"width\":630,\"height\":202,\"caption\":\"Ancestrina\"},\"image\":{\"@id\":\"https:\\\/\\\/ancestrina.com\\\/it\\\/#\\\/schema\\\/logo\\\/image\\\/\"},\"sameAs\":[\"https:\\\/\\\/www.facebook.com\\\/Ancestrina\\\/\",\"https:\\\/\\\/www.instagram.com\\\/ancestrina\\\/\",\"https:\\\/\\\/www.youtube.com\\\/channel\\\/UCgtt6WFhEIVEI30PzxlOeIw\"]}]}<\/script>\n<!-- \/ Yoast SEO Premium plugin. -->","yoast_head_json":{"title":"Rap\u00e9 Samsara: Connessione spirituale e canalizzazione","description":"Scopri il rap\u00e9 Samsara, un potente strumento spirituale progettato per facilitare la connessione e la canalizzazione, attivando intensamente il sesto e il settimo chakra. Questo rap\u00e9 stimola l'intuizione e la percezione spirituale,","robots":{"index":"index","follow":"follow","max-snippet":"max-snippet:-1","max-image-preview":"max-image-preview:large","max-video-preview":"max-video-preview:-1"},"canonical":"https:\/\/ancestrina.com\/it\/producto\/rape-samsara\/","og_locale":"it_IT","og_type":"article","og_title":"Samsara","og_description":"Scopri il rap\u00e9 Samsara, un potente strumento spirituale progettato per facilitare la connessione e la canalizzazione, attivando intensamente il sesto e il settimo chakra. Questo rap\u00e9 stimola l'intuizione e la percezione spirituale,","og_url":"https:\/\/ancestrina.com\/it\/producto\/rape-samsara\/","og_site_name":"Ancestrina","article_publisher":"https:\/\/www.facebook.com\/Ancestrina\/","article_modified_time":"2026-05-12T22:20:41+00:00","og_image":[{"width":2048,"height":2048,"url":"https:\/\/ancestrina.com\/wp-content\/uploads\/samsara.jpg","type":"image\/jpeg"}],"twitter_card":"summary_large_image","twitter_misc":{"Tempo di lettura stimato":"1 minuto"},"schema":{"@context":"https:\/\/schema.org","@graph":[{"@type":"WebPage","@id":"https:\/\/ancestrina.com\/it\/producto\/rape-samsara\/","url":"https:\/\/ancestrina.com\/it\/producto\/rape-samsara\/","name":"Rap\u00e9 Samsara: Connessione spirituale e canalizzazione","isPartOf":{"@id":"https:\/\/ancestrina.com\/it\/#website"},"primaryImageOfPage":{"@id":"https:\/\/ancestrina.com\/it\/producto\/rape-samsara\/#primaryimage"},"image":{"@id":"https:\/\/ancestrina.com\/it\/producto\/rape-samsara\/#primaryimage"},"thumbnailUrl":"https:\/\/ancestrina.com\/wp-content\/uploads\/samsara.jpg","datePublished":"2020-06-27T19:40:37+00:00","dateModified":"2026-05-12T22:20:41+00:00","description":"Scopri il rap\u00e9 Samsara, un potente strumento spirituale progettato per facilitare la connessione e la canalizzazione, attivando intensamente il sesto e il settimo chakra. Questo rap\u00e9 stimola l'intuizione e la percezione spirituale,","breadcrumb":{"@id":"https:\/\/ancestrina.com\/it\/producto\/rape-samsara\/#breadcrumb"},"inLanguage":"it-IT","potentialAction":[{"@type":"ReadAction","target":["https:\/\/ancestrina.com\/it\/producto\/rape-samsara\/"]}]},{"@type":"ImageObject","inLanguage":"it-IT","@id":"https:\/\/ancestrina.com\/it\/producto\/rape-samsara\/#primaryimage","url":"https:\/\/ancestrina.com\/wp-content\/uploads\/samsara.jpg","contentUrl":"https:\/\/ancestrina.com\/wp-content\/uploads\/samsara.jpg","width":2048,"height":2048},{"@type":"BreadcrumbList","@id":"https:\/\/ancestrina.com\/it\/producto\/rape-samsara\/#breadcrumb","itemListElement":[{"@type":"ListItem","position":1,"name":"Home","item":"https:\/\/ancestrina.com\/it\/casa\/"},{"@type":"ListItem","position":2,"name":"Negozio","item":"https:\/\/ancestrina.com\/it\/negozio\/"},{"@type":"ListItem","position":3,"name":"Samsara"}]},{"@type":"WebSite","@id":"https:\/\/ancestrina.com\/it\/#website","url":"https:\/\/ancestrina.com\/it\/","name":"Ancestrina","description":"Trabajamos experiencias con plantas maestras, terapias integradoras y cultos ancestrales","publisher":{"@id":"https:\/\/ancestrina.com\/it\/#organization"},"potentialAction":[{"@type":"SearchAction","target":{"@type":"EntryPoint","urlTemplate":"https:\/\/ancestrina.com\/it\/?s={search_term_string}"},"query-input":{"@type":"PropertyValueSpecification","valueRequired":true,"valueName":"search_term_string"}}],"inLanguage":"it-IT"},{"@type":"Organization","@id":"https:\/\/ancestrina.com\/it\/#organization","name":"Ancestrina","url":"https:\/\/ancestrina.com\/it\/","logo":{"@type":"ImageObject","inLanguage":"it-IT","@id":"https:\/\/ancestrina.com\/it\/#\/schema\/logo\/image\/","url":"https:\/\/ancestrina.com\/wp-content\/uploads\/2020\/06\/cropped-LOGO-ANCESTRINA-1.png","contentUrl":"https:\/\/ancestrina.com\/wp-content\/uploads\/2020\/06\/cropped-LOGO-ANCESTRINA-1.png","width":630,"height":202,"caption":"Ancestrina"},"image":{"@id":"https:\/\/ancestrina.com\/it\/#\/schema\/logo\/image\/"},"sameAs":["https:\/\/www.facebook.com\/Ancestrina\/","https:\/\/www.instagram.com\/ancestrina\/","https:\/\/www.youtube.com\/channel\/UCgtt6WFhEIVEI30PzxlOeIw"]}]}},"_links":{"self":[{"href":"https:\/\/ancestrina.com\/it\/wp-json\/wp\/v2\/product\/15246","targetHints":{"allow":["GET"]}}],"collection":[{"href":"https:\/\/ancestrina.com\/it\/wp-json\/wp\/v2\/product"}],"about":[{"href":"https:\/\/ancestrina.com\/it\/wp-json\/wp\/v2\/types\/product"}],"replies":[{"embeddable":true,"href":"https:\/\/ancestrina.com\/it\/wp-json\/wp\/v2\/comments?post=15246"}],"version-history":[{"count":2,"href":"https:\/\/ancestrina.com\/it\/wp-json\/wp\/v2\/product\/15246\/revisions"}],"predecessor-version":[{"id":37934,"href":"https:\/\/ancestrina.com\/it\/wp-json\/wp\/v2\/product\/15246\/revisions\/37934"}],"wp:featuredmedia":[{"embeddable":true,"href":"https:\/\/ancestrina.com\/it\/wp-json\/wp\/v2\/media\/35070"}],"wp:attachment":[{"href":"https:\/\/ancestrina.com\/it\/wp-json\/wp\/v2\/media?parent=15246"}],"wp:term":[{"taxonomy":"product_brand","embeddable":true,"href":"https:\/\/ancestrina.com\/it\/wp-json\/wp\/v2\/product_brand?post=15246"},{"taxonomy":"product_cat","embeddable":true,"href":"https:\/\/ancestrina.com\/it\/wp-json\/wp\/v2\/product_cat?post=15246"},{"taxonomy":"product_tag","embeddable":true,"href":"https:\/\/ancestrina.com\/it\/wp-json\/wp\/v2\/product_tag?post=15246"}],"curies":[{"name":"wp","href":"https:\/\/api.w.org\/{rel}","templated":true}]}}