{"id":15183,"date":"2021-01-19T19:55:07","date_gmt":"2021-01-19T19:55:07","guid":{"rendered":"http:\/\/ancestrina.com\/producto\/rape-osha\/"},"modified":"2026-05-12T16:27:09","modified_gmt":"2026-05-12T21:27:09","slug":"rape-osha","status":"publish","type":"product","link":"https:\/\/ancestrina.com\/it\/producto\/rape-osha\/","title":{"rendered":"Osha"},"content":{"rendered":"<p>L'Osha Rap\u00e9, conosciuto come la &#8220;forza dell'orso&#8221;, \u00e8 un potente strumento di auto-imprenditorialit\u00e0 pensato per coloro che desiderano superare le barriere della paura del fallimento e attivare il proprio vero potenziale. Questo rap\u00e9 non solo rafforza la fiducia in se stessi, ma aiuta anche a trasformare le convinzioni limitanti in convinzioni di forza e capacit\u00e0.<\/p>\n<p><strong>I principali vantaggi di Osha Rap\u00e9:<\/strong><\/p>\n<ol>\n<li><strong>Empowerment personale:<\/strong> aumenta la fiducia e l'autoefficacia, consentendo agli individui di assumere il controllo della propria vita e di intraprendere azioni mirate.<\/li>\n<li><strong>Superare la paura del fallimento:<\/strong> aiuta a cambiare la percezione del fallimento, incoraggiando una visione pi\u00f9 flessibile e un approccio pi\u00f9 sano alle sfide e alle battute d'arresto.<\/li>\n<li><strong>Chiarezza nella comunicazione:<\/strong> facilita la capacit\u00e0 di esprimere onestamente i propri pensieri e le proprie emozioni, soprattutto nelle conversazioni difficili, rimanendo al contempo calmi e compassionevoli.<\/li>\n<li><strong>Stimolare l'innovazione:<\/strong> ispirare gli utenti a essere creativi e proattivi nel generare idee e soluzioni, rivitalizzando lo spirito imprenditoriale.<\/li>\n<li><strong>Rafforzare il subconscio:<\/strong> Connettersi con il subconscio per sostituire le convinzioni limitanti con convinzioni che migliorano la crescita personale e professionale.<\/li>\n<\/ol>\n<p><strong>Ideale per:<\/strong><\/p>\n<ul>\n<li>Persone paralizzate dalla paura del fallimento o delle critiche.<\/li>\n<li>Coloro che cercano una maggiore motivazione e direzione nei loro progetti personali e professionali.<\/li>\n<li>Persone che desiderano migliorare la propria capacit\u00e0 di stabilire e mantenere confini chiari.<\/li>\n<li>Chi ha bisogno di rafforzare la propria voce interiore ed esteriore in vari ambiti della vita.<\/li>\n<\/ul>\n<p>Il rap\u00e9 Osha \u00e8 molto pi\u00f9 di un tabacco da fiuto: \u00e8 un catalizzatore per il cambiamento e la crescita personale. Osate scoprire il vostro potere interiore e trasformare le vostre paure in ponti verso il successo e il benessere.<\/p>\n","protected":false},"excerpt":{"rendered":"<p>Osha Rap\u00e9, noto anche come &#8220;potere dell&#8217;orso&#8221;, \u00e8 un potente strumento di empowerment pensato per chi desidera superare la paura del fallimento e attivare il proprio vero potenziale. Questo rap\u00e9 stimola i centri di potere dentro di te, favorendo la fiducia e la determinazione per affrontare le sfide e intraprendere nuovi progetti con coraggio e chiarezza.<\/p>\n<p>Ideale per chi cerca di rafforzare la propria autoefficacia e di migliorare la propria comunicazione in situazioni difficili, Osha Rap\u00e9 trasforma le convinzioni limitanti, consentendo di esprimersi in modo autentico e di procedere senza riserve verso il successo personale e professionale.<\/p>\n","protected":false},"featured_media":34958,"comment_status":"closed","ping_status":"closed","template":"","meta":{"order-bump-settings":[],"_wpfnl_thankyou_order_overview":"on","_wpfnl_thankyou_order_details":"on","_wpfnl_thankyou_billing_details":"on","_wpfnl_thankyou_shipping_details":"on","site-sidebar-layout":"default","site-content-layout":"plain-container","ast-site-content-layout":"normal-width-container","site-content-style":"unboxed","site-sidebar-style":"unboxed","ast-global-header-display":"","ast-banner-title-visibility":"","ast-main-header-display":"","ast-hfb-above-header-display":"","ast-hfb-below-header-display":"","ast-hfb-mobile-header-display":"","site-post-title":"","ast-breadcrumbs-content":"","ast-featured-img":"","footer-sml-layout":"","ast-disable-related-posts":"","theme-transparent-header-meta":"disabled","adv-header-id-meta":"","stick-header-meta":"","header-above-stick-meta":"","header-main-stick-meta":"","header-below-stick-meta":"","astra-migrate-meta-layouts":"default","ast-page-background-enabled":"default","ast-page-background-meta":{"desktop":{"background-color":"","background-image":"","background-repeat":"repeat","background-position":"center center","background-size":"auto","background-attachment":"scroll","background-type":"","background-media":"","overlay-type":"","overlay-color":"","overlay-opacity":"","overlay-gradient":""},"tablet":{"background-color":"","background-image":"","background-repeat":"repeat","background-position":"center center","background-size":"auto","background-attachment":"scroll","background-type":"","background-media":"","overlay-type":"","overlay-color":"","overlay-opacity":"","overlay-gradient":""},"mobile":{"background-color":"","background-image":"","background-repeat":"repeat","background-position":"center center","background-size":"auto","background-attachment":"scroll","background-type":"","background-media":"","overlay-type":"","overlay-color":"","overlay-opacity":"","overlay-gradient":""}},"ast-content-background-meta":{"desktop":{"background-color":"var(--ast-global-color-5)","background-image":"","background-repeat":"repeat","background-position":"center center","background-size":"auto","background-attachment":"scroll","background-type":"","background-media":"","overlay-type":"","overlay-color":"","overlay-opacity":"","overlay-gradient":""},"tablet":{"background-color":"var(--ast-global-color-5)","background-image":"","background-repeat":"repeat","background-position":"center center","background-size":"auto","background-attachment":"scroll","background-type":"","background-media":"","overlay-type":"","overlay-color":"","overlay-opacity":"","overlay-gradient":""},"mobile":{"background-color":"var(--ast-global-color-5)","background-image":"","background-repeat":"repeat","background-position":"center center","background-size":"auto","background-attachment":"scroll","background-type":"","background-media":"","overlay-type":"","overlay-color":"","overlay-opacity":"","overlay-gradient":""}},"_joinchat":[]},"product_brand":[],"product_cat":[552],"product_tag":[],"class_list":{"0":"post-15183","1":"product","2":"type-product","3":"status-publish","4":"has-post-thumbnail","6":"product_cat-rape-it","7":"desktop-align-center","8":"tablet-align-left","9":"mobile-align-left","11":"first","12":"instock","13":"shipping-taxable","14":"purchasable","15":"product-type-variable"},"yoast_head":"<!-- This site is optimized with the Yoast SEO Premium plugin v22.6 (Yoast SEO v27.6) - https:\/\/yoast.com\/product\/yoast-seo-premium-wordpress\/ -->\n<title>Osha Rap\u00e9: Potenziamento e liberazione del potere interiore<\/title>\n<meta name=\"description\" content=\"Scopri il potere di Osha Rap\u00e9, uno strumento di auto-imprenditorialit\u00e0 che aiuta a superare la paura di fallire, a rafforzare la fiducia in se stessi e a trasformare le convinzioni limitanti in convinzioni di forza. Ideale per chi cerca motivazione e direzione nei progetti personali e professionali.\" \/>\n<meta name=\"robots\" content=\"index, follow, max-snippet:-1, max-image-preview:large, max-video-preview:-1\" \/>\n<link rel=\"canonical\" href=\"https:\/\/ancestrina.com\/it\/producto\/rape-osha\/\" \/>\n<meta property=\"og:locale\" content=\"it_IT\" \/>\n<meta property=\"og:type\" content=\"article\" \/>\n<meta property=\"og:title\" content=\"Osha\" \/>\n<meta property=\"og:description\" content=\"Scopri il potere di Osha Rap\u00e9, uno strumento di auto-imprenditorialit\u00e0 che aiuta a superare la paura di fallire, a rafforzare la fiducia in se stessi e a trasformare le convinzioni limitanti in convinzioni di forza. Ideale per chi cerca motivazione e direzione nei progetti personali e professionali.\" \/>\n<meta property=\"og:url\" content=\"https:\/\/ancestrina.com\/it\/producto\/rape-osha\/\" \/>\n<meta property=\"og:site_name\" content=\"Ancestrina\" \/>\n<meta property=\"article:publisher\" content=\"https:\/\/www.facebook.com\/Ancestrina\/\" \/>\n<meta property=\"article:modified_time\" content=\"2026-05-12T21:27:09+00:00\" \/>\n<meta property=\"og:image\" content=\"https:\/\/ancestrina.com\/wp-content\/uploads\/Osha.jpg\" \/>\n\t<meta property=\"og:image:width\" content=\"2048\" \/>\n\t<meta property=\"og:image:height\" content=\"2048\" \/>\n\t<meta property=\"og:image:type\" content=\"image\/jpeg\" \/>\n<meta name=\"twitter:card\" content=\"summary_large_image\" \/>\n<meta name=\"twitter:label1\" content=\"Tempo di lettura stimato\" \/>\n\t<meta name=\"twitter:data1\" content=\"1 minuto\" \/>\n<script type=\"application\/ld+json\" class=\"yoast-schema-graph\">{\"@context\":\"https:\\\/\\\/schema.org\",\"@graph\":[{\"@type\":\"WebPage\",\"@id\":\"https:\\\/\\\/ancestrina.com\\\/it\\\/producto\\\/rape-osha\\\/\",\"url\":\"https:\\\/\\\/ancestrina.com\\\/it\\\/producto\\\/rape-osha\\\/\",\"name\":\"Osha Rap\u00e9: Potenziamento e liberazione del potere interiore\",\"isPartOf\":{\"@id\":\"https:\\\/\\\/ancestrina.com\\\/it\\\/#website\"},\"primaryImageOfPage\":{\"@id\":\"https:\\\/\\\/ancestrina.com\\\/it\\\/producto\\\/rape-osha\\\/#primaryimage\"},\"image\":{\"@id\":\"https:\\\/\\\/ancestrina.com\\\/it\\\/producto\\\/rape-osha\\\/#primaryimage\"},\"thumbnailUrl\":\"https:\\\/\\\/ancestrina.com\\\/wp-content\\\/uploads\\\/Osha.jpg\",\"datePublished\":\"2021-01-19T19:55:07+00:00\",\"dateModified\":\"2026-05-12T21:27:09+00:00\",\"description\":\"Scopri il potere di Osha Rap\u00e9, uno strumento di auto-imprenditorialit\u00e0 che aiuta a superare la paura di fallire, a rafforzare la fiducia in se stessi e a trasformare le convinzioni limitanti in convinzioni di forza. Ideale per chi cerca motivazione e direzione nei progetti personali e professionali.\",\"breadcrumb\":{\"@id\":\"https:\\\/\\\/ancestrina.com\\\/it\\\/producto\\\/rape-osha\\\/#breadcrumb\"},\"inLanguage\":\"it-IT\",\"potentialAction\":[{\"@type\":\"ReadAction\",\"target\":[\"https:\\\/\\\/ancestrina.com\\\/it\\\/producto\\\/rape-osha\\\/\"]}]},{\"@type\":\"ImageObject\",\"inLanguage\":\"it-IT\",\"@id\":\"https:\\\/\\\/ancestrina.com\\\/it\\\/producto\\\/rape-osha\\\/#primaryimage\",\"url\":\"https:\\\/\\\/ancestrina.com\\\/wp-content\\\/uploads\\\/Osha.jpg\",\"contentUrl\":\"https:\\\/\\\/ancestrina.com\\\/wp-content\\\/uploads\\\/Osha.jpg\",\"width\":2048,\"height\":2048},{\"@type\":\"BreadcrumbList\",\"@id\":\"https:\\\/\\\/ancestrina.com\\\/it\\\/producto\\\/rape-osha\\\/#breadcrumb\",\"itemListElement\":[{\"@type\":\"ListItem\",\"position\":1,\"name\":\"Home\",\"item\":\"https:\\\/\\\/ancestrina.com\\\/it\\\/casa\\\/\"},{\"@type\":\"ListItem\",\"position\":2,\"name\":\"Negozio\",\"item\":\"https:\\\/\\\/ancestrina.com\\\/it\\\/negozio\\\/\"},{\"@type\":\"ListItem\",\"position\":3,\"name\":\"Osha\"}]},{\"@type\":\"WebSite\",\"@id\":\"https:\\\/\\\/ancestrina.com\\\/it\\\/#website\",\"url\":\"https:\\\/\\\/ancestrina.com\\\/it\\\/\",\"name\":\"Ancestrina\",\"description\":\"Trabajamos experiencias con plantas maestras, terapias integradoras y cultos ancestrales\",\"publisher\":{\"@id\":\"https:\\\/\\\/ancestrina.com\\\/it\\\/#organization\"},\"potentialAction\":[{\"@type\":\"SearchAction\",\"target\":{\"@type\":\"EntryPoint\",\"urlTemplate\":\"https:\\\/\\\/ancestrina.com\\\/it\\\/?s={search_term_string}\"},\"query-input\":{\"@type\":\"PropertyValueSpecification\",\"valueRequired\":true,\"valueName\":\"search_term_string\"}}],\"inLanguage\":\"it-IT\"},{\"@type\":\"Organization\",\"@id\":\"https:\\\/\\\/ancestrina.com\\\/it\\\/#organization\",\"name\":\"Ancestrina\",\"url\":\"https:\\\/\\\/ancestrina.com\\\/it\\\/\",\"logo\":{\"@type\":\"ImageObject\",\"inLanguage\":\"it-IT\",\"@id\":\"https:\\\/\\\/ancestrina.com\\\/it\\\/#\\\/schema\\\/logo\\\/image\\\/\",\"url\":\"https:\\\/\\\/ancestrina.com\\\/wp-content\\\/uploads\\\/2020\\\/06\\\/cropped-LOGO-ANCESTRINA-1.png\",\"contentUrl\":\"https:\\\/\\\/ancestrina.com\\\/wp-content\\\/uploads\\\/2020\\\/06\\\/cropped-LOGO-ANCESTRINA-1.png\",\"width\":630,\"height\":202,\"caption\":\"Ancestrina\"},\"image\":{\"@id\":\"https:\\\/\\\/ancestrina.com\\\/it\\\/#\\\/schema\\\/logo\\\/image\\\/\"},\"sameAs\":[\"https:\\\/\\\/www.facebook.com\\\/Ancestrina\\\/\",\"https:\\\/\\\/www.instagram.com\\\/ancestrina\\\/\",\"https:\\\/\\\/www.youtube.com\\\/channel\\\/UCgtt6WFhEIVEI30PzxlOeIw\"]}]}<\/script>\n<!-- \/ Yoast SEO Premium plugin. -->","yoast_head_json":{"title":"Osha Rap\u00e9: Potenziamento e liberazione del potere interiore","description":"Scopri il potere di Osha Rap\u00e9, uno strumento di auto-imprenditorialit\u00e0 che aiuta a superare la paura di fallire, a rafforzare la fiducia in se stessi e a trasformare le convinzioni limitanti in convinzioni di forza. Ideale per chi cerca motivazione e direzione nei progetti personali e professionali.","robots":{"index":"index","follow":"follow","max-snippet":"max-snippet:-1","max-image-preview":"max-image-preview:large","max-video-preview":"max-video-preview:-1"},"canonical":"https:\/\/ancestrina.com\/it\/producto\/rape-osha\/","og_locale":"it_IT","og_type":"article","og_title":"Osha","og_description":"Scopri il potere di Osha Rap\u00e9, uno strumento di auto-imprenditorialit\u00e0 che aiuta a superare la paura di fallire, a rafforzare la fiducia in se stessi e a trasformare le convinzioni limitanti in convinzioni di forza. Ideale per chi cerca motivazione e direzione nei progetti personali e professionali.","og_url":"https:\/\/ancestrina.com\/it\/producto\/rape-osha\/","og_site_name":"Ancestrina","article_publisher":"https:\/\/www.facebook.com\/Ancestrina\/","article_modified_time":"2026-05-12T21:27:09+00:00","og_image":[{"width":2048,"height":2048,"url":"https:\/\/ancestrina.com\/wp-content\/uploads\/Osha.jpg","type":"image\/jpeg"}],"twitter_card":"summary_large_image","twitter_misc":{"Tempo di lettura stimato":"1 minuto"},"schema":{"@context":"https:\/\/schema.org","@graph":[{"@type":"WebPage","@id":"https:\/\/ancestrina.com\/it\/producto\/rape-osha\/","url":"https:\/\/ancestrina.com\/it\/producto\/rape-osha\/","name":"Osha Rap\u00e9: Potenziamento e liberazione del potere interiore","isPartOf":{"@id":"https:\/\/ancestrina.com\/it\/#website"},"primaryImageOfPage":{"@id":"https:\/\/ancestrina.com\/it\/producto\/rape-osha\/#primaryimage"},"image":{"@id":"https:\/\/ancestrina.com\/it\/producto\/rape-osha\/#primaryimage"},"thumbnailUrl":"https:\/\/ancestrina.com\/wp-content\/uploads\/Osha.jpg","datePublished":"2021-01-19T19:55:07+00:00","dateModified":"2026-05-12T21:27:09+00:00","description":"Scopri il potere di Osha Rap\u00e9, uno strumento di auto-imprenditorialit\u00e0 che aiuta a superare la paura di fallire, a rafforzare la fiducia in se stessi e a trasformare le convinzioni limitanti in convinzioni di forza. Ideale per chi cerca motivazione e direzione nei progetti personali e professionali.","breadcrumb":{"@id":"https:\/\/ancestrina.com\/it\/producto\/rape-osha\/#breadcrumb"},"inLanguage":"it-IT","potentialAction":[{"@type":"ReadAction","target":["https:\/\/ancestrina.com\/it\/producto\/rape-osha\/"]}]},{"@type":"ImageObject","inLanguage":"it-IT","@id":"https:\/\/ancestrina.com\/it\/producto\/rape-osha\/#primaryimage","url":"https:\/\/ancestrina.com\/wp-content\/uploads\/Osha.jpg","contentUrl":"https:\/\/ancestrina.com\/wp-content\/uploads\/Osha.jpg","width":2048,"height":2048},{"@type":"BreadcrumbList","@id":"https:\/\/ancestrina.com\/it\/producto\/rape-osha\/#breadcrumb","itemListElement":[{"@type":"ListItem","position":1,"name":"Home","item":"https:\/\/ancestrina.com\/it\/casa\/"},{"@type":"ListItem","position":2,"name":"Negozio","item":"https:\/\/ancestrina.com\/it\/negozio\/"},{"@type":"ListItem","position":3,"name":"Osha"}]},{"@type":"WebSite","@id":"https:\/\/ancestrina.com\/it\/#website","url":"https:\/\/ancestrina.com\/it\/","name":"Ancestrina","description":"Trabajamos experiencias con plantas maestras, terapias integradoras y cultos ancestrales","publisher":{"@id":"https:\/\/ancestrina.com\/it\/#organization"},"potentialAction":[{"@type":"SearchAction","target":{"@type":"EntryPoint","urlTemplate":"https:\/\/ancestrina.com\/it\/?s={search_term_string}"},"query-input":{"@type":"PropertyValueSpecification","valueRequired":true,"valueName":"search_term_string"}}],"inLanguage":"it-IT"},{"@type":"Organization","@id":"https:\/\/ancestrina.com\/it\/#organization","name":"Ancestrina","url":"https:\/\/ancestrina.com\/it\/","logo":{"@type":"ImageObject","inLanguage":"it-IT","@id":"https:\/\/ancestrina.com\/it\/#\/schema\/logo\/image\/","url":"https:\/\/ancestrina.com\/wp-content\/uploads\/2020\/06\/cropped-LOGO-ANCESTRINA-1.png","contentUrl":"https:\/\/ancestrina.com\/wp-content\/uploads\/2020\/06\/cropped-LOGO-ANCESTRINA-1.png","width":630,"height":202,"caption":"Ancestrina"},"image":{"@id":"https:\/\/ancestrina.com\/it\/#\/schema\/logo\/image\/"},"sameAs":["https:\/\/www.facebook.com\/Ancestrina\/","https:\/\/www.instagram.com\/ancestrina\/","https:\/\/www.youtube.com\/channel\/UCgtt6WFhEIVEI30PzxlOeIw"]}]}},"_links":{"self":[{"href":"https:\/\/ancestrina.com\/it\/wp-json\/wp\/v2\/product\/15183","targetHints":{"allow":["GET"]}}],"collection":[{"href":"https:\/\/ancestrina.com\/it\/wp-json\/wp\/v2\/product"}],"about":[{"href":"https:\/\/ancestrina.com\/it\/wp-json\/wp\/v2\/types\/product"}],"replies":[{"embeddable":true,"href":"https:\/\/ancestrina.com\/it\/wp-json\/wp\/v2\/comments?post=15183"}],"version-history":[{"count":2,"href":"https:\/\/ancestrina.com\/it\/wp-json\/wp\/v2\/product\/15183\/revisions"}],"predecessor-version":[{"id":37839,"href":"https:\/\/ancestrina.com\/it\/wp-json\/wp\/v2\/product\/15183\/revisions\/37839"}],"wp:featuredmedia":[{"embeddable":true,"href":"https:\/\/ancestrina.com\/it\/wp-json\/wp\/v2\/media\/34958"}],"wp:attachment":[{"href":"https:\/\/ancestrina.com\/it\/wp-json\/wp\/v2\/media?parent=15183"}],"wp:term":[{"taxonomy":"product_brand","embeddable":true,"href":"https:\/\/ancestrina.com\/it\/wp-json\/wp\/v2\/product_brand?post=15183"},{"taxonomy":"product_cat","embeddable":true,"href":"https:\/\/ancestrina.com\/it\/wp-json\/wp\/v2\/product_cat?post=15183"},{"taxonomy":"product_tag","embeddable":true,"href":"https:\/\/ancestrina.com\/it\/wp-json\/wp\/v2\/product_tag?post=15183"}],"curies":[{"name":"wp","href":"https:\/\/api.w.org\/{rel}","templated":true}]}}