{"id":14773,"date":"2020-08-06T23:57:24","date_gmt":"2020-08-06T23:57:24","guid":{"rendered":"http:\/\/ancestrina.com\/producto\/titolare-di-coda-di-rospo\/"},"modified":"2026-05-15T07:53:19","modified_gmt":"2026-05-15T12:53:19","slug":"porta-rape","status":"publish","type":"product","link":"https:\/\/ancestrina.com\/it\/producto\/porta-rape\/","title":{"rendered":"Rappereras (Porta Rap\u00e9)"},"content":{"rendered":"<p>Scopri le nostre tabacchiere artigianali, meticolosamente progettate per conservare e preservare il rap\u00e9 con il rispetto e la riverenza che questa antica medicina merita. Ogni tabacchiera \u00e8 realizzata da abili artigiani con materiali di alta qualit\u00e0, che garantiscono non solo la durata ma anche un'estetica che arricchisce il tuo rituale del rap\u00e9. <\/p>\n<p>Oltre alla sua funzione pratica di stoccaggio, ogni raperera \u00e8 un'opera d'arte che abbellisce qualsiasi spazio, fungendo da punto focale di bellezza e spiritualit\u00e0.<\/p>\n<p>Scegliete tra una variet\u00e0 di tonalit\u00e0 di legno, ognuna delle quali riflette la ricchezza delle tradizioni da cui proviene. Questi snuffer non solo proteggono e mantengono la potenza del tuo rap\u00e9, ma elevano anche l'esperienza di ogni sessione, rendendo ogni momento di utilizzo tanto significativo quanto sacro.<\/p>\n","protected":false},"excerpt":{"rendered":"<p>Esplora la nostra collezione di tabacchiere artigianali, perfette per conservare il rap\u00e9 con eleganza e rispetto. Ogni tabacchiera \u00e8 realizzata con cura da abili artigiani, utilizzando legni di alta qualit\u00e0 che garantiscono durata e bellezza, adatti a valorizzare qualsiasi rituale del rap\u00e9. <\/p>\n<p>&nbsp;<\/p>\n","protected":false},"featured_media":35039,"comment_status":"closed","ping_status":"closed","template":"","meta":{"order-bump-settings":[],"_wpfnl_thankyou_order_overview":"on","_wpfnl_thankyou_order_details":"on","_wpfnl_thankyou_billing_details":"on","_wpfnl_thankyou_shipping_details":"on","site-sidebar-layout":"default","site-content-layout":"plain-container","ast-site-content-layout":"normal-width-container","site-content-style":"unboxed","site-sidebar-style":"unboxed","ast-global-header-display":"","ast-banner-title-visibility":"","ast-main-header-display":"","ast-hfb-above-header-display":"","ast-hfb-below-header-display":"","ast-hfb-mobile-header-display":"","site-post-title":"","ast-breadcrumbs-content":"","ast-featured-img":"","footer-sml-layout":"","ast-disable-related-posts":"","theme-transparent-header-meta":"disabled","adv-header-id-meta":"","stick-header-meta":"","header-above-stick-meta":"","header-main-stick-meta":"","header-below-stick-meta":"","astra-migrate-meta-layouts":"default","ast-page-background-enabled":"default","ast-page-background-meta":{"desktop":{"background-color":"","background-image":"","background-repeat":"repeat","background-position":"center center","background-size":"auto","background-attachment":"scroll","background-type":"","background-media":"","overlay-type":"","overlay-color":"","overlay-opacity":"","overlay-gradient":""},"tablet":{"background-color":"","background-image":"","background-repeat":"repeat","background-position":"center center","background-size":"auto","background-attachment":"scroll","background-type":"","background-media":"","overlay-type":"","overlay-color":"","overlay-opacity":"","overlay-gradient":""},"mobile":{"background-color":"","background-image":"","background-repeat":"repeat","background-position":"center center","background-size":"auto","background-attachment":"scroll","background-type":"","background-media":"","overlay-type":"","overlay-color":"","overlay-opacity":"","overlay-gradient":""}},"ast-content-background-meta":{"desktop":{"background-color":"var(--ast-global-color-5)","background-image":"","background-repeat":"repeat","background-position":"center center","background-size":"auto","background-attachment":"scroll","background-type":"","background-media":"","overlay-type":"","overlay-color":"","overlay-opacity":"","overlay-gradient":""},"tablet":{"background-color":"var(--ast-global-color-5)","background-image":"","background-repeat":"repeat","background-position":"center center","background-size":"auto","background-attachment":"scroll","background-type":"","background-media":"","overlay-type":"","overlay-color":"","overlay-opacity":"","overlay-gradient":""},"mobile":{"background-color":"var(--ast-global-color-5)","background-image":"","background-repeat":"repeat","background-position":"center center","background-size":"auto","background-attachment":"scroll","background-type":"","background-media":"","overlay-type":"","overlay-color":"","overlay-opacity":"","overlay-gradient":""}},"_joinchat":[]},"product_brand":[],"product_cat":[551,556],"product_tag":[],"class_list":{"0":"post-14773","1":"product","2":"type-product","3":"status-publish","4":"has-post-thumbnail","6":"product_cat-accessori","7":"product_cat-rapereras-it","8":"desktop-align-center","9":"tablet-align-left","10":"mobile-align-left","12":"first","13":"instock","14":"shipping-taxable","15":"purchasable","16":"product-type-simple"},"yoast_head":"<!-- This site is optimized with the Yoast SEO Premium plugin v22.6 (Yoast SEO v27.6) - https:\/\/yoast.com\/product\/yoast-seo-premium-wordpress\/ -->\n<title>Rappereras (Porta Rap\u00e9) Ancestrina<\/title>\n<meta name=\"description\" content=\"Scopri le nostre tabacchiere artigianali, meticolosamente progettate per conservare e preservare il rap\u00e9 con rispetto e riverenza. Realizzate da esperti artigiani con materiali di alta qualit\u00e0, ogni tabacchiera \u00e8 un&#039;opera d&#039;arte che abbellisce qualsiasi spazio. Proteggono e valorizzano il tuo rap\u00e9 con eleganza, rendendo ogni momento di utilizzo significativo e sacro.\" \/>\n<meta name=\"robots\" content=\"index, follow, max-snippet:-1, max-image-preview:large, max-video-preview:-1\" \/>\n<link rel=\"canonical\" href=\"https:\/\/ancestrina.com\/it\/producto\/porta-rape\/\" \/>\n<meta property=\"og:locale\" content=\"it_IT\" \/>\n<meta property=\"og:type\" content=\"article\" \/>\n<meta property=\"og:title\" content=\"Rappereras (Porta Rap\u00e9)\" \/>\n<meta property=\"og:description\" content=\"Scopri le nostre tabacchiere artigianali, meticolosamente progettate per conservare e preservare il rap\u00e9 con rispetto e riverenza. Realizzate da esperti artigiani con materiali di alta qualit\u00e0, ogni tabacchiera \u00e8 un&#039;opera d&#039;arte che abbellisce qualsiasi spazio. Proteggono e valorizzano il tuo rap\u00e9 con eleganza, rendendo ogni momento di utilizzo significativo e sacro.\" \/>\n<meta property=\"og:url\" content=\"https:\/\/ancestrina.com\/it\/producto\/porta-rape\/\" \/>\n<meta property=\"og:site_name\" content=\"Ancestrina\" \/>\n<meta property=\"article:publisher\" content=\"https:\/\/www.facebook.com\/Ancestrina\/\" \/>\n<meta property=\"article:modified_time\" content=\"2026-05-15T12:53:19+00:00\" \/>\n<meta property=\"og:image\" content=\"https:\/\/ancestrina.com\/wp-content\/uploads\/rapereras.jpg\" \/>\n\t<meta property=\"og:image:width\" content=\"2048\" \/>\n\t<meta property=\"og:image:height\" content=\"2048\" \/>\n\t<meta property=\"og:image:type\" content=\"image\/jpeg\" \/>\n<meta name=\"twitter:card\" content=\"summary_large_image\" \/>\n<meta name=\"twitter:label1\" content=\"Tempo di lettura stimato\" \/>\n\t<meta name=\"twitter:data1\" content=\"1 minuto\" \/>\n<script type=\"application\/ld+json\" class=\"yoast-schema-graph\">{\"@context\":\"https:\\\/\\\/schema.org\",\"@graph\":[{\"@type\":\"WebPage\",\"@id\":\"https:\\\/\\\/ancestrina.com\\\/it\\\/producto\\\/porta-rape\\\/\",\"url\":\"https:\\\/\\\/ancestrina.com\\\/it\\\/producto\\\/porta-rape\\\/\",\"name\":\"Rappereras (Porta Rap\u00e9) Ancestrina\",\"isPartOf\":{\"@id\":\"https:\\\/\\\/ancestrina.com\\\/it\\\/#website\"},\"primaryImageOfPage\":{\"@id\":\"https:\\\/\\\/ancestrina.com\\\/it\\\/producto\\\/porta-rape\\\/#primaryimage\"},\"image\":{\"@id\":\"https:\\\/\\\/ancestrina.com\\\/it\\\/producto\\\/porta-rape\\\/#primaryimage\"},\"thumbnailUrl\":\"https:\\\/\\\/ancestrina.com\\\/wp-content\\\/uploads\\\/rapereras.jpg\",\"datePublished\":\"2020-08-06T23:57:24+00:00\",\"dateModified\":\"2026-05-15T12:53:19+00:00\",\"description\":\"Scopri le nostre tabacchiere artigianali, meticolosamente progettate per conservare e preservare il rap\u00e9 con rispetto e riverenza. Realizzate da esperti artigiani con materiali di alta qualit\u00e0, ogni tabacchiera \u00e8 un'opera d'arte che abbellisce qualsiasi spazio. Proteggono e valorizzano il tuo rap\u00e9 con eleganza, rendendo ogni momento di utilizzo significativo e sacro.\",\"breadcrumb\":{\"@id\":\"https:\\\/\\\/ancestrina.com\\\/it\\\/producto\\\/porta-rape\\\/#breadcrumb\"},\"inLanguage\":\"it-IT\",\"potentialAction\":[{\"@type\":\"ReadAction\",\"target\":[\"https:\\\/\\\/ancestrina.com\\\/it\\\/producto\\\/porta-rape\\\/\"]}]},{\"@type\":\"ImageObject\",\"inLanguage\":\"it-IT\",\"@id\":\"https:\\\/\\\/ancestrina.com\\\/it\\\/producto\\\/porta-rape\\\/#primaryimage\",\"url\":\"https:\\\/\\\/ancestrina.com\\\/wp-content\\\/uploads\\\/rapereras.jpg\",\"contentUrl\":\"https:\\\/\\\/ancestrina.com\\\/wp-content\\\/uploads\\\/rapereras.jpg\",\"width\":2048,\"height\":2048},{\"@type\":\"BreadcrumbList\",\"@id\":\"https:\\\/\\\/ancestrina.com\\\/it\\\/producto\\\/porta-rape\\\/#breadcrumb\",\"itemListElement\":[{\"@type\":\"ListItem\",\"position\":1,\"name\":\"Home\",\"item\":\"https:\\\/\\\/ancestrina.com\\\/it\\\/casa\\\/\"},{\"@type\":\"ListItem\",\"position\":2,\"name\":\"Negozio\",\"item\":\"https:\\\/\\\/ancestrina.com\\\/it\\\/negozio\\\/\"},{\"@type\":\"ListItem\",\"position\":3,\"name\":\"Rappereras (Porta Rap\u00e9)\"}]},{\"@type\":\"WebSite\",\"@id\":\"https:\\\/\\\/ancestrina.com\\\/it\\\/#website\",\"url\":\"https:\\\/\\\/ancestrina.com\\\/it\\\/\",\"name\":\"Ancestrina\",\"description\":\"Trabajamos experiencias con plantas maestras, terapias integradoras y cultos ancestrales\",\"publisher\":{\"@id\":\"https:\\\/\\\/ancestrina.com\\\/it\\\/#organization\"},\"potentialAction\":[{\"@type\":\"SearchAction\",\"target\":{\"@type\":\"EntryPoint\",\"urlTemplate\":\"https:\\\/\\\/ancestrina.com\\\/it\\\/?s={search_term_string}\"},\"query-input\":{\"@type\":\"PropertyValueSpecification\",\"valueRequired\":true,\"valueName\":\"search_term_string\"}}],\"inLanguage\":\"it-IT\"},{\"@type\":\"Organization\",\"@id\":\"https:\\\/\\\/ancestrina.com\\\/it\\\/#organization\",\"name\":\"Ancestrina\",\"url\":\"https:\\\/\\\/ancestrina.com\\\/it\\\/\",\"logo\":{\"@type\":\"ImageObject\",\"inLanguage\":\"it-IT\",\"@id\":\"https:\\\/\\\/ancestrina.com\\\/it\\\/#\\\/schema\\\/logo\\\/image\\\/\",\"url\":\"https:\\\/\\\/ancestrina.com\\\/wp-content\\\/uploads\\\/2020\\\/06\\\/cropped-LOGO-ANCESTRINA-1.png\",\"contentUrl\":\"https:\\\/\\\/ancestrina.com\\\/wp-content\\\/uploads\\\/2020\\\/06\\\/cropped-LOGO-ANCESTRINA-1.png\",\"width\":630,\"height\":202,\"caption\":\"Ancestrina\"},\"image\":{\"@id\":\"https:\\\/\\\/ancestrina.com\\\/it\\\/#\\\/schema\\\/logo\\\/image\\\/\"},\"sameAs\":[\"https:\\\/\\\/www.facebook.com\\\/Ancestrina\\\/\",\"https:\\\/\\\/www.instagram.com\\\/ancestrina\\\/\",\"https:\\\/\\\/www.youtube.com\\\/channel\\\/UCgtt6WFhEIVEI30PzxlOeIw\"]}]}<\/script>\n<!-- \/ Yoast SEO Premium plugin. -->","yoast_head_json":{"title":"Rappereras (Porta Rap\u00e9) Ancestrina","description":"Scopri le nostre tabacchiere artigianali, meticolosamente progettate per conservare e preservare il rap\u00e9 con rispetto e riverenza. Realizzate da esperti artigiani con materiali di alta qualit\u00e0, ogni tabacchiera \u00e8 un'opera d'arte che abbellisce qualsiasi spazio. Proteggono e valorizzano il tuo rap\u00e9 con eleganza, rendendo ogni momento di utilizzo significativo e sacro.","robots":{"index":"index","follow":"follow","max-snippet":"max-snippet:-1","max-image-preview":"max-image-preview:large","max-video-preview":"max-video-preview:-1"},"canonical":"https:\/\/ancestrina.com\/it\/producto\/porta-rape\/","og_locale":"it_IT","og_type":"article","og_title":"Rappereras (Porta Rap\u00e9)","og_description":"Scopri le nostre tabacchiere artigianali, meticolosamente progettate per conservare e preservare il rap\u00e9 con rispetto e riverenza. Realizzate da esperti artigiani con materiali di alta qualit\u00e0, ogni tabacchiera \u00e8 un'opera d'arte che abbellisce qualsiasi spazio. Proteggono e valorizzano il tuo rap\u00e9 con eleganza, rendendo ogni momento di utilizzo significativo e sacro.","og_url":"https:\/\/ancestrina.com\/it\/producto\/porta-rape\/","og_site_name":"Ancestrina","article_publisher":"https:\/\/www.facebook.com\/Ancestrina\/","article_modified_time":"2026-05-15T12:53:19+00:00","og_image":[{"width":2048,"height":2048,"url":"https:\/\/ancestrina.com\/wp-content\/uploads\/rapereras.jpg","type":"image\/jpeg"}],"twitter_card":"summary_large_image","twitter_misc":{"Tempo di lettura stimato":"1 minuto"},"schema":{"@context":"https:\/\/schema.org","@graph":[{"@type":"WebPage","@id":"https:\/\/ancestrina.com\/it\/producto\/porta-rape\/","url":"https:\/\/ancestrina.com\/it\/producto\/porta-rape\/","name":"Rappereras (Porta Rap\u00e9) Ancestrina","isPartOf":{"@id":"https:\/\/ancestrina.com\/it\/#website"},"primaryImageOfPage":{"@id":"https:\/\/ancestrina.com\/it\/producto\/porta-rape\/#primaryimage"},"image":{"@id":"https:\/\/ancestrina.com\/it\/producto\/porta-rape\/#primaryimage"},"thumbnailUrl":"https:\/\/ancestrina.com\/wp-content\/uploads\/rapereras.jpg","datePublished":"2020-08-06T23:57:24+00:00","dateModified":"2026-05-15T12:53:19+00:00","description":"Scopri le nostre tabacchiere artigianali, meticolosamente progettate per conservare e preservare il rap\u00e9 con rispetto e riverenza. Realizzate da esperti artigiani con materiali di alta qualit\u00e0, ogni tabacchiera \u00e8 un'opera d'arte che abbellisce qualsiasi spazio. Proteggono e valorizzano il tuo rap\u00e9 con eleganza, rendendo ogni momento di utilizzo significativo e sacro.","breadcrumb":{"@id":"https:\/\/ancestrina.com\/it\/producto\/porta-rape\/#breadcrumb"},"inLanguage":"it-IT","potentialAction":[{"@type":"ReadAction","target":["https:\/\/ancestrina.com\/it\/producto\/porta-rape\/"]}]},{"@type":"ImageObject","inLanguage":"it-IT","@id":"https:\/\/ancestrina.com\/it\/producto\/porta-rape\/#primaryimage","url":"https:\/\/ancestrina.com\/wp-content\/uploads\/rapereras.jpg","contentUrl":"https:\/\/ancestrina.com\/wp-content\/uploads\/rapereras.jpg","width":2048,"height":2048},{"@type":"BreadcrumbList","@id":"https:\/\/ancestrina.com\/it\/producto\/porta-rape\/#breadcrumb","itemListElement":[{"@type":"ListItem","position":1,"name":"Home","item":"https:\/\/ancestrina.com\/it\/casa\/"},{"@type":"ListItem","position":2,"name":"Negozio","item":"https:\/\/ancestrina.com\/it\/negozio\/"},{"@type":"ListItem","position":3,"name":"Rappereras (Porta Rap\u00e9)"}]},{"@type":"WebSite","@id":"https:\/\/ancestrina.com\/it\/#website","url":"https:\/\/ancestrina.com\/it\/","name":"Ancestrina","description":"Trabajamos experiencias con plantas maestras, terapias integradoras y cultos ancestrales","publisher":{"@id":"https:\/\/ancestrina.com\/it\/#organization"},"potentialAction":[{"@type":"SearchAction","target":{"@type":"EntryPoint","urlTemplate":"https:\/\/ancestrina.com\/it\/?s={search_term_string}"},"query-input":{"@type":"PropertyValueSpecification","valueRequired":true,"valueName":"search_term_string"}}],"inLanguage":"it-IT"},{"@type":"Organization","@id":"https:\/\/ancestrina.com\/it\/#organization","name":"Ancestrina","url":"https:\/\/ancestrina.com\/it\/","logo":{"@type":"ImageObject","inLanguage":"it-IT","@id":"https:\/\/ancestrina.com\/it\/#\/schema\/logo\/image\/","url":"https:\/\/ancestrina.com\/wp-content\/uploads\/2020\/06\/cropped-LOGO-ANCESTRINA-1.png","contentUrl":"https:\/\/ancestrina.com\/wp-content\/uploads\/2020\/06\/cropped-LOGO-ANCESTRINA-1.png","width":630,"height":202,"caption":"Ancestrina"},"image":{"@id":"https:\/\/ancestrina.com\/it\/#\/schema\/logo\/image\/"},"sameAs":["https:\/\/www.facebook.com\/Ancestrina\/","https:\/\/www.instagram.com\/ancestrina\/","https:\/\/www.youtube.com\/channel\/UCgtt6WFhEIVEI30PzxlOeIw"]}]}},"_links":{"self":[{"href":"https:\/\/ancestrina.com\/it\/wp-json\/wp\/v2\/product\/14773","targetHints":{"allow":["GET"]}}],"collection":[{"href":"https:\/\/ancestrina.com\/it\/wp-json\/wp\/v2\/product"}],"about":[{"href":"https:\/\/ancestrina.com\/it\/wp-json\/wp\/v2\/types\/product"}],"replies":[{"embeddable":true,"href":"https:\/\/ancestrina.com\/it\/wp-json\/wp\/v2\/comments?post=14773"}],"version-history":[{"count":2,"href":"https:\/\/ancestrina.com\/it\/wp-json\/wp\/v2\/product\/14773\/revisions"}],"predecessor-version":[{"id":37826,"href":"https:\/\/ancestrina.com\/it\/wp-json\/wp\/v2\/product\/14773\/revisions\/37826"}],"wp:featuredmedia":[{"embeddable":true,"href":"https:\/\/ancestrina.com\/it\/wp-json\/wp\/v2\/media\/35039"}],"wp:attachment":[{"href":"https:\/\/ancestrina.com\/it\/wp-json\/wp\/v2\/media?parent=14773"}],"wp:term":[{"taxonomy":"product_brand","embeddable":true,"href":"https:\/\/ancestrina.com\/it\/wp-json\/wp\/v2\/product_brand?post=14773"},{"taxonomy":"product_cat","embeddable":true,"href":"https:\/\/ancestrina.com\/it\/wp-json\/wp\/v2\/product_cat?post=14773"},{"taxonomy":"product_tag","embeddable":true,"href":"https:\/\/ancestrina.com\/it\/wp-json\/wp\/v2\/product_tag?post=14773"}],"curies":[{"name":"wp","href":"https:\/\/api.w.org\/{rel}","templated":true}]}}