{"id":14739,"date":"2020-08-07T00:33:49","date_gmt":"2020-08-07T00:33:49","guid":{"rendered":"http:\/\/ancestrina.com\/producto\/kit-5-rapes\/"},"modified":"2026-05-14T15:12:57","modified_gmt":"2026-05-14T20:12:57","slug":"kit-5-rape","status":"publish","type":"product","link":"https:\/\/ancestrina.com\/it\/producto\/kit-5-rape\/","title":{"rendered":"Cinque kit rap\u00e9"},"content":{"rendered":"<p>Immergetevi nell'universo della guarigione e della scoperta spirituale con il nostro Kit dei 5 Rap\u00e9, pensato appositamente per chi sente il richiamo profondo della medicina ancestrale. Questo kit \u00e8 il tuo invito a esplorare, attraverso l'intuizione e la connessione spirituale, i percorsi che ogni rap\u00e9 pu\u00f2 rivelare nel tuo essere.<\/p>\n<p><strong>Kit 5 pezzi di Rap\u00e9s: una selezione personalizzata per il vostro viaggio interiore<\/strong><\/p>\n<ul>\n<li><strong>Scopri il tuo sentiero:<\/strong> ogni rap\u00e9 contenuto in questo kit \u00e8 una porta verso diverse dimensioni di guarigione e coscienza. Scegliete intuitivamente quelli che risuonano con il vostro spirito e preparatevi a un viaggio di trasformazione.<\/li>\n<li>L<strong>&#8216;intuito come guida:<\/strong> fidati del tuo intuito per scegliere il rap\u00e9 giusto al momento giusto, dal dosaggio al metodo di applicazione. Lasciatevi guidare dalla medicina.<\/li>\n<li><strong>Versatilit\u00e0 e profondit\u00e0:<\/strong> con una scelta di cinque variet\u00e0, questo kit vi permette di lavorare su diversi aspetti del vostro essere, dalla purificazione e protezione al risveglio della coscienza.<\/li>\n<li><strong>Per principianti ed esperti:<\/strong> Sia che tu stia iniziando la tua esplorazione del rap\u00e9 o che tu sia gi\u00e0 un esperto viaggiatore spirituale, questo kit offre una ricca tavolozza di esperienze.<\/li>\n<\/ul>\n<p style=\"text-align: center;\">Impara i diversi <a style=\"color: #999999;\" href=\"https:\/\/ancestrina.com\/tipos-de-soplo\/\" target=\"_blank\" rel=\"noopener\">tipi di boccata<\/a> e trova quella pi\u00f9 adatta a te, nella nostra esperienza ogni tabacco da fiuto si adatta a te e una boccata diversa.<\/p>\n<p style=\"text-align: center;\"><em>Tutti i prodotti sono venduti solo come campioni botanici senza alcuna indicazione espressa o implicita per qualsiasi scopo o uso specifico. Tutte le informazioni fornite hanno uno scopo esclusivamente educativo, scientifico, etnografico e di ricerca storica.<\/em><\/p>\n<p><span style=\"color: #999999;\">Ogni bottiglia del kit contiene un grammo di rap\u00e9.<\/span><\/p>\n","protected":false},"excerpt":{"rendered":"<p style=\"text-align: center;\">Se hai visto tutti i diversi tipi di tabacco da fiuto e senti che pi\u00f9 di uno ti chiama, se vuoi includere nel tuo lavoro personale alcuni dei benefici che i diversi tipi di rap\u00e9 possono offrirti, questo kit \u00e8 un&#8217;ottima opzione per te. Puoi includere i 5 tipi di tabacco da fiuto che preferisci per permettere alla tua intuizione di lavorare anche con il rap\u00e9 che utilizzerai in un determinato momento. <\/p>\n<p><span style=\"color: #999999;\">*<em>Ogni flacone del kit contiene un grammo di rap\u00e9.<\/em><\/span><\/p>\n","protected":false},"featured_media":34832,"comment_status":"closed","ping_status":"closed","template":"","meta":{"order-bump-settings":[],"_wpfnl_thankyou_order_overview":"on","_wpfnl_thankyou_order_details":"on","_wpfnl_thankyou_billing_details":"on","_wpfnl_thankyou_shipping_details":"on","site-sidebar-layout":"no-sidebar","site-content-layout":"plain-container","ast-site-content-layout":"normal-width-container","site-content-style":"unboxed","site-sidebar-style":"unboxed","ast-global-header-display":"","ast-banner-title-visibility":"","ast-main-header-display":"","ast-hfb-above-header-display":"","ast-hfb-below-header-display":"","ast-hfb-mobile-header-display":"","site-post-title":"","ast-breadcrumbs-content":"","ast-featured-img":"","footer-sml-layout":"","ast-disable-related-posts":"","theme-transparent-header-meta":"disabled","adv-header-id-meta":"","stick-header-meta":"","header-above-stick-meta":"","header-main-stick-meta":"","header-below-stick-meta":"","astra-migrate-meta-layouts":"default","ast-page-background-enabled":"default","ast-page-background-meta":{"desktop":{"background-color":"","background-image":"","background-repeat":"repeat","background-position":"center center","background-size":"auto","background-attachment":"scroll","background-type":"","background-media":"","overlay-type":"","overlay-color":"","overlay-opacity":"","overlay-gradient":""},"tablet":{"background-color":"","background-image":"","background-repeat":"repeat","background-position":"center center","background-size":"auto","background-attachment":"scroll","background-type":"","background-media":"","overlay-type":"","overlay-color":"","overlay-opacity":"","overlay-gradient":""},"mobile":{"background-color":"","background-image":"","background-repeat":"repeat","background-position":"center center","background-size":"auto","background-attachment":"scroll","background-type":"","background-media":"","overlay-type":"","overlay-color":"","overlay-opacity":"","overlay-gradient":""}},"ast-content-background-meta":{"desktop":{"background-color":"var(--ast-global-color-5)","background-image":"","background-repeat":"repeat","background-position":"center center","background-size":"auto","background-attachment":"scroll","background-type":"","background-media":"","overlay-type":"","overlay-color":"","overlay-opacity":"","overlay-gradient":""},"tablet":{"background-color":"var(--ast-global-color-5)","background-image":"","background-repeat":"repeat","background-position":"center center","background-size":"auto","background-attachment":"scroll","background-type":"","background-media":"","overlay-type":"","overlay-color":"","overlay-opacity":"","overlay-gradient":""},"mobile":{"background-color":"var(--ast-global-color-5)","background-image":"","background-repeat":"repeat","background-position":"center center","background-size":"auto","background-attachment":"scroll","background-type":"","background-media":"","overlay-type":"","overlay-color":"","overlay-opacity":"","overlay-gradient":""}},"_joinchat":[]},"product_brand":[],"product_cat":[555],"product_tag":[],"class_list":{"0":"post-14739","1":"product","2":"type-product","3":"status-publish","4":"has-post-thumbnail","6":"product_cat-rape-kit-it","7":"desktop-align-center","8":"tablet-align-left","9":"mobile-align-left","11":"first","12":"instock","13":"shipping-taxable","14":"purchasable","15":"product-type-simple"},"yoast_head":"<!-- This site is optimized with the Yoast SEO Premium plugin v22.6 (Yoast SEO v27.6) - https:\/\/yoast.com\/product\/yoast-seo-premium-wordpress\/ -->\n<title>Cinque kit rap\u00e9 Ancestrina<\/title>\n<meta name=\"description\" content=\"Immergiti nell&#039;universo della guarigione e della scoperta spirituale con il nostro Kit dei 5 Snuff, progettato per esplorare intuitivamente i percorsi di ogni rap\u00e9 nel tuo essere. Scopri il tuo percorso di guarigione e consapevolezza, fidandoti della tua intuizione per scegliere il rap\u00e9 giusto al momento giusto. Ideale per principianti e praticanti esperti, questo kit offre un&#039;esperienza trasformativa e versatile.\" \/>\n<meta name=\"robots\" content=\"index, follow, max-snippet:-1, max-image-preview:large, max-video-preview:-1\" \/>\n<link rel=\"canonical\" href=\"https:\/\/ancestrina.com\/it\/producto\/kit-5-rape\/\" \/>\n<meta property=\"og:locale\" content=\"it_IT\" \/>\n<meta property=\"og:type\" content=\"article\" \/>\n<meta property=\"og:title\" content=\"Cinque kit rap\u00e9\" \/>\n<meta property=\"og:description\" content=\"Immergiti nell&#039;universo della guarigione e della scoperta spirituale con il nostro Kit dei 5 Snuff, progettato per esplorare intuitivamente i percorsi di ogni rap\u00e9 nel tuo essere. Scopri il tuo percorso di guarigione e consapevolezza, fidandoti della tua intuizione per scegliere il rap\u00e9 giusto al momento giusto. Ideale per principianti e praticanti esperti, questo kit offre un&#039;esperienza trasformativa e versatile.\" \/>\n<meta property=\"og:url\" content=\"https:\/\/ancestrina.com\/it\/producto\/kit-5-rape\/\" \/>\n<meta property=\"og:site_name\" content=\"Ancestrina\" \/>\n<meta property=\"article:publisher\" content=\"https:\/\/www.facebook.com\/Ancestrina\/\" \/>\n<meta property=\"article:modified_time\" content=\"2026-05-14T20:12:57+00:00\" \/>\n<meta property=\"og:image\" content=\"https:\/\/ancestrina.com\/wp-content\/uploads\/kit-de-5.jpg\" \/>\n\t<meta property=\"og:image:width\" content=\"2048\" \/>\n\t<meta property=\"og:image:height\" content=\"2048\" \/>\n\t<meta property=\"og:image:type\" content=\"image\/jpeg\" \/>\n<meta name=\"twitter:card\" content=\"summary_large_image\" \/>\n<meta name=\"twitter:label1\" content=\"Tempo di lettura stimato\" \/>\n\t<meta name=\"twitter:data1\" content=\"1 minuto\" \/>\n<script type=\"application\/ld+json\" class=\"yoast-schema-graph\">{\"@context\":\"https:\\\/\\\/schema.org\",\"@graph\":[{\"@type\":\"WebPage\",\"@id\":\"https:\\\/\\\/ancestrina.com\\\/it\\\/producto\\\/kit-5-rape\\\/\",\"url\":\"https:\\\/\\\/ancestrina.com\\\/it\\\/producto\\\/kit-5-rape\\\/\",\"name\":\"Cinque kit rap\u00e9 Ancestrina\",\"isPartOf\":{\"@id\":\"https:\\\/\\\/ancestrina.com\\\/it\\\/#website\"},\"primaryImageOfPage\":{\"@id\":\"https:\\\/\\\/ancestrina.com\\\/it\\\/producto\\\/kit-5-rape\\\/#primaryimage\"},\"image\":{\"@id\":\"https:\\\/\\\/ancestrina.com\\\/it\\\/producto\\\/kit-5-rape\\\/#primaryimage\"},\"thumbnailUrl\":\"https:\\\/\\\/ancestrina.com\\\/wp-content\\\/uploads\\\/kit-de-5.jpg\",\"datePublished\":\"2020-08-07T00:33:49+00:00\",\"dateModified\":\"2026-05-14T20:12:57+00:00\",\"description\":\"Immergiti nell'universo della guarigione e della scoperta spirituale con il nostro Kit dei 5 Snuff, progettato per esplorare intuitivamente i percorsi di ogni rap\u00e9 nel tuo essere. Scopri il tuo percorso di guarigione e consapevolezza, fidandoti della tua intuizione per scegliere il rap\u00e9 giusto al momento giusto. Ideale per principianti e praticanti esperti, questo kit offre un'esperienza trasformativa e versatile.\",\"breadcrumb\":{\"@id\":\"https:\\\/\\\/ancestrina.com\\\/it\\\/producto\\\/kit-5-rape\\\/#breadcrumb\"},\"inLanguage\":\"it-IT\",\"potentialAction\":[{\"@type\":\"ReadAction\",\"target\":[\"https:\\\/\\\/ancestrina.com\\\/it\\\/producto\\\/kit-5-rape\\\/\"]}]},{\"@type\":\"ImageObject\",\"inLanguage\":\"it-IT\",\"@id\":\"https:\\\/\\\/ancestrina.com\\\/it\\\/producto\\\/kit-5-rape\\\/#primaryimage\",\"url\":\"https:\\\/\\\/ancestrina.com\\\/wp-content\\\/uploads\\\/kit-de-5.jpg\",\"contentUrl\":\"https:\\\/\\\/ancestrina.com\\\/wp-content\\\/uploads\\\/kit-de-5.jpg\",\"width\":2048,\"height\":2048},{\"@type\":\"BreadcrumbList\",\"@id\":\"https:\\\/\\\/ancestrina.com\\\/it\\\/producto\\\/kit-5-rape\\\/#breadcrumb\",\"itemListElement\":[{\"@type\":\"ListItem\",\"position\":1,\"name\":\"Home\",\"item\":\"https:\\\/\\\/ancestrina.com\\\/it\\\/casa\\\/\"},{\"@type\":\"ListItem\",\"position\":2,\"name\":\"Negozio\",\"item\":\"https:\\\/\\\/ancestrina.com\\\/it\\\/negozio\\\/\"},{\"@type\":\"ListItem\",\"position\":3,\"name\":\"Cinque kit rap\u00e9\"}]},{\"@type\":\"WebSite\",\"@id\":\"https:\\\/\\\/ancestrina.com\\\/it\\\/#website\",\"url\":\"https:\\\/\\\/ancestrina.com\\\/it\\\/\",\"name\":\"Ancestrina\",\"description\":\"Trabajamos experiencias con plantas maestras, terapias integradoras y cultos ancestrales\",\"publisher\":{\"@id\":\"https:\\\/\\\/ancestrina.com\\\/it\\\/#organization\"},\"potentialAction\":[{\"@type\":\"SearchAction\",\"target\":{\"@type\":\"EntryPoint\",\"urlTemplate\":\"https:\\\/\\\/ancestrina.com\\\/it\\\/?s={search_term_string}\"},\"query-input\":{\"@type\":\"PropertyValueSpecification\",\"valueRequired\":true,\"valueName\":\"search_term_string\"}}],\"inLanguage\":\"it-IT\"},{\"@type\":\"Organization\",\"@id\":\"https:\\\/\\\/ancestrina.com\\\/it\\\/#organization\",\"name\":\"Ancestrina\",\"url\":\"https:\\\/\\\/ancestrina.com\\\/it\\\/\",\"logo\":{\"@type\":\"ImageObject\",\"inLanguage\":\"it-IT\",\"@id\":\"https:\\\/\\\/ancestrina.com\\\/it\\\/#\\\/schema\\\/logo\\\/image\\\/\",\"url\":\"https:\\\/\\\/ancestrina.com\\\/wp-content\\\/uploads\\\/2020\\\/06\\\/cropped-LOGO-ANCESTRINA-1.png\",\"contentUrl\":\"https:\\\/\\\/ancestrina.com\\\/wp-content\\\/uploads\\\/2020\\\/06\\\/cropped-LOGO-ANCESTRINA-1.png\",\"width\":630,\"height\":202,\"caption\":\"Ancestrina\"},\"image\":{\"@id\":\"https:\\\/\\\/ancestrina.com\\\/it\\\/#\\\/schema\\\/logo\\\/image\\\/\"},\"sameAs\":[\"https:\\\/\\\/www.facebook.com\\\/Ancestrina\\\/\",\"https:\\\/\\\/www.instagram.com\\\/ancestrina\\\/\",\"https:\\\/\\\/www.youtube.com\\\/channel\\\/UCgtt6WFhEIVEI30PzxlOeIw\"]}]}<\/script>\n<!-- \/ Yoast SEO Premium plugin. -->","yoast_head_json":{"title":"Cinque kit rap\u00e9 Ancestrina","description":"Immergiti nell'universo della guarigione e della scoperta spirituale con il nostro Kit dei 5 Snuff, progettato per esplorare intuitivamente i percorsi di ogni rap\u00e9 nel tuo essere. Scopri il tuo percorso di guarigione e consapevolezza, fidandoti della tua intuizione per scegliere il rap\u00e9 giusto al momento giusto. Ideale per principianti e praticanti esperti, questo kit offre un'esperienza trasformativa e versatile.","robots":{"index":"index","follow":"follow","max-snippet":"max-snippet:-1","max-image-preview":"max-image-preview:large","max-video-preview":"max-video-preview:-1"},"canonical":"https:\/\/ancestrina.com\/it\/producto\/kit-5-rape\/","og_locale":"it_IT","og_type":"article","og_title":"Cinque kit rap\u00e9","og_description":"Immergiti nell'universo della guarigione e della scoperta spirituale con il nostro Kit dei 5 Snuff, progettato per esplorare intuitivamente i percorsi di ogni rap\u00e9 nel tuo essere. Scopri il tuo percorso di guarigione e consapevolezza, fidandoti della tua intuizione per scegliere il rap\u00e9 giusto al momento giusto. Ideale per principianti e praticanti esperti, questo kit offre un'esperienza trasformativa e versatile.","og_url":"https:\/\/ancestrina.com\/it\/producto\/kit-5-rape\/","og_site_name":"Ancestrina","article_publisher":"https:\/\/www.facebook.com\/Ancestrina\/","article_modified_time":"2026-05-14T20:12:57+00:00","og_image":[{"width":2048,"height":2048,"url":"https:\/\/ancestrina.com\/wp-content\/uploads\/kit-de-5.jpg","type":"image\/jpeg"}],"twitter_card":"summary_large_image","twitter_misc":{"Tempo di lettura stimato":"1 minuto"},"schema":{"@context":"https:\/\/schema.org","@graph":[{"@type":"WebPage","@id":"https:\/\/ancestrina.com\/it\/producto\/kit-5-rape\/","url":"https:\/\/ancestrina.com\/it\/producto\/kit-5-rape\/","name":"Cinque kit rap\u00e9 Ancestrina","isPartOf":{"@id":"https:\/\/ancestrina.com\/it\/#website"},"primaryImageOfPage":{"@id":"https:\/\/ancestrina.com\/it\/producto\/kit-5-rape\/#primaryimage"},"image":{"@id":"https:\/\/ancestrina.com\/it\/producto\/kit-5-rape\/#primaryimage"},"thumbnailUrl":"https:\/\/ancestrina.com\/wp-content\/uploads\/kit-de-5.jpg","datePublished":"2020-08-07T00:33:49+00:00","dateModified":"2026-05-14T20:12:57+00:00","description":"Immergiti nell'universo della guarigione e della scoperta spirituale con il nostro Kit dei 5 Snuff, progettato per esplorare intuitivamente i percorsi di ogni rap\u00e9 nel tuo essere. Scopri il tuo percorso di guarigione e consapevolezza, fidandoti della tua intuizione per scegliere il rap\u00e9 giusto al momento giusto. Ideale per principianti e praticanti esperti, questo kit offre un'esperienza trasformativa e versatile.","breadcrumb":{"@id":"https:\/\/ancestrina.com\/it\/producto\/kit-5-rape\/#breadcrumb"},"inLanguage":"it-IT","potentialAction":[{"@type":"ReadAction","target":["https:\/\/ancestrina.com\/it\/producto\/kit-5-rape\/"]}]},{"@type":"ImageObject","inLanguage":"it-IT","@id":"https:\/\/ancestrina.com\/it\/producto\/kit-5-rape\/#primaryimage","url":"https:\/\/ancestrina.com\/wp-content\/uploads\/kit-de-5.jpg","contentUrl":"https:\/\/ancestrina.com\/wp-content\/uploads\/kit-de-5.jpg","width":2048,"height":2048},{"@type":"BreadcrumbList","@id":"https:\/\/ancestrina.com\/it\/producto\/kit-5-rape\/#breadcrumb","itemListElement":[{"@type":"ListItem","position":1,"name":"Home","item":"https:\/\/ancestrina.com\/it\/casa\/"},{"@type":"ListItem","position":2,"name":"Negozio","item":"https:\/\/ancestrina.com\/it\/negozio\/"},{"@type":"ListItem","position":3,"name":"Cinque kit rap\u00e9"}]},{"@type":"WebSite","@id":"https:\/\/ancestrina.com\/it\/#website","url":"https:\/\/ancestrina.com\/it\/","name":"Ancestrina","description":"Trabajamos experiencias con plantas maestras, terapias integradoras y cultos ancestrales","publisher":{"@id":"https:\/\/ancestrina.com\/it\/#organization"},"potentialAction":[{"@type":"SearchAction","target":{"@type":"EntryPoint","urlTemplate":"https:\/\/ancestrina.com\/it\/?s={search_term_string}"},"query-input":{"@type":"PropertyValueSpecification","valueRequired":true,"valueName":"search_term_string"}}],"inLanguage":"it-IT"},{"@type":"Organization","@id":"https:\/\/ancestrina.com\/it\/#organization","name":"Ancestrina","url":"https:\/\/ancestrina.com\/it\/","logo":{"@type":"ImageObject","inLanguage":"it-IT","@id":"https:\/\/ancestrina.com\/it\/#\/schema\/logo\/image\/","url":"https:\/\/ancestrina.com\/wp-content\/uploads\/2020\/06\/cropped-LOGO-ANCESTRINA-1.png","contentUrl":"https:\/\/ancestrina.com\/wp-content\/uploads\/2020\/06\/cropped-LOGO-ANCESTRINA-1.png","width":630,"height":202,"caption":"Ancestrina"},"image":{"@id":"https:\/\/ancestrina.com\/it\/#\/schema\/logo\/image\/"},"sameAs":["https:\/\/www.facebook.com\/Ancestrina\/","https:\/\/www.instagram.com\/ancestrina\/","https:\/\/www.youtube.com\/channel\/UCgtt6WFhEIVEI30PzxlOeIw"]}]}},"_links":{"self":[{"href":"https:\/\/ancestrina.com\/it\/wp-json\/wp\/v2\/product\/14739","targetHints":{"allow":["GET"]}}],"collection":[{"href":"https:\/\/ancestrina.com\/it\/wp-json\/wp\/v2\/product"}],"about":[{"href":"https:\/\/ancestrina.com\/it\/wp-json\/wp\/v2\/types\/product"}],"replies":[{"embeddable":true,"href":"https:\/\/ancestrina.com\/it\/wp-json\/wp\/v2\/comments?post=14739"}],"version-history":[{"count":2,"href":"https:\/\/ancestrina.com\/it\/wp-json\/wp\/v2\/product\/14739\/revisions"}],"predecessor-version":[{"id":37827,"href":"https:\/\/ancestrina.com\/it\/wp-json\/wp\/v2\/product\/14739\/revisions\/37827"}],"wp:featuredmedia":[{"embeddable":true,"href":"https:\/\/ancestrina.com\/it\/wp-json\/wp\/v2\/media\/34832"}],"wp:attachment":[{"href":"https:\/\/ancestrina.com\/it\/wp-json\/wp\/v2\/media?parent=14739"}],"wp:term":[{"taxonomy":"product_brand","embeddable":true,"href":"https:\/\/ancestrina.com\/it\/wp-json\/wp\/v2\/product_brand?post=14739"},{"taxonomy":"product_cat","embeddable":true,"href":"https:\/\/ancestrina.com\/it\/wp-json\/wp\/v2\/product_cat?post=14739"},{"taxonomy":"product_tag","embeddable":true,"href":"https:\/\/ancestrina.com\/it\/wp-json\/wp\/v2\/product_tag?post=14739"}],"curies":[{"name":"wp","href":"https:\/\/api.w.org\/{rel}","templated":true}]}}