{"id":14736,"date":"2021-01-19T20:12:16","date_gmt":"2021-01-19T20:12:16","guid":{"rendered":"http:\/\/ancestrina.com\/producto\/rape-mulungu\/"},"modified":"2026-05-16T05:11:11","modified_gmt":"2026-05-16T10:11:11","slug":"rape-mulungu","status":"publish","type":"product","link":"https:\/\/ancestrina.com\/it\/producto\/rape-mulungu\/","title":{"rendered":"Mulungu"},"content":{"rendered":"<p>Scoprite il potere curativo del Rap\u00e9 Mulungu, una pianta venerata nella medicina tradizionale brasiliana per il suo notevole impatto sulla salute emotiva e sul benessere mentale. Questo rap\u00e9 \u00e8 particolarmente apprezzato per la sua capacit\u00e0 di armonizzare il chakra sacrale e il plesso solare, centri energetici essenziali per la stabilit\u00e0 emotiva e la fiducia in se stessi.<\/p>\n<p>Il Mulungu Rap\u00e9 non cerca solo di alleviare i sintomi temporanei, ma si concentra sull'andare alla radice di emozioni profonde e disturbanti. Interagendo con i neurotrasmettitori legati all'umore, come la serotonina, questo rap\u00e9 aiuta a ripristinare l'equilibrio emotivo e a promuovere un senso di pace interiore.<\/p>\n<p><strong>Propriet\u00e0 terapeutiche del Mulungu Rap\u00e9:<\/strong><\/p>\n<ul>\n<li><strong>Antidepressivo naturale:<\/strong> contribuisce ad aumentare i livelli di serotonina, migliorando l'umore e combattendo la depressione.<\/li>\n<li><strong>Stabilizzatore emotivo:<\/strong> sbloccando e riequilibrando il chakra sacrale e il plesso solare, migliora l'autostima e riduce lo scoraggiamento.<\/li>\n<\/ul>\n<p><strong>Ideale per:<\/strong><\/p>\n<ul>\n<li><strong>Persone che sperimentano sconforto o tristezza profonda:<\/strong> ideale per chi cerca un modo naturale e profondo per comprendere e trattare le cause alla base del proprio disagio emotivo.<\/li>\n<li><strong>Individui in cerca di equilibrio emotivo:<\/strong> eccellente per le persone che si sentono emotivamente squilibrate e che cercano una maggiore stabilit\u00e0 e pace interiore.<\/li>\n<\/ul>\n<p>Il Mulungu Rap\u00e9 \u00e8 pi\u00f9 di un semplice trattamento: \u00e8 uno strumento di meditazione che invita a esplorare e risolvere la profondit\u00e0 delle emozioni per evitare di scivolare in futuro in stati di tristezza o depressione. Integrando questo rap\u00e9 nella tua pratica di benessere, intraprenderai un viaggio trasformativo verso una guarigione emotiva pi\u00f9 profonda e duratura.<\/p>\n","protected":false},"excerpt":{"rendered":"<p>Scopri il potere trasformativo del rap\u00e9 Mulungu, un elisir sacro progettato per superare la depressione e ripristinare l&#8217;equilibrio emotivo. Questo rap\u00e9 ti aiuta a identificare i legami emotivi con il passato che ti impediscono di essere felice, permettendoti di trascenderli. Ideale per chi \u00e8 alla ricerca di una vera guarigione emotiva, il rap\u00e9 Mulungu non solo allevia la tristezza, ma ti guida verso una comprensione pi\u00f9 profonda di ci\u00f2 che ti blocca, facilitando una liberazione autentica e duratura.  <\/p>\n","protected":false},"featured_media":34930,"comment_status":"closed","ping_status":"closed","template":"","meta":{"order-bump-settings":[],"_wpfnl_thankyou_order_overview":"on","_wpfnl_thankyou_order_details":"on","_wpfnl_thankyou_billing_details":"on","_wpfnl_thankyou_shipping_details":"on","site-sidebar-layout":"default","site-content-layout":"plain-container","ast-site-content-layout":"normal-width-container","site-content-style":"unboxed","site-sidebar-style":"unboxed","ast-global-header-display":"","ast-banner-title-visibility":"","ast-main-header-display":"","ast-hfb-above-header-display":"","ast-hfb-below-header-display":"","ast-hfb-mobile-header-display":"","site-post-title":"","ast-breadcrumbs-content":"","ast-featured-img":"","footer-sml-layout":"","ast-disable-related-posts":"","theme-transparent-header-meta":"disabled","adv-header-id-meta":"","stick-header-meta":"","header-above-stick-meta":"","header-main-stick-meta":"","header-below-stick-meta":"","astra-migrate-meta-layouts":"default","ast-page-background-enabled":"default","ast-page-background-meta":{"desktop":{"background-color":"","background-image":"","background-repeat":"repeat","background-position":"center center","background-size":"auto","background-attachment":"scroll","background-type":"","background-media":"","overlay-type":"","overlay-color":"","overlay-opacity":"","overlay-gradient":""},"tablet":{"background-color":"","background-image":"","background-repeat":"repeat","background-position":"center center","background-size":"auto","background-attachment":"scroll","background-type":"","background-media":"","overlay-type":"","overlay-color":"","overlay-opacity":"","overlay-gradient":""},"mobile":{"background-color":"","background-image":"","background-repeat":"repeat","background-position":"center center","background-size":"auto","background-attachment":"scroll","background-type":"","background-media":"","overlay-type":"","overlay-color":"","overlay-opacity":"","overlay-gradient":""}},"ast-content-background-meta":{"desktop":{"background-color":"var(--ast-global-color-5)","background-image":"","background-repeat":"repeat","background-position":"center center","background-size":"auto","background-attachment":"scroll","background-type":"","background-media":"","overlay-type":"","overlay-color":"","overlay-opacity":"","overlay-gradient":""},"tablet":{"background-color":"var(--ast-global-color-5)","background-image":"","background-repeat":"repeat","background-position":"center center","background-size":"auto","background-attachment":"scroll","background-type":"","background-media":"","overlay-type":"","overlay-color":"","overlay-opacity":"","overlay-gradient":""},"mobile":{"background-color":"var(--ast-global-color-5)","background-image":"","background-repeat":"repeat","background-position":"center center","background-size":"auto","background-attachment":"scroll","background-type":"","background-media":"","overlay-type":"","overlay-color":"","overlay-opacity":"","overlay-gradient":""}},"_joinchat":[]},"product_brand":[],"product_cat":[552],"product_tag":[],"class_list":{"0":"post-14736","1":"product","2":"type-product","3":"status-publish","4":"has-post-thumbnail","6":"product_cat-rape-it","7":"desktop-align-center","8":"tablet-align-left","9":"mobile-align-left","11":"first","12":"instock","13":"shipping-taxable","14":"purchasable","15":"product-type-variable"},"yoast_head":"<!-- This site is optimized with the Yoast SEO Premium plugin v22.6 (Yoast SEO v27.6) - https:\/\/yoast.com\/product\/yoast-seo-premium-wordpress\/ -->\n<title>Il rap\u00e9 Mulungu per superare la depressione e avere un equilibrio emotivo<\/title>\n<meta name=\"description\" content=\"Scopri il potere curativo del Mulungu Rap\u00e9, uno strumento di meditazione che aiuta a bilanciare il chakra sacrale e il plesso solare, promuovendo la stabilit\u00e0 emotiva e la fiducia in se stessi. Ideale per chi cerca di alleviare la tristezza profonda e trovare una maggiore pace interiore.\" \/>\n<meta name=\"robots\" content=\"index, follow, max-snippet:-1, max-image-preview:large, max-video-preview:-1\" \/>\n<link rel=\"canonical\" href=\"https:\/\/ancestrina.com\/it\/producto\/rape-mulungu\/\" \/>\n<meta property=\"og:locale\" content=\"it_IT\" \/>\n<meta property=\"og:type\" content=\"article\" \/>\n<meta property=\"og:title\" content=\"Mulungu\" \/>\n<meta property=\"og:description\" content=\"Scopri il potere curativo del Mulungu Rap\u00e9, uno strumento di meditazione che aiuta a bilanciare il chakra sacrale e il plesso solare, promuovendo la stabilit\u00e0 emotiva e la fiducia in se stessi. Ideale per chi cerca di alleviare la tristezza profonda e trovare una maggiore pace interiore.\" \/>\n<meta property=\"og:url\" content=\"https:\/\/ancestrina.com\/it\/producto\/rape-mulungu\/\" \/>\n<meta property=\"og:site_name\" content=\"Ancestrina\" \/>\n<meta property=\"article:publisher\" content=\"https:\/\/www.facebook.com\/Ancestrina\/\" \/>\n<meta property=\"article:modified_time\" content=\"2026-05-16T10:11:11+00:00\" \/>\n<meta property=\"og:image\" content=\"https:\/\/ancestrina.com\/wp-content\/uploads\/Mulungu.jpg\" \/>\n\t<meta property=\"og:image:width\" content=\"2048\" \/>\n\t<meta property=\"og:image:height\" content=\"2048\" \/>\n\t<meta property=\"og:image:type\" content=\"image\/jpeg\" \/>\n<meta name=\"twitter:card\" content=\"summary_large_image\" \/>\n<meta name=\"twitter:label1\" content=\"Tempo di lettura stimato\" \/>\n\t<meta name=\"twitter:data1\" content=\"1 minuto\" \/>\n<script type=\"application\/ld+json\" class=\"yoast-schema-graph\">{\"@context\":\"https:\\\/\\\/schema.org\",\"@graph\":[{\"@type\":\"WebPage\",\"@id\":\"https:\\\/\\\/ancestrina.com\\\/it\\\/producto\\\/rape-mulungu\\\/\",\"url\":\"https:\\\/\\\/ancestrina.com\\\/it\\\/producto\\\/rape-mulungu\\\/\",\"name\":\"Il rap\u00e9 Mulungu per superare la depressione e avere un equilibrio emotivo\",\"isPartOf\":{\"@id\":\"https:\\\/\\\/ancestrina.com\\\/it\\\/#website\"},\"primaryImageOfPage\":{\"@id\":\"https:\\\/\\\/ancestrina.com\\\/it\\\/producto\\\/rape-mulungu\\\/#primaryimage\"},\"image\":{\"@id\":\"https:\\\/\\\/ancestrina.com\\\/it\\\/producto\\\/rape-mulungu\\\/#primaryimage\"},\"thumbnailUrl\":\"https:\\\/\\\/ancestrina.com\\\/wp-content\\\/uploads\\\/Mulungu.jpg\",\"datePublished\":\"2021-01-19T20:12:16+00:00\",\"dateModified\":\"2026-05-16T10:11:11+00:00\",\"description\":\"Scopri il potere curativo del Mulungu Rap\u00e9, uno strumento di meditazione che aiuta a bilanciare il chakra sacrale e il plesso solare, promuovendo la stabilit\u00e0 emotiva e la fiducia in se stessi. Ideale per chi cerca di alleviare la tristezza profonda e trovare una maggiore pace interiore.\",\"breadcrumb\":{\"@id\":\"https:\\\/\\\/ancestrina.com\\\/it\\\/producto\\\/rape-mulungu\\\/#breadcrumb\"},\"inLanguage\":\"it-IT\",\"potentialAction\":[{\"@type\":\"ReadAction\",\"target\":[\"https:\\\/\\\/ancestrina.com\\\/it\\\/producto\\\/rape-mulungu\\\/\"]}]},{\"@type\":\"ImageObject\",\"inLanguage\":\"it-IT\",\"@id\":\"https:\\\/\\\/ancestrina.com\\\/it\\\/producto\\\/rape-mulungu\\\/#primaryimage\",\"url\":\"https:\\\/\\\/ancestrina.com\\\/wp-content\\\/uploads\\\/Mulungu.jpg\",\"contentUrl\":\"https:\\\/\\\/ancestrina.com\\\/wp-content\\\/uploads\\\/Mulungu.jpg\",\"width\":2048,\"height\":2048},{\"@type\":\"BreadcrumbList\",\"@id\":\"https:\\\/\\\/ancestrina.com\\\/it\\\/producto\\\/rape-mulungu\\\/#breadcrumb\",\"itemListElement\":[{\"@type\":\"ListItem\",\"position\":1,\"name\":\"Home\",\"item\":\"https:\\\/\\\/ancestrina.com\\\/it\\\/casa\\\/\"},{\"@type\":\"ListItem\",\"position\":2,\"name\":\"Negozio\",\"item\":\"https:\\\/\\\/ancestrina.com\\\/it\\\/negozio\\\/\"},{\"@type\":\"ListItem\",\"position\":3,\"name\":\"Mulungu\"}]},{\"@type\":\"WebSite\",\"@id\":\"https:\\\/\\\/ancestrina.com\\\/it\\\/#website\",\"url\":\"https:\\\/\\\/ancestrina.com\\\/it\\\/\",\"name\":\"Ancestrina\",\"description\":\"Trabajamos experiencias con plantas maestras, terapias integradoras y cultos ancestrales\",\"publisher\":{\"@id\":\"https:\\\/\\\/ancestrina.com\\\/it\\\/#organization\"},\"potentialAction\":[{\"@type\":\"SearchAction\",\"target\":{\"@type\":\"EntryPoint\",\"urlTemplate\":\"https:\\\/\\\/ancestrina.com\\\/it\\\/?s={search_term_string}\"},\"query-input\":{\"@type\":\"PropertyValueSpecification\",\"valueRequired\":true,\"valueName\":\"search_term_string\"}}],\"inLanguage\":\"it-IT\"},{\"@type\":\"Organization\",\"@id\":\"https:\\\/\\\/ancestrina.com\\\/it\\\/#organization\",\"name\":\"Ancestrina\",\"url\":\"https:\\\/\\\/ancestrina.com\\\/it\\\/\",\"logo\":{\"@type\":\"ImageObject\",\"inLanguage\":\"it-IT\",\"@id\":\"https:\\\/\\\/ancestrina.com\\\/it\\\/#\\\/schema\\\/logo\\\/image\\\/\",\"url\":\"https:\\\/\\\/ancestrina.com\\\/wp-content\\\/uploads\\\/2020\\\/06\\\/cropped-LOGO-ANCESTRINA-1.png\",\"contentUrl\":\"https:\\\/\\\/ancestrina.com\\\/wp-content\\\/uploads\\\/2020\\\/06\\\/cropped-LOGO-ANCESTRINA-1.png\",\"width\":630,\"height\":202,\"caption\":\"Ancestrina\"},\"image\":{\"@id\":\"https:\\\/\\\/ancestrina.com\\\/it\\\/#\\\/schema\\\/logo\\\/image\\\/\"},\"sameAs\":[\"https:\\\/\\\/www.facebook.com\\\/Ancestrina\\\/\",\"https:\\\/\\\/www.instagram.com\\\/ancestrina\\\/\",\"https:\\\/\\\/www.youtube.com\\\/channel\\\/UCgtt6WFhEIVEI30PzxlOeIw\"]}]}<\/script>\n<!-- \/ Yoast SEO Premium plugin. -->","yoast_head_json":{"title":"Il rap\u00e9 Mulungu per superare la depressione e avere un equilibrio emotivo","description":"Scopri il potere curativo del Mulungu Rap\u00e9, uno strumento di meditazione che aiuta a bilanciare il chakra sacrale e il plesso solare, promuovendo la stabilit\u00e0 emotiva e la fiducia in se stessi. Ideale per chi cerca di alleviare la tristezza profonda e trovare una maggiore pace interiore.","robots":{"index":"index","follow":"follow","max-snippet":"max-snippet:-1","max-image-preview":"max-image-preview:large","max-video-preview":"max-video-preview:-1"},"canonical":"https:\/\/ancestrina.com\/it\/producto\/rape-mulungu\/","og_locale":"it_IT","og_type":"article","og_title":"Mulungu","og_description":"Scopri il potere curativo del Mulungu Rap\u00e9, uno strumento di meditazione che aiuta a bilanciare il chakra sacrale e il plesso solare, promuovendo la stabilit\u00e0 emotiva e la fiducia in se stessi. Ideale per chi cerca di alleviare la tristezza profonda e trovare una maggiore pace interiore.","og_url":"https:\/\/ancestrina.com\/it\/producto\/rape-mulungu\/","og_site_name":"Ancestrina","article_publisher":"https:\/\/www.facebook.com\/Ancestrina\/","article_modified_time":"2026-05-16T10:11:11+00:00","og_image":[{"width":2048,"height":2048,"url":"https:\/\/ancestrina.com\/wp-content\/uploads\/Mulungu.jpg","type":"image\/jpeg"}],"twitter_card":"summary_large_image","twitter_misc":{"Tempo di lettura stimato":"1 minuto"},"schema":{"@context":"https:\/\/schema.org","@graph":[{"@type":"WebPage","@id":"https:\/\/ancestrina.com\/it\/producto\/rape-mulungu\/","url":"https:\/\/ancestrina.com\/it\/producto\/rape-mulungu\/","name":"Il rap\u00e9 Mulungu per superare la depressione e avere un equilibrio emotivo","isPartOf":{"@id":"https:\/\/ancestrina.com\/it\/#website"},"primaryImageOfPage":{"@id":"https:\/\/ancestrina.com\/it\/producto\/rape-mulungu\/#primaryimage"},"image":{"@id":"https:\/\/ancestrina.com\/it\/producto\/rape-mulungu\/#primaryimage"},"thumbnailUrl":"https:\/\/ancestrina.com\/wp-content\/uploads\/Mulungu.jpg","datePublished":"2021-01-19T20:12:16+00:00","dateModified":"2026-05-16T10:11:11+00:00","description":"Scopri il potere curativo del Mulungu Rap\u00e9, uno strumento di meditazione che aiuta a bilanciare il chakra sacrale e il plesso solare, promuovendo la stabilit\u00e0 emotiva e la fiducia in se stessi. Ideale per chi cerca di alleviare la tristezza profonda e trovare una maggiore pace interiore.","breadcrumb":{"@id":"https:\/\/ancestrina.com\/it\/producto\/rape-mulungu\/#breadcrumb"},"inLanguage":"it-IT","potentialAction":[{"@type":"ReadAction","target":["https:\/\/ancestrina.com\/it\/producto\/rape-mulungu\/"]}]},{"@type":"ImageObject","inLanguage":"it-IT","@id":"https:\/\/ancestrina.com\/it\/producto\/rape-mulungu\/#primaryimage","url":"https:\/\/ancestrina.com\/wp-content\/uploads\/Mulungu.jpg","contentUrl":"https:\/\/ancestrina.com\/wp-content\/uploads\/Mulungu.jpg","width":2048,"height":2048},{"@type":"BreadcrumbList","@id":"https:\/\/ancestrina.com\/it\/producto\/rape-mulungu\/#breadcrumb","itemListElement":[{"@type":"ListItem","position":1,"name":"Home","item":"https:\/\/ancestrina.com\/it\/casa\/"},{"@type":"ListItem","position":2,"name":"Negozio","item":"https:\/\/ancestrina.com\/it\/negozio\/"},{"@type":"ListItem","position":3,"name":"Mulungu"}]},{"@type":"WebSite","@id":"https:\/\/ancestrina.com\/it\/#website","url":"https:\/\/ancestrina.com\/it\/","name":"Ancestrina","description":"Trabajamos experiencias con plantas maestras, terapias integradoras y cultos ancestrales","publisher":{"@id":"https:\/\/ancestrina.com\/it\/#organization"},"potentialAction":[{"@type":"SearchAction","target":{"@type":"EntryPoint","urlTemplate":"https:\/\/ancestrina.com\/it\/?s={search_term_string}"},"query-input":{"@type":"PropertyValueSpecification","valueRequired":true,"valueName":"search_term_string"}}],"inLanguage":"it-IT"},{"@type":"Organization","@id":"https:\/\/ancestrina.com\/it\/#organization","name":"Ancestrina","url":"https:\/\/ancestrina.com\/it\/","logo":{"@type":"ImageObject","inLanguage":"it-IT","@id":"https:\/\/ancestrina.com\/it\/#\/schema\/logo\/image\/","url":"https:\/\/ancestrina.com\/wp-content\/uploads\/2020\/06\/cropped-LOGO-ANCESTRINA-1.png","contentUrl":"https:\/\/ancestrina.com\/wp-content\/uploads\/2020\/06\/cropped-LOGO-ANCESTRINA-1.png","width":630,"height":202,"caption":"Ancestrina"},"image":{"@id":"https:\/\/ancestrina.com\/it\/#\/schema\/logo\/image\/"},"sameAs":["https:\/\/www.facebook.com\/Ancestrina\/","https:\/\/www.instagram.com\/ancestrina\/","https:\/\/www.youtube.com\/channel\/UCgtt6WFhEIVEI30PzxlOeIw"]}]}},"_links":{"self":[{"href":"https:\/\/ancestrina.com\/it\/wp-json\/wp\/v2\/product\/14736","targetHints":{"allow":["GET"]}}],"collection":[{"href":"https:\/\/ancestrina.com\/it\/wp-json\/wp\/v2\/product"}],"about":[{"href":"https:\/\/ancestrina.com\/it\/wp-json\/wp\/v2\/types\/product"}],"replies":[{"embeddable":true,"href":"https:\/\/ancestrina.com\/it\/wp-json\/wp\/v2\/comments?post=14736"}],"version-history":[{"count":2,"href":"https:\/\/ancestrina.com\/it\/wp-json\/wp\/v2\/product\/14736\/revisions"}],"predecessor-version":[{"id":37841,"href":"https:\/\/ancestrina.com\/it\/wp-json\/wp\/v2\/product\/14736\/revisions\/37841"}],"wp:featuredmedia":[{"embeddable":true,"href":"https:\/\/ancestrina.com\/it\/wp-json\/wp\/v2\/media\/34930"}],"wp:attachment":[{"href":"https:\/\/ancestrina.com\/it\/wp-json\/wp\/v2\/media?parent=14736"}],"wp:term":[{"taxonomy":"product_brand","embeddable":true,"href":"https:\/\/ancestrina.com\/it\/wp-json\/wp\/v2\/product_brand?post=14736"},{"taxonomy":"product_cat","embeddable":true,"href":"https:\/\/ancestrina.com\/it\/wp-json\/wp\/v2\/product_cat?post=14736"},{"taxonomy":"product_tag","embeddable":true,"href":"https:\/\/ancestrina.com\/it\/wp-json\/wp\/v2\/product_tag?post=14736"}],"curies":[{"name":"wp","href":"https:\/\/api.w.org\/{rel}","templated":true}]}}