{"id":14732,"date":"2021-01-19T20:18:21","date_gmt":"2021-01-19T20:18:21","guid":{"rendered":"http:\/\/ancestrina.com\/producto\/rape-cacao\/"},"modified":"2026-05-13T18:40:16","modified_gmt":"2026-05-13T23:40:16","slug":"rape-cacao","status":"publish","type":"product","link":"https:\/\/ancestrina.com\/it\/producto\/rape-cacao\/","title":{"rendered":"Cacao"},"content":{"rendered":"<p>Pregiato come il tabacco da fiuto della gioia, il rap\u00e9 invita coloro che vi si avvicinano a vivere la vita con un rinnovato senso di gioia e vitalit\u00e0. Ideale per i momenti in cui si ha bisogno di una carica di energia e appagamento, questo rap\u00e9 apre il cuore e la mente, permettendo alla luce della gioia di illuminare anche le giornate pi\u00f9 buie. <\/p>\n<p><strong>Vantaggi principali:<\/strong><\/p>\n<ol>\n<li><strong>Stimolazione della felicit\u00e0:<\/strong> attiva i principali neurotrasmettitori cerebrali, promuovendo naturalmente sentimenti di felicit\u00e0 e appagamento.<\/li>\n<li><strong>Per<\/strong> superare i momenti di tristezza, sollevare il morale e aiutare a guardare la vita con ottimismo.<\/li>\n<li><strong>Rilassamento profondo:<\/strong> offre uno stato di benessere e relax, senza gli intensi effetti stimolanti di altri composti.<\/li>\n<li><strong>Adattabilit\u00e0 al cambiamento:<\/strong> insegna a fluire con la vita, accettando i cambiamenti con fiducia e apertura, rafforzando la capacit\u00e0 di adattarsi e di godere del presente.<\/li>\n<\/ol>\n<p><strong>Ideale per:<\/strong><\/p>\n<ol>\n<li><strong>Iniziare la giornata con energia:<\/strong> per chi vuole svegliarsi ogni mattina pieno di energia e con un atteggiamento positivo nei confronti della giornata che lo attende.<\/li>\n<li><strong>Chi \u00e8 alla ricerca di beatitudine e soddisfazione:<\/strong> perfetto se siete alla ricerca di un senso costante di gioia e soddisfazione nella vostra vita.<\/li>\n<li><strong>Persone che vogliono migliorare il loro benessere emotivo:<\/strong> se volete mantenere uno stato d'animo elevato e coltivare una visione positiva.<\/li>\n<li><strong>Chi aspira a un maggiore senso di pace:<\/strong> ideale per chi cerca di trovare calma e serenit\u00e0 nella vita quotidiana, imparando ad accettare e a fluire con le correnti della vita.<\/li>\n<\/ol>\n<p>Cocoa Rap\u00e9 \u00e8 un invito a riscoprire la gioia di vivere, offrendo un percorso di benessere emotivo e di realizzazione. Lascia che questo rap\u00e9 di gioia ti guidi verso un'esperienza di vita pi\u00f9 ricca e appagante, mostrandoti come abbracciare ogni giorno con gioia e gratitudine.<\/p>\n<p>&nbsp;<\/p>\n","protected":false},"excerpt":{"rendered":"<p>Immergiti nell&#8217;essenza del rap\u00e9 di cacao, il nostro tabacco da fiuto ancestrale di gioia e vitalit\u00e0. Ideale per chi vuole illuminare la giornata con un rinnovato senso di beatitudine, questo rap\u00e9 risveglia l&#8217;energia, migliora l&#8217;umore e favorisce un profondo rilassamento, insegnandoti a fluire con la vita. Ideale per iniziare ogni mattina con positivit\u00e0 o per ritrovare l&#8217;appagamento in tempi di cambiamento, Cocoa Rap\u00e9 \u00e8 un invito a vivere in armonia e gratitudine. Scopri come questo rap\u00e9 sacro pu\u00f2 trasformare la tua prospettiva e portarti la pace interiore ad Ancestrina.<\/p>\n","protected":false},"featured_media":34517,"comment_status":"closed","ping_status":"closed","template":"","meta":{"order-bump-settings":[],"_wpfnl_thankyou_order_overview":"on","_wpfnl_thankyou_order_details":"on","_wpfnl_thankyou_billing_details":"on","_wpfnl_thankyou_shipping_details":"on","site-sidebar-layout":"default","site-content-layout":"plain-container","ast-site-content-layout":"normal-width-container","site-content-style":"unboxed","site-sidebar-style":"unboxed","ast-global-header-display":"","ast-banner-title-visibility":"","ast-main-header-display":"","ast-hfb-above-header-display":"","ast-hfb-below-header-display":"","ast-hfb-mobile-header-display":"","site-post-title":"","ast-breadcrumbs-content":"","ast-featured-img":"","footer-sml-layout":"","ast-disable-related-posts":"","theme-transparent-header-meta":"disabled","adv-header-id-meta":"","stick-header-meta":"","header-above-stick-meta":"","header-main-stick-meta":"","header-below-stick-meta":"","astra-migrate-meta-layouts":"default","ast-page-background-enabled":"default","ast-page-background-meta":{"desktop":{"background-color":"","background-image":"","background-repeat":"repeat","background-position":"center center","background-size":"auto","background-attachment":"scroll","background-type":"","background-media":"","overlay-type":"","overlay-color":"","overlay-opacity":"","overlay-gradient":""},"tablet":{"background-color":"","background-image":"","background-repeat":"repeat","background-position":"center center","background-size":"auto","background-attachment":"scroll","background-type":"","background-media":"","overlay-type":"","overlay-color":"","overlay-opacity":"","overlay-gradient":""},"mobile":{"background-color":"","background-image":"","background-repeat":"repeat","background-position":"center center","background-size":"auto","background-attachment":"scroll","background-type":"","background-media":"","overlay-type":"","overlay-color":"","overlay-opacity":"","overlay-gradient":""}},"ast-content-background-meta":{"desktop":{"background-color":"var(--ast-global-color-5)","background-image":"","background-repeat":"repeat","background-position":"center center","background-size":"auto","background-attachment":"scroll","background-type":"","background-media":"","overlay-type":"","overlay-color":"","overlay-opacity":"","overlay-gradient":""},"tablet":{"background-color":"var(--ast-global-color-5)","background-image":"","background-repeat":"repeat","background-position":"center center","background-size":"auto","background-attachment":"scroll","background-type":"","background-media":"","overlay-type":"","overlay-color":"","overlay-opacity":"","overlay-gradient":""},"mobile":{"background-color":"var(--ast-global-color-5)","background-image":"","background-repeat":"repeat","background-position":"center center","background-size":"auto","background-attachment":"scroll","background-type":"","background-media":"","overlay-type":"","overlay-color":"","overlay-opacity":"","overlay-gradient":""}},"_joinchat":[]},"product_brand":[],"product_cat":[552],"product_tag":[],"class_list":{"0":"post-14732","1":"product","2":"type-product","3":"status-publish","4":"has-post-thumbnail","6":"product_cat-rape-it","7":"desktop-align-center","8":"tablet-align-left","9":"mobile-align-left","11":"first","12":"instock","13":"shipping-taxable","14":"purchasable","15":"product-type-variable"},"yoast_head":"<!-- This site is optimized with the Yoast SEO Premium plugin v22.6 (Yoast SEO v27.6) - https:\/\/yoast.com\/product\/yoast-seo-premium-wordpress\/ -->\n<title>Cacao Rap\u00e9: una fonte di gioia e vitalit\u00e0<\/title>\n<meta name=\"description\" content=\"Vivi la vita con un rinnovato senso di gioia e vitalit\u00e0 grazie al rap\u00e9 di cacao, considerato il tabacco della gioia. Ideale per risollevare l&#039;umore, favorire un profondo rilassamento e coltivare un atteggiamento positivo nei confronti della vita. Perfetto per iniziare la giornata con energia e mantenere un costante senso di gioia e soddisfazione.\" \/>\n<meta name=\"robots\" content=\"index, follow, max-snippet:-1, max-image-preview:large, max-video-preview:-1\" \/>\n<link rel=\"canonical\" href=\"https:\/\/ancestrina.com\/it\/producto\/rape-cacao\/\" \/>\n<meta property=\"og:locale\" content=\"it_IT\" \/>\n<meta property=\"og:type\" content=\"article\" \/>\n<meta property=\"og:title\" content=\"Cacao\" \/>\n<meta property=\"og:description\" content=\"Vivi la vita con un rinnovato senso di gioia e vitalit\u00e0 grazie al rap\u00e9 di cacao, considerato il tabacco della gioia. Ideale per risollevare l&#039;umore, favorire un profondo rilassamento e coltivare un atteggiamento positivo nei confronti della vita. Perfetto per iniziare la giornata con energia e mantenere un costante senso di gioia e soddisfazione.\" \/>\n<meta property=\"og:url\" content=\"https:\/\/ancestrina.com\/it\/producto\/rape-cacao\/\" \/>\n<meta property=\"og:site_name\" content=\"Ancestrina\" \/>\n<meta property=\"article:publisher\" content=\"https:\/\/www.facebook.com\/Ancestrina\/\" \/>\n<meta property=\"article:modified_time\" content=\"2026-05-13T23:40:16+00:00\" \/>\n<meta property=\"og:image\" content=\"https:\/\/ancestrina.com\/wp-content\/uploads\/cacao-1.jpg\" \/>\n\t<meta property=\"og:image:width\" content=\"2048\" \/>\n\t<meta property=\"og:image:height\" content=\"2048\" \/>\n\t<meta property=\"og:image:type\" content=\"image\/jpeg\" \/>\n<meta name=\"twitter:card\" content=\"summary_large_image\" \/>\n<meta name=\"twitter:label1\" content=\"Tempo di lettura stimato\" \/>\n\t<meta name=\"twitter:data1\" content=\"1 minuto\" \/>\n<script type=\"application\/ld+json\" class=\"yoast-schema-graph\">{\"@context\":\"https:\\\/\\\/schema.org\",\"@graph\":[{\"@type\":\"WebPage\",\"@id\":\"https:\\\/\\\/ancestrina.com\\\/it\\\/producto\\\/rape-cacao\\\/\",\"url\":\"https:\\\/\\\/ancestrina.com\\\/it\\\/producto\\\/rape-cacao\\\/\",\"name\":\"Cacao Rap\u00e9: una fonte di gioia e vitalit\u00e0\",\"isPartOf\":{\"@id\":\"https:\\\/\\\/ancestrina.com\\\/it\\\/#website\"},\"primaryImageOfPage\":{\"@id\":\"https:\\\/\\\/ancestrina.com\\\/it\\\/producto\\\/rape-cacao\\\/#primaryimage\"},\"image\":{\"@id\":\"https:\\\/\\\/ancestrina.com\\\/it\\\/producto\\\/rape-cacao\\\/#primaryimage\"},\"thumbnailUrl\":\"https:\\\/\\\/ancestrina.com\\\/wp-content\\\/uploads\\\/cacao-1.jpg\",\"datePublished\":\"2021-01-19T20:18:21+00:00\",\"dateModified\":\"2026-05-13T23:40:16+00:00\",\"description\":\"Vivi la vita con un rinnovato senso di gioia e vitalit\u00e0 grazie al rap\u00e9 di cacao, considerato il tabacco della gioia. Ideale per risollevare l'umore, favorire un profondo rilassamento e coltivare un atteggiamento positivo nei confronti della vita. Perfetto per iniziare la giornata con energia e mantenere un costante senso di gioia e soddisfazione.\",\"breadcrumb\":{\"@id\":\"https:\\\/\\\/ancestrina.com\\\/it\\\/producto\\\/rape-cacao\\\/#breadcrumb\"},\"inLanguage\":\"it-IT\",\"potentialAction\":[{\"@type\":\"ReadAction\",\"target\":[\"https:\\\/\\\/ancestrina.com\\\/it\\\/producto\\\/rape-cacao\\\/\"]}]},{\"@type\":\"ImageObject\",\"inLanguage\":\"it-IT\",\"@id\":\"https:\\\/\\\/ancestrina.com\\\/it\\\/producto\\\/rape-cacao\\\/#primaryimage\",\"url\":\"https:\\\/\\\/ancestrina.com\\\/wp-content\\\/uploads\\\/cacao-1.jpg\",\"contentUrl\":\"https:\\\/\\\/ancestrina.com\\\/wp-content\\\/uploads\\\/cacao-1.jpg\",\"width\":2048,\"height\":2048},{\"@type\":\"BreadcrumbList\",\"@id\":\"https:\\\/\\\/ancestrina.com\\\/it\\\/producto\\\/rape-cacao\\\/#breadcrumb\",\"itemListElement\":[{\"@type\":\"ListItem\",\"position\":1,\"name\":\"Home\",\"item\":\"https:\\\/\\\/ancestrina.com\\\/it\\\/casa\\\/\"},{\"@type\":\"ListItem\",\"position\":2,\"name\":\"Negozio\",\"item\":\"https:\\\/\\\/ancestrina.com\\\/it\\\/negozio\\\/\"},{\"@type\":\"ListItem\",\"position\":3,\"name\":\"Cacao\"}]},{\"@type\":\"WebSite\",\"@id\":\"https:\\\/\\\/ancestrina.com\\\/it\\\/#website\",\"url\":\"https:\\\/\\\/ancestrina.com\\\/it\\\/\",\"name\":\"Ancestrina\",\"description\":\"Trabajamos experiencias con plantas maestras, terapias integradoras y cultos ancestrales\",\"publisher\":{\"@id\":\"https:\\\/\\\/ancestrina.com\\\/it\\\/#organization\"},\"potentialAction\":[{\"@type\":\"SearchAction\",\"target\":{\"@type\":\"EntryPoint\",\"urlTemplate\":\"https:\\\/\\\/ancestrina.com\\\/it\\\/?s={search_term_string}\"},\"query-input\":{\"@type\":\"PropertyValueSpecification\",\"valueRequired\":true,\"valueName\":\"search_term_string\"}}],\"inLanguage\":\"it-IT\"},{\"@type\":\"Organization\",\"@id\":\"https:\\\/\\\/ancestrina.com\\\/it\\\/#organization\",\"name\":\"Ancestrina\",\"url\":\"https:\\\/\\\/ancestrina.com\\\/it\\\/\",\"logo\":{\"@type\":\"ImageObject\",\"inLanguage\":\"it-IT\",\"@id\":\"https:\\\/\\\/ancestrina.com\\\/it\\\/#\\\/schema\\\/logo\\\/image\\\/\",\"url\":\"https:\\\/\\\/ancestrina.com\\\/wp-content\\\/uploads\\\/2020\\\/06\\\/cropped-LOGO-ANCESTRINA-1.png\",\"contentUrl\":\"https:\\\/\\\/ancestrina.com\\\/wp-content\\\/uploads\\\/2020\\\/06\\\/cropped-LOGO-ANCESTRINA-1.png\",\"width\":630,\"height\":202,\"caption\":\"Ancestrina\"},\"image\":{\"@id\":\"https:\\\/\\\/ancestrina.com\\\/it\\\/#\\\/schema\\\/logo\\\/image\\\/\"},\"sameAs\":[\"https:\\\/\\\/www.facebook.com\\\/Ancestrina\\\/\",\"https:\\\/\\\/www.instagram.com\\\/ancestrina\\\/\",\"https:\\\/\\\/www.youtube.com\\\/channel\\\/UCgtt6WFhEIVEI30PzxlOeIw\"]}]}<\/script>\n<!-- \/ Yoast SEO Premium plugin. -->","yoast_head_json":{"title":"Cacao Rap\u00e9: una fonte di gioia e vitalit\u00e0","description":"Vivi la vita con un rinnovato senso di gioia e vitalit\u00e0 grazie al rap\u00e9 di cacao, considerato il tabacco della gioia. Ideale per risollevare l'umore, favorire un profondo rilassamento e coltivare un atteggiamento positivo nei confronti della vita. Perfetto per iniziare la giornata con energia e mantenere un costante senso di gioia e soddisfazione.","robots":{"index":"index","follow":"follow","max-snippet":"max-snippet:-1","max-image-preview":"max-image-preview:large","max-video-preview":"max-video-preview:-1"},"canonical":"https:\/\/ancestrina.com\/it\/producto\/rape-cacao\/","og_locale":"it_IT","og_type":"article","og_title":"Cacao","og_description":"Vivi la vita con un rinnovato senso di gioia e vitalit\u00e0 grazie al rap\u00e9 di cacao, considerato il tabacco della gioia. Ideale per risollevare l'umore, favorire un profondo rilassamento e coltivare un atteggiamento positivo nei confronti della vita. Perfetto per iniziare la giornata con energia e mantenere un costante senso di gioia e soddisfazione.","og_url":"https:\/\/ancestrina.com\/it\/producto\/rape-cacao\/","og_site_name":"Ancestrina","article_publisher":"https:\/\/www.facebook.com\/Ancestrina\/","article_modified_time":"2026-05-13T23:40:16+00:00","og_image":[{"width":2048,"height":2048,"url":"https:\/\/ancestrina.com\/wp-content\/uploads\/cacao-1.jpg","type":"image\/jpeg"}],"twitter_card":"summary_large_image","twitter_misc":{"Tempo di lettura stimato":"1 minuto"},"schema":{"@context":"https:\/\/schema.org","@graph":[{"@type":"WebPage","@id":"https:\/\/ancestrina.com\/it\/producto\/rape-cacao\/","url":"https:\/\/ancestrina.com\/it\/producto\/rape-cacao\/","name":"Cacao Rap\u00e9: una fonte di gioia e vitalit\u00e0","isPartOf":{"@id":"https:\/\/ancestrina.com\/it\/#website"},"primaryImageOfPage":{"@id":"https:\/\/ancestrina.com\/it\/producto\/rape-cacao\/#primaryimage"},"image":{"@id":"https:\/\/ancestrina.com\/it\/producto\/rape-cacao\/#primaryimage"},"thumbnailUrl":"https:\/\/ancestrina.com\/wp-content\/uploads\/cacao-1.jpg","datePublished":"2021-01-19T20:18:21+00:00","dateModified":"2026-05-13T23:40:16+00:00","description":"Vivi la vita con un rinnovato senso di gioia e vitalit\u00e0 grazie al rap\u00e9 di cacao, considerato il tabacco della gioia. Ideale per risollevare l'umore, favorire un profondo rilassamento e coltivare un atteggiamento positivo nei confronti della vita. Perfetto per iniziare la giornata con energia e mantenere un costante senso di gioia e soddisfazione.","breadcrumb":{"@id":"https:\/\/ancestrina.com\/it\/producto\/rape-cacao\/#breadcrumb"},"inLanguage":"it-IT","potentialAction":[{"@type":"ReadAction","target":["https:\/\/ancestrina.com\/it\/producto\/rape-cacao\/"]}]},{"@type":"ImageObject","inLanguage":"it-IT","@id":"https:\/\/ancestrina.com\/it\/producto\/rape-cacao\/#primaryimage","url":"https:\/\/ancestrina.com\/wp-content\/uploads\/cacao-1.jpg","contentUrl":"https:\/\/ancestrina.com\/wp-content\/uploads\/cacao-1.jpg","width":2048,"height":2048},{"@type":"BreadcrumbList","@id":"https:\/\/ancestrina.com\/it\/producto\/rape-cacao\/#breadcrumb","itemListElement":[{"@type":"ListItem","position":1,"name":"Home","item":"https:\/\/ancestrina.com\/it\/casa\/"},{"@type":"ListItem","position":2,"name":"Negozio","item":"https:\/\/ancestrina.com\/it\/negozio\/"},{"@type":"ListItem","position":3,"name":"Cacao"}]},{"@type":"WebSite","@id":"https:\/\/ancestrina.com\/it\/#website","url":"https:\/\/ancestrina.com\/it\/","name":"Ancestrina","description":"Trabajamos experiencias con plantas maestras, terapias integradoras y cultos ancestrales","publisher":{"@id":"https:\/\/ancestrina.com\/it\/#organization"},"potentialAction":[{"@type":"SearchAction","target":{"@type":"EntryPoint","urlTemplate":"https:\/\/ancestrina.com\/it\/?s={search_term_string}"},"query-input":{"@type":"PropertyValueSpecification","valueRequired":true,"valueName":"search_term_string"}}],"inLanguage":"it-IT"},{"@type":"Organization","@id":"https:\/\/ancestrina.com\/it\/#organization","name":"Ancestrina","url":"https:\/\/ancestrina.com\/it\/","logo":{"@type":"ImageObject","inLanguage":"it-IT","@id":"https:\/\/ancestrina.com\/it\/#\/schema\/logo\/image\/","url":"https:\/\/ancestrina.com\/wp-content\/uploads\/2020\/06\/cropped-LOGO-ANCESTRINA-1.png","contentUrl":"https:\/\/ancestrina.com\/wp-content\/uploads\/2020\/06\/cropped-LOGO-ANCESTRINA-1.png","width":630,"height":202,"caption":"Ancestrina"},"image":{"@id":"https:\/\/ancestrina.com\/it\/#\/schema\/logo\/image\/"},"sameAs":["https:\/\/www.facebook.com\/Ancestrina\/","https:\/\/www.instagram.com\/ancestrina\/","https:\/\/www.youtube.com\/channel\/UCgtt6WFhEIVEI30PzxlOeIw"]}]}},"_links":{"self":[{"href":"https:\/\/ancestrina.com\/it\/wp-json\/wp\/v2\/product\/14732","targetHints":{"allow":["GET"]}}],"collection":[{"href":"https:\/\/ancestrina.com\/it\/wp-json\/wp\/v2\/product"}],"about":[{"href":"https:\/\/ancestrina.com\/it\/wp-json\/wp\/v2\/types\/product"}],"replies":[{"embeddable":true,"href":"https:\/\/ancestrina.com\/it\/wp-json\/wp\/v2\/comments?post=14732"}],"version-history":[{"count":2,"href":"https:\/\/ancestrina.com\/it\/wp-json\/wp\/v2\/product\/14732\/revisions"}],"predecessor-version":[{"id":37843,"href":"https:\/\/ancestrina.com\/it\/wp-json\/wp\/v2\/product\/14732\/revisions\/37843"}],"wp:featuredmedia":[{"embeddable":true,"href":"https:\/\/ancestrina.com\/it\/wp-json\/wp\/v2\/media\/34517"}],"wp:attachment":[{"href":"https:\/\/ancestrina.com\/it\/wp-json\/wp\/v2\/media?parent=14732"}],"wp:term":[{"taxonomy":"product_brand","embeddable":true,"href":"https:\/\/ancestrina.com\/it\/wp-json\/wp\/v2\/product_brand?post=14732"},{"taxonomy":"product_cat","embeddable":true,"href":"https:\/\/ancestrina.com\/it\/wp-json\/wp\/v2\/product_cat?post=14732"},{"taxonomy":"product_tag","embeddable":true,"href":"https:\/\/ancestrina.com\/it\/wp-json\/wp\/v2\/product_tag?post=14732"}],"curies":[{"name":"wp","href":"https:\/\/api.w.org\/{rel}","templated":true}]}}