{"id":14726,"date":"2021-01-19T20:32:23","date_gmt":"2021-01-19T20:32:23","guid":{"rendered":"http:\/\/ancestrina.com\/producto\/rape-inga\/"},"modified":"2026-05-16T04:04:42","modified_gmt":"2026-05-16T09:04:42","slug":"rape-inga","status":"publish","type":"product","link":"https:\/\/ancestrina.com\/it\/producto\/rape-inga\/","title":{"rendered":"Inga"},"content":{"rendered":"<p>Inga Rap\u00e9 \u00e8 pensato per coloro che sono cresciuti all'ombra della sottomissione, affrontando la repressione della propria voce e delle proprie emozioni. Questo potente rap\u00e9 agisce a livello energetico ed emotivo, aiutando a liberare gli schemi comportamentali che ci tengono intrappolati in ruoli che non ci permettono di essere autentici.<\/p>\n<p><strong>I principali vantaggi di Inga Rap\u00e9:<\/strong><\/p>\n<ol>\n<li><strong>Potenziamento della voce interiore:<\/strong> incoraggia la capacit\u00e0 di esprimere pensieri ed emozioni in modo aperto e onesto, rafforzando l'espressione di s\u00e9.<\/li>\n<li><strong>Riduzione dello stress e dell'ansia:<\/strong> allevia la tensione emotiva e fisica, aiutando a calmare la mente e il corpo negli stati di stress prolungato.<\/li>\n<li><strong>Miglioramento del benessere emotivo:<\/strong> aiuta a elaborare e rilasciare le emozioni represse, come la paura, la rabbia e la tristezza, favorendo un senso di benessere e leggerezza.<\/li>\n<li><strong>Rafforzamento del sistema immunitario:<\/strong> a livello energetico, aiuta a rivitalizzare il sistema immunitario indebolito dallo stress cronico ed emotivo.<\/li>\n<li><strong>Aumento dell'autostima e dell'autopromozione:<\/strong> incoraggia le persone a riconoscere la propria autostima e a farsi valere nelle situazioni avverse.<\/li>\n<\/ol>\n<p><strong>Ideale per:<\/strong><\/p>\n<ul>\n<li>Persone che sentono di aver perso la propria voce o la propria identit\u00e0 a causa della pressione esercitata per conformarsi alle aspettative sociali o familiari.<\/li>\n<li>Coloro che stanno lavorando per superare la sottomissione e la paura del rifiuto.<\/li>\n<li>Individui alla ricerca di un rafforzamento emotivo ed energetico per affrontare le sfide personali.<\/li>\n<li>Chiunque desideri riconnettersi con il proprio vero s\u00e9 e vivere una vita pi\u00f9 autentica e libera.<\/li>\n<\/ul>\n<p>Inga Rap\u00e9 \u00e8 pi\u00f9 di un rimedio: \u00e8 un'insegnante che insegna a rivalutare e riaffermare la propria voce interiore, guidando verso una maggiore autenticit\u00e0 e libert\u00e0 emotiva. Integratelo nella vostra pratica di guarigione e guardate come trasforma la vostra capacit\u00e0 di vivere in accordo con la vostra verit\u00e0.<\/p>\n","protected":false},"excerpt":{"rendered":"<p>Scoprite Inga Rap\u00e9, pensato per chi cerca di liberare la propria voce e rafforzare il proprio benessere emotivo. Questo rap\u00e9 agisce a livello energetico ed emotivo, aiutando a superare la sottomissione e la repressione e consentendo agli individui di esprimere le loro vere emozioni e i loro pensieri senza paura. Ideale per chi desidera rompere gli schemi comportamentali restrittivi e recuperare la propria autenticit\u00e0.<\/p>\n<p>L&#8217;Inga Rap\u00e9 non solo allevia lo stress e l&#8217;ansia, ma rafforza anche il sistema immunitario e l&#8217;autostima, consentendo alle persone di difendersi e di prosperare nel proprio ambiente. Utilizzatelo come parte della vostra pratica di guarigione e sperimentate una trasformazione verso una vita pi\u00f9 libera e autentica.<\/p>\n","protected":false},"featured_media":34734,"comment_status":"closed","ping_status":"closed","template":"","meta":{"order-bump-settings":[],"_wpfnl_thankyou_order_overview":"on","_wpfnl_thankyou_order_details":"on","_wpfnl_thankyou_billing_details":"on","_wpfnl_thankyou_shipping_details":"on","site-sidebar-layout":"default","site-content-layout":"plain-container","ast-site-content-layout":"normal-width-container","site-content-style":"unboxed","site-sidebar-style":"unboxed","ast-global-header-display":"","ast-banner-title-visibility":"","ast-main-header-display":"","ast-hfb-above-header-display":"","ast-hfb-below-header-display":"","ast-hfb-mobile-header-display":"","site-post-title":"","ast-breadcrumbs-content":"","ast-featured-img":"","footer-sml-layout":"","ast-disable-related-posts":"","theme-transparent-header-meta":"disabled","adv-header-id-meta":"","stick-header-meta":"","header-above-stick-meta":"","header-main-stick-meta":"","header-below-stick-meta":"","astra-migrate-meta-layouts":"default","ast-page-background-enabled":"default","ast-page-background-meta":{"desktop":{"background-color":"","background-image":"","background-repeat":"repeat","background-position":"center center","background-size":"auto","background-attachment":"scroll","background-type":"","background-media":"","overlay-type":"","overlay-color":"","overlay-opacity":"","overlay-gradient":""},"tablet":{"background-color":"","background-image":"","background-repeat":"repeat","background-position":"center center","background-size":"auto","background-attachment":"scroll","background-type":"","background-media":"","overlay-type":"","overlay-color":"","overlay-opacity":"","overlay-gradient":""},"mobile":{"background-color":"","background-image":"","background-repeat":"repeat","background-position":"center center","background-size":"auto","background-attachment":"scroll","background-type":"","background-media":"","overlay-type":"","overlay-color":"","overlay-opacity":"","overlay-gradient":""}},"ast-content-background-meta":{"desktop":{"background-color":"var(--ast-global-color-5)","background-image":"","background-repeat":"repeat","background-position":"center center","background-size":"auto","background-attachment":"scroll","background-type":"","background-media":"","overlay-type":"","overlay-color":"","overlay-opacity":"","overlay-gradient":""},"tablet":{"background-color":"var(--ast-global-color-5)","background-image":"","background-repeat":"repeat","background-position":"center center","background-size":"auto","background-attachment":"scroll","background-type":"","background-media":"","overlay-type":"","overlay-color":"","overlay-opacity":"","overlay-gradient":""},"mobile":{"background-color":"var(--ast-global-color-5)","background-image":"","background-repeat":"repeat","background-position":"center center","background-size":"auto","background-attachment":"scroll","background-type":"","background-media":"","overlay-type":"","overlay-color":"","overlay-opacity":"","overlay-gradient":""}},"_joinchat":[]},"product_brand":[],"product_cat":[552],"product_tag":[],"class_list":{"0":"post-14726","1":"product","2":"type-product","3":"status-publish","4":"has-post-thumbnail","6":"product_cat-rape-it","7":"desktop-align-center","8":"tablet-align-left","9":"mobile-align-left","11":"first","12":"instock","13":"shipping-taxable","14":"purchasable","15":"product-type-variable"},"yoast_head":"<!-- This site is optimized with the Yoast SEO Premium plugin v22.6 (Yoast SEO v27.6) - https:\/\/yoast.com\/product\/yoast-seo-premium-wordpress\/ -->\n<title>Inga Rap\u00e9: Liberazione emotiva e responsabilizzazione<\/title>\n<meta name=\"description\" content=\"Scopri il potere del rap\u00e9 Inga, progettato per liberare gli schemi di sottomissione e promuovere l&#039;autenticit\u00e0. Questo rap\u00e9 potenzia la voce interiore, riduce lo stress e rafforza il benessere emotivo ed energetico. Ideale per chi cerca di recuperare la propria identit\u00e0 e vivere una vita pi\u00f9 autentica e libera. Integralo nella tua pratica curativa per trasformare la tua capacit\u00e0 di vivere la tua verit\u00e0.\" \/>\n<meta name=\"robots\" content=\"index, follow, max-snippet:-1, max-image-preview:large, max-video-preview:-1\" \/>\n<link rel=\"canonical\" href=\"https:\/\/ancestrina.com\/it\/producto\/rape-inga\/\" \/>\n<meta property=\"og:locale\" content=\"it_IT\" \/>\n<meta property=\"og:type\" content=\"article\" \/>\n<meta property=\"og:title\" content=\"Inga\" \/>\n<meta property=\"og:description\" content=\"Scopri il potere del rap\u00e9 Inga, progettato per liberare gli schemi di sottomissione e promuovere l&#039;autenticit\u00e0. Questo rap\u00e9 potenzia la voce interiore, riduce lo stress e rafforza il benessere emotivo ed energetico. Ideale per chi cerca di recuperare la propria identit\u00e0 e vivere una vita pi\u00f9 autentica e libera. Integralo nella tua pratica curativa per trasformare la tua capacit\u00e0 di vivere la tua verit\u00e0.\" \/>\n<meta property=\"og:url\" content=\"https:\/\/ancestrina.com\/it\/producto\/rape-inga\/\" \/>\n<meta property=\"og:site_name\" content=\"Ancestrina\" \/>\n<meta property=\"article:publisher\" content=\"https:\/\/www.facebook.com\/Ancestrina\/\" \/>\n<meta property=\"article:modified_time\" content=\"2026-05-16T09:04:42+00:00\" \/>\n<meta property=\"og:image\" content=\"https:\/\/ancestrina.com\/wp-content\/uploads\/inga.jpg\" \/>\n\t<meta property=\"og:image:width\" content=\"2048\" \/>\n\t<meta property=\"og:image:height\" content=\"2048\" \/>\n\t<meta property=\"og:image:type\" content=\"image\/jpeg\" \/>\n<meta name=\"twitter:card\" content=\"summary_large_image\" \/>\n<meta name=\"twitter:label1\" content=\"Tempo di lettura stimato\" \/>\n\t<meta name=\"twitter:data1\" content=\"1 minuto\" \/>\n<script type=\"application\/ld+json\" class=\"yoast-schema-graph\">{\"@context\":\"https:\\\/\\\/schema.org\",\"@graph\":[{\"@type\":\"WebPage\",\"@id\":\"https:\\\/\\\/ancestrina.com\\\/it\\\/producto\\\/rape-inga\\\/\",\"url\":\"https:\\\/\\\/ancestrina.com\\\/it\\\/producto\\\/rape-inga\\\/\",\"name\":\"Inga Rap\u00e9: Liberazione emotiva e responsabilizzazione\",\"isPartOf\":{\"@id\":\"https:\\\/\\\/ancestrina.com\\\/it\\\/#website\"},\"primaryImageOfPage\":{\"@id\":\"https:\\\/\\\/ancestrina.com\\\/it\\\/producto\\\/rape-inga\\\/#primaryimage\"},\"image\":{\"@id\":\"https:\\\/\\\/ancestrina.com\\\/it\\\/producto\\\/rape-inga\\\/#primaryimage\"},\"thumbnailUrl\":\"https:\\\/\\\/ancestrina.com\\\/wp-content\\\/uploads\\\/inga.jpg\",\"datePublished\":\"2021-01-19T20:32:23+00:00\",\"dateModified\":\"2026-05-16T09:04:42+00:00\",\"description\":\"Scopri il potere del rap\u00e9 Inga, progettato per liberare gli schemi di sottomissione e promuovere l'autenticit\u00e0. Questo rap\u00e9 potenzia la voce interiore, riduce lo stress e rafforza il benessere emotivo ed energetico. Ideale per chi cerca di recuperare la propria identit\u00e0 e vivere una vita pi\u00f9 autentica e libera. Integralo nella tua pratica curativa per trasformare la tua capacit\u00e0 di vivere la tua verit\u00e0.\",\"breadcrumb\":{\"@id\":\"https:\\\/\\\/ancestrina.com\\\/it\\\/producto\\\/rape-inga\\\/#breadcrumb\"},\"inLanguage\":\"it-IT\",\"potentialAction\":[{\"@type\":\"ReadAction\",\"target\":[\"https:\\\/\\\/ancestrina.com\\\/it\\\/producto\\\/rape-inga\\\/\"]}]},{\"@type\":\"ImageObject\",\"inLanguage\":\"it-IT\",\"@id\":\"https:\\\/\\\/ancestrina.com\\\/it\\\/producto\\\/rape-inga\\\/#primaryimage\",\"url\":\"https:\\\/\\\/ancestrina.com\\\/wp-content\\\/uploads\\\/inga.jpg\",\"contentUrl\":\"https:\\\/\\\/ancestrina.com\\\/wp-content\\\/uploads\\\/inga.jpg\",\"width\":2048,\"height\":2048},{\"@type\":\"BreadcrumbList\",\"@id\":\"https:\\\/\\\/ancestrina.com\\\/it\\\/producto\\\/rape-inga\\\/#breadcrumb\",\"itemListElement\":[{\"@type\":\"ListItem\",\"position\":1,\"name\":\"Home\",\"item\":\"https:\\\/\\\/ancestrina.com\\\/it\\\/casa\\\/\"},{\"@type\":\"ListItem\",\"position\":2,\"name\":\"Negozio\",\"item\":\"https:\\\/\\\/ancestrina.com\\\/it\\\/negozio\\\/\"},{\"@type\":\"ListItem\",\"position\":3,\"name\":\"Inga\"}]},{\"@type\":\"WebSite\",\"@id\":\"https:\\\/\\\/ancestrina.com\\\/it\\\/#website\",\"url\":\"https:\\\/\\\/ancestrina.com\\\/it\\\/\",\"name\":\"Ancestrina\",\"description\":\"Trabajamos experiencias con plantas maestras, terapias integradoras y cultos ancestrales\",\"publisher\":{\"@id\":\"https:\\\/\\\/ancestrina.com\\\/it\\\/#organization\"},\"potentialAction\":[{\"@type\":\"SearchAction\",\"target\":{\"@type\":\"EntryPoint\",\"urlTemplate\":\"https:\\\/\\\/ancestrina.com\\\/it\\\/?s={search_term_string}\"},\"query-input\":{\"@type\":\"PropertyValueSpecification\",\"valueRequired\":true,\"valueName\":\"search_term_string\"}}],\"inLanguage\":\"it-IT\"},{\"@type\":\"Organization\",\"@id\":\"https:\\\/\\\/ancestrina.com\\\/it\\\/#organization\",\"name\":\"Ancestrina\",\"url\":\"https:\\\/\\\/ancestrina.com\\\/it\\\/\",\"logo\":{\"@type\":\"ImageObject\",\"inLanguage\":\"it-IT\",\"@id\":\"https:\\\/\\\/ancestrina.com\\\/it\\\/#\\\/schema\\\/logo\\\/image\\\/\",\"url\":\"https:\\\/\\\/ancestrina.com\\\/wp-content\\\/uploads\\\/2020\\\/06\\\/cropped-LOGO-ANCESTRINA-1.png\",\"contentUrl\":\"https:\\\/\\\/ancestrina.com\\\/wp-content\\\/uploads\\\/2020\\\/06\\\/cropped-LOGO-ANCESTRINA-1.png\",\"width\":630,\"height\":202,\"caption\":\"Ancestrina\"},\"image\":{\"@id\":\"https:\\\/\\\/ancestrina.com\\\/it\\\/#\\\/schema\\\/logo\\\/image\\\/\"},\"sameAs\":[\"https:\\\/\\\/www.facebook.com\\\/Ancestrina\\\/\",\"https:\\\/\\\/www.instagram.com\\\/ancestrina\\\/\",\"https:\\\/\\\/www.youtube.com\\\/channel\\\/UCgtt6WFhEIVEI30PzxlOeIw\"]}]}<\/script>\n<!-- \/ Yoast SEO Premium plugin. -->","yoast_head_json":{"title":"Inga Rap\u00e9: Liberazione emotiva e responsabilizzazione","description":"Scopri il potere del rap\u00e9 Inga, progettato per liberare gli schemi di sottomissione e promuovere l'autenticit\u00e0. Questo rap\u00e9 potenzia la voce interiore, riduce lo stress e rafforza il benessere emotivo ed energetico. Ideale per chi cerca di recuperare la propria identit\u00e0 e vivere una vita pi\u00f9 autentica e libera. Integralo nella tua pratica curativa per trasformare la tua capacit\u00e0 di vivere la tua verit\u00e0.","robots":{"index":"index","follow":"follow","max-snippet":"max-snippet:-1","max-image-preview":"max-image-preview:large","max-video-preview":"max-video-preview:-1"},"canonical":"https:\/\/ancestrina.com\/it\/producto\/rape-inga\/","og_locale":"it_IT","og_type":"article","og_title":"Inga","og_description":"Scopri il potere del rap\u00e9 Inga, progettato per liberare gli schemi di sottomissione e promuovere l'autenticit\u00e0. Questo rap\u00e9 potenzia la voce interiore, riduce lo stress e rafforza il benessere emotivo ed energetico. Ideale per chi cerca di recuperare la propria identit\u00e0 e vivere una vita pi\u00f9 autentica e libera. Integralo nella tua pratica curativa per trasformare la tua capacit\u00e0 di vivere la tua verit\u00e0.","og_url":"https:\/\/ancestrina.com\/it\/producto\/rape-inga\/","og_site_name":"Ancestrina","article_publisher":"https:\/\/www.facebook.com\/Ancestrina\/","article_modified_time":"2026-05-16T09:04:42+00:00","og_image":[{"width":2048,"height":2048,"url":"https:\/\/ancestrina.com\/wp-content\/uploads\/inga.jpg","type":"image\/jpeg"}],"twitter_card":"summary_large_image","twitter_misc":{"Tempo di lettura stimato":"1 minuto"},"schema":{"@context":"https:\/\/schema.org","@graph":[{"@type":"WebPage","@id":"https:\/\/ancestrina.com\/it\/producto\/rape-inga\/","url":"https:\/\/ancestrina.com\/it\/producto\/rape-inga\/","name":"Inga Rap\u00e9: Liberazione emotiva e responsabilizzazione","isPartOf":{"@id":"https:\/\/ancestrina.com\/it\/#website"},"primaryImageOfPage":{"@id":"https:\/\/ancestrina.com\/it\/producto\/rape-inga\/#primaryimage"},"image":{"@id":"https:\/\/ancestrina.com\/it\/producto\/rape-inga\/#primaryimage"},"thumbnailUrl":"https:\/\/ancestrina.com\/wp-content\/uploads\/inga.jpg","datePublished":"2021-01-19T20:32:23+00:00","dateModified":"2026-05-16T09:04:42+00:00","description":"Scopri il potere del rap\u00e9 Inga, progettato per liberare gli schemi di sottomissione e promuovere l'autenticit\u00e0. Questo rap\u00e9 potenzia la voce interiore, riduce lo stress e rafforza il benessere emotivo ed energetico. Ideale per chi cerca di recuperare la propria identit\u00e0 e vivere una vita pi\u00f9 autentica e libera. Integralo nella tua pratica curativa per trasformare la tua capacit\u00e0 di vivere la tua verit\u00e0.","breadcrumb":{"@id":"https:\/\/ancestrina.com\/it\/producto\/rape-inga\/#breadcrumb"},"inLanguage":"it-IT","potentialAction":[{"@type":"ReadAction","target":["https:\/\/ancestrina.com\/it\/producto\/rape-inga\/"]}]},{"@type":"ImageObject","inLanguage":"it-IT","@id":"https:\/\/ancestrina.com\/it\/producto\/rape-inga\/#primaryimage","url":"https:\/\/ancestrina.com\/wp-content\/uploads\/inga.jpg","contentUrl":"https:\/\/ancestrina.com\/wp-content\/uploads\/inga.jpg","width":2048,"height":2048},{"@type":"BreadcrumbList","@id":"https:\/\/ancestrina.com\/it\/producto\/rape-inga\/#breadcrumb","itemListElement":[{"@type":"ListItem","position":1,"name":"Home","item":"https:\/\/ancestrina.com\/it\/casa\/"},{"@type":"ListItem","position":2,"name":"Negozio","item":"https:\/\/ancestrina.com\/it\/negozio\/"},{"@type":"ListItem","position":3,"name":"Inga"}]},{"@type":"WebSite","@id":"https:\/\/ancestrina.com\/it\/#website","url":"https:\/\/ancestrina.com\/it\/","name":"Ancestrina","description":"Trabajamos experiencias con plantas maestras, terapias integradoras y cultos ancestrales","publisher":{"@id":"https:\/\/ancestrina.com\/it\/#organization"},"potentialAction":[{"@type":"SearchAction","target":{"@type":"EntryPoint","urlTemplate":"https:\/\/ancestrina.com\/it\/?s={search_term_string}"},"query-input":{"@type":"PropertyValueSpecification","valueRequired":true,"valueName":"search_term_string"}}],"inLanguage":"it-IT"},{"@type":"Organization","@id":"https:\/\/ancestrina.com\/it\/#organization","name":"Ancestrina","url":"https:\/\/ancestrina.com\/it\/","logo":{"@type":"ImageObject","inLanguage":"it-IT","@id":"https:\/\/ancestrina.com\/it\/#\/schema\/logo\/image\/","url":"https:\/\/ancestrina.com\/wp-content\/uploads\/2020\/06\/cropped-LOGO-ANCESTRINA-1.png","contentUrl":"https:\/\/ancestrina.com\/wp-content\/uploads\/2020\/06\/cropped-LOGO-ANCESTRINA-1.png","width":630,"height":202,"caption":"Ancestrina"},"image":{"@id":"https:\/\/ancestrina.com\/it\/#\/schema\/logo\/image\/"},"sameAs":["https:\/\/www.facebook.com\/Ancestrina\/","https:\/\/www.instagram.com\/ancestrina\/","https:\/\/www.youtube.com\/channel\/UCgtt6WFhEIVEI30PzxlOeIw"]}]}},"_links":{"self":[{"href":"https:\/\/ancestrina.com\/it\/wp-json\/wp\/v2\/product\/14726","targetHints":{"allow":["GET"]}}],"collection":[{"href":"https:\/\/ancestrina.com\/it\/wp-json\/wp\/v2\/product"}],"about":[{"href":"https:\/\/ancestrina.com\/it\/wp-json\/wp\/v2\/types\/product"}],"replies":[{"embeddable":true,"href":"https:\/\/ancestrina.com\/it\/wp-json\/wp\/v2\/comments?post=14726"}],"version-history":[{"count":2,"href":"https:\/\/ancestrina.com\/it\/wp-json\/wp\/v2\/product\/14726\/revisions"}],"predecessor-version":[{"id":37857,"href":"https:\/\/ancestrina.com\/it\/wp-json\/wp\/v2\/product\/14726\/revisions\/37857"}],"wp:featuredmedia":[{"embeddable":true,"href":"https:\/\/ancestrina.com\/it\/wp-json\/wp\/v2\/media\/34734"}],"wp:attachment":[{"href":"https:\/\/ancestrina.com\/it\/wp-json\/wp\/v2\/media?parent=14726"}],"wp:term":[{"taxonomy":"product_brand","embeddable":true,"href":"https:\/\/ancestrina.com\/it\/wp-json\/wp\/v2\/product_brand?post=14726"},{"taxonomy":"product_cat","embeddable":true,"href":"https:\/\/ancestrina.com\/it\/wp-json\/wp\/v2\/product_cat?post=14726"},{"taxonomy":"product_tag","embeddable":true,"href":"https:\/\/ancestrina.com\/it\/wp-json\/wp\/v2\/product_tag?post=14726"}],"curies":[{"name":"wp","href":"https:\/\/api.w.org\/{rel}","templated":true}]}}