{"id":14670,"date":"2021-06-18T21:41:49","date_gmt":"2021-06-18T21:41:49","guid":{"rendered":"http:\/\/ancestrina.com\/producto\/kuripes-legno\/"},"modified":"2026-05-13T21:33:40","modified_gmt":"2026-05-14T02:33:40","slug":"kuripes-legno","status":"publish","type":"product","link":"https:\/\/ancestrina.com\/it\/producto\/kuripes-legno\/","title":{"rendered":"Legno Kuripe Indonesia"},"content":{"rendered":"<p>Scoprite la precisione e l'eleganza dei nostri Kuripes artigianali, realizzati meticolosamente in Indonesia con legni pregiati selezionati per la loro bellezza e durata. Ogni kuripe \u00e8 un'opera d'arte che riflette la ricca tradizione dell'artigianato indonesiano, noto per la sua capacit\u00e0 di trasformare il legno naturale in pezzi funzionali ed esteticamente straordinari.<\/p>\n<p>Queste kuripe non sono solo strumenti essenziali per l'amministrazione personale del rap\u00e9, ma anche oggetti da collezione che si distinguono per il loro design semplice e la finitura liscia. La sua forma ergonomica garantisce un uso confortevole ed efficace, consentendo una connessione pi\u00f9 profonda e meditativa durante i rituali. Ideale per chi apprezza l'artigianato e cerca un'esperienza autentica e rispettosa del rap\u00e9, ogni kuripe \u00e8 un invito a godere della serenit\u00e0 e della concentrazione offerte da questa antica pratica.<\/p>\n","protected":false},"excerpt":{"rendered":"<p>Scoprite l&#8217;eleganza e la funzionalit\u00e0 dei nostri Kuripes artigianali, scolpiti in Indonesia con legni pregiati noti per la loro durata e bellezza estetica. Ogni pezzo riflette la squisita arte tradizionale indonesiana, offrendo non solo uno strumento per l&#8217;uso personale del rap\u00e9, ma anche una vera e propria opera d&#8217;arte.<\/p>\n<p>Queste kuripe combinano un design ergonomico con finiture lisce per un uso confortevole ed efficace, ideale per approfondire le pratiche spirituali e di meditazione. La loro qualit\u00e0 e il loro design li rendono perfetti per chi cerca un&#8217;autentica esperienza di rap\u00e9, apprezzando la finezza e la tradizione in ogni dettaglio.<\/p>\n<p>&nbsp;<\/p>\n","protected":false},"featured_media":34874,"comment_status":"open","ping_status":"closed","template":"","meta":{"order-bump-settings":[],"_wpfnl_thankyou_order_overview":"on","_wpfnl_thankyou_order_details":"on","_wpfnl_thankyou_billing_details":"on","_wpfnl_thankyou_shipping_details":"on","site-sidebar-layout":"default","site-content-layout":"default","ast-site-content-layout":"default","site-content-style":"default","site-sidebar-style":"default","ast-global-header-display":"","ast-banner-title-visibility":"","ast-main-header-display":"","ast-hfb-above-header-display":"","ast-hfb-below-header-display":"","ast-hfb-mobile-header-display":"","site-post-title":"","ast-breadcrumbs-content":"","ast-featured-img":"","footer-sml-layout":"","ast-disable-related-posts":"","theme-transparent-header-meta":"default","adv-header-id-meta":"","stick-header-meta":"","header-above-stick-meta":"","header-main-stick-meta":"","header-below-stick-meta":"","astra-migrate-meta-layouts":"default","ast-page-background-enabled":"default","ast-page-background-meta":{"desktop":{"background-color":"","background-image":"","background-repeat":"repeat","background-position":"center center","background-size":"auto","background-attachment":"scroll","background-type":"","background-media":"","overlay-type":"","overlay-color":"","overlay-opacity":"","overlay-gradient":""},"tablet":{"background-color":"","background-image":"","background-repeat":"repeat","background-position":"center center","background-size":"auto","background-attachment":"scroll","background-type":"","background-media":"","overlay-type":"","overlay-color":"","overlay-opacity":"","overlay-gradient":""},"mobile":{"background-color":"","background-image":"","background-repeat":"repeat","background-position":"center center","background-size":"auto","background-attachment":"scroll","background-type":"","background-media":"","overlay-type":"","overlay-color":"","overlay-opacity":"","overlay-gradient":""}},"ast-content-background-meta":{"desktop":{"background-color":"var(--ast-global-color-5)","background-image":"","background-repeat":"repeat","background-position":"center center","background-size":"auto","background-attachment":"scroll","background-type":"","background-media":"","overlay-type":"","overlay-color":"","overlay-opacity":"","overlay-gradient":""},"tablet":{"background-color":"var(--ast-global-color-5)","background-image":"","background-repeat":"repeat","background-position":"center center","background-size":"auto","background-attachment":"scroll","background-type":"","background-media":"","overlay-type":"","overlay-color":"","overlay-opacity":"","overlay-gradient":""},"mobile":{"background-color":"var(--ast-global-color-5)","background-image":"","background-repeat":"repeat","background-position":"center center","background-size":"auto","background-attachment":"scroll","background-type":"","background-media":"","overlay-type":"","overlay-color":"","overlay-opacity":"","overlay-gradient":""}},"_joinchat":[]},"product_brand":[],"product_cat":[551,550],"product_tag":[],"class_list":{"0":"post-14670","1":"product","2":"type-product","3":"status-publish","4":"has-post-thumbnail","6":"product_cat-accessori","7":"product_cat-kuripe","8":"desktop-align-center","9":"tablet-align-left","10":"mobile-align-left","12":"first","13":"instock","14":"shipping-taxable","15":"purchasable","16":"product-type-simple"},"yoast_head":"<!-- This site is optimized with the Yoast SEO Premium plugin v22.6 (Yoast SEO v27.6) - https:\/\/yoast.com\/product\/yoast-seo-premium-wordpress\/ -->\n<title>Legno Kuripe Indonesia Ancestrina<\/title>\n<meta name=\"description\" content=\"Scopri l&#039;eleganza e la funzionalit\u00e0 dei nostri Kuripes in legno indonesiani realizzati a mano, intagliati con precisione in legni pregiati selezionati per la loro bellezza e durata. Queste opere d&#039;arte riflettono la ricca tradizione dell&#039;artigianato indonesiano e offrono un&#039;autentica esperienza di somministrazione del rap\u00e9. Ideale per le pratiche spirituali e di meditazione, ogni kuripe \u00e8 un invito a godere della serenit\u00e0 e della concentrazione offerte da questa antica pratica.\" \/>\n<meta name=\"robots\" content=\"index, follow, max-snippet:-1, max-image-preview:large, max-video-preview:-1\" \/>\n<link rel=\"canonical\" href=\"https:\/\/ancestrina.com\/it\/producto\/kuripes-legno\/\" \/>\n<meta property=\"og:locale\" content=\"it_IT\" \/>\n<meta property=\"og:type\" content=\"article\" \/>\n<meta property=\"og:title\" content=\"Legno Kuripe Indonesia\" \/>\n<meta property=\"og:description\" content=\"Scopri l&#039;eleganza e la funzionalit\u00e0 dei nostri Kuripes in legno indonesiani realizzati a mano, intagliati con precisione in legni pregiati selezionati per la loro bellezza e durata. Queste opere d&#039;arte riflettono la ricca tradizione dell&#039;artigianato indonesiano e offrono un&#039;autentica esperienza di somministrazione del rap\u00e9. Ideale per le pratiche spirituali e di meditazione, ogni kuripe \u00e8 un invito a godere della serenit\u00e0 e della concentrazione offerte da questa antica pratica.\" \/>\n<meta property=\"og:url\" content=\"https:\/\/ancestrina.com\/it\/producto\/kuripes-legno\/\" \/>\n<meta property=\"og:site_name\" content=\"Ancestrina\" \/>\n<meta property=\"article:publisher\" content=\"https:\/\/www.facebook.com\/Ancestrina\/\" \/>\n<meta property=\"article:modified_time\" content=\"2026-05-14T02:33:40+00:00\" \/>\n<meta property=\"og:image\" content=\"https:\/\/ancestrina.com\/wp-content\/uploads\/kuripes-indonesia.jpg\" \/>\n\t<meta property=\"og:image:width\" content=\"2048\" \/>\n\t<meta property=\"og:image:height\" content=\"2048\" \/>\n\t<meta property=\"og:image:type\" content=\"image\/jpeg\" \/>\n<meta name=\"twitter:card\" content=\"summary_large_image\" \/>\n<meta name=\"twitter:label1\" content=\"Tempo di lettura stimato\" \/>\n\t<meta name=\"twitter:data1\" content=\"1 minuto\" \/>\n<script type=\"application\/ld+json\" class=\"yoast-schema-graph\">{\"@context\":\"https:\\\/\\\/schema.org\",\"@graph\":[{\"@type\":\"WebPage\",\"@id\":\"https:\\\/\\\/ancestrina.com\\\/it\\\/producto\\\/kuripes-legno\\\/\",\"url\":\"https:\\\/\\\/ancestrina.com\\\/it\\\/producto\\\/kuripes-legno\\\/\",\"name\":\"Legno Kuripe Indonesia Ancestrina\",\"isPartOf\":{\"@id\":\"https:\\\/\\\/ancestrina.com\\\/it\\\/#website\"},\"primaryImageOfPage\":{\"@id\":\"https:\\\/\\\/ancestrina.com\\\/it\\\/producto\\\/kuripes-legno\\\/#primaryimage\"},\"image\":{\"@id\":\"https:\\\/\\\/ancestrina.com\\\/it\\\/producto\\\/kuripes-legno\\\/#primaryimage\"},\"thumbnailUrl\":\"https:\\\/\\\/ancestrina.com\\\/wp-content\\\/uploads\\\/kuripes-indonesia.jpg\",\"datePublished\":\"2021-06-18T21:41:49+00:00\",\"dateModified\":\"2026-05-14T02:33:40+00:00\",\"description\":\"Scopri l'eleganza e la funzionalit\u00e0 dei nostri Kuripes in legno indonesiani realizzati a mano, intagliati con precisione in legni pregiati selezionati per la loro bellezza e durata. Queste opere d'arte riflettono la ricca tradizione dell'artigianato indonesiano e offrono un'autentica esperienza di somministrazione del rap\u00e9. Ideale per le pratiche spirituali e di meditazione, ogni kuripe \u00e8 un invito a godere della serenit\u00e0 e della concentrazione offerte da questa antica pratica.\",\"breadcrumb\":{\"@id\":\"https:\\\/\\\/ancestrina.com\\\/it\\\/producto\\\/kuripes-legno\\\/#breadcrumb\"},\"inLanguage\":\"it-IT\",\"potentialAction\":[{\"@type\":\"ReadAction\",\"target\":[\"https:\\\/\\\/ancestrina.com\\\/it\\\/producto\\\/kuripes-legno\\\/\"]}]},{\"@type\":\"ImageObject\",\"inLanguage\":\"it-IT\",\"@id\":\"https:\\\/\\\/ancestrina.com\\\/it\\\/producto\\\/kuripes-legno\\\/#primaryimage\",\"url\":\"https:\\\/\\\/ancestrina.com\\\/wp-content\\\/uploads\\\/kuripes-indonesia.jpg\",\"contentUrl\":\"https:\\\/\\\/ancestrina.com\\\/wp-content\\\/uploads\\\/kuripes-indonesia.jpg\",\"width\":2048,\"height\":2048},{\"@type\":\"BreadcrumbList\",\"@id\":\"https:\\\/\\\/ancestrina.com\\\/it\\\/producto\\\/kuripes-legno\\\/#breadcrumb\",\"itemListElement\":[{\"@type\":\"ListItem\",\"position\":1,\"name\":\"Home\",\"item\":\"https:\\\/\\\/ancestrina.com\\\/it\\\/casa\\\/\"},{\"@type\":\"ListItem\",\"position\":2,\"name\":\"Negozio\",\"item\":\"https:\\\/\\\/ancestrina.com\\\/it\\\/negozio\\\/\"},{\"@type\":\"ListItem\",\"position\":3,\"name\":\"Legno Kuripe Indonesia\"}]},{\"@type\":\"WebSite\",\"@id\":\"https:\\\/\\\/ancestrina.com\\\/it\\\/#website\",\"url\":\"https:\\\/\\\/ancestrina.com\\\/it\\\/\",\"name\":\"Ancestrina\",\"description\":\"Trabajamos experiencias con plantas maestras, terapias integradoras y cultos ancestrales\",\"publisher\":{\"@id\":\"https:\\\/\\\/ancestrina.com\\\/it\\\/#organization\"},\"potentialAction\":[{\"@type\":\"SearchAction\",\"target\":{\"@type\":\"EntryPoint\",\"urlTemplate\":\"https:\\\/\\\/ancestrina.com\\\/it\\\/?s={search_term_string}\"},\"query-input\":{\"@type\":\"PropertyValueSpecification\",\"valueRequired\":true,\"valueName\":\"search_term_string\"}}],\"inLanguage\":\"it-IT\"},{\"@type\":\"Organization\",\"@id\":\"https:\\\/\\\/ancestrina.com\\\/it\\\/#organization\",\"name\":\"Ancestrina\",\"url\":\"https:\\\/\\\/ancestrina.com\\\/it\\\/\",\"logo\":{\"@type\":\"ImageObject\",\"inLanguage\":\"it-IT\",\"@id\":\"https:\\\/\\\/ancestrina.com\\\/it\\\/#\\\/schema\\\/logo\\\/image\\\/\",\"url\":\"https:\\\/\\\/ancestrina.com\\\/wp-content\\\/uploads\\\/2020\\\/06\\\/cropped-LOGO-ANCESTRINA-1.png\",\"contentUrl\":\"https:\\\/\\\/ancestrina.com\\\/wp-content\\\/uploads\\\/2020\\\/06\\\/cropped-LOGO-ANCESTRINA-1.png\",\"width\":630,\"height\":202,\"caption\":\"Ancestrina\"},\"image\":{\"@id\":\"https:\\\/\\\/ancestrina.com\\\/it\\\/#\\\/schema\\\/logo\\\/image\\\/\"},\"sameAs\":[\"https:\\\/\\\/www.facebook.com\\\/Ancestrina\\\/\",\"https:\\\/\\\/www.instagram.com\\\/ancestrina\\\/\",\"https:\\\/\\\/www.youtube.com\\\/channel\\\/UCgtt6WFhEIVEI30PzxlOeIw\"]}]}<\/script>\n<!-- \/ Yoast SEO Premium plugin. -->","yoast_head_json":{"title":"Legno Kuripe Indonesia Ancestrina","description":"Scopri l'eleganza e la funzionalit\u00e0 dei nostri Kuripes in legno indonesiani realizzati a mano, intagliati con precisione in legni pregiati selezionati per la loro bellezza e durata. Queste opere d'arte riflettono la ricca tradizione dell'artigianato indonesiano e offrono un'autentica esperienza di somministrazione del rap\u00e9. Ideale per le pratiche spirituali e di meditazione, ogni kuripe \u00e8 un invito a godere della serenit\u00e0 e della concentrazione offerte da questa antica pratica.","robots":{"index":"index","follow":"follow","max-snippet":"max-snippet:-1","max-image-preview":"max-image-preview:large","max-video-preview":"max-video-preview:-1"},"canonical":"https:\/\/ancestrina.com\/it\/producto\/kuripes-legno\/","og_locale":"it_IT","og_type":"article","og_title":"Legno Kuripe Indonesia","og_description":"Scopri l'eleganza e la funzionalit\u00e0 dei nostri Kuripes in legno indonesiani realizzati a mano, intagliati con precisione in legni pregiati selezionati per la loro bellezza e durata. Queste opere d'arte riflettono la ricca tradizione dell'artigianato indonesiano e offrono un'autentica esperienza di somministrazione del rap\u00e9. Ideale per le pratiche spirituali e di meditazione, ogni kuripe \u00e8 un invito a godere della serenit\u00e0 e della concentrazione offerte da questa antica pratica.","og_url":"https:\/\/ancestrina.com\/it\/producto\/kuripes-legno\/","og_site_name":"Ancestrina","article_publisher":"https:\/\/www.facebook.com\/Ancestrina\/","article_modified_time":"2026-05-14T02:33:40+00:00","og_image":[{"width":2048,"height":2048,"url":"https:\/\/ancestrina.com\/wp-content\/uploads\/kuripes-indonesia.jpg","type":"image\/jpeg"}],"twitter_card":"summary_large_image","twitter_misc":{"Tempo di lettura stimato":"1 minuto"},"schema":{"@context":"https:\/\/schema.org","@graph":[{"@type":"WebPage","@id":"https:\/\/ancestrina.com\/it\/producto\/kuripes-legno\/","url":"https:\/\/ancestrina.com\/it\/producto\/kuripes-legno\/","name":"Legno Kuripe Indonesia Ancestrina","isPartOf":{"@id":"https:\/\/ancestrina.com\/it\/#website"},"primaryImageOfPage":{"@id":"https:\/\/ancestrina.com\/it\/producto\/kuripes-legno\/#primaryimage"},"image":{"@id":"https:\/\/ancestrina.com\/it\/producto\/kuripes-legno\/#primaryimage"},"thumbnailUrl":"https:\/\/ancestrina.com\/wp-content\/uploads\/kuripes-indonesia.jpg","datePublished":"2021-06-18T21:41:49+00:00","dateModified":"2026-05-14T02:33:40+00:00","description":"Scopri l'eleganza e la funzionalit\u00e0 dei nostri Kuripes in legno indonesiani realizzati a mano, intagliati con precisione in legni pregiati selezionati per la loro bellezza e durata. Queste opere d'arte riflettono la ricca tradizione dell'artigianato indonesiano e offrono un'autentica esperienza di somministrazione del rap\u00e9. Ideale per le pratiche spirituali e di meditazione, ogni kuripe \u00e8 un invito a godere della serenit\u00e0 e della concentrazione offerte da questa antica pratica.","breadcrumb":{"@id":"https:\/\/ancestrina.com\/it\/producto\/kuripes-legno\/#breadcrumb"},"inLanguage":"it-IT","potentialAction":[{"@type":"ReadAction","target":["https:\/\/ancestrina.com\/it\/producto\/kuripes-legno\/"]}]},{"@type":"ImageObject","inLanguage":"it-IT","@id":"https:\/\/ancestrina.com\/it\/producto\/kuripes-legno\/#primaryimage","url":"https:\/\/ancestrina.com\/wp-content\/uploads\/kuripes-indonesia.jpg","contentUrl":"https:\/\/ancestrina.com\/wp-content\/uploads\/kuripes-indonesia.jpg","width":2048,"height":2048},{"@type":"BreadcrumbList","@id":"https:\/\/ancestrina.com\/it\/producto\/kuripes-legno\/#breadcrumb","itemListElement":[{"@type":"ListItem","position":1,"name":"Home","item":"https:\/\/ancestrina.com\/it\/casa\/"},{"@type":"ListItem","position":2,"name":"Negozio","item":"https:\/\/ancestrina.com\/it\/negozio\/"},{"@type":"ListItem","position":3,"name":"Legno Kuripe Indonesia"}]},{"@type":"WebSite","@id":"https:\/\/ancestrina.com\/it\/#website","url":"https:\/\/ancestrina.com\/it\/","name":"Ancestrina","description":"Trabajamos experiencias con plantas maestras, terapias integradoras y cultos ancestrales","publisher":{"@id":"https:\/\/ancestrina.com\/it\/#organization"},"potentialAction":[{"@type":"SearchAction","target":{"@type":"EntryPoint","urlTemplate":"https:\/\/ancestrina.com\/it\/?s={search_term_string}"},"query-input":{"@type":"PropertyValueSpecification","valueRequired":true,"valueName":"search_term_string"}}],"inLanguage":"it-IT"},{"@type":"Organization","@id":"https:\/\/ancestrina.com\/it\/#organization","name":"Ancestrina","url":"https:\/\/ancestrina.com\/it\/","logo":{"@type":"ImageObject","inLanguage":"it-IT","@id":"https:\/\/ancestrina.com\/it\/#\/schema\/logo\/image\/","url":"https:\/\/ancestrina.com\/wp-content\/uploads\/2020\/06\/cropped-LOGO-ANCESTRINA-1.png","contentUrl":"https:\/\/ancestrina.com\/wp-content\/uploads\/2020\/06\/cropped-LOGO-ANCESTRINA-1.png","width":630,"height":202,"caption":"Ancestrina"},"image":{"@id":"https:\/\/ancestrina.com\/it\/#\/schema\/logo\/image\/"},"sameAs":["https:\/\/www.facebook.com\/Ancestrina\/","https:\/\/www.instagram.com\/ancestrina\/","https:\/\/www.youtube.com\/channel\/UCgtt6WFhEIVEI30PzxlOeIw"]}]}},"_links":{"self":[{"href":"https:\/\/ancestrina.com\/it\/wp-json\/wp\/v2\/product\/14670","targetHints":{"allow":["GET"]}}],"collection":[{"href":"https:\/\/ancestrina.com\/it\/wp-json\/wp\/v2\/product"}],"about":[{"href":"https:\/\/ancestrina.com\/it\/wp-json\/wp\/v2\/types\/product"}],"replies":[{"embeddable":true,"href":"https:\/\/ancestrina.com\/it\/wp-json\/wp\/v2\/comments?post=14670"}],"version-history":[{"count":3,"href":"https:\/\/ancestrina.com\/it\/wp-json\/wp\/v2\/product\/14670\/revisions"}],"predecessor-version":[{"id":37885,"href":"https:\/\/ancestrina.com\/it\/wp-json\/wp\/v2\/product\/14670\/revisions\/37885"}],"wp:featuredmedia":[{"embeddable":true,"href":"https:\/\/ancestrina.com\/it\/wp-json\/wp\/v2\/media\/34874"}],"wp:attachment":[{"href":"https:\/\/ancestrina.com\/it\/wp-json\/wp\/v2\/media?parent=14670"}],"wp:term":[{"taxonomy":"product_brand","embeddable":true,"href":"https:\/\/ancestrina.com\/it\/wp-json\/wp\/v2\/product_brand?post=14670"},{"taxonomy":"product_cat","embeddable":true,"href":"https:\/\/ancestrina.com\/it\/wp-json\/wp\/v2\/product_cat?post=14670"},{"taxonomy":"product_tag","embeddable":true,"href":"https:\/\/ancestrina.com\/it\/wp-json\/wp\/v2\/product_tag?post=14670"}],"curies":[{"name":"wp","href":"https:\/\/api.w.org\/{rel}","templated":true}]}}