{"id":14604,"date":"2021-11-16T20:17:13","date_gmt":"2021-11-16T20:17:13","guid":{"rendered":"http:\/\/ancestrina.com\/producto\/legno-di-tepi\/"},"modified":"2026-05-17T03:44:26","modified_gmt":"2026-05-17T08:44:26","slug":"tepi-legno","status":"publish","type":"product","link":"https:\/\/ancestrina.com\/it\/producto\/tepi-legno\/","title":{"rendered":"Tepi Madera"},"content":{"rendered":"<p>Scoprite la bellezza e la funzionalit\u00e0 dei nostri Tepi in legno fatti a mano, creati da abili artigiani colombiani che si dedicano alla conservazione e alla celebrazione delle tradizioni ancestrali. Ogni tepi \u00e8 intagliato a mano in un legno selezionato per la sua qualit\u00e0 e resistenza, garantendo non solo la durata ma anche un'esperienza autentica a ogni utilizzo.<\/p>\n<p>I nostri tepi sono strumenti essenziali nei rituali del rap\u00e9, progettati per facilitare la somministrazione di questa sacra medicina in modo rispettoso ed efficace. La semplicit\u00e0 del suo design riflette la purezza e l'intenzione del suo utilizzo: connettersi con l'antica saggezza e facilitare un viaggio di guarigione e conoscenza di s\u00e9.<\/p>\n<p>Ogni tepi \u00e8 un'opera d'arte in s\u00e9, con dettagli sottili che evidenziano la texture naturale del legno e la sua finitura liscia che garantisce il comfort al tatto. Il suo design ergonomico consente un utilizzo facile e sicuro, ideale per cerimonie personali o di gruppo. Scegliendo i nostri tepi, non solo acquistate un pezzo funzionale, ma sostenete anche le comunit\u00e0 di artigiani colombiani che continuano a tramandare le loro abilit\u00e0 e conoscenze di generazione in generazione.<\/p>\n<p>Utilizzate i nostri tepi artigianali in legno per approfondire la vostra pratica spirituale e connettervi con le radici profonde della cultura indigena, godendo della precisione e della bellezza che solo il lavoro fatto a mano pu\u00f2 offrire.<\/p>\n","protected":false},"excerpt":{"rendered":"<p>Esplorate la tradizione e la precisione dei nostri Tepi artigianali in legno, meticolosamente intagliati a mano da esperti artigiani colombiani. Ogni tepi combina funzionalit\u00e0 ed estetica naturale, progettato per facilitare l&#8217;uso cerimoniale del rap\u00e9 nelle pratiche di guarigione e meditazione. Scegliendo i nostri tepis, sostenete la continuit\u00e0 delle competenze artigianali e la ricchezza culturale, immergendovi in un&#8217;esperienza spirituale autentica e rispettosa.<\/p>\n","protected":false},"featured_media":35161,"comment_status":"open","ping_status":"closed","template":"","meta":{"order-bump-settings":[],"_wpfnl_thankyou_order_overview":"on","_wpfnl_thankyou_order_details":"on","_wpfnl_thankyou_billing_details":"on","_wpfnl_thankyou_shipping_details":"on","site-sidebar-layout":"default","site-content-layout":"default","ast-site-content-layout":"default","site-content-style":"default","site-sidebar-style":"default","ast-global-header-display":"","ast-banner-title-visibility":"","ast-main-header-display":"","ast-hfb-above-header-display":"","ast-hfb-below-header-display":"","ast-hfb-mobile-header-display":"","site-post-title":"","ast-breadcrumbs-content":"","ast-featured-img":"","footer-sml-layout":"","ast-disable-related-posts":"","theme-transparent-header-meta":"default","adv-header-id-meta":"","stick-header-meta":"","header-above-stick-meta":"","header-main-stick-meta":"","header-below-stick-meta":"","astra-migrate-meta-layouts":"default","ast-page-background-enabled":"default","ast-page-background-meta":{"desktop":{"background-color":"","background-image":"","background-repeat":"repeat","background-position":"center center","background-size":"auto","background-attachment":"scroll","background-type":"","background-media":"","overlay-type":"","overlay-color":"","overlay-opacity":"","overlay-gradient":""},"tablet":{"background-color":"","background-image":"","background-repeat":"repeat","background-position":"center center","background-size":"auto","background-attachment":"scroll","background-type":"","background-media":"","overlay-type":"","overlay-color":"","overlay-opacity":"","overlay-gradient":""},"mobile":{"background-color":"","background-image":"","background-repeat":"repeat","background-position":"center center","background-size":"auto","background-attachment":"scroll","background-type":"","background-media":"","overlay-type":"","overlay-color":"","overlay-opacity":"","overlay-gradient":""}},"ast-content-background-meta":{"desktop":{"background-color":"var(--ast-global-color-5)","background-image":"","background-repeat":"repeat","background-position":"center center","background-size":"auto","background-attachment":"scroll","background-type":"","background-media":"","overlay-type":"","overlay-color":"","overlay-opacity":"","overlay-gradient":""},"tablet":{"background-color":"var(--ast-global-color-5)","background-image":"","background-repeat":"repeat","background-position":"center center","background-size":"auto","background-attachment":"scroll","background-type":"","background-media":"","overlay-type":"","overlay-color":"","overlay-opacity":"","overlay-gradient":""},"mobile":{"background-color":"var(--ast-global-color-5)","background-image":"","background-repeat":"repeat","background-position":"center center","background-size":"auto","background-attachment":"scroll","background-type":"","background-media":"","overlay-type":"","overlay-color":"","overlay-opacity":"","overlay-gradient":""}},"_joinchat":[]},"product_brand":[],"product_cat":[551,549],"product_tag":[],"class_list":{"0":"post-14604","1":"product","2":"type-product","3":"status-publish","4":"has-post-thumbnail","6":"product_cat-accessori","7":"product_cat-tepis-it","8":"desktop-align-center","9":"tablet-align-left","10":"mobile-align-left","12":"first","13":"instock","14":"shipping-taxable","15":"purchasable","16":"product-type-simple"},"yoast_head":"<!-- This site is optimized with the Yoast SEO Premium plugin v22.6 (Yoast SEO v27.6) - https:\/\/yoast.com\/product\/yoast-seo-premium-wordpress\/ -->\n<title>Tepi Madera Ancestrina<\/title>\n<meta name=\"description\" content=\"Scopri la tradizione e la precisione dei nostri Tepi artigianali in legno, intagliati a mano da esperti artigiani colombiani. Funzionali ed estetici, facilitano l&#039;uso cerimoniale del rap\u00e9 nelle pratiche di guarigione e meditazione. Scegliendo i nostri tepi, sostieni la continuit\u00e0 delle abilit\u00e0 artigianali e ti immergi in un&#039;esperienza spirituale autentica e rispettosa.\" \/>\n<meta name=\"robots\" content=\"index, follow, max-snippet:-1, max-image-preview:large, max-video-preview:-1\" \/>\n<link rel=\"canonical\" href=\"https:\/\/ancestrina.com\/it\/producto\/tepi-legno\/\" \/>\n<meta property=\"og:locale\" content=\"it_IT\" \/>\n<meta property=\"og:type\" content=\"article\" \/>\n<meta property=\"og:title\" content=\"Tepi Madera\" \/>\n<meta property=\"og:description\" content=\"Scopri la tradizione e la precisione dei nostri Tepi artigianali in legno, intagliati a mano da esperti artigiani colombiani. Funzionali ed estetici, facilitano l&#039;uso cerimoniale del rap\u00e9 nelle pratiche di guarigione e meditazione. Scegliendo i nostri tepi, sostieni la continuit\u00e0 delle abilit\u00e0 artigianali e ti immergi in un&#039;esperienza spirituale autentica e rispettosa.\" \/>\n<meta property=\"og:url\" content=\"https:\/\/ancestrina.com\/it\/producto\/tepi-legno\/\" \/>\n<meta property=\"og:site_name\" content=\"Ancestrina\" \/>\n<meta property=\"article:publisher\" content=\"https:\/\/www.facebook.com\/Ancestrina\/\" \/>\n<meta property=\"article:modified_time\" content=\"2026-05-17T08:44:26+00:00\" \/>\n<meta property=\"og:image\" content=\"https:\/\/ancestrina.com\/wp-content\/uploads\/tepis.jpg\" \/>\n\t<meta property=\"og:image:width\" content=\"2048\" \/>\n\t<meta property=\"og:image:height\" content=\"2048\" \/>\n\t<meta property=\"og:image:type\" content=\"image\/jpeg\" \/>\n<meta name=\"twitter:card\" content=\"summary_large_image\" \/>\n<meta name=\"twitter:label1\" content=\"Tempo di lettura stimato\" \/>\n\t<meta name=\"twitter:data1\" content=\"1 minuto\" \/>\n<script type=\"application\/ld+json\" class=\"yoast-schema-graph\">{\"@context\":\"https:\\\/\\\/schema.org\",\"@graph\":[{\"@type\":\"WebPage\",\"@id\":\"https:\\\/\\\/ancestrina.com\\\/it\\\/producto\\\/tepi-legno\\\/\",\"url\":\"https:\\\/\\\/ancestrina.com\\\/it\\\/producto\\\/tepi-legno\\\/\",\"name\":\"Tepi Madera Ancestrina\",\"isPartOf\":{\"@id\":\"https:\\\/\\\/ancestrina.com\\\/it\\\/#website\"},\"primaryImageOfPage\":{\"@id\":\"https:\\\/\\\/ancestrina.com\\\/it\\\/producto\\\/tepi-legno\\\/#primaryimage\"},\"image\":{\"@id\":\"https:\\\/\\\/ancestrina.com\\\/it\\\/producto\\\/tepi-legno\\\/#primaryimage\"},\"thumbnailUrl\":\"https:\\\/\\\/ancestrina.com\\\/wp-content\\\/uploads\\\/tepis.jpg\",\"datePublished\":\"2021-11-16T20:17:13+00:00\",\"dateModified\":\"2026-05-17T08:44:26+00:00\",\"description\":\"Scopri la tradizione e la precisione dei nostri Tepi artigianali in legno, intagliati a mano da esperti artigiani colombiani. Funzionali ed estetici, facilitano l'uso cerimoniale del rap\u00e9 nelle pratiche di guarigione e meditazione. Scegliendo i nostri tepi, sostieni la continuit\u00e0 delle abilit\u00e0 artigianali e ti immergi in un'esperienza spirituale autentica e rispettosa.\",\"breadcrumb\":{\"@id\":\"https:\\\/\\\/ancestrina.com\\\/it\\\/producto\\\/tepi-legno\\\/#breadcrumb\"},\"inLanguage\":\"it-IT\",\"potentialAction\":[{\"@type\":\"ReadAction\",\"target\":[\"https:\\\/\\\/ancestrina.com\\\/it\\\/producto\\\/tepi-legno\\\/\"]}]},{\"@type\":\"ImageObject\",\"inLanguage\":\"it-IT\",\"@id\":\"https:\\\/\\\/ancestrina.com\\\/it\\\/producto\\\/tepi-legno\\\/#primaryimage\",\"url\":\"https:\\\/\\\/ancestrina.com\\\/wp-content\\\/uploads\\\/tepis.jpg\",\"contentUrl\":\"https:\\\/\\\/ancestrina.com\\\/wp-content\\\/uploads\\\/tepis.jpg\",\"width\":2048,\"height\":2048},{\"@type\":\"BreadcrumbList\",\"@id\":\"https:\\\/\\\/ancestrina.com\\\/it\\\/producto\\\/tepi-legno\\\/#breadcrumb\",\"itemListElement\":[{\"@type\":\"ListItem\",\"position\":1,\"name\":\"Home\",\"item\":\"https:\\\/\\\/ancestrina.com\\\/it\\\/casa\\\/\"},{\"@type\":\"ListItem\",\"position\":2,\"name\":\"Negozio\",\"item\":\"https:\\\/\\\/ancestrina.com\\\/it\\\/negozio\\\/\"},{\"@type\":\"ListItem\",\"position\":3,\"name\":\"Tepi Madera\"}]},{\"@type\":\"WebSite\",\"@id\":\"https:\\\/\\\/ancestrina.com\\\/it\\\/#website\",\"url\":\"https:\\\/\\\/ancestrina.com\\\/it\\\/\",\"name\":\"Ancestrina\",\"description\":\"Trabajamos experiencias con plantas maestras, terapias integradoras y cultos ancestrales\",\"publisher\":{\"@id\":\"https:\\\/\\\/ancestrina.com\\\/it\\\/#organization\"},\"potentialAction\":[{\"@type\":\"SearchAction\",\"target\":{\"@type\":\"EntryPoint\",\"urlTemplate\":\"https:\\\/\\\/ancestrina.com\\\/it\\\/?s={search_term_string}\"},\"query-input\":{\"@type\":\"PropertyValueSpecification\",\"valueRequired\":true,\"valueName\":\"search_term_string\"}}],\"inLanguage\":\"it-IT\"},{\"@type\":\"Organization\",\"@id\":\"https:\\\/\\\/ancestrina.com\\\/it\\\/#organization\",\"name\":\"Ancestrina\",\"url\":\"https:\\\/\\\/ancestrina.com\\\/it\\\/\",\"logo\":{\"@type\":\"ImageObject\",\"inLanguage\":\"it-IT\",\"@id\":\"https:\\\/\\\/ancestrina.com\\\/it\\\/#\\\/schema\\\/logo\\\/image\\\/\",\"url\":\"https:\\\/\\\/ancestrina.com\\\/wp-content\\\/uploads\\\/2020\\\/06\\\/cropped-LOGO-ANCESTRINA-1.png\",\"contentUrl\":\"https:\\\/\\\/ancestrina.com\\\/wp-content\\\/uploads\\\/2020\\\/06\\\/cropped-LOGO-ANCESTRINA-1.png\",\"width\":630,\"height\":202,\"caption\":\"Ancestrina\"},\"image\":{\"@id\":\"https:\\\/\\\/ancestrina.com\\\/it\\\/#\\\/schema\\\/logo\\\/image\\\/\"},\"sameAs\":[\"https:\\\/\\\/www.facebook.com\\\/Ancestrina\\\/\",\"https:\\\/\\\/www.instagram.com\\\/ancestrina\\\/\",\"https:\\\/\\\/www.youtube.com\\\/channel\\\/UCgtt6WFhEIVEI30PzxlOeIw\"]}]}<\/script>\n<!-- \/ Yoast SEO Premium plugin. -->","yoast_head_json":{"title":"Tepi Madera Ancestrina","description":"Scopri la tradizione e la precisione dei nostri Tepi artigianali in legno, intagliati a mano da esperti artigiani colombiani. Funzionali ed estetici, facilitano l'uso cerimoniale del rap\u00e9 nelle pratiche di guarigione e meditazione. Scegliendo i nostri tepi, sostieni la continuit\u00e0 delle abilit\u00e0 artigianali e ti immergi in un'esperienza spirituale autentica e rispettosa.","robots":{"index":"index","follow":"follow","max-snippet":"max-snippet:-1","max-image-preview":"max-image-preview:large","max-video-preview":"max-video-preview:-1"},"canonical":"https:\/\/ancestrina.com\/it\/producto\/tepi-legno\/","og_locale":"it_IT","og_type":"article","og_title":"Tepi Madera","og_description":"Scopri la tradizione e la precisione dei nostri Tepi artigianali in legno, intagliati a mano da esperti artigiani colombiani. Funzionali ed estetici, facilitano l'uso cerimoniale del rap\u00e9 nelle pratiche di guarigione e meditazione. Scegliendo i nostri tepi, sostieni la continuit\u00e0 delle abilit\u00e0 artigianali e ti immergi in un'esperienza spirituale autentica e rispettosa.","og_url":"https:\/\/ancestrina.com\/it\/producto\/tepi-legno\/","og_site_name":"Ancestrina","article_publisher":"https:\/\/www.facebook.com\/Ancestrina\/","article_modified_time":"2026-05-17T08:44:26+00:00","og_image":[{"width":2048,"height":2048,"url":"https:\/\/ancestrina.com\/wp-content\/uploads\/tepis.jpg","type":"image\/jpeg"}],"twitter_card":"summary_large_image","twitter_misc":{"Tempo di lettura stimato":"1 minuto"},"schema":{"@context":"https:\/\/schema.org","@graph":[{"@type":"WebPage","@id":"https:\/\/ancestrina.com\/it\/producto\/tepi-legno\/","url":"https:\/\/ancestrina.com\/it\/producto\/tepi-legno\/","name":"Tepi Madera Ancestrina","isPartOf":{"@id":"https:\/\/ancestrina.com\/it\/#website"},"primaryImageOfPage":{"@id":"https:\/\/ancestrina.com\/it\/producto\/tepi-legno\/#primaryimage"},"image":{"@id":"https:\/\/ancestrina.com\/it\/producto\/tepi-legno\/#primaryimage"},"thumbnailUrl":"https:\/\/ancestrina.com\/wp-content\/uploads\/tepis.jpg","datePublished":"2021-11-16T20:17:13+00:00","dateModified":"2026-05-17T08:44:26+00:00","description":"Scopri la tradizione e la precisione dei nostri Tepi artigianali in legno, intagliati a mano da esperti artigiani colombiani. Funzionali ed estetici, facilitano l'uso cerimoniale del rap\u00e9 nelle pratiche di guarigione e meditazione. Scegliendo i nostri tepi, sostieni la continuit\u00e0 delle abilit\u00e0 artigianali e ti immergi in un'esperienza spirituale autentica e rispettosa.","breadcrumb":{"@id":"https:\/\/ancestrina.com\/it\/producto\/tepi-legno\/#breadcrumb"},"inLanguage":"it-IT","potentialAction":[{"@type":"ReadAction","target":["https:\/\/ancestrina.com\/it\/producto\/tepi-legno\/"]}]},{"@type":"ImageObject","inLanguage":"it-IT","@id":"https:\/\/ancestrina.com\/it\/producto\/tepi-legno\/#primaryimage","url":"https:\/\/ancestrina.com\/wp-content\/uploads\/tepis.jpg","contentUrl":"https:\/\/ancestrina.com\/wp-content\/uploads\/tepis.jpg","width":2048,"height":2048},{"@type":"BreadcrumbList","@id":"https:\/\/ancestrina.com\/it\/producto\/tepi-legno\/#breadcrumb","itemListElement":[{"@type":"ListItem","position":1,"name":"Home","item":"https:\/\/ancestrina.com\/it\/casa\/"},{"@type":"ListItem","position":2,"name":"Negozio","item":"https:\/\/ancestrina.com\/it\/negozio\/"},{"@type":"ListItem","position":3,"name":"Tepi Madera"}]},{"@type":"WebSite","@id":"https:\/\/ancestrina.com\/it\/#website","url":"https:\/\/ancestrina.com\/it\/","name":"Ancestrina","description":"Trabajamos experiencias con plantas maestras, terapias integradoras y cultos ancestrales","publisher":{"@id":"https:\/\/ancestrina.com\/it\/#organization"},"potentialAction":[{"@type":"SearchAction","target":{"@type":"EntryPoint","urlTemplate":"https:\/\/ancestrina.com\/it\/?s={search_term_string}"},"query-input":{"@type":"PropertyValueSpecification","valueRequired":true,"valueName":"search_term_string"}}],"inLanguage":"it-IT"},{"@type":"Organization","@id":"https:\/\/ancestrina.com\/it\/#organization","name":"Ancestrina","url":"https:\/\/ancestrina.com\/it\/","logo":{"@type":"ImageObject","inLanguage":"it-IT","@id":"https:\/\/ancestrina.com\/it\/#\/schema\/logo\/image\/","url":"https:\/\/ancestrina.com\/wp-content\/uploads\/2020\/06\/cropped-LOGO-ANCESTRINA-1.png","contentUrl":"https:\/\/ancestrina.com\/wp-content\/uploads\/2020\/06\/cropped-LOGO-ANCESTRINA-1.png","width":630,"height":202,"caption":"Ancestrina"},"image":{"@id":"https:\/\/ancestrina.com\/it\/#\/schema\/logo\/image\/"},"sameAs":["https:\/\/www.facebook.com\/Ancestrina\/","https:\/\/www.instagram.com\/ancestrina\/","https:\/\/www.youtube.com\/channel\/UCgtt6WFhEIVEI30PzxlOeIw"]}]}},"_links":{"self":[{"href":"https:\/\/ancestrina.com\/it\/wp-json\/wp\/v2\/product\/14604","targetHints":{"allow":["GET"]}}],"collection":[{"href":"https:\/\/ancestrina.com\/it\/wp-json\/wp\/v2\/product"}],"about":[{"href":"https:\/\/ancestrina.com\/it\/wp-json\/wp\/v2\/types\/product"}],"replies":[{"embeddable":true,"href":"https:\/\/ancestrina.com\/it\/wp-json\/wp\/v2\/comments?post=14604"}],"version-history":[{"count":2,"href":"https:\/\/ancestrina.com\/it\/wp-json\/wp\/v2\/product\/14604\/revisions"}],"predecessor-version":[{"id":37900,"href":"https:\/\/ancestrina.com\/it\/wp-json\/wp\/v2\/product\/14604\/revisions\/37900"}],"wp:featuredmedia":[{"embeddable":true,"href":"https:\/\/ancestrina.com\/it\/wp-json\/wp\/v2\/media\/35161"}],"wp:attachment":[{"href":"https:\/\/ancestrina.com\/it\/wp-json\/wp\/v2\/media?parent=14604"}],"wp:term":[{"taxonomy":"product_brand","embeddable":true,"href":"https:\/\/ancestrina.com\/it\/wp-json\/wp\/v2\/product_brand?post=14604"},{"taxonomy":"product_cat","embeddable":true,"href":"https:\/\/ancestrina.com\/it\/wp-json\/wp\/v2\/product_cat?post=14604"},{"taxonomy":"product_tag","embeddable":true,"href":"https:\/\/ancestrina.com\/it\/wp-json\/wp\/v2\/product_tag?post=14604"}],"curies":[{"name":"wp","href":"https:\/\/api.w.org\/{rel}","templated":true}]}}