{"id":37387,"date":"2025-05-13T14:33:41","date_gmt":"2025-05-13T19:33:41","guid":{"rendered":"https:\/\/ancestrina.com\/producto\/libro-el-llamado-del-rape\/"},"modified":"2026-05-16T18:18:52","modified_gmt":"2026-05-16T23:18:52","slug":"libro-el-llamado-del-rape","status":"publish","type":"product","link":"https:\/\/ancestrina.com\/fr\/producto\/libro-el-llamado-del-rape\/","title":{"rendered":"Livre (livre de poche physique) : L\u2019appel du tabac \u00e0 priser"},"content":{"rendered":"<h3>Sur ces pages, vous d\u00e9couvrirez :<\/h3>\n<ul class=\"elementor-icon-list-items\">\n<li class=\"elementor-icon-list-item\"><span class=\"elementor-icon-list-text\">Une histoire vraie de transformation spirituelle guid\u00e9e par la m\u00e9decine du tabac \u00e0 priser.<\/span><\/li>\n<li class=\"elementor-icon-list-item\"><span class=\"elementor-icon-list-text\">L\u2019origine ancestrale, la signification culturelle et l\u2019utilisation c\u00e9r\u00e9monielle du tabac \u00e0 priser dans diverses traditions autochtones.<\/span><\/li>\n<li class=\"elementor-icon-list-item\"><span class=\"elementor-icon-list-text\">Enseignements pratiques pour aborder les m\u00e9decines sacr\u00e9es de mani\u00e8re consciente et respectueuse.<\/span><\/li>\n<li class=\"elementor-icon-list-item\"><span class=\"elementor-icon-list-text\">R\u00e9flexions profondes sur l\u2019\u00e9veil spirituel, la connaissance de soi et la reconnexion avec la Terre M\u00e8re.<\/span><\/li>\n<li class=\"elementor-icon-list-item\"><span class=\"elementor-icon-list-text\">Un appel clair \u00e0 la responsabilit\u00e9 personnelle sur le chemin de la gu\u00e9rison : la m\u00e9decine est un pont, pas un destin.<\/span><\/li>\n<li class=\"elementor-icon-list-item\"><span class=\"elementor-icon-list-text\">L\u2019inspiration pour int\u00e9grer des pratiques ancestrales dans votre vie moderne avec d\u00e9termination, authenticit\u00e9 et gratitude.<\/span><\/li>\n<\/ul>\n<p>\u00ab&nbsp;L\u2019appel du tabac \u00e0 priser : un souffle sacr\u00e9 pour gu\u00e9rir les blessures de votre \u00e2me&nbsp;\u00bb est un ouvrage transformateur \u00e9crit par V\u00edctor Silva, qui invite le lecteur \u00e0 se lancer dans un profond voyage de gu\u00e9rison et de reconnexion spirituelle gr\u00e2ce \u00e0 l\u2019utilisation consciente du tabac \u00e0 priser, une m\u00e9decine ancestrale utilis\u00e9e dans diverses traditions indig\u00e8nes. Plus qu\u2019un simple manuel, ce livre est le t\u00e9moignage vivant d\u2019une transformation personnelle, o\u00f9 l\u2019auteur partage son exp\u00e9rience de vie marqu\u00e9e par la douleur et comment il a trouv\u00e9 dans les m\u00e9decines ancestrales, notamment le tabac \u00e0 priser, un chemin vers la lib\u00e9ration int\u00e9rieure. <\/p>\n<p>Au fil des pages, le lecteur d\u00e9couvrira l\u2019origine ancestrale, la signification culturelle et l\u2019utilisation c\u00e9r\u00e9monielle du tabac \u00e0 priser, ainsi que des enseignements pratiques pour aborder les m\u00e9decines sacr\u00e9es de mani\u00e8re consciente et respectueuse. Le livre offre des r\u00e9flexions profondes sur l\u2019\u00e9veil spirituel, la connaissance de soi et la reconnexion avec la Terre M\u00e8re, lan\u00e7ant un appel clair \u00e0 la responsabilit\u00e9 personnelle sur le chemin de la gu\u00e9rison. <\/p>\n","protected":false},"excerpt":{"rendered":"<p>\u00ab&nbsp;L\u2019appel du tabac \u00e0 priser : un souffle sacr\u00e9 pour gu\u00e9rir les blessures de votre \u00e2me&nbsp;\u00bb est bien plus qu\u2019un manuel ou une collection de donn\u00e9es. C\u2019est l\u2019histoire vivante de la transformation de V\u00edctor Silva, qui, apr\u00e8s une enfance marqu\u00e9e par la douleur, a trouv\u00e9 dans les m\u00e9decines ancestrales, en particulier le tabac \u00e0 priser, un chemin vers la lib\u00e9ration int\u00e9rieure. <\/p>\n","protected":false},"featured_media":37073,"comment_status":"closed","ping_status":"closed","template":"","meta":{"order-bump-settings":[],"_wpfnl_thankyou_order_overview":"on","_wpfnl_thankyou_order_details":"on","_wpfnl_thankyou_billing_details":"on","_wpfnl_thankyou_shipping_details":"on","site-sidebar-layout":"default","site-content-layout":"","ast-site-content-layout":"default","site-content-style":"default","site-sidebar-style":"default","ast-global-header-display":"","ast-banner-title-visibility":"","ast-main-header-display":"","ast-hfb-above-header-display":"","ast-hfb-below-header-display":"","ast-hfb-mobile-header-display":"","site-post-title":"","ast-breadcrumbs-content":"","ast-featured-img":"","footer-sml-layout":"","ast-disable-related-posts":"","theme-transparent-header-meta":"default","adv-header-id-meta":"","stick-header-meta":"","header-above-stick-meta":"","header-main-stick-meta":"","header-below-stick-meta":"","astra-migrate-meta-layouts":"default","ast-page-background-enabled":"default","ast-page-background-meta":{"desktop":{"background-color":"","background-image":"","background-repeat":"repeat","background-position":"center center","background-size":"auto","background-attachment":"scroll","background-type":"","background-media":"","overlay-type":"","overlay-color":"","overlay-opacity":"","overlay-gradient":""},"tablet":{"background-color":"","background-image":"","background-repeat":"repeat","background-position":"center center","background-size":"auto","background-attachment":"scroll","background-type":"","background-media":"","overlay-type":"","overlay-color":"","overlay-opacity":"","overlay-gradient":""},"mobile":{"background-color":"","background-image":"","background-repeat":"repeat","background-position":"center center","background-size":"auto","background-attachment":"scroll","background-type":"","background-media":"","overlay-type":"","overlay-color":"","overlay-opacity":"","overlay-gradient":""}},"ast-content-background-meta":{"desktop":{"background-color":"var(--ast-global-color-5)","background-image":"","background-repeat":"repeat","background-position":"center center","background-size":"auto","background-attachment":"scroll","background-type":"","background-media":"","overlay-type":"","overlay-color":"","overlay-opacity":"","overlay-gradient":""},"tablet":{"background-color":"var(--ast-global-color-5)","background-image":"","background-repeat":"repeat","background-position":"center center","background-size":"auto","background-attachment":"scroll","background-type":"","background-media":"","overlay-type":"","overlay-color":"","overlay-opacity":"","overlay-gradient":""},"mobile":{"background-color":"var(--ast-global-color-5)","background-image":"","background-repeat":"repeat","background-position":"center center","background-size":"auto","background-attachment":"scroll","background-type":"","background-media":"","overlay-type":"","overlay-color":"","overlay-opacity":"","overlay-gradient":""}},"_joinchat":[]},"product_brand":[],"product_cat":[1843],"product_tag":[],"class_list":{"0":"post-37387","1":"product","2":"type-product","3":"status-publish","4":"has-post-thumbnail","6":"product_cat-varie","7":"desktop-align-center","8":"tablet-align-left","9":"mobile-align-left","11":"first","12":"instock","13":"shipping-taxable","14":"purchasable","15":"product-type-simple"},"yoast_head":"<!-- This site is optimized with the Yoast SEO Premium plugin v22.6 (Yoast SEO v27.6) - https:\/\/yoast.com\/product\/yoast-seo-premium-wordpress\/ -->\n<title>Livre (livre de poche physique) : L\u2019appel du tabac \u00e0 priser Ancestrina<\/title>\n<meta name=\"description\" content=\"\u00ab&nbsp;L\u2019appel du tabac \u00e0 priser : un souffle sacr\u00e9 pour gu\u00e9rir les blessures de votre \u00e2me&nbsp;\u00bb est bien plus qu\u2019un manuel ou une collection de donn\u00e9es. C\u2019est l\u2019histoire vivante de la transformation de V\u00edctor Silva, qui, apr\u00e8s une enfance marqu\u00e9e par la douleur, a trouv\u00e9 dans les m\u00e9decines ancestrales, en particulier le tabac \u00e0 priser, un chemin vers la lib\u00e9ration int\u00e9rieure.\" \/>\n<meta name=\"robots\" content=\"index, follow, max-snippet:-1, max-image-preview:large, max-video-preview:-1\" \/>\n<link rel=\"canonical\" href=\"https:\/\/ancestrina.com\/fr\/producto\/libro-el-llamado-del-rape\/\" \/>\n<meta property=\"og:locale\" content=\"fr_FR\" \/>\n<meta property=\"og:type\" content=\"article\" \/>\n<meta property=\"og:title\" content=\"Livre (livre de poche physique) : L\u2019appel du tabac \u00e0 priser\" \/>\n<meta property=\"og:description\" content=\"\u00ab&nbsp;L\u2019appel du tabac \u00e0 priser : un souffle sacr\u00e9 pour gu\u00e9rir les blessures de votre \u00e2me&nbsp;\u00bb est bien plus qu\u2019un manuel ou une collection de donn\u00e9es. C\u2019est l\u2019histoire vivante de la transformation de V\u00edctor Silva, qui, apr\u00e8s une enfance marqu\u00e9e par la douleur, a trouv\u00e9 dans les m\u00e9decines ancestrales, en particulier le tabac \u00e0 priser, un chemin vers la lib\u00e9ration int\u00e9rieure.\" \/>\n<meta property=\"og:url\" content=\"https:\/\/ancestrina.com\/fr\/producto\/libro-el-llamado-del-rape\/\" \/>\n<meta property=\"og:site_name\" content=\"Ancestrina\" \/>\n<meta property=\"article:publisher\" content=\"https:\/\/www.facebook.com\/Ancestrina\/\" \/>\n<meta property=\"article:modified_time\" content=\"2026-05-16T23:18:52+00:00\" \/>\n<meta property=\"og:image\" content=\"https:\/\/ancestrina.com\/wp-content\/uploads\/libros__el-llamado-del-rape.png\" \/>\n\t<meta property=\"og:image:width\" content=\"1080\" \/>\n\t<meta property=\"og:image:height\" content=\"960\" \/>\n\t<meta property=\"og:image:type\" content=\"image\/png\" \/>\n<meta name=\"twitter:card\" content=\"summary_large_image\" \/>\n<meta name=\"twitter:label1\" content=\"Dur\u00e9e de lecture estim\u00e9e\" \/>\n\t<meta name=\"twitter:data1\" content=\"2 minutes\" \/>\n<script type=\"application\/ld+json\" class=\"yoast-schema-graph\">{\"@context\":\"https:\\\/\\\/schema.org\",\"@graph\":[{\"@type\":\"WebPage\",\"@id\":\"https:\\\/\\\/ancestrina.com\\\/fr\\\/producto\\\/libro-el-llamado-del-rape\\\/\",\"url\":\"https:\\\/\\\/ancestrina.com\\\/fr\\\/producto\\\/libro-el-llamado-del-rape\\\/\",\"name\":\"Livre (livre de poche physique) : L\u2019appel du tabac \u00e0 priser Ancestrina\",\"isPartOf\":{\"@id\":\"https:\\\/\\\/ancestrina.com\\\/fr\\\/#website\"},\"primaryImageOfPage\":{\"@id\":\"https:\\\/\\\/ancestrina.com\\\/fr\\\/producto\\\/libro-el-llamado-del-rape\\\/#primaryimage\"},\"image\":{\"@id\":\"https:\\\/\\\/ancestrina.com\\\/fr\\\/producto\\\/libro-el-llamado-del-rape\\\/#primaryimage\"},\"thumbnailUrl\":\"https:\\\/\\\/ancestrina.com\\\/wp-content\\\/uploads\\\/libros__el-llamado-del-rape.png\",\"datePublished\":\"2025-05-13T19:33:41+00:00\",\"dateModified\":\"2026-05-16T23:18:52+00:00\",\"description\":\"\u00ab&nbsp;L\u2019appel du tabac \u00e0 priser : un souffle sacr\u00e9 pour gu\u00e9rir les blessures de votre \u00e2me&nbsp;\u00bb est bien plus qu\u2019un manuel ou une collection de donn\u00e9es. C\u2019est l\u2019histoire vivante de la transformation de V\u00edctor Silva, qui, apr\u00e8s une enfance marqu\u00e9e par la douleur, a trouv\u00e9 dans les m\u00e9decines ancestrales, en particulier le tabac \u00e0 priser, un chemin vers la lib\u00e9ration int\u00e9rieure.\",\"breadcrumb\":{\"@id\":\"https:\\\/\\\/ancestrina.com\\\/fr\\\/producto\\\/libro-el-llamado-del-rape\\\/#breadcrumb\"},\"inLanguage\":\"fr-FR\",\"potentialAction\":[{\"@type\":\"ReadAction\",\"target\":[\"https:\\\/\\\/ancestrina.com\\\/fr\\\/producto\\\/libro-el-llamado-del-rape\\\/\"]}]},{\"@type\":\"ImageObject\",\"inLanguage\":\"fr-FR\",\"@id\":\"https:\\\/\\\/ancestrina.com\\\/fr\\\/producto\\\/libro-el-llamado-del-rape\\\/#primaryimage\",\"url\":\"https:\\\/\\\/ancestrina.com\\\/wp-content\\\/uploads\\\/libros__el-llamado-del-rape.png\",\"contentUrl\":\"https:\\\/\\\/ancestrina.com\\\/wp-content\\\/uploads\\\/libros__el-llamado-del-rape.png\",\"width\":1080,\"height\":960,\"caption\":\"libros__el llamado del rap\u00e9\"},{\"@type\":\"BreadcrumbList\",\"@id\":\"https:\\\/\\\/ancestrina.com\\\/fr\\\/producto\\\/libro-el-llamado-del-rape\\\/#breadcrumb\",\"itemListElement\":[{\"@type\":\"ListItem\",\"position\":1,\"name\":\"Home\",\"item\":\"https:\\\/\\\/ancestrina.com\\\/fr\\\/domicile\\\/\"},{\"@type\":\"ListItem\",\"position\":2,\"name\":\"boutique\",\"item\":\"https:\\\/\\\/ancestrina.com\\\/fr\\\/boutique\\\/\"},{\"@type\":\"ListItem\",\"position\":3,\"name\":\"Livre (livre de poche physique) : L\u2019appel du tabac \u00e0 priser\"}]},{\"@type\":\"WebSite\",\"@id\":\"https:\\\/\\\/ancestrina.com\\\/fr\\\/#website\",\"url\":\"https:\\\/\\\/ancestrina.com\\\/fr\\\/\",\"name\":\"Ancestrina\",\"description\":\"Trabajamos experiencias con plantas maestras, terapias integradoras y cultos ancestrales\",\"publisher\":{\"@id\":\"https:\\\/\\\/ancestrina.com\\\/fr\\\/#organization\"},\"potentialAction\":[{\"@type\":\"SearchAction\",\"target\":{\"@type\":\"EntryPoint\",\"urlTemplate\":\"https:\\\/\\\/ancestrina.com\\\/fr\\\/?s={search_term_string}\"},\"query-input\":{\"@type\":\"PropertyValueSpecification\",\"valueRequired\":true,\"valueName\":\"search_term_string\"}}],\"inLanguage\":\"fr-FR\"},{\"@type\":\"Organization\",\"@id\":\"https:\\\/\\\/ancestrina.com\\\/fr\\\/#organization\",\"name\":\"Ancestrina\",\"url\":\"https:\\\/\\\/ancestrina.com\\\/fr\\\/\",\"logo\":{\"@type\":\"ImageObject\",\"inLanguage\":\"fr-FR\",\"@id\":\"https:\\\/\\\/ancestrina.com\\\/fr\\\/#\\\/schema\\\/logo\\\/image\\\/\",\"url\":\"https:\\\/\\\/ancestrina.com\\\/wp-content\\\/uploads\\\/2020\\\/06\\\/cropped-LOGO-ANCESTRINA-1.png\",\"contentUrl\":\"https:\\\/\\\/ancestrina.com\\\/wp-content\\\/uploads\\\/2020\\\/06\\\/cropped-LOGO-ANCESTRINA-1.png\",\"width\":630,\"height\":202,\"caption\":\"Ancestrina\"},\"image\":{\"@id\":\"https:\\\/\\\/ancestrina.com\\\/fr\\\/#\\\/schema\\\/logo\\\/image\\\/\"},\"sameAs\":[\"https:\\\/\\\/www.facebook.com\\\/Ancestrina\\\/\",\"https:\\\/\\\/www.instagram.com\\\/ancestrina\\\/\",\"https:\\\/\\\/www.youtube.com\\\/channel\\\/UCgtt6WFhEIVEI30PzxlOeIw\"]}]}<\/script>\n<!-- \/ Yoast SEO Premium plugin. -->","yoast_head_json":{"title":"Livre (livre de poche physique) : L\u2019appel du tabac \u00e0 priser Ancestrina","description":"\u00ab&nbsp;L\u2019appel du tabac \u00e0 priser : un souffle sacr\u00e9 pour gu\u00e9rir les blessures de votre \u00e2me&nbsp;\u00bb est bien plus qu\u2019un manuel ou une collection de donn\u00e9es. C\u2019est l\u2019histoire vivante de la transformation de V\u00edctor Silva, qui, apr\u00e8s une enfance marqu\u00e9e par la douleur, a trouv\u00e9 dans les m\u00e9decines ancestrales, en particulier le tabac \u00e0 priser, un chemin vers la lib\u00e9ration int\u00e9rieure.","robots":{"index":"index","follow":"follow","max-snippet":"max-snippet:-1","max-image-preview":"max-image-preview:large","max-video-preview":"max-video-preview:-1"},"canonical":"https:\/\/ancestrina.com\/fr\/producto\/libro-el-llamado-del-rape\/","og_locale":"fr_FR","og_type":"article","og_title":"Livre (livre de poche physique) : L\u2019appel du tabac \u00e0 priser","og_description":"\u00ab&nbsp;L\u2019appel du tabac \u00e0 priser : un souffle sacr\u00e9 pour gu\u00e9rir les blessures de votre \u00e2me&nbsp;\u00bb est bien plus qu\u2019un manuel ou une collection de donn\u00e9es. C\u2019est l\u2019histoire vivante de la transformation de V\u00edctor Silva, qui, apr\u00e8s une enfance marqu\u00e9e par la douleur, a trouv\u00e9 dans les m\u00e9decines ancestrales, en particulier le tabac \u00e0 priser, un chemin vers la lib\u00e9ration int\u00e9rieure.","og_url":"https:\/\/ancestrina.com\/fr\/producto\/libro-el-llamado-del-rape\/","og_site_name":"Ancestrina","article_publisher":"https:\/\/www.facebook.com\/Ancestrina\/","article_modified_time":"2026-05-16T23:18:52+00:00","og_image":[{"width":1080,"height":960,"url":"https:\/\/ancestrina.com\/wp-content\/uploads\/libros__el-llamado-del-rape.png","type":"image\/png"}],"twitter_card":"summary_large_image","twitter_misc":{"Dur\u00e9e de lecture estim\u00e9e":"2 minutes"},"schema":{"@context":"https:\/\/schema.org","@graph":[{"@type":"WebPage","@id":"https:\/\/ancestrina.com\/fr\/producto\/libro-el-llamado-del-rape\/","url":"https:\/\/ancestrina.com\/fr\/producto\/libro-el-llamado-del-rape\/","name":"Livre (livre de poche physique) : L\u2019appel du tabac \u00e0 priser Ancestrina","isPartOf":{"@id":"https:\/\/ancestrina.com\/fr\/#website"},"primaryImageOfPage":{"@id":"https:\/\/ancestrina.com\/fr\/producto\/libro-el-llamado-del-rape\/#primaryimage"},"image":{"@id":"https:\/\/ancestrina.com\/fr\/producto\/libro-el-llamado-del-rape\/#primaryimage"},"thumbnailUrl":"https:\/\/ancestrina.com\/wp-content\/uploads\/libros__el-llamado-del-rape.png","datePublished":"2025-05-13T19:33:41+00:00","dateModified":"2026-05-16T23:18:52+00:00","description":"\u00ab&nbsp;L\u2019appel du tabac \u00e0 priser : un souffle sacr\u00e9 pour gu\u00e9rir les blessures de votre \u00e2me&nbsp;\u00bb est bien plus qu\u2019un manuel ou une collection de donn\u00e9es. C\u2019est l\u2019histoire vivante de la transformation de V\u00edctor Silva, qui, apr\u00e8s une enfance marqu\u00e9e par la douleur, a trouv\u00e9 dans les m\u00e9decines ancestrales, en particulier le tabac \u00e0 priser, un chemin vers la lib\u00e9ration int\u00e9rieure.","breadcrumb":{"@id":"https:\/\/ancestrina.com\/fr\/producto\/libro-el-llamado-del-rape\/#breadcrumb"},"inLanguage":"fr-FR","potentialAction":[{"@type":"ReadAction","target":["https:\/\/ancestrina.com\/fr\/producto\/libro-el-llamado-del-rape\/"]}]},{"@type":"ImageObject","inLanguage":"fr-FR","@id":"https:\/\/ancestrina.com\/fr\/producto\/libro-el-llamado-del-rape\/#primaryimage","url":"https:\/\/ancestrina.com\/wp-content\/uploads\/libros__el-llamado-del-rape.png","contentUrl":"https:\/\/ancestrina.com\/wp-content\/uploads\/libros__el-llamado-del-rape.png","width":1080,"height":960,"caption":"libros__el llamado del rap\u00e9"},{"@type":"BreadcrumbList","@id":"https:\/\/ancestrina.com\/fr\/producto\/libro-el-llamado-del-rape\/#breadcrumb","itemListElement":[{"@type":"ListItem","position":1,"name":"Home","item":"https:\/\/ancestrina.com\/fr\/domicile\/"},{"@type":"ListItem","position":2,"name":"boutique","item":"https:\/\/ancestrina.com\/fr\/boutique\/"},{"@type":"ListItem","position":3,"name":"Livre (livre de poche physique) : L\u2019appel du tabac \u00e0 priser"}]},{"@type":"WebSite","@id":"https:\/\/ancestrina.com\/fr\/#website","url":"https:\/\/ancestrina.com\/fr\/","name":"Ancestrina","description":"Trabajamos experiencias con plantas maestras, terapias integradoras y cultos ancestrales","publisher":{"@id":"https:\/\/ancestrina.com\/fr\/#organization"},"potentialAction":[{"@type":"SearchAction","target":{"@type":"EntryPoint","urlTemplate":"https:\/\/ancestrina.com\/fr\/?s={search_term_string}"},"query-input":{"@type":"PropertyValueSpecification","valueRequired":true,"valueName":"search_term_string"}}],"inLanguage":"fr-FR"},{"@type":"Organization","@id":"https:\/\/ancestrina.com\/fr\/#organization","name":"Ancestrina","url":"https:\/\/ancestrina.com\/fr\/","logo":{"@type":"ImageObject","inLanguage":"fr-FR","@id":"https:\/\/ancestrina.com\/fr\/#\/schema\/logo\/image\/","url":"https:\/\/ancestrina.com\/wp-content\/uploads\/2020\/06\/cropped-LOGO-ANCESTRINA-1.png","contentUrl":"https:\/\/ancestrina.com\/wp-content\/uploads\/2020\/06\/cropped-LOGO-ANCESTRINA-1.png","width":630,"height":202,"caption":"Ancestrina"},"image":{"@id":"https:\/\/ancestrina.com\/fr\/#\/schema\/logo\/image\/"},"sameAs":["https:\/\/www.facebook.com\/Ancestrina\/","https:\/\/www.instagram.com\/ancestrina\/","https:\/\/www.youtube.com\/channel\/UCgtt6WFhEIVEI30PzxlOeIw"]}]}},"_links":{"self":[{"href":"https:\/\/ancestrina.com\/fr\/wp-json\/wp\/v2\/product\/37387","targetHints":{"allow":["GET"]}}],"collection":[{"href":"https:\/\/ancestrina.com\/fr\/wp-json\/wp\/v2\/product"}],"about":[{"href":"https:\/\/ancestrina.com\/fr\/wp-json\/wp\/v2\/types\/product"}],"replies":[{"embeddable":true,"href":"https:\/\/ancestrina.com\/fr\/wp-json\/wp\/v2\/comments?post=37387"}],"version-history":[{"count":1,"href":"https:\/\/ancestrina.com\/fr\/wp-json\/wp\/v2\/product\/37387\/revisions"}],"predecessor-version":[{"id":37686,"href":"https:\/\/ancestrina.com\/fr\/wp-json\/wp\/v2\/product\/37387\/revisions\/37686"}],"wp:featuredmedia":[{"embeddable":true,"href":"https:\/\/ancestrina.com\/fr\/wp-json\/wp\/v2\/media\/37073"}],"wp:attachment":[{"href":"https:\/\/ancestrina.com\/fr\/wp-json\/wp\/v2\/media?parent=37387"}],"wp:term":[{"taxonomy":"product_brand","embeddable":true,"href":"https:\/\/ancestrina.com\/fr\/wp-json\/wp\/v2\/product_brand?post=37387"},{"taxonomy":"product_cat","embeddable":true,"href":"https:\/\/ancestrina.com\/fr\/wp-json\/wp\/v2\/product_cat?post=37387"},{"taxonomy":"product_tag","embeddable":true,"href":"https:\/\/ancestrina.com\/fr\/wp-json\/wp\/v2\/product_tag?post=37387"}],"curies":[{"name":"wp","href":"https:\/\/api.w.org\/{rel}","templated":true}]}}