{"id":36780,"date":"2025-10-23T02:51:16","date_gmt":"2025-10-23T07:51:16","guid":{"rendered":"https:\/\/ancestrina.com\/?post_type=product&#038;p=36780"},"modified":"2026-05-12T18:25:25","modified_gmt":"2026-05-12T23:25:25","slug":"jenipapo","status":"publish","type":"product","link":"https:\/\/ancestrina.com\/fr\/producto\/jenipapo\/","title":{"rendered":"Jenipapo"},"content":{"rendered":"<article class=\"w-full text-token-text-primary focus-visible:outline-2 focus-visible:outline-offset-[-4px]\" dir=\"auto\" data-testid=\"conversation-turn-9\" data-scroll-anchor=\"true\">\n<div class=\"text-base my-auto mx-auto py-[18px] px-6\">\n<div class=\"mx-auto flex flex-1 text-base gap-4 md:gap-5 lg:gap-6 md:max-w-3xl lg:max-w-[40rem] xl:max-w-[48rem]\">\n<div class=\"group\/conversation-turn relative flex w-full min-w-0 flex-col agent-turn @xs\/thread:px-0 @sm\/thread:px-1.5 @md\/thread:px-4\">\n<div class=\"flex-col gap-1 md:gap-3\">\n<div class=\"flex max-w-full flex-col flex-grow\">\n<div class=\"min-h-8 text-message relative flex w-full flex-col items-end gap-2 whitespace-normal break-words text-start [.text-message+&]:mt-5\" dir=\"auto\" data-message-author-role=\"assistant\" data-message-id=\"9e89b7b7-0c73-46c4-93bf-6381a039ba55\" data-message-model-slug=\"gpt-4o\">\n<div class=\"flex w-full flex-col gap-1 empty:hidden first:pt-[3px]\">\n<div class=\"markdown prose w-full break-words dark:prose-invert light\">\n<p data-start=\"237\" data-end=\"306\"><strong data-start=\"237\" data-end=\"304\">Rap\u00e9 Jenipapo : l\u2019autonomisation et la reconnaissance de sa propre valeur<\/strong><\/p>\n<p data-start=\"308\" data-end=\"559\">Le Snuff Jenipapo, \u00e0 base <strong data-start=\"340\" data-end=\"360\">de Genipa americana<\/strong>, est une m\u00e9decine ancestrale qui agit sur <strong data-start=\"407\" data-end=\"445\">l\u2019image de soi et la confiance personnelle<\/strong>. Son essence accompagne les processus d\u2019estime de soi, en aidant \u00e0 reconna\u00eetre sa propre lumi\u00e8re, ses talents et ses capacit\u00e9s.<\/p>\n<p data-start=\"561\" data-end=\"808\">Ce rap\u00e9 est id\u00e9al pour ceux qui cherchent \u00e0 renforcer leur s\u00e9curit\u00e9 int\u00e9rieure et \u00e0 travailler sur leur relation avec eux-m\u00eames. Son action nous permet de dissoudre les croyances limitantes et les sch\u00e9mas d\u2019auto-sabotage, favorisant une <strong data-start=\"761\" data-end=\"805\">connexion plus authentique avec notre propre \u00eatre<\/strong>. <\/p>\n<p data-start=\"810\" data-end=\"839\"><strong data-start=\"810\" data-end=\"837\">Principaux avantages :<\/strong><\/p>\n<ul data-start=\"840\" data-end=\"1169\">\n<li data-start=\"840\" data-end=\"884\">Il renforce l\u2019estime de soi et l\u2019amour de soi.<\/li>\n<li data-start=\"885\" data-end=\"940\">Il est utile de reconna\u00eetre et de valoriser ses propres qualit\u00e9s.<\/li>\n<li data-start=\"941\" data-end=\"1014\">Dissout les ins\u00e9curit\u00e9s et les croyances qui limitent l\u2019expression personnelle.<\/li>\n<li data-start=\"1015\" data-end=\"1089\">Il apporte de la clart\u00e9 dans l\u2019image de soi et dans la perception de son propre chemin.<\/li>\n<li data-start=\"1090\" data-end=\"1169\">Il favorise la confiance dans la prise de d\u00e9cision et l\u2019expression authentique.<\/li>\n<\/ul>\n<p data-start=\"1171\" data-end=\"1344\" data-is-last-node=\"\" data-is-only-node=\"\">Le Rap\u00e9 est un outil puissant pour ceux qui veulent <strong data-start=\"1236\" data-end=\"1332\">se reconnecter avec leur essence, se renforcer de l\u2019int\u00e9rieur et marcher avec s\u00e9curit\u00e9 et d\u00e9termination<\/strong> dans leur vie<\/p>\n<\/div>\n<\/div>\n<\/div>\n<\/div>\n<\/div>\n<\/div>\n<\/div>\n<\/div>\n<\/article>\n","protected":false},"excerpt":{"rendered":"<p>LeRap\u00e9 est un alli\u00e9 pour renforcer l\u2019estime de soi et la perception personnelle. Leur \u00e9nergie aide \u00e0 reconna\u00eetre sa propre valeur, favorisant la s\u00e9curit\u00e9 et la confiance int\u00e9rieure. <\/p>\n","protected":false},"featured_media":34799,"comment_status":"open","ping_status":"closed","template":"","meta":{"order-bump-settings":[],"_wpfnl_thankyou_order_overview":"on","_wpfnl_thankyou_order_details":"on","_wpfnl_thankyou_billing_details":"on","_wpfnl_thankyou_shipping_details":"on","site-sidebar-layout":"default","site-content-layout":"","ast-site-content-layout":"default","site-content-style":"default","site-sidebar-style":"default","ast-global-header-display":"","ast-banner-title-visibility":"","ast-main-header-display":"","ast-hfb-above-header-display":"","ast-hfb-below-header-display":"","ast-hfb-mobile-header-display":"","site-post-title":"","ast-breadcrumbs-content":"","ast-featured-img":"","footer-sml-layout":"","ast-disable-related-posts":"","theme-transparent-header-meta":"default","adv-header-id-meta":"","stick-header-meta":"","header-above-stick-meta":"","header-main-stick-meta":"","header-below-stick-meta":"","astra-migrate-meta-layouts":"default","ast-page-background-enabled":"default","ast-page-background-meta":{"desktop":{"background-color":"","background-image":"","background-repeat":"repeat","background-position":"center center","background-size":"auto","background-attachment":"scroll","background-type":"","background-media":"","overlay-type":"","overlay-color":"","overlay-opacity":"","overlay-gradient":""},"tablet":{"background-color":"","background-image":"","background-repeat":"repeat","background-position":"center center","background-size":"auto","background-attachment":"scroll","background-type":"","background-media":"","overlay-type":"","overlay-color":"","overlay-opacity":"","overlay-gradient":""},"mobile":{"background-color":"","background-image":"","background-repeat":"repeat","background-position":"center center","background-size":"auto","background-attachment":"scroll","background-type":"","background-media":"","overlay-type":"","overlay-color":"","overlay-opacity":"","overlay-gradient":""}},"ast-content-background-meta":{"desktop":{"background-color":"var(--ast-global-color-5)","background-image":"","background-repeat":"repeat","background-position":"center center","background-size":"auto","background-attachment":"scroll","background-type":"","background-media":"","overlay-type":"","overlay-color":"","overlay-opacity":"","overlay-gradient":""},"tablet":{"background-color":"var(--ast-global-color-5)","background-image":"","background-repeat":"repeat","background-position":"center center","background-size":"auto","background-attachment":"scroll","background-type":"","background-media":"","overlay-type":"","overlay-color":"","overlay-opacity":"","overlay-gradient":""},"mobile":{"background-color":"var(--ast-global-color-5)","background-image":"","background-repeat":"repeat","background-position":"center center","background-size":"auto","background-attachment":"scroll","background-type":"","background-media":"","overlay-type":"","overlay-color":"","overlay-opacity":"","overlay-gradient":""}},"_joinchat":[]},"product_brand":[],"product_cat":[776],"product_tag":[],"class_list":{"0":"post-36780","1":"product","2":"type-product","3":"status-publish","4":"has-post-thumbnail","6":"product_cat-rape-fr","7":"desktop-align-center","8":"tablet-align-left","9":"mobile-align-left","11":"first","12":"instock","13":"shipping-taxable","14":"purchasable","15":"product-type-variable"},"yoast_head":"<!-- This site is optimized with the Yoast SEO Premium plugin v22.6 (Yoast SEO v27.6) - https:\/\/yoast.com\/product\/yoast-seo-premium-wordpress\/ -->\n<title>Jenipapo Ancestrina<\/title>\n<meta name=\"description\" content=\"LeRap\u00e9 est un alli\u00e9 pour renforcer l\u2019estime de soi et la perception personnelle. Leur \u00e9nergie aide \u00e0 reconna\u00eetre sa propre valeur, favorisant la s\u00e9curit\u00e9 et la confiance int\u00e9rieure.\" \/>\n<meta name=\"robots\" content=\"index, follow, max-snippet:-1, max-image-preview:large, max-video-preview:-1\" \/>\n<link rel=\"canonical\" href=\"https:\/\/ancestrina.com\/fr\/producto\/jenipapo\/\" \/>\n<meta property=\"og:locale\" content=\"fr_FR\" \/>\n<meta property=\"og:type\" content=\"article\" \/>\n<meta property=\"og:title\" content=\"Jenipapo\" \/>\n<meta property=\"og:description\" content=\"LeRap\u00e9 est un alli\u00e9 pour renforcer l\u2019estime de soi et la perception personnelle. Leur \u00e9nergie aide \u00e0 reconna\u00eetre sa propre valeur, favorisant la s\u00e9curit\u00e9 et la confiance int\u00e9rieure.\" \/>\n<meta property=\"og:url\" content=\"https:\/\/ancestrina.com\/fr\/producto\/jenipapo\/\" \/>\n<meta property=\"og:site_name\" content=\"Ancestrina\" \/>\n<meta property=\"article:publisher\" content=\"https:\/\/www.facebook.com\/Ancestrina\/\" \/>\n<meta property=\"article:modified_time\" content=\"2026-05-12T23:25:25+00:00\" \/>\n<meta property=\"og:image\" content=\"https:\/\/ancestrina.com\/wp-content\/uploads\/Jenipapo.jpg\" \/>\n\t<meta property=\"og:image:width\" content=\"2048\" \/>\n\t<meta property=\"og:image:height\" content=\"2048\" \/>\n\t<meta property=\"og:image:type\" content=\"image\/jpeg\" \/>\n<meta name=\"twitter:card\" content=\"summary_large_image\" \/>\n<meta name=\"twitter:label1\" content=\"Dur\u00e9e de lecture estim\u00e9e\" \/>\n\t<meta name=\"twitter:data1\" content=\"1 minute\" \/>\n<script type=\"application\/ld+json\" class=\"yoast-schema-graph\">{\"@context\":\"https:\\\/\\\/schema.org\",\"@graph\":[{\"@type\":\"WebPage\",\"@id\":\"https:\\\/\\\/ancestrina.com\\\/fr\\\/producto\\\/jenipapo\\\/\",\"url\":\"https:\\\/\\\/ancestrina.com\\\/fr\\\/producto\\\/jenipapo\\\/\",\"name\":\"Jenipapo Ancestrina\",\"isPartOf\":{\"@id\":\"https:\\\/\\\/ancestrina.com\\\/fr\\\/#website\"},\"primaryImageOfPage\":{\"@id\":\"https:\\\/\\\/ancestrina.com\\\/fr\\\/producto\\\/jenipapo\\\/#primaryimage\"},\"image\":{\"@id\":\"https:\\\/\\\/ancestrina.com\\\/fr\\\/producto\\\/jenipapo\\\/#primaryimage\"},\"thumbnailUrl\":\"https:\\\/\\\/ancestrina.com\\\/wp-content\\\/uploads\\\/Jenipapo.jpg\",\"datePublished\":\"2025-10-23T07:51:16+00:00\",\"dateModified\":\"2026-05-12T23:25:25+00:00\",\"description\":\"LeRap\u00e9 est un alli\u00e9 pour renforcer l\u2019estime de soi et la perception personnelle. Leur \u00e9nergie aide \u00e0 reconna\u00eetre sa propre valeur, favorisant la s\u00e9curit\u00e9 et la confiance int\u00e9rieure.\",\"breadcrumb\":{\"@id\":\"https:\\\/\\\/ancestrina.com\\\/fr\\\/producto\\\/jenipapo\\\/#breadcrumb\"},\"inLanguage\":\"fr-FR\",\"potentialAction\":[{\"@type\":\"ReadAction\",\"target\":[\"https:\\\/\\\/ancestrina.com\\\/fr\\\/producto\\\/jenipapo\\\/\"]}]},{\"@type\":\"ImageObject\",\"inLanguage\":\"fr-FR\",\"@id\":\"https:\\\/\\\/ancestrina.com\\\/fr\\\/producto\\\/jenipapo\\\/#primaryimage\",\"url\":\"https:\\\/\\\/ancestrina.com\\\/wp-content\\\/uploads\\\/Jenipapo.jpg\",\"contentUrl\":\"https:\\\/\\\/ancestrina.com\\\/wp-content\\\/uploads\\\/Jenipapo.jpg\",\"width\":2048,\"height\":2048,\"caption\":\"Jenipapo Ancestrina \u2014 extracto antioxidante natural para una piel radiante y bienestar org\u00e1nico.\"},{\"@type\":\"BreadcrumbList\",\"@id\":\"https:\\\/\\\/ancestrina.com\\\/fr\\\/producto\\\/jenipapo\\\/#breadcrumb\",\"itemListElement\":[{\"@type\":\"ListItem\",\"position\":1,\"name\":\"Home\",\"item\":\"https:\\\/\\\/ancestrina.com\\\/fr\\\/domicile\\\/\"},{\"@type\":\"ListItem\",\"position\":2,\"name\":\"boutique\",\"item\":\"https:\\\/\\\/ancestrina.com\\\/fr\\\/boutique\\\/\"},{\"@type\":\"ListItem\",\"position\":3,\"name\":\"Jenipapo\"}]},{\"@type\":\"WebSite\",\"@id\":\"https:\\\/\\\/ancestrina.com\\\/fr\\\/#website\",\"url\":\"https:\\\/\\\/ancestrina.com\\\/fr\\\/\",\"name\":\"Ancestrina\",\"description\":\"Trabajamos experiencias con plantas maestras, terapias integradoras y cultos ancestrales\",\"publisher\":{\"@id\":\"https:\\\/\\\/ancestrina.com\\\/fr\\\/#organization\"},\"potentialAction\":[{\"@type\":\"SearchAction\",\"target\":{\"@type\":\"EntryPoint\",\"urlTemplate\":\"https:\\\/\\\/ancestrina.com\\\/fr\\\/?s={search_term_string}\"},\"query-input\":{\"@type\":\"PropertyValueSpecification\",\"valueRequired\":true,\"valueName\":\"search_term_string\"}}],\"inLanguage\":\"fr-FR\"},{\"@type\":\"Organization\",\"@id\":\"https:\\\/\\\/ancestrina.com\\\/fr\\\/#organization\",\"name\":\"Ancestrina\",\"url\":\"https:\\\/\\\/ancestrina.com\\\/fr\\\/\",\"logo\":{\"@type\":\"ImageObject\",\"inLanguage\":\"fr-FR\",\"@id\":\"https:\\\/\\\/ancestrina.com\\\/fr\\\/#\\\/schema\\\/logo\\\/image\\\/\",\"url\":\"https:\\\/\\\/ancestrina.com\\\/wp-content\\\/uploads\\\/2020\\\/06\\\/cropped-LOGO-ANCESTRINA-1.png\",\"contentUrl\":\"https:\\\/\\\/ancestrina.com\\\/wp-content\\\/uploads\\\/2020\\\/06\\\/cropped-LOGO-ANCESTRINA-1.png\",\"width\":630,\"height\":202,\"caption\":\"Ancestrina\"},\"image\":{\"@id\":\"https:\\\/\\\/ancestrina.com\\\/fr\\\/#\\\/schema\\\/logo\\\/image\\\/\"},\"sameAs\":[\"https:\\\/\\\/www.facebook.com\\\/Ancestrina\\\/\",\"https:\\\/\\\/www.instagram.com\\\/ancestrina\\\/\",\"https:\\\/\\\/www.youtube.com\\\/channel\\\/UCgtt6WFhEIVEI30PzxlOeIw\"]}]}<\/script>\n<!-- \/ Yoast SEO Premium plugin. -->","yoast_head_json":{"title":"Jenipapo Ancestrina","description":"LeRap\u00e9 est un alli\u00e9 pour renforcer l\u2019estime de soi et la perception personnelle. Leur \u00e9nergie aide \u00e0 reconna\u00eetre sa propre valeur, favorisant la s\u00e9curit\u00e9 et la confiance int\u00e9rieure.","robots":{"index":"index","follow":"follow","max-snippet":"max-snippet:-1","max-image-preview":"max-image-preview:large","max-video-preview":"max-video-preview:-1"},"canonical":"https:\/\/ancestrina.com\/fr\/producto\/jenipapo\/","og_locale":"fr_FR","og_type":"article","og_title":"Jenipapo","og_description":"LeRap\u00e9 est un alli\u00e9 pour renforcer l\u2019estime de soi et la perception personnelle. Leur \u00e9nergie aide \u00e0 reconna\u00eetre sa propre valeur, favorisant la s\u00e9curit\u00e9 et la confiance int\u00e9rieure.","og_url":"https:\/\/ancestrina.com\/fr\/producto\/jenipapo\/","og_site_name":"Ancestrina","article_publisher":"https:\/\/www.facebook.com\/Ancestrina\/","article_modified_time":"2026-05-12T23:25:25+00:00","og_image":[{"width":2048,"height":2048,"url":"https:\/\/ancestrina.com\/wp-content\/uploads\/Jenipapo.jpg","type":"image\/jpeg"}],"twitter_card":"summary_large_image","twitter_misc":{"Dur\u00e9e de lecture estim\u00e9e":"1 minute"},"schema":{"@context":"https:\/\/schema.org","@graph":[{"@type":"WebPage","@id":"https:\/\/ancestrina.com\/fr\/producto\/jenipapo\/","url":"https:\/\/ancestrina.com\/fr\/producto\/jenipapo\/","name":"Jenipapo Ancestrina","isPartOf":{"@id":"https:\/\/ancestrina.com\/fr\/#website"},"primaryImageOfPage":{"@id":"https:\/\/ancestrina.com\/fr\/producto\/jenipapo\/#primaryimage"},"image":{"@id":"https:\/\/ancestrina.com\/fr\/producto\/jenipapo\/#primaryimage"},"thumbnailUrl":"https:\/\/ancestrina.com\/wp-content\/uploads\/Jenipapo.jpg","datePublished":"2025-10-23T07:51:16+00:00","dateModified":"2026-05-12T23:25:25+00:00","description":"LeRap\u00e9 est un alli\u00e9 pour renforcer l\u2019estime de soi et la perception personnelle. Leur \u00e9nergie aide \u00e0 reconna\u00eetre sa propre valeur, favorisant la s\u00e9curit\u00e9 et la confiance int\u00e9rieure.","breadcrumb":{"@id":"https:\/\/ancestrina.com\/fr\/producto\/jenipapo\/#breadcrumb"},"inLanguage":"fr-FR","potentialAction":[{"@type":"ReadAction","target":["https:\/\/ancestrina.com\/fr\/producto\/jenipapo\/"]}]},{"@type":"ImageObject","inLanguage":"fr-FR","@id":"https:\/\/ancestrina.com\/fr\/producto\/jenipapo\/#primaryimage","url":"https:\/\/ancestrina.com\/wp-content\/uploads\/Jenipapo.jpg","contentUrl":"https:\/\/ancestrina.com\/wp-content\/uploads\/Jenipapo.jpg","width":2048,"height":2048,"caption":"Jenipapo Ancestrina \u2014 extracto antioxidante natural para una piel radiante y bienestar org\u00e1nico."},{"@type":"BreadcrumbList","@id":"https:\/\/ancestrina.com\/fr\/producto\/jenipapo\/#breadcrumb","itemListElement":[{"@type":"ListItem","position":1,"name":"Home","item":"https:\/\/ancestrina.com\/fr\/domicile\/"},{"@type":"ListItem","position":2,"name":"boutique","item":"https:\/\/ancestrina.com\/fr\/boutique\/"},{"@type":"ListItem","position":3,"name":"Jenipapo"}]},{"@type":"WebSite","@id":"https:\/\/ancestrina.com\/fr\/#website","url":"https:\/\/ancestrina.com\/fr\/","name":"Ancestrina","description":"Trabajamos experiencias con plantas maestras, terapias integradoras y cultos ancestrales","publisher":{"@id":"https:\/\/ancestrina.com\/fr\/#organization"},"potentialAction":[{"@type":"SearchAction","target":{"@type":"EntryPoint","urlTemplate":"https:\/\/ancestrina.com\/fr\/?s={search_term_string}"},"query-input":{"@type":"PropertyValueSpecification","valueRequired":true,"valueName":"search_term_string"}}],"inLanguage":"fr-FR"},{"@type":"Organization","@id":"https:\/\/ancestrina.com\/fr\/#organization","name":"Ancestrina","url":"https:\/\/ancestrina.com\/fr\/","logo":{"@type":"ImageObject","inLanguage":"fr-FR","@id":"https:\/\/ancestrina.com\/fr\/#\/schema\/logo\/image\/","url":"https:\/\/ancestrina.com\/wp-content\/uploads\/2020\/06\/cropped-LOGO-ANCESTRINA-1.png","contentUrl":"https:\/\/ancestrina.com\/wp-content\/uploads\/2020\/06\/cropped-LOGO-ANCESTRINA-1.png","width":630,"height":202,"caption":"Ancestrina"},"image":{"@id":"https:\/\/ancestrina.com\/fr\/#\/schema\/logo\/image\/"},"sameAs":["https:\/\/www.facebook.com\/Ancestrina\/","https:\/\/www.instagram.com\/ancestrina\/","https:\/\/www.youtube.com\/channel\/UCgtt6WFhEIVEI30PzxlOeIw"]}]}},"_links":{"self":[{"href":"https:\/\/ancestrina.com\/fr\/wp-json\/wp\/v2\/product\/36780","targetHints":{"allow":["GET"]}}],"collection":[{"href":"https:\/\/ancestrina.com\/fr\/wp-json\/wp\/v2\/product"}],"about":[{"href":"https:\/\/ancestrina.com\/fr\/wp-json\/wp\/v2\/types\/product"}],"replies":[{"embeddable":true,"href":"https:\/\/ancestrina.com\/fr\/wp-json\/wp\/v2\/comments?post=36780"}],"version-history":[{"count":1,"href":"https:\/\/ancestrina.com\/fr\/wp-json\/wp\/v2\/product\/36780\/revisions"}],"predecessor-version":[{"id":37399,"href":"https:\/\/ancestrina.com\/fr\/wp-json\/wp\/v2\/product\/36780\/revisions\/37399"}],"wp:featuredmedia":[{"embeddable":true,"href":"https:\/\/ancestrina.com\/fr\/wp-json\/wp\/v2\/media\/34799"}],"wp:attachment":[{"href":"https:\/\/ancestrina.com\/fr\/wp-json\/wp\/v2\/media?parent=36780"}],"wp:term":[{"taxonomy":"product_brand","embeddable":true,"href":"https:\/\/ancestrina.com\/fr\/wp-json\/wp\/v2\/product_brand?post=36780"},{"taxonomy":"product_cat","embeddable":true,"href":"https:\/\/ancestrina.com\/fr\/wp-json\/wp\/v2\/product_cat?post=36780"},{"taxonomy":"product_tag","embeddable":true,"href":"https:\/\/ancestrina.com\/fr\/wp-json\/wp\/v2\/product_tag?post=36780"}],"curies":[{"name":"wp","href":"https:\/\/api.w.org\/{rel}","templated":true}]}}