{"id":36723,"date":"2025-10-23T02:51:18","date_gmt":"2025-10-23T07:51:18","guid":{"rendered":"https:\/\/ancestrina.com\/?post_type=product&#038;p=36723"},"modified":"2026-05-13T05:52:50","modified_gmt":"2026-05-13T10:52:50","slug":"envira-ferro","status":"publish","type":"product","link":"https:\/\/ancestrina.com\/fr\/producto\/envira-ferro\/","title":{"rendered":"Envira Ferro"},"content":{"rendered":"<p data-start=\"243\" data-end=\"322\"><strong data-start=\"243\" data-end=\"320\">Envira Ferro Rap\u00e9 : Gu\u00e9rir par le pardon et la lib\u00e9ration \u00e9motionnelle<\/strong><\/p>\n<p data-start=\"324\" data-end=\"640\">Envira Ferro Rap\u00e9, \u00e0 base <strong data-start=\"360\" data-end=\"381\">d\u2019Apuleia leiocarpa<\/strong>, est une m\u00e9decine ancestrale qui agit dans les profondeurs de l\u2019\u00eatre, facilitant la <strong data-start=\"462\" data-end=\"522\">lib\u00e9ration des \u00e9motions retenues et le processus de pardon<\/strong>. Leur \u00e9nergie leur permet de lib\u00e9rer les ressentiments, les attachements et les blocages \u00e9motionnels qui les emp\u00eachent d\u2019avancer sur le chemin personnel. <\/p>\n<p data-start=\"642\" data-end=\"939\">Ce m\u00e9lange est id\u00e9al pour ceux qui ont l\u2019impression de porter de lourds fardeaux \u00e0 l\u2019int\u00e9rieur, offrant une opportunit\u00e9 de <strong data-start=\"755\" data-end=\"796\">renouveau et de transformation \u00e9motionnelle<\/strong>. Par son utilisation, il nous permet de laisser derri\u00e8re nous ce qui ne sert plus, d\u2019ouvrir un espace pour la r\u00e9conciliation et de renforcer le lien avec la paix int\u00e9rieure. <\/p>\n<p data-start=\"941\" data-end=\"970\"><strong data-start=\"941\" data-end=\"968\">Principaux avantages :<\/strong><\/p>\n<ul data-start=\"971\" data-end=\"1331\">\n<li data-start=\"971\" data-end=\"1037\">Il facilite le processus de pardon, lib\u00e9rant les \u00e9motions stagnantes.<\/li>\n<li data-start=\"1038\" data-end=\"1101\">Il aide \u00e0 se d\u00e9barrasser des fardeaux inutiles qui g\u00e9n\u00e8rent de la souffrance.<\/li>\n<li data-start=\"1102\" data-end=\"1159\">Favorise un \u00e9quilibre \u00e9motionnel profond et durable.<\/li>\n<li data-start=\"1160\" data-end=\"1228\">Il apporte clart\u00e9 et tranquillit\u00e9 d\u2019esprit en p\u00e9riode de transition.<\/li>\n<li data-start=\"1229\" data-end=\"1331\">Il favorise la cicatrisation des blessures pass\u00e9es, permettant une connexion plus harmonieuse avec le pr\u00e9sent.<\/li>\n<\/ul>\n<p data-start=\"1333\" data-end=\"1522\" data-is-last-node=\"\" data-is-only-node=\"\">Ce rap\u00e9 est un outil puissant pour ceux qui cherchent <strong data-start=\"1391\" data-end=\"1417\">\u00e0 gu\u00e9rir \u00e0 partir du c\u0153ur<\/strong>, trouvant dans le pardon et la lib\u00e9ration \u00e9motionnelle un chemin vers la pl\u00e9nitude et le bien-\u00eatre int\u00e9gral.<\/p>\n","protected":false},"excerpt":{"rendered":"<p>Envira Ferro Rap\u00e9 est un puissant alli\u00e9 du pardon et de la lib\u00e9ration \u00e9motionnelle. Il aide \u00e0 se d\u00e9barrasser des fardeaux inutiles, favorisant un \u00e9tat de paix int\u00e9rieure et d\u2019\u00e9quilibre profond. <\/p>\n","protected":false},"featured_media":34694,"comment_status":"open","ping_status":"closed","template":"","meta":{"order-bump-settings":[],"_wpfnl_thankyou_order_overview":"on","_wpfnl_thankyou_order_details":"on","_wpfnl_thankyou_billing_details":"on","_wpfnl_thankyou_shipping_details":"on","site-sidebar-layout":"default","site-content-layout":"","ast-site-content-layout":"default","site-content-style":"default","site-sidebar-style":"default","ast-global-header-display":"","ast-banner-title-visibility":"","ast-main-header-display":"","ast-hfb-above-header-display":"","ast-hfb-below-header-display":"","ast-hfb-mobile-header-display":"","site-post-title":"","ast-breadcrumbs-content":"","ast-featured-img":"","footer-sml-layout":"","ast-disable-related-posts":"","theme-transparent-header-meta":"default","adv-header-id-meta":"","stick-header-meta":"","header-above-stick-meta":"","header-main-stick-meta":"","header-below-stick-meta":"","astra-migrate-meta-layouts":"default","ast-page-background-enabled":"default","ast-page-background-meta":{"desktop":{"background-color":"","background-image":"","background-repeat":"repeat","background-position":"center center","background-size":"auto","background-attachment":"scroll","background-type":"","background-media":"","overlay-type":"","overlay-color":"","overlay-opacity":"","overlay-gradient":""},"tablet":{"background-color":"","background-image":"","background-repeat":"repeat","background-position":"center center","background-size":"auto","background-attachment":"scroll","background-type":"","background-media":"","overlay-type":"","overlay-color":"","overlay-opacity":"","overlay-gradient":""},"mobile":{"background-color":"","background-image":"","background-repeat":"repeat","background-position":"center center","background-size":"auto","background-attachment":"scroll","background-type":"","background-media":"","overlay-type":"","overlay-color":"","overlay-opacity":"","overlay-gradient":""}},"ast-content-background-meta":{"desktop":{"background-color":"var(--ast-global-color-5)","background-image":"","background-repeat":"repeat","background-position":"center center","background-size":"auto","background-attachment":"scroll","background-type":"","background-media":"","overlay-type":"","overlay-color":"","overlay-opacity":"","overlay-gradient":""},"tablet":{"background-color":"var(--ast-global-color-5)","background-image":"","background-repeat":"repeat","background-position":"center center","background-size":"auto","background-attachment":"scroll","background-type":"","background-media":"","overlay-type":"","overlay-color":"","overlay-opacity":"","overlay-gradient":""},"mobile":{"background-color":"var(--ast-global-color-5)","background-image":"","background-repeat":"repeat","background-position":"center center","background-size":"auto","background-attachment":"scroll","background-type":"","background-media":"","overlay-type":"","overlay-color":"","overlay-opacity":"","overlay-gradient":""}},"_joinchat":[]},"product_brand":[],"product_cat":[776],"product_tag":[],"class_list":{"0":"post-36723","1":"product","2":"type-product","3":"status-publish","4":"has-post-thumbnail","6":"product_cat-rape-fr","7":"desktop-align-center","8":"tablet-align-left","9":"mobile-align-left","11":"first","12":"instock","13":"shipping-taxable","14":"purchasable","15":"product-type-variable"},"yoast_head":"<!-- This site is optimized with the Yoast SEO Premium plugin v22.6 (Yoast SEO v27.6) - https:\/\/yoast.com\/product\/yoast-seo-premium-wordpress\/ -->\n<title>Envira Ferro Ancestrina<\/title>\n<meta name=\"description\" content=\"Envira Ferro Rap\u00e9 est un puissant alli\u00e9 du pardon et de la lib\u00e9ration \u00e9motionnelle. Il aide \u00e0 se d\u00e9barrasser des fardeaux inutiles, favorisant un \u00e9tat de paix int\u00e9rieure et d\u2019\u00e9quilibre profond.\" \/>\n<meta name=\"robots\" content=\"index, follow, max-snippet:-1, max-image-preview:large, max-video-preview:-1\" \/>\n<link rel=\"canonical\" href=\"https:\/\/ancestrina.com\/fr\/producto\/envira-ferro\/\" \/>\n<meta property=\"og:locale\" content=\"fr_FR\" \/>\n<meta property=\"og:type\" content=\"article\" \/>\n<meta property=\"og:title\" content=\"Envira Ferro\" \/>\n<meta property=\"og:description\" content=\"Envira Ferro Rap\u00e9 est un puissant alli\u00e9 du pardon et de la lib\u00e9ration \u00e9motionnelle. Il aide \u00e0 se d\u00e9barrasser des fardeaux inutiles, favorisant un \u00e9tat de paix int\u00e9rieure et d\u2019\u00e9quilibre profond.\" \/>\n<meta property=\"og:url\" content=\"https:\/\/ancestrina.com\/fr\/producto\/envira-ferro\/\" \/>\n<meta property=\"og:site_name\" content=\"Ancestrina\" \/>\n<meta property=\"article:publisher\" content=\"https:\/\/www.facebook.com\/Ancestrina\/\" \/>\n<meta property=\"article:modified_time\" content=\"2026-05-13T10:52:50+00:00\" \/>\n<meta property=\"og:image\" content=\"https:\/\/ancestrina.com\/wp-content\/uploads\/Envira-ferro.jpg\" \/>\n\t<meta property=\"og:image:width\" content=\"2048\" \/>\n\t<meta property=\"og:image:height\" content=\"2048\" \/>\n\t<meta property=\"og:image:type\" content=\"image\/jpeg\" \/>\n<meta name=\"twitter:card\" content=\"summary_large_image\" \/>\n<meta name=\"twitter:label1\" content=\"Dur\u00e9e de lecture estim\u00e9e\" \/>\n\t<meta name=\"twitter:data1\" content=\"1 minute\" \/>\n<script type=\"application\/ld+json\" class=\"yoast-schema-graph\">{\"@context\":\"https:\\\/\\\/schema.org\",\"@graph\":[{\"@type\":\"WebPage\",\"@id\":\"https:\\\/\\\/ancestrina.com\\\/fr\\\/producto\\\/envira-ferro\\\/\",\"url\":\"https:\\\/\\\/ancestrina.com\\\/fr\\\/producto\\\/envira-ferro\\\/\",\"name\":\"Envira Ferro Ancestrina\",\"isPartOf\":{\"@id\":\"https:\\\/\\\/ancestrina.com\\\/fr\\\/#website\"},\"primaryImageOfPage\":{\"@id\":\"https:\\\/\\\/ancestrina.com\\\/fr\\\/producto\\\/envira-ferro\\\/#primaryimage\"},\"image\":{\"@id\":\"https:\\\/\\\/ancestrina.com\\\/fr\\\/producto\\\/envira-ferro\\\/#primaryimage\"},\"thumbnailUrl\":\"https:\\\/\\\/ancestrina.com\\\/wp-content\\\/uploads\\\/Envira-ferro.jpg\",\"datePublished\":\"2025-10-23T07:51:18+00:00\",\"dateModified\":\"2026-05-13T10:52:50+00:00\",\"description\":\"Envira Ferro Rap\u00e9 est un puissant alli\u00e9 du pardon et de la lib\u00e9ration \u00e9motionnelle. Il aide \u00e0 se d\u00e9barrasser des fardeaux inutiles, favorisant un \u00e9tat de paix int\u00e9rieure et d\u2019\u00e9quilibre profond.\",\"breadcrumb\":{\"@id\":\"https:\\\/\\\/ancestrina.com\\\/fr\\\/producto\\\/envira-ferro\\\/#breadcrumb\"},\"inLanguage\":\"fr-FR\",\"potentialAction\":[{\"@type\":\"ReadAction\",\"target\":[\"https:\\\/\\\/ancestrina.com\\\/fr\\\/producto\\\/envira-ferro\\\/\"]}]},{\"@type\":\"ImageObject\",\"inLanguage\":\"fr-FR\",\"@id\":\"https:\\\/\\\/ancestrina.com\\\/fr\\\/producto\\\/envira-ferro\\\/#primaryimage\",\"url\":\"https:\\\/\\\/ancestrina.com\\\/wp-content\\\/uploads\\\/Envira-ferro.jpg\",\"contentUrl\":\"https:\\\/\\\/ancestrina.com\\\/wp-content\\\/uploads\\\/Envira-ferro.jpg\",\"width\":2048,\"height\":2048},{\"@type\":\"BreadcrumbList\",\"@id\":\"https:\\\/\\\/ancestrina.com\\\/fr\\\/producto\\\/envira-ferro\\\/#breadcrumb\",\"itemListElement\":[{\"@type\":\"ListItem\",\"position\":1,\"name\":\"Home\",\"item\":\"https:\\\/\\\/ancestrina.com\\\/fr\\\/domicile\\\/\"},{\"@type\":\"ListItem\",\"position\":2,\"name\":\"boutique\",\"item\":\"https:\\\/\\\/ancestrina.com\\\/fr\\\/boutique\\\/\"},{\"@type\":\"ListItem\",\"position\":3,\"name\":\"Envira Ferro\"}]},{\"@type\":\"WebSite\",\"@id\":\"https:\\\/\\\/ancestrina.com\\\/fr\\\/#website\",\"url\":\"https:\\\/\\\/ancestrina.com\\\/fr\\\/\",\"name\":\"Ancestrina\",\"description\":\"Trabajamos experiencias con plantas maestras, terapias integradoras y cultos ancestrales\",\"publisher\":{\"@id\":\"https:\\\/\\\/ancestrina.com\\\/fr\\\/#organization\"},\"potentialAction\":[{\"@type\":\"SearchAction\",\"target\":{\"@type\":\"EntryPoint\",\"urlTemplate\":\"https:\\\/\\\/ancestrina.com\\\/fr\\\/?s={search_term_string}\"},\"query-input\":{\"@type\":\"PropertyValueSpecification\",\"valueRequired\":true,\"valueName\":\"search_term_string\"}}],\"inLanguage\":\"fr-FR\"},{\"@type\":\"Organization\",\"@id\":\"https:\\\/\\\/ancestrina.com\\\/fr\\\/#organization\",\"name\":\"Ancestrina\",\"url\":\"https:\\\/\\\/ancestrina.com\\\/fr\\\/\",\"logo\":{\"@type\":\"ImageObject\",\"inLanguage\":\"fr-FR\",\"@id\":\"https:\\\/\\\/ancestrina.com\\\/fr\\\/#\\\/schema\\\/logo\\\/image\\\/\",\"url\":\"https:\\\/\\\/ancestrina.com\\\/wp-content\\\/uploads\\\/2020\\\/06\\\/cropped-LOGO-ANCESTRINA-1.png\",\"contentUrl\":\"https:\\\/\\\/ancestrina.com\\\/wp-content\\\/uploads\\\/2020\\\/06\\\/cropped-LOGO-ANCESTRINA-1.png\",\"width\":630,\"height\":202,\"caption\":\"Ancestrina\"},\"image\":{\"@id\":\"https:\\\/\\\/ancestrina.com\\\/fr\\\/#\\\/schema\\\/logo\\\/image\\\/\"},\"sameAs\":[\"https:\\\/\\\/www.facebook.com\\\/Ancestrina\\\/\",\"https:\\\/\\\/www.instagram.com\\\/ancestrina\\\/\",\"https:\\\/\\\/www.youtube.com\\\/channel\\\/UCgtt6WFhEIVEI30PzxlOeIw\"]}]}<\/script>\n<!-- \/ Yoast SEO Premium plugin. -->","yoast_head_json":{"title":"Envira Ferro Ancestrina","description":"Envira Ferro Rap\u00e9 est un puissant alli\u00e9 du pardon et de la lib\u00e9ration \u00e9motionnelle. Il aide \u00e0 se d\u00e9barrasser des fardeaux inutiles, favorisant un \u00e9tat de paix int\u00e9rieure et d\u2019\u00e9quilibre profond.","robots":{"index":"index","follow":"follow","max-snippet":"max-snippet:-1","max-image-preview":"max-image-preview:large","max-video-preview":"max-video-preview:-1"},"canonical":"https:\/\/ancestrina.com\/fr\/producto\/envira-ferro\/","og_locale":"fr_FR","og_type":"article","og_title":"Envira Ferro","og_description":"Envira Ferro Rap\u00e9 est un puissant alli\u00e9 du pardon et de la lib\u00e9ration \u00e9motionnelle. Il aide \u00e0 se d\u00e9barrasser des fardeaux inutiles, favorisant un \u00e9tat de paix int\u00e9rieure et d\u2019\u00e9quilibre profond.","og_url":"https:\/\/ancestrina.com\/fr\/producto\/envira-ferro\/","og_site_name":"Ancestrina","article_publisher":"https:\/\/www.facebook.com\/Ancestrina\/","article_modified_time":"2026-05-13T10:52:50+00:00","og_image":[{"width":2048,"height":2048,"url":"https:\/\/ancestrina.com\/wp-content\/uploads\/Envira-ferro.jpg","type":"image\/jpeg"}],"twitter_card":"summary_large_image","twitter_misc":{"Dur\u00e9e de lecture estim\u00e9e":"1 minute"},"schema":{"@context":"https:\/\/schema.org","@graph":[{"@type":"WebPage","@id":"https:\/\/ancestrina.com\/fr\/producto\/envira-ferro\/","url":"https:\/\/ancestrina.com\/fr\/producto\/envira-ferro\/","name":"Envira Ferro Ancestrina","isPartOf":{"@id":"https:\/\/ancestrina.com\/fr\/#website"},"primaryImageOfPage":{"@id":"https:\/\/ancestrina.com\/fr\/producto\/envira-ferro\/#primaryimage"},"image":{"@id":"https:\/\/ancestrina.com\/fr\/producto\/envira-ferro\/#primaryimage"},"thumbnailUrl":"https:\/\/ancestrina.com\/wp-content\/uploads\/Envira-ferro.jpg","datePublished":"2025-10-23T07:51:18+00:00","dateModified":"2026-05-13T10:52:50+00:00","description":"Envira Ferro Rap\u00e9 est un puissant alli\u00e9 du pardon et de la lib\u00e9ration \u00e9motionnelle. Il aide \u00e0 se d\u00e9barrasser des fardeaux inutiles, favorisant un \u00e9tat de paix int\u00e9rieure et d\u2019\u00e9quilibre profond.","breadcrumb":{"@id":"https:\/\/ancestrina.com\/fr\/producto\/envira-ferro\/#breadcrumb"},"inLanguage":"fr-FR","potentialAction":[{"@type":"ReadAction","target":["https:\/\/ancestrina.com\/fr\/producto\/envira-ferro\/"]}]},{"@type":"ImageObject","inLanguage":"fr-FR","@id":"https:\/\/ancestrina.com\/fr\/producto\/envira-ferro\/#primaryimage","url":"https:\/\/ancestrina.com\/wp-content\/uploads\/Envira-ferro.jpg","contentUrl":"https:\/\/ancestrina.com\/wp-content\/uploads\/Envira-ferro.jpg","width":2048,"height":2048},{"@type":"BreadcrumbList","@id":"https:\/\/ancestrina.com\/fr\/producto\/envira-ferro\/#breadcrumb","itemListElement":[{"@type":"ListItem","position":1,"name":"Home","item":"https:\/\/ancestrina.com\/fr\/domicile\/"},{"@type":"ListItem","position":2,"name":"boutique","item":"https:\/\/ancestrina.com\/fr\/boutique\/"},{"@type":"ListItem","position":3,"name":"Envira Ferro"}]},{"@type":"WebSite","@id":"https:\/\/ancestrina.com\/fr\/#website","url":"https:\/\/ancestrina.com\/fr\/","name":"Ancestrina","description":"Trabajamos experiencias con plantas maestras, terapias integradoras y cultos ancestrales","publisher":{"@id":"https:\/\/ancestrina.com\/fr\/#organization"},"potentialAction":[{"@type":"SearchAction","target":{"@type":"EntryPoint","urlTemplate":"https:\/\/ancestrina.com\/fr\/?s={search_term_string}"},"query-input":{"@type":"PropertyValueSpecification","valueRequired":true,"valueName":"search_term_string"}}],"inLanguage":"fr-FR"},{"@type":"Organization","@id":"https:\/\/ancestrina.com\/fr\/#organization","name":"Ancestrina","url":"https:\/\/ancestrina.com\/fr\/","logo":{"@type":"ImageObject","inLanguage":"fr-FR","@id":"https:\/\/ancestrina.com\/fr\/#\/schema\/logo\/image\/","url":"https:\/\/ancestrina.com\/wp-content\/uploads\/2020\/06\/cropped-LOGO-ANCESTRINA-1.png","contentUrl":"https:\/\/ancestrina.com\/wp-content\/uploads\/2020\/06\/cropped-LOGO-ANCESTRINA-1.png","width":630,"height":202,"caption":"Ancestrina"},"image":{"@id":"https:\/\/ancestrina.com\/fr\/#\/schema\/logo\/image\/"},"sameAs":["https:\/\/www.facebook.com\/Ancestrina\/","https:\/\/www.instagram.com\/ancestrina\/","https:\/\/www.youtube.com\/channel\/UCgtt6WFhEIVEI30PzxlOeIw"]}]}},"_links":{"self":[{"href":"https:\/\/ancestrina.com\/fr\/wp-json\/wp\/v2\/product\/36723","targetHints":{"allow":["GET"]}}],"collection":[{"href":"https:\/\/ancestrina.com\/fr\/wp-json\/wp\/v2\/product"}],"about":[{"href":"https:\/\/ancestrina.com\/fr\/wp-json\/wp\/v2\/types\/product"}],"replies":[{"embeddable":true,"href":"https:\/\/ancestrina.com\/fr\/wp-json\/wp\/v2\/comments?post=36723"}],"version-history":[{"count":1,"href":"https:\/\/ancestrina.com\/fr\/wp-json\/wp\/v2\/product\/36723\/revisions"}],"predecessor-version":[{"id":37545,"href":"https:\/\/ancestrina.com\/fr\/wp-json\/wp\/v2\/product\/36723\/revisions\/37545"}],"wp:featuredmedia":[{"embeddable":true,"href":"https:\/\/ancestrina.com\/fr\/wp-json\/wp\/v2\/media\/34694"}],"wp:attachment":[{"href":"https:\/\/ancestrina.com\/fr\/wp-json\/wp\/v2\/media?parent=36723"}],"wp:term":[{"taxonomy":"product_brand","embeddable":true,"href":"https:\/\/ancestrina.com\/fr\/wp-json\/wp\/v2\/product_brand?post=36723"},{"taxonomy":"product_cat","embeddable":true,"href":"https:\/\/ancestrina.com\/fr\/wp-json\/wp\/v2\/product_cat?post=36723"},{"taxonomy":"product_tag","embeddable":true,"href":"https:\/\/ancestrina.com\/fr\/wp-json\/wp\/v2\/product_tag?post=36723"}],"curies":[{"name":"wp","href":"https:\/\/api.w.org\/{rel}","templated":true}]}}