{"id":36080,"date":"2024-10-13T16:55:33","date_gmt":"2024-10-13T21:55:33","guid":{"rendered":"https:\/\/ancestrina.com\/producto\/savon-nettoyant\/"},"modified":"2026-05-13T05:52:45","modified_gmt":"2026-05-13T10:52:45","slug":"savon-nettoyant","status":"publish","type":"product","link":"https:\/\/ancestrina.com\/fr\/producto\/savon-nettoyant\/","title":{"rendered":"Savon de nettoyage"},"content":{"rendered":"<p>Dans le rituel sacr\u00e9 du nettoyage \u00e9nerg\u00e9tique, notre <strong>savon nettoyant lourd et d\u00e9charge<\/strong> se dresse comme un gardien ancestral, con\u00e7u pour purifier les couches les plus denses de votre \u00eatre. Avec la puissante protection de <g id=\"gid_1\">Velandinho<\/g>, un bouclier contre les \u00e9nergies n\u00e9gatives, et la force purifiante du <g id=\"gid_2\">sel de mer<\/g> et de la <g id=\"gid_3\">rue<\/g>, ce savon agit comme un portail vers la l\u00e9g\u00e8ret\u00e9 et l\u2019\u00e9quilibre. Le <g id=\"gid_4\">Breu Branco<\/g>, utilis\u00e9 par les chamans amazoniens, \u00e9l\u00e8ve le rituel \u00e0 une dimension spirituelle, vous aidant \u00e0 \u00e9liminer la n\u00e9gativit\u00e9 accumul\u00e9e et \u00e0 restaurer votre champ d\u2019\u00e9nergie. Id\u00e9al pour les animateurs de c\u00e9r\u00e9monie et ceux expos\u00e9s \u00e0 de fortes influences, ce savon vous accompagne dans le voyage vers une transformation profonde, renouvelant votre vitalit\u00e9 et votre connexion avec le sacr\u00e9.   <\/p>\n","protected":false},"excerpt":{"rendered":"<h3>Savon de nettoyage et \u00e0 fortes d\u00e9charges (Rue, sel de mer, Breu Branco, Velandinho)<\/h3>\n<p>Ce savon, cr\u00e9\u00e9 au c\u0153ur de la jungle sous la houlette de sages anciens, est un puissant outil de purification \u00e9nerg\u00e9tique. Avec un m\u00e9lange sacr\u00e9 de rue, de sel marin, de Breu Branco et de Velandinho, chaque barre est charg\u00e9e d\u2019intentions protectrices qui dissipent les \u00e9nergies les plus denses, nettoyant et renouvelant le corps et l\u2019esprit. <\/p>\n","protected":false},"featured_media":34764,"comment_status":"open","ping_status":"closed","template":"","meta":{"order-bump-settings":[],"_wpfnl_thankyou_order_overview":"on","_wpfnl_thankyou_order_details":"on","_wpfnl_thankyou_billing_details":"on","_wpfnl_thankyou_shipping_details":"on","site-sidebar-layout":"default","site-content-layout":"","ast-site-content-layout":"default","site-content-style":"default","site-sidebar-style":"default","ast-global-header-display":"","ast-banner-title-visibility":"","ast-main-header-display":"","ast-hfb-above-header-display":"","ast-hfb-below-header-display":"","ast-hfb-mobile-header-display":"","site-post-title":"","ast-breadcrumbs-content":"","ast-featured-img":"","footer-sml-layout":"","ast-disable-related-posts":"","theme-transparent-header-meta":"default","adv-header-id-meta":"","stick-header-meta":"","header-above-stick-meta":"","header-main-stick-meta":"","header-below-stick-meta":"","astra-migrate-meta-layouts":"default","ast-page-background-enabled":"default","ast-page-background-meta":{"desktop":{"background-color":"","background-image":"","background-repeat":"repeat","background-position":"center center","background-size":"auto","background-attachment":"scroll","background-type":"","background-media":"","overlay-type":"","overlay-color":"","overlay-opacity":"","overlay-gradient":""},"tablet":{"background-color":"","background-image":"","background-repeat":"repeat","background-position":"center center","background-size":"auto","background-attachment":"scroll","background-type":"","background-media":"","overlay-type":"","overlay-color":"","overlay-opacity":"","overlay-gradient":""},"mobile":{"background-color":"","background-image":"","background-repeat":"repeat","background-position":"center center","background-size":"auto","background-attachment":"scroll","background-type":"","background-media":"","overlay-type":"","overlay-color":"","overlay-opacity":"","overlay-gradient":""}},"ast-content-background-meta":{"desktop":{"background-color":"var(--ast-global-color-5)","background-image":"","background-repeat":"repeat","background-position":"center center","background-size":"auto","background-attachment":"scroll","background-type":"","background-media":"","overlay-type":"","overlay-color":"","overlay-opacity":"","overlay-gradient":""},"tablet":{"background-color":"var(--ast-global-color-5)","background-image":"","background-repeat":"repeat","background-position":"center center","background-size":"auto","background-attachment":"scroll","background-type":"","background-media":"","overlay-type":"","overlay-color":"","overlay-opacity":"","overlay-gradient":""},"mobile":{"background-color":"var(--ast-global-color-5)","background-image":"","background-repeat":"repeat","background-position":"center center","background-size":"auto","background-attachment":"scroll","background-type":"","background-media":"","overlay-type":"","overlay-color":"","overlay-opacity":"","overlay-gradient":""}},"_joinchat":[]},"product_brand":[],"product_cat":[1439],"product_tag":[],"class_list":{"0":"post-36080","1":"product","2":"type-product","3":"status-publish","4":"has-post-thumbnail","6":"product_cat-savons","7":"desktop-align-center","8":"tablet-align-left","9":"mobile-align-left","11":"first","12":"instock","13":"shipping-taxable","14":"purchasable","15":"product-type-simple"},"yoast_head":"<!-- This site is optimized with the Yoast SEO Premium plugin v22.6 (Yoast SEO v27.6) - https:\/\/yoast.com\/product\/yoast-seo-premium-wordpress\/ -->\n<title>Savon de nettoyage Ancestrina<\/title>\n<meta name=\"description\" content=\"Savon de nettoyage et \u00e0 fortes d\u00e9charges (Rue, sel de mer, Breu Branco, Velandinho) Ce savon, cr\u00e9\u00e9 au c\u0153ur de la jungle sous la houlette de sages anciens, est un puissant outil de purification \u00e9nerg\u00e9tique. Avec un m\u00e9lange sacr\u00e9 de rue, de sel marin, de Breu Branco et de Velandinho, chaque barre est charg\u00e9e d\u2019intentions protectrices qui dissipent les \u00e9nergies les plus denses, nettoyant et renouvelant le corps et l\u2019esprit.\" \/>\n<meta name=\"robots\" content=\"index, follow, max-snippet:-1, max-image-preview:large, max-video-preview:-1\" \/>\n<link rel=\"canonical\" href=\"https:\/\/ancestrina.com\/fr\/producto\/savon-nettoyant\/\" \/>\n<meta property=\"og:locale\" content=\"fr_FR\" \/>\n<meta property=\"og:type\" content=\"article\" \/>\n<meta property=\"og:title\" content=\"Savon de nettoyage\" \/>\n<meta property=\"og:description\" content=\"Savon de nettoyage et \u00e0 fortes d\u00e9charges (Rue, sel de mer, Breu Branco, Velandinho) Ce savon, cr\u00e9\u00e9 au c\u0153ur de la jungle sous la houlette de sages anciens, est un puissant outil de purification \u00e9nerg\u00e9tique. Avec un m\u00e9lange sacr\u00e9 de rue, de sel marin, de Breu Branco et de Velandinho, chaque barre est charg\u00e9e d\u2019intentions protectrices qui dissipent les \u00e9nergies les plus denses, nettoyant et renouvelant le corps et l\u2019esprit.\" \/>\n<meta property=\"og:url\" content=\"https:\/\/ancestrina.com\/fr\/producto\/savon-nettoyant\/\" \/>\n<meta property=\"og:site_name\" content=\"Ancestrina\" \/>\n<meta property=\"article:publisher\" content=\"https:\/\/www.facebook.com\/Ancestrina\/\" \/>\n<meta property=\"article:modified_time\" content=\"2026-05-13T10:52:45+00:00\" \/>\n<meta property=\"og:image\" content=\"https:\/\/ancestrina.com\/wp-content\/uploads\/jabon-limpieza.jpg\" \/>\n\t<meta property=\"og:image:width\" content=\"2048\" \/>\n\t<meta property=\"og:image:height\" content=\"2048\" \/>\n\t<meta property=\"og:image:type\" content=\"image\/jpeg\" \/>\n<meta name=\"twitter:card\" content=\"summary_large_image\" \/>\n<meta name=\"twitter:label1\" content=\"Dur\u00e9e de lecture estim\u00e9e\" \/>\n\t<meta name=\"twitter:data1\" content=\"1 minute\" \/>\n<script type=\"application\/ld+json\" class=\"yoast-schema-graph\">{\"@context\":\"https:\\\/\\\/schema.org\",\"@graph\":[{\"@type\":\"WebPage\",\"@id\":\"https:\\\/\\\/ancestrina.com\\\/fr\\\/producto\\\/savon-nettoyant\\\/\",\"url\":\"https:\\\/\\\/ancestrina.com\\\/fr\\\/producto\\\/savon-nettoyant\\\/\",\"name\":\"Savon de nettoyage Ancestrina\",\"isPartOf\":{\"@id\":\"https:\\\/\\\/ancestrina.com\\\/fr\\\/#website\"},\"primaryImageOfPage\":{\"@id\":\"https:\\\/\\\/ancestrina.com\\\/fr\\\/producto\\\/savon-nettoyant\\\/#primaryimage\"},\"image\":{\"@id\":\"https:\\\/\\\/ancestrina.com\\\/fr\\\/producto\\\/savon-nettoyant\\\/#primaryimage\"},\"thumbnailUrl\":\"https:\\\/\\\/ancestrina.com\\\/wp-content\\\/uploads\\\/jabon-limpieza.jpg\",\"datePublished\":\"2024-10-13T21:55:33+00:00\",\"dateModified\":\"2026-05-13T10:52:45+00:00\",\"description\":\"Savon de nettoyage et \u00e0 fortes d\u00e9charges (Rue, sel de mer, Breu Branco, Velandinho) Ce savon, cr\u00e9\u00e9 au c\u0153ur de la jungle sous la houlette de sages anciens, est un puissant outil de purification \u00e9nerg\u00e9tique. Avec un m\u00e9lange sacr\u00e9 de rue, de sel marin, de Breu Branco et de Velandinho, chaque barre est charg\u00e9e d\u2019intentions protectrices qui dissipent les \u00e9nergies les plus denses, nettoyant et renouvelant le corps et l\u2019esprit.\",\"breadcrumb\":{\"@id\":\"https:\\\/\\\/ancestrina.com\\\/fr\\\/producto\\\/savon-nettoyant\\\/#breadcrumb\"},\"inLanguage\":\"fr-FR\",\"potentialAction\":[{\"@type\":\"ReadAction\",\"target\":[\"https:\\\/\\\/ancestrina.com\\\/fr\\\/producto\\\/savon-nettoyant\\\/\"]}]},{\"@type\":\"ImageObject\",\"inLanguage\":\"fr-FR\",\"@id\":\"https:\\\/\\\/ancestrina.com\\\/fr\\\/producto\\\/savon-nettoyant\\\/#primaryimage\",\"url\":\"https:\\\/\\\/ancestrina.com\\\/wp-content\\\/uploads\\\/jabon-limpieza.jpg\",\"contentUrl\":\"https:\\\/\\\/ancestrina.com\\\/wp-content\\\/uploads\\\/jabon-limpieza.jpg\",\"width\":2048,\"height\":2048},{\"@type\":\"BreadcrumbList\",\"@id\":\"https:\\\/\\\/ancestrina.com\\\/fr\\\/producto\\\/savon-nettoyant\\\/#breadcrumb\",\"itemListElement\":[{\"@type\":\"ListItem\",\"position\":1,\"name\":\"Home\",\"item\":\"https:\\\/\\\/ancestrina.com\\\/fr\\\/domicile\\\/\"},{\"@type\":\"ListItem\",\"position\":2,\"name\":\"boutique\",\"item\":\"https:\\\/\\\/ancestrina.com\\\/fr\\\/boutique\\\/\"},{\"@type\":\"ListItem\",\"position\":3,\"name\":\"Savon de nettoyage\"}]},{\"@type\":\"WebSite\",\"@id\":\"https:\\\/\\\/ancestrina.com\\\/fr\\\/#website\",\"url\":\"https:\\\/\\\/ancestrina.com\\\/fr\\\/\",\"name\":\"Ancestrina\",\"description\":\"Trabajamos experiencias con plantas maestras, terapias integradoras y cultos ancestrales\",\"publisher\":{\"@id\":\"https:\\\/\\\/ancestrina.com\\\/fr\\\/#organization\"},\"potentialAction\":[{\"@type\":\"SearchAction\",\"target\":{\"@type\":\"EntryPoint\",\"urlTemplate\":\"https:\\\/\\\/ancestrina.com\\\/fr\\\/?s={search_term_string}\"},\"query-input\":{\"@type\":\"PropertyValueSpecification\",\"valueRequired\":true,\"valueName\":\"search_term_string\"}}],\"inLanguage\":\"fr-FR\"},{\"@type\":\"Organization\",\"@id\":\"https:\\\/\\\/ancestrina.com\\\/fr\\\/#organization\",\"name\":\"Ancestrina\",\"url\":\"https:\\\/\\\/ancestrina.com\\\/fr\\\/\",\"logo\":{\"@type\":\"ImageObject\",\"inLanguage\":\"fr-FR\",\"@id\":\"https:\\\/\\\/ancestrina.com\\\/fr\\\/#\\\/schema\\\/logo\\\/image\\\/\",\"url\":\"https:\\\/\\\/ancestrina.com\\\/wp-content\\\/uploads\\\/2020\\\/06\\\/cropped-LOGO-ANCESTRINA-1.png\",\"contentUrl\":\"https:\\\/\\\/ancestrina.com\\\/wp-content\\\/uploads\\\/2020\\\/06\\\/cropped-LOGO-ANCESTRINA-1.png\",\"width\":630,\"height\":202,\"caption\":\"Ancestrina\"},\"image\":{\"@id\":\"https:\\\/\\\/ancestrina.com\\\/fr\\\/#\\\/schema\\\/logo\\\/image\\\/\"},\"sameAs\":[\"https:\\\/\\\/www.facebook.com\\\/Ancestrina\\\/\",\"https:\\\/\\\/www.instagram.com\\\/ancestrina\\\/\",\"https:\\\/\\\/www.youtube.com\\\/channel\\\/UCgtt6WFhEIVEI30PzxlOeIw\"]}]}<\/script>\n<!-- \/ Yoast SEO Premium plugin. -->","yoast_head_json":{"title":"Savon de nettoyage Ancestrina","description":"Savon de nettoyage et \u00e0 fortes d\u00e9charges (Rue, sel de mer, Breu Branco, Velandinho) Ce savon, cr\u00e9\u00e9 au c\u0153ur de la jungle sous la houlette de sages anciens, est un puissant outil de purification \u00e9nerg\u00e9tique. Avec un m\u00e9lange sacr\u00e9 de rue, de sel marin, de Breu Branco et de Velandinho, chaque barre est charg\u00e9e d\u2019intentions protectrices qui dissipent les \u00e9nergies les plus denses, nettoyant et renouvelant le corps et l\u2019esprit.","robots":{"index":"index","follow":"follow","max-snippet":"max-snippet:-1","max-image-preview":"max-image-preview:large","max-video-preview":"max-video-preview:-1"},"canonical":"https:\/\/ancestrina.com\/fr\/producto\/savon-nettoyant\/","og_locale":"fr_FR","og_type":"article","og_title":"Savon de nettoyage","og_description":"Savon de nettoyage et \u00e0 fortes d\u00e9charges (Rue, sel de mer, Breu Branco, Velandinho) Ce savon, cr\u00e9\u00e9 au c\u0153ur de la jungle sous la houlette de sages anciens, est un puissant outil de purification \u00e9nerg\u00e9tique. Avec un m\u00e9lange sacr\u00e9 de rue, de sel marin, de Breu Branco et de Velandinho, chaque barre est charg\u00e9e d\u2019intentions protectrices qui dissipent les \u00e9nergies les plus denses, nettoyant et renouvelant le corps et l\u2019esprit.","og_url":"https:\/\/ancestrina.com\/fr\/producto\/savon-nettoyant\/","og_site_name":"Ancestrina","article_publisher":"https:\/\/www.facebook.com\/Ancestrina\/","article_modified_time":"2026-05-13T10:52:45+00:00","og_image":[{"width":2048,"height":2048,"url":"https:\/\/ancestrina.com\/wp-content\/uploads\/jabon-limpieza.jpg","type":"image\/jpeg"}],"twitter_card":"summary_large_image","twitter_misc":{"Dur\u00e9e de lecture estim\u00e9e":"1 minute"},"schema":{"@context":"https:\/\/schema.org","@graph":[{"@type":"WebPage","@id":"https:\/\/ancestrina.com\/fr\/producto\/savon-nettoyant\/","url":"https:\/\/ancestrina.com\/fr\/producto\/savon-nettoyant\/","name":"Savon de nettoyage Ancestrina","isPartOf":{"@id":"https:\/\/ancestrina.com\/fr\/#website"},"primaryImageOfPage":{"@id":"https:\/\/ancestrina.com\/fr\/producto\/savon-nettoyant\/#primaryimage"},"image":{"@id":"https:\/\/ancestrina.com\/fr\/producto\/savon-nettoyant\/#primaryimage"},"thumbnailUrl":"https:\/\/ancestrina.com\/wp-content\/uploads\/jabon-limpieza.jpg","datePublished":"2024-10-13T21:55:33+00:00","dateModified":"2026-05-13T10:52:45+00:00","description":"Savon de nettoyage et \u00e0 fortes d\u00e9charges (Rue, sel de mer, Breu Branco, Velandinho) Ce savon, cr\u00e9\u00e9 au c\u0153ur de la jungle sous la houlette de sages anciens, est un puissant outil de purification \u00e9nerg\u00e9tique. Avec un m\u00e9lange sacr\u00e9 de rue, de sel marin, de Breu Branco et de Velandinho, chaque barre est charg\u00e9e d\u2019intentions protectrices qui dissipent les \u00e9nergies les plus denses, nettoyant et renouvelant le corps et l\u2019esprit.","breadcrumb":{"@id":"https:\/\/ancestrina.com\/fr\/producto\/savon-nettoyant\/#breadcrumb"},"inLanguage":"fr-FR","potentialAction":[{"@type":"ReadAction","target":["https:\/\/ancestrina.com\/fr\/producto\/savon-nettoyant\/"]}]},{"@type":"ImageObject","inLanguage":"fr-FR","@id":"https:\/\/ancestrina.com\/fr\/producto\/savon-nettoyant\/#primaryimage","url":"https:\/\/ancestrina.com\/wp-content\/uploads\/jabon-limpieza.jpg","contentUrl":"https:\/\/ancestrina.com\/wp-content\/uploads\/jabon-limpieza.jpg","width":2048,"height":2048},{"@type":"BreadcrumbList","@id":"https:\/\/ancestrina.com\/fr\/producto\/savon-nettoyant\/#breadcrumb","itemListElement":[{"@type":"ListItem","position":1,"name":"Home","item":"https:\/\/ancestrina.com\/fr\/domicile\/"},{"@type":"ListItem","position":2,"name":"boutique","item":"https:\/\/ancestrina.com\/fr\/boutique\/"},{"@type":"ListItem","position":3,"name":"Savon de nettoyage"}]},{"@type":"WebSite","@id":"https:\/\/ancestrina.com\/fr\/#website","url":"https:\/\/ancestrina.com\/fr\/","name":"Ancestrina","description":"Trabajamos experiencias con plantas maestras, terapias integradoras y cultos ancestrales","publisher":{"@id":"https:\/\/ancestrina.com\/fr\/#organization"},"potentialAction":[{"@type":"SearchAction","target":{"@type":"EntryPoint","urlTemplate":"https:\/\/ancestrina.com\/fr\/?s={search_term_string}"},"query-input":{"@type":"PropertyValueSpecification","valueRequired":true,"valueName":"search_term_string"}}],"inLanguage":"fr-FR"},{"@type":"Organization","@id":"https:\/\/ancestrina.com\/fr\/#organization","name":"Ancestrina","url":"https:\/\/ancestrina.com\/fr\/","logo":{"@type":"ImageObject","inLanguage":"fr-FR","@id":"https:\/\/ancestrina.com\/fr\/#\/schema\/logo\/image\/","url":"https:\/\/ancestrina.com\/wp-content\/uploads\/2020\/06\/cropped-LOGO-ANCESTRINA-1.png","contentUrl":"https:\/\/ancestrina.com\/wp-content\/uploads\/2020\/06\/cropped-LOGO-ANCESTRINA-1.png","width":630,"height":202,"caption":"Ancestrina"},"image":{"@id":"https:\/\/ancestrina.com\/fr\/#\/schema\/logo\/image\/"},"sameAs":["https:\/\/www.facebook.com\/Ancestrina\/","https:\/\/www.instagram.com\/ancestrina\/","https:\/\/www.youtube.com\/channel\/UCgtt6WFhEIVEI30PzxlOeIw"]}]}},"_links":{"self":[{"href":"https:\/\/ancestrina.com\/fr\/wp-json\/wp\/v2\/product\/36080","targetHints":{"allow":["GET"]}}],"collection":[{"href":"https:\/\/ancestrina.com\/fr\/wp-json\/wp\/v2\/product"}],"about":[{"href":"https:\/\/ancestrina.com\/fr\/wp-json\/wp\/v2\/types\/product"}],"replies":[{"embeddable":true,"href":"https:\/\/ancestrina.com\/fr\/wp-json\/wp\/v2\/comments?post=36080"}],"version-history":[{"count":1,"href":"https:\/\/ancestrina.com\/fr\/wp-json\/wp\/v2\/product\/36080\/revisions"}],"predecessor-version":[{"id":37652,"href":"https:\/\/ancestrina.com\/fr\/wp-json\/wp\/v2\/product\/36080\/revisions\/37652"}],"wp:featuredmedia":[{"embeddable":true,"href":"https:\/\/ancestrina.com\/fr\/wp-json\/wp\/v2\/media\/34764"}],"wp:attachment":[{"href":"https:\/\/ancestrina.com\/fr\/wp-json\/wp\/v2\/media?parent=36080"}],"wp:term":[{"taxonomy":"product_brand","embeddable":true,"href":"https:\/\/ancestrina.com\/fr\/wp-json\/wp\/v2\/product_brand?post=36080"},{"taxonomy":"product_cat","embeddable":true,"href":"https:\/\/ancestrina.com\/fr\/wp-json\/wp\/v2\/product_cat?post=36080"},{"taxonomy":"product_tag","embeddable":true,"href":"https:\/\/ancestrina.com\/fr\/wp-json\/wp\/v2\/product_tag?post=36080"}],"curies":[{"name":"wp","href":"https:\/\/api.w.org\/{rel}","templated":true}]}}