{"id":36061,"date":"2024-10-13T17:13:34","date_gmt":"2024-10-13T22:13:34","guid":{"rendered":"https:\/\/ancestrina.com\/producto\/kuripe-double\/"},"modified":"2026-03-15T13:26:00","modified_gmt":"2026-03-15T18:26:00","slug":"kuripe-double","status":"publish","type":"product","link":"https:\/\/ancestrina.com\/fr\/producto\/kuripe-double\/","title":{"rendered":"Double Kuripe"},"content":{"rendered":"<p>Le <strong>Double Kuripe<\/strong> est un v\u00e9ritable bijou d&rsquo;artisanat, m\u00e9ticuleusement fabriqu\u00e9 par des ma\u00eetres de l&rsquo;Est dont les comp\u00e9tences en mati\u00e8re de travail du bois ont \u00e9t\u00e9 affin\u00e9es au fil des g\u00e9n\u00e9rations. Ces artisans, porteurs d&rsquo;un savoir transmis comme un h\u00e9ritage familial, ont \u00e9t\u00e9 soigneusement choisis pour fa\u00e7onner cet instrument sacr\u00e9, utilis\u00e9 lors de c\u00e9r\u00e9monies spirituelles avec le rap\u00e9.<\/p>\n<p>Chaque kuripe est fabriqu\u00e9 \u00e0 la main avec pr\u00e9cision et d\u00e9vouement, refl\u00e9tant non seulement l&rsquo;expertise de ses cr\u00e9ateurs, mais aussi le respect des pratiques ancestrales. Cette conception sp\u00e9ciale permet l&rsquo;application simultan\u00e9e du rap\u00e9 dans les deux narines, ouvrant ainsi la voie \u00e0 une connexion spirituelle plus profonde.<\/p>\n<p>Plus qu&rsquo;un simple ustensile, le <strong>Double Kuripe<\/strong> est un outil c\u00e9r\u00e9moniel qui honore la tradition des m\u00e9decines ancestrales. Chaque pi\u00e8ce est impr\u00e9gn\u00e9e d&rsquo;intentions sacr\u00e9es, destin\u00e9es \u00e0 renforcer l&rsquo;exp\u00e9rience spirituelle de la personne qui la porte. L&rsquo;art oriental exquis rencontre la sagesse chamanique, jetant un pont entre les cultures et \u00e9levant la pratique du rap\u00e9 \u00e0 un niveau plus profond de connexion avec l&rsquo;esprit et la nature.<\/p>\n<p>Faites confiance \u00e0 l&rsquo;\u00e9nergie qui circule dans chaque courbe de ce kuripe et laissez-la vous guider sur le chemin d&rsquo;une exp\u00e9rience spirituelle plus profonde et plus \u00e9quilibr\u00e9e.<\/p>\n","protected":false},"excerpt":{"rendered":"<p>Cr\u00e9\u00e9 exclusivement par des artisans orientaux dont le savoir-faire a \u00e9t\u00e9 transmis de g\u00e9n\u00e9ration en g\u00e9n\u00e9ration, le <strong>Double Kuripe<\/strong> est un instrument sacr\u00e9 pour l\u2019application simultan\u00e9e de rap\u00e9 sur les deux narines. Chaque pi\u00e8ce, fabriqu\u00e9e \u00e0 la main avec d\u00e9votion, refl\u00e8te l\u2019art ancestral du travail du bois, connectant l\u2019utilisateur \u00e0 un profond h\u00e9ritage spirituel. <\/p>\n","protected":false},"featured_media":34869,"comment_status":"open","ping_status":"closed","template":"","meta":{"order-bump-settings":[],"_wpfnl_thankyou_order_overview":"on","_wpfnl_thankyou_order_details":"on","_wpfnl_thankyou_billing_details":"on","_wpfnl_thankyou_shipping_details":"on","site-sidebar-layout":"default","site-content-layout":"","ast-site-content-layout":"default","site-content-style":"default","site-sidebar-style":"default","ast-global-header-display":"","ast-banner-title-visibility":"","ast-main-header-display":"","ast-hfb-above-header-display":"","ast-hfb-below-header-display":"","ast-hfb-mobile-header-display":"","site-post-title":"","ast-breadcrumbs-content":"","ast-featured-img":"","footer-sml-layout":"","ast-disable-related-posts":"","theme-transparent-header-meta":"default","adv-header-id-meta":"","stick-header-meta":"","header-above-stick-meta":"","header-main-stick-meta":"","header-below-stick-meta":"","astra-migrate-meta-layouts":"default","ast-page-background-enabled":"default","ast-page-background-meta":{"desktop":{"background-color":"","background-image":"","background-repeat":"repeat","background-position":"center center","background-size":"auto","background-attachment":"scroll","background-type":"","background-media":"","overlay-type":"","overlay-color":"","overlay-opacity":"","overlay-gradient":""},"tablet":{"background-color":"","background-image":"","background-repeat":"repeat","background-position":"center center","background-size":"auto","background-attachment":"scroll","background-type":"","background-media":"","overlay-type":"","overlay-color":"","overlay-opacity":"","overlay-gradient":""},"mobile":{"background-color":"","background-image":"","background-repeat":"repeat","background-position":"center center","background-size":"auto","background-attachment":"scroll","background-type":"","background-media":"","overlay-type":"","overlay-color":"","overlay-opacity":"","overlay-gradient":""}},"ast-content-background-meta":{"desktop":{"background-color":"var(--ast-global-color-5)","background-image":"","background-repeat":"repeat","background-position":"center center","background-size":"auto","background-attachment":"scroll","background-type":"","background-media":"","overlay-type":"","overlay-color":"","overlay-opacity":"","overlay-gradient":""},"tablet":{"background-color":"var(--ast-global-color-5)","background-image":"","background-repeat":"repeat","background-position":"center center","background-size":"auto","background-attachment":"scroll","background-type":"","background-media":"","overlay-type":"","overlay-color":"","overlay-opacity":"","overlay-gradient":""},"mobile":{"background-color":"var(--ast-global-color-5)","background-image":"","background-repeat":"repeat","background-position":"center center","background-size":"auto","background-attachment":"scroll","background-type":"","background-media":"","overlay-type":"","overlay-color":"","overlay-opacity":"","overlay-gradient":""}},"_joinchat":[]},"product_brand":[],"product_cat":[774,1843],"product_tag":[],"class_list":{"0":"post-36061","1":"product","2":"type-product","3":"status-publish","4":"has-post-thumbnail","6":"product_cat-kuripes-fr","7":"product_cat-varie","8":"desktop-align-center","9":"tablet-align-left","10":"mobile-align-left","12":"first","13":"outofstock","14":"shipping-taxable","15":"purchasable","16":"product-type-simple"},"yoast_head":"<!-- This site is optimized with the Yoast SEO Premium plugin v22.6 (Yoast SEO v27.6) - https:\/\/yoast.com\/product\/yoast-seo-premium-wordpress\/ -->\n<title>Double Kuripe Ancestrina<\/title>\n<meta name=\"description\" content=\"Cr\u00e9\u00e9 exclusivement par des artisans orientaux dont le savoir-faire a \u00e9t\u00e9 transmis de g\u00e9n\u00e9ration en g\u00e9n\u00e9ration, le Double Kuripe est un instrument sacr\u00e9 pour l\u2019application simultan\u00e9e de rap\u00e9 sur les deux narines. Chaque pi\u00e8ce, fabriqu\u00e9e \u00e0 la main avec d\u00e9votion, refl\u00e8te l\u2019art ancestral du travail du bois, connectant l\u2019utilisateur \u00e0 un profond h\u00e9ritage spirituel.\" \/>\n<meta name=\"robots\" content=\"index, follow, max-snippet:-1, max-image-preview:large, max-video-preview:-1\" \/>\n<link rel=\"canonical\" href=\"https:\/\/ancestrina.com\/fr\/producto\/kuripe-double\/\" \/>\n<meta property=\"og:locale\" content=\"fr_FR\" \/>\n<meta property=\"og:type\" content=\"article\" \/>\n<meta property=\"og:title\" content=\"Double Kuripe\" \/>\n<meta property=\"og:description\" content=\"Cr\u00e9\u00e9 exclusivement par des artisans orientaux dont le savoir-faire a \u00e9t\u00e9 transmis de g\u00e9n\u00e9ration en g\u00e9n\u00e9ration, le Double Kuripe est un instrument sacr\u00e9 pour l\u2019application simultan\u00e9e de rap\u00e9 sur les deux narines. Chaque pi\u00e8ce, fabriqu\u00e9e \u00e0 la main avec d\u00e9votion, refl\u00e8te l\u2019art ancestral du travail du bois, connectant l\u2019utilisateur \u00e0 un profond h\u00e9ritage spirituel.\" \/>\n<meta property=\"og:url\" content=\"https:\/\/ancestrina.com\/fr\/producto\/kuripe-double\/\" \/>\n<meta property=\"og:site_name\" content=\"Ancestrina\" \/>\n<meta property=\"article:publisher\" content=\"https:\/\/www.facebook.com\/Ancestrina\/\" \/>\n<meta property=\"article:modified_time\" content=\"2026-03-15T18:26:00+00:00\" \/>\n<meta property=\"og:image\" content=\"https:\/\/ancestrina.com\/wp-content\/uploads\/kuripes-dobles.jpg\" \/>\n\t<meta property=\"og:image:width\" content=\"2048\" \/>\n\t<meta property=\"og:image:height\" content=\"2048\" \/>\n\t<meta property=\"og:image:type\" content=\"image\/jpeg\" \/>\n<meta name=\"twitter:card\" content=\"summary_large_image\" \/>\n<meta name=\"twitter:label1\" content=\"Dur\u00e9e de lecture estim\u00e9e\" \/>\n\t<meta name=\"twitter:data1\" content=\"1 minute\" \/>\n<script type=\"application\/ld+json\" class=\"yoast-schema-graph\">{\"@context\":\"https:\\\/\\\/schema.org\",\"@graph\":[{\"@type\":\"WebPage\",\"@id\":\"https:\\\/\\\/ancestrina.com\\\/fr\\\/producto\\\/kuripe-double\\\/\",\"url\":\"https:\\\/\\\/ancestrina.com\\\/fr\\\/producto\\\/kuripe-double\\\/\",\"name\":\"Double Kuripe Ancestrina\",\"isPartOf\":{\"@id\":\"https:\\\/\\\/ancestrina.com\\\/fr\\\/#website\"},\"primaryImageOfPage\":{\"@id\":\"https:\\\/\\\/ancestrina.com\\\/fr\\\/producto\\\/kuripe-double\\\/#primaryimage\"},\"image\":{\"@id\":\"https:\\\/\\\/ancestrina.com\\\/fr\\\/producto\\\/kuripe-double\\\/#primaryimage\"},\"thumbnailUrl\":\"https:\\\/\\\/ancestrina.com\\\/wp-content\\\/uploads\\\/kuripes-dobles.jpg\",\"datePublished\":\"2024-10-13T22:13:34+00:00\",\"dateModified\":\"2026-03-15T18:26:00+00:00\",\"description\":\"Cr\u00e9\u00e9 exclusivement par des artisans orientaux dont le savoir-faire a \u00e9t\u00e9 transmis de g\u00e9n\u00e9ration en g\u00e9n\u00e9ration, le Double Kuripe est un instrument sacr\u00e9 pour l\u2019application simultan\u00e9e de rap\u00e9 sur les deux narines. Chaque pi\u00e8ce, fabriqu\u00e9e \u00e0 la main avec d\u00e9votion, refl\u00e8te l\u2019art ancestral du travail du bois, connectant l\u2019utilisateur \u00e0 un profond h\u00e9ritage spirituel.\",\"breadcrumb\":{\"@id\":\"https:\\\/\\\/ancestrina.com\\\/fr\\\/producto\\\/kuripe-double\\\/#breadcrumb\"},\"inLanguage\":\"fr-FR\",\"potentialAction\":[{\"@type\":\"ReadAction\",\"target\":[\"https:\\\/\\\/ancestrina.com\\\/fr\\\/producto\\\/kuripe-double\\\/\"]}]},{\"@type\":\"ImageObject\",\"inLanguage\":\"fr-FR\",\"@id\":\"https:\\\/\\\/ancestrina.com\\\/fr\\\/producto\\\/kuripe-double\\\/#primaryimage\",\"url\":\"https:\\\/\\\/ancestrina.com\\\/wp-content\\\/uploads\\\/kuripes-dobles.jpg\",\"contentUrl\":\"https:\\\/\\\/ancestrina.com\\\/wp-content\\\/uploads\\\/kuripes-dobles.jpg\",\"width\":2048,\"height\":2048},{\"@type\":\"BreadcrumbList\",\"@id\":\"https:\\\/\\\/ancestrina.com\\\/fr\\\/producto\\\/kuripe-double\\\/#breadcrumb\",\"itemListElement\":[{\"@type\":\"ListItem\",\"position\":1,\"name\":\"Home\",\"item\":\"https:\\\/\\\/ancestrina.com\\\/fr\\\/domicile\\\/\"},{\"@type\":\"ListItem\",\"position\":2,\"name\":\"boutique\",\"item\":\"https:\\\/\\\/ancestrina.com\\\/fr\\\/boutique\\\/\"},{\"@type\":\"ListItem\",\"position\":3,\"name\":\"Double Kuripe\"}]},{\"@type\":\"WebSite\",\"@id\":\"https:\\\/\\\/ancestrina.com\\\/fr\\\/#website\",\"url\":\"https:\\\/\\\/ancestrina.com\\\/fr\\\/\",\"name\":\"Ancestrina\",\"description\":\"Trabajamos experiencias con plantas maestras, terapias integradoras y cultos ancestrales\",\"publisher\":{\"@id\":\"https:\\\/\\\/ancestrina.com\\\/fr\\\/#organization\"},\"potentialAction\":[{\"@type\":\"SearchAction\",\"target\":{\"@type\":\"EntryPoint\",\"urlTemplate\":\"https:\\\/\\\/ancestrina.com\\\/fr\\\/?s={search_term_string}\"},\"query-input\":{\"@type\":\"PropertyValueSpecification\",\"valueRequired\":true,\"valueName\":\"search_term_string\"}}],\"inLanguage\":\"fr-FR\"},{\"@type\":\"Organization\",\"@id\":\"https:\\\/\\\/ancestrina.com\\\/fr\\\/#organization\",\"name\":\"Ancestrina\",\"url\":\"https:\\\/\\\/ancestrina.com\\\/fr\\\/\",\"logo\":{\"@type\":\"ImageObject\",\"inLanguage\":\"fr-FR\",\"@id\":\"https:\\\/\\\/ancestrina.com\\\/fr\\\/#\\\/schema\\\/logo\\\/image\\\/\",\"url\":\"https:\\\/\\\/ancestrina.com\\\/wp-content\\\/uploads\\\/2020\\\/06\\\/cropped-LOGO-ANCESTRINA-1.png\",\"contentUrl\":\"https:\\\/\\\/ancestrina.com\\\/wp-content\\\/uploads\\\/2020\\\/06\\\/cropped-LOGO-ANCESTRINA-1.png\",\"width\":630,\"height\":202,\"caption\":\"Ancestrina\"},\"image\":{\"@id\":\"https:\\\/\\\/ancestrina.com\\\/fr\\\/#\\\/schema\\\/logo\\\/image\\\/\"},\"sameAs\":[\"https:\\\/\\\/www.facebook.com\\\/Ancestrina\\\/\",\"https:\\\/\\\/www.instagram.com\\\/ancestrina\\\/\",\"https:\\\/\\\/www.youtube.com\\\/channel\\\/UCgtt6WFhEIVEI30PzxlOeIw\"]}]}<\/script>\n<!-- \/ Yoast SEO Premium plugin. -->","yoast_head_json":{"title":"Double Kuripe Ancestrina","description":"Cr\u00e9\u00e9 exclusivement par des artisans orientaux dont le savoir-faire a \u00e9t\u00e9 transmis de g\u00e9n\u00e9ration en g\u00e9n\u00e9ration, le Double Kuripe est un instrument sacr\u00e9 pour l\u2019application simultan\u00e9e de rap\u00e9 sur les deux narines. Chaque pi\u00e8ce, fabriqu\u00e9e \u00e0 la main avec d\u00e9votion, refl\u00e8te l\u2019art ancestral du travail du bois, connectant l\u2019utilisateur \u00e0 un profond h\u00e9ritage spirituel.","robots":{"index":"index","follow":"follow","max-snippet":"max-snippet:-1","max-image-preview":"max-image-preview:large","max-video-preview":"max-video-preview:-1"},"canonical":"https:\/\/ancestrina.com\/fr\/producto\/kuripe-double\/","og_locale":"fr_FR","og_type":"article","og_title":"Double Kuripe","og_description":"Cr\u00e9\u00e9 exclusivement par des artisans orientaux dont le savoir-faire a \u00e9t\u00e9 transmis de g\u00e9n\u00e9ration en g\u00e9n\u00e9ration, le Double Kuripe est un instrument sacr\u00e9 pour l\u2019application simultan\u00e9e de rap\u00e9 sur les deux narines. Chaque pi\u00e8ce, fabriqu\u00e9e \u00e0 la main avec d\u00e9votion, refl\u00e8te l\u2019art ancestral du travail du bois, connectant l\u2019utilisateur \u00e0 un profond h\u00e9ritage spirituel.","og_url":"https:\/\/ancestrina.com\/fr\/producto\/kuripe-double\/","og_site_name":"Ancestrina","article_publisher":"https:\/\/www.facebook.com\/Ancestrina\/","article_modified_time":"2026-03-15T18:26:00+00:00","og_image":[{"width":2048,"height":2048,"url":"https:\/\/ancestrina.com\/wp-content\/uploads\/kuripes-dobles.jpg","type":"image\/jpeg"}],"twitter_card":"summary_large_image","twitter_misc":{"Dur\u00e9e de lecture estim\u00e9e":"1 minute"},"schema":{"@context":"https:\/\/schema.org","@graph":[{"@type":"WebPage","@id":"https:\/\/ancestrina.com\/fr\/producto\/kuripe-double\/","url":"https:\/\/ancestrina.com\/fr\/producto\/kuripe-double\/","name":"Double Kuripe Ancestrina","isPartOf":{"@id":"https:\/\/ancestrina.com\/fr\/#website"},"primaryImageOfPage":{"@id":"https:\/\/ancestrina.com\/fr\/producto\/kuripe-double\/#primaryimage"},"image":{"@id":"https:\/\/ancestrina.com\/fr\/producto\/kuripe-double\/#primaryimage"},"thumbnailUrl":"https:\/\/ancestrina.com\/wp-content\/uploads\/kuripes-dobles.jpg","datePublished":"2024-10-13T22:13:34+00:00","dateModified":"2026-03-15T18:26:00+00:00","description":"Cr\u00e9\u00e9 exclusivement par des artisans orientaux dont le savoir-faire a \u00e9t\u00e9 transmis de g\u00e9n\u00e9ration en g\u00e9n\u00e9ration, le Double Kuripe est un instrument sacr\u00e9 pour l\u2019application simultan\u00e9e de rap\u00e9 sur les deux narines. Chaque pi\u00e8ce, fabriqu\u00e9e \u00e0 la main avec d\u00e9votion, refl\u00e8te l\u2019art ancestral du travail du bois, connectant l\u2019utilisateur \u00e0 un profond h\u00e9ritage spirituel.","breadcrumb":{"@id":"https:\/\/ancestrina.com\/fr\/producto\/kuripe-double\/#breadcrumb"},"inLanguage":"fr-FR","potentialAction":[{"@type":"ReadAction","target":["https:\/\/ancestrina.com\/fr\/producto\/kuripe-double\/"]}]},{"@type":"ImageObject","inLanguage":"fr-FR","@id":"https:\/\/ancestrina.com\/fr\/producto\/kuripe-double\/#primaryimage","url":"https:\/\/ancestrina.com\/wp-content\/uploads\/kuripes-dobles.jpg","contentUrl":"https:\/\/ancestrina.com\/wp-content\/uploads\/kuripes-dobles.jpg","width":2048,"height":2048},{"@type":"BreadcrumbList","@id":"https:\/\/ancestrina.com\/fr\/producto\/kuripe-double\/#breadcrumb","itemListElement":[{"@type":"ListItem","position":1,"name":"Home","item":"https:\/\/ancestrina.com\/fr\/domicile\/"},{"@type":"ListItem","position":2,"name":"boutique","item":"https:\/\/ancestrina.com\/fr\/boutique\/"},{"@type":"ListItem","position":3,"name":"Double Kuripe"}]},{"@type":"WebSite","@id":"https:\/\/ancestrina.com\/fr\/#website","url":"https:\/\/ancestrina.com\/fr\/","name":"Ancestrina","description":"Trabajamos experiencias con plantas maestras, terapias integradoras y cultos ancestrales","publisher":{"@id":"https:\/\/ancestrina.com\/fr\/#organization"},"potentialAction":[{"@type":"SearchAction","target":{"@type":"EntryPoint","urlTemplate":"https:\/\/ancestrina.com\/fr\/?s={search_term_string}"},"query-input":{"@type":"PropertyValueSpecification","valueRequired":true,"valueName":"search_term_string"}}],"inLanguage":"fr-FR"},{"@type":"Organization","@id":"https:\/\/ancestrina.com\/fr\/#organization","name":"Ancestrina","url":"https:\/\/ancestrina.com\/fr\/","logo":{"@type":"ImageObject","inLanguage":"fr-FR","@id":"https:\/\/ancestrina.com\/fr\/#\/schema\/logo\/image\/","url":"https:\/\/ancestrina.com\/wp-content\/uploads\/2020\/06\/cropped-LOGO-ANCESTRINA-1.png","contentUrl":"https:\/\/ancestrina.com\/wp-content\/uploads\/2020\/06\/cropped-LOGO-ANCESTRINA-1.png","width":630,"height":202,"caption":"Ancestrina"},"image":{"@id":"https:\/\/ancestrina.com\/fr\/#\/schema\/logo\/image\/"},"sameAs":["https:\/\/www.facebook.com\/Ancestrina\/","https:\/\/www.instagram.com\/ancestrina\/","https:\/\/www.youtube.com\/channel\/UCgtt6WFhEIVEI30PzxlOeIw"]}]}},"_links":{"self":[{"href":"https:\/\/ancestrina.com\/fr\/wp-json\/wp\/v2\/product\/36061","targetHints":{"allow":["GET"]}}],"collection":[{"href":"https:\/\/ancestrina.com\/fr\/wp-json\/wp\/v2\/product"}],"about":[{"href":"https:\/\/ancestrina.com\/fr\/wp-json\/wp\/v2\/types\/product"}],"replies":[{"embeddable":true,"href":"https:\/\/ancestrina.com\/fr\/wp-json\/wp\/v2\/comments?post=36061"}],"version-history":[{"count":1,"href":"https:\/\/ancestrina.com\/fr\/wp-json\/wp\/v2\/product\/36061\/revisions"}],"predecessor-version":[{"id":37669,"href":"https:\/\/ancestrina.com\/fr\/wp-json\/wp\/v2\/product\/36061\/revisions\/37669"}],"wp:featuredmedia":[{"embeddable":true,"href":"https:\/\/ancestrina.com\/fr\/wp-json\/wp\/v2\/media\/34869"}],"wp:attachment":[{"href":"https:\/\/ancestrina.com\/fr\/wp-json\/wp\/v2\/media?parent=36061"}],"wp:term":[{"taxonomy":"product_brand","embeddable":true,"href":"https:\/\/ancestrina.com\/fr\/wp-json\/wp\/v2\/product_brand?post=36061"},{"taxonomy":"product_cat","embeddable":true,"href":"https:\/\/ancestrina.com\/fr\/wp-json\/wp\/v2\/product_cat?post=36061"},{"taxonomy":"product_tag","embeddable":true,"href":"https:\/\/ancestrina.com\/fr\/wp-json\/wp\/v2\/product_tag?post=36061"}],"curies":[{"name":"wp","href":"https:\/\/api.w.org\/{rel}","templated":true}]}}