{"id":36058,"date":"2024-10-13T17:17:53","date_gmt":"2024-10-13T22:17:53","guid":{"rendered":"https:\/\/ancestrina.com\/producto\/tepi-double\/"},"modified":"2026-03-15T07:22:36","modified_gmt":"2026-03-15T12:22:36","slug":"tepi-double","status":"publish","type":"product","link":"https:\/\/ancestrina.com\/fr\/producto\/tepi-double\/","title":{"rendered":"Double Tepi"},"content":{"rendered":"<p>Le <strong>Double Tepi<\/strong> est un instrument de c\u00e9r\u00e9monie unique en son genre, con\u00e7u pour ceux qui recherchent une application \u00e9quilibr\u00e9e et simultan\u00e9e du rap\u00e9 dans les deux narines. Fabriqu\u00e9 de main de ma\u00eetre par des artisans qui perfectionnent l&rsquo;art du travail du bois depuis des g\u00e9n\u00e9rations, ce tepi garantit que la m\u00e9decine sacr\u00e9e du rap\u00e9 s&rsquo;\u00e9coule harmonieusement, offrant une exp\u00e9rience plus profonde et plus \u00e9quilibr\u00e9e.<\/p>\n<p>Cette conception sp\u00e9cialis\u00e9e permet de projeter le rap\u00e9 dans les deux fosses en m\u00eame temps, cr\u00e9ant ainsi un flux d&rsquo;\u00e9nergie continu. Chaque <strong>Double Tepi<\/strong> est fabriqu\u00e9 \u00e0 la main, impr\u00e9gn\u00e9 d&rsquo;intentions spirituelles et c\u00e9r\u00e9monielles, garantissant que chaque application est plus qu&rsquo;un rituel, c&rsquo;est un moment de connexion avec le sacr\u00e9.<\/p>\n<p>Utilis\u00e9 lors de c\u00e9r\u00e9monies ancestrales, le <strong>Double Tepi<\/strong> est id\u00e9al pour ceux qui cherchent \u00e0 renforcer les effets du rap\u00e9, en facilitant simultan\u00e9ment l&rsquo;ouverture des canaux \u00e9nerg\u00e9tiques et une plus grande clart\u00e9 mentale et spirituelle. Ce tepi vous permet d&rsquo;approfondir l&rsquo;exp\u00e9rience du rap\u00e9 de mani\u00e8re \u00e9quilibr\u00e9e, en optimisant la connexion entre le corps, l&rsquo;\u00e2me et l&rsquo;esprit, sous la protection d&rsquo;une sagesse ancestrale.<\/p>\n","protected":false},"excerpt":{"rendered":"<p>Le <strong>Double Tepi<\/strong>, soigneusement con\u00e7u pour projeter du rap\u00e9 simultan\u00e9ment dans les deux narines, est un outil de c\u00e9r\u00e9monie pr\u00e9cis et puissant. Fabriqu\u00e9 par des artisans experts, cet instrument garantit une application \u00e9quilibr\u00e9e et profonde, optimisant l\u2019exp\u00e9rience du rap\u00e9 avec une connexion directe \u00e0 l\u2019\u00e9nergie ancestrale. <\/p>\n","protected":false},"featured_media":35149,"comment_status":"open","ping_status":"closed","template":"","meta":{"order-bump-settings":[],"_wpfnl_thankyou_order_overview":"on","_wpfnl_thankyou_order_details":"on","_wpfnl_thankyou_billing_details":"on","_wpfnl_thankyou_shipping_details":"on","site-sidebar-layout":"default","site-content-layout":"","ast-site-content-layout":"default","site-content-style":"default","site-sidebar-style":"default","ast-global-header-display":"","ast-banner-title-visibility":"","ast-main-header-display":"","ast-hfb-above-header-display":"","ast-hfb-below-header-display":"","ast-hfb-mobile-header-display":"","site-post-title":"","ast-breadcrumbs-content":"","ast-featured-img":"","footer-sml-layout":"","ast-disable-related-posts":"","theme-transparent-header-meta":"default","adv-header-id-meta":"","stick-header-meta":"","header-above-stick-meta":"","header-main-stick-meta":"","header-below-stick-meta":"","astra-migrate-meta-layouts":"default","ast-page-background-enabled":"default","ast-page-background-meta":{"desktop":{"background-color":"","background-image":"","background-repeat":"repeat","background-position":"center center","background-size":"auto","background-attachment":"scroll","background-type":"","background-media":"","overlay-type":"","overlay-color":"","overlay-opacity":"","overlay-gradient":""},"tablet":{"background-color":"","background-image":"","background-repeat":"repeat","background-position":"center center","background-size":"auto","background-attachment":"scroll","background-type":"","background-media":"","overlay-type":"","overlay-color":"","overlay-opacity":"","overlay-gradient":""},"mobile":{"background-color":"","background-image":"","background-repeat":"repeat","background-position":"center center","background-size":"auto","background-attachment":"scroll","background-type":"","background-media":"","overlay-type":"","overlay-color":"","overlay-opacity":"","overlay-gradient":""}},"ast-content-background-meta":{"desktop":{"background-color":"var(--ast-global-color-5)","background-image":"","background-repeat":"repeat","background-position":"center center","background-size":"auto","background-attachment":"scroll","background-type":"","background-media":"","overlay-type":"","overlay-color":"","overlay-opacity":"","overlay-gradient":""},"tablet":{"background-color":"var(--ast-global-color-5)","background-image":"","background-repeat":"repeat","background-position":"center center","background-size":"auto","background-attachment":"scroll","background-type":"","background-media":"","overlay-type":"","overlay-color":"","overlay-opacity":"","overlay-gradient":""},"mobile":{"background-color":"var(--ast-global-color-5)","background-image":"","background-repeat":"repeat","background-position":"center center","background-size":"auto","background-attachment":"scroll","background-type":"","background-media":"","overlay-type":"","overlay-color":"","overlay-opacity":"","overlay-gradient":""}},"_joinchat":[]},"product_brand":[],"product_cat":[781,1843],"product_tag":[],"class_list":{"0":"post-36058","1":"product","2":"type-product","3":"status-publish","4":"has-post-thumbnail","6":"product_cat-tepis-fr","7":"product_cat-varie","8":"desktop-align-center","9":"tablet-align-left","10":"mobile-align-left","12":"first","13":"outofstock","14":"shipping-taxable","15":"purchasable","16":"product-type-simple"},"yoast_head":"<!-- This site is optimized with the Yoast SEO Premium plugin v22.6 (Yoast SEO v27.6) - https:\/\/yoast.com\/product\/yoast-seo-premium-wordpress\/ -->\n<title>Double Tepi Ancestrina<\/title>\n<meta name=\"description\" content=\"Le Double Tepi, soigneusement con\u00e7u pour projeter du rap\u00e9 simultan\u00e9ment dans les deux narines, est un outil de c\u00e9r\u00e9monie pr\u00e9cis et puissant. Fabriqu\u00e9 par des artisans experts, cet instrument garantit une application \u00e9quilibr\u00e9e et profonde, optimisant l\u2019exp\u00e9rience du rap\u00e9 avec une connexion directe \u00e0 l\u2019\u00e9nergie ancestrale.\" \/>\n<meta name=\"robots\" content=\"index, follow, max-snippet:-1, max-image-preview:large, max-video-preview:-1\" \/>\n<link rel=\"canonical\" href=\"https:\/\/ancestrina.com\/fr\/producto\/tepi-double\/\" \/>\n<meta property=\"og:locale\" content=\"fr_FR\" \/>\n<meta property=\"og:type\" content=\"article\" \/>\n<meta property=\"og:title\" content=\"Double Tepi\" \/>\n<meta property=\"og:description\" content=\"Le Double Tepi, soigneusement con\u00e7u pour projeter du rap\u00e9 simultan\u00e9ment dans les deux narines, est un outil de c\u00e9r\u00e9monie pr\u00e9cis et puissant. Fabriqu\u00e9 par des artisans experts, cet instrument garantit une application \u00e9quilibr\u00e9e et profonde, optimisant l\u2019exp\u00e9rience du rap\u00e9 avec une connexion directe \u00e0 l\u2019\u00e9nergie ancestrale.\" \/>\n<meta property=\"og:url\" content=\"https:\/\/ancestrina.com\/fr\/producto\/tepi-double\/\" \/>\n<meta property=\"og:site_name\" content=\"Ancestrina\" \/>\n<meta property=\"article:publisher\" content=\"https:\/\/www.facebook.com\/Ancestrina\/\" \/>\n<meta property=\"article:modified_time\" content=\"2026-03-15T12:22:36+00:00\" \/>\n<meta property=\"og:image\" content=\"https:\/\/ancestrina.com\/wp-content\/uploads\/tepis-dobles.jpg\" \/>\n\t<meta property=\"og:image:width\" content=\"2048\" \/>\n\t<meta property=\"og:image:height\" content=\"2048\" \/>\n\t<meta property=\"og:image:type\" content=\"image\/jpeg\" \/>\n<meta name=\"twitter:card\" content=\"summary_large_image\" \/>\n<meta name=\"twitter:label1\" content=\"Dur\u00e9e de lecture estim\u00e9e\" \/>\n\t<meta name=\"twitter:data1\" content=\"1 minute\" \/>\n<script type=\"application\/ld+json\" class=\"yoast-schema-graph\">{\"@context\":\"https:\\\/\\\/schema.org\",\"@graph\":[{\"@type\":\"WebPage\",\"@id\":\"https:\\\/\\\/ancestrina.com\\\/fr\\\/producto\\\/tepi-double\\\/\",\"url\":\"https:\\\/\\\/ancestrina.com\\\/fr\\\/producto\\\/tepi-double\\\/\",\"name\":\"Double Tepi Ancestrina\",\"isPartOf\":{\"@id\":\"https:\\\/\\\/ancestrina.com\\\/fr\\\/#website\"},\"primaryImageOfPage\":{\"@id\":\"https:\\\/\\\/ancestrina.com\\\/fr\\\/producto\\\/tepi-double\\\/#primaryimage\"},\"image\":{\"@id\":\"https:\\\/\\\/ancestrina.com\\\/fr\\\/producto\\\/tepi-double\\\/#primaryimage\"},\"thumbnailUrl\":\"https:\\\/\\\/ancestrina.com\\\/wp-content\\\/uploads\\\/tepis-dobles.jpg\",\"datePublished\":\"2024-10-13T22:17:53+00:00\",\"dateModified\":\"2026-03-15T12:22:36+00:00\",\"description\":\"Le Double Tepi, soigneusement con\u00e7u pour projeter du rap\u00e9 simultan\u00e9ment dans les deux narines, est un outil de c\u00e9r\u00e9monie pr\u00e9cis et puissant. Fabriqu\u00e9 par des artisans experts, cet instrument garantit une application \u00e9quilibr\u00e9e et profonde, optimisant l\u2019exp\u00e9rience du rap\u00e9 avec une connexion directe \u00e0 l\u2019\u00e9nergie ancestrale.\",\"breadcrumb\":{\"@id\":\"https:\\\/\\\/ancestrina.com\\\/fr\\\/producto\\\/tepi-double\\\/#breadcrumb\"},\"inLanguage\":\"fr-FR\",\"potentialAction\":[{\"@type\":\"ReadAction\",\"target\":[\"https:\\\/\\\/ancestrina.com\\\/fr\\\/producto\\\/tepi-double\\\/\"]}]},{\"@type\":\"ImageObject\",\"inLanguage\":\"fr-FR\",\"@id\":\"https:\\\/\\\/ancestrina.com\\\/fr\\\/producto\\\/tepi-double\\\/#primaryimage\",\"url\":\"https:\\\/\\\/ancestrina.com\\\/wp-content\\\/uploads\\\/tepis-dobles.jpg\",\"contentUrl\":\"https:\\\/\\\/ancestrina.com\\\/wp-content\\\/uploads\\\/tepis-dobles.jpg\",\"width\":2048,\"height\":2048},{\"@type\":\"BreadcrumbList\",\"@id\":\"https:\\\/\\\/ancestrina.com\\\/fr\\\/producto\\\/tepi-double\\\/#breadcrumb\",\"itemListElement\":[{\"@type\":\"ListItem\",\"position\":1,\"name\":\"Home\",\"item\":\"https:\\\/\\\/ancestrina.com\\\/fr\\\/domicile\\\/\"},{\"@type\":\"ListItem\",\"position\":2,\"name\":\"boutique\",\"item\":\"https:\\\/\\\/ancestrina.com\\\/fr\\\/boutique\\\/\"},{\"@type\":\"ListItem\",\"position\":3,\"name\":\"Double Tepi\"}]},{\"@type\":\"WebSite\",\"@id\":\"https:\\\/\\\/ancestrina.com\\\/fr\\\/#website\",\"url\":\"https:\\\/\\\/ancestrina.com\\\/fr\\\/\",\"name\":\"Ancestrina\",\"description\":\"Trabajamos experiencias con plantas maestras, terapias integradoras y cultos ancestrales\",\"publisher\":{\"@id\":\"https:\\\/\\\/ancestrina.com\\\/fr\\\/#organization\"},\"potentialAction\":[{\"@type\":\"SearchAction\",\"target\":{\"@type\":\"EntryPoint\",\"urlTemplate\":\"https:\\\/\\\/ancestrina.com\\\/fr\\\/?s={search_term_string}\"},\"query-input\":{\"@type\":\"PropertyValueSpecification\",\"valueRequired\":true,\"valueName\":\"search_term_string\"}}],\"inLanguage\":\"fr-FR\"},{\"@type\":\"Organization\",\"@id\":\"https:\\\/\\\/ancestrina.com\\\/fr\\\/#organization\",\"name\":\"Ancestrina\",\"url\":\"https:\\\/\\\/ancestrina.com\\\/fr\\\/\",\"logo\":{\"@type\":\"ImageObject\",\"inLanguage\":\"fr-FR\",\"@id\":\"https:\\\/\\\/ancestrina.com\\\/fr\\\/#\\\/schema\\\/logo\\\/image\\\/\",\"url\":\"https:\\\/\\\/ancestrina.com\\\/wp-content\\\/uploads\\\/2020\\\/06\\\/cropped-LOGO-ANCESTRINA-1.png\",\"contentUrl\":\"https:\\\/\\\/ancestrina.com\\\/wp-content\\\/uploads\\\/2020\\\/06\\\/cropped-LOGO-ANCESTRINA-1.png\",\"width\":630,\"height\":202,\"caption\":\"Ancestrina\"},\"image\":{\"@id\":\"https:\\\/\\\/ancestrina.com\\\/fr\\\/#\\\/schema\\\/logo\\\/image\\\/\"},\"sameAs\":[\"https:\\\/\\\/www.facebook.com\\\/Ancestrina\\\/\",\"https:\\\/\\\/www.instagram.com\\\/ancestrina\\\/\",\"https:\\\/\\\/www.youtube.com\\\/channel\\\/UCgtt6WFhEIVEI30PzxlOeIw\"]}]}<\/script>\n<!-- \/ Yoast SEO Premium plugin. -->","yoast_head_json":{"title":"Double Tepi Ancestrina","description":"Le Double Tepi, soigneusement con\u00e7u pour projeter du rap\u00e9 simultan\u00e9ment dans les deux narines, est un outil de c\u00e9r\u00e9monie pr\u00e9cis et puissant. Fabriqu\u00e9 par des artisans experts, cet instrument garantit une application \u00e9quilibr\u00e9e et profonde, optimisant l\u2019exp\u00e9rience du rap\u00e9 avec une connexion directe \u00e0 l\u2019\u00e9nergie ancestrale.","robots":{"index":"index","follow":"follow","max-snippet":"max-snippet:-1","max-image-preview":"max-image-preview:large","max-video-preview":"max-video-preview:-1"},"canonical":"https:\/\/ancestrina.com\/fr\/producto\/tepi-double\/","og_locale":"fr_FR","og_type":"article","og_title":"Double Tepi","og_description":"Le Double Tepi, soigneusement con\u00e7u pour projeter du rap\u00e9 simultan\u00e9ment dans les deux narines, est un outil de c\u00e9r\u00e9monie pr\u00e9cis et puissant. Fabriqu\u00e9 par des artisans experts, cet instrument garantit une application \u00e9quilibr\u00e9e et profonde, optimisant l\u2019exp\u00e9rience du rap\u00e9 avec une connexion directe \u00e0 l\u2019\u00e9nergie ancestrale.","og_url":"https:\/\/ancestrina.com\/fr\/producto\/tepi-double\/","og_site_name":"Ancestrina","article_publisher":"https:\/\/www.facebook.com\/Ancestrina\/","article_modified_time":"2026-03-15T12:22:36+00:00","og_image":[{"width":2048,"height":2048,"url":"https:\/\/ancestrina.com\/wp-content\/uploads\/tepis-dobles.jpg","type":"image\/jpeg"}],"twitter_card":"summary_large_image","twitter_misc":{"Dur\u00e9e de lecture estim\u00e9e":"1 minute"},"schema":{"@context":"https:\/\/schema.org","@graph":[{"@type":"WebPage","@id":"https:\/\/ancestrina.com\/fr\/producto\/tepi-double\/","url":"https:\/\/ancestrina.com\/fr\/producto\/tepi-double\/","name":"Double Tepi Ancestrina","isPartOf":{"@id":"https:\/\/ancestrina.com\/fr\/#website"},"primaryImageOfPage":{"@id":"https:\/\/ancestrina.com\/fr\/producto\/tepi-double\/#primaryimage"},"image":{"@id":"https:\/\/ancestrina.com\/fr\/producto\/tepi-double\/#primaryimage"},"thumbnailUrl":"https:\/\/ancestrina.com\/wp-content\/uploads\/tepis-dobles.jpg","datePublished":"2024-10-13T22:17:53+00:00","dateModified":"2026-03-15T12:22:36+00:00","description":"Le Double Tepi, soigneusement con\u00e7u pour projeter du rap\u00e9 simultan\u00e9ment dans les deux narines, est un outil de c\u00e9r\u00e9monie pr\u00e9cis et puissant. Fabriqu\u00e9 par des artisans experts, cet instrument garantit une application \u00e9quilibr\u00e9e et profonde, optimisant l\u2019exp\u00e9rience du rap\u00e9 avec une connexion directe \u00e0 l\u2019\u00e9nergie ancestrale.","breadcrumb":{"@id":"https:\/\/ancestrina.com\/fr\/producto\/tepi-double\/#breadcrumb"},"inLanguage":"fr-FR","potentialAction":[{"@type":"ReadAction","target":["https:\/\/ancestrina.com\/fr\/producto\/tepi-double\/"]}]},{"@type":"ImageObject","inLanguage":"fr-FR","@id":"https:\/\/ancestrina.com\/fr\/producto\/tepi-double\/#primaryimage","url":"https:\/\/ancestrina.com\/wp-content\/uploads\/tepis-dobles.jpg","contentUrl":"https:\/\/ancestrina.com\/wp-content\/uploads\/tepis-dobles.jpg","width":2048,"height":2048},{"@type":"BreadcrumbList","@id":"https:\/\/ancestrina.com\/fr\/producto\/tepi-double\/#breadcrumb","itemListElement":[{"@type":"ListItem","position":1,"name":"Home","item":"https:\/\/ancestrina.com\/fr\/domicile\/"},{"@type":"ListItem","position":2,"name":"boutique","item":"https:\/\/ancestrina.com\/fr\/boutique\/"},{"@type":"ListItem","position":3,"name":"Double Tepi"}]},{"@type":"WebSite","@id":"https:\/\/ancestrina.com\/fr\/#website","url":"https:\/\/ancestrina.com\/fr\/","name":"Ancestrina","description":"Trabajamos experiencias con plantas maestras, terapias integradoras y cultos ancestrales","publisher":{"@id":"https:\/\/ancestrina.com\/fr\/#organization"},"potentialAction":[{"@type":"SearchAction","target":{"@type":"EntryPoint","urlTemplate":"https:\/\/ancestrina.com\/fr\/?s={search_term_string}"},"query-input":{"@type":"PropertyValueSpecification","valueRequired":true,"valueName":"search_term_string"}}],"inLanguage":"fr-FR"},{"@type":"Organization","@id":"https:\/\/ancestrina.com\/fr\/#organization","name":"Ancestrina","url":"https:\/\/ancestrina.com\/fr\/","logo":{"@type":"ImageObject","inLanguage":"fr-FR","@id":"https:\/\/ancestrina.com\/fr\/#\/schema\/logo\/image\/","url":"https:\/\/ancestrina.com\/wp-content\/uploads\/2020\/06\/cropped-LOGO-ANCESTRINA-1.png","contentUrl":"https:\/\/ancestrina.com\/wp-content\/uploads\/2020\/06\/cropped-LOGO-ANCESTRINA-1.png","width":630,"height":202,"caption":"Ancestrina"},"image":{"@id":"https:\/\/ancestrina.com\/fr\/#\/schema\/logo\/image\/"},"sameAs":["https:\/\/www.facebook.com\/Ancestrina\/","https:\/\/www.instagram.com\/ancestrina\/","https:\/\/www.youtube.com\/channel\/UCgtt6WFhEIVEI30PzxlOeIw"]}]}},"_links":{"self":[{"href":"https:\/\/ancestrina.com\/fr\/wp-json\/wp\/v2\/product\/36058","targetHints":{"allow":["GET"]}}],"collection":[{"href":"https:\/\/ancestrina.com\/fr\/wp-json\/wp\/v2\/product"}],"about":[{"href":"https:\/\/ancestrina.com\/fr\/wp-json\/wp\/v2\/types\/product"}],"replies":[{"embeddable":true,"href":"https:\/\/ancestrina.com\/fr\/wp-json\/wp\/v2\/comments?post=36058"}],"version-history":[{"count":1,"href":"https:\/\/ancestrina.com\/fr\/wp-json\/wp\/v2\/product\/36058\/revisions"}],"predecessor-version":[{"id":37671,"href":"https:\/\/ancestrina.com\/fr\/wp-json\/wp\/v2\/product\/36058\/revisions\/37671"}],"wp:featuredmedia":[{"embeddable":true,"href":"https:\/\/ancestrina.com\/fr\/wp-json\/wp\/v2\/media\/35149"}],"wp:attachment":[{"href":"https:\/\/ancestrina.com\/fr\/wp-json\/wp\/v2\/media?parent=36058"}],"wp:term":[{"taxonomy":"product_brand","embeddable":true,"href":"https:\/\/ancestrina.com\/fr\/wp-json\/wp\/v2\/product_brand?post=36058"},{"taxonomy":"product_cat","embeddable":true,"href":"https:\/\/ancestrina.com\/fr\/wp-json\/wp\/v2\/product_cat?post=36058"},{"taxonomy":"product_tag","embeddable":true,"href":"https:\/\/ancestrina.com\/fr\/wp-json\/wp\/v2\/product_tag?post=36058"}],"curies":[{"name":"wp","href":"https:\/\/api.w.org\/{rel}","templated":true}]}}