{"id":30189,"date":"2023-10-17T16:01:46","date_gmt":"2023-10-17T21:01:46","guid":{"rendered":"https:\/\/ancestrina.com\/producto\/boites-sculptees-a-la-main\/"},"modified":"2026-05-13T04:27:09","modified_gmt":"2026-05-13T09:27:09","slug":"caja-tallada-medicinas-ancestrales","status":"publish","type":"product","link":"https:\/\/ancestrina.com\/fr\/producto\/caja-tallada-medicinas-ancestrales\/","title":{"rendered":"Bo\u00eetes sculpt\u00e9es \u00e0 la main"},"content":{"rendered":"<p>La bo\u00eete en bois, sculpt\u00e9e \u00e0 la main avec pr\u00e9cision et amour, est bien plus qu&rsquo;un simple contenant ; c&rsquo;est un autel portatif con\u00e7u pour contenir vos rem\u00e8des sacr\u00e9s. Chaque bo\u00eete est une \u0153uvre d&rsquo;art unique, cr\u00e9\u00e9e dans l&rsquo;intention d&rsquo;offrir un espace sacr\u00e9 et personnel aux \u00e9l\u00e9ments qui nourrissent votre corps et votre esprit.<\/p>\n<p>Disponible en deux tailles pour r\u00e9pondre \u00e0 vos besoins sp\u00e9cifiques, cette bo\u00eete est enti\u00e8rement personnalisable selon vos souhaits. Vous pouvez choisir de l&rsquo;orner de l&rsquo;image ou du symbole qui r\u00e9sonne avec votre chemin spirituel. La sculpture m\u00e9ticuleuse capture l&rsquo;essence de votre choix, faisant de chaque bo\u00eete un reflet de votre moi int\u00e9rieur et de vos croyances les plus profondes.<\/p>\n<p>Le bois, s\u00e9lectionn\u00e9 pour sa beaut\u00e9 et sa durabilit\u00e9, est soigneusement travaill\u00e9 pour r\u00e9v\u00e9ler son \u00e9clat et sa texture naturels, garantissant ainsi que chaque bo\u00eete n&rsquo;est pas seulement un objet fonctionnel, mais aussi un \u00e9l\u00e9ment de d\u00e9coration inspirant et stimulant. L&rsquo;int\u00e9rieur spacieux et accueillant est con\u00e7u pour ranger vos objets les plus pr\u00e9cieux.<\/p>\n<p>Que ce soit pour un usage personnel ou comme cadeau significatif, cette bo\u00eete en bois sculpt\u00e9e \u00e0 la main est un t\u00e9moignage de l&rsquo;art ancien et d&rsquo;un lien profond avec le divin. C&rsquo;est un rappel quotidien de la magie qui nous entoure et de l&rsquo;importance de prendre soin de notre bien-\u00eatre spirituel.<\/p>\n","protected":false},"excerpt":{"rendered":"<p><strong>Bo\u00eete sculpt\u00e9e \u00e0 la main pour conserver votre rap\u00e9, kuripe, tepi ou autres m\u00e9decines ancestrales : un lien avec la spiritualit\u00e9 et la nature<\/strong><\/p>\n<p>Cette bo\u00eete est plus qu&rsquo;un simple contenant, c&rsquo;est une porte d&rsquo;entr\u00e9e vers le royaume de la spiritualit\u00e9 et de la connexion avec la nature.<\/p>\n<p>Renseignez-vous sur les bo\u00eetes que nous avons \u00e0 votre disposition.<\/p>\n","protected":false},"featured_media":34426,"comment_status":"open","ping_status":"closed","template":"","meta":{"order-bump-settings":[],"_wpfnl_thankyou_order_overview":"on","_wpfnl_thankyou_order_details":"on","_wpfnl_thankyou_billing_details":"on","_wpfnl_thankyou_shipping_details":"on","site-sidebar-layout":"default","site-content-layout":"","ast-site-content-layout":"default","site-content-style":"default","site-sidebar-style":"default","ast-global-header-display":"","ast-banner-title-visibility":"","ast-main-header-display":"","ast-hfb-above-header-display":"","ast-hfb-below-header-display":"","ast-hfb-mobile-header-display":"","site-post-title":"","ast-breadcrumbs-content":"","ast-featured-img":"","footer-sml-layout":"","ast-disable-related-posts":"","theme-transparent-header-meta":"default","adv-header-id-meta":"","stick-header-meta":"","header-above-stick-meta":"","header-main-stick-meta":"","header-below-stick-meta":"","astra-migrate-meta-layouts":"default","ast-page-background-enabled":"default","ast-page-background-meta":{"desktop":{"background-color":"","background-image":"","background-repeat":"repeat","background-position":"center center","background-size":"auto","background-attachment":"scroll","background-type":"","background-media":"","overlay-type":"","overlay-color":"","overlay-opacity":"","overlay-gradient":""},"tablet":{"background-color":"","background-image":"","background-repeat":"repeat","background-position":"center center","background-size":"auto","background-attachment":"scroll","background-type":"","background-media":"","overlay-type":"","overlay-color":"","overlay-opacity":"","overlay-gradient":""},"mobile":{"background-color":"","background-image":"","background-repeat":"repeat","background-position":"center center","background-size":"auto","background-attachment":"scroll","background-type":"","background-media":"","overlay-type":"","overlay-color":"","overlay-opacity":"","overlay-gradient":""}},"ast-content-background-meta":{"desktop":{"background-color":"var(--ast-global-color-5)","background-image":"","background-repeat":"repeat","background-position":"center center","background-size":"auto","background-attachment":"scroll","background-type":"","background-media":"","overlay-type":"","overlay-color":"","overlay-opacity":"","overlay-gradient":""},"tablet":{"background-color":"var(--ast-global-color-5)","background-image":"","background-repeat":"repeat","background-position":"center center","background-size":"auto","background-attachment":"scroll","background-type":"","background-media":"","overlay-type":"","overlay-color":"","overlay-opacity":"","overlay-gradient":""},"mobile":{"background-color":"var(--ast-global-color-5)","background-image":"","background-repeat":"repeat","background-position":"center center","background-size":"auto","background-attachment":"scroll","background-type":"","background-media":"","overlay-type":"","overlay-color":"","overlay-opacity":"","overlay-gradient":""}},"_joinchat":[]},"product_brand":[],"product_cat":[772,1436],"product_tag":[],"class_list":{"0":"post-30189","1":"product","2":"type-product","3":"status-publish","4":"has-post-thumbnail","6":"product_cat-accessoires","7":"product_cat-boites","8":"desktop-align-center","9":"tablet-align-left","10":"mobile-align-left","12":"first","13":"instock","14":"shipping-taxable","15":"purchasable","16":"product-type-simple"},"yoast_head":"<!-- This site is optimized with the Yoast SEO Premium plugin v22.6 (Yoast SEO v27.6) - https:\/\/yoast.com\/product\/yoast-seo-premium-wordpress\/ -->\n<title>Bo\u00eete sculpt\u00e9e \u00e0 la main : Conservez vos m\u00e9dicaments ancestraux avec spiritualit\u00e9<\/title>\n<meta name=\"description\" content=\"D\u00e9couvrez notre bo\u00eete sculpt\u00e9e \u00e0 la main pour ranger le rap\u00e9, le kuripe, le tepi ou d&#039;autres m\u00e9decines ancestrales. Ce contenant fait \u00e0 la main prot\u00e8ge non seulement vos outils spirituels, mais renforce \u00e9galement votre lien avec la nature et la spiritualit\u00e9. Id\u00e9al pour ceux qui privil\u00e9gient l&#039;authenticit\u00e9 et la tradition dans leurs pratiques.\" \/>\n<meta name=\"robots\" content=\"index, follow, max-snippet:-1, max-image-preview:large, max-video-preview:-1\" \/>\n<link rel=\"canonical\" href=\"https:\/\/ancestrina.com\/fr\/producto\/caja-tallada-medicinas-ancestrales\/\" \/>\n<meta property=\"og:locale\" content=\"fr_FR\" \/>\n<meta property=\"og:type\" content=\"article\" \/>\n<meta property=\"og:title\" content=\"Bo\u00eetes sculpt\u00e9es \u00e0 la main\" \/>\n<meta property=\"og:description\" content=\"D\u00e9couvrez notre bo\u00eete sculpt\u00e9e \u00e0 la main pour ranger le rap\u00e9, le kuripe, le tepi ou d&#039;autres m\u00e9decines ancestrales. Ce contenant fait \u00e0 la main prot\u00e8ge non seulement vos outils spirituels, mais renforce \u00e9galement votre lien avec la nature et la spiritualit\u00e9. Id\u00e9al pour ceux qui privil\u00e9gient l&#039;authenticit\u00e9 et la tradition dans leurs pratiques.\" \/>\n<meta property=\"og:url\" content=\"https:\/\/ancestrina.com\/fr\/producto\/caja-tallada-medicinas-ancestrales\/\" \/>\n<meta property=\"og:site_name\" content=\"Ancestrina\" \/>\n<meta property=\"article:publisher\" content=\"https:\/\/www.facebook.com\/Ancestrina\/\" \/>\n<meta property=\"article:modified_time\" content=\"2026-05-13T09:27:09+00:00\" \/>\n<meta property=\"og:image\" content=\"https:\/\/ancestrina.com\/wp-content\/uploads\/accesorios.jpg\" \/>\n\t<meta property=\"og:image:width\" content=\"2048\" \/>\n\t<meta property=\"og:image:height\" content=\"2048\" \/>\n\t<meta property=\"og:image:type\" content=\"image\/jpeg\" \/>\n<meta name=\"twitter:card\" content=\"summary_large_image\" \/>\n<meta name=\"twitter:label1\" content=\"Dur\u00e9e de lecture estim\u00e9e\" \/>\n\t<meta name=\"twitter:data1\" content=\"1 minute\" \/>\n<script type=\"application\/ld+json\" class=\"yoast-schema-graph\">{\"@context\":\"https:\\\/\\\/schema.org\",\"@graph\":[{\"@type\":\"WebPage\",\"@id\":\"https:\\\/\\\/ancestrina.com\\\/fr\\\/producto\\\/caja-tallada-medicinas-ancestrales\\\/\",\"url\":\"https:\\\/\\\/ancestrina.com\\\/fr\\\/producto\\\/caja-tallada-medicinas-ancestrales\\\/\",\"name\":\"Bo\u00eete sculpt\u00e9e \u00e0 la main : Conservez vos m\u00e9dicaments ancestraux avec spiritualit\u00e9\",\"isPartOf\":{\"@id\":\"https:\\\/\\\/ancestrina.com\\\/fr\\\/#website\"},\"primaryImageOfPage\":{\"@id\":\"https:\\\/\\\/ancestrina.com\\\/fr\\\/producto\\\/caja-tallada-medicinas-ancestrales\\\/#primaryimage\"},\"image\":{\"@id\":\"https:\\\/\\\/ancestrina.com\\\/fr\\\/producto\\\/caja-tallada-medicinas-ancestrales\\\/#primaryimage\"},\"thumbnailUrl\":\"https:\\\/\\\/ancestrina.com\\\/wp-content\\\/uploads\\\/accesorios.jpg\",\"datePublished\":\"2023-10-17T21:01:46+00:00\",\"dateModified\":\"2026-05-13T09:27:09+00:00\",\"description\":\"D\u00e9couvrez notre bo\u00eete sculpt\u00e9e \u00e0 la main pour ranger le rap\u00e9, le kuripe, le tepi ou d'autres m\u00e9decines ancestrales. Ce contenant fait \u00e0 la main prot\u00e8ge non seulement vos outils spirituels, mais renforce \u00e9galement votre lien avec la nature et la spiritualit\u00e9. Id\u00e9al pour ceux qui privil\u00e9gient l'authenticit\u00e9 et la tradition dans leurs pratiques.\",\"breadcrumb\":{\"@id\":\"https:\\\/\\\/ancestrina.com\\\/fr\\\/producto\\\/caja-tallada-medicinas-ancestrales\\\/#breadcrumb\"},\"inLanguage\":\"fr-FR\",\"potentialAction\":[{\"@type\":\"ReadAction\",\"target\":[\"https:\\\/\\\/ancestrina.com\\\/fr\\\/producto\\\/caja-tallada-medicinas-ancestrales\\\/\"]}]},{\"@type\":\"ImageObject\",\"inLanguage\":\"fr-FR\",\"@id\":\"https:\\\/\\\/ancestrina.com\\\/fr\\\/producto\\\/caja-tallada-medicinas-ancestrales\\\/#primaryimage\",\"url\":\"https:\\\/\\\/ancestrina.com\\\/wp-content\\\/uploads\\\/accesorios.jpg\",\"contentUrl\":\"https:\\\/\\\/ancestrina.com\\\/wp-content\\\/uploads\\\/accesorios.jpg\",\"width\":2048,\"height\":2048},{\"@type\":\"BreadcrumbList\",\"@id\":\"https:\\\/\\\/ancestrina.com\\\/fr\\\/producto\\\/caja-tallada-medicinas-ancestrales\\\/#breadcrumb\",\"itemListElement\":[{\"@type\":\"ListItem\",\"position\":1,\"name\":\"Home\",\"item\":\"https:\\\/\\\/ancestrina.com\\\/fr\\\/domicile\\\/\"},{\"@type\":\"ListItem\",\"position\":2,\"name\":\"boutique\",\"item\":\"https:\\\/\\\/ancestrina.com\\\/fr\\\/boutique\\\/\"},{\"@type\":\"ListItem\",\"position\":3,\"name\":\"Bo\u00eetes sculpt\u00e9es \u00e0 la main\"}]},{\"@type\":\"WebSite\",\"@id\":\"https:\\\/\\\/ancestrina.com\\\/fr\\\/#website\",\"url\":\"https:\\\/\\\/ancestrina.com\\\/fr\\\/\",\"name\":\"Ancestrina\",\"description\":\"Trabajamos experiencias con plantas maestras, terapias integradoras y cultos ancestrales\",\"publisher\":{\"@id\":\"https:\\\/\\\/ancestrina.com\\\/fr\\\/#organization\"},\"potentialAction\":[{\"@type\":\"SearchAction\",\"target\":{\"@type\":\"EntryPoint\",\"urlTemplate\":\"https:\\\/\\\/ancestrina.com\\\/fr\\\/?s={search_term_string}\"},\"query-input\":{\"@type\":\"PropertyValueSpecification\",\"valueRequired\":true,\"valueName\":\"search_term_string\"}}],\"inLanguage\":\"fr-FR\"},{\"@type\":\"Organization\",\"@id\":\"https:\\\/\\\/ancestrina.com\\\/fr\\\/#organization\",\"name\":\"Ancestrina\",\"url\":\"https:\\\/\\\/ancestrina.com\\\/fr\\\/\",\"logo\":{\"@type\":\"ImageObject\",\"inLanguage\":\"fr-FR\",\"@id\":\"https:\\\/\\\/ancestrina.com\\\/fr\\\/#\\\/schema\\\/logo\\\/image\\\/\",\"url\":\"https:\\\/\\\/ancestrina.com\\\/wp-content\\\/uploads\\\/2020\\\/06\\\/cropped-LOGO-ANCESTRINA-1.png\",\"contentUrl\":\"https:\\\/\\\/ancestrina.com\\\/wp-content\\\/uploads\\\/2020\\\/06\\\/cropped-LOGO-ANCESTRINA-1.png\",\"width\":630,\"height\":202,\"caption\":\"Ancestrina\"},\"image\":{\"@id\":\"https:\\\/\\\/ancestrina.com\\\/fr\\\/#\\\/schema\\\/logo\\\/image\\\/\"},\"sameAs\":[\"https:\\\/\\\/www.facebook.com\\\/Ancestrina\\\/\",\"https:\\\/\\\/www.instagram.com\\\/ancestrina\\\/\",\"https:\\\/\\\/www.youtube.com\\\/channel\\\/UCgtt6WFhEIVEI30PzxlOeIw\"]}]}<\/script>\n<!-- \/ Yoast SEO Premium plugin. -->","yoast_head_json":{"title":"Bo\u00eete sculpt\u00e9e \u00e0 la main : Conservez vos m\u00e9dicaments ancestraux avec spiritualit\u00e9","description":"D\u00e9couvrez notre bo\u00eete sculpt\u00e9e \u00e0 la main pour ranger le rap\u00e9, le kuripe, le tepi ou d'autres m\u00e9decines ancestrales. Ce contenant fait \u00e0 la main prot\u00e8ge non seulement vos outils spirituels, mais renforce \u00e9galement votre lien avec la nature et la spiritualit\u00e9. Id\u00e9al pour ceux qui privil\u00e9gient l'authenticit\u00e9 et la tradition dans leurs pratiques.","robots":{"index":"index","follow":"follow","max-snippet":"max-snippet:-1","max-image-preview":"max-image-preview:large","max-video-preview":"max-video-preview:-1"},"canonical":"https:\/\/ancestrina.com\/fr\/producto\/caja-tallada-medicinas-ancestrales\/","og_locale":"fr_FR","og_type":"article","og_title":"Bo\u00eetes sculpt\u00e9es \u00e0 la main","og_description":"D\u00e9couvrez notre bo\u00eete sculpt\u00e9e \u00e0 la main pour ranger le rap\u00e9, le kuripe, le tepi ou d'autres m\u00e9decines ancestrales. Ce contenant fait \u00e0 la main prot\u00e8ge non seulement vos outils spirituels, mais renforce \u00e9galement votre lien avec la nature et la spiritualit\u00e9. Id\u00e9al pour ceux qui privil\u00e9gient l'authenticit\u00e9 et la tradition dans leurs pratiques.","og_url":"https:\/\/ancestrina.com\/fr\/producto\/caja-tallada-medicinas-ancestrales\/","og_site_name":"Ancestrina","article_publisher":"https:\/\/www.facebook.com\/Ancestrina\/","article_modified_time":"2026-05-13T09:27:09+00:00","og_image":[{"width":2048,"height":2048,"url":"https:\/\/ancestrina.com\/wp-content\/uploads\/accesorios.jpg","type":"image\/jpeg"}],"twitter_card":"summary_large_image","twitter_misc":{"Dur\u00e9e de lecture estim\u00e9e":"1 minute"},"schema":{"@context":"https:\/\/schema.org","@graph":[{"@type":"WebPage","@id":"https:\/\/ancestrina.com\/fr\/producto\/caja-tallada-medicinas-ancestrales\/","url":"https:\/\/ancestrina.com\/fr\/producto\/caja-tallada-medicinas-ancestrales\/","name":"Bo\u00eete sculpt\u00e9e \u00e0 la main : Conservez vos m\u00e9dicaments ancestraux avec spiritualit\u00e9","isPartOf":{"@id":"https:\/\/ancestrina.com\/fr\/#website"},"primaryImageOfPage":{"@id":"https:\/\/ancestrina.com\/fr\/producto\/caja-tallada-medicinas-ancestrales\/#primaryimage"},"image":{"@id":"https:\/\/ancestrina.com\/fr\/producto\/caja-tallada-medicinas-ancestrales\/#primaryimage"},"thumbnailUrl":"https:\/\/ancestrina.com\/wp-content\/uploads\/accesorios.jpg","datePublished":"2023-10-17T21:01:46+00:00","dateModified":"2026-05-13T09:27:09+00:00","description":"D\u00e9couvrez notre bo\u00eete sculpt\u00e9e \u00e0 la main pour ranger le rap\u00e9, le kuripe, le tepi ou d'autres m\u00e9decines ancestrales. Ce contenant fait \u00e0 la main prot\u00e8ge non seulement vos outils spirituels, mais renforce \u00e9galement votre lien avec la nature et la spiritualit\u00e9. Id\u00e9al pour ceux qui privil\u00e9gient l'authenticit\u00e9 et la tradition dans leurs pratiques.","breadcrumb":{"@id":"https:\/\/ancestrina.com\/fr\/producto\/caja-tallada-medicinas-ancestrales\/#breadcrumb"},"inLanguage":"fr-FR","potentialAction":[{"@type":"ReadAction","target":["https:\/\/ancestrina.com\/fr\/producto\/caja-tallada-medicinas-ancestrales\/"]}]},{"@type":"ImageObject","inLanguage":"fr-FR","@id":"https:\/\/ancestrina.com\/fr\/producto\/caja-tallada-medicinas-ancestrales\/#primaryimage","url":"https:\/\/ancestrina.com\/wp-content\/uploads\/accesorios.jpg","contentUrl":"https:\/\/ancestrina.com\/wp-content\/uploads\/accesorios.jpg","width":2048,"height":2048},{"@type":"BreadcrumbList","@id":"https:\/\/ancestrina.com\/fr\/producto\/caja-tallada-medicinas-ancestrales\/#breadcrumb","itemListElement":[{"@type":"ListItem","position":1,"name":"Home","item":"https:\/\/ancestrina.com\/fr\/domicile\/"},{"@type":"ListItem","position":2,"name":"boutique","item":"https:\/\/ancestrina.com\/fr\/boutique\/"},{"@type":"ListItem","position":3,"name":"Bo\u00eetes sculpt\u00e9es \u00e0 la main"}]},{"@type":"WebSite","@id":"https:\/\/ancestrina.com\/fr\/#website","url":"https:\/\/ancestrina.com\/fr\/","name":"Ancestrina","description":"Trabajamos experiencias con plantas maestras, terapias integradoras y cultos ancestrales","publisher":{"@id":"https:\/\/ancestrina.com\/fr\/#organization"},"potentialAction":[{"@type":"SearchAction","target":{"@type":"EntryPoint","urlTemplate":"https:\/\/ancestrina.com\/fr\/?s={search_term_string}"},"query-input":{"@type":"PropertyValueSpecification","valueRequired":true,"valueName":"search_term_string"}}],"inLanguage":"fr-FR"},{"@type":"Organization","@id":"https:\/\/ancestrina.com\/fr\/#organization","name":"Ancestrina","url":"https:\/\/ancestrina.com\/fr\/","logo":{"@type":"ImageObject","inLanguage":"fr-FR","@id":"https:\/\/ancestrina.com\/fr\/#\/schema\/logo\/image\/","url":"https:\/\/ancestrina.com\/wp-content\/uploads\/2020\/06\/cropped-LOGO-ANCESTRINA-1.png","contentUrl":"https:\/\/ancestrina.com\/wp-content\/uploads\/2020\/06\/cropped-LOGO-ANCESTRINA-1.png","width":630,"height":202,"caption":"Ancestrina"},"image":{"@id":"https:\/\/ancestrina.com\/fr\/#\/schema\/logo\/image\/"},"sameAs":["https:\/\/www.facebook.com\/Ancestrina\/","https:\/\/www.instagram.com\/ancestrina\/","https:\/\/www.youtube.com\/channel\/UCgtt6WFhEIVEI30PzxlOeIw"]}]}},"_links":{"self":[{"href":"https:\/\/ancestrina.com\/fr\/wp-json\/wp\/v2\/product\/30189","targetHints":{"allow":["GET"]}}],"collection":[{"href":"https:\/\/ancestrina.com\/fr\/wp-json\/wp\/v2\/product"}],"about":[{"href":"https:\/\/ancestrina.com\/fr\/wp-json\/wp\/v2\/types\/product"}],"replies":[{"embeddable":true,"href":"https:\/\/ancestrina.com\/fr\/wp-json\/wp\/v2\/comments?post=30189"}],"version-history":[{"count":1,"href":"https:\/\/ancestrina.com\/fr\/wp-json\/wp\/v2\/product\/30189\/revisions"}],"predecessor-version":[{"id":37731,"href":"https:\/\/ancestrina.com\/fr\/wp-json\/wp\/v2\/product\/30189\/revisions\/37731"}],"wp:featuredmedia":[{"embeddable":true,"href":"https:\/\/ancestrina.com\/fr\/wp-json\/wp\/v2\/media\/34426"}],"wp:attachment":[{"href":"https:\/\/ancestrina.com\/fr\/wp-json\/wp\/v2\/media?parent=30189"}],"wp:term":[{"taxonomy":"product_brand","embeddable":true,"href":"https:\/\/ancestrina.com\/fr\/wp-json\/wp\/v2\/product_brand?post=30189"},{"taxonomy":"product_cat","embeddable":true,"href":"https:\/\/ancestrina.com\/fr\/wp-json\/wp\/v2\/product_cat?post=30189"},{"taxonomy":"product_tag","embeddable":true,"href":"https:\/\/ancestrina.com\/fr\/wp-json\/wp\/v2\/product_tag?post=30189"}],"curies":[{"name":"wp","href":"https:\/\/api.w.org\/{rel}","templated":true}]}}