{"id":30094,"date":"2024-02-15T14:04:08","date_gmt":"2024-02-15T19:04:08","guid":{"rendered":"https:\/\/ancestrina.com\/producto\/chalumeau\/"},"modified":"2026-02-12T13:05:55","modified_gmt":"2026-02-12T18:05:55","slug":"soplete-ceremonial","status":"publish","type":"product","link":"https:\/\/ancestrina.com\/fr\/producto\/soplete-ceremonial\/","title":{"rendered":"Chalumeau"},"content":{"rendered":"<p><strong>Puissance contr\u00f4l\u00e9e :<\/strong> Faites l&rsquo;exp\u00e9rience d&rsquo;une puissance contr\u00f4l\u00e9e entre vos mains. Notre torche vous permet de r\u00e9gler l&rsquo;intensit\u00e9 de la flamme, ce qui vous permet d&rsquo;obtenir la meilleure qualit\u00e9 de lumi\u00e8re possible.<\/p>\n<p><strong>Chalumeau c\u00e9r\u00e9moniel : Allumez votre rituel avec pr\u00e9cision et respect.<\/strong><\/p>\n<p>\u00c9levez vos rituels avec notre chalumeau de c\u00e9r\u00e9monie, con\u00e7u sp\u00e9cifiquement pour compl\u00e9ter vos pratiques spirituelles. Cette torche n&rsquo;est pas seulement un outil, c&rsquo;est un facilitateur essentiel qui aide \u00e0 allumer avec pr\u00e9cision et en toute s\u00e9curit\u00e9 les bougies, le charbon de bois et l&rsquo;encens, \u00e9l\u00e9ments cruciaux dans tout espace sacr\u00e9.<\/p>\n<p><strong>Fonctionnalit\u00e9 et s\u00e9curit\u00e9 :<\/strong> notre torche est con\u00e7ue pour offrir une flamme stable et contr\u00f4lable qui garantit un allumage rapide et s\u00fbr. Son ergonomie le rend facile \u00e0 manipuler, id\u00e9al pour une utilisation fr\u00e9quente lors de divers rituels et c\u00e9r\u00e9monies.<\/p>\n<p><strong>Durabilit\u00e9 et design :<\/strong> Fabriqu\u00e9 \u00e0 partir de mat\u00e9riaux de haute qualit\u00e9, ce chalumeau allie durabilit\u00e9 et design \u00e9l\u00e9gant et respectueux, ce qui lui permet de s&rsquo;int\u00e9grer harmonieusement dans l&rsquo;environnement de la c\u00e9r\u00e9monie. Son esth\u00e9tique raffin\u00e9e et sa fonctionnalit\u00e9 robuste en font un compagnon indispensable pour tout praticien spirituel.<\/p>\n<p><strong>Polyvalence dans l&rsquo;utilisation rituelle :<\/strong> parfait pour une vari\u00e9t\u00e9 d&rsquo;utilisations dans vos rituels, de l&rsquo;allumage rapide d&rsquo;une bougie au maintien d&rsquo;un flux r\u00e9gulier d&rsquo;encens, en passant par l&rsquo;assurance d&rsquo;une combustion r\u00e9guli\u00e8re du charbon de bois. Avec notre torche, chaque \u00e9l\u00e9ment de votre rituel est activ\u00e9 sans effort, ce qui vous permet de vous concentrer pleinement sur l&rsquo;intention et le moment pr\u00e9sent.<\/p>\n<p>&nbsp;<\/p>\n<p>Chez Ancestrina, nous comprenons l&rsquo;importance de chaque d\u00e9tail dans vos rituels. Notre flambeau de c\u00e9r\u00e9monie est plus qu&rsquo;un accessoire : c&rsquo;est une pi\u00e8ce ma\u00eetresse qui soutient le s\u00e9rieux et la profondeur de vos moments sacr\u00e9s.<\/p>\n<p><strong>Allumez chaque c\u00e9r\u00e9monie avec confiance et s\u00e9r\u00e9nit\u00e9 gr\u00e2ce \u00e0 notre flambeau c\u00e9r\u00e9moniel.<\/strong><\/p>\n","protected":false},"excerpt":{"rendered":"<p>Allumez des bougies, du charbon de bois et de l&rsquo;encens facilement et en toute s\u00e9curit\u00e9 \u00e0 l&rsquo;aide de notre torche de c\u00e9r\u00e9monie. Con\u00e7ue pour offrir une flamme contr\u00f4lable et stable, cette torche est un \u00e9l\u00e9ment essentiel qui garantit un allumage rapide et s\u00fbr, id\u00e9al pour tous les types de rituels spirituels. Fabriqu\u00e9 \u00e0 partir de mat\u00e9riaux de haute qualit\u00e9, il allie une fonctionnalit\u00e9 robuste \u00e0 un design \u00e9l\u00e9gant, s&rsquo;int\u00e9grant parfaitement \u00e0 tout espace sacr\u00e9.<\/p>\n<p>Cette torche am\u00e9liore non seulement l&rsquo;efficacit\u00e9 de vos c\u00e9r\u00e9monies, mais ajoute \u00e9galement une couche suppl\u00e9mentaire de s\u00e9curit\u00e9, vous permettant de vous concentrer pleinement sur l&rsquo;intention de vos rituels. C&rsquo;est l&rsquo;outil id\u00e9al pour maintenir la s\u00e9r\u00e9nit\u00e9 et le respect que m\u00e9rite chaque moment sacr\u00e9.<\/p>\n","protected":false},"featured_media":38201,"comment_status":"open","ping_status":"closed","template":"","meta":{"order-bump-settings":[],"_wpfnl_thankyou_order_overview":"on","_wpfnl_thankyou_order_details":"on","_wpfnl_thankyou_billing_details":"on","_wpfnl_thankyou_shipping_details":"on","site-sidebar-layout":"default","site-content-layout":"","ast-site-content-layout":"default","site-content-style":"default","site-sidebar-style":"default","ast-global-header-display":"","ast-banner-title-visibility":"","ast-main-header-display":"","ast-hfb-above-header-display":"","ast-hfb-below-header-display":"","ast-hfb-mobile-header-display":"","site-post-title":"","ast-breadcrumbs-content":"","ast-featured-img":"","footer-sml-layout":"","ast-disable-related-posts":"","theme-transparent-header-meta":"default","adv-header-id-meta":"","stick-header-meta":"","header-above-stick-meta":"","header-main-stick-meta":"","header-below-stick-meta":"","astra-migrate-meta-layouts":"default","ast-page-background-enabled":"default","ast-page-background-meta":{"desktop":{"background-color":"","background-image":"","background-repeat":"repeat","background-position":"center center","background-size":"auto","background-attachment":"scroll","background-type":"","background-media":"","overlay-type":"","overlay-color":"","overlay-opacity":"","overlay-gradient":""},"tablet":{"background-color":"","background-image":"","background-repeat":"repeat","background-position":"center center","background-size":"auto","background-attachment":"scroll","background-type":"","background-media":"","overlay-type":"","overlay-color":"","overlay-opacity":"","overlay-gradient":""},"mobile":{"background-color":"","background-image":"","background-repeat":"repeat","background-position":"center center","background-size":"auto","background-attachment":"scroll","background-type":"","background-media":"","overlay-type":"","overlay-color":"","overlay-opacity":"","overlay-gradient":""}},"ast-content-background-meta":{"desktop":{"background-color":"var(--ast-global-color-5)","background-image":"","background-repeat":"repeat","background-position":"center center","background-size":"auto","background-attachment":"scroll","background-type":"","background-media":"","overlay-type":"","overlay-color":"","overlay-opacity":"","overlay-gradient":""},"tablet":{"background-color":"var(--ast-global-color-5)","background-image":"","background-repeat":"repeat","background-position":"center center","background-size":"auto","background-attachment":"scroll","background-type":"","background-media":"","overlay-type":"","overlay-color":"","overlay-opacity":"","overlay-gradient":""},"mobile":{"background-color":"var(--ast-global-color-5)","background-image":"","background-repeat":"repeat","background-position":"center center","background-size":"auto","background-attachment":"scroll","background-type":"","background-media":"","overlay-type":"","overlay-color":"","overlay-opacity":"","overlay-gradient":""}},"_joinchat":[]},"product_brand":[],"product_cat":[1438],"product_tag":[],"class_list":{"0":"post-30094","1":"product","2":"type-product","3":"status-publish","4":"has-post-thumbnail","6":"product_cat-humitos-fr","7":"desktop-align-center","8":"tablet-align-left","9":"mobile-align-left","11":"first","12":"outofstock","13":"shipping-taxable","14":"purchasable","15":"product-type-simple"},"yoast_head":"<!-- This site is optimized with the Yoast SEO Premium plugin v22.6 (Yoast SEO v27.6) - https:\/\/yoast.com\/product\/yoast-seo-premium-wordpress\/ -->\n<title>Le chalumeau c\u00e9r\u00e9moniel : pr\u00e9cision et s\u00e9curit\u00e9 dans vos rituels<\/title>\n<meta name=\"description\" content=\"Allumez des bougies, du charbon de bois et de l&#039;encens avec notre chalumeau de c\u00e9r\u00e9monie, con\u00e7u pour produire une flamme stable et contr\u00f4lable. Id\u00e9al pour les rituels spirituels, ce chalumeau garantit un \u00e9clairage s\u00fbr et pr\u00e9cis. Fabriqu\u00e9 \u00e0 partir de mat\u00e9riaux de haute qualit\u00e9, il allie fonctionnalit\u00e9 robuste et design \u00e9l\u00e9gant pour s&#039;int\u00e9grer dans tout espace sacr\u00e9.\" \/>\n<meta name=\"robots\" content=\"index, follow, max-snippet:-1, max-image-preview:large, max-video-preview:-1\" \/>\n<link rel=\"canonical\" href=\"https:\/\/ancestrina.com\/fr\/producto\/soplete-ceremonial\/\" \/>\n<meta property=\"og:locale\" content=\"fr_FR\" \/>\n<meta property=\"og:type\" content=\"article\" \/>\n<meta property=\"og:title\" content=\"Chalumeau\" \/>\n<meta property=\"og:description\" content=\"Allumez des bougies, du charbon de bois et de l&#039;encens avec notre chalumeau de c\u00e9r\u00e9monie, con\u00e7u pour produire une flamme stable et contr\u00f4lable. Id\u00e9al pour les rituels spirituels, ce chalumeau garantit un \u00e9clairage s\u00fbr et pr\u00e9cis. Fabriqu\u00e9 \u00e0 partir de mat\u00e9riaux de haute qualit\u00e9, il allie fonctionnalit\u00e9 robuste et design \u00e9l\u00e9gant pour s&#039;int\u00e9grer dans tout espace sacr\u00e9.\" \/>\n<meta property=\"og:url\" content=\"https:\/\/ancestrina.com\/fr\/producto\/soplete-ceremonial\/\" \/>\n<meta property=\"og:site_name\" content=\"Ancestrina\" \/>\n<meta property=\"article:publisher\" content=\"https:\/\/www.facebook.com\/Ancestrina\/\" \/>\n<meta property=\"article:modified_time\" content=\"2026-02-12T18:05:55+00:00\" \/>\n<meta property=\"og:image\" content=\"https:\/\/ancestrina.com\/wp-content\/uploads\/soplete-1.jpg\" \/>\n\t<meta property=\"og:image:width\" content=\"2048\" \/>\n\t<meta property=\"og:image:height\" content=\"2048\" \/>\n\t<meta property=\"og:image:type\" content=\"image\/jpeg\" \/>\n<meta name=\"twitter:card\" content=\"summary_large_image\" \/>\n<meta name=\"twitter:label1\" content=\"Dur\u00e9e de lecture estim\u00e9e\" \/>\n\t<meta name=\"twitter:data1\" content=\"2 minutes\" \/>\n<script type=\"application\/ld+json\" class=\"yoast-schema-graph\">{\"@context\":\"https:\\\/\\\/schema.org\",\"@graph\":[{\"@type\":\"WebPage\",\"@id\":\"https:\\\/\\\/ancestrina.com\\\/fr\\\/producto\\\/soplete-ceremonial\\\/\",\"url\":\"https:\\\/\\\/ancestrina.com\\\/fr\\\/producto\\\/soplete-ceremonial\\\/\",\"name\":\"Le chalumeau c\u00e9r\u00e9moniel : pr\u00e9cision et s\u00e9curit\u00e9 dans vos rituels\",\"isPartOf\":{\"@id\":\"https:\\\/\\\/ancestrina.com\\\/fr\\\/#website\"},\"primaryImageOfPage\":{\"@id\":\"https:\\\/\\\/ancestrina.com\\\/fr\\\/producto\\\/soplete-ceremonial\\\/#primaryimage\"},\"image\":{\"@id\":\"https:\\\/\\\/ancestrina.com\\\/fr\\\/producto\\\/soplete-ceremonial\\\/#primaryimage\"},\"thumbnailUrl\":\"https:\\\/\\\/ancestrina.com\\\/wp-content\\\/uploads\\\/soplete-1.jpg\",\"datePublished\":\"2024-02-15T19:04:08+00:00\",\"dateModified\":\"2026-02-12T18:05:55+00:00\",\"description\":\"Allumez des bougies, du charbon de bois et de l'encens avec notre chalumeau de c\u00e9r\u00e9monie, con\u00e7u pour produire une flamme stable et contr\u00f4lable. Id\u00e9al pour les rituels spirituels, ce chalumeau garantit un \u00e9clairage s\u00fbr et pr\u00e9cis. Fabriqu\u00e9 \u00e0 partir de mat\u00e9riaux de haute qualit\u00e9, il allie fonctionnalit\u00e9 robuste et design \u00e9l\u00e9gant pour s'int\u00e9grer dans tout espace sacr\u00e9.\",\"breadcrumb\":{\"@id\":\"https:\\\/\\\/ancestrina.com\\\/fr\\\/producto\\\/soplete-ceremonial\\\/#breadcrumb\"},\"inLanguage\":\"fr-FR\",\"potentialAction\":[{\"@type\":\"ReadAction\",\"target\":[\"https:\\\/\\\/ancestrina.com\\\/fr\\\/producto\\\/soplete-ceremonial\\\/\"]}]},{\"@type\":\"ImageObject\",\"inLanguage\":\"fr-FR\",\"@id\":\"https:\\\/\\\/ancestrina.com\\\/fr\\\/producto\\\/soplete-ceremonial\\\/#primaryimage\",\"url\":\"https:\\\/\\\/ancestrina.com\\\/wp-content\\\/uploads\\\/soplete-1.jpg\",\"contentUrl\":\"https:\\\/\\\/ancestrina.com\\\/wp-content\\\/uploads\\\/soplete-1.jpg\",\"width\":2048,\"height\":2048},{\"@type\":\"BreadcrumbList\",\"@id\":\"https:\\\/\\\/ancestrina.com\\\/fr\\\/producto\\\/soplete-ceremonial\\\/#breadcrumb\",\"itemListElement\":[{\"@type\":\"ListItem\",\"position\":1,\"name\":\"Home\",\"item\":\"https:\\\/\\\/ancestrina.com\\\/fr\\\/domicile\\\/\"},{\"@type\":\"ListItem\",\"position\":2,\"name\":\"boutique\",\"item\":\"https:\\\/\\\/ancestrina.com\\\/fr\\\/boutique\\\/\"},{\"@type\":\"ListItem\",\"position\":3,\"name\":\"Chalumeau\"}]},{\"@type\":\"WebSite\",\"@id\":\"https:\\\/\\\/ancestrina.com\\\/fr\\\/#website\",\"url\":\"https:\\\/\\\/ancestrina.com\\\/fr\\\/\",\"name\":\"Ancestrina\",\"description\":\"Trabajamos experiencias con plantas maestras, terapias integradoras y cultos ancestrales\",\"publisher\":{\"@id\":\"https:\\\/\\\/ancestrina.com\\\/fr\\\/#organization\"},\"potentialAction\":[{\"@type\":\"SearchAction\",\"target\":{\"@type\":\"EntryPoint\",\"urlTemplate\":\"https:\\\/\\\/ancestrina.com\\\/fr\\\/?s={search_term_string}\"},\"query-input\":{\"@type\":\"PropertyValueSpecification\",\"valueRequired\":true,\"valueName\":\"search_term_string\"}}],\"inLanguage\":\"fr-FR\"},{\"@type\":\"Organization\",\"@id\":\"https:\\\/\\\/ancestrina.com\\\/fr\\\/#organization\",\"name\":\"Ancestrina\",\"url\":\"https:\\\/\\\/ancestrina.com\\\/fr\\\/\",\"logo\":{\"@type\":\"ImageObject\",\"inLanguage\":\"fr-FR\",\"@id\":\"https:\\\/\\\/ancestrina.com\\\/fr\\\/#\\\/schema\\\/logo\\\/image\\\/\",\"url\":\"https:\\\/\\\/ancestrina.com\\\/wp-content\\\/uploads\\\/2020\\\/06\\\/cropped-LOGO-ANCESTRINA-1.png\",\"contentUrl\":\"https:\\\/\\\/ancestrina.com\\\/wp-content\\\/uploads\\\/2020\\\/06\\\/cropped-LOGO-ANCESTRINA-1.png\",\"width\":630,\"height\":202,\"caption\":\"Ancestrina\"},\"image\":{\"@id\":\"https:\\\/\\\/ancestrina.com\\\/fr\\\/#\\\/schema\\\/logo\\\/image\\\/\"},\"sameAs\":[\"https:\\\/\\\/www.facebook.com\\\/Ancestrina\\\/\",\"https:\\\/\\\/www.instagram.com\\\/ancestrina\\\/\",\"https:\\\/\\\/www.youtube.com\\\/channel\\\/UCgtt6WFhEIVEI30PzxlOeIw\"]}]}<\/script>\n<!-- \/ Yoast SEO Premium plugin. -->","yoast_head_json":{"title":"Le chalumeau c\u00e9r\u00e9moniel : pr\u00e9cision et s\u00e9curit\u00e9 dans vos rituels","description":"Allumez des bougies, du charbon de bois et de l'encens avec notre chalumeau de c\u00e9r\u00e9monie, con\u00e7u pour produire une flamme stable et contr\u00f4lable. Id\u00e9al pour les rituels spirituels, ce chalumeau garantit un \u00e9clairage s\u00fbr et pr\u00e9cis. Fabriqu\u00e9 \u00e0 partir de mat\u00e9riaux de haute qualit\u00e9, il allie fonctionnalit\u00e9 robuste et design \u00e9l\u00e9gant pour s'int\u00e9grer dans tout espace sacr\u00e9.","robots":{"index":"index","follow":"follow","max-snippet":"max-snippet:-1","max-image-preview":"max-image-preview:large","max-video-preview":"max-video-preview:-1"},"canonical":"https:\/\/ancestrina.com\/fr\/producto\/soplete-ceremonial\/","og_locale":"fr_FR","og_type":"article","og_title":"Chalumeau","og_description":"Allumez des bougies, du charbon de bois et de l'encens avec notre chalumeau de c\u00e9r\u00e9monie, con\u00e7u pour produire une flamme stable et contr\u00f4lable. Id\u00e9al pour les rituels spirituels, ce chalumeau garantit un \u00e9clairage s\u00fbr et pr\u00e9cis. Fabriqu\u00e9 \u00e0 partir de mat\u00e9riaux de haute qualit\u00e9, il allie fonctionnalit\u00e9 robuste et design \u00e9l\u00e9gant pour s'int\u00e9grer dans tout espace sacr\u00e9.","og_url":"https:\/\/ancestrina.com\/fr\/producto\/soplete-ceremonial\/","og_site_name":"Ancestrina","article_publisher":"https:\/\/www.facebook.com\/Ancestrina\/","article_modified_time":"2026-02-12T18:05:55+00:00","og_image":[{"width":2048,"height":2048,"url":"https:\/\/ancestrina.com\/wp-content\/uploads\/soplete-1.jpg","type":"image\/jpeg"}],"twitter_card":"summary_large_image","twitter_misc":{"Dur\u00e9e de lecture estim\u00e9e":"2 minutes"},"schema":{"@context":"https:\/\/schema.org","@graph":[{"@type":"WebPage","@id":"https:\/\/ancestrina.com\/fr\/producto\/soplete-ceremonial\/","url":"https:\/\/ancestrina.com\/fr\/producto\/soplete-ceremonial\/","name":"Le chalumeau c\u00e9r\u00e9moniel : pr\u00e9cision et s\u00e9curit\u00e9 dans vos rituels","isPartOf":{"@id":"https:\/\/ancestrina.com\/fr\/#website"},"primaryImageOfPage":{"@id":"https:\/\/ancestrina.com\/fr\/producto\/soplete-ceremonial\/#primaryimage"},"image":{"@id":"https:\/\/ancestrina.com\/fr\/producto\/soplete-ceremonial\/#primaryimage"},"thumbnailUrl":"https:\/\/ancestrina.com\/wp-content\/uploads\/soplete-1.jpg","datePublished":"2024-02-15T19:04:08+00:00","dateModified":"2026-02-12T18:05:55+00:00","description":"Allumez des bougies, du charbon de bois et de l'encens avec notre chalumeau de c\u00e9r\u00e9monie, con\u00e7u pour produire une flamme stable et contr\u00f4lable. Id\u00e9al pour les rituels spirituels, ce chalumeau garantit un \u00e9clairage s\u00fbr et pr\u00e9cis. Fabriqu\u00e9 \u00e0 partir de mat\u00e9riaux de haute qualit\u00e9, il allie fonctionnalit\u00e9 robuste et design \u00e9l\u00e9gant pour s'int\u00e9grer dans tout espace sacr\u00e9.","breadcrumb":{"@id":"https:\/\/ancestrina.com\/fr\/producto\/soplete-ceremonial\/#breadcrumb"},"inLanguage":"fr-FR","potentialAction":[{"@type":"ReadAction","target":["https:\/\/ancestrina.com\/fr\/producto\/soplete-ceremonial\/"]}]},{"@type":"ImageObject","inLanguage":"fr-FR","@id":"https:\/\/ancestrina.com\/fr\/producto\/soplete-ceremonial\/#primaryimage","url":"https:\/\/ancestrina.com\/wp-content\/uploads\/soplete-1.jpg","contentUrl":"https:\/\/ancestrina.com\/wp-content\/uploads\/soplete-1.jpg","width":2048,"height":2048},{"@type":"BreadcrumbList","@id":"https:\/\/ancestrina.com\/fr\/producto\/soplete-ceremonial\/#breadcrumb","itemListElement":[{"@type":"ListItem","position":1,"name":"Home","item":"https:\/\/ancestrina.com\/fr\/domicile\/"},{"@type":"ListItem","position":2,"name":"boutique","item":"https:\/\/ancestrina.com\/fr\/boutique\/"},{"@type":"ListItem","position":3,"name":"Chalumeau"}]},{"@type":"WebSite","@id":"https:\/\/ancestrina.com\/fr\/#website","url":"https:\/\/ancestrina.com\/fr\/","name":"Ancestrina","description":"Trabajamos experiencias con plantas maestras, terapias integradoras y cultos ancestrales","publisher":{"@id":"https:\/\/ancestrina.com\/fr\/#organization"},"potentialAction":[{"@type":"SearchAction","target":{"@type":"EntryPoint","urlTemplate":"https:\/\/ancestrina.com\/fr\/?s={search_term_string}"},"query-input":{"@type":"PropertyValueSpecification","valueRequired":true,"valueName":"search_term_string"}}],"inLanguage":"fr-FR"},{"@type":"Organization","@id":"https:\/\/ancestrina.com\/fr\/#organization","name":"Ancestrina","url":"https:\/\/ancestrina.com\/fr\/","logo":{"@type":"ImageObject","inLanguage":"fr-FR","@id":"https:\/\/ancestrina.com\/fr\/#\/schema\/logo\/image\/","url":"https:\/\/ancestrina.com\/wp-content\/uploads\/2020\/06\/cropped-LOGO-ANCESTRINA-1.png","contentUrl":"https:\/\/ancestrina.com\/wp-content\/uploads\/2020\/06\/cropped-LOGO-ANCESTRINA-1.png","width":630,"height":202,"caption":"Ancestrina"},"image":{"@id":"https:\/\/ancestrina.com\/fr\/#\/schema\/logo\/image\/"},"sameAs":["https:\/\/www.facebook.com\/Ancestrina\/","https:\/\/www.instagram.com\/ancestrina\/","https:\/\/www.youtube.com\/channel\/UCgtt6WFhEIVEI30PzxlOeIw"]}]}},"_links":{"self":[{"href":"https:\/\/ancestrina.com\/fr\/wp-json\/wp\/v2\/product\/30094","targetHints":{"allow":["GET"]}}],"collection":[{"href":"https:\/\/ancestrina.com\/fr\/wp-json\/wp\/v2\/product"}],"about":[{"href":"https:\/\/ancestrina.com\/fr\/wp-json\/wp\/v2\/types\/product"}],"replies":[{"embeddable":true,"href":"https:\/\/ancestrina.com\/fr\/wp-json\/wp\/v2\/comments?post=30094"}],"version-history":[{"count":1,"href":"https:\/\/ancestrina.com\/fr\/wp-json\/wp\/v2\/product\/30094\/revisions"}],"predecessor-version":[{"id":37705,"href":"https:\/\/ancestrina.com\/fr\/wp-json\/wp\/v2\/product\/30094\/revisions\/37705"}],"wp:featuredmedia":[{"embeddable":true,"href":"https:\/\/ancestrina.com\/fr\/wp-json\/wp\/v2\/media\/38201"}],"wp:attachment":[{"href":"https:\/\/ancestrina.com\/fr\/wp-json\/wp\/v2\/media?parent=30094"}],"wp:term":[{"taxonomy":"product_brand","embeddable":true,"href":"https:\/\/ancestrina.com\/fr\/wp-json\/wp\/v2\/product_brand?post=30094"},{"taxonomy":"product_cat","embeddable":true,"href":"https:\/\/ancestrina.com\/fr\/wp-json\/wp\/v2\/product_cat?post=30094"},{"taxonomy":"product_tag","embeddable":true,"href":"https:\/\/ancestrina.com\/fr\/wp-json\/wp\/v2\/product_tag?post=30094"}],"curies":[{"name":"wp","href":"https:\/\/api.w.org\/{rel}","templated":true}]}}