{"id":30091,"date":"2024-02-15T13:51:29","date_gmt":"2024-02-15T18:51:29","guid":{"rendered":"https:\/\/ancestrina.com\/producto\/copal\/"},"modified":"2026-05-12T19:26:58","modified_gmt":"2026-05-13T00:26:58","slug":"incienso-copal-polvo","status":"publish","type":"product","link":"https:\/\/ancestrina.com\/fr\/producto\/incienso-copal-polvo\/","title":{"rendered":"Copal"},"content":{"rendered":"<p>D\u00e9couvrez le pouvoir purificateur de l&rsquo;encens copal en poudre d&rsquo;Ancestrina, une mani\u00e8re sacr\u00e9e et traditionnelle de se connecter au divin et de nettoyer \u00e9nerg\u00e9tiquement n&rsquo;importe quel espace. Cet encens est soigneusement pr\u00e9par\u00e9 \u00e0 partir de la r\u00e9sine aromatique du copal, connu pour sa profonde signification spirituelle dans la culture mexicaine, o\u00f9 il est utilis\u00e9 dans les rituels et les c\u00e9r\u00e9monies depuis des g\u00e9n\u00e9rations pour \u00e9tablir un pont entre les mondes terrestre et spirituel.<\/p>\n<p>Le copal en poudre offre une application polyvalente et \u00e9conomique, vous permettant de contr\u00f4ler la quantit\u00e9 exacte n\u00e9cessaire \u00e0 vos rituels sans \u00e9touffer le charbon de bois ou gaspiller de la r\u00e9sine pr\u00e9cieuse. Sa fum\u00e9e blanche et dense s&rsquo;\u00e9l\u00e8ve en portant vos intentions et vos pri\u00e8res, purifiant l&rsquo;environnement des \u00e9nergies n\u00e9gatives et attirant les vibrations positives. Dans le domaine th\u00e9rapeutique, le copal est appr\u00e9ci\u00e9 pour ses propri\u00e9t\u00e9s relaxantes et sa capacit\u00e9 \u00e0 favoriser la concentration et la m\u00e9ditation, faisant de chaque s\u00e9ance un moment de connexion profonde et enrichissante.<\/p>\n<p>Outre ses utilisations spirituelles, le copal en poudre est id\u00e9al pour les c\u00e9r\u00e9monies de purification et peut \u00eatre utilis\u00e9 dans l&rsquo;art et la d\u00e9coration pour cr\u00e9er des atmosph\u00e8res sp\u00e9ciales empreintes de spiritualit\u00e9. Son parfum unique, bois\u00e9 et balsamique, est parfaitement adapt\u00e9 pour enrichir vos pratiques de bien-\u00eatre et vous procurer une sensation de calme et de bien-\u00eatre.<\/p>\n","protected":false},"excerpt":{"rendered":"<p>Faites l&rsquo;exp\u00e9rience d&rsquo;une purification ancienne avec notre encens de copal en poudre, extrait de la r\u00e9sine sacr\u00e9e des arbres de copal utilis\u00e9s dans les rituels mexicains pour se connecter avec le divin et purifier les \u00e9nergies. Cet encens fabriqu\u00e9 \u00e0 la main permet un contr\u00f4le pr\u00e9cis de la quantit\u00e9, \u00e9vitant ainsi le gaspillage et maximisant son effet purificateur et m\u00e9ditatif. Id\u00e9ale pour les c\u00e9r\u00e9monies spirituelles, la poudre de copal \u00e9l\u00e8ve l&rsquo;\u00e9nergie de l&rsquo;environnement, favorise le calme et aide \u00e0 \u00e9tablir une connexion profonde pendant la m\u00e9ditation et d&rsquo;autres rituels sacr\u00e9s.<\/p>\n","protected":false},"featured_media":34657,"comment_status":"open","ping_status":"closed","template":"","meta":{"order-bump-settings":[],"_wpfnl_thankyou_order_overview":"on","_wpfnl_thankyou_order_details":"on","_wpfnl_thankyou_billing_details":"on","_wpfnl_thankyou_shipping_details":"on","site-sidebar-layout":"no-sidebar","site-content-layout":"page-builder","ast-site-content-layout":"full-width-container","site-content-style":"default","site-sidebar-style":"default","ast-global-header-display":"","ast-banner-title-visibility":"","ast-main-header-display":"","ast-hfb-above-header-display":"","ast-hfb-below-header-display":"","ast-hfb-mobile-header-display":"","site-post-title":"disabled","ast-breadcrumbs-content":"","ast-featured-img":"disabled","footer-sml-layout":"","ast-disable-related-posts":"","theme-transparent-header-meta":"default","adv-header-id-meta":"","stick-header-meta":"","header-above-stick-meta":"","header-main-stick-meta":"","header-below-stick-meta":"","astra-migrate-meta-layouts":"default","ast-page-background-enabled":"default","ast-page-background-meta":{"desktop":{"background-color":"","background-image":"","background-repeat":"repeat","background-position":"center center","background-size":"auto","background-attachment":"scroll","background-type":"","background-media":"","overlay-type":"","overlay-color":"","overlay-opacity":"","overlay-gradient":""},"tablet":{"background-color":"","background-image":"","background-repeat":"repeat","background-position":"center center","background-size":"auto","background-attachment":"scroll","background-type":"","background-media":"","overlay-type":"","overlay-color":"","overlay-opacity":"","overlay-gradient":""},"mobile":{"background-color":"","background-image":"","background-repeat":"repeat","background-position":"center center","background-size":"auto","background-attachment":"scroll","background-type":"","background-media":"","overlay-type":"","overlay-color":"","overlay-opacity":"","overlay-gradient":""}},"ast-content-background-meta":{"desktop":{"background-color":"var(--ast-global-color-5)","background-image":"","background-repeat":"repeat","background-position":"center center","background-size":"auto","background-attachment":"scroll","background-type":"","background-media":"","overlay-type":"","overlay-color":"","overlay-opacity":"","overlay-gradient":""},"tablet":{"background-color":"var(--ast-global-color-5)","background-image":"","background-repeat":"repeat","background-position":"center center","background-size":"auto","background-attachment":"scroll","background-type":"","background-media":"","overlay-type":"","overlay-color":"","overlay-opacity":"","overlay-gradient":""},"mobile":{"background-color":"var(--ast-global-color-5)","background-image":"","background-repeat":"repeat","background-position":"center center","background-size":"auto","background-attachment":"scroll","background-type":"","background-media":"","overlay-type":"","overlay-color":"","overlay-opacity":"","overlay-gradient":""}},"_joinchat":[]},"product_brand":[],"product_cat":[1438],"product_tag":[],"class_list":{"0":"post-30091","1":"product","2":"type-product","3":"status-publish","4":"has-post-thumbnail","6":"product_cat-humitos-fr","7":"desktop-align-center","8":"tablet-align-left","9":"mobile-align-left","11":"first","12":"instock","13":"shipping-taxable","14":"purchasable","15":"product-type-variable"},"yoast_head":"<!-- This site is optimized with the Yoast SEO Premium plugin v22.6 (Yoast SEO v27.6) - https:\/\/yoast.com\/product\/yoast-seo-premium-wordpress\/ -->\n<title>Encens Copal en poudre : Purification et connexion spirituelle<\/title>\n<meta name=\"description\" content=\"D\u00e9couvrez le pouvoir purificateur de la poudre de copal d&#039;Ancestrina, fabriqu\u00e9e \u00e0 partir de la r\u00e9sine sacr\u00e9e utilis\u00e9e dans les rituels mexicains. Cet encens artisanal permet un contr\u00f4le pr\u00e9cis, purifie l&#039;environnement et favorise le calme et la connexion spirituelle. Id\u00e9al pour les c\u00e9r\u00e9monies et la m\u00e9ditation.\" \/>\n<meta name=\"robots\" content=\"index, follow, max-snippet:-1, max-image-preview:large, max-video-preview:-1\" \/>\n<link rel=\"canonical\" href=\"https:\/\/ancestrina.com\/fr\/producto\/incienso-copal-polvo\/\" \/>\n<meta property=\"og:locale\" content=\"fr_FR\" \/>\n<meta property=\"og:type\" content=\"article\" \/>\n<meta property=\"og:title\" content=\"Copal\" \/>\n<meta property=\"og:description\" content=\"D\u00e9couvrez le pouvoir purificateur de la poudre de copal d&#039;Ancestrina, fabriqu\u00e9e \u00e0 partir de la r\u00e9sine sacr\u00e9e utilis\u00e9e dans les rituels mexicains. Cet encens artisanal permet un contr\u00f4le pr\u00e9cis, purifie l&#039;environnement et favorise le calme et la connexion spirituelle. Id\u00e9al pour les c\u00e9r\u00e9monies et la m\u00e9ditation.\" \/>\n<meta property=\"og:url\" content=\"https:\/\/ancestrina.com\/fr\/producto\/incienso-copal-polvo\/\" \/>\n<meta property=\"og:site_name\" content=\"Ancestrina\" \/>\n<meta property=\"article:publisher\" content=\"https:\/\/www.facebook.com\/Ancestrina\/\" \/>\n<meta property=\"article:modified_time\" content=\"2026-05-13T00:26:58+00:00\" \/>\n<meta property=\"og:image\" content=\"https:\/\/ancestrina.com\/wp-content\/uploads\/copal-1.jpg\" \/>\n\t<meta property=\"og:image:width\" content=\"2048\" \/>\n\t<meta property=\"og:image:height\" content=\"2048\" \/>\n\t<meta property=\"og:image:type\" content=\"image\/jpeg\" \/>\n<meta name=\"twitter:card\" content=\"summary_large_image\" \/>\n<meta name=\"twitter:label1\" content=\"Dur\u00e9e de lecture estim\u00e9e\" \/>\n\t<meta name=\"twitter:data1\" content=\"1 minute\" \/>\n<script type=\"application\/ld+json\" class=\"yoast-schema-graph\">{\"@context\":\"https:\\\/\\\/schema.org\",\"@graph\":[{\"@type\":\"WebPage\",\"@id\":\"https:\\\/\\\/ancestrina.com\\\/fr\\\/producto\\\/incienso-copal-polvo\\\/\",\"url\":\"https:\\\/\\\/ancestrina.com\\\/fr\\\/producto\\\/incienso-copal-polvo\\\/\",\"name\":\"Encens Copal en poudre : Purification et connexion spirituelle\",\"isPartOf\":{\"@id\":\"https:\\\/\\\/ancestrina.com\\\/fr\\\/#website\"},\"primaryImageOfPage\":{\"@id\":\"https:\\\/\\\/ancestrina.com\\\/fr\\\/producto\\\/incienso-copal-polvo\\\/#primaryimage\"},\"image\":{\"@id\":\"https:\\\/\\\/ancestrina.com\\\/fr\\\/producto\\\/incienso-copal-polvo\\\/#primaryimage\"},\"thumbnailUrl\":\"https:\\\/\\\/ancestrina.com\\\/wp-content\\\/uploads\\\/copal-1.jpg\",\"datePublished\":\"2024-02-15T18:51:29+00:00\",\"dateModified\":\"2026-05-13T00:26:58+00:00\",\"description\":\"D\u00e9couvrez le pouvoir purificateur de la poudre de copal d'Ancestrina, fabriqu\u00e9e \u00e0 partir de la r\u00e9sine sacr\u00e9e utilis\u00e9e dans les rituels mexicains. Cet encens artisanal permet un contr\u00f4le pr\u00e9cis, purifie l'environnement et favorise le calme et la connexion spirituelle. Id\u00e9al pour les c\u00e9r\u00e9monies et la m\u00e9ditation.\",\"breadcrumb\":{\"@id\":\"https:\\\/\\\/ancestrina.com\\\/fr\\\/producto\\\/incienso-copal-polvo\\\/#breadcrumb\"},\"inLanguage\":\"fr-FR\",\"potentialAction\":[{\"@type\":\"ReadAction\",\"target\":[\"https:\\\/\\\/ancestrina.com\\\/fr\\\/producto\\\/incienso-copal-polvo\\\/\"]}]},{\"@type\":\"ImageObject\",\"inLanguage\":\"fr-FR\",\"@id\":\"https:\\\/\\\/ancestrina.com\\\/fr\\\/producto\\\/incienso-copal-polvo\\\/#primaryimage\",\"url\":\"https:\\\/\\\/ancestrina.com\\\/wp-content\\\/uploads\\\/copal-1.jpg\",\"contentUrl\":\"https:\\\/\\\/ancestrina.com\\\/wp-content\\\/uploads\\\/copal-1.jpg\",\"width\":2048,\"height\":2048},{\"@type\":\"BreadcrumbList\",\"@id\":\"https:\\\/\\\/ancestrina.com\\\/fr\\\/producto\\\/incienso-copal-polvo\\\/#breadcrumb\",\"itemListElement\":[{\"@type\":\"ListItem\",\"position\":1,\"name\":\"Home\",\"item\":\"https:\\\/\\\/ancestrina.com\\\/fr\\\/domicile\\\/\"},{\"@type\":\"ListItem\",\"position\":2,\"name\":\"boutique\",\"item\":\"https:\\\/\\\/ancestrina.com\\\/fr\\\/boutique\\\/\"},{\"@type\":\"ListItem\",\"position\":3,\"name\":\"Copal\"}]},{\"@type\":\"WebSite\",\"@id\":\"https:\\\/\\\/ancestrina.com\\\/fr\\\/#website\",\"url\":\"https:\\\/\\\/ancestrina.com\\\/fr\\\/\",\"name\":\"Ancestrina\",\"description\":\"Trabajamos experiencias con plantas maestras, terapias integradoras y cultos ancestrales\",\"publisher\":{\"@id\":\"https:\\\/\\\/ancestrina.com\\\/fr\\\/#organization\"},\"potentialAction\":[{\"@type\":\"SearchAction\",\"target\":{\"@type\":\"EntryPoint\",\"urlTemplate\":\"https:\\\/\\\/ancestrina.com\\\/fr\\\/?s={search_term_string}\"},\"query-input\":{\"@type\":\"PropertyValueSpecification\",\"valueRequired\":true,\"valueName\":\"search_term_string\"}}],\"inLanguage\":\"fr-FR\"},{\"@type\":\"Organization\",\"@id\":\"https:\\\/\\\/ancestrina.com\\\/fr\\\/#organization\",\"name\":\"Ancestrina\",\"url\":\"https:\\\/\\\/ancestrina.com\\\/fr\\\/\",\"logo\":{\"@type\":\"ImageObject\",\"inLanguage\":\"fr-FR\",\"@id\":\"https:\\\/\\\/ancestrina.com\\\/fr\\\/#\\\/schema\\\/logo\\\/image\\\/\",\"url\":\"https:\\\/\\\/ancestrina.com\\\/wp-content\\\/uploads\\\/2020\\\/06\\\/cropped-LOGO-ANCESTRINA-1.png\",\"contentUrl\":\"https:\\\/\\\/ancestrina.com\\\/wp-content\\\/uploads\\\/2020\\\/06\\\/cropped-LOGO-ANCESTRINA-1.png\",\"width\":630,\"height\":202,\"caption\":\"Ancestrina\"},\"image\":{\"@id\":\"https:\\\/\\\/ancestrina.com\\\/fr\\\/#\\\/schema\\\/logo\\\/image\\\/\"},\"sameAs\":[\"https:\\\/\\\/www.facebook.com\\\/Ancestrina\\\/\",\"https:\\\/\\\/www.instagram.com\\\/ancestrina\\\/\",\"https:\\\/\\\/www.youtube.com\\\/channel\\\/UCgtt6WFhEIVEI30PzxlOeIw\"]}]}<\/script>\n<!-- \/ Yoast SEO Premium plugin. -->","yoast_head_json":{"title":"Encens Copal en poudre : Purification et connexion spirituelle","description":"D\u00e9couvrez le pouvoir purificateur de la poudre de copal d'Ancestrina, fabriqu\u00e9e \u00e0 partir de la r\u00e9sine sacr\u00e9e utilis\u00e9e dans les rituels mexicains. Cet encens artisanal permet un contr\u00f4le pr\u00e9cis, purifie l'environnement et favorise le calme et la connexion spirituelle. Id\u00e9al pour les c\u00e9r\u00e9monies et la m\u00e9ditation.","robots":{"index":"index","follow":"follow","max-snippet":"max-snippet:-1","max-image-preview":"max-image-preview:large","max-video-preview":"max-video-preview:-1"},"canonical":"https:\/\/ancestrina.com\/fr\/producto\/incienso-copal-polvo\/","og_locale":"fr_FR","og_type":"article","og_title":"Copal","og_description":"D\u00e9couvrez le pouvoir purificateur de la poudre de copal d'Ancestrina, fabriqu\u00e9e \u00e0 partir de la r\u00e9sine sacr\u00e9e utilis\u00e9e dans les rituels mexicains. Cet encens artisanal permet un contr\u00f4le pr\u00e9cis, purifie l'environnement et favorise le calme et la connexion spirituelle. Id\u00e9al pour les c\u00e9r\u00e9monies et la m\u00e9ditation.","og_url":"https:\/\/ancestrina.com\/fr\/producto\/incienso-copal-polvo\/","og_site_name":"Ancestrina","article_publisher":"https:\/\/www.facebook.com\/Ancestrina\/","article_modified_time":"2026-05-13T00:26:58+00:00","og_image":[{"width":2048,"height":2048,"url":"https:\/\/ancestrina.com\/wp-content\/uploads\/copal-1.jpg","type":"image\/jpeg"}],"twitter_card":"summary_large_image","twitter_misc":{"Dur\u00e9e de lecture estim\u00e9e":"1 minute"},"schema":{"@context":"https:\/\/schema.org","@graph":[{"@type":"WebPage","@id":"https:\/\/ancestrina.com\/fr\/producto\/incienso-copal-polvo\/","url":"https:\/\/ancestrina.com\/fr\/producto\/incienso-copal-polvo\/","name":"Encens Copal en poudre : Purification et connexion spirituelle","isPartOf":{"@id":"https:\/\/ancestrina.com\/fr\/#website"},"primaryImageOfPage":{"@id":"https:\/\/ancestrina.com\/fr\/producto\/incienso-copal-polvo\/#primaryimage"},"image":{"@id":"https:\/\/ancestrina.com\/fr\/producto\/incienso-copal-polvo\/#primaryimage"},"thumbnailUrl":"https:\/\/ancestrina.com\/wp-content\/uploads\/copal-1.jpg","datePublished":"2024-02-15T18:51:29+00:00","dateModified":"2026-05-13T00:26:58+00:00","description":"D\u00e9couvrez le pouvoir purificateur de la poudre de copal d'Ancestrina, fabriqu\u00e9e \u00e0 partir de la r\u00e9sine sacr\u00e9e utilis\u00e9e dans les rituels mexicains. Cet encens artisanal permet un contr\u00f4le pr\u00e9cis, purifie l'environnement et favorise le calme et la connexion spirituelle. Id\u00e9al pour les c\u00e9r\u00e9monies et la m\u00e9ditation.","breadcrumb":{"@id":"https:\/\/ancestrina.com\/fr\/producto\/incienso-copal-polvo\/#breadcrumb"},"inLanguage":"fr-FR","potentialAction":[{"@type":"ReadAction","target":["https:\/\/ancestrina.com\/fr\/producto\/incienso-copal-polvo\/"]}]},{"@type":"ImageObject","inLanguage":"fr-FR","@id":"https:\/\/ancestrina.com\/fr\/producto\/incienso-copal-polvo\/#primaryimage","url":"https:\/\/ancestrina.com\/wp-content\/uploads\/copal-1.jpg","contentUrl":"https:\/\/ancestrina.com\/wp-content\/uploads\/copal-1.jpg","width":2048,"height":2048},{"@type":"BreadcrumbList","@id":"https:\/\/ancestrina.com\/fr\/producto\/incienso-copal-polvo\/#breadcrumb","itemListElement":[{"@type":"ListItem","position":1,"name":"Home","item":"https:\/\/ancestrina.com\/fr\/domicile\/"},{"@type":"ListItem","position":2,"name":"boutique","item":"https:\/\/ancestrina.com\/fr\/boutique\/"},{"@type":"ListItem","position":3,"name":"Copal"}]},{"@type":"WebSite","@id":"https:\/\/ancestrina.com\/fr\/#website","url":"https:\/\/ancestrina.com\/fr\/","name":"Ancestrina","description":"Trabajamos experiencias con plantas maestras, terapias integradoras y cultos ancestrales","publisher":{"@id":"https:\/\/ancestrina.com\/fr\/#organization"},"potentialAction":[{"@type":"SearchAction","target":{"@type":"EntryPoint","urlTemplate":"https:\/\/ancestrina.com\/fr\/?s={search_term_string}"},"query-input":{"@type":"PropertyValueSpecification","valueRequired":true,"valueName":"search_term_string"}}],"inLanguage":"fr-FR"},{"@type":"Organization","@id":"https:\/\/ancestrina.com\/fr\/#organization","name":"Ancestrina","url":"https:\/\/ancestrina.com\/fr\/","logo":{"@type":"ImageObject","inLanguage":"fr-FR","@id":"https:\/\/ancestrina.com\/fr\/#\/schema\/logo\/image\/","url":"https:\/\/ancestrina.com\/wp-content\/uploads\/2020\/06\/cropped-LOGO-ANCESTRINA-1.png","contentUrl":"https:\/\/ancestrina.com\/wp-content\/uploads\/2020\/06\/cropped-LOGO-ANCESTRINA-1.png","width":630,"height":202,"caption":"Ancestrina"},"image":{"@id":"https:\/\/ancestrina.com\/fr\/#\/schema\/logo\/image\/"},"sameAs":["https:\/\/www.facebook.com\/Ancestrina\/","https:\/\/www.instagram.com\/ancestrina\/","https:\/\/www.youtube.com\/channel\/UCgtt6WFhEIVEI30PzxlOeIw"]}]}},"_links":{"self":[{"href":"https:\/\/ancestrina.com\/fr\/wp-json\/wp\/v2\/product\/30091","targetHints":{"allow":["GET"]}}],"collection":[{"href":"https:\/\/ancestrina.com\/fr\/wp-json\/wp\/v2\/product"}],"about":[{"href":"https:\/\/ancestrina.com\/fr\/wp-json\/wp\/v2\/types\/product"}],"replies":[{"embeddable":true,"href":"https:\/\/ancestrina.com\/fr\/wp-json\/wp\/v2\/comments?post=30091"}],"version-history":[{"count":1,"href":"https:\/\/ancestrina.com\/fr\/wp-json\/wp\/v2\/product\/30091\/revisions"}],"predecessor-version":[{"id":37750,"href":"https:\/\/ancestrina.com\/fr\/wp-json\/wp\/v2\/product\/30091\/revisions\/37750"}],"wp:featuredmedia":[{"embeddable":true,"href":"https:\/\/ancestrina.com\/fr\/wp-json\/wp\/v2\/media\/34657"}],"wp:attachment":[{"href":"https:\/\/ancestrina.com\/fr\/wp-json\/wp\/v2\/media?parent=30091"}],"wp:term":[{"taxonomy":"product_brand","embeddable":true,"href":"https:\/\/ancestrina.com\/fr\/wp-json\/wp\/v2\/product_brand?post=30091"},{"taxonomy":"product_cat","embeddable":true,"href":"https:\/\/ancestrina.com\/fr\/wp-json\/wp\/v2\/product_cat?post=30091"},{"taxonomy":"product_tag","embeddable":true,"href":"https:\/\/ancestrina.com\/fr\/wp-json\/wp\/v2\/product_tag?post=30091"}],"curies":[{"name":"wp","href":"https:\/\/api.w.org\/{rel}","templated":true}]}}