{"id":30077,"date":"2024-04-11T14:57:01","date_gmt":"2024-04-11T19:57:01","guid":{"rendered":"https:\/\/ancestrina.com\/producto\/bougie-miel-sacre\/"},"modified":"2026-05-13T01:08:00","modified_gmt":"2026-05-13T06:08:00","slug":"bougie-miel-sacre","status":"publish","type":"product","link":"https:\/\/ancestrina.com\/fr\/producto\/bougie-miel-sacre\/","title":{"rendered":"Bougie au miel sacr\u00e9"},"content":{"rendered":"<p>C\u00e9l\u00e9brez la douceur et l&rsquo;\u00e9nergie vitale avec notre bougie \u00ab\u00a0Miel Sacr\u00e9\u00a0\u00bb, une cr\u00e9ation inspir\u00e9e par Mar\u00ef, l&rsquo;esprit du miel et la M\u00e8re Abeille dans la cosmologie amazonienne. Cette bougie associe la cire de noix de coco naturelle \u00e0 la cire d&rsquo;abeille brute, en int\u00e9grant l&rsquo;essence pure de miel et les huiles essentielles de fleurs douces telles que le macela et le cambara pour vous envelopper dans une atmosph\u00e8re de chaleur et de positivit\u00e9.<\/p>\n<p>Lorsque vous allumez le \u00ab\u00a0Miel Sacr\u00e9\u00a0\u00bb, sa lumi\u00e8re n&rsquo;illumine pas seulement votre espace mais insuffle \u00e9galement \u00e9nergie, joie et beaut\u00e9, refl\u00e9tant le travail vital des abeilles dans notre \u00e9cosyst\u00e8me. La bougie est particuli\u00e8rement b\u00e9n\u00e9fique pour les moments de r\u00e9flexion et de c\u00e9l\u00e9bration, o\u00f9 son ar\u00f4me doux et r\u00e9confortant \u00e9l\u00e8ve l&rsquo;esprit et favorise un sentiment de bien-\u00eatre et de gratitude.<\/p>\n<p>Id\u00e9ale pour les rituels d&rsquo;action de gr\u00e2ce ou simplement pour adoucir votre quotidien, la bougie \u00ab\u00a0Miel sacr\u00e9\u00a0\u00bb rappelle la richesse et l&rsquo;abondance de la nature. Allumez-la pour am\u00e9liorer la clart\u00e9 mentale, dynamiser l&rsquo;environnement et attirer des ondes positives dans votre maison.<\/p>\n","protected":false},"excerpt":{"rendered":"<p>Rendez hommage \u00e0 Mar\u00ef, l&rsquo;esprit du miel et l&rsquo;abeille m\u00e8re de la cosmologie amazonienne, avec notre bougie enrichie de cire de coco et de cire d&rsquo;abeille brute. Son parfum, compos\u00e9 d&rsquo;essences de miel et d&rsquo;huiles essentielles de fleurs douces telles que le macela et le cambara, insuffle douceur et \u00e9nergie positive \u00e0 tout espace.<\/p>\n<p>Id\u00e9ale pour \u00e9clairer et enrichir les moments de m\u00e9ditation ou de c\u00e9l\u00e9bration, la bougie \u00ab\u00a0Miel sacr\u00e9\u00a0\u00bb illumine, dynamise et transforme l&rsquo;environnement, favorisant la clart\u00e9 mentale et attirant les vibrations positives. Allumez-la pour profiter d&rsquo;une atmosph\u00e8re chaleureuse et r\u00e9confortante qui c\u00e9l\u00e8bre l&rsquo;abondance et la beaut\u00e9 de la nature.<\/p>\n","protected":false},"featured_media":35049,"comment_status":"open","ping_status":"closed","template":"","meta":{"order-bump-settings":[],"_wpfnl_thankyou_order_overview":"on","_wpfnl_thankyou_order_details":"on","_wpfnl_thankyou_billing_details":"on","_wpfnl_thankyou_shipping_details":"on","site-sidebar-layout":"default","site-content-layout":"","ast-site-content-layout":"default","site-content-style":"default","site-sidebar-style":"default","ast-global-header-display":"","ast-banner-title-visibility":"","ast-main-header-display":"","ast-hfb-above-header-display":"","ast-hfb-below-header-display":"","ast-hfb-mobile-header-display":"","site-post-title":"","ast-breadcrumbs-content":"","ast-featured-img":"","footer-sml-layout":"","ast-disable-related-posts":"","theme-transparent-header-meta":"default","adv-header-id-meta":"","stick-header-meta":"","header-above-stick-meta":"","header-main-stick-meta":"","header-below-stick-meta":"","astra-migrate-meta-layouts":"default","ast-page-background-enabled":"default","ast-page-background-meta":{"desktop":{"background-color":"","background-image":"","background-repeat":"repeat","background-position":"center center","background-size":"auto","background-attachment":"scroll","background-type":"","background-media":"","overlay-type":"","overlay-color":"","overlay-opacity":"","overlay-gradient":""},"tablet":{"background-color":"","background-image":"","background-repeat":"repeat","background-position":"center center","background-size":"auto","background-attachment":"scroll","background-type":"","background-media":"","overlay-type":"","overlay-color":"","overlay-opacity":"","overlay-gradient":""},"mobile":{"background-color":"","background-image":"","background-repeat":"repeat","background-position":"center center","background-size":"auto","background-attachment":"scroll","background-type":"","background-media":"","overlay-type":"","overlay-color":"","overlay-opacity":"","overlay-gradient":""}},"ast-content-background-meta":{"desktop":{"background-color":"var(--ast-global-color-5)","background-image":"","background-repeat":"repeat","background-position":"center center","background-size":"auto","background-attachment":"scroll","background-type":"","background-media":"","overlay-type":"","overlay-color":"","overlay-opacity":"","overlay-gradient":""},"tablet":{"background-color":"var(--ast-global-color-5)","background-image":"","background-repeat":"repeat","background-position":"center center","background-size":"auto","background-attachment":"scroll","background-type":"","background-media":"","overlay-type":"","overlay-color":"","overlay-opacity":"","overlay-gradient":""},"mobile":{"background-color":"var(--ast-global-color-5)","background-image":"","background-repeat":"repeat","background-position":"center center","background-size":"auto","background-attachment":"scroll","background-type":"","background-media":"","overlay-type":"","overlay-color":"","overlay-opacity":"","overlay-gradient":""}},"_joinchat":[]},"product_brand":[],"product_cat":[1442],"product_tag":[],"class_list":{"0":"post-30077","1":"product","2":"type-product","3":"status-publish","4":"has-post-thumbnail","6":"product_cat-bougies","7":"desktop-align-center","8":"tablet-align-left","9":"mobile-align-left","11":"first","12":"instock","13":"shipping-taxable","14":"purchasable","15":"product-type-simple"},"yoast_head":"<!-- This site is optimized with the Yoast SEO Premium plugin v22.6 (Yoast SEO v27.6) - https:\/\/yoast.com\/product\/yoast-seo-premium-wordpress\/ -->\n<title>Bougie \u00ab\u00a0Miel Sacr\u00e9\u00a0\u00bb : Douceur et \u00c9nergie Vitale dans votre Espace<\/title>\n<meta name=\"description\" content=\"C\u00e9l\u00e9brez la douceur et l\u2019\u00e9nergie vitale avec la bougie \u00ab\u00a0Miel Sacr\u00e9\u00a0\u00bb, \u00e0 base de cire de noix de coco et de cire d\u2019abeille brute. Infus\u00e9e d\u2019essences de miel et d\u2019huiles essentielles de fleurs sucr\u00e9es, cette bougie illumine et dynamise n\u2019importe quel espace, favorisant la clart\u00e9 mentale et attirant des ondes positives. Parfait pour les rituels de gratitude et les moments de m\u00e9ditation.\" \/>\n<meta name=\"robots\" content=\"index, follow, max-snippet:-1, max-image-preview:large, max-video-preview:-1\" \/>\n<link rel=\"canonical\" href=\"https:\/\/ancestrina.com\/fr\/producto\/bougie-miel-sacre\/\" \/>\n<meta property=\"og:locale\" content=\"fr_FR\" \/>\n<meta property=\"og:type\" content=\"article\" \/>\n<meta property=\"og:title\" content=\"Bougie au miel sacr\u00e9\" \/>\n<meta property=\"og:description\" content=\"C\u00e9l\u00e9brez la douceur et l\u2019\u00e9nergie vitale avec la bougie \u00ab\u00a0Miel Sacr\u00e9\u00a0\u00bb, \u00e0 base de cire de noix de coco et de cire d\u2019abeille brute. Infus\u00e9e d\u2019essences de miel et d\u2019huiles essentielles de fleurs sucr\u00e9es, cette bougie illumine et dynamise n\u2019importe quel espace, favorisant la clart\u00e9 mentale et attirant des ondes positives. Parfait pour les rituels de gratitude et les moments de m\u00e9ditation.\" \/>\n<meta property=\"og:url\" content=\"https:\/\/ancestrina.com\/fr\/producto\/bougie-miel-sacre\/\" \/>\n<meta property=\"og:site_name\" content=\"Ancestrina\" \/>\n<meta property=\"article:publisher\" content=\"https:\/\/www.facebook.com\/Ancestrina\/\" \/>\n<meta property=\"article:modified_time\" content=\"2026-05-13T06:08:00+00:00\" \/>\n<meta property=\"og:image\" content=\"https:\/\/ancestrina.com\/wp-content\/uploads\/rela-miel-sagrada.jpg\" \/>\n\t<meta property=\"og:image:width\" content=\"2048\" \/>\n\t<meta property=\"og:image:height\" content=\"2048\" \/>\n\t<meta property=\"og:image:type\" content=\"image\/jpeg\" \/>\n<meta name=\"twitter:card\" content=\"summary_large_image\" \/>\n<meta name=\"twitter:label1\" content=\"Dur\u00e9e de lecture estim\u00e9e\" \/>\n\t<meta name=\"twitter:data1\" content=\"1 minute\" \/>\n<script type=\"application\/ld+json\" class=\"yoast-schema-graph\">{\"@context\":\"https:\\\/\\\/schema.org\",\"@graph\":[{\"@type\":\"WebPage\",\"@id\":\"https:\\\/\\\/ancestrina.com\\\/fr\\\/producto\\\/bougie-miel-sacre\\\/\",\"url\":\"https:\\\/\\\/ancestrina.com\\\/fr\\\/producto\\\/bougie-miel-sacre\\\/\",\"name\":\"Bougie \u00ab\u00a0Miel Sacr\u00e9\u00a0\u00bb : Douceur et \u00c9nergie Vitale dans votre Espace\",\"isPartOf\":{\"@id\":\"https:\\\/\\\/ancestrina.com\\\/fr\\\/#website\"},\"primaryImageOfPage\":{\"@id\":\"https:\\\/\\\/ancestrina.com\\\/fr\\\/producto\\\/bougie-miel-sacre\\\/#primaryimage\"},\"image\":{\"@id\":\"https:\\\/\\\/ancestrina.com\\\/fr\\\/producto\\\/bougie-miel-sacre\\\/#primaryimage\"},\"thumbnailUrl\":\"https:\\\/\\\/ancestrina.com\\\/wp-content\\\/uploads\\\/rela-miel-sagrada.jpg\",\"datePublished\":\"2024-04-11T19:57:01+00:00\",\"dateModified\":\"2026-05-13T06:08:00+00:00\",\"description\":\"C\u00e9l\u00e9brez la douceur et l\u2019\u00e9nergie vitale avec la bougie \u00ab\u00a0Miel Sacr\u00e9\u00a0\u00bb, \u00e0 base de cire de noix de coco et de cire d\u2019abeille brute. Infus\u00e9e d\u2019essences de miel et d\u2019huiles essentielles de fleurs sucr\u00e9es, cette bougie illumine et dynamise n\u2019importe quel espace, favorisant la clart\u00e9 mentale et attirant des ondes positives. Parfait pour les rituels de gratitude et les moments de m\u00e9ditation.\",\"breadcrumb\":{\"@id\":\"https:\\\/\\\/ancestrina.com\\\/fr\\\/producto\\\/bougie-miel-sacre\\\/#breadcrumb\"},\"inLanguage\":\"fr-FR\",\"potentialAction\":[{\"@type\":\"ReadAction\",\"target\":[\"https:\\\/\\\/ancestrina.com\\\/fr\\\/producto\\\/bougie-miel-sacre\\\/\"]}]},{\"@type\":\"ImageObject\",\"inLanguage\":\"fr-FR\",\"@id\":\"https:\\\/\\\/ancestrina.com\\\/fr\\\/producto\\\/bougie-miel-sacre\\\/#primaryimage\",\"url\":\"https:\\\/\\\/ancestrina.com\\\/wp-content\\\/uploads\\\/rela-miel-sagrada.jpg\",\"contentUrl\":\"https:\\\/\\\/ancestrina.com\\\/wp-content\\\/uploads\\\/rela-miel-sagrada.jpg\",\"width\":2048,\"height\":2048},{\"@type\":\"BreadcrumbList\",\"@id\":\"https:\\\/\\\/ancestrina.com\\\/fr\\\/producto\\\/bougie-miel-sacre\\\/#breadcrumb\",\"itemListElement\":[{\"@type\":\"ListItem\",\"position\":1,\"name\":\"Home\",\"item\":\"https:\\\/\\\/ancestrina.com\\\/fr\\\/domicile\\\/\"},{\"@type\":\"ListItem\",\"position\":2,\"name\":\"boutique\",\"item\":\"https:\\\/\\\/ancestrina.com\\\/fr\\\/boutique\\\/\"},{\"@type\":\"ListItem\",\"position\":3,\"name\":\"Bougie au miel sacr\u00e9\"}]},{\"@type\":\"WebSite\",\"@id\":\"https:\\\/\\\/ancestrina.com\\\/fr\\\/#website\",\"url\":\"https:\\\/\\\/ancestrina.com\\\/fr\\\/\",\"name\":\"Ancestrina\",\"description\":\"Trabajamos experiencias con plantas maestras, terapias integradoras y cultos ancestrales\",\"publisher\":{\"@id\":\"https:\\\/\\\/ancestrina.com\\\/fr\\\/#organization\"},\"potentialAction\":[{\"@type\":\"SearchAction\",\"target\":{\"@type\":\"EntryPoint\",\"urlTemplate\":\"https:\\\/\\\/ancestrina.com\\\/fr\\\/?s={search_term_string}\"},\"query-input\":{\"@type\":\"PropertyValueSpecification\",\"valueRequired\":true,\"valueName\":\"search_term_string\"}}],\"inLanguage\":\"fr-FR\"},{\"@type\":\"Organization\",\"@id\":\"https:\\\/\\\/ancestrina.com\\\/fr\\\/#organization\",\"name\":\"Ancestrina\",\"url\":\"https:\\\/\\\/ancestrina.com\\\/fr\\\/\",\"logo\":{\"@type\":\"ImageObject\",\"inLanguage\":\"fr-FR\",\"@id\":\"https:\\\/\\\/ancestrina.com\\\/fr\\\/#\\\/schema\\\/logo\\\/image\\\/\",\"url\":\"https:\\\/\\\/ancestrina.com\\\/wp-content\\\/uploads\\\/2020\\\/06\\\/cropped-LOGO-ANCESTRINA-1.png\",\"contentUrl\":\"https:\\\/\\\/ancestrina.com\\\/wp-content\\\/uploads\\\/2020\\\/06\\\/cropped-LOGO-ANCESTRINA-1.png\",\"width\":630,\"height\":202,\"caption\":\"Ancestrina\"},\"image\":{\"@id\":\"https:\\\/\\\/ancestrina.com\\\/fr\\\/#\\\/schema\\\/logo\\\/image\\\/\"},\"sameAs\":[\"https:\\\/\\\/www.facebook.com\\\/Ancestrina\\\/\",\"https:\\\/\\\/www.instagram.com\\\/ancestrina\\\/\",\"https:\\\/\\\/www.youtube.com\\\/channel\\\/UCgtt6WFhEIVEI30PzxlOeIw\"]}]}<\/script>\n<!-- \/ Yoast SEO Premium plugin. -->","yoast_head_json":{"title":"Bougie \u00ab\u00a0Miel Sacr\u00e9\u00a0\u00bb : Douceur et \u00c9nergie Vitale dans votre Espace","description":"C\u00e9l\u00e9brez la douceur et l\u2019\u00e9nergie vitale avec la bougie \u00ab\u00a0Miel Sacr\u00e9\u00a0\u00bb, \u00e0 base de cire de noix de coco et de cire d\u2019abeille brute. Infus\u00e9e d\u2019essences de miel et d\u2019huiles essentielles de fleurs sucr\u00e9es, cette bougie illumine et dynamise n\u2019importe quel espace, favorisant la clart\u00e9 mentale et attirant des ondes positives. Parfait pour les rituels de gratitude et les moments de m\u00e9ditation.","robots":{"index":"index","follow":"follow","max-snippet":"max-snippet:-1","max-image-preview":"max-image-preview:large","max-video-preview":"max-video-preview:-1"},"canonical":"https:\/\/ancestrina.com\/fr\/producto\/bougie-miel-sacre\/","og_locale":"fr_FR","og_type":"article","og_title":"Bougie au miel sacr\u00e9","og_description":"C\u00e9l\u00e9brez la douceur et l\u2019\u00e9nergie vitale avec la bougie \u00ab\u00a0Miel Sacr\u00e9\u00a0\u00bb, \u00e0 base de cire de noix de coco et de cire d\u2019abeille brute. Infus\u00e9e d\u2019essences de miel et d\u2019huiles essentielles de fleurs sucr\u00e9es, cette bougie illumine et dynamise n\u2019importe quel espace, favorisant la clart\u00e9 mentale et attirant des ondes positives. Parfait pour les rituels de gratitude et les moments de m\u00e9ditation.","og_url":"https:\/\/ancestrina.com\/fr\/producto\/bougie-miel-sacre\/","og_site_name":"Ancestrina","article_publisher":"https:\/\/www.facebook.com\/Ancestrina\/","article_modified_time":"2026-05-13T06:08:00+00:00","og_image":[{"width":2048,"height":2048,"url":"https:\/\/ancestrina.com\/wp-content\/uploads\/rela-miel-sagrada.jpg","type":"image\/jpeg"}],"twitter_card":"summary_large_image","twitter_misc":{"Dur\u00e9e de lecture estim\u00e9e":"1 minute"},"schema":{"@context":"https:\/\/schema.org","@graph":[{"@type":"WebPage","@id":"https:\/\/ancestrina.com\/fr\/producto\/bougie-miel-sacre\/","url":"https:\/\/ancestrina.com\/fr\/producto\/bougie-miel-sacre\/","name":"Bougie \u00ab\u00a0Miel Sacr\u00e9\u00a0\u00bb : Douceur et \u00c9nergie Vitale dans votre Espace","isPartOf":{"@id":"https:\/\/ancestrina.com\/fr\/#website"},"primaryImageOfPage":{"@id":"https:\/\/ancestrina.com\/fr\/producto\/bougie-miel-sacre\/#primaryimage"},"image":{"@id":"https:\/\/ancestrina.com\/fr\/producto\/bougie-miel-sacre\/#primaryimage"},"thumbnailUrl":"https:\/\/ancestrina.com\/wp-content\/uploads\/rela-miel-sagrada.jpg","datePublished":"2024-04-11T19:57:01+00:00","dateModified":"2026-05-13T06:08:00+00:00","description":"C\u00e9l\u00e9brez la douceur et l\u2019\u00e9nergie vitale avec la bougie \u00ab\u00a0Miel Sacr\u00e9\u00a0\u00bb, \u00e0 base de cire de noix de coco et de cire d\u2019abeille brute. Infus\u00e9e d\u2019essences de miel et d\u2019huiles essentielles de fleurs sucr\u00e9es, cette bougie illumine et dynamise n\u2019importe quel espace, favorisant la clart\u00e9 mentale et attirant des ondes positives. Parfait pour les rituels de gratitude et les moments de m\u00e9ditation.","breadcrumb":{"@id":"https:\/\/ancestrina.com\/fr\/producto\/bougie-miel-sacre\/#breadcrumb"},"inLanguage":"fr-FR","potentialAction":[{"@type":"ReadAction","target":["https:\/\/ancestrina.com\/fr\/producto\/bougie-miel-sacre\/"]}]},{"@type":"ImageObject","inLanguage":"fr-FR","@id":"https:\/\/ancestrina.com\/fr\/producto\/bougie-miel-sacre\/#primaryimage","url":"https:\/\/ancestrina.com\/wp-content\/uploads\/rela-miel-sagrada.jpg","contentUrl":"https:\/\/ancestrina.com\/wp-content\/uploads\/rela-miel-sagrada.jpg","width":2048,"height":2048},{"@type":"BreadcrumbList","@id":"https:\/\/ancestrina.com\/fr\/producto\/bougie-miel-sacre\/#breadcrumb","itemListElement":[{"@type":"ListItem","position":1,"name":"Home","item":"https:\/\/ancestrina.com\/fr\/domicile\/"},{"@type":"ListItem","position":2,"name":"boutique","item":"https:\/\/ancestrina.com\/fr\/boutique\/"},{"@type":"ListItem","position":3,"name":"Bougie au miel sacr\u00e9"}]},{"@type":"WebSite","@id":"https:\/\/ancestrina.com\/fr\/#website","url":"https:\/\/ancestrina.com\/fr\/","name":"Ancestrina","description":"Trabajamos experiencias con plantas maestras, terapias integradoras y cultos ancestrales","publisher":{"@id":"https:\/\/ancestrina.com\/fr\/#organization"},"potentialAction":[{"@type":"SearchAction","target":{"@type":"EntryPoint","urlTemplate":"https:\/\/ancestrina.com\/fr\/?s={search_term_string}"},"query-input":{"@type":"PropertyValueSpecification","valueRequired":true,"valueName":"search_term_string"}}],"inLanguage":"fr-FR"},{"@type":"Organization","@id":"https:\/\/ancestrina.com\/fr\/#organization","name":"Ancestrina","url":"https:\/\/ancestrina.com\/fr\/","logo":{"@type":"ImageObject","inLanguage":"fr-FR","@id":"https:\/\/ancestrina.com\/fr\/#\/schema\/logo\/image\/","url":"https:\/\/ancestrina.com\/wp-content\/uploads\/2020\/06\/cropped-LOGO-ANCESTRINA-1.png","contentUrl":"https:\/\/ancestrina.com\/wp-content\/uploads\/2020\/06\/cropped-LOGO-ANCESTRINA-1.png","width":630,"height":202,"caption":"Ancestrina"},"image":{"@id":"https:\/\/ancestrina.com\/fr\/#\/schema\/logo\/image\/"},"sameAs":["https:\/\/www.facebook.com\/Ancestrina\/","https:\/\/www.instagram.com\/ancestrina\/","https:\/\/www.youtube.com\/channel\/UCgtt6WFhEIVEI30PzxlOeIw"]}]}},"_links":{"self":[{"href":"https:\/\/ancestrina.com\/fr\/wp-json\/wp\/v2\/product\/30077","targetHints":{"allow":["GET"]}}],"collection":[{"href":"https:\/\/ancestrina.com\/fr\/wp-json\/wp\/v2\/product"}],"about":[{"href":"https:\/\/ancestrina.com\/fr\/wp-json\/wp\/v2\/types\/product"}],"replies":[{"embeddable":true,"href":"https:\/\/ancestrina.com\/fr\/wp-json\/wp\/v2\/comments?post=30077"}],"version-history":[{"count":1,"href":"https:\/\/ancestrina.com\/fr\/wp-json\/wp\/v2\/product\/30077\/revisions"}],"predecessor-version":[{"id":36103,"href":"https:\/\/ancestrina.com\/fr\/wp-json\/wp\/v2\/product\/30077\/revisions\/36103"}],"wp:featuredmedia":[{"embeddable":true,"href":"https:\/\/ancestrina.com\/fr\/wp-json\/wp\/v2\/media\/35049"}],"wp:attachment":[{"href":"https:\/\/ancestrina.com\/fr\/wp-json\/wp\/v2\/media?parent=30077"}],"wp:term":[{"taxonomy":"product_brand","embeddable":true,"href":"https:\/\/ancestrina.com\/fr\/wp-json\/wp\/v2\/product_brand?post=30077"},{"taxonomy":"product_cat","embeddable":true,"href":"https:\/\/ancestrina.com\/fr\/wp-json\/wp\/v2\/product_cat?post=30077"},{"taxonomy":"product_tag","embeddable":true,"href":"https:\/\/ancestrina.com\/fr\/wp-json\/wp\/v2\/product_tag?post=30077"}],"curies":[{"name":"wp","href":"https:\/\/api.w.org\/{rel}","templated":true}]}}