{"id":29961,"date":"2024-04-14T13:29:33","date_gmt":"2024-04-14T18:29:33","guid":{"rendered":"https:\/\/ancestrina.com\/?post_type=product&#038;p=29961"},"modified":"2026-05-15T15:20:01","modified_gmt":"2026-05-15T20:20:01","slug":"extrait-de-chilcuague","status":"publish","type":"product","link":"https:\/\/ancestrina.com\/fr\/producto\/extrait-de-chilcuague\/","title":{"rendered":"Extrait de Chilcuague"},"content":{"rendered":"<p>L&rsquo;extrait de chilcuague, distill\u00e9 dans l&rsquo;alcool et pr\u00e9sent\u00e9 sous forme de spray pratique, est un alli\u00e9 puissant pour ceux qui recherchent une pr\u00e9paration spirituelle et physique avant de s&rsquo;immerger dans des pratiques profondes telles que le rap\u00e9. Originaire du Mexique et enracin\u00e9 dans la vision du monde azt\u00e8que, cet extrait n&rsquo;est pas seulement un pont vers la sagesse ancienne, mais agit \u00e9galement comme protecteur et purificateur de l&rsquo;\u00e9nergie personnelle.<\/p>\n<h3>Principaux avantages de l&rsquo;extrait de chilcuague :<\/h3>\n<ul>\n<li><strong>Protection \u00e9nerg\u00e9tique :<\/strong> En appliquant quelques bouff\u00e9es de spray dans la bouche, vous pr\u00e9parez et prot\u00e9gez votre \u00e9nergie, en veillant \u00e0 ce qu&rsquo;elle reste \u00e9quilibr\u00e9e et purifi\u00e9e, cr\u00e9ant ainsi l&rsquo;environnement id\u00e9al pour recevoir le rap\u00e9.<\/li>\n<li><strong>Sant\u00e9 et bien-\u00eatre :<\/strong> Bien que ce produit soit ax\u00e9 sur la pr\u00e9paration spirituelle, les propri\u00e9t\u00e9s anesth\u00e9siques, analg\u00e9siques et antibiotiques de la chilcuague contribuent \u00e9galement au bien-\u00eatre g\u00e9n\u00e9ral, en soulageant la douleur et en renfor\u00e7ant les syst\u00e8mes immunitaire et digestif.<\/li>\n<li><strong>Nettoyage en profondeur :<\/strong> son utilisation est une pratique ancienne qui s&rsquo;int\u00e8gre parfaitement \u00e0 la cosmovision amazonienne du rap\u00e9, renfor\u00e7ant les bienfaits des deux m\u00e9decines.<\/li>\n<li><strong>Bien-\u00eatre mental :<\/strong> En plus de son impact physique, la chilcuague a une influence positive sur le bien-\u00eatre mental, en favorisant la lib\u00e9ration de dopamine et en aidant \u00e0 soulager le stress.<\/li>\n<\/ul>\n<h3>Comment l&rsquo;utiliser ?<\/h3>\n<p>L&rsquo;extrait de chilcuague s&rsquo;applique facilement \u00e0 l&rsquo;aide d&rsquo;une paire d&rsquo;a\u00e9rosols directement dans la bouche. Cette forme d&rsquo;utilisation facilite non seulement son absorption et son efficacit\u00e9, mais fait \u00e9galement de son application un rituel simple mais profond\u00e9ment significatif, pr\u00e9parant le corps et l&rsquo;esprit \u00e0 des exp\u00e9riences spirituelles intenses.<\/p>\n<p>&nbsp;<\/p>\n","protected":false},"excerpt":{"rendered":"<p>Si vous avez d\u00e9j\u00e0 fait l&rsquo;exp\u00e9rience du rap\u00e9, vous devez savoir que votre esprit et votre corps atteignent un \u00e9tat de tranquillit\u00e9 et de paix personnelle. L&rsquo;\u00e9nergie monte et un sentiment de bien-\u00eatre s&#8217;empare de votre c\u0153ur. Cependant, il est parfois n\u00e9cessaire de r\u00e9guler et d&rsquo;\u00e9purer l&rsquo;intensit\u00e9 de ce que l&rsquo;on obtient avec le rap\u00e9.<\/p>\n<p>L&rsquo;une des alternatives les plus puissantes est l&rsquo;utilisation de l&rsquo;extrait de chilcuague. Ce produit est obtenu \u00e0 partir de la racine du chilcuague, une plante originaire du Mexique. Elle est tr\u00e8s appr\u00e9ci\u00e9e pour ses effets anesth\u00e9siants, sa contribution au m\u00e9tabolisme et \u00e0 la r\u00e9gulation de l&rsquo;\u00e9nergie.<br \/>\nCet extrait de chilcuague vous permet d&rsquo;assainir et de r\u00e9guler votre \u00e9nergie.<\/p>\n","protected":false},"featured_media":34596,"comment_status":"closed","ping_status":"closed","template":"","meta":{"order-bump-settings":[],"_wpfnl_thankyou_order_overview":"on","_wpfnl_thankyou_order_details":"on","_wpfnl_thankyou_billing_details":"on","_wpfnl_thankyou_shipping_details":"on","site-sidebar-layout":"default","site-content-layout":"plain-container","ast-site-content-layout":"normal-width-container","site-content-style":"unboxed","site-sidebar-style":"unboxed","ast-global-header-display":"","ast-banner-title-visibility":"","ast-main-header-display":"","ast-hfb-above-header-display":"","ast-hfb-below-header-display":"","ast-hfb-mobile-header-display":"","site-post-title":"","ast-breadcrumbs-content":"","ast-featured-img":"","footer-sml-layout":"","ast-disable-related-posts":"","theme-transparent-header-meta":"disabled","adv-header-id-meta":"","stick-header-meta":"","header-above-stick-meta":"","header-main-stick-meta":"","header-below-stick-meta":"","astra-migrate-meta-layouts":"set","ast-page-background-enabled":"default","ast-page-background-meta":{"desktop":{"background-color":"","background-image":"","background-repeat":"repeat","background-position":"center center","background-size":"auto","background-attachment":"scroll","background-type":"","background-media":"","overlay-type":"","overlay-color":"","overlay-opacity":"","overlay-gradient":""},"tablet":{"background-color":"","background-image":"","background-repeat":"repeat","background-position":"center center","background-size":"auto","background-attachment":"scroll","background-type":"","background-media":"","overlay-type":"","overlay-color":"","overlay-opacity":"","overlay-gradient":""},"mobile":{"background-color":"","background-image":"","background-repeat":"repeat","background-position":"center center","background-size":"auto","background-attachment":"scroll","background-type":"","background-media":"","overlay-type":"","overlay-color":"","overlay-opacity":"","overlay-gradient":""}},"ast-content-background-meta":{"desktop":{"background-color":"var(--ast-global-color-5)","background-image":"","background-repeat":"repeat","background-position":"center center","background-size":"auto","background-attachment":"scroll","background-type":"","background-media":"","overlay-type":"","overlay-color":"","overlay-opacity":"","overlay-gradient":""},"tablet":{"background-color":"var(--ast-global-color-5)","background-image":"","background-repeat":"repeat","background-position":"center center","background-size":"auto","background-attachment":"scroll","background-type":"","background-media":"","overlay-type":"","overlay-color":"","overlay-opacity":"","overlay-gradient":""},"mobile":{"background-color":"var(--ast-global-color-5)","background-image":"","background-repeat":"repeat","background-position":"center center","background-size":"auto","background-attachment":"scroll","background-type":"","background-media":"","overlay-type":"","overlay-color":"","overlay-opacity":"","overlay-gradient":""}},"_joinchat":[]},"product_brand":[],"product_cat":[1440],"product_tag":[],"class_list":{"0":"post-29961","1":"product","2":"type-product","3":"status-publish","4":"has-post-thumbnail","6":"product_cat-medicinas","7":"desktop-align-center","8":"tablet-align-left","9":"mobile-align-left","11":"first","12":"instock","13":"shipping-taxable","14":"purchasable","15":"product-type-simple"},"yoast_head":"<!-- This site is optimized with the Yoast SEO Premium plugin v22.6 (Yoast SEO v27.6) - https:\/\/yoast.com\/product\/yoast-seo-premium-wordpress\/ -->\n<title>Extrait de Chilcuague : Protection et purification spirituelle<\/title>\n<meta name=\"description\" content=\"D\u00e9couvrez l&#039;Extrait de Chilcuague, un spray distill\u00e9 dans l&#039;alcool qui prot\u00e8ge et purifie votre \u00e9nergie. Id\u00e9al pour la pr\u00e9paration spirituelle et physique avant l&#039;utilisation du rap\u00e9, ce produit ancestral offre des bienfaits anesth\u00e9siques, analg\u00e9siques et antibiotiques pour un bien-\u00eatre holistique. \u00c9quilibrez votre \u00e9nergie et am\u00e9liorez votre exp\u00e9rience spirituelle gr\u00e2ce \u00e0 ce pr\u00e9cieux extrait.\" \/>\n<meta name=\"robots\" content=\"index, follow, max-snippet:-1, max-image-preview:large, max-video-preview:-1\" \/>\n<link rel=\"canonical\" href=\"https:\/\/ancestrina.com\/fr\/producto\/extrait-de-chilcuague\/\" \/>\n<meta property=\"og:locale\" content=\"fr_FR\" \/>\n<meta property=\"og:type\" content=\"article\" \/>\n<meta property=\"og:title\" content=\"Extrait de Chilcuague\" \/>\n<meta property=\"og:description\" content=\"D\u00e9couvrez l&#039;Extrait de Chilcuague, un spray distill\u00e9 dans l&#039;alcool qui prot\u00e8ge et purifie votre \u00e9nergie. Id\u00e9al pour la pr\u00e9paration spirituelle et physique avant l&#039;utilisation du rap\u00e9, ce produit ancestral offre des bienfaits anesth\u00e9siques, analg\u00e9siques et antibiotiques pour un bien-\u00eatre holistique. \u00c9quilibrez votre \u00e9nergie et am\u00e9liorez votre exp\u00e9rience spirituelle gr\u00e2ce \u00e0 ce pr\u00e9cieux extrait.\" \/>\n<meta property=\"og:url\" content=\"https:\/\/ancestrina.com\/fr\/producto\/extrait-de-chilcuague\/\" \/>\n<meta property=\"og:site_name\" content=\"Ancestrina\" \/>\n<meta property=\"article:publisher\" content=\"https:\/\/www.facebook.com\/Ancestrina\/\" \/>\n<meta property=\"article:modified_time\" content=\"2026-05-15T20:20:01+00:00\" \/>\n<meta property=\"og:image\" content=\"https:\/\/ancestrina.com\/wp-content\/uploads\/chilcuague.jpg\" \/>\n\t<meta property=\"og:image:width\" content=\"2048\" \/>\n\t<meta property=\"og:image:height\" content=\"2048\" \/>\n\t<meta property=\"og:image:type\" content=\"image\/jpeg\" \/>\n<meta name=\"twitter:card\" content=\"summary_large_image\" \/>\n<meta name=\"twitter:label1\" content=\"Dur\u00e9e de lecture estim\u00e9e\" \/>\n\t<meta name=\"twitter:data1\" content=\"1 minute\" \/>\n<script type=\"application\/ld+json\" class=\"yoast-schema-graph\">{\"@context\":\"https:\\\/\\\/schema.org\",\"@graph\":[{\"@type\":\"WebPage\",\"@id\":\"https:\\\/\\\/ancestrina.com\\\/fr\\\/producto\\\/extrait-de-chilcuague\\\/\",\"url\":\"https:\\\/\\\/ancestrina.com\\\/fr\\\/producto\\\/extrait-de-chilcuague\\\/\",\"name\":\"Extrait de Chilcuague : Protection et purification spirituelle\",\"isPartOf\":{\"@id\":\"https:\\\/\\\/ancestrina.com\\\/fr\\\/#website\"},\"primaryImageOfPage\":{\"@id\":\"https:\\\/\\\/ancestrina.com\\\/fr\\\/producto\\\/extrait-de-chilcuague\\\/#primaryimage\"},\"image\":{\"@id\":\"https:\\\/\\\/ancestrina.com\\\/fr\\\/producto\\\/extrait-de-chilcuague\\\/#primaryimage\"},\"thumbnailUrl\":\"https:\\\/\\\/ancestrina.com\\\/wp-content\\\/uploads\\\/chilcuague.jpg\",\"datePublished\":\"2024-04-14T18:29:33+00:00\",\"dateModified\":\"2026-05-15T20:20:01+00:00\",\"description\":\"D\u00e9couvrez l'Extrait de Chilcuague, un spray distill\u00e9 dans l'alcool qui prot\u00e8ge et purifie votre \u00e9nergie. Id\u00e9al pour la pr\u00e9paration spirituelle et physique avant l'utilisation du rap\u00e9, ce produit ancestral offre des bienfaits anesth\u00e9siques, analg\u00e9siques et antibiotiques pour un bien-\u00eatre holistique. \u00c9quilibrez votre \u00e9nergie et am\u00e9liorez votre exp\u00e9rience spirituelle gr\u00e2ce \u00e0 ce pr\u00e9cieux extrait.\",\"breadcrumb\":{\"@id\":\"https:\\\/\\\/ancestrina.com\\\/fr\\\/producto\\\/extrait-de-chilcuague\\\/#breadcrumb\"},\"inLanguage\":\"fr-FR\",\"potentialAction\":[{\"@type\":\"ReadAction\",\"target\":[\"https:\\\/\\\/ancestrina.com\\\/fr\\\/producto\\\/extrait-de-chilcuague\\\/\"]}]},{\"@type\":\"ImageObject\",\"inLanguage\":\"fr-FR\",\"@id\":\"https:\\\/\\\/ancestrina.com\\\/fr\\\/producto\\\/extrait-de-chilcuague\\\/#primaryimage\",\"url\":\"https:\\\/\\\/ancestrina.com\\\/wp-content\\\/uploads\\\/chilcuague.jpg\",\"contentUrl\":\"https:\\\/\\\/ancestrina.com\\\/wp-content\\\/uploads\\\/chilcuague.jpg\",\"width\":2048,\"height\":2048},{\"@type\":\"BreadcrumbList\",\"@id\":\"https:\\\/\\\/ancestrina.com\\\/fr\\\/producto\\\/extrait-de-chilcuague\\\/#breadcrumb\",\"itemListElement\":[{\"@type\":\"ListItem\",\"position\":1,\"name\":\"Home\",\"item\":\"https:\\\/\\\/ancestrina.com\\\/fr\\\/domicile\\\/\"},{\"@type\":\"ListItem\",\"position\":2,\"name\":\"boutique\",\"item\":\"https:\\\/\\\/ancestrina.com\\\/fr\\\/boutique\\\/\"},{\"@type\":\"ListItem\",\"position\":3,\"name\":\"Extrait de Chilcuague\"}]},{\"@type\":\"WebSite\",\"@id\":\"https:\\\/\\\/ancestrina.com\\\/fr\\\/#website\",\"url\":\"https:\\\/\\\/ancestrina.com\\\/fr\\\/\",\"name\":\"Ancestrina\",\"description\":\"Trabajamos experiencias con plantas maestras, terapias integradoras y cultos ancestrales\",\"publisher\":{\"@id\":\"https:\\\/\\\/ancestrina.com\\\/fr\\\/#organization\"},\"potentialAction\":[{\"@type\":\"SearchAction\",\"target\":{\"@type\":\"EntryPoint\",\"urlTemplate\":\"https:\\\/\\\/ancestrina.com\\\/fr\\\/?s={search_term_string}\"},\"query-input\":{\"@type\":\"PropertyValueSpecification\",\"valueRequired\":true,\"valueName\":\"search_term_string\"}}],\"inLanguage\":\"fr-FR\"},{\"@type\":\"Organization\",\"@id\":\"https:\\\/\\\/ancestrina.com\\\/fr\\\/#organization\",\"name\":\"Ancestrina\",\"url\":\"https:\\\/\\\/ancestrina.com\\\/fr\\\/\",\"logo\":{\"@type\":\"ImageObject\",\"inLanguage\":\"fr-FR\",\"@id\":\"https:\\\/\\\/ancestrina.com\\\/fr\\\/#\\\/schema\\\/logo\\\/image\\\/\",\"url\":\"https:\\\/\\\/ancestrina.com\\\/wp-content\\\/uploads\\\/2020\\\/06\\\/cropped-LOGO-ANCESTRINA-1.png\",\"contentUrl\":\"https:\\\/\\\/ancestrina.com\\\/wp-content\\\/uploads\\\/2020\\\/06\\\/cropped-LOGO-ANCESTRINA-1.png\",\"width\":630,\"height\":202,\"caption\":\"Ancestrina\"},\"image\":{\"@id\":\"https:\\\/\\\/ancestrina.com\\\/fr\\\/#\\\/schema\\\/logo\\\/image\\\/\"},\"sameAs\":[\"https:\\\/\\\/www.facebook.com\\\/Ancestrina\\\/\",\"https:\\\/\\\/www.instagram.com\\\/ancestrina\\\/\",\"https:\\\/\\\/www.youtube.com\\\/channel\\\/UCgtt6WFhEIVEI30PzxlOeIw\"]}]}<\/script>\n<!-- \/ Yoast SEO Premium plugin. -->","yoast_head_json":{"title":"Extrait de Chilcuague : Protection et purification spirituelle","description":"D\u00e9couvrez l'Extrait de Chilcuague, un spray distill\u00e9 dans l'alcool qui prot\u00e8ge et purifie votre \u00e9nergie. Id\u00e9al pour la pr\u00e9paration spirituelle et physique avant l'utilisation du rap\u00e9, ce produit ancestral offre des bienfaits anesth\u00e9siques, analg\u00e9siques et antibiotiques pour un bien-\u00eatre holistique. \u00c9quilibrez votre \u00e9nergie et am\u00e9liorez votre exp\u00e9rience spirituelle gr\u00e2ce \u00e0 ce pr\u00e9cieux extrait.","robots":{"index":"index","follow":"follow","max-snippet":"max-snippet:-1","max-image-preview":"max-image-preview:large","max-video-preview":"max-video-preview:-1"},"canonical":"https:\/\/ancestrina.com\/fr\/producto\/extrait-de-chilcuague\/","og_locale":"fr_FR","og_type":"article","og_title":"Extrait de Chilcuague","og_description":"D\u00e9couvrez l'Extrait de Chilcuague, un spray distill\u00e9 dans l'alcool qui prot\u00e8ge et purifie votre \u00e9nergie. Id\u00e9al pour la pr\u00e9paration spirituelle et physique avant l'utilisation du rap\u00e9, ce produit ancestral offre des bienfaits anesth\u00e9siques, analg\u00e9siques et antibiotiques pour un bien-\u00eatre holistique. \u00c9quilibrez votre \u00e9nergie et am\u00e9liorez votre exp\u00e9rience spirituelle gr\u00e2ce \u00e0 ce pr\u00e9cieux extrait.","og_url":"https:\/\/ancestrina.com\/fr\/producto\/extrait-de-chilcuague\/","og_site_name":"Ancestrina","article_publisher":"https:\/\/www.facebook.com\/Ancestrina\/","article_modified_time":"2026-05-15T20:20:01+00:00","og_image":[{"width":2048,"height":2048,"url":"https:\/\/ancestrina.com\/wp-content\/uploads\/chilcuague.jpg","type":"image\/jpeg"}],"twitter_card":"summary_large_image","twitter_misc":{"Dur\u00e9e de lecture estim\u00e9e":"1 minute"},"schema":{"@context":"https:\/\/schema.org","@graph":[{"@type":"WebPage","@id":"https:\/\/ancestrina.com\/fr\/producto\/extrait-de-chilcuague\/","url":"https:\/\/ancestrina.com\/fr\/producto\/extrait-de-chilcuague\/","name":"Extrait de Chilcuague : Protection et purification spirituelle","isPartOf":{"@id":"https:\/\/ancestrina.com\/fr\/#website"},"primaryImageOfPage":{"@id":"https:\/\/ancestrina.com\/fr\/producto\/extrait-de-chilcuague\/#primaryimage"},"image":{"@id":"https:\/\/ancestrina.com\/fr\/producto\/extrait-de-chilcuague\/#primaryimage"},"thumbnailUrl":"https:\/\/ancestrina.com\/wp-content\/uploads\/chilcuague.jpg","datePublished":"2024-04-14T18:29:33+00:00","dateModified":"2026-05-15T20:20:01+00:00","description":"D\u00e9couvrez l'Extrait de Chilcuague, un spray distill\u00e9 dans l'alcool qui prot\u00e8ge et purifie votre \u00e9nergie. Id\u00e9al pour la pr\u00e9paration spirituelle et physique avant l'utilisation du rap\u00e9, ce produit ancestral offre des bienfaits anesth\u00e9siques, analg\u00e9siques et antibiotiques pour un bien-\u00eatre holistique. \u00c9quilibrez votre \u00e9nergie et am\u00e9liorez votre exp\u00e9rience spirituelle gr\u00e2ce \u00e0 ce pr\u00e9cieux extrait.","breadcrumb":{"@id":"https:\/\/ancestrina.com\/fr\/producto\/extrait-de-chilcuague\/#breadcrumb"},"inLanguage":"fr-FR","potentialAction":[{"@type":"ReadAction","target":["https:\/\/ancestrina.com\/fr\/producto\/extrait-de-chilcuague\/"]}]},{"@type":"ImageObject","inLanguage":"fr-FR","@id":"https:\/\/ancestrina.com\/fr\/producto\/extrait-de-chilcuague\/#primaryimage","url":"https:\/\/ancestrina.com\/wp-content\/uploads\/chilcuague.jpg","contentUrl":"https:\/\/ancestrina.com\/wp-content\/uploads\/chilcuague.jpg","width":2048,"height":2048},{"@type":"BreadcrumbList","@id":"https:\/\/ancestrina.com\/fr\/producto\/extrait-de-chilcuague\/#breadcrumb","itemListElement":[{"@type":"ListItem","position":1,"name":"Home","item":"https:\/\/ancestrina.com\/fr\/domicile\/"},{"@type":"ListItem","position":2,"name":"boutique","item":"https:\/\/ancestrina.com\/fr\/boutique\/"},{"@type":"ListItem","position":3,"name":"Extrait de Chilcuague"}]},{"@type":"WebSite","@id":"https:\/\/ancestrina.com\/fr\/#website","url":"https:\/\/ancestrina.com\/fr\/","name":"Ancestrina","description":"Trabajamos experiencias con plantas maestras, terapias integradoras y cultos ancestrales","publisher":{"@id":"https:\/\/ancestrina.com\/fr\/#organization"},"potentialAction":[{"@type":"SearchAction","target":{"@type":"EntryPoint","urlTemplate":"https:\/\/ancestrina.com\/fr\/?s={search_term_string}"},"query-input":{"@type":"PropertyValueSpecification","valueRequired":true,"valueName":"search_term_string"}}],"inLanguage":"fr-FR"},{"@type":"Organization","@id":"https:\/\/ancestrina.com\/fr\/#organization","name":"Ancestrina","url":"https:\/\/ancestrina.com\/fr\/","logo":{"@type":"ImageObject","inLanguage":"fr-FR","@id":"https:\/\/ancestrina.com\/fr\/#\/schema\/logo\/image\/","url":"https:\/\/ancestrina.com\/wp-content\/uploads\/2020\/06\/cropped-LOGO-ANCESTRINA-1.png","contentUrl":"https:\/\/ancestrina.com\/wp-content\/uploads\/2020\/06\/cropped-LOGO-ANCESTRINA-1.png","width":630,"height":202,"caption":"Ancestrina"},"image":{"@id":"https:\/\/ancestrina.com\/fr\/#\/schema\/logo\/image\/"},"sameAs":["https:\/\/www.facebook.com\/Ancestrina\/","https:\/\/www.instagram.com\/ancestrina\/","https:\/\/www.youtube.com\/channel\/UCgtt6WFhEIVEI30PzxlOeIw"]}]}},"_links":{"self":[{"href":"https:\/\/ancestrina.com\/fr\/wp-json\/wp\/v2\/product\/29961","targetHints":{"allow":["GET"]}}],"collection":[{"href":"https:\/\/ancestrina.com\/fr\/wp-json\/wp\/v2\/product"}],"about":[{"href":"https:\/\/ancestrina.com\/fr\/wp-json\/wp\/v2\/types\/product"}],"replies":[{"embeddable":true,"href":"https:\/\/ancestrina.com\/fr\/wp-json\/wp\/v2\/comments?post=29961"}],"version-history":[{"count":5,"href":"https:\/\/ancestrina.com\/fr\/wp-json\/wp\/v2\/product\/29961\/revisions"}],"predecessor-version":[{"id":37589,"href":"https:\/\/ancestrina.com\/fr\/wp-json\/wp\/v2\/product\/29961\/revisions\/37589"}],"wp:featuredmedia":[{"embeddable":true,"href":"https:\/\/ancestrina.com\/fr\/wp-json\/wp\/v2\/media\/34596"}],"wp:attachment":[{"href":"https:\/\/ancestrina.com\/fr\/wp-json\/wp\/v2\/media?parent=29961"}],"wp:term":[{"taxonomy":"product_brand","embeddable":true,"href":"https:\/\/ancestrina.com\/fr\/wp-json\/wp\/v2\/product_brand?post=29961"},{"taxonomy":"product_cat","embeddable":true,"href":"https:\/\/ancestrina.com\/fr\/wp-json\/wp\/v2\/product_cat?post=29961"},{"taxonomy":"product_tag","embeddable":true,"href":"https:\/\/ancestrina.com\/fr\/wp-json\/wp\/v2\/product_tag?post=29961"}],"curies":[{"name":"wp","href":"https:\/\/api.w.org\/{rel}","templated":true}]}}