{"id":29804,"date":"2023-06-13T14:42:13","date_gmt":"2023-06-13T19:42:13","guid":{"rendered":"https:\/\/ancestrina.com\/producto\/sananga\/"},"modified":"2026-05-15T16:20:19","modified_gmt":"2026-05-15T21:20:19","slug":"sananga","status":"publish","type":"product","link":"https:\/\/ancestrina.com\/fr\/producto\/sananga\/","title":{"rendered":"Sananga"},"content":{"rendered":"<p><strong>Sananga : \u00c9veiller votre vision int\u00e9rieure et ext\u00e9rieure<\/strong><\/p>\n<p>D\u00e9couvrez le pouvoir ancestral du Sananga, une m\u00e9decine sacr\u00e9e originaire d&rsquo;Amazonie, utilis\u00e9e par des tribus indig\u00e8nes telles que les Kaxinaw\u00e1 et les Yawanaw\u00e1. Issu de l&rsquo;arbuste Tabernaemontana Undulata, cet \u00e9lixir est plus qu&rsquo;un collyre, c&rsquo;est une cl\u00e9 pour la clart\u00e9 mentale, \u00e9motionnelle et visuelle. Gr\u00e2ce \u00e0 de puissants alcalo\u00efdes tels que l&rsquo;iboga\u00efne, le Sananga offre une exp\u00e9rience transformatrice, en \u00e9liminant les blocages \u00e9nerg\u00e9tiques et en am\u00e9liorant consid\u00e9rablement la perception visuelle.<\/p>\n<p><strong>Avantages multidimensionnels<\/strong><\/p>\n<ul>\n<li><strong>Vision claire :<\/strong> traite efficacement les affections oculaires telles que la cataracte, la myopie et l&rsquo;astigmatisme.<\/li>\n<li><strong>Purification \u00e9nerg\u00e9tique :<\/strong> lib\u00e8re l&rsquo;esprit des \u00e9nergies n\u00e9gatives et favorise un \u00e9tat de paix int\u00e9rieure.<\/li>\n<li><strong>Connexion spirituelle :<\/strong> utilis\u00e9 dans les rituels pour intensifier la perception et la connexion au sacr\u00e9.<\/li>\n<\/ul>\n<p><strong>Utilisation et recommandations<\/strong> L&rsquo;application d&rsquo;une goutte dans chaque \u0153il peut s&rsquo;av\u00e9rer difficile, mais elle fait partie du processus de gu\u00e9rison. La br\u00fblure initiale est suivie d&rsquo;un sentiment in\u00e9gal\u00e9 d&rsquo;ouverture et de clart\u00e9. Il est recommand\u00e9 d&rsquo;appliquer le produit dans un endroit pr\u00e9par\u00e9 et calme, et il est important de ne pas porter de lentilles de contact pendant l&rsquo;application. Il est conseill\u00e9 de commencer par des concentrations plus faibles et d&rsquo;augmenter progressivement en fonction de la tol\u00e9rance.<\/p>\n","protected":false},"excerpt":{"rendered":"<p>D\u00e9couvrez le pouvoir ancestral du Sananga, un rem\u00e8de sacr\u00e9 de l&rsquo;Amazonie qui \u00e9veille votre vision int\u00e9rieure et ext\u00e9rieure. Avec des b\u00e9n\u00e9fices tels que la clart\u00e9 visuelle, la purification \u00e9nerg\u00e9tique et la connexion spirituelle, il offre une exp\u00e9rience transformatrice. Disponible en trois intensit\u00e9s pour r\u00e9pondre \u00e0 tous les besoins, Sananga est une invitation \u00e0 vous immerger dans la puissance de cette m\u00e9decine ancienne.  <\/p>\n","protected":false},"featured_media":35121,"comment_status":"open","ping_status":"closed","template":"","meta":{"order-bump-settings":[],"_wpfnl_thankyou_order_overview":"on","_wpfnl_thankyou_order_details":"on","_wpfnl_thankyou_billing_details":"on","_wpfnl_thankyou_shipping_details":"on","site-sidebar-layout":"default","site-content-layout":"default","ast-site-content-layout":"default","site-content-style":"default","site-sidebar-style":"default","ast-global-header-display":"","ast-banner-title-visibility":"","ast-main-header-display":"","ast-hfb-above-header-display":"","ast-hfb-below-header-display":"","ast-hfb-mobile-header-display":"","site-post-title":"","ast-breadcrumbs-content":"","ast-featured-img":"","footer-sml-layout":"","ast-disable-related-posts":"","theme-transparent-header-meta":"default","adv-header-id-meta":"","stick-header-meta":"","header-above-stick-meta":"","header-main-stick-meta":"","header-below-stick-meta":"","astra-migrate-meta-layouts":"default","ast-page-background-enabled":"default","ast-page-background-meta":{"desktop":{"background-color":"","background-image":"","background-repeat":"repeat","background-position":"center center","background-size":"auto","background-attachment":"scroll","background-type":"","background-media":"","overlay-type":"","overlay-color":"","overlay-opacity":"","overlay-gradient":""},"tablet":{"background-color":"","background-image":"","background-repeat":"repeat","background-position":"center center","background-size":"auto","background-attachment":"scroll","background-type":"","background-media":"","overlay-type":"","overlay-color":"","overlay-opacity":"","overlay-gradient":""},"mobile":{"background-color":"","background-image":"","background-repeat":"repeat","background-position":"center center","background-size":"auto","background-attachment":"scroll","background-type":"","background-media":"","overlay-type":"","overlay-color":"","overlay-opacity":"","overlay-gradient":""}},"ast-content-background-meta":{"desktop":{"background-color":"var(--ast-global-color-5)","background-image":"","background-repeat":"repeat","background-position":"center center","background-size":"auto","background-attachment":"scroll","background-type":"","background-media":"","overlay-type":"","overlay-color":"","overlay-opacity":"","overlay-gradient":""},"tablet":{"background-color":"var(--ast-global-color-5)","background-image":"","background-repeat":"repeat","background-position":"center center","background-size":"auto","background-attachment":"scroll","background-type":"","background-media":"","overlay-type":"","overlay-color":"","overlay-opacity":"","overlay-gradient":""},"mobile":{"background-color":"var(--ast-global-color-5)","background-image":"","background-repeat":"repeat","background-position":"center center","background-size":"auto","background-attachment":"scroll","background-type":"","background-media":"","overlay-type":"","overlay-color":"","overlay-opacity":"","overlay-gradient":""}},"_joinchat":[]},"product_brand":[],"product_cat":[1440],"product_tag":[],"class_list":{"0":"post-29804","1":"product","2":"type-product","3":"status-publish","4":"has-post-thumbnail","6":"product_cat-medicinas","7":"desktop-align-center","8":"tablet-align-left","9":"mobile-align-left","11":"first","12":"instock","13":"shipping-taxable","14":"purchasable","15":"product-type-variable"},"yoast_head":"<!-- This site is optimized with the Yoast SEO Premium plugin v22.6 (Yoast SEO v27.6) - https:\/\/yoast.com\/product\/yoast-seo-premium-wordpress\/ -->\n<title>Sananga Ancestrina<\/title>\n<meta name=\"description\" content=\"D\u00e9couvrez le pouvoir ancestral du Sananga, un rem\u00e8de sacr\u00e9 de l&#039;Amazonie qui \u00e9veille votre vision int\u00e9rieure et ext\u00e9rieure. Avec des b\u00e9n\u00e9fices tels que la clart\u00e9 visuelle, la purification \u00e9nerg\u00e9tique et la connexion spirituelle, il offre une exp\u00e9rience transformatrice. Disponible en trois intensit\u00e9s pour r\u00e9pondre \u00e0 tous les besoins, Sananga est une invitation \u00e0 vous immerger dans la puissance de cette m\u00e9decine ancienne.\" \/>\n<meta name=\"robots\" content=\"index, follow, max-snippet:-1, max-image-preview:large, max-video-preview:-1\" \/>\n<link rel=\"canonical\" href=\"https:\/\/ancestrina.com\/fr\/producto\/sananga\/\" \/>\n<meta property=\"og:locale\" content=\"fr_FR\" \/>\n<meta property=\"og:type\" content=\"article\" \/>\n<meta property=\"og:title\" content=\"Sananga\" \/>\n<meta property=\"og:description\" content=\"D\u00e9couvrez le pouvoir ancestral du Sananga, un rem\u00e8de sacr\u00e9 de l&#039;Amazonie qui \u00e9veille votre vision int\u00e9rieure et ext\u00e9rieure. Avec des b\u00e9n\u00e9fices tels que la clart\u00e9 visuelle, la purification \u00e9nerg\u00e9tique et la connexion spirituelle, il offre une exp\u00e9rience transformatrice. Disponible en trois intensit\u00e9s pour r\u00e9pondre \u00e0 tous les besoins, Sananga est une invitation \u00e0 vous immerger dans la puissance de cette m\u00e9decine ancienne.\" \/>\n<meta property=\"og:url\" content=\"https:\/\/ancestrina.com\/fr\/producto\/sananga\/\" \/>\n<meta property=\"og:site_name\" content=\"Ancestrina\" \/>\n<meta property=\"article:publisher\" content=\"https:\/\/www.facebook.com\/Ancestrina\/\" \/>\n<meta property=\"article:modified_time\" content=\"2026-05-15T21:20:19+00:00\" \/>\n<meta property=\"og:image\" content=\"https:\/\/ancestrina.com\/wp-content\/uploads\/sananga-1.jpg\" \/>\n\t<meta property=\"og:image:width\" content=\"2048\" \/>\n\t<meta property=\"og:image:height\" content=\"2048\" \/>\n\t<meta property=\"og:image:type\" content=\"image\/jpeg\" \/>\n<meta name=\"twitter:card\" content=\"summary_large_image\" \/>\n<meta name=\"twitter:label1\" content=\"Dur\u00e9e de lecture estim\u00e9e\" \/>\n\t<meta name=\"twitter:data1\" content=\"1 minute\" \/>\n<script type=\"application\/ld+json\" class=\"yoast-schema-graph\">{\"@context\":\"https:\\\/\\\/schema.org\",\"@graph\":[{\"@type\":\"WebPage\",\"@id\":\"https:\\\/\\\/ancestrina.com\\\/fr\\\/producto\\\/sananga\\\/\",\"url\":\"https:\\\/\\\/ancestrina.com\\\/fr\\\/producto\\\/sananga\\\/\",\"name\":\"Sananga Ancestrina\",\"isPartOf\":{\"@id\":\"https:\\\/\\\/ancestrina.com\\\/fr\\\/#website\"},\"primaryImageOfPage\":{\"@id\":\"https:\\\/\\\/ancestrina.com\\\/fr\\\/producto\\\/sananga\\\/#primaryimage\"},\"image\":{\"@id\":\"https:\\\/\\\/ancestrina.com\\\/fr\\\/producto\\\/sananga\\\/#primaryimage\"},\"thumbnailUrl\":\"https:\\\/\\\/ancestrina.com\\\/wp-content\\\/uploads\\\/sananga-1.jpg\",\"datePublished\":\"2023-06-13T19:42:13+00:00\",\"dateModified\":\"2026-05-15T21:20:19+00:00\",\"description\":\"D\u00e9couvrez le pouvoir ancestral du Sananga, un rem\u00e8de sacr\u00e9 de l'Amazonie qui \u00e9veille votre vision int\u00e9rieure et ext\u00e9rieure. Avec des b\u00e9n\u00e9fices tels que la clart\u00e9 visuelle, la purification \u00e9nerg\u00e9tique et la connexion spirituelle, il offre une exp\u00e9rience transformatrice. Disponible en trois intensit\u00e9s pour r\u00e9pondre \u00e0 tous les besoins, Sananga est une invitation \u00e0 vous immerger dans la puissance de cette m\u00e9decine ancienne.\",\"breadcrumb\":{\"@id\":\"https:\\\/\\\/ancestrina.com\\\/fr\\\/producto\\\/sananga\\\/#breadcrumb\"},\"inLanguage\":\"fr-FR\",\"potentialAction\":[{\"@type\":\"ReadAction\",\"target\":[\"https:\\\/\\\/ancestrina.com\\\/fr\\\/producto\\\/sananga\\\/\"]}]},{\"@type\":\"ImageObject\",\"inLanguage\":\"fr-FR\",\"@id\":\"https:\\\/\\\/ancestrina.com\\\/fr\\\/producto\\\/sananga\\\/#primaryimage\",\"url\":\"https:\\\/\\\/ancestrina.com\\\/wp-content\\\/uploads\\\/sananga-1.jpg\",\"contentUrl\":\"https:\\\/\\\/ancestrina.com\\\/wp-content\\\/uploads\\\/sananga-1.jpg\",\"width\":2048,\"height\":2048},{\"@type\":\"BreadcrumbList\",\"@id\":\"https:\\\/\\\/ancestrina.com\\\/fr\\\/producto\\\/sananga\\\/#breadcrumb\",\"itemListElement\":[{\"@type\":\"ListItem\",\"position\":1,\"name\":\"Home\",\"item\":\"https:\\\/\\\/ancestrina.com\\\/fr\\\/domicile\\\/\"},{\"@type\":\"ListItem\",\"position\":2,\"name\":\"boutique\",\"item\":\"https:\\\/\\\/ancestrina.com\\\/fr\\\/boutique\\\/\"},{\"@type\":\"ListItem\",\"position\":3,\"name\":\"Sananga\"}]},{\"@type\":\"WebSite\",\"@id\":\"https:\\\/\\\/ancestrina.com\\\/fr\\\/#website\",\"url\":\"https:\\\/\\\/ancestrina.com\\\/fr\\\/\",\"name\":\"Ancestrina\",\"description\":\"Trabajamos experiencias con plantas maestras, terapias integradoras y cultos ancestrales\",\"publisher\":{\"@id\":\"https:\\\/\\\/ancestrina.com\\\/fr\\\/#organization\"},\"potentialAction\":[{\"@type\":\"SearchAction\",\"target\":{\"@type\":\"EntryPoint\",\"urlTemplate\":\"https:\\\/\\\/ancestrina.com\\\/fr\\\/?s={search_term_string}\"},\"query-input\":{\"@type\":\"PropertyValueSpecification\",\"valueRequired\":true,\"valueName\":\"search_term_string\"}}],\"inLanguage\":\"fr-FR\"},{\"@type\":\"Organization\",\"@id\":\"https:\\\/\\\/ancestrina.com\\\/fr\\\/#organization\",\"name\":\"Ancestrina\",\"url\":\"https:\\\/\\\/ancestrina.com\\\/fr\\\/\",\"logo\":{\"@type\":\"ImageObject\",\"inLanguage\":\"fr-FR\",\"@id\":\"https:\\\/\\\/ancestrina.com\\\/fr\\\/#\\\/schema\\\/logo\\\/image\\\/\",\"url\":\"https:\\\/\\\/ancestrina.com\\\/wp-content\\\/uploads\\\/2020\\\/06\\\/cropped-LOGO-ANCESTRINA-1.png\",\"contentUrl\":\"https:\\\/\\\/ancestrina.com\\\/wp-content\\\/uploads\\\/2020\\\/06\\\/cropped-LOGO-ANCESTRINA-1.png\",\"width\":630,\"height\":202,\"caption\":\"Ancestrina\"},\"image\":{\"@id\":\"https:\\\/\\\/ancestrina.com\\\/fr\\\/#\\\/schema\\\/logo\\\/image\\\/\"},\"sameAs\":[\"https:\\\/\\\/www.facebook.com\\\/Ancestrina\\\/\",\"https:\\\/\\\/www.instagram.com\\\/ancestrina\\\/\",\"https:\\\/\\\/www.youtube.com\\\/channel\\\/UCgtt6WFhEIVEI30PzxlOeIw\"]}]}<\/script>\n<!-- \/ Yoast SEO Premium plugin. -->","yoast_head_json":{"title":"Sananga Ancestrina","description":"D\u00e9couvrez le pouvoir ancestral du Sananga, un rem\u00e8de sacr\u00e9 de l'Amazonie qui \u00e9veille votre vision int\u00e9rieure et ext\u00e9rieure. Avec des b\u00e9n\u00e9fices tels que la clart\u00e9 visuelle, la purification \u00e9nerg\u00e9tique et la connexion spirituelle, il offre une exp\u00e9rience transformatrice. Disponible en trois intensit\u00e9s pour r\u00e9pondre \u00e0 tous les besoins, Sananga est une invitation \u00e0 vous immerger dans la puissance de cette m\u00e9decine ancienne.","robots":{"index":"index","follow":"follow","max-snippet":"max-snippet:-1","max-image-preview":"max-image-preview:large","max-video-preview":"max-video-preview:-1"},"canonical":"https:\/\/ancestrina.com\/fr\/producto\/sananga\/","og_locale":"fr_FR","og_type":"article","og_title":"Sananga","og_description":"D\u00e9couvrez le pouvoir ancestral du Sananga, un rem\u00e8de sacr\u00e9 de l'Amazonie qui \u00e9veille votre vision int\u00e9rieure et ext\u00e9rieure. Avec des b\u00e9n\u00e9fices tels que la clart\u00e9 visuelle, la purification \u00e9nerg\u00e9tique et la connexion spirituelle, il offre une exp\u00e9rience transformatrice. Disponible en trois intensit\u00e9s pour r\u00e9pondre \u00e0 tous les besoins, Sananga est une invitation \u00e0 vous immerger dans la puissance de cette m\u00e9decine ancienne.","og_url":"https:\/\/ancestrina.com\/fr\/producto\/sananga\/","og_site_name":"Ancestrina","article_publisher":"https:\/\/www.facebook.com\/Ancestrina\/","article_modified_time":"2026-05-15T21:20:19+00:00","og_image":[{"width":2048,"height":2048,"url":"https:\/\/ancestrina.com\/wp-content\/uploads\/sananga-1.jpg","type":"image\/jpeg"}],"twitter_card":"summary_large_image","twitter_misc":{"Dur\u00e9e de lecture estim\u00e9e":"1 minute"},"schema":{"@context":"https:\/\/schema.org","@graph":[{"@type":"WebPage","@id":"https:\/\/ancestrina.com\/fr\/producto\/sananga\/","url":"https:\/\/ancestrina.com\/fr\/producto\/sananga\/","name":"Sananga Ancestrina","isPartOf":{"@id":"https:\/\/ancestrina.com\/fr\/#website"},"primaryImageOfPage":{"@id":"https:\/\/ancestrina.com\/fr\/producto\/sananga\/#primaryimage"},"image":{"@id":"https:\/\/ancestrina.com\/fr\/producto\/sananga\/#primaryimage"},"thumbnailUrl":"https:\/\/ancestrina.com\/wp-content\/uploads\/sananga-1.jpg","datePublished":"2023-06-13T19:42:13+00:00","dateModified":"2026-05-15T21:20:19+00:00","description":"D\u00e9couvrez le pouvoir ancestral du Sananga, un rem\u00e8de sacr\u00e9 de l'Amazonie qui \u00e9veille votre vision int\u00e9rieure et ext\u00e9rieure. Avec des b\u00e9n\u00e9fices tels que la clart\u00e9 visuelle, la purification \u00e9nerg\u00e9tique et la connexion spirituelle, il offre une exp\u00e9rience transformatrice. Disponible en trois intensit\u00e9s pour r\u00e9pondre \u00e0 tous les besoins, Sananga est une invitation \u00e0 vous immerger dans la puissance de cette m\u00e9decine ancienne.","breadcrumb":{"@id":"https:\/\/ancestrina.com\/fr\/producto\/sananga\/#breadcrumb"},"inLanguage":"fr-FR","potentialAction":[{"@type":"ReadAction","target":["https:\/\/ancestrina.com\/fr\/producto\/sananga\/"]}]},{"@type":"ImageObject","inLanguage":"fr-FR","@id":"https:\/\/ancestrina.com\/fr\/producto\/sananga\/#primaryimage","url":"https:\/\/ancestrina.com\/wp-content\/uploads\/sananga-1.jpg","contentUrl":"https:\/\/ancestrina.com\/wp-content\/uploads\/sananga-1.jpg","width":2048,"height":2048},{"@type":"BreadcrumbList","@id":"https:\/\/ancestrina.com\/fr\/producto\/sananga\/#breadcrumb","itemListElement":[{"@type":"ListItem","position":1,"name":"Home","item":"https:\/\/ancestrina.com\/fr\/domicile\/"},{"@type":"ListItem","position":2,"name":"boutique","item":"https:\/\/ancestrina.com\/fr\/boutique\/"},{"@type":"ListItem","position":3,"name":"Sananga"}]},{"@type":"WebSite","@id":"https:\/\/ancestrina.com\/fr\/#website","url":"https:\/\/ancestrina.com\/fr\/","name":"Ancestrina","description":"Trabajamos experiencias con plantas maestras, terapias integradoras y cultos ancestrales","publisher":{"@id":"https:\/\/ancestrina.com\/fr\/#organization"},"potentialAction":[{"@type":"SearchAction","target":{"@type":"EntryPoint","urlTemplate":"https:\/\/ancestrina.com\/fr\/?s={search_term_string}"},"query-input":{"@type":"PropertyValueSpecification","valueRequired":true,"valueName":"search_term_string"}}],"inLanguage":"fr-FR"},{"@type":"Organization","@id":"https:\/\/ancestrina.com\/fr\/#organization","name":"Ancestrina","url":"https:\/\/ancestrina.com\/fr\/","logo":{"@type":"ImageObject","inLanguage":"fr-FR","@id":"https:\/\/ancestrina.com\/fr\/#\/schema\/logo\/image\/","url":"https:\/\/ancestrina.com\/wp-content\/uploads\/2020\/06\/cropped-LOGO-ANCESTRINA-1.png","contentUrl":"https:\/\/ancestrina.com\/wp-content\/uploads\/2020\/06\/cropped-LOGO-ANCESTRINA-1.png","width":630,"height":202,"caption":"Ancestrina"},"image":{"@id":"https:\/\/ancestrina.com\/fr\/#\/schema\/logo\/image\/"},"sameAs":["https:\/\/www.facebook.com\/Ancestrina\/","https:\/\/www.instagram.com\/ancestrina\/","https:\/\/www.youtube.com\/channel\/UCgtt6WFhEIVEI30PzxlOeIw"]}]}},"_links":{"self":[{"href":"https:\/\/ancestrina.com\/fr\/wp-json\/wp\/v2\/product\/29804","targetHints":{"allow":["GET"]}}],"collection":[{"href":"https:\/\/ancestrina.com\/fr\/wp-json\/wp\/v2\/product"}],"about":[{"href":"https:\/\/ancestrina.com\/fr\/wp-json\/wp\/v2\/types\/product"}],"replies":[{"embeddable":true,"href":"https:\/\/ancestrina.com\/fr\/wp-json\/wp\/v2\/comments?post=29804"}],"version-history":[{"count":1,"href":"https:\/\/ancestrina.com\/fr\/wp-json\/wp\/v2\/product\/29804\/revisions"}],"predecessor-version":[{"id":37724,"href":"https:\/\/ancestrina.com\/fr\/wp-json\/wp\/v2\/product\/29804\/revisions\/37724"}],"wp:featuredmedia":[{"embeddable":true,"href":"https:\/\/ancestrina.com\/fr\/wp-json\/wp\/v2\/media\/35121"}],"wp:attachment":[{"href":"https:\/\/ancestrina.com\/fr\/wp-json\/wp\/v2\/media?parent=29804"}],"wp:term":[{"taxonomy":"product_brand","embeddable":true,"href":"https:\/\/ancestrina.com\/fr\/wp-json\/wp\/v2\/product_brand?post=29804"},{"taxonomy":"product_cat","embeddable":true,"href":"https:\/\/ancestrina.com\/fr\/wp-json\/wp\/v2\/product_cat?post=29804"},{"taxonomy":"product_tag","embeddable":true,"href":"https:\/\/ancestrina.com\/fr\/wp-json\/wp\/v2\/product_tag?post=29804"}],"curies":[{"name":"wp","href":"https:\/\/api.w.org\/{rel}","templated":true}]}}