{"id":17161,"date":"2020-06-28T00:33:58","date_gmt":"2020-06-28T00:33:58","guid":{"rendered":"http:\/\/ancestrina.com\/producto\/rape-cipo-camalechi\/"},"modified":"2026-05-12T16:46:35","modified_gmt":"2026-05-12T21:46:35","slug":"lotte-cipo-camalechi","status":"publish","type":"product","link":"https:\/\/ancestrina.com\/fr\/producto\/lotte-cipo-camalechi\/","title":{"rendered":"Cip\u00f3 Camalechi"},"content":{"rendered":"<p>Le Cip\u00f3 Camalechi Rap\u00e9 est con\u00e7u pour ceux qui souhaitent approfondir leur pratique du r\u00eave lucide, offrant un outil puissant pour ceux qui souhaitent explorer et manipuler consciemment leurs r\u00eaves. Ce rap\u00e9 facilite l&rsquo;acc\u00e8s \u00e0 un \u00e9tat de conscience dans lequel vous pouvez \u00eatre pleinement conscient que vous \u00eates en train de r\u00eaver, ce qui vous permet d&rsquo;interagir intentionnellement avec le contenu du r\u00eave.<\/p>\n<p><strong>Principales caract\u00e9ristiques du Rap\u00e9 Cip\u00f3 Camalechi :<\/strong><\/p>\n<ul>\n<li><strong>Am\u00e9lioration des r\u00eaves lucides :<\/strong> aide \u00e0 atteindre et \u00e0 maintenir la lucidit\u00e9 dans les r\u00eaves, ce qui permet de contr\u00f4ler les exp\u00e9riences oniriques.<\/li>\n<li><strong>Exploration de l&rsquo;inconscient :<\/strong> Permet une exploration plus profonde du moi int\u00e9rieur et des d\u00e9sirs cach\u00e9s, souvent r\u00e9v\u00e9l\u00e9s dans l&rsquo;\u00e9tat de r\u00eave lucide.<\/li>\n<li><strong>Clart\u00e9 mentale nocturne :<\/strong> d\u00e9barrasse l&rsquo;esprit des d\u00e9bris diurnes, en \u00e9vitant la r\u00e9p\u00e9tition de sc\u00e8nes quotidiennes ou r\u00e9centes dans les r\u00eaves, pour une d\u00e9couverte plus authentique et plus profonde.<\/li>\n<\/ul>\n<p><strong>Avantages du Rap\u00e9 Cip\u00f3 Camalechi :<\/strong><\/p>\n<ol>\n<li><strong>Th\u00e9rapie par le r\u00eave :<\/strong> utile pour surmonter les cauchemars r\u00e9currents, r\u00e9soudre les probl\u00e8mes et favoriser le d\u00e9veloppement personnel gr\u00e2ce \u00e0 la manipulation consciente des r\u00eaves.<\/li>\n<li><strong>Am\u00e9lioration des comp\u00e9tences et de la cr\u00e9ativit\u00e9 :<\/strong> offre un espace s\u00fbr pour pratiquer des comp\u00e9tences ou travailler sur la cr\u00e9ativit\u00e9 dans un environnement contr\u00f4l\u00e9 par l&rsquo;esprit conscient.<\/li>\n<li><strong>Connaissance profonde de soi :<\/strong> facilite la rencontre avec le vrai soi, permettant d&rsquo;affronter et de comprendre les aspects cach\u00e9s de sa personnalit\u00e9 et de ses d\u00e9sirs.<\/li>\n<\/ol>\n<p><strong>Id\u00e9al pour :<\/strong><\/p>\n<ul>\n<li>Personnes int\u00e9ress\u00e9es par les techniques avanc\u00e9es d&rsquo;exploration de soi et de d\u00e9veloppement personnel \u00e0 travers les r\u00eaves.<\/li>\n<li>Les personnes qui cherchent des outils pour mieux g\u00e9rer leur vie onirique et tirer des b\u00e9n\u00e9fices th\u00e9rapeutiques et cr\u00e9atifs de leurs r\u00eaves.<\/li>\n<li>Les personnes qui veulent en savoir plus sur elles-m\u00eames et sur leurs d\u00e9sirs inconscients.<\/li>\n<\/ul>\n<p>Rap\u00e9 Cip\u00f3 Camalechi n&rsquo;est pas seulement un moyen de faciliter le r\u00eave lucide, c&rsquo;est une voie d&rsquo;introspection profonde et transformatrice, qui vous permet d&rsquo;explorer les possibilit\u00e9s infinies de votre subconscient.<\/p>\n","protected":false},"excerpt":{"rendered":"<p>Le Cip\u00f3 Camalechi Rap\u00e9 est un outil essentiel pour les explorateurs de r\u00eaves lucides, offrant la possibilit\u00e9 d&rsquo;\u00eatre pleinement conscient de l&rsquo;environnement du r\u00eave et de le manipuler activement. Ce rap\u00e9 favorise une compr\u00e9hension plus profonde du moi int\u00e9rieur, permettant aux utilisateurs d&rsquo;interagir avec leur subconscient de mani\u00e8re intentionnelle.<\/p>\n<p>Id\u00e9al pour ceux qui cherchent \u00e0 surmonter les cauchemars, \u00e0 r\u00e9soudre des probl\u00e8mes ou simplement \u00e0 am\u00e9liorer leur cr\u00e9ativit\u00e9 par le biais du r\u00eave contr\u00f4l\u00e9, Cip\u00f3 Camalechi Rap\u00e9 facilite une exp\u00e9rience de r\u00eave plus riche et plus profonde, en fournissant les outils n\u00e9cessaires pour naviguer et puiser dans le vaste monde du r\u00eave lucide.<\/p>\n","protected":false},"featured_media":34615,"comment_status":"closed","ping_status":"closed","template":"","meta":{"order-bump-settings":[],"_wpfnl_thankyou_order_overview":"on","_wpfnl_thankyou_order_details":"on","_wpfnl_thankyou_billing_details":"on","_wpfnl_thankyou_shipping_details":"on","site-sidebar-layout":"default","site-content-layout":"default","ast-site-content-layout":"default","site-content-style":"default","site-sidebar-style":"default","ast-global-header-display":"","ast-banner-title-visibility":"","ast-main-header-display":"","ast-hfb-above-header-display":"","ast-hfb-below-header-display":"","ast-hfb-mobile-header-display":"","site-post-title":"","ast-breadcrumbs-content":"","ast-featured-img":"","footer-sml-layout":"","ast-disable-related-posts":"","theme-transparent-header-meta":"default","adv-header-id-meta":"","stick-header-meta":"","header-above-stick-meta":"","header-main-stick-meta":"","header-below-stick-meta":"","astra-migrate-meta-layouts":"default","ast-page-background-enabled":"default","ast-page-background-meta":{"desktop":{"background-color":"","background-image":"","background-repeat":"repeat","background-position":"center center","background-size":"auto","background-attachment":"scroll","background-type":"","background-media":"","overlay-type":"","overlay-color":"","overlay-opacity":"","overlay-gradient":""},"tablet":{"background-color":"","background-image":"","background-repeat":"repeat","background-position":"center center","background-size":"auto","background-attachment":"scroll","background-type":"","background-media":"","overlay-type":"","overlay-color":"","overlay-opacity":"","overlay-gradient":""},"mobile":{"background-color":"","background-image":"","background-repeat":"repeat","background-position":"center center","background-size":"auto","background-attachment":"scroll","background-type":"","background-media":"","overlay-type":"","overlay-color":"","overlay-opacity":"","overlay-gradient":""}},"ast-content-background-meta":{"desktop":{"background-color":"var(--ast-global-color-5)","background-image":"","background-repeat":"repeat","background-position":"center center","background-size":"auto","background-attachment":"scroll","background-type":"","background-media":"","overlay-type":"","overlay-color":"","overlay-opacity":"","overlay-gradient":""},"tablet":{"background-color":"var(--ast-global-color-5)","background-image":"","background-repeat":"repeat","background-position":"center center","background-size":"auto","background-attachment":"scroll","background-type":"","background-media":"","overlay-type":"","overlay-color":"","overlay-opacity":"","overlay-gradient":""},"mobile":{"background-color":"var(--ast-global-color-5)","background-image":"","background-repeat":"repeat","background-position":"center center","background-size":"auto","background-attachment":"scroll","background-type":"","background-media":"","overlay-type":"","overlay-color":"","overlay-opacity":"","overlay-gradient":""}},"_joinchat":[]},"product_brand":[],"product_cat":[776],"product_tag":[],"class_list":{"0":"post-17161","1":"product","2":"type-product","3":"status-publish","4":"has-post-thumbnail","6":"product_cat-rape-fr","7":"desktop-align-center","8":"tablet-align-left","9":"mobile-align-left","11":"first","12":"instock","13":"shipping-taxable","14":"purchasable","15":"product-type-variable"},"yoast_head":"<!-- This site is optimized with the Yoast SEO Premium plugin v22.6 (Yoast SEO v27.6) - https:\/\/yoast.com\/product\/yoast-seo-premium-wordpress\/ -->\n<title>Rap\u00e9 Cip\u00f3 Camalechi : Exploration du r\u00eave lucide et de la conscience int\u00e9rieure<\/title>\n<meta name=\"description\" content=\"D\u00e9couvrez la puissance du Cip\u00f3 Camalechi Snuff, un outil con\u00e7u pour ceux qui souhaitent approfondir la pratique du r\u00eave lucide. Ce rap\u00e9 facilite l&#039;acc\u00e8s \u00e0 un \u00e9tat de conscience dans lequel vous pouvez \u00eatre pleinement conscient que vous \u00eates en train de r\u00eaver,\" \/>\n<meta name=\"robots\" content=\"index, follow, max-snippet:-1, max-image-preview:large, max-video-preview:-1\" \/>\n<link rel=\"canonical\" href=\"https:\/\/ancestrina.com\/fr\/producto\/lotte-cipo-camalechi\/\" \/>\n<meta property=\"og:locale\" content=\"fr_FR\" \/>\n<meta property=\"og:type\" content=\"article\" \/>\n<meta property=\"og:title\" content=\"Cip\u00f3 Camalechi\" \/>\n<meta property=\"og:description\" content=\"D\u00e9couvrez la puissance du Cip\u00f3 Camalechi Snuff, un outil con\u00e7u pour ceux qui souhaitent approfondir la pratique du r\u00eave lucide. Ce rap\u00e9 facilite l&#039;acc\u00e8s \u00e0 un \u00e9tat de conscience dans lequel vous pouvez \u00eatre pleinement conscient que vous \u00eates en train de r\u00eaver,\" \/>\n<meta property=\"og:url\" content=\"https:\/\/ancestrina.com\/fr\/producto\/lotte-cipo-camalechi\/\" \/>\n<meta property=\"og:site_name\" content=\"Ancestrina\" \/>\n<meta property=\"article:publisher\" content=\"https:\/\/www.facebook.com\/Ancestrina\/\" \/>\n<meta property=\"article:modified_time\" content=\"2026-05-12T21:46:35+00:00\" \/>\n<meta property=\"og:image\" content=\"https:\/\/ancestrina.com\/wp-content\/uploads\/Cipo-camalechi.jpg\" \/>\n\t<meta property=\"og:image:width\" content=\"2048\" \/>\n\t<meta property=\"og:image:height\" content=\"2048\" \/>\n\t<meta property=\"og:image:type\" content=\"image\/jpeg\" \/>\n<meta name=\"twitter:card\" content=\"summary_large_image\" \/>\n<meta name=\"twitter:label1\" content=\"Dur\u00e9e de lecture estim\u00e9e\" \/>\n\t<meta name=\"twitter:data1\" content=\"2 minutes\" \/>\n<script type=\"application\/ld+json\" class=\"yoast-schema-graph\">{\"@context\":\"https:\\\/\\\/schema.org\",\"@graph\":[{\"@type\":\"WebPage\",\"@id\":\"https:\\\/\\\/ancestrina.com\\\/fr\\\/producto\\\/lotte-cipo-camalechi\\\/\",\"url\":\"https:\\\/\\\/ancestrina.com\\\/fr\\\/producto\\\/lotte-cipo-camalechi\\\/\",\"name\":\"Rap\u00e9 Cip\u00f3 Camalechi : Exploration du r\u00eave lucide et de la conscience int\u00e9rieure\",\"isPartOf\":{\"@id\":\"https:\\\/\\\/ancestrina.com\\\/fr\\\/#website\"},\"primaryImageOfPage\":{\"@id\":\"https:\\\/\\\/ancestrina.com\\\/fr\\\/producto\\\/lotte-cipo-camalechi\\\/#primaryimage\"},\"image\":{\"@id\":\"https:\\\/\\\/ancestrina.com\\\/fr\\\/producto\\\/lotte-cipo-camalechi\\\/#primaryimage\"},\"thumbnailUrl\":\"https:\\\/\\\/ancestrina.com\\\/wp-content\\\/uploads\\\/Cipo-camalechi.jpg\",\"datePublished\":\"2020-06-28T00:33:58+00:00\",\"dateModified\":\"2026-05-12T21:46:35+00:00\",\"description\":\"D\u00e9couvrez la puissance du Cip\u00f3 Camalechi Snuff, un outil con\u00e7u pour ceux qui souhaitent approfondir la pratique du r\u00eave lucide. Ce rap\u00e9 facilite l'acc\u00e8s \u00e0 un \u00e9tat de conscience dans lequel vous pouvez \u00eatre pleinement conscient que vous \u00eates en train de r\u00eaver,\",\"breadcrumb\":{\"@id\":\"https:\\\/\\\/ancestrina.com\\\/fr\\\/producto\\\/lotte-cipo-camalechi\\\/#breadcrumb\"},\"inLanguage\":\"fr-FR\",\"potentialAction\":[{\"@type\":\"ReadAction\",\"target\":[\"https:\\\/\\\/ancestrina.com\\\/fr\\\/producto\\\/lotte-cipo-camalechi\\\/\"]}]},{\"@type\":\"ImageObject\",\"inLanguage\":\"fr-FR\",\"@id\":\"https:\\\/\\\/ancestrina.com\\\/fr\\\/producto\\\/lotte-cipo-camalechi\\\/#primaryimage\",\"url\":\"https:\\\/\\\/ancestrina.com\\\/wp-content\\\/uploads\\\/Cipo-camalechi.jpg\",\"contentUrl\":\"https:\\\/\\\/ancestrina.com\\\/wp-content\\\/uploads\\\/Cipo-camalechi.jpg\",\"width\":2048,\"height\":2048},{\"@type\":\"BreadcrumbList\",\"@id\":\"https:\\\/\\\/ancestrina.com\\\/fr\\\/producto\\\/lotte-cipo-camalechi\\\/#breadcrumb\",\"itemListElement\":[{\"@type\":\"ListItem\",\"position\":1,\"name\":\"Home\",\"item\":\"https:\\\/\\\/ancestrina.com\\\/fr\\\/domicile\\\/\"},{\"@type\":\"ListItem\",\"position\":2,\"name\":\"boutique\",\"item\":\"https:\\\/\\\/ancestrina.com\\\/fr\\\/boutique\\\/\"},{\"@type\":\"ListItem\",\"position\":3,\"name\":\"Cip\u00f3 Camalechi\"}]},{\"@type\":\"WebSite\",\"@id\":\"https:\\\/\\\/ancestrina.com\\\/fr\\\/#website\",\"url\":\"https:\\\/\\\/ancestrina.com\\\/fr\\\/\",\"name\":\"Ancestrina\",\"description\":\"Trabajamos experiencias con plantas maestras, terapias integradoras y cultos ancestrales\",\"publisher\":{\"@id\":\"https:\\\/\\\/ancestrina.com\\\/fr\\\/#organization\"},\"potentialAction\":[{\"@type\":\"SearchAction\",\"target\":{\"@type\":\"EntryPoint\",\"urlTemplate\":\"https:\\\/\\\/ancestrina.com\\\/fr\\\/?s={search_term_string}\"},\"query-input\":{\"@type\":\"PropertyValueSpecification\",\"valueRequired\":true,\"valueName\":\"search_term_string\"}}],\"inLanguage\":\"fr-FR\"},{\"@type\":\"Organization\",\"@id\":\"https:\\\/\\\/ancestrina.com\\\/fr\\\/#organization\",\"name\":\"Ancestrina\",\"url\":\"https:\\\/\\\/ancestrina.com\\\/fr\\\/\",\"logo\":{\"@type\":\"ImageObject\",\"inLanguage\":\"fr-FR\",\"@id\":\"https:\\\/\\\/ancestrina.com\\\/fr\\\/#\\\/schema\\\/logo\\\/image\\\/\",\"url\":\"https:\\\/\\\/ancestrina.com\\\/wp-content\\\/uploads\\\/2020\\\/06\\\/cropped-LOGO-ANCESTRINA-1.png\",\"contentUrl\":\"https:\\\/\\\/ancestrina.com\\\/wp-content\\\/uploads\\\/2020\\\/06\\\/cropped-LOGO-ANCESTRINA-1.png\",\"width\":630,\"height\":202,\"caption\":\"Ancestrina\"},\"image\":{\"@id\":\"https:\\\/\\\/ancestrina.com\\\/fr\\\/#\\\/schema\\\/logo\\\/image\\\/\"},\"sameAs\":[\"https:\\\/\\\/www.facebook.com\\\/Ancestrina\\\/\",\"https:\\\/\\\/www.instagram.com\\\/ancestrina\\\/\",\"https:\\\/\\\/www.youtube.com\\\/channel\\\/UCgtt6WFhEIVEI30PzxlOeIw\"]}]}<\/script>\n<!-- \/ Yoast SEO Premium plugin. -->","yoast_head_json":{"title":"Rap\u00e9 Cip\u00f3 Camalechi : Exploration du r\u00eave lucide et de la conscience int\u00e9rieure","description":"D\u00e9couvrez la puissance du Cip\u00f3 Camalechi Snuff, un outil con\u00e7u pour ceux qui souhaitent approfondir la pratique du r\u00eave lucide. Ce rap\u00e9 facilite l'acc\u00e8s \u00e0 un \u00e9tat de conscience dans lequel vous pouvez \u00eatre pleinement conscient que vous \u00eates en train de r\u00eaver,","robots":{"index":"index","follow":"follow","max-snippet":"max-snippet:-1","max-image-preview":"max-image-preview:large","max-video-preview":"max-video-preview:-1"},"canonical":"https:\/\/ancestrina.com\/fr\/producto\/lotte-cipo-camalechi\/","og_locale":"fr_FR","og_type":"article","og_title":"Cip\u00f3 Camalechi","og_description":"D\u00e9couvrez la puissance du Cip\u00f3 Camalechi Snuff, un outil con\u00e7u pour ceux qui souhaitent approfondir la pratique du r\u00eave lucide. Ce rap\u00e9 facilite l'acc\u00e8s \u00e0 un \u00e9tat de conscience dans lequel vous pouvez \u00eatre pleinement conscient que vous \u00eates en train de r\u00eaver,","og_url":"https:\/\/ancestrina.com\/fr\/producto\/lotte-cipo-camalechi\/","og_site_name":"Ancestrina","article_publisher":"https:\/\/www.facebook.com\/Ancestrina\/","article_modified_time":"2026-05-12T21:46:35+00:00","og_image":[{"width":2048,"height":2048,"url":"https:\/\/ancestrina.com\/wp-content\/uploads\/Cipo-camalechi.jpg","type":"image\/jpeg"}],"twitter_card":"summary_large_image","twitter_misc":{"Dur\u00e9e de lecture estim\u00e9e":"2 minutes"},"schema":{"@context":"https:\/\/schema.org","@graph":[{"@type":"WebPage","@id":"https:\/\/ancestrina.com\/fr\/producto\/lotte-cipo-camalechi\/","url":"https:\/\/ancestrina.com\/fr\/producto\/lotte-cipo-camalechi\/","name":"Rap\u00e9 Cip\u00f3 Camalechi : Exploration du r\u00eave lucide et de la conscience int\u00e9rieure","isPartOf":{"@id":"https:\/\/ancestrina.com\/fr\/#website"},"primaryImageOfPage":{"@id":"https:\/\/ancestrina.com\/fr\/producto\/lotte-cipo-camalechi\/#primaryimage"},"image":{"@id":"https:\/\/ancestrina.com\/fr\/producto\/lotte-cipo-camalechi\/#primaryimage"},"thumbnailUrl":"https:\/\/ancestrina.com\/wp-content\/uploads\/Cipo-camalechi.jpg","datePublished":"2020-06-28T00:33:58+00:00","dateModified":"2026-05-12T21:46:35+00:00","description":"D\u00e9couvrez la puissance du Cip\u00f3 Camalechi Snuff, un outil con\u00e7u pour ceux qui souhaitent approfondir la pratique du r\u00eave lucide. Ce rap\u00e9 facilite l'acc\u00e8s \u00e0 un \u00e9tat de conscience dans lequel vous pouvez \u00eatre pleinement conscient que vous \u00eates en train de r\u00eaver,","breadcrumb":{"@id":"https:\/\/ancestrina.com\/fr\/producto\/lotte-cipo-camalechi\/#breadcrumb"},"inLanguage":"fr-FR","potentialAction":[{"@type":"ReadAction","target":["https:\/\/ancestrina.com\/fr\/producto\/lotte-cipo-camalechi\/"]}]},{"@type":"ImageObject","inLanguage":"fr-FR","@id":"https:\/\/ancestrina.com\/fr\/producto\/lotte-cipo-camalechi\/#primaryimage","url":"https:\/\/ancestrina.com\/wp-content\/uploads\/Cipo-camalechi.jpg","contentUrl":"https:\/\/ancestrina.com\/wp-content\/uploads\/Cipo-camalechi.jpg","width":2048,"height":2048},{"@type":"BreadcrumbList","@id":"https:\/\/ancestrina.com\/fr\/producto\/lotte-cipo-camalechi\/#breadcrumb","itemListElement":[{"@type":"ListItem","position":1,"name":"Home","item":"https:\/\/ancestrina.com\/fr\/domicile\/"},{"@type":"ListItem","position":2,"name":"boutique","item":"https:\/\/ancestrina.com\/fr\/boutique\/"},{"@type":"ListItem","position":3,"name":"Cip\u00f3 Camalechi"}]},{"@type":"WebSite","@id":"https:\/\/ancestrina.com\/fr\/#website","url":"https:\/\/ancestrina.com\/fr\/","name":"Ancestrina","description":"Trabajamos experiencias con plantas maestras, terapias integradoras y cultos ancestrales","publisher":{"@id":"https:\/\/ancestrina.com\/fr\/#organization"},"potentialAction":[{"@type":"SearchAction","target":{"@type":"EntryPoint","urlTemplate":"https:\/\/ancestrina.com\/fr\/?s={search_term_string}"},"query-input":{"@type":"PropertyValueSpecification","valueRequired":true,"valueName":"search_term_string"}}],"inLanguage":"fr-FR"},{"@type":"Organization","@id":"https:\/\/ancestrina.com\/fr\/#organization","name":"Ancestrina","url":"https:\/\/ancestrina.com\/fr\/","logo":{"@type":"ImageObject","inLanguage":"fr-FR","@id":"https:\/\/ancestrina.com\/fr\/#\/schema\/logo\/image\/","url":"https:\/\/ancestrina.com\/wp-content\/uploads\/2020\/06\/cropped-LOGO-ANCESTRINA-1.png","contentUrl":"https:\/\/ancestrina.com\/wp-content\/uploads\/2020\/06\/cropped-LOGO-ANCESTRINA-1.png","width":630,"height":202,"caption":"Ancestrina"},"image":{"@id":"https:\/\/ancestrina.com\/fr\/#\/schema\/logo\/image\/"},"sameAs":["https:\/\/www.facebook.com\/Ancestrina\/","https:\/\/www.instagram.com\/ancestrina\/","https:\/\/www.youtube.com\/channel\/UCgtt6WFhEIVEI30PzxlOeIw"]}]}},"_links":{"self":[{"href":"https:\/\/ancestrina.com\/fr\/wp-json\/wp\/v2\/product\/17161","targetHints":{"allow":["GET"]}}],"collection":[{"href":"https:\/\/ancestrina.com\/fr\/wp-json\/wp\/v2\/product"}],"about":[{"href":"https:\/\/ancestrina.com\/fr\/wp-json\/wp\/v2\/types\/product"}],"replies":[{"embeddable":true,"href":"https:\/\/ancestrina.com\/fr\/wp-json\/wp\/v2\/comments?post=17161"}],"version-history":[{"count":2,"href":"https:\/\/ancestrina.com\/fr\/wp-json\/wp\/v2\/product\/17161\/revisions"}],"predecessor-version":[{"id":37905,"href":"https:\/\/ancestrina.com\/fr\/wp-json\/wp\/v2\/product\/17161\/revisions\/37905"}],"wp:featuredmedia":[{"embeddable":true,"href":"https:\/\/ancestrina.com\/fr\/wp-json\/wp\/v2\/media\/34615"}],"wp:attachment":[{"href":"https:\/\/ancestrina.com\/fr\/wp-json\/wp\/v2\/media?parent=17161"}],"wp:term":[{"taxonomy":"product_brand","embeddable":true,"href":"https:\/\/ancestrina.com\/fr\/wp-json\/wp\/v2\/product_brand?post=17161"},{"taxonomy":"product_cat","embeddable":true,"href":"https:\/\/ancestrina.com\/fr\/wp-json\/wp\/v2\/product_cat?post=17161"},{"taxonomy":"product_tag","embeddable":true,"href":"https:\/\/ancestrina.com\/fr\/wp-json\/wp\/v2\/product_tag?post=17161"}],"curies":[{"name":"wp","href":"https:\/\/api.w.org\/{rel}","templated":true}]}}