{"id":17136,"date":"2020-06-28T16:32:18","date_gmt":"2020-06-28T16:32:18","guid":{"rendered":"http:\/\/ancestrina.com\/producto\/rape-jatoba\/"},"modified":"2026-05-12T16:39:39","modified_gmt":"2026-05-12T21:39:39","slug":"lotte-jatoba","status":"publish","type":"product","link":"https:\/\/ancestrina.com\/fr\/producto\/lotte-jatoba\/","title":{"rendered":"Jatoba"},"content":{"rendered":"<p>Le Raphe Khatobah est un outil spirituel puissant con\u00e7u pour ceux qui cherchent \u00e0 reprendre le contr\u00f4le de leur esprit et \u00e0 aligner leurs pens\u00e9es sur leur v\u00e9ritable personnalit\u00e9. Ce rap\u00e9 unique aide \u00e0 distinguer et \u00e0 s\u00e9parer l&rsquo;observateur int\u00e9rieur des pens\u00e9es envahissantes ou dominantes, facilitant un changement dans la dynamique mentale o\u00f9 l&rsquo;esprit devient un alli\u00e9 et non un tyran.<\/p>\n<p><strong>Principales caract\u00e9ristiques du Rap\u00e9 Khatob\u00e1 :<\/strong><\/p>\n<ul>\n<li><strong>Renforcer<\/strong> l&rsquo;observateur <strong>:<\/strong> renforce la pr\u00e9sence de l&rsquo;observateur int\u00e9rieur, ce qui vous permet de reconna\u00eetre et de g\u00e9rer vos pens\u00e9es sans vous y identifier compl\u00e8tement.<\/li>\n<li><strong>Alliance mentale :<\/strong> Transformez votre relation avec votre esprit, en favorisant une approche o\u00f9 les pens\u00e9es sont au service de vos objectifs et non l&rsquo;inverse.<\/li>\n<li><strong>R\u00e9duction de la domination mentale :<\/strong> soulage la pression d&rsquo;\u00eatre constamment contr\u00f4l\u00e9 par l&rsquo;esprit, ouvrant l&rsquo;espace pour une plus grande paix et authenticit\u00e9 dans la vie quotidienne.<\/li>\n<\/ul>\n<p><strong>Avantages du Rap\u00e9 Khatob\u00e1 :<\/strong><\/p>\n<ol>\n<li><strong>Une plus grande paix int\u00e9rieure :<\/strong> diminue les turbulences mentales et favorise un \u00e9tat de calme, ce qui permet de prendre des d\u00e9cisions plus claires et plus conscientes.<\/li>\n<li><strong>Clart\u00e9 dans la prise de d\u00e9cision :<\/strong> En \u00e9tant moins identifi\u00e9 \u00e0 chaque pens\u00e9e, vous pouvez prendre des d\u00e9cisions qui refl\u00e8tent vos v\u00e9ritables d\u00e9sirs et besoins.<\/li>\n<li><strong>Authenticit\u00e9 et conscience de soi :<\/strong> Facilite une vie plus authentique et align\u00e9e avec qui vous \u00eates vraiment, vous lib\u00e9rant de l&rsquo;esclavage des r\u00e9actions impulsives et des pens\u00e9es automatiques.<\/li>\n<\/ol>\n<p><strong>Id\u00e9al pour :<\/strong><\/p>\n<ul>\n<li>Personnes cherchant \u00e0 se lib\u00e9rer de l&rsquo;oppression d&rsquo;un esprit trop actif.<\/li>\n<li>Les personnes int\u00e9ress\u00e9es par les techniques de pleine conscience et de m\u00e9ditation afin d&rsquo;am\u00e9liorer le contr\u00f4le de leur vie mentale.<\/li>\n<li>Toute personne souhaitant cultiver une relation plus saine et plus productive avec ses processus de pens\u00e9e.<\/li>\n<\/ul>\n<p>Le tabac \u00e0 priser Khatobah est plus qu&rsquo;un simple rap\u00e9 ; c&rsquo;est un chemin vers la libert\u00e9 mentale et l&rsquo;autonomisation personnelle. En l&rsquo;int\u00e9grant \u00e0 votre pratique du bien-\u00eatre, vous pouvez vous attendre \u00e0 une transformation profonde de la fa\u00e7on dont vous percevez votre esprit et interagissez avec lui.<\/p>\n","protected":false},"excerpt":{"rendered":"<p>Le Raphe Chatobah est un outil essentiel pour ceux qui cherchent \u00e0 \u00e9tablir un contr\u00f4le \u00e9quilibr\u00e9 sur leur esprit, favorisant la clart\u00e9 et l&rsquo;autonomisation de l&rsquo;observateur int\u00e9rieur. Ce rap\u00e9 vous aide \u00e0 vous s\u00e9parer de la tyrannie des pens\u00e9es envahissantes et \u00e0 utiliser votre esprit comme un alli\u00e9 pour atteindre vos objectifs et votre bien-\u00eatre personnel.<\/p>\n<p>Id\u00e9al pour ceux qui luttent contre l&rsquo;anxi\u00e9t\u00e9 mentale ou la sur-identification \u00e0 leurs pens\u00e9es, Raphe Chatobah offre une opportunit\u00e9 de vivre avec plus d&rsquo;authenticit\u00e9 et de paix. En renfor\u00e7ant l&rsquo;observateur, il permet une relation plus saine et plus productive avec vos processus mentaux, ouvrant la voie \u00e0 une libert\u00e9 durable et \u00e0 une plus grande harmonie int\u00e9rieure.<\/p>\n","protected":false},"featured_media":34776,"comment_status":"closed","ping_status":"closed","template":"","meta":{"order-bump-settings":[],"_wpfnl_thankyou_order_overview":"on","_wpfnl_thankyou_order_details":"on","_wpfnl_thankyou_billing_details":"on","_wpfnl_thankyou_shipping_details":"on","site-sidebar-layout":"default","site-content-layout":"plain-container","ast-site-content-layout":"normal-width-container","site-content-style":"unboxed","site-sidebar-style":"unboxed","ast-global-header-display":"","ast-banner-title-visibility":"","ast-main-header-display":"","ast-hfb-above-header-display":"","ast-hfb-below-header-display":"","ast-hfb-mobile-header-display":"","site-post-title":"","ast-breadcrumbs-content":"","ast-featured-img":"","footer-sml-layout":"","ast-disable-related-posts":"","theme-transparent-header-meta":"disabled","adv-header-id-meta":"","stick-header-meta":"","header-above-stick-meta":"","header-main-stick-meta":"","header-below-stick-meta":"","astra-migrate-meta-layouts":"default","ast-page-background-enabled":"default","ast-page-background-meta":{"desktop":{"background-color":"","background-image":"","background-repeat":"repeat","background-position":"center center","background-size":"auto","background-attachment":"scroll","background-type":"","background-media":"","overlay-type":"","overlay-color":"","overlay-opacity":"","overlay-gradient":""},"tablet":{"background-color":"","background-image":"","background-repeat":"repeat","background-position":"center center","background-size":"auto","background-attachment":"scroll","background-type":"","background-media":"","overlay-type":"","overlay-color":"","overlay-opacity":"","overlay-gradient":""},"mobile":{"background-color":"","background-image":"","background-repeat":"repeat","background-position":"center center","background-size":"auto","background-attachment":"scroll","background-type":"","background-media":"","overlay-type":"","overlay-color":"","overlay-opacity":"","overlay-gradient":""}},"ast-content-background-meta":{"desktop":{"background-color":"var(--ast-global-color-5)","background-image":"","background-repeat":"repeat","background-position":"center center","background-size":"auto","background-attachment":"scroll","background-type":"","background-media":"","overlay-type":"","overlay-color":"","overlay-opacity":"","overlay-gradient":""},"tablet":{"background-color":"var(--ast-global-color-5)","background-image":"","background-repeat":"repeat","background-position":"center center","background-size":"auto","background-attachment":"scroll","background-type":"","background-media":"","overlay-type":"","overlay-color":"","overlay-opacity":"","overlay-gradient":""},"mobile":{"background-color":"var(--ast-global-color-5)","background-image":"","background-repeat":"repeat","background-position":"center center","background-size":"auto","background-attachment":"scroll","background-type":"","background-media":"","overlay-type":"","overlay-color":"","overlay-opacity":"","overlay-gradient":""}},"_joinchat":[]},"product_brand":[],"product_cat":[776],"product_tag":[],"class_list":{"0":"post-17136","1":"product","2":"type-product","3":"status-publish","4":"has-post-thumbnail","6":"product_cat-rape-fr","7":"desktop-align-center","8":"tablet-align-left","9":"mobile-align-left","11":"first","12":"instock","13":"shipping-taxable","14":"purchasable","15":"product-type-variable"},"yoast_head":"<!-- This site is optimized with the Yoast SEO Premium plugin v22.6 (Yoast SEO v27.6) - https:\/\/yoast.com\/product\/yoast-seo-premium-wordpress\/ -->\n<title>Rap\u00e9 Chatob\u00e1 : Renforcer l&#039;observateur et la clart\u00e9 mentale<\/title>\n<meta name=\"description\" content=\"D\u00e9couvrez le rap\u00e9 Khatobah, un puissant outil spirituel qui vous aide \u00e0 reprendre le contr\u00f4le de votre esprit et \u00e0 aligner vos pens\u00e9es sur votre v\u00e9ritable moi. Ce tabac \u00e0 priser unique renforce la pr\u00e9sence de l&#039;observateur int\u00e9rieur, transformant la relation avec l&#039;esprit pour qu&#039;il devienne un alli\u00e9 et non un tyran. Faites l&#039;exp\u00e9rience d&#039;une plus grande paix int\u00e9rieure, d&#039;une plus grande clart\u00e9 dans la prise de d\u00e9cision et d&#039;une plus grande authenticit\u00e9 dans votre vie quotidienne en vous lib\u00e9rant de l&#039;oppression d&#039;un esprit hyperactif. Int\u00e9grez le Rap\u00e9 Khatobah dans votre pratique de bien-\u00eatre et exp\u00e9rimentez une transformation profonde dans la fa\u00e7on dont vous percevez et interagissez avec votre esprit.\" \/>\n<meta name=\"robots\" content=\"index, follow, max-snippet:-1, max-image-preview:large, max-video-preview:-1\" \/>\n<link rel=\"canonical\" href=\"https:\/\/ancestrina.com\/fr\/producto\/lotte-jatoba\/\" \/>\n<meta property=\"og:locale\" content=\"fr_FR\" \/>\n<meta property=\"og:type\" content=\"article\" \/>\n<meta property=\"og:title\" content=\"Jatoba\" \/>\n<meta property=\"og:description\" content=\"D\u00e9couvrez le rap\u00e9 Khatobah, un puissant outil spirituel qui vous aide \u00e0 reprendre le contr\u00f4le de votre esprit et \u00e0 aligner vos pens\u00e9es sur votre v\u00e9ritable moi. Ce tabac \u00e0 priser unique renforce la pr\u00e9sence de l&#039;observateur int\u00e9rieur, transformant la relation avec l&#039;esprit pour qu&#039;il devienne un alli\u00e9 et non un tyran. Faites l&#039;exp\u00e9rience d&#039;une plus grande paix int\u00e9rieure, d&#039;une plus grande clart\u00e9 dans la prise de d\u00e9cision et d&#039;une plus grande authenticit\u00e9 dans votre vie quotidienne en vous lib\u00e9rant de l&#039;oppression d&#039;un esprit hyperactif. Int\u00e9grez le Rap\u00e9 Khatobah dans votre pratique de bien-\u00eatre et exp\u00e9rimentez une transformation profonde dans la fa\u00e7on dont vous percevez et interagissez avec votre esprit.\" \/>\n<meta property=\"og:url\" content=\"https:\/\/ancestrina.com\/fr\/producto\/lotte-jatoba\/\" \/>\n<meta property=\"og:site_name\" content=\"Ancestrina\" \/>\n<meta property=\"article:publisher\" content=\"https:\/\/www.facebook.com\/Ancestrina\/\" \/>\n<meta property=\"article:modified_time\" content=\"2026-05-12T21:39:39+00:00\" \/>\n<meta property=\"og:image\" content=\"https:\/\/ancestrina.com\/wp-content\/uploads\/jatoba.jpg\" \/>\n\t<meta property=\"og:image:width\" content=\"2048\" \/>\n\t<meta property=\"og:image:height\" content=\"2048\" \/>\n\t<meta property=\"og:image:type\" content=\"image\/jpeg\" \/>\n<meta name=\"twitter:card\" content=\"summary_large_image\" \/>\n<meta name=\"twitter:label1\" content=\"Dur\u00e9e de lecture estim\u00e9e\" \/>\n\t<meta name=\"twitter:data1\" content=\"2 minutes\" \/>\n<script type=\"application\/ld+json\" class=\"yoast-schema-graph\">{\"@context\":\"https:\\\/\\\/schema.org\",\"@graph\":[{\"@type\":\"WebPage\",\"@id\":\"https:\\\/\\\/ancestrina.com\\\/fr\\\/producto\\\/lotte-jatoba\\\/\",\"url\":\"https:\\\/\\\/ancestrina.com\\\/fr\\\/producto\\\/lotte-jatoba\\\/\",\"name\":\"Rap\u00e9 Chatob\u00e1 : Renforcer l'observateur et la clart\u00e9 mentale\",\"isPartOf\":{\"@id\":\"https:\\\/\\\/ancestrina.com\\\/fr\\\/#website\"},\"primaryImageOfPage\":{\"@id\":\"https:\\\/\\\/ancestrina.com\\\/fr\\\/producto\\\/lotte-jatoba\\\/#primaryimage\"},\"image\":{\"@id\":\"https:\\\/\\\/ancestrina.com\\\/fr\\\/producto\\\/lotte-jatoba\\\/#primaryimage\"},\"thumbnailUrl\":\"https:\\\/\\\/ancestrina.com\\\/wp-content\\\/uploads\\\/jatoba.jpg\",\"datePublished\":\"2020-06-28T16:32:18+00:00\",\"dateModified\":\"2026-05-12T21:39:39+00:00\",\"description\":\"D\u00e9couvrez le rap\u00e9 Khatobah, un puissant outil spirituel qui vous aide \u00e0 reprendre le contr\u00f4le de votre esprit et \u00e0 aligner vos pens\u00e9es sur votre v\u00e9ritable moi. Ce tabac \u00e0 priser unique renforce la pr\u00e9sence de l'observateur int\u00e9rieur, transformant la relation avec l'esprit pour qu'il devienne un alli\u00e9 et non un tyran. Faites l'exp\u00e9rience d'une plus grande paix int\u00e9rieure, d'une plus grande clart\u00e9 dans la prise de d\u00e9cision et d'une plus grande authenticit\u00e9 dans votre vie quotidienne en vous lib\u00e9rant de l'oppression d'un esprit hyperactif. Int\u00e9grez le Rap\u00e9 Khatobah dans votre pratique de bien-\u00eatre et exp\u00e9rimentez une transformation profonde dans la fa\u00e7on dont vous percevez et interagissez avec votre esprit.\",\"breadcrumb\":{\"@id\":\"https:\\\/\\\/ancestrina.com\\\/fr\\\/producto\\\/lotte-jatoba\\\/#breadcrumb\"},\"inLanguage\":\"fr-FR\",\"potentialAction\":[{\"@type\":\"ReadAction\",\"target\":[\"https:\\\/\\\/ancestrina.com\\\/fr\\\/producto\\\/lotte-jatoba\\\/\"]}]},{\"@type\":\"ImageObject\",\"inLanguage\":\"fr-FR\",\"@id\":\"https:\\\/\\\/ancestrina.com\\\/fr\\\/producto\\\/lotte-jatoba\\\/#primaryimage\",\"url\":\"https:\\\/\\\/ancestrina.com\\\/wp-content\\\/uploads\\\/jatoba.jpg\",\"contentUrl\":\"https:\\\/\\\/ancestrina.com\\\/wp-content\\\/uploads\\\/jatoba.jpg\",\"width\":2048,\"height\":2048},{\"@type\":\"BreadcrumbList\",\"@id\":\"https:\\\/\\\/ancestrina.com\\\/fr\\\/producto\\\/lotte-jatoba\\\/#breadcrumb\",\"itemListElement\":[{\"@type\":\"ListItem\",\"position\":1,\"name\":\"Home\",\"item\":\"https:\\\/\\\/ancestrina.com\\\/fr\\\/domicile\\\/\"},{\"@type\":\"ListItem\",\"position\":2,\"name\":\"boutique\",\"item\":\"https:\\\/\\\/ancestrina.com\\\/fr\\\/boutique\\\/\"},{\"@type\":\"ListItem\",\"position\":3,\"name\":\"Jatoba\"}]},{\"@type\":\"WebSite\",\"@id\":\"https:\\\/\\\/ancestrina.com\\\/fr\\\/#website\",\"url\":\"https:\\\/\\\/ancestrina.com\\\/fr\\\/\",\"name\":\"Ancestrina\",\"description\":\"Trabajamos experiencias con plantas maestras, terapias integradoras y cultos ancestrales\",\"publisher\":{\"@id\":\"https:\\\/\\\/ancestrina.com\\\/fr\\\/#organization\"},\"potentialAction\":[{\"@type\":\"SearchAction\",\"target\":{\"@type\":\"EntryPoint\",\"urlTemplate\":\"https:\\\/\\\/ancestrina.com\\\/fr\\\/?s={search_term_string}\"},\"query-input\":{\"@type\":\"PropertyValueSpecification\",\"valueRequired\":true,\"valueName\":\"search_term_string\"}}],\"inLanguage\":\"fr-FR\"},{\"@type\":\"Organization\",\"@id\":\"https:\\\/\\\/ancestrina.com\\\/fr\\\/#organization\",\"name\":\"Ancestrina\",\"url\":\"https:\\\/\\\/ancestrina.com\\\/fr\\\/\",\"logo\":{\"@type\":\"ImageObject\",\"inLanguage\":\"fr-FR\",\"@id\":\"https:\\\/\\\/ancestrina.com\\\/fr\\\/#\\\/schema\\\/logo\\\/image\\\/\",\"url\":\"https:\\\/\\\/ancestrina.com\\\/wp-content\\\/uploads\\\/2020\\\/06\\\/cropped-LOGO-ANCESTRINA-1.png\",\"contentUrl\":\"https:\\\/\\\/ancestrina.com\\\/wp-content\\\/uploads\\\/2020\\\/06\\\/cropped-LOGO-ANCESTRINA-1.png\",\"width\":630,\"height\":202,\"caption\":\"Ancestrina\"},\"image\":{\"@id\":\"https:\\\/\\\/ancestrina.com\\\/fr\\\/#\\\/schema\\\/logo\\\/image\\\/\"},\"sameAs\":[\"https:\\\/\\\/www.facebook.com\\\/Ancestrina\\\/\",\"https:\\\/\\\/www.instagram.com\\\/ancestrina\\\/\",\"https:\\\/\\\/www.youtube.com\\\/channel\\\/UCgtt6WFhEIVEI30PzxlOeIw\"]}]}<\/script>\n<!-- \/ Yoast SEO Premium plugin. -->","yoast_head_json":{"title":"Rap\u00e9 Chatob\u00e1 : Renforcer l'observateur et la clart\u00e9 mentale","description":"D\u00e9couvrez le rap\u00e9 Khatobah, un puissant outil spirituel qui vous aide \u00e0 reprendre le contr\u00f4le de votre esprit et \u00e0 aligner vos pens\u00e9es sur votre v\u00e9ritable moi. Ce tabac \u00e0 priser unique renforce la pr\u00e9sence de l'observateur int\u00e9rieur, transformant la relation avec l'esprit pour qu'il devienne un alli\u00e9 et non un tyran. Faites l'exp\u00e9rience d'une plus grande paix int\u00e9rieure, d'une plus grande clart\u00e9 dans la prise de d\u00e9cision et d'une plus grande authenticit\u00e9 dans votre vie quotidienne en vous lib\u00e9rant de l'oppression d'un esprit hyperactif. Int\u00e9grez le Rap\u00e9 Khatobah dans votre pratique de bien-\u00eatre et exp\u00e9rimentez une transformation profonde dans la fa\u00e7on dont vous percevez et interagissez avec votre esprit.","robots":{"index":"index","follow":"follow","max-snippet":"max-snippet:-1","max-image-preview":"max-image-preview:large","max-video-preview":"max-video-preview:-1"},"canonical":"https:\/\/ancestrina.com\/fr\/producto\/lotte-jatoba\/","og_locale":"fr_FR","og_type":"article","og_title":"Jatoba","og_description":"D\u00e9couvrez le rap\u00e9 Khatobah, un puissant outil spirituel qui vous aide \u00e0 reprendre le contr\u00f4le de votre esprit et \u00e0 aligner vos pens\u00e9es sur votre v\u00e9ritable moi. Ce tabac \u00e0 priser unique renforce la pr\u00e9sence de l'observateur int\u00e9rieur, transformant la relation avec l'esprit pour qu'il devienne un alli\u00e9 et non un tyran. Faites l'exp\u00e9rience d'une plus grande paix int\u00e9rieure, d'une plus grande clart\u00e9 dans la prise de d\u00e9cision et d'une plus grande authenticit\u00e9 dans votre vie quotidienne en vous lib\u00e9rant de l'oppression d'un esprit hyperactif. Int\u00e9grez le Rap\u00e9 Khatobah dans votre pratique de bien-\u00eatre et exp\u00e9rimentez une transformation profonde dans la fa\u00e7on dont vous percevez et interagissez avec votre esprit.","og_url":"https:\/\/ancestrina.com\/fr\/producto\/lotte-jatoba\/","og_site_name":"Ancestrina","article_publisher":"https:\/\/www.facebook.com\/Ancestrina\/","article_modified_time":"2026-05-12T21:39:39+00:00","og_image":[{"width":2048,"height":2048,"url":"https:\/\/ancestrina.com\/wp-content\/uploads\/jatoba.jpg","type":"image\/jpeg"}],"twitter_card":"summary_large_image","twitter_misc":{"Dur\u00e9e de lecture estim\u00e9e":"2 minutes"},"schema":{"@context":"https:\/\/schema.org","@graph":[{"@type":"WebPage","@id":"https:\/\/ancestrina.com\/fr\/producto\/lotte-jatoba\/","url":"https:\/\/ancestrina.com\/fr\/producto\/lotte-jatoba\/","name":"Rap\u00e9 Chatob\u00e1 : Renforcer l'observateur et la clart\u00e9 mentale","isPartOf":{"@id":"https:\/\/ancestrina.com\/fr\/#website"},"primaryImageOfPage":{"@id":"https:\/\/ancestrina.com\/fr\/producto\/lotte-jatoba\/#primaryimage"},"image":{"@id":"https:\/\/ancestrina.com\/fr\/producto\/lotte-jatoba\/#primaryimage"},"thumbnailUrl":"https:\/\/ancestrina.com\/wp-content\/uploads\/jatoba.jpg","datePublished":"2020-06-28T16:32:18+00:00","dateModified":"2026-05-12T21:39:39+00:00","description":"D\u00e9couvrez le rap\u00e9 Khatobah, un puissant outil spirituel qui vous aide \u00e0 reprendre le contr\u00f4le de votre esprit et \u00e0 aligner vos pens\u00e9es sur votre v\u00e9ritable moi. Ce tabac \u00e0 priser unique renforce la pr\u00e9sence de l'observateur int\u00e9rieur, transformant la relation avec l'esprit pour qu'il devienne un alli\u00e9 et non un tyran. Faites l'exp\u00e9rience d'une plus grande paix int\u00e9rieure, d'une plus grande clart\u00e9 dans la prise de d\u00e9cision et d'une plus grande authenticit\u00e9 dans votre vie quotidienne en vous lib\u00e9rant de l'oppression d'un esprit hyperactif. Int\u00e9grez le Rap\u00e9 Khatobah dans votre pratique de bien-\u00eatre et exp\u00e9rimentez une transformation profonde dans la fa\u00e7on dont vous percevez et interagissez avec votre esprit.","breadcrumb":{"@id":"https:\/\/ancestrina.com\/fr\/producto\/lotte-jatoba\/#breadcrumb"},"inLanguage":"fr-FR","potentialAction":[{"@type":"ReadAction","target":["https:\/\/ancestrina.com\/fr\/producto\/lotte-jatoba\/"]}]},{"@type":"ImageObject","inLanguage":"fr-FR","@id":"https:\/\/ancestrina.com\/fr\/producto\/lotte-jatoba\/#primaryimage","url":"https:\/\/ancestrina.com\/wp-content\/uploads\/jatoba.jpg","contentUrl":"https:\/\/ancestrina.com\/wp-content\/uploads\/jatoba.jpg","width":2048,"height":2048},{"@type":"BreadcrumbList","@id":"https:\/\/ancestrina.com\/fr\/producto\/lotte-jatoba\/#breadcrumb","itemListElement":[{"@type":"ListItem","position":1,"name":"Home","item":"https:\/\/ancestrina.com\/fr\/domicile\/"},{"@type":"ListItem","position":2,"name":"boutique","item":"https:\/\/ancestrina.com\/fr\/boutique\/"},{"@type":"ListItem","position":3,"name":"Jatoba"}]},{"@type":"WebSite","@id":"https:\/\/ancestrina.com\/fr\/#website","url":"https:\/\/ancestrina.com\/fr\/","name":"Ancestrina","description":"Trabajamos experiencias con plantas maestras, terapias integradoras y cultos ancestrales","publisher":{"@id":"https:\/\/ancestrina.com\/fr\/#organization"},"potentialAction":[{"@type":"SearchAction","target":{"@type":"EntryPoint","urlTemplate":"https:\/\/ancestrina.com\/fr\/?s={search_term_string}"},"query-input":{"@type":"PropertyValueSpecification","valueRequired":true,"valueName":"search_term_string"}}],"inLanguage":"fr-FR"},{"@type":"Organization","@id":"https:\/\/ancestrina.com\/fr\/#organization","name":"Ancestrina","url":"https:\/\/ancestrina.com\/fr\/","logo":{"@type":"ImageObject","inLanguage":"fr-FR","@id":"https:\/\/ancestrina.com\/fr\/#\/schema\/logo\/image\/","url":"https:\/\/ancestrina.com\/wp-content\/uploads\/2020\/06\/cropped-LOGO-ANCESTRINA-1.png","contentUrl":"https:\/\/ancestrina.com\/wp-content\/uploads\/2020\/06\/cropped-LOGO-ANCESTRINA-1.png","width":630,"height":202,"caption":"Ancestrina"},"image":{"@id":"https:\/\/ancestrina.com\/fr\/#\/schema\/logo\/image\/"},"sameAs":["https:\/\/www.facebook.com\/Ancestrina\/","https:\/\/www.instagram.com\/ancestrina\/","https:\/\/www.youtube.com\/channel\/UCgtt6WFhEIVEI30PzxlOeIw"]}]}},"_links":{"self":[{"href":"https:\/\/ancestrina.com\/fr\/wp-json\/wp\/v2\/product\/17136","targetHints":{"allow":["GET"]}}],"collection":[{"href":"https:\/\/ancestrina.com\/fr\/wp-json\/wp\/v2\/product"}],"about":[{"href":"https:\/\/ancestrina.com\/fr\/wp-json\/wp\/v2\/types\/product"}],"replies":[{"embeddable":true,"href":"https:\/\/ancestrina.com\/fr\/wp-json\/wp\/v2\/comments?post=17136"}],"version-history":[{"count":2,"href":"https:\/\/ancestrina.com\/fr\/wp-json\/wp\/v2\/product\/17136\/revisions"}],"predecessor-version":[{"id":37924,"href":"https:\/\/ancestrina.com\/fr\/wp-json\/wp\/v2\/product\/17136\/revisions\/37924"}],"wp:featuredmedia":[{"embeddable":true,"href":"https:\/\/ancestrina.com\/fr\/wp-json\/wp\/v2\/media\/34776"}],"wp:attachment":[{"href":"https:\/\/ancestrina.com\/fr\/wp-json\/wp\/v2\/media?parent=17136"}],"wp:term":[{"taxonomy":"product_brand","embeddable":true,"href":"https:\/\/ancestrina.com\/fr\/wp-json\/wp\/v2\/product_brand?post=17136"},{"taxonomy":"product_cat","embeddable":true,"href":"https:\/\/ancestrina.com\/fr\/wp-json\/wp\/v2\/product_cat?post=17136"},{"taxonomy":"product_tag","embeddable":true,"href":"https:\/\/ancestrina.com\/fr\/wp-json\/wp\/v2\/product_tag?post=17136"}],"curies":[{"name":"wp","href":"https:\/\/api.w.org\/{rel}","templated":true}]}}