{"id":17114,"date":"2020-06-28T16:54:14","date_gmt":"2020-06-28T16:54:14","guid":{"rendered":"http:\/\/ancestrina.com\/producto\/rape-tsunu\/"},"modified":"2026-05-12T16:39:29","modified_gmt":"2026-05-12T21:39:29","slug":"lotte-tsunu","status":"publish","type":"product","link":"https:\/\/ancestrina.com\/fr\/producto\/lotte-tsunu\/","title":{"rendered":"Tsunu"},"content":{"rendered":"<p>Le rap\u00e9Tsunu est connu pour \u00eatre l&rsquo;un des m\u00e9dicaments les plus aimants et respectueux de notre collection, offrant un d\u00e9blocage en douceur des canaux \u00e9nerg\u00e9tiques qui permet \u00e0 l&rsquo;\u00e9nergie de circuler librement dans le corps. Ce raph\u00e9 fonctionne harmonieusement pour aider \u00e0 \u00e9quilibrer tous les chakras, facilitant un \u00e9tat de bien-\u00eatre holistique et favorisant une connexion profonde avec l&rsquo;amour en tant que force de gu\u00e9rison essentielle.<\/p>\n<p><strong>Principales caract\u00e9ristiques du rap\u00e9 Tsunu :<\/strong><\/p>\n<ul>\n<li><strong>Aimant et respectueux :<\/strong> il est connu pour son approche douce et aimante, qui rend l&rsquo;exp\u00e9rience de gu\u00e9rison paisible et profond\u00e9ment respectueuse.<\/li>\n<li><strong>D\u00e9blocage de l&rsquo;\u00e9nergie :<\/strong> aide \u00e0 lib\u00e9rer les blocages dans les canaux ida et pingala, garantissant que l&rsquo;\u00e9nergie circule sans entrave \u00e0 travers les chakras.<\/li>\n<li><strong>Soutien holistique :<\/strong> Bien qu&rsquo;il ne se concentre pas sur un seul chakra, l&rsquo;effet global sur tous les chakras contribue \u00e0 un \u00e9quilibre \u00e9nerg\u00e9tique g\u00e9n\u00e9ral.<\/li>\n<li><strong>Diagnostic \u00e9nerg\u00e9tique :<\/strong> agit comme un \u00ab\u00a0diagnostic\u00a0\u00bb r\u00e9v\u00e9lant les zones de blocage \u00e9nerg\u00e9tique et clarifiant les centres qui ont besoin d&rsquo;attention.<\/li>\n<\/ul>\n<p><strong>Id\u00e9al pour :<\/strong><\/p>\n<ul>\n<li>Personnes souhaitant s&rsquo;initier en douceur aux pratiques de gu\u00e9rison par le rap\u00e9.<\/li>\n<li>Ceux qui pr\u00e9f\u00e8rent une approche holistique de l&rsquo;\u00e9quilibre \u00e9nerg\u00e9tique et spirituel.<\/li>\n<li>Les personnes \u00e0 la recherche d&rsquo;un outil de m\u00e9ditation qui favorise la paix int\u00e9rieure et l&rsquo;harmonie.<\/li>\n<li>Toute personne d\u00e9sireuse d&rsquo;explorer l&rsquo;amour comme une puissante force de transmutation dans sa vie.<\/li>\n<\/ul>\n<p>Tsunu Snuff est plus qu&rsquo;un simple tabac \u00e0 priser ; c&rsquo;est une invitation \u00e0 faire l&rsquo;exp\u00e9rience de la gu\u00e9rison par l&rsquo;amour et la compr\u00e9hension, permettant \u00e0 chaque utilisateur de d\u00e9couvrir de nouvelles formes d&rsquo;harmonie et d&rsquo;\u00e9quilibre int\u00e9rieurs. Int\u00e9grez ce rap\u00e9 \u00e0 votre pratique spirituelle et observez comment il facilite une transformation douce mais puissante sur votre chemin vers le bien-\u00eatre. <\/p>\n<p>De nombreuses personnes ont recours \u00e0 des rituels pour obtenir de la chance, de l&rsquo;amour ou de l&rsquo;argent, mais aussi pour \u00e9loigner les mauvaises ondes ou les mauvaises \u00e9nergies des personnes qui les entourent. Dans les bureaux ou les lieux de travail, l&rsquo;\u00e9nergie de nombreuses personnes circule, et ceux qui y travaillent sont pris entre les bonnes et les mauvaises \u00e9nergies &#8211; superstition ? Un pouvoir de l&rsquo;inconscient collectif ? Quoi qu&rsquo;il en soit, pour \u00e9viter la mauvaise humeur, les mauvaises vibrations, l&rsquo;envie, la jalousie ou la \u00ab\u00a0malchance\u00a0\u00bb, notre rap\u00e9 Tsunu est un protecteur et un nettoyeur \u00e9nerg\u00e9tique sans pareil.<\/p>\n","protected":false},"excerpt":{"rendered":"<div class=\"flex-1 overflow-hidden\">\n<div class=\"h-full\">\n<div class=\"react-scroll-to-bottom--css-npxay-79elbk h-full\">\n<div class=\"react-scroll-to-bottom--css-npxay-1n7m0yu\">\n<div class=\"flex flex-col text-sm\">\n<article class=\"w-full text-token-text-primary focus-visible:outline-2 focus-visible:outline-offset-[-4px]\" dir=\"auto\" data-testid=\"conversation-turn-11\" data-scroll-anchor=\"true\">\n<div class=\"m-auto text-base py-[18px] px-3 md:px-4 w-full md:px-5 lg:px-4 xl:px-5\">\n<div class=\"mx-auto flex flex-1 gap-4 text-base md:gap-5 lg:gap-6 md:max-w-3xl lg:max-w-[40rem] xl:max-w-[48rem]\">\n<div class=\"group\/conversation-turn relative flex w-full min-w-0 flex-col agent-turn\">\n<div class=\"flex-col gap-1 md:gap-3\">\n<div class=\"flex max-w-full flex-col flex-grow\">\n<div class=\"min-h-8 text-message flex w-full flex-col items-end gap-2 whitespace-normal break-words [.text-message+&amp;]:mt-5\" dir=\"auto\" data-message-author-role=\"assistant\" data-message-id=\"bd3e0616-d616-42da-9a5e-372681507995\" data-message-model-slug=\"gpt-4o\">\n<div class=\"flex w-full flex-col gap-1 empty:hidden first:pt-[3px]\">\n<div class=\"markdown prose w-full break-words dark:prose-invert light\">\n<p>Le Tsunu Snuff est un m\u00e9dicament spirituel connu pour sa capacit\u00e9 \u00e0 identifier les blocages \u00e9nerg\u00e9tiques et \u00e0 harmoniser les canaux par lesquels circule l&rsquo;\u00e9nergie vitale. Contrairement aux autres tabacs \u00e0 priser qui agissent sur les chakras, Tsunu se concentre sur les canaux \u00e9nerg\u00e9tiques, vous aidant \u00e0 sentir pr\u00e9cis\u00e9ment o\u00f9 se trouvent les blocages. <\/p>\n<p>Ce rap\u00e9 est id\u00e9al pour ceux qui recherchent une exp\u00e9rience de diagnostic \u00e9nerg\u00e9tique, car il aiguise les sens, vous permettant de localiser et de travailler sur les zones qui ont besoin d&rsquo;attention. Gr\u00e2ce \u00e0 son action douce mais profonde, le tabac \u00e0 priser Tsunu d\u00e9bloque ces canaux, favorisant une libre circulation \u00e9nerg\u00e9tique qui apporte clart\u00e9 et bien-\u00eatre \u00e9motionnel. <\/p>\n<\/div>\n<\/div>\n<\/div>\n<\/div>\n<\/div>\n<\/div>\n<\/div>\n<\/div>\n<\/article>\n<\/div>\n<\/div>\n<\/div>\n<\/div>\n<\/div>\n<div class=\"md:pt-0 dark:border-white\/20 md:border-transparent md:dark:border-transparent w-full\">\n<div>\n<div class=\"m-auto text-base px-3 md:px-4 w-full md:px-5 lg:px-4 xl:px-5\">\n<div class=\"mx-auto flex flex-1 gap-4 text-base md:gap-5 lg:gap-6 md:max-w-3xl lg:max-w-[40rem] xl:max-w-[48rem]\">\n<form class=\"w-full\" aria-haspopup=\"dialog\" aria-expanded=\"false\" aria-controls=\"radix-:rb:\" data-state=\"closed\">\n<div class=\"relative flex h-full max-w-full flex-1 flex-col\">\n<div class=\"absolute bottom-full left-0 right-0 z-20\">\n<div class=\"relative h-full w-full\">\n<div class=\"mb-2 flex flex-col gap-3.5 pt-2\"><\/div>\n<\/div>\n<\/div>\n<\/div>\n<\/form>\n<\/div>\n<\/div>\n<\/div>\n<\/div>\n","protected":false},"featured_media":35175,"comment_status":"closed","ping_status":"closed","template":"","meta":{"order-bump-settings":[],"_wpfnl_thankyou_order_overview":"on","_wpfnl_thankyou_order_details":"on","_wpfnl_thankyou_billing_details":"on","_wpfnl_thankyou_shipping_details":"on","site-sidebar-layout":"default","site-content-layout":"plain-container","ast-site-content-layout":"normal-width-container","site-content-style":"unboxed","site-sidebar-style":"unboxed","ast-global-header-display":"","ast-banner-title-visibility":"","ast-main-header-display":"","ast-hfb-above-header-display":"","ast-hfb-below-header-display":"","ast-hfb-mobile-header-display":"","site-post-title":"","ast-breadcrumbs-content":"","ast-featured-img":"","footer-sml-layout":"","ast-disable-related-posts":"","theme-transparent-header-meta":"disabled","adv-header-id-meta":"","stick-header-meta":"","header-above-stick-meta":"","header-main-stick-meta":"","header-below-stick-meta":"","astra-migrate-meta-layouts":"default","ast-page-background-enabled":"default","ast-page-background-meta":{"desktop":{"background-color":"","background-image":"","background-repeat":"repeat","background-position":"center center","background-size":"auto","background-attachment":"scroll","background-type":"","background-media":"","overlay-type":"","overlay-color":"","overlay-opacity":"","overlay-gradient":""},"tablet":{"background-color":"","background-image":"","background-repeat":"repeat","background-position":"center center","background-size":"auto","background-attachment":"scroll","background-type":"","background-media":"","overlay-type":"","overlay-color":"","overlay-opacity":"","overlay-gradient":""},"mobile":{"background-color":"","background-image":"","background-repeat":"repeat","background-position":"center center","background-size":"auto","background-attachment":"scroll","background-type":"","background-media":"","overlay-type":"","overlay-color":"","overlay-opacity":"","overlay-gradient":""}},"ast-content-background-meta":{"desktop":{"background-color":"var(--ast-global-color-5)","background-image":"","background-repeat":"repeat","background-position":"center center","background-size":"auto","background-attachment":"scroll","background-type":"","background-media":"","overlay-type":"","overlay-color":"","overlay-opacity":"","overlay-gradient":""},"tablet":{"background-color":"var(--ast-global-color-5)","background-image":"","background-repeat":"repeat","background-position":"center center","background-size":"auto","background-attachment":"scroll","background-type":"","background-media":"","overlay-type":"","overlay-color":"","overlay-opacity":"","overlay-gradient":""},"mobile":{"background-color":"var(--ast-global-color-5)","background-image":"","background-repeat":"repeat","background-position":"center center","background-size":"auto","background-attachment":"scroll","background-type":"","background-media":"","overlay-type":"","overlay-color":"","overlay-opacity":"","overlay-gradient":""}},"_joinchat":[]},"product_brand":[],"product_cat":[776],"product_tag":[],"class_list":{"0":"post-17114","1":"product","2":"type-product","3":"status-publish","4":"has-post-thumbnail","6":"product_cat-rape-fr","7":"desktop-align-center","8":"tablet-align-left","9":"mobile-align-left","11":"first","12":"instock","13":"shipping-taxable","14":"purchasable","15":"product-type-variable"},"yoast_head":"<!-- This site is optimized with the Yoast SEO Premium plugin v22.6 (Yoast SEO v27.6) - https:\/\/yoast.com\/product\/yoast-seo-premium-wordpress\/ -->\n<title>Tsunu Rap\u00e9 : Gu\u00e9rison douce et \u00e9quilibrage \u00e9nerg\u00e9tique<\/title>\n<meta name=\"description\" content=\"D\u00e9couvrez le pouvoir d&#039;amour et de respect du rap\u00e9 Tsunu, une m\u00e9decine douce qui d\u00e9bloque les canaux \u00e9nerg\u00e9tiques et \u00e9quilibre les chakras. Id\u00e9al pour une introduction en douceur aux pratiques de gu\u00e9rison par le rap\u00e9, cet \u00e9lixir favorise la paix et l&#039;harmonie int\u00e9rieures, en r\u00e9v\u00e9lant les zones de blocage \u00e9nerg\u00e9tique et en facilitant une transformation puissante par l&#039;amour et la compr\u00e9hension. Prot\u00e9gez et nettoyez votre espace de travail des mauvaises vibrations et des \u00e9nergies n\u00e9gatives avec Tsunu Snuff.\" \/>\n<meta name=\"robots\" content=\"index, follow, max-snippet:-1, max-image-preview:large, max-video-preview:-1\" \/>\n<link rel=\"canonical\" href=\"https:\/\/ancestrina.com\/fr\/producto\/lotte-tsunu\/\" \/>\n<meta property=\"og:locale\" content=\"fr_FR\" \/>\n<meta property=\"og:type\" content=\"article\" \/>\n<meta property=\"og:title\" content=\"Tsunu\" \/>\n<meta property=\"og:description\" content=\"D\u00e9couvrez le pouvoir d&#039;amour et de respect du rap\u00e9 Tsunu, une m\u00e9decine douce qui d\u00e9bloque les canaux \u00e9nerg\u00e9tiques et \u00e9quilibre les chakras. Id\u00e9al pour une introduction en douceur aux pratiques de gu\u00e9rison par le rap\u00e9, cet \u00e9lixir favorise la paix et l&#039;harmonie int\u00e9rieures, en r\u00e9v\u00e9lant les zones de blocage \u00e9nerg\u00e9tique et en facilitant une transformation puissante par l&#039;amour et la compr\u00e9hension. Prot\u00e9gez et nettoyez votre espace de travail des mauvaises vibrations et des \u00e9nergies n\u00e9gatives avec Tsunu Snuff.\" \/>\n<meta property=\"og:url\" content=\"https:\/\/ancestrina.com\/fr\/producto\/lotte-tsunu\/\" \/>\n<meta property=\"og:site_name\" content=\"Ancestrina\" \/>\n<meta property=\"article:publisher\" content=\"https:\/\/www.facebook.com\/Ancestrina\/\" \/>\n<meta property=\"article:modified_time\" content=\"2026-05-12T21:39:29+00:00\" \/>\n<meta property=\"og:image\" content=\"https:\/\/ancestrina.com\/wp-content\/uploads\/Tsunu.jpg\" \/>\n\t<meta property=\"og:image:width\" content=\"2048\" \/>\n\t<meta property=\"og:image:height\" content=\"2048\" \/>\n\t<meta property=\"og:image:type\" content=\"image\/jpeg\" \/>\n<meta name=\"twitter:card\" content=\"summary_large_image\" \/>\n<meta name=\"twitter:label1\" content=\"Dur\u00e9e de lecture estim\u00e9e\" \/>\n\t<meta name=\"twitter:data1\" content=\"2 minutes\" \/>\n<script type=\"application\/ld+json\" class=\"yoast-schema-graph\">{\"@context\":\"https:\\\/\\\/schema.org\",\"@graph\":[{\"@type\":\"WebPage\",\"@id\":\"https:\\\/\\\/ancestrina.com\\\/fr\\\/producto\\\/lotte-tsunu\\\/\",\"url\":\"https:\\\/\\\/ancestrina.com\\\/fr\\\/producto\\\/lotte-tsunu\\\/\",\"name\":\"Tsunu Rap\u00e9 : Gu\u00e9rison douce et \u00e9quilibrage \u00e9nerg\u00e9tique\",\"isPartOf\":{\"@id\":\"https:\\\/\\\/ancestrina.com\\\/fr\\\/#website\"},\"primaryImageOfPage\":{\"@id\":\"https:\\\/\\\/ancestrina.com\\\/fr\\\/producto\\\/lotte-tsunu\\\/#primaryimage\"},\"image\":{\"@id\":\"https:\\\/\\\/ancestrina.com\\\/fr\\\/producto\\\/lotte-tsunu\\\/#primaryimage\"},\"thumbnailUrl\":\"https:\\\/\\\/ancestrina.com\\\/wp-content\\\/uploads\\\/Tsunu.jpg\",\"datePublished\":\"2020-06-28T16:54:14+00:00\",\"dateModified\":\"2026-05-12T21:39:29+00:00\",\"description\":\"D\u00e9couvrez le pouvoir d'amour et de respect du rap\u00e9 Tsunu, une m\u00e9decine douce qui d\u00e9bloque les canaux \u00e9nerg\u00e9tiques et \u00e9quilibre les chakras. Id\u00e9al pour une introduction en douceur aux pratiques de gu\u00e9rison par le rap\u00e9, cet \u00e9lixir favorise la paix et l'harmonie int\u00e9rieures, en r\u00e9v\u00e9lant les zones de blocage \u00e9nerg\u00e9tique et en facilitant une transformation puissante par l'amour et la compr\u00e9hension. Prot\u00e9gez et nettoyez votre espace de travail des mauvaises vibrations et des \u00e9nergies n\u00e9gatives avec Tsunu Snuff.\",\"breadcrumb\":{\"@id\":\"https:\\\/\\\/ancestrina.com\\\/fr\\\/producto\\\/lotte-tsunu\\\/#breadcrumb\"},\"inLanguage\":\"fr-FR\",\"potentialAction\":[{\"@type\":\"ReadAction\",\"target\":[\"https:\\\/\\\/ancestrina.com\\\/fr\\\/producto\\\/lotte-tsunu\\\/\"]}]},{\"@type\":\"ImageObject\",\"inLanguage\":\"fr-FR\",\"@id\":\"https:\\\/\\\/ancestrina.com\\\/fr\\\/producto\\\/lotte-tsunu\\\/#primaryimage\",\"url\":\"https:\\\/\\\/ancestrina.com\\\/wp-content\\\/uploads\\\/Tsunu.jpg\",\"contentUrl\":\"https:\\\/\\\/ancestrina.com\\\/wp-content\\\/uploads\\\/Tsunu.jpg\",\"width\":2048,\"height\":2048},{\"@type\":\"BreadcrumbList\",\"@id\":\"https:\\\/\\\/ancestrina.com\\\/fr\\\/producto\\\/lotte-tsunu\\\/#breadcrumb\",\"itemListElement\":[{\"@type\":\"ListItem\",\"position\":1,\"name\":\"Home\",\"item\":\"https:\\\/\\\/ancestrina.com\\\/fr\\\/domicile\\\/\"},{\"@type\":\"ListItem\",\"position\":2,\"name\":\"boutique\",\"item\":\"https:\\\/\\\/ancestrina.com\\\/fr\\\/boutique\\\/\"},{\"@type\":\"ListItem\",\"position\":3,\"name\":\"Tsunu\"}]},{\"@type\":\"WebSite\",\"@id\":\"https:\\\/\\\/ancestrina.com\\\/fr\\\/#website\",\"url\":\"https:\\\/\\\/ancestrina.com\\\/fr\\\/\",\"name\":\"Ancestrina\",\"description\":\"Trabajamos experiencias con plantas maestras, terapias integradoras y cultos ancestrales\",\"publisher\":{\"@id\":\"https:\\\/\\\/ancestrina.com\\\/fr\\\/#organization\"},\"potentialAction\":[{\"@type\":\"SearchAction\",\"target\":{\"@type\":\"EntryPoint\",\"urlTemplate\":\"https:\\\/\\\/ancestrina.com\\\/fr\\\/?s={search_term_string}\"},\"query-input\":{\"@type\":\"PropertyValueSpecification\",\"valueRequired\":true,\"valueName\":\"search_term_string\"}}],\"inLanguage\":\"fr-FR\"},{\"@type\":\"Organization\",\"@id\":\"https:\\\/\\\/ancestrina.com\\\/fr\\\/#organization\",\"name\":\"Ancestrina\",\"url\":\"https:\\\/\\\/ancestrina.com\\\/fr\\\/\",\"logo\":{\"@type\":\"ImageObject\",\"inLanguage\":\"fr-FR\",\"@id\":\"https:\\\/\\\/ancestrina.com\\\/fr\\\/#\\\/schema\\\/logo\\\/image\\\/\",\"url\":\"https:\\\/\\\/ancestrina.com\\\/wp-content\\\/uploads\\\/2020\\\/06\\\/cropped-LOGO-ANCESTRINA-1.png\",\"contentUrl\":\"https:\\\/\\\/ancestrina.com\\\/wp-content\\\/uploads\\\/2020\\\/06\\\/cropped-LOGO-ANCESTRINA-1.png\",\"width\":630,\"height\":202,\"caption\":\"Ancestrina\"},\"image\":{\"@id\":\"https:\\\/\\\/ancestrina.com\\\/fr\\\/#\\\/schema\\\/logo\\\/image\\\/\"},\"sameAs\":[\"https:\\\/\\\/www.facebook.com\\\/Ancestrina\\\/\",\"https:\\\/\\\/www.instagram.com\\\/ancestrina\\\/\",\"https:\\\/\\\/www.youtube.com\\\/channel\\\/UCgtt6WFhEIVEI30PzxlOeIw\"]}]}<\/script>\n<!-- \/ Yoast SEO Premium plugin. -->","yoast_head_json":{"title":"Tsunu Rap\u00e9 : Gu\u00e9rison douce et \u00e9quilibrage \u00e9nerg\u00e9tique","description":"D\u00e9couvrez le pouvoir d'amour et de respect du rap\u00e9 Tsunu, une m\u00e9decine douce qui d\u00e9bloque les canaux \u00e9nerg\u00e9tiques et \u00e9quilibre les chakras. Id\u00e9al pour une introduction en douceur aux pratiques de gu\u00e9rison par le rap\u00e9, cet \u00e9lixir favorise la paix et l'harmonie int\u00e9rieures, en r\u00e9v\u00e9lant les zones de blocage \u00e9nerg\u00e9tique et en facilitant une transformation puissante par l'amour et la compr\u00e9hension. Prot\u00e9gez et nettoyez votre espace de travail des mauvaises vibrations et des \u00e9nergies n\u00e9gatives avec Tsunu Snuff.","robots":{"index":"index","follow":"follow","max-snippet":"max-snippet:-1","max-image-preview":"max-image-preview:large","max-video-preview":"max-video-preview:-1"},"canonical":"https:\/\/ancestrina.com\/fr\/producto\/lotte-tsunu\/","og_locale":"fr_FR","og_type":"article","og_title":"Tsunu","og_description":"D\u00e9couvrez le pouvoir d'amour et de respect du rap\u00e9 Tsunu, une m\u00e9decine douce qui d\u00e9bloque les canaux \u00e9nerg\u00e9tiques et \u00e9quilibre les chakras. Id\u00e9al pour une introduction en douceur aux pratiques de gu\u00e9rison par le rap\u00e9, cet \u00e9lixir favorise la paix et l'harmonie int\u00e9rieures, en r\u00e9v\u00e9lant les zones de blocage \u00e9nerg\u00e9tique et en facilitant une transformation puissante par l'amour et la compr\u00e9hension. Prot\u00e9gez et nettoyez votre espace de travail des mauvaises vibrations et des \u00e9nergies n\u00e9gatives avec Tsunu Snuff.","og_url":"https:\/\/ancestrina.com\/fr\/producto\/lotte-tsunu\/","og_site_name":"Ancestrina","article_publisher":"https:\/\/www.facebook.com\/Ancestrina\/","article_modified_time":"2026-05-12T21:39:29+00:00","og_image":[{"width":2048,"height":2048,"url":"https:\/\/ancestrina.com\/wp-content\/uploads\/Tsunu.jpg","type":"image\/jpeg"}],"twitter_card":"summary_large_image","twitter_misc":{"Dur\u00e9e de lecture estim\u00e9e":"2 minutes"},"schema":{"@context":"https:\/\/schema.org","@graph":[{"@type":"WebPage","@id":"https:\/\/ancestrina.com\/fr\/producto\/lotte-tsunu\/","url":"https:\/\/ancestrina.com\/fr\/producto\/lotte-tsunu\/","name":"Tsunu Rap\u00e9 : Gu\u00e9rison douce et \u00e9quilibrage \u00e9nerg\u00e9tique","isPartOf":{"@id":"https:\/\/ancestrina.com\/fr\/#website"},"primaryImageOfPage":{"@id":"https:\/\/ancestrina.com\/fr\/producto\/lotte-tsunu\/#primaryimage"},"image":{"@id":"https:\/\/ancestrina.com\/fr\/producto\/lotte-tsunu\/#primaryimage"},"thumbnailUrl":"https:\/\/ancestrina.com\/wp-content\/uploads\/Tsunu.jpg","datePublished":"2020-06-28T16:54:14+00:00","dateModified":"2026-05-12T21:39:29+00:00","description":"D\u00e9couvrez le pouvoir d'amour et de respect du rap\u00e9 Tsunu, une m\u00e9decine douce qui d\u00e9bloque les canaux \u00e9nerg\u00e9tiques et \u00e9quilibre les chakras. Id\u00e9al pour une introduction en douceur aux pratiques de gu\u00e9rison par le rap\u00e9, cet \u00e9lixir favorise la paix et l'harmonie int\u00e9rieures, en r\u00e9v\u00e9lant les zones de blocage \u00e9nerg\u00e9tique et en facilitant une transformation puissante par l'amour et la compr\u00e9hension. Prot\u00e9gez et nettoyez votre espace de travail des mauvaises vibrations et des \u00e9nergies n\u00e9gatives avec Tsunu Snuff.","breadcrumb":{"@id":"https:\/\/ancestrina.com\/fr\/producto\/lotte-tsunu\/#breadcrumb"},"inLanguage":"fr-FR","potentialAction":[{"@type":"ReadAction","target":["https:\/\/ancestrina.com\/fr\/producto\/lotte-tsunu\/"]}]},{"@type":"ImageObject","inLanguage":"fr-FR","@id":"https:\/\/ancestrina.com\/fr\/producto\/lotte-tsunu\/#primaryimage","url":"https:\/\/ancestrina.com\/wp-content\/uploads\/Tsunu.jpg","contentUrl":"https:\/\/ancestrina.com\/wp-content\/uploads\/Tsunu.jpg","width":2048,"height":2048},{"@type":"BreadcrumbList","@id":"https:\/\/ancestrina.com\/fr\/producto\/lotte-tsunu\/#breadcrumb","itemListElement":[{"@type":"ListItem","position":1,"name":"Home","item":"https:\/\/ancestrina.com\/fr\/domicile\/"},{"@type":"ListItem","position":2,"name":"boutique","item":"https:\/\/ancestrina.com\/fr\/boutique\/"},{"@type":"ListItem","position":3,"name":"Tsunu"}]},{"@type":"WebSite","@id":"https:\/\/ancestrina.com\/fr\/#website","url":"https:\/\/ancestrina.com\/fr\/","name":"Ancestrina","description":"Trabajamos experiencias con plantas maestras, terapias integradoras y cultos ancestrales","publisher":{"@id":"https:\/\/ancestrina.com\/fr\/#organization"},"potentialAction":[{"@type":"SearchAction","target":{"@type":"EntryPoint","urlTemplate":"https:\/\/ancestrina.com\/fr\/?s={search_term_string}"},"query-input":{"@type":"PropertyValueSpecification","valueRequired":true,"valueName":"search_term_string"}}],"inLanguage":"fr-FR"},{"@type":"Organization","@id":"https:\/\/ancestrina.com\/fr\/#organization","name":"Ancestrina","url":"https:\/\/ancestrina.com\/fr\/","logo":{"@type":"ImageObject","inLanguage":"fr-FR","@id":"https:\/\/ancestrina.com\/fr\/#\/schema\/logo\/image\/","url":"https:\/\/ancestrina.com\/wp-content\/uploads\/2020\/06\/cropped-LOGO-ANCESTRINA-1.png","contentUrl":"https:\/\/ancestrina.com\/wp-content\/uploads\/2020\/06\/cropped-LOGO-ANCESTRINA-1.png","width":630,"height":202,"caption":"Ancestrina"},"image":{"@id":"https:\/\/ancestrina.com\/fr\/#\/schema\/logo\/image\/"},"sameAs":["https:\/\/www.facebook.com\/Ancestrina\/","https:\/\/www.instagram.com\/ancestrina\/","https:\/\/www.youtube.com\/channel\/UCgtt6WFhEIVEI30PzxlOeIw"]}]}},"_links":{"self":[{"href":"https:\/\/ancestrina.com\/fr\/wp-json\/wp\/v2\/product\/17114","targetHints":{"allow":["GET"]}}],"collection":[{"href":"https:\/\/ancestrina.com\/fr\/wp-json\/wp\/v2\/product"}],"about":[{"href":"https:\/\/ancestrina.com\/fr\/wp-json\/wp\/v2\/types\/product"}],"replies":[{"embeddable":true,"href":"https:\/\/ancestrina.com\/fr\/wp-json\/wp\/v2\/comments?post=17114"}],"version-history":[{"count":2,"href":"https:\/\/ancestrina.com\/fr\/wp-json\/wp\/v2\/product\/17114\/revisions"}],"predecessor-version":[{"id":37789,"href":"https:\/\/ancestrina.com\/fr\/wp-json\/wp\/v2\/product\/17114\/revisions\/37789"}],"wp:featuredmedia":[{"embeddable":true,"href":"https:\/\/ancestrina.com\/fr\/wp-json\/wp\/v2\/media\/35175"}],"wp:attachment":[{"href":"https:\/\/ancestrina.com\/fr\/wp-json\/wp\/v2\/media?parent=17114"}],"wp:term":[{"taxonomy":"product_brand","embeddable":true,"href":"https:\/\/ancestrina.com\/fr\/wp-json\/wp\/v2\/product_brand?post=17114"},{"taxonomy":"product_cat","embeddable":true,"href":"https:\/\/ancestrina.com\/fr\/wp-json\/wp\/v2\/product_cat?post=17114"},{"taxonomy":"product_tag","embeddable":true,"href":"https:\/\/ancestrina.com\/fr\/wp-json\/wp\/v2\/product_tag?post=17114"}],"curies":[{"name":"wp","href":"https:\/\/api.w.org\/{rel}","templated":true}]}}