{"id":17030,"date":"2020-08-06T23:57:24","date_gmt":"2020-08-06T23:57:24","guid":{"rendered":"http:\/\/ancestrina.com\/producto\/porte-rape\/"},"modified":"2026-05-15T16:20:19","modified_gmt":"2026-05-15T21:20:19","slug":"porte-rape","status":"publish","type":"product","link":"https:\/\/ancestrina.com\/fr\/producto\/porte-rape\/","title":{"rendered":"Rappereras (Porta Rap\u00e9)"},"content":{"rendered":"<p>D\u00e9couvrez nos tabati\u00e8res artisanales, m\u00e9ticuleusement con\u00e7ues pour stocker et pr\u00e9server le rap\u00e9 avec le respect et la r\u00e9v\u00e9rence que m\u00e9rite cette m\u00e9decine ancestrale. Chaque tabati\u00e8re est fabriqu\u00e9e par des artisans qualifi\u00e9s \u00e0 l&rsquo;aide de mat\u00e9riaux de haute qualit\u00e9, garantissant non seulement la durabilit\u00e9 mais aussi une esth\u00e9tique qui enrichit votre rituel du rap\u00e9. <\/p>\n<p>Outre sa fonction pratique de rangement, chaque rapereras est une \u0153uvre d&rsquo;art qui embellit n&rsquo;importe quel espace, servant de point focal de beaut\u00e9 et de spiritualit\u00e9.<\/p>\n<p>Choisissez parmi une vari\u00e9t\u00e9 de tons de bois, chacun refl\u00e9tant la richesse des traditions dont ils sont issus. Ces \u00e9teignoirs ne se contentent pas de prot\u00e9ger et de pr\u00e9server la puissance de votre rap\u00e9, ils rehaussent \u00e9galement l&rsquo;exp\u00e9rience de chaque s\u00e9ance, rendant chaque moment d&rsquo;utilisation aussi significatif que sacr\u00e9.<\/p>\n","protected":false},"excerpt":{"rendered":"<p>D\u00e9couvrez notre collection de tabati\u00e8res artisanales, parfaites pour stocker et pr\u00e9server le rap\u00e9 avec \u00e9l\u00e9gance et respect. Chaque tabati\u00e8re est soigneusement fabriqu\u00e9e par des artisans qualifi\u00e9s, en utilisant des bois de haute qualit\u00e9 qui garantissent \u00e0 la fois la durabilit\u00e9 et la beaut\u00e9, adapt\u00e9e \u00e0 l&rsquo;am\u00e9lioration de tout rituel de rap\u00e9. <\/p>\n<p>&nbsp;<\/p>\n","protected":false},"featured_media":35037,"comment_status":"closed","ping_status":"closed","template":"","meta":{"order-bump-settings":[],"_wpfnl_thankyou_order_overview":"on","_wpfnl_thankyou_order_details":"on","_wpfnl_thankyou_billing_details":"on","_wpfnl_thankyou_shipping_details":"on","site-sidebar-layout":"default","site-content-layout":"plain-container","ast-site-content-layout":"normal-width-container","site-content-style":"unboxed","site-sidebar-style":"unboxed","ast-global-header-display":"","ast-banner-title-visibility":"","ast-main-header-display":"","ast-hfb-above-header-display":"","ast-hfb-below-header-display":"","ast-hfb-mobile-header-display":"","site-post-title":"","ast-breadcrumbs-content":"","ast-featured-img":"","footer-sml-layout":"","ast-disable-related-posts":"","theme-transparent-header-meta":"disabled","adv-header-id-meta":"","stick-header-meta":"","header-above-stick-meta":"","header-main-stick-meta":"","header-below-stick-meta":"","astra-migrate-meta-layouts":"default","ast-page-background-enabled":"default","ast-page-background-meta":{"desktop":{"background-color":"","background-image":"","background-repeat":"repeat","background-position":"center center","background-size":"auto","background-attachment":"scroll","background-type":"","background-media":"","overlay-type":"","overlay-color":"","overlay-opacity":"","overlay-gradient":""},"tablet":{"background-color":"","background-image":"","background-repeat":"repeat","background-position":"center center","background-size":"auto","background-attachment":"scroll","background-type":"","background-media":"","overlay-type":"","overlay-color":"","overlay-opacity":"","overlay-gradient":""},"mobile":{"background-color":"","background-image":"","background-repeat":"repeat","background-position":"center center","background-size":"auto","background-attachment":"scroll","background-type":"","background-media":"","overlay-type":"","overlay-color":"","overlay-opacity":"","overlay-gradient":""}},"ast-content-background-meta":{"desktop":{"background-color":"var(--ast-global-color-5)","background-image":"","background-repeat":"repeat","background-position":"center center","background-size":"auto","background-attachment":"scroll","background-type":"","background-media":"","overlay-type":"","overlay-color":"","overlay-opacity":"","overlay-gradient":""},"tablet":{"background-color":"var(--ast-global-color-5)","background-image":"","background-repeat":"repeat","background-position":"center center","background-size":"auto","background-attachment":"scroll","background-type":"","background-media":"","overlay-type":"","overlay-color":"","overlay-opacity":"","overlay-gradient":""},"mobile":{"background-color":"var(--ast-global-color-5)","background-image":"","background-repeat":"repeat","background-position":"center center","background-size":"auto","background-attachment":"scroll","background-type":"","background-media":"","overlay-type":"","overlay-color":"","overlay-opacity":"","overlay-gradient":""}},"_joinchat":[]},"product_brand":[],"product_cat":[772,775],"product_tag":[],"class_list":{"0":"post-17030","1":"product","2":"type-product","3":"status-publish","4":"has-post-thumbnail","6":"product_cat-accessoires","7":"product_cat-rapereras-fr","8":"desktop-align-center","9":"tablet-align-left","10":"mobile-align-left","12":"first","13":"instock","14":"shipping-taxable","15":"purchasable","16":"product-type-simple"},"yoast_head":"<!-- This site is optimized with the Yoast SEO Premium plugin v22.6 (Yoast SEO v27.6) - https:\/\/yoast.com\/product\/yoast-seo-premium-wordpress\/ -->\n<title>Rappereras (Porta Rap\u00e9) Ancestrina<\/title>\n<meta name=\"description\" content=\"D\u00e9couvrez nos tabati\u00e8res artisanales, m\u00e9ticuleusement con\u00e7ues pour ranger et pr\u00e9server le rap\u00e9 avec respect et r\u00e9v\u00e9rence. Fabriqu\u00e9e par des artisans experts avec des mat\u00e9riaux de haute qualit\u00e9, chaque tabati\u00e8re est une \u0153uvre d&#039;art qui embellit n&#039;importe quel espace. Elles prot\u00e8gent et mettent en valeur votre rap\u00e9 avec \u00e9l\u00e9gance, rendant chaque moment d&#039;utilisation significatif et sacr\u00e9.\" \/>\n<meta name=\"robots\" content=\"index, follow, max-snippet:-1, max-image-preview:large, max-video-preview:-1\" \/>\n<link rel=\"canonical\" href=\"https:\/\/ancestrina.com\/fr\/producto\/porte-rape\/\" \/>\n<meta property=\"og:locale\" content=\"fr_FR\" \/>\n<meta property=\"og:type\" content=\"article\" \/>\n<meta property=\"og:title\" content=\"Rappereras (Porta Rap\u00e9)\" \/>\n<meta property=\"og:description\" content=\"D\u00e9couvrez nos tabati\u00e8res artisanales, m\u00e9ticuleusement con\u00e7ues pour ranger et pr\u00e9server le rap\u00e9 avec respect et r\u00e9v\u00e9rence. Fabriqu\u00e9e par des artisans experts avec des mat\u00e9riaux de haute qualit\u00e9, chaque tabati\u00e8re est une \u0153uvre d&#039;art qui embellit n&#039;importe quel espace. Elles prot\u00e8gent et mettent en valeur votre rap\u00e9 avec \u00e9l\u00e9gance, rendant chaque moment d&#039;utilisation significatif et sacr\u00e9.\" \/>\n<meta property=\"og:url\" content=\"https:\/\/ancestrina.com\/fr\/producto\/porte-rape\/\" \/>\n<meta property=\"og:site_name\" content=\"Ancestrina\" \/>\n<meta property=\"article:publisher\" content=\"https:\/\/www.facebook.com\/Ancestrina\/\" \/>\n<meta property=\"article:modified_time\" content=\"2026-05-15T21:20:19+00:00\" \/>\n<meta property=\"og:image\" content=\"https:\/\/ancestrina.com\/wp-content\/uploads\/rapereras.jpg\" \/>\n\t<meta property=\"og:image:width\" content=\"2048\" \/>\n\t<meta property=\"og:image:height\" content=\"2048\" \/>\n\t<meta property=\"og:image:type\" content=\"image\/jpeg\" \/>\n<meta name=\"twitter:card\" content=\"summary_large_image\" \/>\n<meta name=\"twitter:label1\" content=\"Dur\u00e9e de lecture estim\u00e9e\" \/>\n\t<meta name=\"twitter:data1\" content=\"1 minute\" \/>\n<script type=\"application\/ld+json\" class=\"yoast-schema-graph\">{\"@context\":\"https:\\\/\\\/schema.org\",\"@graph\":[{\"@type\":\"WebPage\",\"@id\":\"https:\\\/\\\/ancestrina.com\\\/fr\\\/producto\\\/porte-rape\\\/\",\"url\":\"https:\\\/\\\/ancestrina.com\\\/fr\\\/producto\\\/porte-rape\\\/\",\"name\":\"Rappereras (Porta Rap\u00e9) Ancestrina\",\"isPartOf\":{\"@id\":\"https:\\\/\\\/ancestrina.com\\\/fr\\\/#website\"},\"primaryImageOfPage\":{\"@id\":\"https:\\\/\\\/ancestrina.com\\\/fr\\\/producto\\\/porte-rape\\\/#primaryimage\"},\"image\":{\"@id\":\"https:\\\/\\\/ancestrina.com\\\/fr\\\/producto\\\/porte-rape\\\/#primaryimage\"},\"thumbnailUrl\":\"https:\\\/\\\/ancestrina.com\\\/wp-content\\\/uploads\\\/rapereras.jpg\",\"datePublished\":\"2020-08-06T23:57:24+00:00\",\"dateModified\":\"2026-05-15T21:20:19+00:00\",\"description\":\"D\u00e9couvrez nos tabati\u00e8res artisanales, m\u00e9ticuleusement con\u00e7ues pour ranger et pr\u00e9server le rap\u00e9 avec respect et r\u00e9v\u00e9rence. Fabriqu\u00e9e par des artisans experts avec des mat\u00e9riaux de haute qualit\u00e9, chaque tabati\u00e8re est une \u0153uvre d'art qui embellit n'importe quel espace. Elles prot\u00e8gent et mettent en valeur votre rap\u00e9 avec \u00e9l\u00e9gance, rendant chaque moment d'utilisation significatif et sacr\u00e9.\",\"breadcrumb\":{\"@id\":\"https:\\\/\\\/ancestrina.com\\\/fr\\\/producto\\\/porte-rape\\\/#breadcrumb\"},\"inLanguage\":\"fr-FR\",\"potentialAction\":[{\"@type\":\"ReadAction\",\"target\":[\"https:\\\/\\\/ancestrina.com\\\/fr\\\/producto\\\/porte-rape\\\/\"]}]},{\"@type\":\"ImageObject\",\"inLanguage\":\"fr-FR\",\"@id\":\"https:\\\/\\\/ancestrina.com\\\/fr\\\/producto\\\/porte-rape\\\/#primaryimage\",\"url\":\"https:\\\/\\\/ancestrina.com\\\/wp-content\\\/uploads\\\/rapereras.jpg\",\"contentUrl\":\"https:\\\/\\\/ancestrina.com\\\/wp-content\\\/uploads\\\/rapereras.jpg\",\"width\":2048,\"height\":2048},{\"@type\":\"BreadcrumbList\",\"@id\":\"https:\\\/\\\/ancestrina.com\\\/fr\\\/producto\\\/porte-rape\\\/#breadcrumb\",\"itemListElement\":[{\"@type\":\"ListItem\",\"position\":1,\"name\":\"Home\",\"item\":\"https:\\\/\\\/ancestrina.com\\\/fr\\\/domicile\\\/\"},{\"@type\":\"ListItem\",\"position\":2,\"name\":\"boutique\",\"item\":\"https:\\\/\\\/ancestrina.com\\\/fr\\\/boutique\\\/\"},{\"@type\":\"ListItem\",\"position\":3,\"name\":\"Rappereras (Porta Rap\u00e9)\"}]},{\"@type\":\"WebSite\",\"@id\":\"https:\\\/\\\/ancestrina.com\\\/fr\\\/#website\",\"url\":\"https:\\\/\\\/ancestrina.com\\\/fr\\\/\",\"name\":\"Ancestrina\",\"description\":\"Trabajamos experiencias con plantas maestras, terapias integradoras y cultos ancestrales\",\"publisher\":{\"@id\":\"https:\\\/\\\/ancestrina.com\\\/fr\\\/#organization\"},\"potentialAction\":[{\"@type\":\"SearchAction\",\"target\":{\"@type\":\"EntryPoint\",\"urlTemplate\":\"https:\\\/\\\/ancestrina.com\\\/fr\\\/?s={search_term_string}\"},\"query-input\":{\"@type\":\"PropertyValueSpecification\",\"valueRequired\":true,\"valueName\":\"search_term_string\"}}],\"inLanguage\":\"fr-FR\"},{\"@type\":\"Organization\",\"@id\":\"https:\\\/\\\/ancestrina.com\\\/fr\\\/#organization\",\"name\":\"Ancestrina\",\"url\":\"https:\\\/\\\/ancestrina.com\\\/fr\\\/\",\"logo\":{\"@type\":\"ImageObject\",\"inLanguage\":\"fr-FR\",\"@id\":\"https:\\\/\\\/ancestrina.com\\\/fr\\\/#\\\/schema\\\/logo\\\/image\\\/\",\"url\":\"https:\\\/\\\/ancestrina.com\\\/wp-content\\\/uploads\\\/2020\\\/06\\\/cropped-LOGO-ANCESTRINA-1.png\",\"contentUrl\":\"https:\\\/\\\/ancestrina.com\\\/wp-content\\\/uploads\\\/2020\\\/06\\\/cropped-LOGO-ANCESTRINA-1.png\",\"width\":630,\"height\":202,\"caption\":\"Ancestrina\"},\"image\":{\"@id\":\"https:\\\/\\\/ancestrina.com\\\/fr\\\/#\\\/schema\\\/logo\\\/image\\\/\"},\"sameAs\":[\"https:\\\/\\\/www.facebook.com\\\/Ancestrina\\\/\",\"https:\\\/\\\/www.instagram.com\\\/ancestrina\\\/\",\"https:\\\/\\\/www.youtube.com\\\/channel\\\/UCgtt6WFhEIVEI30PzxlOeIw\"]}]}<\/script>\n<!-- \/ Yoast SEO Premium plugin. -->","yoast_head_json":{"title":"Rappereras (Porta Rap\u00e9) Ancestrina","description":"D\u00e9couvrez nos tabati\u00e8res artisanales, m\u00e9ticuleusement con\u00e7ues pour ranger et pr\u00e9server le rap\u00e9 avec respect et r\u00e9v\u00e9rence. Fabriqu\u00e9e par des artisans experts avec des mat\u00e9riaux de haute qualit\u00e9, chaque tabati\u00e8re est une \u0153uvre d'art qui embellit n'importe quel espace. Elles prot\u00e8gent et mettent en valeur votre rap\u00e9 avec \u00e9l\u00e9gance, rendant chaque moment d'utilisation significatif et sacr\u00e9.","robots":{"index":"index","follow":"follow","max-snippet":"max-snippet:-1","max-image-preview":"max-image-preview:large","max-video-preview":"max-video-preview:-1"},"canonical":"https:\/\/ancestrina.com\/fr\/producto\/porte-rape\/","og_locale":"fr_FR","og_type":"article","og_title":"Rappereras (Porta Rap\u00e9)","og_description":"D\u00e9couvrez nos tabati\u00e8res artisanales, m\u00e9ticuleusement con\u00e7ues pour ranger et pr\u00e9server le rap\u00e9 avec respect et r\u00e9v\u00e9rence. Fabriqu\u00e9e par des artisans experts avec des mat\u00e9riaux de haute qualit\u00e9, chaque tabati\u00e8re est une \u0153uvre d'art qui embellit n'importe quel espace. Elles prot\u00e8gent et mettent en valeur votre rap\u00e9 avec \u00e9l\u00e9gance, rendant chaque moment d'utilisation significatif et sacr\u00e9.","og_url":"https:\/\/ancestrina.com\/fr\/producto\/porte-rape\/","og_site_name":"Ancestrina","article_publisher":"https:\/\/www.facebook.com\/Ancestrina\/","article_modified_time":"2026-05-15T21:20:19+00:00","og_image":[{"width":2048,"height":2048,"url":"https:\/\/ancestrina.com\/wp-content\/uploads\/rapereras.jpg","type":"image\/jpeg"}],"twitter_card":"summary_large_image","twitter_misc":{"Dur\u00e9e de lecture estim\u00e9e":"1 minute"},"schema":{"@context":"https:\/\/schema.org","@graph":[{"@type":"WebPage","@id":"https:\/\/ancestrina.com\/fr\/producto\/porte-rape\/","url":"https:\/\/ancestrina.com\/fr\/producto\/porte-rape\/","name":"Rappereras (Porta Rap\u00e9) Ancestrina","isPartOf":{"@id":"https:\/\/ancestrina.com\/fr\/#website"},"primaryImageOfPage":{"@id":"https:\/\/ancestrina.com\/fr\/producto\/porte-rape\/#primaryimage"},"image":{"@id":"https:\/\/ancestrina.com\/fr\/producto\/porte-rape\/#primaryimage"},"thumbnailUrl":"https:\/\/ancestrina.com\/wp-content\/uploads\/rapereras.jpg","datePublished":"2020-08-06T23:57:24+00:00","dateModified":"2026-05-15T21:20:19+00:00","description":"D\u00e9couvrez nos tabati\u00e8res artisanales, m\u00e9ticuleusement con\u00e7ues pour ranger et pr\u00e9server le rap\u00e9 avec respect et r\u00e9v\u00e9rence. Fabriqu\u00e9e par des artisans experts avec des mat\u00e9riaux de haute qualit\u00e9, chaque tabati\u00e8re est une \u0153uvre d'art qui embellit n'importe quel espace. Elles prot\u00e8gent et mettent en valeur votre rap\u00e9 avec \u00e9l\u00e9gance, rendant chaque moment d'utilisation significatif et sacr\u00e9.","breadcrumb":{"@id":"https:\/\/ancestrina.com\/fr\/producto\/porte-rape\/#breadcrumb"},"inLanguage":"fr-FR","potentialAction":[{"@type":"ReadAction","target":["https:\/\/ancestrina.com\/fr\/producto\/porte-rape\/"]}]},{"@type":"ImageObject","inLanguage":"fr-FR","@id":"https:\/\/ancestrina.com\/fr\/producto\/porte-rape\/#primaryimage","url":"https:\/\/ancestrina.com\/wp-content\/uploads\/rapereras.jpg","contentUrl":"https:\/\/ancestrina.com\/wp-content\/uploads\/rapereras.jpg","width":2048,"height":2048},{"@type":"BreadcrumbList","@id":"https:\/\/ancestrina.com\/fr\/producto\/porte-rape\/#breadcrumb","itemListElement":[{"@type":"ListItem","position":1,"name":"Home","item":"https:\/\/ancestrina.com\/fr\/domicile\/"},{"@type":"ListItem","position":2,"name":"boutique","item":"https:\/\/ancestrina.com\/fr\/boutique\/"},{"@type":"ListItem","position":3,"name":"Rappereras (Porta Rap\u00e9)"}]},{"@type":"WebSite","@id":"https:\/\/ancestrina.com\/fr\/#website","url":"https:\/\/ancestrina.com\/fr\/","name":"Ancestrina","description":"Trabajamos experiencias con plantas maestras, terapias integradoras y cultos ancestrales","publisher":{"@id":"https:\/\/ancestrina.com\/fr\/#organization"},"potentialAction":[{"@type":"SearchAction","target":{"@type":"EntryPoint","urlTemplate":"https:\/\/ancestrina.com\/fr\/?s={search_term_string}"},"query-input":{"@type":"PropertyValueSpecification","valueRequired":true,"valueName":"search_term_string"}}],"inLanguage":"fr-FR"},{"@type":"Organization","@id":"https:\/\/ancestrina.com\/fr\/#organization","name":"Ancestrina","url":"https:\/\/ancestrina.com\/fr\/","logo":{"@type":"ImageObject","inLanguage":"fr-FR","@id":"https:\/\/ancestrina.com\/fr\/#\/schema\/logo\/image\/","url":"https:\/\/ancestrina.com\/wp-content\/uploads\/2020\/06\/cropped-LOGO-ANCESTRINA-1.png","contentUrl":"https:\/\/ancestrina.com\/wp-content\/uploads\/2020\/06\/cropped-LOGO-ANCESTRINA-1.png","width":630,"height":202,"caption":"Ancestrina"},"image":{"@id":"https:\/\/ancestrina.com\/fr\/#\/schema\/logo\/image\/"},"sameAs":["https:\/\/www.facebook.com\/Ancestrina\/","https:\/\/www.instagram.com\/ancestrina\/","https:\/\/www.youtube.com\/channel\/UCgtt6WFhEIVEI30PzxlOeIw"]}]}},"_links":{"self":[{"href":"https:\/\/ancestrina.com\/fr\/wp-json\/wp\/v2\/product\/17030","targetHints":{"allow":["GET"]}}],"collection":[{"href":"https:\/\/ancestrina.com\/fr\/wp-json\/wp\/v2\/product"}],"about":[{"href":"https:\/\/ancestrina.com\/fr\/wp-json\/wp\/v2\/types\/product"}],"replies":[{"embeddable":true,"href":"https:\/\/ancestrina.com\/fr\/wp-json\/wp\/v2\/comments?post=17030"}],"version-history":[{"count":4,"href":"https:\/\/ancestrina.com\/fr\/wp-json\/wp\/v2\/product\/17030\/revisions"}],"predecessor-version":[{"id":37829,"href":"https:\/\/ancestrina.com\/fr\/wp-json\/wp\/v2\/product\/17030\/revisions\/37829"}],"wp:featuredmedia":[{"embeddable":true,"href":"https:\/\/ancestrina.com\/fr\/wp-json\/wp\/v2\/media\/35037"}],"wp:attachment":[{"href":"https:\/\/ancestrina.com\/fr\/wp-json\/wp\/v2\/media?parent=17030"}],"wp:term":[{"taxonomy":"product_brand","embeddable":true,"href":"https:\/\/ancestrina.com\/fr\/wp-json\/wp\/v2\/product_brand?post=17030"},{"taxonomy":"product_cat","embeddable":true,"href":"https:\/\/ancestrina.com\/fr\/wp-json\/wp\/v2\/product_cat?post=17030"},{"taxonomy":"product_tag","embeddable":true,"href":"https:\/\/ancestrina.com\/fr\/wp-json\/wp\/v2\/product_tag?post=17030"}],"curies":[{"name":"wp","href":"https:\/\/api.w.org\/{rel}","templated":true}]}}