{"id":16987,"date":"2020-08-07T00:33:49","date_gmt":"2020-08-07T00:33:49","guid":{"rendered":"http:\/\/ancestrina.com\/producto\/kit-5-rapes\/"},"modified":"2026-05-12T18:25:14","modified_gmt":"2026-05-12T23:25:14","slug":"kit-5-rape","status":"publish","type":"product","link":"https:\/\/ancestrina.com\/fr\/producto\/kit-5-rape\/","title":{"rendered":"Kit de cinq rap\u00e9s"},"content":{"rendered":"<p>Plongez dans l&rsquo;univers de la gu\u00e9rison et de la d\u00e9couverte spirituelle avec notre kit 5 Rap\u00e9s, con\u00e7u sp\u00e9cialement pour ceux qui ressentent l&rsquo;appel profond de la m\u00e9decine ancestrale. Ce kit est votre invitation \u00e0 explorer, par l&rsquo;intuition et la connexion spirituelle, les chemins que chaque rap\u00e9 peut r\u00e9v\u00e9ler dans votre \u00eatre.<\/p>\n<p><strong>Kit Rap\u00e9s 5 pi\u00e8ces : Une s\u00e9lection personnalis\u00e9e pour votre voyage int\u00e9rieur<\/strong><\/p>\n<ul>\n<li><strong>D\u00e9couvrez votre chemin :<\/strong> Chaque rap\u00e9 de ce kit est une porte d&rsquo;entr\u00e9e vers diff\u00e9rentes dimensions de gu\u00e9rison et de conscience. Choisissez intuitivement ceux qui r\u00e9sonnent avec votre esprit et pr\u00e9parez-vous \u00e0 un voyage transformateur.<\/li>\n<li><strong>L<\/strong> &lsquo;intuition <strong>comme guide :<\/strong> faites confiance \u00e0 votre intuition pour choisir le bon rap\u00e9 au bon moment, du dosage \u00e0 la m\u00e9thode d&rsquo;application. Laissez-vous guider par la m\u00e9decine.<\/li>\n<li><strong>Polyvalence et profondeur :<\/strong> Avec un choix de cinq vari\u00e9t\u00e9s, ce kit vous permet de travailler sur diff\u00e9rents aspects de votre \u00eatre, de la purification et de la protection \u00e0 l&rsquo;\u00e9veil de la conscience.<\/li>\n<li><strong>Pour les d\u00e9butants et les exp\u00e9riment\u00e9s :<\/strong> que vous commenciez tout juste votre exploration du rap\u00e9 ou que vous soyez d\u00e9j\u00e0 un voyageur spirituel exp\u00e9riment\u00e9, ce kit offre une riche palette d&rsquo;exp\u00e9riences.<\/li>\n<\/ul>\n<p style=\"text-align: center;\">Apprenez les diff\u00e9rents <a style=\"color: #999999;\" href=\"https:\/\/ancestrina.com\/tipos-de-soplo\/\" target=\"_blank\" rel=\"noopener\">types de houppette<\/a> et trouvez celle qui vous convient le mieux, d\u2019apr\u00e8s notre exp\u00e9rience, chaque tabac \u00e0 priser s\u2019adapte \u00e0 vous et \u00e0 une bouff\u00e9e diff\u00e9rente.<\/p>\n<p style=\"text-align: center;\"><em>Tous les produits sont vendus en tant qu&rsquo;\u00e9chantillons botaniques uniquement, sans aucune revendication expresse ou implicite pour un usage ou une utilisation sp\u00e9cifique. Toutes les informations fournies le sont uniquement \u00e0 des fins \u00e9ducatives, scientifiques, ethnographiques et de recherche historique.<\/em><\/p>\n<p><span style=\"color: #999999;\">Chaque bouteille du kit contient un gramme de tabac \u00e0 priser.<\/span><\/p>\n","protected":false},"excerpt":{"rendered":"<p style=\"text-align: center;\">Si vous avez vu tous les types de tabac \u00e0 priser et que vous sentez que plus d&rsquo;un vous appelle, que vous aimeriez inclure dans votre travail personnel plusieurs des avantages que les diff\u00e9rents tabacs \u00e0 priser peuvent vous apporter, ce kit est une excellente option pour vous. Vous pouvez inclure les 5 rap\u00e9s de votre choix pour permettre \u00e0 votre intuition de travailler m\u00eame avec le tabac \u00e0 priser que vous utiliserez \u00e0 un moment donn\u00e9. <\/p>\n<p><span style=\"color: #999999;\">*Chaque<em>flacon du kit contient un gramme de m\u00e9dicament<\/em>.<\/span><\/p>\n","protected":false},"featured_media":34832,"comment_status":"closed","ping_status":"closed","template":"","meta":{"order-bump-settings":[],"_wpfnl_thankyou_order_overview":"on","_wpfnl_thankyou_order_details":"on","_wpfnl_thankyou_billing_details":"on","_wpfnl_thankyou_shipping_details":"on","site-sidebar-layout":"no-sidebar","site-content-layout":"plain-container","ast-site-content-layout":"normal-width-container","site-content-style":"unboxed","site-sidebar-style":"unboxed","ast-global-header-display":"","ast-banner-title-visibility":"","ast-main-header-display":"","ast-hfb-above-header-display":"","ast-hfb-below-header-display":"","ast-hfb-mobile-header-display":"","site-post-title":"","ast-breadcrumbs-content":"","ast-featured-img":"","footer-sml-layout":"","ast-disable-related-posts":"","theme-transparent-header-meta":"disabled","adv-header-id-meta":"","stick-header-meta":"","header-above-stick-meta":"","header-main-stick-meta":"","header-below-stick-meta":"","astra-migrate-meta-layouts":"default","ast-page-background-enabled":"default","ast-page-background-meta":{"desktop":{"background-color":"","background-image":"","background-repeat":"repeat","background-position":"center center","background-size":"auto","background-attachment":"scroll","background-type":"","background-media":"","overlay-type":"","overlay-color":"","overlay-opacity":"","overlay-gradient":""},"tablet":{"background-color":"","background-image":"","background-repeat":"repeat","background-position":"center center","background-size":"auto","background-attachment":"scroll","background-type":"","background-media":"","overlay-type":"","overlay-color":"","overlay-opacity":"","overlay-gradient":""},"mobile":{"background-color":"","background-image":"","background-repeat":"repeat","background-position":"center center","background-size":"auto","background-attachment":"scroll","background-type":"","background-media":"","overlay-type":"","overlay-color":"","overlay-opacity":"","overlay-gradient":""}},"ast-content-background-meta":{"desktop":{"background-color":"var(--ast-global-color-5)","background-image":"","background-repeat":"repeat","background-position":"center center","background-size":"auto","background-attachment":"scroll","background-type":"","background-media":"","overlay-type":"","overlay-color":"","overlay-opacity":"","overlay-gradient":""},"tablet":{"background-color":"var(--ast-global-color-5)","background-image":"","background-repeat":"repeat","background-position":"center center","background-size":"auto","background-attachment":"scroll","background-type":"","background-media":"","overlay-type":"","overlay-color":"","overlay-opacity":"","overlay-gradient":""},"mobile":{"background-color":"var(--ast-global-color-5)","background-image":"","background-repeat":"repeat","background-position":"center center","background-size":"auto","background-attachment":"scroll","background-type":"","background-media":"","overlay-type":"","overlay-color":"","overlay-opacity":"","overlay-gradient":""}},"_joinchat":[]},"product_brand":[],"product_cat":[773],"product_tag":[],"class_list":{"0":"post-16987","1":"product","2":"type-product","3":"status-publish","4":"has-post-thumbnail","6":"product_cat-kit","7":"desktop-align-center","8":"tablet-align-left","9":"mobile-align-left","11":"first","12":"instock","13":"shipping-taxable","14":"purchasable","15":"product-type-simple"},"yoast_head":"<!-- This site is optimized with the Yoast SEO Premium plugin v22.6 (Yoast SEO v27.6) - https:\/\/yoast.com\/product\/yoast-seo-premium-wordpress\/ -->\n<title>Kit de cinq rap\u00e9s Ancestrina<\/title>\n<meta name=\"description\" content=\"Plongez dans l&#039;univers de la gu\u00e9rison et de la d\u00e9couverte spirituelle avec notre kit de 5 tabacs \u00e0 priser, con\u00e7u pour explorer intuitivement les voies de chaque rap\u00e9 dans votre \u00eatre. D\u00e9couvrez votre chemin de gu\u00e9rison et de conscience, en faisant confiance \u00e0 votre intuition pour choisir le bon rap\u00e9 au bon moment. Id\u00e9al pour les d\u00e9butants et les praticiens exp\u00e9riment\u00e9s, ce kit offre une exp\u00e9rience transformatrice et polyvalente.\" \/>\n<meta name=\"robots\" content=\"index, follow, max-snippet:-1, max-image-preview:large, max-video-preview:-1\" \/>\n<link rel=\"canonical\" href=\"https:\/\/ancestrina.com\/fr\/producto\/kit-5-rape\/\" \/>\n<meta property=\"og:locale\" content=\"fr_FR\" \/>\n<meta property=\"og:type\" content=\"article\" \/>\n<meta property=\"og:title\" content=\"Kit de cinq rap\u00e9s\" \/>\n<meta property=\"og:description\" content=\"Plongez dans l&#039;univers de la gu\u00e9rison et de la d\u00e9couverte spirituelle avec notre kit de 5 tabacs \u00e0 priser, con\u00e7u pour explorer intuitivement les voies de chaque rap\u00e9 dans votre \u00eatre. D\u00e9couvrez votre chemin de gu\u00e9rison et de conscience, en faisant confiance \u00e0 votre intuition pour choisir le bon rap\u00e9 au bon moment. Id\u00e9al pour les d\u00e9butants et les praticiens exp\u00e9riment\u00e9s, ce kit offre une exp\u00e9rience transformatrice et polyvalente.\" \/>\n<meta property=\"og:url\" content=\"https:\/\/ancestrina.com\/fr\/producto\/kit-5-rape\/\" \/>\n<meta property=\"og:site_name\" content=\"Ancestrina\" \/>\n<meta property=\"article:publisher\" content=\"https:\/\/www.facebook.com\/Ancestrina\/\" \/>\n<meta property=\"article:modified_time\" content=\"2026-05-12T23:25:14+00:00\" \/>\n<meta property=\"og:image\" content=\"https:\/\/ancestrina.com\/wp-content\/uploads\/kit-de-5.jpg\" \/>\n\t<meta property=\"og:image:width\" content=\"2048\" \/>\n\t<meta property=\"og:image:height\" content=\"2048\" \/>\n\t<meta property=\"og:image:type\" content=\"image\/jpeg\" \/>\n<meta name=\"twitter:card\" content=\"summary_large_image\" \/>\n<meta name=\"twitter:label1\" content=\"Dur\u00e9e de lecture estim\u00e9e\" \/>\n\t<meta name=\"twitter:data1\" content=\"1 minute\" \/>\n<script type=\"application\/ld+json\" class=\"yoast-schema-graph\">{\"@context\":\"https:\\\/\\\/schema.org\",\"@graph\":[{\"@type\":\"WebPage\",\"@id\":\"https:\\\/\\\/ancestrina.com\\\/fr\\\/producto\\\/kit-5-rape\\\/\",\"url\":\"https:\\\/\\\/ancestrina.com\\\/fr\\\/producto\\\/kit-5-rape\\\/\",\"name\":\"Kit de cinq rap\u00e9s Ancestrina\",\"isPartOf\":{\"@id\":\"https:\\\/\\\/ancestrina.com\\\/fr\\\/#website\"},\"primaryImageOfPage\":{\"@id\":\"https:\\\/\\\/ancestrina.com\\\/fr\\\/producto\\\/kit-5-rape\\\/#primaryimage\"},\"image\":{\"@id\":\"https:\\\/\\\/ancestrina.com\\\/fr\\\/producto\\\/kit-5-rape\\\/#primaryimage\"},\"thumbnailUrl\":\"https:\\\/\\\/ancestrina.com\\\/wp-content\\\/uploads\\\/kit-de-5.jpg\",\"datePublished\":\"2020-08-07T00:33:49+00:00\",\"dateModified\":\"2026-05-12T23:25:14+00:00\",\"description\":\"Plongez dans l'univers de la gu\u00e9rison et de la d\u00e9couverte spirituelle avec notre kit de 5 tabacs \u00e0 priser, con\u00e7u pour explorer intuitivement les voies de chaque rap\u00e9 dans votre \u00eatre. D\u00e9couvrez votre chemin de gu\u00e9rison et de conscience, en faisant confiance \u00e0 votre intuition pour choisir le bon rap\u00e9 au bon moment. Id\u00e9al pour les d\u00e9butants et les praticiens exp\u00e9riment\u00e9s, ce kit offre une exp\u00e9rience transformatrice et polyvalente.\",\"breadcrumb\":{\"@id\":\"https:\\\/\\\/ancestrina.com\\\/fr\\\/producto\\\/kit-5-rape\\\/#breadcrumb\"},\"inLanguage\":\"fr-FR\",\"potentialAction\":[{\"@type\":\"ReadAction\",\"target\":[\"https:\\\/\\\/ancestrina.com\\\/fr\\\/producto\\\/kit-5-rape\\\/\"]}]},{\"@type\":\"ImageObject\",\"inLanguage\":\"fr-FR\",\"@id\":\"https:\\\/\\\/ancestrina.com\\\/fr\\\/producto\\\/kit-5-rape\\\/#primaryimage\",\"url\":\"https:\\\/\\\/ancestrina.com\\\/wp-content\\\/uploads\\\/kit-de-5.jpg\",\"contentUrl\":\"https:\\\/\\\/ancestrina.com\\\/wp-content\\\/uploads\\\/kit-de-5.jpg\",\"width\":2048,\"height\":2048},{\"@type\":\"BreadcrumbList\",\"@id\":\"https:\\\/\\\/ancestrina.com\\\/fr\\\/producto\\\/kit-5-rape\\\/#breadcrumb\",\"itemListElement\":[{\"@type\":\"ListItem\",\"position\":1,\"name\":\"Home\",\"item\":\"https:\\\/\\\/ancestrina.com\\\/fr\\\/domicile\\\/\"},{\"@type\":\"ListItem\",\"position\":2,\"name\":\"boutique\",\"item\":\"https:\\\/\\\/ancestrina.com\\\/fr\\\/boutique\\\/\"},{\"@type\":\"ListItem\",\"position\":3,\"name\":\"Kit de cinq rap\u00e9s\"}]},{\"@type\":\"WebSite\",\"@id\":\"https:\\\/\\\/ancestrina.com\\\/fr\\\/#website\",\"url\":\"https:\\\/\\\/ancestrina.com\\\/fr\\\/\",\"name\":\"Ancestrina\",\"description\":\"Trabajamos experiencias con plantas maestras, terapias integradoras y cultos ancestrales\",\"publisher\":{\"@id\":\"https:\\\/\\\/ancestrina.com\\\/fr\\\/#organization\"},\"potentialAction\":[{\"@type\":\"SearchAction\",\"target\":{\"@type\":\"EntryPoint\",\"urlTemplate\":\"https:\\\/\\\/ancestrina.com\\\/fr\\\/?s={search_term_string}\"},\"query-input\":{\"@type\":\"PropertyValueSpecification\",\"valueRequired\":true,\"valueName\":\"search_term_string\"}}],\"inLanguage\":\"fr-FR\"},{\"@type\":\"Organization\",\"@id\":\"https:\\\/\\\/ancestrina.com\\\/fr\\\/#organization\",\"name\":\"Ancestrina\",\"url\":\"https:\\\/\\\/ancestrina.com\\\/fr\\\/\",\"logo\":{\"@type\":\"ImageObject\",\"inLanguage\":\"fr-FR\",\"@id\":\"https:\\\/\\\/ancestrina.com\\\/fr\\\/#\\\/schema\\\/logo\\\/image\\\/\",\"url\":\"https:\\\/\\\/ancestrina.com\\\/wp-content\\\/uploads\\\/2020\\\/06\\\/cropped-LOGO-ANCESTRINA-1.png\",\"contentUrl\":\"https:\\\/\\\/ancestrina.com\\\/wp-content\\\/uploads\\\/2020\\\/06\\\/cropped-LOGO-ANCESTRINA-1.png\",\"width\":630,\"height\":202,\"caption\":\"Ancestrina\"},\"image\":{\"@id\":\"https:\\\/\\\/ancestrina.com\\\/fr\\\/#\\\/schema\\\/logo\\\/image\\\/\"},\"sameAs\":[\"https:\\\/\\\/www.facebook.com\\\/Ancestrina\\\/\",\"https:\\\/\\\/www.instagram.com\\\/ancestrina\\\/\",\"https:\\\/\\\/www.youtube.com\\\/channel\\\/UCgtt6WFhEIVEI30PzxlOeIw\"]}]}<\/script>\n<!-- \/ Yoast SEO Premium plugin. -->","yoast_head_json":{"title":"Kit de cinq rap\u00e9s Ancestrina","description":"Plongez dans l'univers de la gu\u00e9rison et de la d\u00e9couverte spirituelle avec notre kit de 5 tabacs \u00e0 priser, con\u00e7u pour explorer intuitivement les voies de chaque rap\u00e9 dans votre \u00eatre. D\u00e9couvrez votre chemin de gu\u00e9rison et de conscience, en faisant confiance \u00e0 votre intuition pour choisir le bon rap\u00e9 au bon moment. Id\u00e9al pour les d\u00e9butants et les praticiens exp\u00e9riment\u00e9s, ce kit offre une exp\u00e9rience transformatrice et polyvalente.","robots":{"index":"index","follow":"follow","max-snippet":"max-snippet:-1","max-image-preview":"max-image-preview:large","max-video-preview":"max-video-preview:-1"},"canonical":"https:\/\/ancestrina.com\/fr\/producto\/kit-5-rape\/","og_locale":"fr_FR","og_type":"article","og_title":"Kit de cinq rap\u00e9s","og_description":"Plongez dans l'univers de la gu\u00e9rison et de la d\u00e9couverte spirituelle avec notre kit de 5 tabacs \u00e0 priser, con\u00e7u pour explorer intuitivement les voies de chaque rap\u00e9 dans votre \u00eatre. D\u00e9couvrez votre chemin de gu\u00e9rison et de conscience, en faisant confiance \u00e0 votre intuition pour choisir le bon rap\u00e9 au bon moment. Id\u00e9al pour les d\u00e9butants et les praticiens exp\u00e9riment\u00e9s, ce kit offre une exp\u00e9rience transformatrice et polyvalente.","og_url":"https:\/\/ancestrina.com\/fr\/producto\/kit-5-rape\/","og_site_name":"Ancestrina","article_publisher":"https:\/\/www.facebook.com\/Ancestrina\/","article_modified_time":"2026-05-12T23:25:14+00:00","og_image":[{"width":2048,"height":2048,"url":"https:\/\/ancestrina.com\/wp-content\/uploads\/kit-de-5.jpg","type":"image\/jpeg"}],"twitter_card":"summary_large_image","twitter_misc":{"Dur\u00e9e de lecture estim\u00e9e":"1 minute"},"schema":{"@context":"https:\/\/schema.org","@graph":[{"@type":"WebPage","@id":"https:\/\/ancestrina.com\/fr\/producto\/kit-5-rape\/","url":"https:\/\/ancestrina.com\/fr\/producto\/kit-5-rape\/","name":"Kit de cinq rap\u00e9s Ancestrina","isPartOf":{"@id":"https:\/\/ancestrina.com\/fr\/#website"},"primaryImageOfPage":{"@id":"https:\/\/ancestrina.com\/fr\/producto\/kit-5-rape\/#primaryimage"},"image":{"@id":"https:\/\/ancestrina.com\/fr\/producto\/kit-5-rape\/#primaryimage"},"thumbnailUrl":"https:\/\/ancestrina.com\/wp-content\/uploads\/kit-de-5.jpg","datePublished":"2020-08-07T00:33:49+00:00","dateModified":"2026-05-12T23:25:14+00:00","description":"Plongez dans l'univers de la gu\u00e9rison et de la d\u00e9couverte spirituelle avec notre kit de 5 tabacs \u00e0 priser, con\u00e7u pour explorer intuitivement les voies de chaque rap\u00e9 dans votre \u00eatre. D\u00e9couvrez votre chemin de gu\u00e9rison et de conscience, en faisant confiance \u00e0 votre intuition pour choisir le bon rap\u00e9 au bon moment. Id\u00e9al pour les d\u00e9butants et les praticiens exp\u00e9riment\u00e9s, ce kit offre une exp\u00e9rience transformatrice et polyvalente.","breadcrumb":{"@id":"https:\/\/ancestrina.com\/fr\/producto\/kit-5-rape\/#breadcrumb"},"inLanguage":"fr-FR","potentialAction":[{"@type":"ReadAction","target":["https:\/\/ancestrina.com\/fr\/producto\/kit-5-rape\/"]}]},{"@type":"ImageObject","inLanguage":"fr-FR","@id":"https:\/\/ancestrina.com\/fr\/producto\/kit-5-rape\/#primaryimage","url":"https:\/\/ancestrina.com\/wp-content\/uploads\/kit-de-5.jpg","contentUrl":"https:\/\/ancestrina.com\/wp-content\/uploads\/kit-de-5.jpg","width":2048,"height":2048},{"@type":"BreadcrumbList","@id":"https:\/\/ancestrina.com\/fr\/producto\/kit-5-rape\/#breadcrumb","itemListElement":[{"@type":"ListItem","position":1,"name":"Home","item":"https:\/\/ancestrina.com\/fr\/domicile\/"},{"@type":"ListItem","position":2,"name":"boutique","item":"https:\/\/ancestrina.com\/fr\/boutique\/"},{"@type":"ListItem","position":3,"name":"Kit de cinq rap\u00e9s"}]},{"@type":"WebSite","@id":"https:\/\/ancestrina.com\/fr\/#website","url":"https:\/\/ancestrina.com\/fr\/","name":"Ancestrina","description":"Trabajamos experiencias con plantas maestras, terapias integradoras y cultos ancestrales","publisher":{"@id":"https:\/\/ancestrina.com\/fr\/#organization"},"potentialAction":[{"@type":"SearchAction","target":{"@type":"EntryPoint","urlTemplate":"https:\/\/ancestrina.com\/fr\/?s={search_term_string}"},"query-input":{"@type":"PropertyValueSpecification","valueRequired":true,"valueName":"search_term_string"}}],"inLanguage":"fr-FR"},{"@type":"Organization","@id":"https:\/\/ancestrina.com\/fr\/#organization","name":"Ancestrina","url":"https:\/\/ancestrina.com\/fr\/","logo":{"@type":"ImageObject","inLanguage":"fr-FR","@id":"https:\/\/ancestrina.com\/fr\/#\/schema\/logo\/image\/","url":"https:\/\/ancestrina.com\/wp-content\/uploads\/2020\/06\/cropped-LOGO-ANCESTRINA-1.png","contentUrl":"https:\/\/ancestrina.com\/wp-content\/uploads\/2020\/06\/cropped-LOGO-ANCESTRINA-1.png","width":630,"height":202,"caption":"Ancestrina"},"image":{"@id":"https:\/\/ancestrina.com\/fr\/#\/schema\/logo\/image\/"},"sameAs":["https:\/\/www.facebook.com\/Ancestrina\/","https:\/\/www.instagram.com\/ancestrina\/","https:\/\/www.youtube.com\/channel\/UCgtt6WFhEIVEI30PzxlOeIw"]}]}},"_links":{"self":[{"href":"https:\/\/ancestrina.com\/fr\/wp-json\/wp\/v2\/product\/16987","targetHints":{"allow":["GET"]}}],"collection":[{"href":"https:\/\/ancestrina.com\/fr\/wp-json\/wp\/v2\/product"}],"about":[{"href":"https:\/\/ancestrina.com\/fr\/wp-json\/wp\/v2\/types\/product"}],"replies":[{"embeddable":true,"href":"https:\/\/ancestrina.com\/fr\/wp-json\/wp\/v2\/comments?post=16987"}],"version-history":[{"count":3,"href":"https:\/\/ancestrina.com\/fr\/wp-json\/wp\/v2\/product\/16987\/revisions"}],"predecessor-version":[{"id":37831,"href":"https:\/\/ancestrina.com\/fr\/wp-json\/wp\/v2\/product\/16987\/revisions\/37831"}],"wp:featuredmedia":[{"embeddable":true,"href":"https:\/\/ancestrina.com\/fr\/wp-json\/wp\/v2\/media\/34832"}],"wp:attachment":[{"href":"https:\/\/ancestrina.com\/fr\/wp-json\/wp\/v2\/media?parent=16987"}],"wp:term":[{"taxonomy":"product_brand","embeddable":true,"href":"https:\/\/ancestrina.com\/fr\/wp-json\/wp\/v2\/product_brand?post=16987"},{"taxonomy":"product_cat","embeddable":true,"href":"https:\/\/ancestrina.com\/fr\/wp-json\/wp\/v2\/product_cat?post=16987"},{"taxonomy":"product_tag","embeddable":true,"href":"https:\/\/ancestrina.com\/fr\/wp-json\/wp\/v2\/product_tag?post=16987"}],"curies":[{"name":"wp","href":"https:\/\/api.w.org\/{rel}","templated":true}]}}