{"id":16965,"date":"2021-01-19T19:55:07","date_gmt":"2021-01-19T19:55:07","guid":{"rendered":"http:\/\/ancestrina.com\/producto\/rape-osha\/"},"modified":"2026-05-13T02:54:56","modified_gmt":"2026-05-13T07:54:56","slug":"lotte-osha","status":"publish","type":"product","link":"https:\/\/ancestrina.com\/fr\/producto\/lotte-osha\/","title":{"rendered":"Osha"},"content":{"rendered":"<p>Osha Rap\u00e9, connu sous le nom de \u00ab\u00a0force de l&rsquo;ours\u00a0\u00bb, est un puissant outil d&rsquo;autonomisation con\u00e7u pour ceux qui souhaitent surmonter les barri\u00e8res de la peur de l&rsquo;\u00e9chec et activer leur v\u00e9ritable potentiel. Ce rap\u00e9 renforce non seulement la confiance en soi, mais aide \u00e9galement \u00e0 transformer les croyances limitantes en convictions de force et de capacit\u00e9.<\/p>\n<p><strong>Principaux avantages d&rsquo;Osha Rap\u00e9 :<\/strong><\/p>\n<ol>\n<li><strong>Autonomisation personnelle :<\/strong> elle accro\u00eet la confiance et l&rsquo;efficacit\u00e9 personnelle, ce qui permet aux individus de prendre leur vie en main et d&rsquo;agir de mani\u00e8re cibl\u00e9e.<\/li>\n<li><strong>Surmonter la peur de l&rsquo;\u00e9chec :<\/strong> aide \u00e0 modifier la perception de l&rsquo;\u00e9chec, encourageant une vision plus souple et une approche plus saine des d\u00e9fis et des revers.<\/li>\n<li><strong>Clart\u00e9 dans la communication :<\/strong> facilite la capacit\u00e9 \u00e0 exprimer honn\u00eatement ses pens\u00e9es et ses \u00e9motions, en particulier dans les conversations difficiles, tout en restant calme et compatissant.<\/li>\n<li><strong>Stimuler l&rsquo;innovation :<\/strong> inciter les utilisateurs \u00e0 \u00eatre cr\u00e9atifs et proactifs dans la production d&rsquo;id\u00e9es et de solutions, en revitalisant l&rsquo;esprit d&rsquo;entreprise.<\/li>\n<li><strong>Renforcer le subconscient :<\/strong> Se connecter au subconscient pour remplacer les croyances limitatives par des croyances qui favorisent l&rsquo;\u00e9panouissement personnel et professionnel.<\/li>\n<\/ol>\n<p><strong>Id\u00e9al pour :<\/strong><\/p>\n<ul>\n<li>Les personnes paralys\u00e9es par la peur de l&rsquo;\u00e9chec ou de la critique.<\/li>\n<li>Les personnes \u00e0 la recherche d&rsquo;une plus grande motivation et d&rsquo;une meilleure orientation dans leurs projets personnels et professionnels.<\/li>\n<li>Les personnes qui souhaitent am\u00e9liorer leur capacit\u00e9 \u00e0 fixer et \u00e0 maintenir des limites claires.<\/li>\n<li>Ceux qui ont besoin de renforcer leur voix int\u00e9rieure et ext\u00e9rieure dans divers domaines de la vie.<\/li>\n<\/ul>\n<p>Osha Snuff est plus que du tabac \u00e0 priser, c&rsquo;est un catalyseur de changement et de d\u00e9veloppement personnel. Osez d\u00e9couvrir votre pouvoir int\u00e9rieur et transformez vos peurs en passerelles vers le succ\u00e8s et le bien-\u00eatre.<\/p>\n","protected":false},"excerpt":{"rendered":"<p>Osha Rap\u00e9, \u00e9galement connu sous le nom de \u00ab\u00a0puissance de l&rsquo;ours\u00a0\u00bb, est un puissant outil d&rsquo;autonomisation con\u00e7u pour ceux qui souhaitent surmonter la peur de l&rsquo;\u00e9chec et activer leur v\u00e9ritable potentiel. Ce rap\u00e9 dynamise les centres de pouvoir en vous, favorisant la confiance et la d\u00e9termination \u00e0 relever les d\u00e9fis et \u00e0 entreprendre de nouveaux projets avec courage et clart\u00e9.<\/p>\n<p>Id\u00e9al pour ceux qui cherchent \u00e0 renforcer leur efficacit\u00e9 personnelle et \u00e0 am\u00e9liorer leur communication dans les situations difficiles, Osha Rap\u00e9 transforme les croyances limitantes, vous permettant de vous exprimer authentiquement et d&rsquo;avancer sans r\u00e9serve vers la r\u00e9ussite personnelle et professionnelle.<\/p>\n","protected":false},"featured_media":34958,"comment_status":"closed","ping_status":"closed","template":"","meta":{"order-bump-settings":[],"_wpfnl_thankyou_order_overview":"on","_wpfnl_thankyou_order_details":"on","_wpfnl_thankyou_billing_details":"on","_wpfnl_thankyou_shipping_details":"on","site-sidebar-layout":"default","site-content-layout":"plain-container","ast-site-content-layout":"normal-width-container","site-content-style":"unboxed","site-sidebar-style":"unboxed","ast-global-header-display":"","ast-banner-title-visibility":"","ast-main-header-display":"","ast-hfb-above-header-display":"","ast-hfb-below-header-display":"","ast-hfb-mobile-header-display":"","site-post-title":"","ast-breadcrumbs-content":"","ast-featured-img":"","footer-sml-layout":"","ast-disable-related-posts":"","theme-transparent-header-meta":"disabled","adv-header-id-meta":"","stick-header-meta":"","header-above-stick-meta":"","header-main-stick-meta":"","header-below-stick-meta":"","astra-migrate-meta-layouts":"default","ast-page-background-enabled":"default","ast-page-background-meta":{"desktop":{"background-color":"","background-image":"","background-repeat":"repeat","background-position":"center center","background-size":"auto","background-attachment":"scroll","background-type":"","background-media":"","overlay-type":"","overlay-color":"","overlay-opacity":"","overlay-gradient":""},"tablet":{"background-color":"","background-image":"","background-repeat":"repeat","background-position":"center center","background-size":"auto","background-attachment":"scroll","background-type":"","background-media":"","overlay-type":"","overlay-color":"","overlay-opacity":"","overlay-gradient":""},"mobile":{"background-color":"","background-image":"","background-repeat":"repeat","background-position":"center center","background-size":"auto","background-attachment":"scroll","background-type":"","background-media":"","overlay-type":"","overlay-color":"","overlay-opacity":"","overlay-gradient":""}},"ast-content-background-meta":{"desktop":{"background-color":"var(--ast-global-color-5)","background-image":"","background-repeat":"repeat","background-position":"center center","background-size":"auto","background-attachment":"scroll","background-type":"","background-media":"","overlay-type":"","overlay-color":"","overlay-opacity":"","overlay-gradient":""},"tablet":{"background-color":"var(--ast-global-color-5)","background-image":"","background-repeat":"repeat","background-position":"center center","background-size":"auto","background-attachment":"scroll","background-type":"","background-media":"","overlay-type":"","overlay-color":"","overlay-opacity":"","overlay-gradient":""},"mobile":{"background-color":"var(--ast-global-color-5)","background-image":"","background-repeat":"repeat","background-position":"center center","background-size":"auto","background-attachment":"scroll","background-type":"","background-media":"","overlay-type":"","overlay-color":"","overlay-opacity":"","overlay-gradient":""}},"_joinchat":[]},"product_brand":[],"product_cat":[776],"product_tag":[],"class_list":{"0":"post-16965","1":"product","2":"type-product","3":"status-publish","4":"has-post-thumbnail","6":"product_cat-rape-fr","7":"desktop-align-center","8":"tablet-align-left","9":"mobile-align-left","11":"first","12":"instock","13":"shipping-taxable","14":"purchasable","15":"product-type-variable"},"yoast_head":"<!-- This site is optimized with the Yoast SEO Premium plugin v22.6 (Yoast SEO v27.6) - https:\/\/yoast.com\/product\/yoast-seo-premium-wordpress\/ -->\n<title>Osha Rap\u00e9 : Autonomisation et lib\u00e9ration du pouvoir int\u00e9rieur<\/title>\n<meta name=\"description\" content=\"D\u00e9couvrez la puissance du Rap\u00e9 d&#039;Osha, un outil de d\u00e9veloppement personnel qui aide \u00e0 surmonter la peur de l&#039;\u00e9chec, \u00e0 renforcer la confiance en soi et \u00e0 transformer les croyances limitantes en convictions de force. Id\u00e9al pour ceux qui cherchent \u00e0 se motiver et \u00e0 s&#039;orienter dans leurs projets personnels et professionnels.\" \/>\n<meta name=\"robots\" content=\"index, follow, max-snippet:-1, max-image-preview:large, max-video-preview:-1\" \/>\n<link rel=\"canonical\" href=\"https:\/\/ancestrina.com\/fr\/producto\/lotte-osha\/\" \/>\n<meta property=\"og:locale\" content=\"fr_FR\" \/>\n<meta property=\"og:type\" content=\"article\" \/>\n<meta property=\"og:title\" content=\"Osha\" \/>\n<meta property=\"og:description\" content=\"D\u00e9couvrez la puissance du Rap\u00e9 d&#039;Osha, un outil de d\u00e9veloppement personnel qui aide \u00e0 surmonter la peur de l&#039;\u00e9chec, \u00e0 renforcer la confiance en soi et \u00e0 transformer les croyances limitantes en convictions de force. Id\u00e9al pour ceux qui cherchent \u00e0 se motiver et \u00e0 s&#039;orienter dans leurs projets personnels et professionnels.\" \/>\n<meta property=\"og:url\" content=\"https:\/\/ancestrina.com\/fr\/producto\/lotte-osha\/\" \/>\n<meta property=\"og:site_name\" content=\"Ancestrina\" \/>\n<meta property=\"article:publisher\" content=\"https:\/\/www.facebook.com\/Ancestrina\/\" \/>\n<meta property=\"article:modified_time\" content=\"2026-05-13T07:54:56+00:00\" \/>\n<meta property=\"og:image\" content=\"https:\/\/ancestrina.com\/wp-content\/uploads\/Osha.jpg\" \/>\n\t<meta property=\"og:image:width\" content=\"2048\" \/>\n\t<meta property=\"og:image:height\" content=\"2048\" \/>\n\t<meta property=\"og:image:type\" content=\"image\/jpeg\" \/>\n<meta name=\"twitter:card\" content=\"summary_large_image\" \/>\n<meta name=\"twitter:label1\" content=\"Dur\u00e9e de lecture estim\u00e9e\" \/>\n\t<meta name=\"twitter:data1\" content=\"2 minutes\" \/>\n<script type=\"application\/ld+json\" class=\"yoast-schema-graph\">{\"@context\":\"https:\\\/\\\/schema.org\",\"@graph\":[{\"@type\":\"WebPage\",\"@id\":\"https:\\\/\\\/ancestrina.com\\\/fr\\\/producto\\\/lotte-osha\\\/\",\"url\":\"https:\\\/\\\/ancestrina.com\\\/fr\\\/producto\\\/lotte-osha\\\/\",\"name\":\"Osha Rap\u00e9 : Autonomisation et lib\u00e9ration du pouvoir int\u00e9rieur\",\"isPartOf\":{\"@id\":\"https:\\\/\\\/ancestrina.com\\\/fr\\\/#website\"},\"primaryImageOfPage\":{\"@id\":\"https:\\\/\\\/ancestrina.com\\\/fr\\\/producto\\\/lotte-osha\\\/#primaryimage\"},\"image\":{\"@id\":\"https:\\\/\\\/ancestrina.com\\\/fr\\\/producto\\\/lotte-osha\\\/#primaryimage\"},\"thumbnailUrl\":\"https:\\\/\\\/ancestrina.com\\\/wp-content\\\/uploads\\\/Osha.jpg\",\"datePublished\":\"2021-01-19T19:55:07+00:00\",\"dateModified\":\"2026-05-13T07:54:56+00:00\",\"description\":\"D\u00e9couvrez la puissance du Rap\u00e9 d'Osha, un outil de d\u00e9veloppement personnel qui aide \u00e0 surmonter la peur de l'\u00e9chec, \u00e0 renforcer la confiance en soi et \u00e0 transformer les croyances limitantes en convictions de force. Id\u00e9al pour ceux qui cherchent \u00e0 se motiver et \u00e0 s'orienter dans leurs projets personnels et professionnels.\",\"breadcrumb\":{\"@id\":\"https:\\\/\\\/ancestrina.com\\\/fr\\\/producto\\\/lotte-osha\\\/#breadcrumb\"},\"inLanguage\":\"fr-FR\",\"potentialAction\":[{\"@type\":\"ReadAction\",\"target\":[\"https:\\\/\\\/ancestrina.com\\\/fr\\\/producto\\\/lotte-osha\\\/\"]}]},{\"@type\":\"ImageObject\",\"inLanguage\":\"fr-FR\",\"@id\":\"https:\\\/\\\/ancestrina.com\\\/fr\\\/producto\\\/lotte-osha\\\/#primaryimage\",\"url\":\"https:\\\/\\\/ancestrina.com\\\/wp-content\\\/uploads\\\/Osha.jpg\",\"contentUrl\":\"https:\\\/\\\/ancestrina.com\\\/wp-content\\\/uploads\\\/Osha.jpg\",\"width\":2048,\"height\":2048},{\"@type\":\"BreadcrumbList\",\"@id\":\"https:\\\/\\\/ancestrina.com\\\/fr\\\/producto\\\/lotte-osha\\\/#breadcrumb\",\"itemListElement\":[{\"@type\":\"ListItem\",\"position\":1,\"name\":\"Home\",\"item\":\"https:\\\/\\\/ancestrina.com\\\/fr\\\/domicile\\\/\"},{\"@type\":\"ListItem\",\"position\":2,\"name\":\"boutique\",\"item\":\"https:\\\/\\\/ancestrina.com\\\/fr\\\/boutique\\\/\"},{\"@type\":\"ListItem\",\"position\":3,\"name\":\"Osha\"}]},{\"@type\":\"WebSite\",\"@id\":\"https:\\\/\\\/ancestrina.com\\\/fr\\\/#website\",\"url\":\"https:\\\/\\\/ancestrina.com\\\/fr\\\/\",\"name\":\"Ancestrina\",\"description\":\"Trabajamos experiencias con plantas maestras, terapias integradoras y cultos ancestrales\",\"publisher\":{\"@id\":\"https:\\\/\\\/ancestrina.com\\\/fr\\\/#organization\"},\"potentialAction\":[{\"@type\":\"SearchAction\",\"target\":{\"@type\":\"EntryPoint\",\"urlTemplate\":\"https:\\\/\\\/ancestrina.com\\\/fr\\\/?s={search_term_string}\"},\"query-input\":{\"@type\":\"PropertyValueSpecification\",\"valueRequired\":true,\"valueName\":\"search_term_string\"}}],\"inLanguage\":\"fr-FR\"},{\"@type\":\"Organization\",\"@id\":\"https:\\\/\\\/ancestrina.com\\\/fr\\\/#organization\",\"name\":\"Ancestrina\",\"url\":\"https:\\\/\\\/ancestrina.com\\\/fr\\\/\",\"logo\":{\"@type\":\"ImageObject\",\"inLanguage\":\"fr-FR\",\"@id\":\"https:\\\/\\\/ancestrina.com\\\/fr\\\/#\\\/schema\\\/logo\\\/image\\\/\",\"url\":\"https:\\\/\\\/ancestrina.com\\\/wp-content\\\/uploads\\\/2020\\\/06\\\/cropped-LOGO-ANCESTRINA-1.png\",\"contentUrl\":\"https:\\\/\\\/ancestrina.com\\\/wp-content\\\/uploads\\\/2020\\\/06\\\/cropped-LOGO-ANCESTRINA-1.png\",\"width\":630,\"height\":202,\"caption\":\"Ancestrina\"},\"image\":{\"@id\":\"https:\\\/\\\/ancestrina.com\\\/fr\\\/#\\\/schema\\\/logo\\\/image\\\/\"},\"sameAs\":[\"https:\\\/\\\/www.facebook.com\\\/Ancestrina\\\/\",\"https:\\\/\\\/www.instagram.com\\\/ancestrina\\\/\",\"https:\\\/\\\/www.youtube.com\\\/channel\\\/UCgtt6WFhEIVEI30PzxlOeIw\"]}]}<\/script>\n<!-- \/ Yoast SEO Premium plugin. -->","yoast_head_json":{"title":"Osha Rap\u00e9 : Autonomisation et lib\u00e9ration du pouvoir int\u00e9rieur","description":"D\u00e9couvrez la puissance du Rap\u00e9 d'Osha, un outil de d\u00e9veloppement personnel qui aide \u00e0 surmonter la peur de l'\u00e9chec, \u00e0 renforcer la confiance en soi et \u00e0 transformer les croyances limitantes en convictions de force. Id\u00e9al pour ceux qui cherchent \u00e0 se motiver et \u00e0 s'orienter dans leurs projets personnels et professionnels.","robots":{"index":"index","follow":"follow","max-snippet":"max-snippet:-1","max-image-preview":"max-image-preview:large","max-video-preview":"max-video-preview:-1"},"canonical":"https:\/\/ancestrina.com\/fr\/producto\/lotte-osha\/","og_locale":"fr_FR","og_type":"article","og_title":"Osha","og_description":"D\u00e9couvrez la puissance du Rap\u00e9 d'Osha, un outil de d\u00e9veloppement personnel qui aide \u00e0 surmonter la peur de l'\u00e9chec, \u00e0 renforcer la confiance en soi et \u00e0 transformer les croyances limitantes en convictions de force. Id\u00e9al pour ceux qui cherchent \u00e0 se motiver et \u00e0 s'orienter dans leurs projets personnels et professionnels.","og_url":"https:\/\/ancestrina.com\/fr\/producto\/lotte-osha\/","og_site_name":"Ancestrina","article_publisher":"https:\/\/www.facebook.com\/Ancestrina\/","article_modified_time":"2026-05-13T07:54:56+00:00","og_image":[{"width":2048,"height":2048,"url":"https:\/\/ancestrina.com\/wp-content\/uploads\/Osha.jpg","type":"image\/jpeg"}],"twitter_card":"summary_large_image","twitter_misc":{"Dur\u00e9e de lecture estim\u00e9e":"2 minutes"},"schema":{"@context":"https:\/\/schema.org","@graph":[{"@type":"WebPage","@id":"https:\/\/ancestrina.com\/fr\/producto\/lotte-osha\/","url":"https:\/\/ancestrina.com\/fr\/producto\/lotte-osha\/","name":"Osha Rap\u00e9 : Autonomisation et lib\u00e9ration du pouvoir int\u00e9rieur","isPartOf":{"@id":"https:\/\/ancestrina.com\/fr\/#website"},"primaryImageOfPage":{"@id":"https:\/\/ancestrina.com\/fr\/producto\/lotte-osha\/#primaryimage"},"image":{"@id":"https:\/\/ancestrina.com\/fr\/producto\/lotte-osha\/#primaryimage"},"thumbnailUrl":"https:\/\/ancestrina.com\/wp-content\/uploads\/Osha.jpg","datePublished":"2021-01-19T19:55:07+00:00","dateModified":"2026-05-13T07:54:56+00:00","description":"D\u00e9couvrez la puissance du Rap\u00e9 d'Osha, un outil de d\u00e9veloppement personnel qui aide \u00e0 surmonter la peur de l'\u00e9chec, \u00e0 renforcer la confiance en soi et \u00e0 transformer les croyances limitantes en convictions de force. Id\u00e9al pour ceux qui cherchent \u00e0 se motiver et \u00e0 s'orienter dans leurs projets personnels et professionnels.","breadcrumb":{"@id":"https:\/\/ancestrina.com\/fr\/producto\/lotte-osha\/#breadcrumb"},"inLanguage":"fr-FR","potentialAction":[{"@type":"ReadAction","target":["https:\/\/ancestrina.com\/fr\/producto\/lotte-osha\/"]}]},{"@type":"ImageObject","inLanguage":"fr-FR","@id":"https:\/\/ancestrina.com\/fr\/producto\/lotte-osha\/#primaryimage","url":"https:\/\/ancestrina.com\/wp-content\/uploads\/Osha.jpg","contentUrl":"https:\/\/ancestrina.com\/wp-content\/uploads\/Osha.jpg","width":2048,"height":2048},{"@type":"BreadcrumbList","@id":"https:\/\/ancestrina.com\/fr\/producto\/lotte-osha\/#breadcrumb","itemListElement":[{"@type":"ListItem","position":1,"name":"Home","item":"https:\/\/ancestrina.com\/fr\/domicile\/"},{"@type":"ListItem","position":2,"name":"boutique","item":"https:\/\/ancestrina.com\/fr\/boutique\/"},{"@type":"ListItem","position":3,"name":"Osha"}]},{"@type":"WebSite","@id":"https:\/\/ancestrina.com\/fr\/#website","url":"https:\/\/ancestrina.com\/fr\/","name":"Ancestrina","description":"Trabajamos experiencias con plantas maestras, terapias integradoras y cultos ancestrales","publisher":{"@id":"https:\/\/ancestrina.com\/fr\/#organization"},"potentialAction":[{"@type":"SearchAction","target":{"@type":"EntryPoint","urlTemplate":"https:\/\/ancestrina.com\/fr\/?s={search_term_string}"},"query-input":{"@type":"PropertyValueSpecification","valueRequired":true,"valueName":"search_term_string"}}],"inLanguage":"fr-FR"},{"@type":"Organization","@id":"https:\/\/ancestrina.com\/fr\/#organization","name":"Ancestrina","url":"https:\/\/ancestrina.com\/fr\/","logo":{"@type":"ImageObject","inLanguage":"fr-FR","@id":"https:\/\/ancestrina.com\/fr\/#\/schema\/logo\/image\/","url":"https:\/\/ancestrina.com\/wp-content\/uploads\/2020\/06\/cropped-LOGO-ANCESTRINA-1.png","contentUrl":"https:\/\/ancestrina.com\/wp-content\/uploads\/2020\/06\/cropped-LOGO-ANCESTRINA-1.png","width":630,"height":202,"caption":"Ancestrina"},"image":{"@id":"https:\/\/ancestrina.com\/fr\/#\/schema\/logo\/image\/"},"sameAs":["https:\/\/www.facebook.com\/Ancestrina\/","https:\/\/www.instagram.com\/ancestrina\/","https:\/\/www.youtube.com\/channel\/UCgtt6WFhEIVEI30PzxlOeIw"]}]}},"_links":{"self":[{"href":"https:\/\/ancestrina.com\/fr\/wp-json\/wp\/v2\/product\/16965","targetHints":{"allow":["GET"]}}],"collection":[{"href":"https:\/\/ancestrina.com\/fr\/wp-json\/wp\/v2\/product"}],"about":[{"href":"https:\/\/ancestrina.com\/fr\/wp-json\/wp\/v2\/types\/product"}],"replies":[{"embeddable":true,"href":"https:\/\/ancestrina.com\/fr\/wp-json\/wp\/v2\/comments?post=16965"}],"version-history":[{"count":5,"href":"https:\/\/ancestrina.com\/fr\/wp-json\/wp\/v2\/product\/16965\/revisions"}],"predecessor-version":[{"id":37834,"href":"https:\/\/ancestrina.com\/fr\/wp-json\/wp\/v2\/product\/16965\/revisions\/37834"}],"wp:featuredmedia":[{"embeddable":true,"href":"https:\/\/ancestrina.com\/fr\/wp-json\/wp\/v2\/media\/34958"}],"wp:attachment":[{"href":"https:\/\/ancestrina.com\/fr\/wp-json\/wp\/v2\/media?parent=16965"}],"wp:term":[{"taxonomy":"product_brand","embeddable":true,"href":"https:\/\/ancestrina.com\/fr\/wp-json\/wp\/v2\/product_brand?post=16965"},{"taxonomy":"product_cat","embeddable":true,"href":"https:\/\/ancestrina.com\/fr\/wp-json\/wp\/v2\/product_cat?post=16965"},{"taxonomy":"product_tag","embeddable":true,"href":"https:\/\/ancestrina.com\/fr\/wp-json\/wp\/v2\/product_tag?post=16965"}],"curies":[{"name":"wp","href":"https:\/\/api.w.org\/{rel}","templated":true}]}}