{"id":16964,"date":"2021-01-19T20:12:16","date_gmt":"2021-01-19T20:12:16","guid":{"rendered":"http:\/\/ancestrina.com\/producto\/rape-mulungu\/"},"modified":"2026-05-12T17:35:08","modified_gmt":"2026-05-12T22:35:08","slug":"lotte-mulungu","status":"publish","type":"product","link":"https:\/\/ancestrina.com\/fr\/producto\/lotte-mulungu\/","title":{"rendered":"Mulungu"},"content":{"rendered":"<p>D\u00e9couvrez le pouvoir de gu\u00e9rison du Rap\u00e9 Mulungu, une plante v\u00e9n\u00e9r\u00e9e dans la m\u00e9decine traditionnelle br\u00e9silienne pour son impact remarquable sur la sant\u00e9 \u00e9motionnelle et le bien-\u00eatre mental. Ce rap\u00e9 est particuli\u00e8rement appr\u00e9ci\u00e9 pour sa capacit\u00e9 \u00e0 harmoniser le chakra sacr\u00e9 et le plexus solaire, des centres \u00e9nerg\u00e9tiques essentiels \u00e0 la stabilit\u00e9 \u00e9motionnelle et \u00e0 la confiance en soi.<\/p>\n<p>Mulungu Rap\u00e9 ne cherche pas seulement \u00e0 soulager les sympt\u00f4mes temporaires, il s&rsquo;attache \u00e0 aller \u00e0 la racine des \u00e9motions profondes et d\u00e9rangeantes. En interagissant avec les neurotransmetteurs li\u00e9s \u00e0 l&rsquo;humeur tels que la s\u00e9rotonine, ce rap\u00e9 contribue \u00e0 r\u00e9tablir l&rsquo;\u00e9quilibre \u00e9motionnel et \u00e0 favoriser un sentiment de paix int\u00e9rieure.<\/p>\n<p><strong>Propri\u00e9t\u00e9s th\u00e9rapeutiques du rap\u00e9 de Mulungu :<\/strong><\/p>\n<ul>\n<li><strong>Antid\u00e9presseur naturel :<\/strong> aide \u00e0 augmenter les niveaux de s\u00e9rotonine, am\u00e9liorant l&rsquo;humeur et combattant la d\u00e9pression.<\/li>\n<li><strong>Stabilisateur \u00e9motionnel :<\/strong> en d\u00e9bloquant et en \u00e9quilibrant le chakra sacr\u00e9 et le plexus solaire, il am\u00e9liore l&rsquo;estime de soi et r\u00e9duit le d\u00e9couragement.<\/li>\n<\/ul>\n<p><strong>Id\u00e9al pour :<\/strong><\/p>\n<ul>\n<li><strong>Personnes en proie \u00e0 l&rsquo;abattement ou \u00e0 une profonde tristesse :<\/strong> Id\u00e9al pour ceux qui recherchent un moyen naturel et profond de comprendre et de traiter les causes sous-jacentes de leur d\u00e9tresse \u00e9motionnelle.<\/li>\n<li><strong>Personnes \u00e0 la recherche d&rsquo;un \u00e9quilibre \u00e9motionnel :<\/strong> Excellent pour les personnes qui se sentent \u00e9motionnellement d\u00e9s\u00e9quilibr\u00e9es et qui recherchent une plus grande stabilit\u00e9 et une paix int\u00e9rieure.<\/li>\n<\/ul>\n<p>Mulungu Rap\u00e9 est plus qu&rsquo;un traitement, c&rsquo;est un outil de m\u00e9ditation qui vous invite \u00e0 explorer et \u00e0 r\u00e9soudre les profondeurs de vos \u00e9motions pour \u00e9viter de sombrer dans des \u00e9tats de tristesse ou de d\u00e9pression. En int\u00e9grant ce rap\u00e9 \u00e0 votre pratique du bien-\u00eatre, vous entamez un voyage transformateur vers une gu\u00e9rison \u00e9motionnelle plus profonde et durable.<\/p>\n","protected":false},"excerpt":{"rendered":"<p>D\u00e9couvrez le pouvoir de transformation du rap\u00e9 Mulungu, un \u00e9lixir sacr\u00e9 con\u00e7u pour vaincre la d\u00e9pression et r\u00e9tablir l&rsquo;\u00e9quilibre \u00e9motionnel. Ce tabac \u00e0 priser vous aide \u00e0 identifier les liens \u00e9motionnels avec le pass\u00e9 qui vous emp\u00eachent d&rsquo;\u00eatre heureux, vous permettant ainsi de les transcender. Id\u00e9al pour ceux qui recherchent une v\u00e9ritable gu\u00e9rison \u00e9motionnelle, Mulungu Snuff ne se contente pas de soulager la tristesse, mais vous guide vers une compr\u00e9hension plus profonde de ce qui vous retient, facilitant une lib\u00e9ration authentique et durable.  <\/p>\n","protected":false},"featured_media":34930,"comment_status":"closed","ping_status":"closed","template":"","meta":{"order-bump-settings":[],"_wpfnl_thankyou_order_overview":"on","_wpfnl_thankyou_order_details":"on","_wpfnl_thankyou_billing_details":"on","_wpfnl_thankyou_shipping_details":"on","site-sidebar-layout":"default","site-content-layout":"plain-container","ast-site-content-layout":"normal-width-container","site-content-style":"unboxed","site-sidebar-style":"unboxed","ast-global-header-display":"","ast-banner-title-visibility":"","ast-main-header-display":"","ast-hfb-above-header-display":"","ast-hfb-below-header-display":"","ast-hfb-mobile-header-display":"","site-post-title":"","ast-breadcrumbs-content":"","ast-featured-img":"","footer-sml-layout":"","ast-disable-related-posts":"","theme-transparent-header-meta":"disabled","adv-header-id-meta":"","stick-header-meta":"","header-above-stick-meta":"","header-main-stick-meta":"","header-below-stick-meta":"","astra-migrate-meta-layouts":"default","ast-page-background-enabled":"default","ast-page-background-meta":{"desktop":{"background-color":"","background-image":"","background-repeat":"repeat","background-position":"center center","background-size":"auto","background-attachment":"scroll","background-type":"","background-media":"","overlay-type":"","overlay-color":"","overlay-opacity":"","overlay-gradient":""},"tablet":{"background-color":"","background-image":"","background-repeat":"repeat","background-position":"center center","background-size":"auto","background-attachment":"scroll","background-type":"","background-media":"","overlay-type":"","overlay-color":"","overlay-opacity":"","overlay-gradient":""},"mobile":{"background-color":"","background-image":"","background-repeat":"repeat","background-position":"center center","background-size":"auto","background-attachment":"scroll","background-type":"","background-media":"","overlay-type":"","overlay-color":"","overlay-opacity":"","overlay-gradient":""}},"ast-content-background-meta":{"desktop":{"background-color":"var(--ast-global-color-5)","background-image":"","background-repeat":"repeat","background-position":"center center","background-size":"auto","background-attachment":"scroll","background-type":"","background-media":"","overlay-type":"","overlay-color":"","overlay-opacity":"","overlay-gradient":""},"tablet":{"background-color":"var(--ast-global-color-5)","background-image":"","background-repeat":"repeat","background-position":"center center","background-size":"auto","background-attachment":"scroll","background-type":"","background-media":"","overlay-type":"","overlay-color":"","overlay-opacity":"","overlay-gradient":""},"mobile":{"background-color":"var(--ast-global-color-5)","background-image":"","background-repeat":"repeat","background-position":"center center","background-size":"auto","background-attachment":"scroll","background-type":"","background-media":"","overlay-type":"","overlay-color":"","overlay-opacity":"","overlay-gradient":""}},"_joinchat":[]},"product_brand":[],"product_cat":[776],"product_tag":[],"class_list":{"0":"post-16964","1":"product","2":"type-product","3":"status-publish","4":"has-post-thumbnail","6":"product_cat-rape-fr","7":"desktop-align-center","8":"tablet-align-left","9":"mobile-align-left","11":"first","12":"instock","13":"shipping-taxable","14":"purchasable","15":"product-type-variable"},"yoast_head":"<!-- This site is optimized with the Yoast SEO Premium plugin v22.6 (Yoast SEO v27.6) - https:\/\/yoast.com\/product\/yoast-seo-premium-wordpress\/ -->\n<title>Mulungu snuff pour surmonter la d\u00e9pression et avoir un \u00e9quilibre \u00e9motionnel<\/title>\n<meta name=\"description\" content=\"D\u00e9couvrez le pouvoir de gu\u00e9rison du Rap\u00e9 Mulungu, un outil de m\u00e9ditation qui aide \u00e0 \u00e9quilibrer le chakra sacr\u00e9 et le plexus solaire, favorisant la stabilit\u00e9 \u00e9motionnelle et la confiance en soi. Id\u00e9al pour ceux qui cherchent \u00e0 soulager une profonde tristesse et \u00e0 trouver une plus grande paix int\u00e9rieure.\" \/>\n<meta name=\"robots\" content=\"index, follow, max-snippet:-1, max-image-preview:large, max-video-preview:-1\" \/>\n<link rel=\"canonical\" href=\"https:\/\/ancestrina.com\/fr\/producto\/lotte-mulungu\/\" \/>\n<meta property=\"og:locale\" content=\"fr_FR\" \/>\n<meta property=\"og:type\" content=\"article\" \/>\n<meta property=\"og:title\" content=\"Mulungu\" \/>\n<meta property=\"og:description\" content=\"D\u00e9couvrez le pouvoir de gu\u00e9rison du Rap\u00e9 Mulungu, un outil de m\u00e9ditation qui aide \u00e0 \u00e9quilibrer le chakra sacr\u00e9 et le plexus solaire, favorisant la stabilit\u00e9 \u00e9motionnelle et la confiance en soi. Id\u00e9al pour ceux qui cherchent \u00e0 soulager une profonde tristesse et \u00e0 trouver une plus grande paix int\u00e9rieure.\" \/>\n<meta property=\"og:url\" content=\"https:\/\/ancestrina.com\/fr\/producto\/lotte-mulungu\/\" \/>\n<meta property=\"og:site_name\" content=\"Ancestrina\" \/>\n<meta property=\"article:publisher\" content=\"https:\/\/www.facebook.com\/Ancestrina\/\" \/>\n<meta property=\"article:modified_time\" content=\"2026-05-12T22:35:08+00:00\" \/>\n<meta property=\"og:image\" content=\"https:\/\/ancestrina.com\/wp-content\/uploads\/Mulungu.jpg\" \/>\n\t<meta property=\"og:image:width\" content=\"2048\" \/>\n\t<meta property=\"og:image:height\" content=\"2048\" \/>\n\t<meta property=\"og:image:type\" content=\"image\/jpeg\" \/>\n<meta name=\"twitter:card\" content=\"summary_large_image\" \/>\n<meta name=\"twitter:label1\" content=\"Dur\u00e9e de lecture estim\u00e9e\" \/>\n\t<meta name=\"twitter:data1\" content=\"1 minute\" \/>\n<script type=\"application\/ld+json\" class=\"yoast-schema-graph\">{\"@context\":\"https:\\\/\\\/schema.org\",\"@graph\":[{\"@type\":\"WebPage\",\"@id\":\"https:\\\/\\\/ancestrina.com\\\/fr\\\/producto\\\/lotte-mulungu\\\/\",\"url\":\"https:\\\/\\\/ancestrina.com\\\/fr\\\/producto\\\/lotte-mulungu\\\/\",\"name\":\"Mulungu snuff pour surmonter la d\u00e9pression et avoir un \u00e9quilibre \u00e9motionnel\",\"isPartOf\":{\"@id\":\"https:\\\/\\\/ancestrina.com\\\/fr\\\/#website\"},\"primaryImageOfPage\":{\"@id\":\"https:\\\/\\\/ancestrina.com\\\/fr\\\/producto\\\/lotte-mulungu\\\/#primaryimage\"},\"image\":{\"@id\":\"https:\\\/\\\/ancestrina.com\\\/fr\\\/producto\\\/lotte-mulungu\\\/#primaryimage\"},\"thumbnailUrl\":\"https:\\\/\\\/ancestrina.com\\\/wp-content\\\/uploads\\\/Mulungu.jpg\",\"datePublished\":\"2021-01-19T20:12:16+00:00\",\"dateModified\":\"2026-05-12T22:35:08+00:00\",\"description\":\"D\u00e9couvrez le pouvoir de gu\u00e9rison du Rap\u00e9 Mulungu, un outil de m\u00e9ditation qui aide \u00e0 \u00e9quilibrer le chakra sacr\u00e9 et le plexus solaire, favorisant la stabilit\u00e9 \u00e9motionnelle et la confiance en soi. Id\u00e9al pour ceux qui cherchent \u00e0 soulager une profonde tristesse et \u00e0 trouver une plus grande paix int\u00e9rieure.\",\"breadcrumb\":{\"@id\":\"https:\\\/\\\/ancestrina.com\\\/fr\\\/producto\\\/lotte-mulungu\\\/#breadcrumb\"},\"inLanguage\":\"fr-FR\",\"potentialAction\":[{\"@type\":\"ReadAction\",\"target\":[\"https:\\\/\\\/ancestrina.com\\\/fr\\\/producto\\\/lotte-mulungu\\\/\"]}]},{\"@type\":\"ImageObject\",\"inLanguage\":\"fr-FR\",\"@id\":\"https:\\\/\\\/ancestrina.com\\\/fr\\\/producto\\\/lotte-mulungu\\\/#primaryimage\",\"url\":\"https:\\\/\\\/ancestrina.com\\\/wp-content\\\/uploads\\\/Mulungu.jpg\",\"contentUrl\":\"https:\\\/\\\/ancestrina.com\\\/wp-content\\\/uploads\\\/Mulungu.jpg\",\"width\":2048,\"height\":2048},{\"@type\":\"BreadcrumbList\",\"@id\":\"https:\\\/\\\/ancestrina.com\\\/fr\\\/producto\\\/lotte-mulungu\\\/#breadcrumb\",\"itemListElement\":[{\"@type\":\"ListItem\",\"position\":1,\"name\":\"Home\",\"item\":\"https:\\\/\\\/ancestrina.com\\\/fr\\\/domicile\\\/\"},{\"@type\":\"ListItem\",\"position\":2,\"name\":\"boutique\",\"item\":\"https:\\\/\\\/ancestrina.com\\\/fr\\\/boutique\\\/\"},{\"@type\":\"ListItem\",\"position\":3,\"name\":\"Mulungu\"}]},{\"@type\":\"WebSite\",\"@id\":\"https:\\\/\\\/ancestrina.com\\\/fr\\\/#website\",\"url\":\"https:\\\/\\\/ancestrina.com\\\/fr\\\/\",\"name\":\"Ancestrina\",\"description\":\"Trabajamos experiencias con plantas maestras, terapias integradoras y cultos ancestrales\",\"publisher\":{\"@id\":\"https:\\\/\\\/ancestrina.com\\\/fr\\\/#organization\"},\"potentialAction\":[{\"@type\":\"SearchAction\",\"target\":{\"@type\":\"EntryPoint\",\"urlTemplate\":\"https:\\\/\\\/ancestrina.com\\\/fr\\\/?s={search_term_string}\"},\"query-input\":{\"@type\":\"PropertyValueSpecification\",\"valueRequired\":true,\"valueName\":\"search_term_string\"}}],\"inLanguage\":\"fr-FR\"},{\"@type\":\"Organization\",\"@id\":\"https:\\\/\\\/ancestrina.com\\\/fr\\\/#organization\",\"name\":\"Ancestrina\",\"url\":\"https:\\\/\\\/ancestrina.com\\\/fr\\\/\",\"logo\":{\"@type\":\"ImageObject\",\"inLanguage\":\"fr-FR\",\"@id\":\"https:\\\/\\\/ancestrina.com\\\/fr\\\/#\\\/schema\\\/logo\\\/image\\\/\",\"url\":\"https:\\\/\\\/ancestrina.com\\\/wp-content\\\/uploads\\\/2020\\\/06\\\/cropped-LOGO-ANCESTRINA-1.png\",\"contentUrl\":\"https:\\\/\\\/ancestrina.com\\\/wp-content\\\/uploads\\\/2020\\\/06\\\/cropped-LOGO-ANCESTRINA-1.png\",\"width\":630,\"height\":202,\"caption\":\"Ancestrina\"},\"image\":{\"@id\":\"https:\\\/\\\/ancestrina.com\\\/fr\\\/#\\\/schema\\\/logo\\\/image\\\/\"},\"sameAs\":[\"https:\\\/\\\/www.facebook.com\\\/Ancestrina\\\/\",\"https:\\\/\\\/www.instagram.com\\\/ancestrina\\\/\",\"https:\\\/\\\/www.youtube.com\\\/channel\\\/UCgtt6WFhEIVEI30PzxlOeIw\"]}]}<\/script>\n<!-- \/ Yoast SEO Premium plugin. -->","yoast_head_json":{"title":"Mulungu snuff pour surmonter la d\u00e9pression et avoir un \u00e9quilibre \u00e9motionnel","description":"D\u00e9couvrez le pouvoir de gu\u00e9rison du Rap\u00e9 Mulungu, un outil de m\u00e9ditation qui aide \u00e0 \u00e9quilibrer le chakra sacr\u00e9 et le plexus solaire, favorisant la stabilit\u00e9 \u00e9motionnelle et la confiance en soi. Id\u00e9al pour ceux qui cherchent \u00e0 soulager une profonde tristesse et \u00e0 trouver une plus grande paix int\u00e9rieure.","robots":{"index":"index","follow":"follow","max-snippet":"max-snippet:-1","max-image-preview":"max-image-preview:large","max-video-preview":"max-video-preview:-1"},"canonical":"https:\/\/ancestrina.com\/fr\/producto\/lotte-mulungu\/","og_locale":"fr_FR","og_type":"article","og_title":"Mulungu","og_description":"D\u00e9couvrez le pouvoir de gu\u00e9rison du Rap\u00e9 Mulungu, un outil de m\u00e9ditation qui aide \u00e0 \u00e9quilibrer le chakra sacr\u00e9 et le plexus solaire, favorisant la stabilit\u00e9 \u00e9motionnelle et la confiance en soi. Id\u00e9al pour ceux qui cherchent \u00e0 soulager une profonde tristesse et \u00e0 trouver une plus grande paix int\u00e9rieure.","og_url":"https:\/\/ancestrina.com\/fr\/producto\/lotte-mulungu\/","og_site_name":"Ancestrina","article_publisher":"https:\/\/www.facebook.com\/Ancestrina\/","article_modified_time":"2026-05-12T22:35:08+00:00","og_image":[{"width":2048,"height":2048,"url":"https:\/\/ancestrina.com\/wp-content\/uploads\/Mulungu.jpg","type":"image\/jpeg"}],"twitter_card":"summary_large_image","twitter_misc":{"Dur\u00e9e de lecture estim\u00e9e":"1 minute"},"schema":{"@context":"https:\/\/schema.org","@graph":[{"@type":"WebPage","@id":"https:\/\/ancestrina.com\/fr\/producto\/lotte-mulungu\/","url":"https:\/\/ancestrina.com\/fr\/producto\/lotte-mulungu\/","name":"Mulungu snuff pour surmonter la d\u00e9pression et avoir un \u00e9quilibre \u00e9motionnel","isPartOf":{"@id":"https:\/\/ancestrina.com\/fr\/#website"},"primaryImageOfPage":{"@id":"https:\/\/ancestrina.com\/fr\/producto\/lotte-mulungu\/#primaryimage"},"image":{"@id":"https:\/\/ancestrina.com\/fr\/producto\/lotte-mulungu\/#primaryimage"},"thumbnailUrl":"https:\/\/ancestrina.com\/wp-content\/uploads\/Mulungu.jpg","datePublished":"2021-01-19T20:12:16+00:00","dateModified":"2026-05-12T22:35:08+00:00","description":"D\u00e9couvrez le pouvoir de gu\u00e9rison du Rap\u00e9 Mulungu, un outil de m\u00e9ditation qui aide \u00e0 \u00e9quilibrer le chakra sacr\u00e9 et le plexus solaire, favorisant la stabilit\u00e9 \u00e9motionnelle et la confiance en soi. Id\u00e9al pour ceux qui cherchent \u00e0 soulager une profonde tristesse et \u00e0 trouver une plus grande paix int\u00e9rieure.","breadcrumb":{"@id":"https:\/\/ancestrina.com\/fr\/producto\/lotte-mulungu\/#breadcrumb"},"inLanguage":"fr-FR","potentialAction":[{"@type":"ReadAction","target":["https:\/\/ancestrina.com\/fr\/producto\/lotte-mulungu\/"]}]},{"@type":"ImageObject","inLanguage":"fr-FR","@id":"https:\/\/ancestrina.com\/fr\/producto\/lotte-mulungu\/#primaryimage","url":"https:\/\/ancestrina.com\/wp-content\/uploads\/Mulungu.jpg","contentUrl":"https:\/\/ancestrina.com\/wp-content\/uploads\/Mulungu.jpg","width":2048,"height":2048},{"@type":"BreadcrumbList","@id":"https:\/\/ancestrina.com\/fr\/producto\/lotte-mulungu\/#breadcrumb","itemListElement":[{"@type":"ListItem","position":1,"name":"Home","item":"https:\/\/ancestrina.com\/fr\/domicile\/"},{"@type":"ListItem","position":2,"name":"boutique","item":"https:\/\/ancestrina.com\/fr\/boutique\/"},{"@type":"ListItem","position":3,"name":"Mulungu"}]},{"@type":"WebSite","@id":"https:\/\/ancestrina.com\/fr\/#website","url":"https:\/\/ancestrina.com\/fr\/","name":"Ancestrina","description":"Trabajamos experiencias con plantas maestras, terapias integradoras y cultos ancestrales","publisher":{"@id":"https:\/\/ancestrina.com\/fr\/#organization"},"potentialAction":[{"@type":"SearchAction","target":{"@type":"EntryPoint","urlTemplate":"https:\/\/ancestrina.com\/fr\/?s={search_term_string}"},"query-input":{"@type":"PropertyValueSpecification","valueRequired":true,"valueName":"search_term_string"}}],"inLanguage":"fr-FR"},{"@type":"Organization","@id":"https:\/\/ancestrina.com\/fr\/#organization","name":"Ancestrina","url":"https:\/\/ancestrina.com\/fr\/","logo":{"@type":"ImageObject","inLanguage":"fr-FR","@id":"https:\/\/ancestrina.com\/fr\/#\/schema\/logo\/image\/","url":"https:\/\/ancestrina.com\/wp-content\/uploads\/2020\/06\/cropped-LOGO-ANCESTRINA-1.png","contentUrl":"https:\/\/ancestrina.com\/wp-content\/uploads\/2020\/06\/cropped-LOGO-ANCESTRINA-1.png","width":630,"height":202,"caption":"Ancestrina"},"image":{"@id":"https:\/\/ancestrina.com\/fr\/#\/schema\/logo\/image\/"},"sameAs":["https:\/\/www.facebook.com\/Ancestrina\/","https:\/\/www.instagram.com\/ancestrina\/","https:\/\/www.youtube.com\/channel\/UCgtt6WFhEIVEI30PzxlOeIw"]}]}},"_links":{"self":[{"href":"https:\/\/ancestrina.com\/fr\/wp-json\/wp\/v2\/product\/16964","targetHints":{"allow":["GET"]}}],"collection":[{"href":"https:\/\/ancestrina.com\/fr\/wp-json\/wp\/v2\/product"}],"about":[{"href":"https:\/\/ancestrina.com\/fr\/wp-json\/wp\/v2\/types\/product"}],"replies":[{"embeddable":true,"href":"https:\/\/ancestrina.com\/fr\/wp-json\/wp\/v2\/comments?post=16964"}],"version-history":[{"count":4,"href":"https:\/\/ancestrina.com\/fr\/wp-json\/wp\/v2\/product\/16964\/revisions"}],"predecessor-version":[{"id":37845,"href":"https:\/\/ancestrina.com\/fr\/wp-json\/wp\/v2\/product\/16964\/revisions\/37845"}],"wp:featuredmedia":[{"embeddable":true,"href":"https:\/\/ancestrina.com\/fr\/wp-json\/wp\/v2\/media\/34930"}],"wp:attachment":[{"href":"https:\/\/ancestrina.com\/fr\/wp-json\/wp\/v2\/media?parent=16964"}],"wp:term":[{"taxonomy":"product_brand","embeddable":true,"href":"https:\/\/ancestrina.com\/fr\/wp-json\/wp\/v2\/product_brand?post=16964"},{"taxonomy":"product_cat","embeddable":true,"href":"https:\/\/ancestrina.com\/fr\/wp-json\/wp\/v2\/product_cat?post=16964"},{"taxonomy":"product_tag","embeddable":true,"href":"https:\/\/ancestrina.com\/fr\/wp-json\/wp\/v2\/product_tag?post=16964"}],"curies":[{"name":"wp","href":"https:\/\/api.w.org\/{rel}","templated":true}]}}