{"id":16954,"date":"2021-01-19T20:18:21","date_gmt":"2021-01-19T20:18:21","guid":{"rendered":"http:\/\/ancestrina.com\/producto\/rape-cacao\/"},"modified":"2026-05-12T16:39:16","modified_gmt":"2026-05-12T21:39:16","slug":"lotte-cacao","status":"publish","type":"product","link":"https:\/\/ancestrina.com\/fr\/producto\/lotte-cacao\/","title":{"rendered":"Cacao"},"content":{"rendered":"<p>Pris\u00e9 comme le tabac \u00e0 priser de la joie, le tabac \u00e0 priser au cacao invite ceux qui l&rsquo;approchent \u00e0 faire l&rsquo;exp\u00e9rience de la vie avec un sens renouvel\u00e9 de la joie et de la vitalit\u00e9. Id\u00e9al pour les moments o\u00f9 vous avez besoin d&rsquo;un regain d&rsquo;\u00e9nergie et de satisfaction, ce tabac \u00e0 priser ouvre le c\u0153ur et l&rsquo;esprit, permettant \u00e0 la lumi\u00e8re de la joie d&rsquo;\u00e9clairer m\u00eame les jours les plus sombres. <\/p>\n<p><strong>Principaux avantages :<\/strong><\/p>\n<ol>\n<li><strong>Stimulation du bonheur :<\/strong> active des neurotransmetteurs cl\u00e9s dans le cerveau, favorisant naturellement les sentiments de bonheur et de satisfaction.<\/li>\n<li><strong>Booster d&rsquo;humeur :<\/strong> Id\u00e9al pour surmonter les moments de tristesse, remonter le moral et vous aider \u00e0 voir la vie avec optimisme.<\/li>\n<li><strong>Relaxation profonde :<\/strong> offre un \u00e9tat de bien-\u00eatre et de relaxation, sans les effets stimulants intenses d&rsquo;autres compos\u00e9s.<\/li>\n<li><strong>Adaptabilit\u00e9 au changement :<\/strong> vous apprend \u00e0 vous adapter \u00e0 la vie, \u00e0 accepter le changement avec confiance et ouverture, \u00e0 renforcer votre capacit\u00e9 d&rsquo;adaptation et \u00e0 profiter du pr\u00e9sent.<\/li>\n<\/ol>\n<p><strong>Id\u00e9al pour :<\/strong><\/p>\n<ol>\n<li><strong>Commencer la journ\u00e9e avec \u00e9nergie :<\/strong> Pour ceux qui veulent se r\u00e9veiller chaque matin plein d&rsquo;\u00e9nergie et avec une attitude positive pour la journ\u00e9e \u00e0 venir.<\/li>\n<li><strong>Ceux qui recherchent la f\u00e9licit\u00e9 et le contentement :<\/strong> Parfait si vous cherchez \u00e0 cultiver un sentiment constant de joie et de contentement dans votre vie.<\/li>\n<li>Les <strong>personnes qui veulent am\u00e9liorer leur bien-\u00eatre \u00e9motionnel :<\/strong> Si vous voulez rester dans un \u00e9tat d&rsquo;esprit \u00e9lev\u00e9 et cultiver une perspective positive.<\/li>\n<li><strong>Ceux qui aspirent \u00e0 un plus grand sentiment de paix :<\/strong> Id\u00e9al pour ceux qui cherchent \u00e0 trouver le calme et la s\u00e9r\u00e9nit\u00e9 dans leur vie quotidienne, en apprenant \u00e0 accepter et \u00e0 suivre les courants de la vie.<\/li>\n<\/ol>\n<p>Cocoa Rap\u00e9 est une invitation \u00e0 retrouver la joie de vivre, vous offrant un chemin vers le bien-\u00eatre \u00e9motionnel et l&rsquo;\u00e9panouissement. Laissez ce rap\u00e9 de la joie vous guider vers une exp\u00e9rience de vie plus riche et plus \u00e9panouissante, en vous montrant comment embrasser chaque jour avec joie et gratitude.<\/p>\n<p>&nbsp;<\/p>\n","protected":false},"excerpt":{"rendered":"<p>Plongez dans l&rsquo;essence du Rap\u00e9 de Cacao, notre tabac \u00e0 priser ancestral de la joie et de la vitalit\u00e9. Id\u00e9al pour ceux qui cherchent \u00e0 illuminer leur journ\u00e9e avec un sens renouvel\u00e9 de la f\u00e9licit\u00e9, ce rap\u00e9 r\u00e9veille votre \u00e9nergie, am\u00e9liore votre humeur et favorise une relaxation profonde, vous apprenant \u00e0 couler avec la vie. Id\u00e9al pour commencer chaque matin avec positivit\u00e9 ou pour retrouver le contentement en p\u00e9riode de changement, Cocoa Rap\u00e9 est une invitation \u00e0 vivre dans l&rsquo;harmonie et la gratitude. D\u00e9couvrez comment ce rap\u00e9 sacr\u00e9 peut transformer votre perspective et vous apporter la paix int\u00e9rieure chez Ancestrina.<\/p>\n","protected":false},"featured_media":34517,"comment_status":"closed","ping_status":"closed","template":"","meta":{"order-bump-settings":[],"_wpfnl_thankyou_order_overview":"on","_wpfnl_thankyou_order_details":"on","_wpfnl_thankyou_billing_details":"on","_wpfnl_thankyou_shipping_details":"on","site-sidebar-layout":"default","site-content-layout":"plain-container","ast-site-content-layout":"normal-width-container","site-content-style":"unboxed","site-sidebar-style":"unboxed","ast-global-header-display":"","ast-banner-title-visibility":"","ast-main-header-display":"","ast-hfb-above-header-display":"","ast-hfb-below-header-display":"","ast-hfb-mobile-header-display":"","site-post-title":"","ast-breadcrumbs-content":"","ast-featured-img":"","footer-sml-layout":"","ast-disable-related-posts":"","theme-transparent-header-meta":"disabled","adv-header-id-meta":"","stick-header-meta":"","header-above-stick-meta":"","header-main-stick-meta":"","header-below-stick-meta":"","astra-migrate-meta-layouts":"default","ast-page-background-enabled":"default","ast-page-background-meta":{"desktop":{"background-color":"","background-image":"","background-repeat":"repeat","background-position":"center center","background-size":"auto","background-attachment":"scroll","background-type":"","background-media":"","overlay-type":"","overlay-color":"","overlay-opacity":"","overlay-gradient":""},"tablet":{"background-color":"","background-image":"","background-repeat":"repeat","background-position":"center center","background-size":"auto","background-attachment":"scroll","background-type":"","background-media":"","overlay-type":"","overlay-color":"","overlay-opacity":"","overlay-gradient":""},"mobile":{"background-color":"","background-image":"","background-repeat":"repeat","background-position":"center center","background-size":"auto","background-attachment":"scroll","background-type":"","background-media":"","overlay-type":"","overlay-color":"","overlay-opacity":"","overlay-gradient":""}},"ast-content-background-meta":{"desktop":{"background-color":"var(--ast-global-color-5)","background-image":"","background-repeat":"repeat","background-position":"center center","background-size":"auto","background-attachment":"scroll","background-type":"","background-media":"","overlay-type":"","overlay-color":"","overlay-opacity":"","overlay-gradient":""},"tablet":{"background-color":"var(--ast-global-color-5)","background-image":"","background-repeat":"repeat","background-position":"center center","background-size":"auto","background-attachment":"scroll","background-type":"","background-media":"","overlay-type":"","overlay-color":"","overlay-opacity":"","overlay-gradient":""},"mobile":{"background-color":"var(--ast-global-color-5)","background-image":"","background-repeat":"repeat","background-position":"center center","background-size":"auto","background-attachment":"scroll","background-type":"","background-media":"","overlay-type":"","overlay-color":"","overlay-opacity":"","overlay-gradient":""}},"_joinchat":[]},"product_brand":[],"product_cat":[776],"product_tag":[],"class_list":{"0":"post-16954","1":"product","2":"type-product","3":"status-publish","4":"has-post-thumbnail","6":"product_cat-rape-fr","7":"desktop-align-center","8":"tablet-align-left","9":"mobile-align-left","11":"first","12":"instock","13":"shipping-taxable","14":"purchasable","15":"product-type-variable"},"yoast_head":"<!-- This site is optimized with the Yoast SEO Premium plugin v22.6 (Yoast SEO v27.6) - https:\/\/yoast.com\/product\/yoast-seo-premium-wordpress\/ -->\n<title>Le cacao rap\u00e9 : source de joie et de vitalit\u00e9<\/title>\n<meta name=\"description\" content=\"D\u00e9couvrez la vie avec un sentiment renouvel\u00e9 de joie et de vitalit\u00e9 gr\u00e2ce au rap\u00e9 de cacao, pris\u00e9 comme le tabac \u00e0 priser de la joie. Id\u00e9al pour am\u00e9liorer l&#039;humeur, favoriser une relaxation profonde et cultiver une attitude positive \u00e0 l&#039;\u00e9gard de la vie. Parfait pour commencer la journ\u00e9e avec \u00e9nergie et maintenir un sentiment constant de joie et de satisfaction.\" \/>\n<meta name=\"robots\" content=\"index, follow, max-snippet:-1, max-image-preview:large, max-video-preview:-1\" \/>\n<link rel=\"canonical\" href=\"https:\/\/ancestrina.com\/fr\/producto\/lotte-cacao\/\" \/>\n<meta property=\"og:locale\" content=\"fr_FR\" \/>\n<meta property=\"og:type\" content=\"article\" \/>\n<meta property=\"og:title\" content=\"Cacao\" \/>\n<meta property=\"og:description\" content=\"D\u00e9couvrez la vie avec un sentiment renouvel\u00e9 de joie et de vitalit\u00e9 gr\u00e2ce au rap\u00e9 de cacao, pris\u00e9 comme le tabac \u00e0 priser de la joie. Id\u00e9al pour am\u00e9liorer l&#039;humeur, favoriser une relaxation profonde et cultiver une attitude positive \u00e0 l&#039;\u00e9gard de la vie. Parfait pour commencer la journ\u00e9e avec \u00e9nergie et maintenir un sentiment constant de joie et de satisfaction.\" \/>\n<meta property=\"og:url\" content=\"https:\/\/ancestrina.com\/fr\/producto\/lotte-cacao\/\" \/>\n<meta property=\"og:site_name\" content=\"Ancestrina\" \/>\n<meta property=\"article:publisher\" content=\"https:\/\/www.facebook.com\/Ancestrina\/\" \/>\n<meta property=\"article:modified_time\" content=\"2026-05-12T21:39:16+00:00\" \/>\n<meta property=\"og:image\" content=\"https:\/\/ancestrina.com\/wp-content\/uploads\/cacao-1.jpg\" \/>\n\t<meta property=\"og:image:width\" content=\"2048\" \/>\n\t<meta property=\"og:image:height\" content=\"2048\" \/>\n\t<meta property=\"og:image:type\" content=\"image\/jpeg\" \/>\n<meta name=\"twitter:card\" content=\"summary_large_image\" \/>\n<meta name=\"twitter:label1\" content=\"Dur\u00e9e de lecture estim\u00e9e\" \/>\n\t<meta name=\"twitter:data1\" content=\"2 minutes\" \/>\n<script type=\"application\/ld+json\" class=\"yoast-schema-graph\">{\"@context\":\"https:\\\/\\\/schema.org\",\"@graph\":[{\"@type\":\"WebPage\",\"@id\":\"https:\\\/\\\/ancestrina.com\\\/fr\\\/producto\\\/lotte-cacao\\\/\",\"url\":\"https:\\\/\\\/ancestrina.com\\\/fr\\\/producto\\\/lotte-cacao\\\/\",\"name\":\"Le cacao rap\u00e9 : source de joie et de vitalit\u00e9\",\"isPartOf\":{\"@id\":\"https:\\\/\\\/ancestrina.com\\\/fr\\\/#website\"},\"primaryImageOfPage\":{\"@id\":\"https:\\\/\\\/ancestrina.com\\\/fr\\\/producto\\\/lotte-cacao\\\/#primaryimage\"},\"image\":{\"@id\":\"https:\\\/\\\/ancestrina.com\\\/fr\\\/producto\\\/lotte-cacao\\\/#primaryimage\"},\"thumbnailUrl\":\"https:\\\/\\\/ancestrina.com\\\/wp-content\\\/uploads\\\/cacao-1.jpg\",\"datePublished\":\"2021-01-19T20:18:21+00:00\",\"dateModified\":\"2026-05-12T21:39:16+00:00\",\"description\":\"D\u00e9couvrez la vie avec un sentiment renouvel\u00e9 de joie et de vitalit\u00e9 gr\u00e2ce au rap\u00e9 de cacao, pris\u00e9 comme le tabac \u00e0 priser de la joie. Id\u00e9al pour am\u00e9liorer l'humeur, favoriser une relaxation profonde et cultiver une attitude positive \u00e0 l'\u00e9gard de la vie. Parfait pour commencer la journ\u00e9e avec \u00e9nergie et maintenir un sentiment constant de joie et de satisfaction.\",\"breadcrumb\":{\"@id\":\"https:\\\/\\\/ancestrina.com\\\/fr\\\/producto\\\/lotte-cacao\\\/#breadcrumb\"},\"inLanguage\":\"fr-FR\",\"potentialAction\":[{\"@type\":\"ReadAction\",\"target\":[\"https:\\\/\\\/ancestrina.com\\\/fr\\\/producto\\\/lotte-cacao\\\/\"]}]},{\"@type\":\"ImageObject\",\"inLanguage\":\"fr-FR\",\"@id\":\"https:\\\/\\\/ancestrina.com\\\/fr\\\/producto\\\/lotte-cacao\\\/#primaryimage\",\"url\":\"https:\\\/\\\/ancestrina.com\\\/wp-content\\\/uploads\\\/cacao-1.jpg\",\"contentUrl\":\"https:\\\/\\\/ancestrina.com\\\/wp-content\\\/uploads\\\/cacao-1.jpg\",\"width\":2048,\"height\":2048},{\"@type\":\"BreadcrumbList\",\"@id\":\"https:\\\/\\\/ancestrina.com\\\/fr\\\/producto\\\/lotte-cacao\\\/#breadcrumb\",\"itemListElement\":[{\"@type\":\"ListItem\",\"position\":1,\"name\":\"Home\",\"item\":\"https:\\\/\\\/ancestrina.com\\\/fr\\\/domicile\\\/\"},{\"@type\":\"ListItem\",\"position\":2,\"name\":\"boutique\",\"item\":\"https:\\\/\\\/ancestrina.com\\\/fr\\\/boutique\\\/\"},{\"@type\":\"ListItem\",\"position\":3,\"name\":\"Cacao\"}]},{\"@type\":\"WebSite\",\"@id\":\"https:\\\/\\\/ancestrina.com\\\/fr\\\/#website\",\"url\":\"https:\\\/\\\/ancestrina.com\\\/fr\\\/\",\"name\":\"Ancestrina\",\"description\":\"Trabajamos experiencias con plantas maestras, terapias integradoras y cultos ancestrales\",\"publisher\":{\"@id\":\"https:\\\/\\\/ancestrina.com\\\/fr\\\/#organization\"},\"potentialAction\":[{\"@type\":\"SearchAction\",\"target\":{\"@type\":\"EntryPoint\",\"urlTemplate\":\"https:\\\/\\\/ancestrina.com\\\/fr\\\/?s={search_term_string}\"},\"query-input\":{\"@type\":\"PropertyValueSpecification\",\"valueRequired\":true,\"valueName\":\"search_term_string\"}}],\"inLanguage\":\"fr-FR\"},{\"@type\":\"Organization\",\"@id\":\"https:\\\/\\\/ancestrina.com\\\/fr\\\/#organization\",\"name\":\"Ancestrina\",\"url\":\"https:\\\/\\\/ancestrina.com\\\/fr\\\/\",\"logo\":{\"@type\":\"ImageObject\",\"inLanguage\":\"fr-FR\",\"@id\":\"https:\\\/\\\/ancestrina.com\\\/fr\\\/#\\\/schema\\\/logo\\\/image\\\/\",\"url\":\"https:\\\/\\\/ancestrina.com\\\/wp-content\\\/uploads\\\/2020\\\/06\\\/cropped-LOGO-ANCESTRINA-1.png\",\"contentUrl\":\"https:\\\/\\\/ancestrina.com\\\/wp-content\\\/uploads\\\/2020\\\/06\\\/cropped-LOGO-ANCESTRINA-1.png\",\"width\":630,\"height\":202,\"caption\":\"Ancestrina\"},\"image\":{\"@id\":\"https:\\\/\\\/ancestrina.com\\\/fr\\\/#\\\/schema\\\/logo\\\/image\\\/\"},\"sameAs\":[\"https:\\\/\\\/www.facebook.com\\\/Ancestrina\\\/\",\"https:\\\/\\\/www.instagram.com\\\/ancestrina\\\/\",\"https:\\\/\\\/www.youtube.com\\\/channel\\\/UCgtt6WFhEIVEI30PzxlOeIw\"]}]}<\/script>\n<!-- \/ Yoast SEO Premium plugin. -->","yoast_head_json":{"title":"Le cacao rap\u00e9 : source de joie et de vitalit\u00e9","description":"D\u00e9couvrez la vie avec un sentiment renouvel\u00e9 de joie et de vitalit\u00e9 gr\u00e2ce au rap\u00e9 de cacao, pris\u00e9 comme le tabac \u00e0 priser de la joie. Id\u00e9al pour am\u00e9liorer l'humeur, favoriser une relaxation profonde et cultiver une attitude positive \u00e0 l'\u00e9gard de la vie. Parfait pour commencer la journ\u00e9e avec \u00e9nergie et maintenir un sentiment constant de joie et de satisfaction.","robots":{"index":"index","follow":"follow","max-snippet":"max-snippet:-1","max-image-preview":"max-image-preview:large","max-video-preview":"max-video-preview:-1"},"canonical":"https:\/\/ancestrina.com\/fr\/producto\/lotte-cacao\/","og_locale":"fr_FR","og_type":"article","og_title":"Cacao","og_description":"D\u00e9couvrez la vie avec un sentiment renouvel\u00e9 de joie et de vitalit\u00e9 gr\u00e2ce au rap\u00e9 de cacao, pris\u00e9 comme le tabac \u00e0 priser de la joie. Id\u00e9al pour am\u00e9liorer l'humeur, favoriser une relaxation profonde et cultiver une attitude positive \u00e0 l'\u00e9gard de la vie. Parfait pour commencer la journ\u00e9e avec \u00e9nergie et maintenir un sentiment constant de joie et de satisfaction.","og_url":"https:\/\/ancestrina.com\/fr\/producto\/lotte-cacao\/","og_site_name":"Ancestrina","article_publisher":"https:\/\/www.facebook.com\/Ancestrina\/","article_modified_time":"2026-05-12T21:39:16+00:00","og_image":[{"width":2048,"height":2048,"url":"https:\/\/ancestrina.com\/wp-content\/uploads\/cacao-1.jpg","type":"image\/jpeg"}],"twitter_card":"summary_large_image","twitter_misc":{"Dur\u00e9e de lecture estim\u00e9e":"2 minutes"},"schema":{"@context":"https:\/\/schema.org","@graph":[{"@type":"WebPage","@id":"https:\/\/ancestrina.com\/fr\/producto\/lotte-cacao\/","url":"https:\/\/ancestrina.com\/fr\/producto\/lotte-cacao\/","name":"Le cacao rap\u00e9 : source de joie et de vitalit\u00e9","isPartOf":{"@id":"https:\/\/ancestrina.com\/fr\/#website"},"primaryImageOfPage":{"@id":"https:\/\/ancestrina.com\/fr\/producto\/lotte-cacao\/#primaryimage"},"image":{"@id":"https:\/\/ancestrina.com\/fr\/producto\/lotte-cacao\/#primaryimage"},"thumbnailUrl":"https:\/\/ancestrina.com\/wp-content\/uploads\/cacao-1.jpg","datePublished":"2021-01-19T20:18:21+00:00","dateModified":"2026-05-12T21:39:16+00:00","description":"D\u00e9couvrez la vie avec un sentiment renouvel\u00e9 de joie et de vitalit\u00e9 gr\u00e2ce au rap\u00e9 de cacao, pris\u00e9 comme le tabac \u00e0 priser de la joie. Id\u00e9al pour am\u00e9liorer l'humeur, favoriser une relaxation profonde et cultiver une attitude positive \u00e0 l'\u00e9gard de la vie. Parfait pour commencer la journ\u00e9e avec \u00e9nergie et maintenir un sentiment constant de joie et de satisfaction.","breadcrumb":{"@id":"https:\/\/ancestrina.com\/fr\/producto\/lotte-cacao\/#breadcrumb"},"inLanguage":"fr-FR","potentialAction":[{"@type":"ReadAction","target":["https:\/\/ancestrina.com\/fr\/producto\/lotte-cacao\/"]}]},{"@type":"ImageObject","inLanguage":"fr-FR","@id":"https:\/\/ancestrina.com\/fr\/producto\/lotte-cacao\/#primaryimage","url":"https:\/\/ancestrina.com\/wp-content\/uploads\/cacao-1.jpg","contentUrl":"https:\/\/ancestrina.com\/wp-content\/uploads\/cacao-1.jpg","width":2048,"height":2048},{"@type":"BreadcrumbList","@id":"https:\/\/ancestrina.com\/fr\/producto\/lotte-cacao\/#breadcrumb","itemListElement":[{"@type":"ListItem","position":1,"name":"Home","item":"https:\/\/ancestrina.com\/fr\/domicile\/"},{"@type":"ListItem","position":2,"name":"boutique","item":"https:\/\/ancestrina.com\/fr\/boutique\/"},{"@type":"ListItem","position":3,"name":"Cacao"}]},{"@type":"WebSite","@id":"https:\/\/ancestrina.com\/fr\/#website","url":"https:\/\/ancestrina.com\/fr\/","name":"Ancestrina","description":"Trabajamos experiencias con plantas maestras, terapias integradoras y cultos ancestrales","publisher":{"@id":"https:\/\/ancestrina.com\/fr\/#organization"},"potentialAction":[{"@type":"SearchAction","target":{"@type":"EntryPoint","urlTemplate":"https:\/\/ancestrina.com\/fr\/?s={search_term_string}"},"query-input":{"@type":"PropertyValueSpecification","valueRequired":true,"valueName":"search_term_string"}}],"inLanguage":"fr-FR"},{"@type":"Organization","@id":"https:\/\/ancestrina.com\/fr\/#organization","name":"Ancestrina","url":"https:\/\/ancestrina.com\/fr\/","logo":{"@type":"ImageObject","inLanguage":"fr-FR","@id":"https:\/\/ancestrina.com\/fr\/#\/schema\/logo\/image\/","url":"https:\/\/ancestrina.com\/wp-content\/uploads\/2020\/06\/cropped-LOGO-ANCESTRINA-1.png","contentUrl":"https:\/\/ancestrina.com\/wp-content\/uploads\/2020\/06\/cropped-LOGO-ANCESTRINA-1.png","width":630,"height":202,"caption":"Ancestrina"},"image":{"@id":"https:\/\/ancestrina.com\/fr\/#\/schema\/logo\/image\/"},"sameAs":["https:\/\/www.facebook.com\/Ancestrina\/","https:\/\/www.instagram.com\/ancestrina\/","https:\/\/www.youtube.com\/channel\/UCgtt6WFhEIVEI30PzxlOeIw"]}]}},"_links":{"self":[{"href":"https:\/\/ancestrina.com\/fr\/wp-json\/wp\/v2\/product\/16954","targetHints":{"allow":["GET"]}}],"collection":[{"href":"https:\/\/ancestrina.com\/fr\/wp-json\/wp\/v2\/product"}],"about":[{"href":"https:\/\/ancestrina.com\/fr\/wp-json\/wp\/v2\/types\/product"}],"replies":[{"embeddable":true,"href":"https:\/\/ancestrina.com\/fr\/wp-json\/wp\/v2\/comments?post=16954"}],"version-history":[{"count":6,"href":"https:\/\/ancestrina.com\/fr\/wp-json\/wp\/v2\/product\/16954\/revisions"}],"predecessor-version":[{"id":37848,"href":"https:\/\/ancestrina.com\/fr\/wp-json\/wp\/v2\/product\/16954\/revisions\/37848"}],"wp:featuredmedia":[{"embeddable":true,"href":"https:\/\/ancestrina.com\/fr\/wp-json\/wp\/v2\/media\/34517"}],"wp:attachment":[{"href":"https:\/\/ancestrina.com\/fr\/wp-json\/wp\/v2\/media?parent=16954"}],"wp:term":[{"taxonomy":"product_brand","embeddable":true,"href":"https:\/\/ancestrina.com\/fr\/wp-json\/wp\/v2\/product_brand?post=16954"},{"taxonomy":"product_cat","embeddable":true,"href":"https:\/\/ancestrina.com\/fr\/wp-json\/wp\/v2\/product_cat?post=16954"},{"taxonomy":"product_tag","embeddable":true,"href":"https:\/\/ancestrina.com\/fr\/wp-json\/wp\/v2\/product_tag?post=16954"}],"curies":[{"name":"wp","href":"https:\/\/api.w.org\/{rel}","templated":true}]}}