{"id":16946,"date":"2021-01-19T20:23:07","date_gmt":"2021-01-19T20:23:07","guid":{"rendered":"http:\/\/ancestrina.com\/producto\/rape-poivron-longa\/"},"modified":"2026-05-12T15:47:41","modified_gmt":"2026-05-12T20:47:41","slug":"lotte-poivre-longa","status":"publish","type":"product","link":"https:\/\/ancestrina.com\/fr\/producto\/lotte-poivre-longa\/","title":{"rendered":"Pimienta Longa"},"content":{"rendered":"<p>Le rap\u00e9 Pimienta Longa est un outil spirituel puissant qui favorise le d\u00e9tachement et la clart\u00e9 \u00e9motionnelle. Ce rap\u00e9 est sp\u00e9cialement con\u00e7u pour vous aider \u00e0 vous d\u00e9faire de vos attachements physiques et \u00e9motionnels, vous permettant ainsi de vivre une vie plus lib\u00e9r\u00e9e et plus authentique. Son influence va au-del\u00e0 de la simple relaxation, suscitant une r\u00e9flexion profonde sur la nature du contr\u00f4le et la fa\u00e7on dont nos besoins de domination peuvent perturber notre paix int\u00e9rieure.<\/p>\n<p>Le rap\u00e9 Pimienta Longa agit comme un catalyseur pour lib\u00e9rer les vieilles attaches \u00e9motionnelles et les d\u00e9pendances, offrant un chemin vers la libert\u00e9 spirituelle. Ce processus de lib\u00e9ration est essentiel pour ceux qui cherchent \u00e0 avancer sur leur chemin personnel et spirituel, leur permettant d'embrasser la vie avec une nouvelle perspective et sans les restrictions du pass\u00e9.<\/p>\n<p><strong>Principaux avantages :<\/strong><\/p>\n<ol>\n<li><strong>Facilite le d\u00e9tachement :<\/strong> vous aide \u00e0 vous d\u00e9faire de vos attaches physiques et \u00e9motionnelles, ce qui vous permet de vivre plus pleinement votre vie.<\/li>\n<li><strong>Soulage le besoin de contr\u00f4le :<\/strong> en encourageant le l\u00e2cher-prise, il r\u00e9duit la tendance \u00e0 se crisper, \u00e0 contr\u00f4ler et \u00e0 retenir, ce qui conduit naturellement \u00e0 un \u00e9tat de relaxation et d&rsquo;ouverture.<\/li>\n<li><strong>Eveille la conscience du contr\u00f4le :<\/strong> nous invite \u00e0 r\u00e9fl\u00e9chir \u00e0 notre besoin de contr\u00f4le, nous aidant \u00e0 comprendre que la v\u00e9ritable paix r\u00e9side dans l&rsquo;acceptation et l&rsquo;abandon.<\/li>\n<li><strong>Soutien en p\u00e9riode de transition :<\/strong> id\u00e9al pour les personnes confront\u00e9es \u00e0 des changements importants, facilitant l&rsquo;acceptation et l&rsquo;adaptation \u00e0 de nouvelles circonstances.<\/li>\n<li><strong>Soulagement de la digestion :<\/strong> La puissance du rap\u00e9 Pimienta Longa s&rsquo;\u00e9tend au soulagement de l&rsquo;inconfort digestif, tel que l&rsquo;indigestion, \u00e0 l&rsquo;apaisement des coliques et de l&rsquo;inconfort pour favoriser le bien-\u00eatre g\u00e9n\u00e9ral.<\/li>\n<\/ol>\n<p><strong>Id\u00e9al pour :<\/strong><\/p>\n<ul>\n<li>Les personnes \u00e0 la recherche d&rsquo;un outil spirituel pour les aider dans le processus de l\u00e2cher-prise et de d\u00e9tachement.<\/li>\n<li>Les personnes qui se trouvent dans une p\u00e9riode de changement et qui cherchent \u00e0 se lib\u00e9rer de leurs anciennes attaches pour aller de l&rsquo;avant.<\/li>\n<li>Les personnes qui souhaitent approfondir leur compr\u00e9hension de la dynamique du contr\u00f4le et de l&rsquo;abandon dans leur vie.<\/li>\n<li>Les personnes qui recherchent une forme naturelle de relaxation, soulageant les tensions accumul\u00e9es dans la vie quotidienne.<\/li>\n<\/ul>\n<p>Le rap\u00e9 Pimienta Longa est un alli\u00e9 puissant sur le chemin du d\u00e9tachement et de la lib\u00e9ration de l&rsquo;illusion du contr\u00f4le. En laissant cette m\u00e9decine sacr\u00e9e agir en vous, vous vous ouvrez \u00e0 un processus de transformation profonde, o\u00f9 la s\u00e9r\u00e9nit\u00e9 et la paix deviennent des piliers de votre exp\u00e9rience de vie.<\/p>\n<p>&nbsp;<\/p>\n","protected":false},"excerpt":{"rendered":"<p>Le tabac \u00e0 priser Pimienta Longa est un outil spirituel puissant qui vous aide dans le processus de l\u00e2cher prise et de d\u00e9tachement de ce qui ne vous sert plus. Ce tabac \u00e0 priser agit dans les moments o\u00f9 des \u00e9motions ou des situations non trait\u00e9es se transforment en blocages physiques, notamment li\u00e9s au troisi\u00e8me chakra et aux probl\u00e8mes digestifs. En dig\u00e9rant non seulement la nourriture, mais aussi les exp\u00e9riences de vie, ce tabac \u00e0 priser facilite la lib\u00e9ration des peurs, des ins\u00e9curit\u00e9s et de l&rsquo;irritabilit\u00e9.  <\/p>\n<p>Id\u00e9al pour ceux qui cherchent \u00e0 se d\u00e9faire de fardeaux \u00e9motionnels ou psychologiques, le rap\u00e9 Pimienta Longa favorise l&rsquo;\u00e9quilibre int\u00e9rieur et le d\u00e9tachement, vous aidant \u00e0 rediriger votre \u00e9nergie vers un \u00e9tat de bien-\u00eatre physique et \u00e9motionnel. Il est votre alli\u00e9 pour relever les d\u00e9fis avec plus de clart\u00e9, de s\u00e9r\u00e9nit\u00e9 et de confiance, vous permettant de l\u00e2cher ce qui vous retient. <\/p>\n","protected":false},"featured_media":35007,"comment_status":"closed","ping_status":"closed","template":"","meta":{"order-bump-settings":[],"_wpfnl_thankyou_order_overview":"on","_wpfnl_thankyou_order_details":"on","_wpfnl_thankyou_billing_details":"on","_wpfnl_thankyou_shipping_details":"on","site-sidebar-layout":"default","site-content-layout":"plain-container","ast-site-content-layout":"normal-width-container","site-content-style":"unboxed","site-sidebar-style":"unboxed","ast-global-header-display":"","ast-banner-title-visibility":"","ast-main-header-display":"","ast-hfb-above-header-display":"","ast-hfb-below-header-display":"","ast-hfb-mobile-header-display":"","site-post-title":"","ast-breadcrumbs-content":"","ast-featured-img":"","footer-sml-layout":"","ast-disable-related-posts":"","theme-transparent-header-meta":"disabled","adv-header-id-meta":"","stick-header-meta":"","header-above-stick-meta":"","header-main-stick-meta":"","header-below-stick-meta":"","astra-migrate-meta-layouts":"default","ast-page-background-enabled":"default","ast-page-background-meta":{"desktop":{"background-color":"","background-image":"","background-repeat":"repeat","background-position":"center center","background-size":"auto","background-attachment":"scroll","background-type":"","background-media":"","overlay-type":"","overlay-color":"","overlay-opacity":"","overlay-gradient":""},"tablet":{"background-color":"","background-image":"","background-repeat":"repeat","background-position":"center center","background-size":"auto","background-attachment":"scroll","background-type":"","background-media":"","overlay-type":"","overlay-color":"","overlay-opacity":"","overlay-gradient":""},"mobile":{"background-color":"","background-image":"","background-repeat":"repeat","background-position":"center center","background-size":"auto","background-attachment":"scroll","background-type":"","background-media":"","overlay-type":"","overlay-color":"","overlay-opacity":"","overlay-gradient":""}},"ast-content-background-meta":{"desktop":{"background-color":"var(--ast-global-color-5)","background-image":"","background-repeat":"repeat","background-position":"center center","background-size":"auto","background-attachment":"scroll","background-type":"","background-media":"","overlay-type":"","overlay-color":"","overlay-opacity":"","overlay-gradient":""},"tablet":{"background-color":"var(--ast-global-color-5)","background-image":"","background-repeat":"repeat","background-position":"center center","background-size":"auto","background-attachment":"scroll","background-type":"","background-media":"","overlay-type":"","overlay-color":"","overlay-opacity":"","overlay-gradient":""},"mobile":{"background-color":"var(--ast-global-color-5)","background-image":"","background-repeat":"repeat","background-position":"center center","background-size":"auto","background-attachment":"scroll","background-type":"","background-media":"","overlay-type":"","overlay-color":"","overlay-opacity":"","overlay-gradient":""}},"_joinchat":[]},"product_brand":[],"product_cat":[776],"product_tag":[],"class_list":{"0":"post-16946","1":"product","2":"type-product","3":"status-publish","4":"has-post-thumbnail","6":"product_cat-rape-fr","7":"desktop-align-center","8":"tablet-align-left","9":"mobile-align-left","11":"first","12":"instock","13":"shipping-taxable","14":"purchasable","15":"product-type-variable"},"yoast_head":"<!-- This site is optimized with the Yoast SEO Premium plugin v22.6 (Yoast SEO v27.6) - https:\/\/yoast.com\/product\/yoast-seo-premium-wordpress\/ -->\n<title>Rap\u00e9 Pepper Longa : D\u00e9tachement, contr\u00f4le et s\u00e9r\u00e9nit\u00e9<\/title>\n<meta name=\"description\" content=\"D\u00e9couvrez le pouvoir du tabac \u00e0 priser Pimienta Longa pour favoriser le d\u00e9tachement et la clart\u00e9 \u00e9motionnelle. Ce tabac \u00e0 priser aide \u00e0 lib\u00e9rer les attachements physiques et \u00e9motionnels, soulage le besoin de contr\u00f4le et \u00e9veille la conscience de la dynamique du contr\u00f4le et de l&#039;abandon. Id\u00e9al pour les p\u00e9riodes de transition et pour ceux qui recherchent une forme naturelle de relaxation.\" \/>\n<meta name=\"robots\" content=\"index, follow, max-snippet:-1, max-image-preview:large, max-video-preview:-1\" \/>\n<link rel=\"canonical\" href=\"https:\/\/ancestrina.com\/fr\/producto\/lotte-poivre-longa\/\" \/>\n<meta property=\"og:locale\" content=\"fr_FR\" \/>\n<meta property=\"og:type\" content=\"article\" \/>\n<meta property=\"og:title\" content=\"Pimienta Longa\" \/>\n<meta property=\"og:description\" content=\"D\u00e9couvrez le pouvoir du tabac \u00e0 priser Pimienta Longa pour favoriser le d\u00e9tachement et la clart\u00e9 \u00e9motionnelle. Ce tabac \u00e0 priser aide \u00e0 lib\u00e9rer les attachements physiques et \u00e9motionnels, soulage le besoin de contr\u00f4le et \u00e9veille la conscience de la dynamique du contr\u00f4le et de l&#039;abandon. Id\u00e9al pour les p\u00e9riodes de transition et pour ceux qui recherchent une forme naturelle de relaxation.\" \/>\n<meta property=\"og:url\" content=\"https:\/\/ancestrina.com\/fr\/producto\/lotte-poivre-longa\/\" \/>\n<meta property=\"og:site_name\" content=\"Ancestrina\" \/>\n<meta property=\"article:publisher\" content=\"https:\/\/www.facebook.com\/Ancestrina\/\" \/>\n<meta property=\"article:modified_time\" content=\"2026-05-12T20:47:41+00:00\" \/>\n<meta property=\"og:image\" content=\"https:\/\/ancestrina.com\/wp-content\/uploads\/pimienta.jpg\" \/>\n\t<meta property=\"og:image:width\" content=\"2048\" \/>\n\t<meta property=\"og:image:height\" content=\"2048\" \/>\n\t<meta property=\"og:image:type\" content=\"image\/jpeg\" \/>\n<meta name=\"twitter:card\" content=\"summary_large_image\" \/>\n<meta name=\"twitter:label1\" content=\"Dur\u00e9e de lecture estim\u00e9e\" \/>\n\t<meta name=\"twitter:data1\" content=\"2 minutes\" \/>\n<script type=\"application\/ld+json\" class=\"yoast-schema-graph\">{\"@context\":\"https:\\\/\\\/schema.org\",\"@graph\":[{\"@type\":\"WebPage\",\"@id\":\"https:\\\/\\\/ancestrina.com\\\/fr\\\/producto\\\/lotte-poivre-longa\\\/\",\"url\":\"https:\\\/\\\/ancestrina.com\\\/fr\\\/producto\\\/lotte-poivre-longa\\\/\",\"name\":\"Rap\u00e9 Pepper Longa : D\u00e9tachement, contr\u00f4le et s\u00e9r\u00e9nit\u00e9\",\"isPartOf\":{\"@id\":\"https:\\\/\\\/ancestrina.com\\\/fr\\\/#website\"},\"primaryImageOfPage\":{\"@id\":\"https:\\\/\\\/ancestrina.com\\\/fr\\\/producto\\\/lotte-poivre-longa\\\/#primaryimage\"},\"image\":{\"@id\":\"https:\\\/\\\/ancestrina.com\\\/fr\\\/producto\\\/lotte-poivre-longa\\\/#primaryimage\"},\"thumbnailUrl\":\"https:\\\/\\\/ancestrina.com\\\/wp-content\\\/uploads\\\/pimienta.jpg\",\"datePublished\":\"2021-01-19T20:23:07+00:00\",\"dateModified\":\"2026-05-12T20:47:41+00:00\",\"description\":\"D\u00e9couvrez le pouvoir du tabac \u00e0 priser Pimienta Longa pour favoriser le d\u00e9tachement et la clart\u00e9 \u00e9motionnelle. Ce tabac \u00e0 priser aide \u00e0 lib\u00e9rer les attachements physiques et \u00e9motionnels, soulage le besoin de contr\u00f4le et \u00e9veille la conscience de la dynamique du contr\u00f4le et de l'abandon. Id\u00e9al pour les p\u00e9riodes de transition et pour ceux qui recherchent une forme naturelle de relaxation.\",\"breadcrumb\":{\"@id\":\"https:\\\/\\\/ancestrina.com\\\/fr\\\/producto\\\/lotte-poivre-longa\\\/#breadcrumb\"},\"inLanguage\":\"fr-FR\",\"potentialAction\":[{\"@type\":\"ReadAction\",\"target\":[\"https:\\\/\\\/ancestrina.com\\\/fr\\\/producto\\\/lotte-poivre-longa\\\/\"]}]},{\"@type\":\"ImageObject\",\"inLanguage\":\"fr-FR\",\"@id\":\"https:\\\/\\\/ancestrina.com\\\/fr\\\/producto\\\/lotte-poivre-longa\\\/#primaryimage\",\"url\":\"https:\\\/\\\/ancestrina.com\\\/wp-content\\\/uploads\\\/pimienta.jpg\",\"contentUrl\":\"https:\\\/\\\/ancestrina.com\\\/wp-content\\\/uploads\\\/pimienta.jpg\",\"width\":2048,\"height\":2048},{\"@type\":\"BreadcrumbList\",\"@id\":\"https:\\\/\\\/ancestrina.com\\\/fr\\\/producto\\\/lotte-poivre-longa\\\/#breadcrumb\",\"itemListElement\":[{\"@type\":\"ListItem\",\"position\":1,\"name\":\"Home\",\"item\":\"https:\\\/\\\/ancestrina.com\\\/fr\\\/domicile\\\/\"},{\"@type\":\"ListItem\",\"position\":2,\"name\":\"boutique\",\"item\":\"https:\\\/\\\/ancestrina.com\\\/fr\\\/boutique\\\/\"},{\"@type\":\"ListItem\",\"position\":3,\"name\":\"Pimienta Longa\"}]},{\"@type\":\"WebSite\",\"@id\":\"https:\\\/\\\/ancestrina.com\\\/fr\\\/#website\",\"url\":\"https:\\\/\\\/ancestrina.com\\\/fr\\\/\",\"name\":\"Ancestrina\",\"description\":\"Trabajamos experiencias con plantas maestras, terapias integradoras y cultos ancestrales\",\"publisher\":{\"@id\":\"https:\\\/\\\/ancestrina.com\\\/fr\\\/#organization\"},\"potentialAction\":[{\"@type\":\"SearchAction\",\"target\":{\"@type\":\"EntryPoint\",\"urlTemplate\":\"https:\\\/\\\/ancestrina.com\\\/fr\\\/?s={search_term_string}\"},\"query-input\":{\"@type\":\"PropertyValueSpecification\",\"valueRequired\":true,\"valueName\":\"search_term_string\"}}],\"inLanguage\":\"fr-FR\"},{\"@type\":\"Organization\",\"@id\":\"https:\\\/\\\/ancestrina.com\\\/fr\\\/#organization\",\"name\":\"Ancestrina\",\"url\":\"https:\\\/\\\/ancestrina.com\\\/fr\\\/\",\"logo\":{\"@type\":\"ImageObject\",\"inLanguage\":\"fr-FR\",\"@id\":\"https:\\\/\\\/ancestrina.com\\\/fr\\\/#\\\/schema\\\/logo\\\/image\\\/\",\"url\":\"https:\\\/\\\/ancestrina.com\\\/wp-content\\\/uploads\\\/2020\\\/06\\\/cropped-LOGO-ANCESTRINA-1.png\",\"contentUrl\":\"https:\\\/\\\/ancestrina.com\\\/wp-content\\\/uploads\\\/2020\\\/06\\\/cropped-LOGO-ANCESTRINA-1.png\",\"width\":630,\"height\":202,\"caption\":\"Ancestrina\"},\"image\":{\"@id\":\"https:\\\/\\\/ancestrina.com\\\/fr\\\/#\\\/schema\\\/logo\\\/image\\\/\"},\"sameAs\":[\"https:\\\/\\\/www.facebook.com\\\/Ancestrina\\\/\",\"https:\\\/\\\/www.instagram.com\\\/ancestrina\\\/\",\"https:\\\/\\\/www.youtube.com\\\/channel\\\/UCgtt6WFhEIVEI30PzxlOeIw\"]}]}<\/script>\n<!-- \/ Yoast SEO Premium plugin. -->","yoast_head_json":{"title":"Rap\u00e9 Pepper Longa : D\u00e9tachement, contr\u00f4le et s\u00e9r\u00e9nit\u00e9","description":"D\u00e9couvrez le pouvoir du tabac \u00e0 priser Pimienta Longa pour favoriser le d\u00e9tachement et la clart\u00e9 \u00e9motionnelle. Ce tabac \u00e0 priser aide \u00e0 lib\u00e9rer les attachements physiques et \u00e9motionnels, soulage le besoin de contr\u00f4le et \u00e9veille la conscience de la dynamique du contr\u00f4le et de l'abandon. Id\u00e9al pour les p\u00e9riodes de transition et pour ceux qui recherchent une forme naturelle de relaxation.","robots":{"index":"index","follow":"follow","max-snippet":"max-snippet:-1","max-image-preview":"max-image-preview:large","max-video-preview":"max-video-preview:-1"},"canonical":"https:\/\/ancestrina.com\/fr\/producto\/lotte-poivre-longa\/","og_locale":"fr_FR","og_type":"article","og_title":"Pimienta Longa","og_description":"D\u00e9couvrez le pouvoir du tabac \u00e0 priser Pimienta Longa pour favoriser le d\u00e9tachement et la clart\u00e9 \u00e9motionnelle. Ce tabac \u00e0 priser aide \u00e0 lib\u00e9rer les attachements physiques et \u00e9motionnels, soulage le besoin de contr\u00f4le et \u00e9veille la conscience de la dynamique du contr\u00f4le et de l'abandon. Id\u00e9al pour les p\u00e9riodes de transition et pour ceux qui recherchent une forme naturelle de relaxation.","og_url":"https:\/\/ancestrina.com\/fr\/producto\/lotte-poivre-longa\/","og_site_name":"Ancestrina","article_publisher":"https:\/\/www.facebook.com\/Ancestrina\/","article_modified_time":"2026-05-12T20:47:41+00:00","og_image":[{"width":2048,"height":2048,"url":"https:\/\/ancestrina.com\/wp-content\/uploads\/pimienta.jpg","type":"image\/jpeg"}],"twitter_card":"summary_large_image","twitter_misc":{"Dur\u00e9e de lecture estim\u00e9e":"2 minutes"},"schema":{"@context":"https:\/\/schema.org","@graph":[{"@type":"WebPage","@id":"https:\/\/ancestrina.com\/fr\/producto\/lotte-poivre-longa\/","url":"https:\/\/ancestrina.com\/fr\/producto\/lotte-poivre-longa\/","name":"Rap\u00e9 Pepper Longa : D\u00e9tachement, contr\u00f4le et s\u00e9r\u00e9nit\u00e9","isPartOf":{"@id":"https:\/\/ancestrina.com\/fr\/#website"},"primaryImageOfPage":{"@id":"https:\/\/ancestrina.com\/fr\/producto\/lotte-poivre-longa\/#primaryimage"},"image":{"@id":"https:\/\/ancestrina.com\/fr\/producto\/lotte-poivre-longa\/#primaryimage"},"thumbnailUrl":"https:\/\/ancestrina.com\/wp-content\/uploads\/pimienta.jpg","datePublished":"2021-01-19T20:23:07+00:00","dateModified":"2026-05-12T20:47:41+00:00","description":"D\u00e9couvrez le pouvoir du tabac \u00e0 priser Pimienta Longa pour favoriser le d\u00e9tachement et la clart\u00e9 \u00e9motionnelle. Ce tabac \u00e0 priser aide \u00e0 lib\u00e9rer les attachements physiques et \u00e9motionnels, soulage le besoin de contr\u00f4le et \u00e9veille la conscience de la dynamique du contr\u00f4le et de l'abandon. Id\u00e9al pour les p\u00e9riodes de transition et pour ceux qui recherchent une forme naturelle de relaxation.","breadcrumb":{"@id":"https:\/\/ancestrina.com\/fr\/producto\/lotte-poivre-longa\/#breadcrumb"},"inLanguage":"fr-FR","potentialAction":[{"@type":"ReadAction","target":["https:\/\/ancestrina.com\/fr\/producto\/lotte-poivre-longa\/"]}]},{"@type":"ImageObject","inLanguage":"fr-FR","@id":"https:\/\/ancestrina.com\/fr\/producto\/lotte-poivre-longa\/#primaryimage","url":"https:\/\/ancestrina.com\/wp-content\/uploads\/pimienta.jpg","contentUrl":"https:\/\/ancestrina.com\/wp-content\/uploads\/pimienta.jpg","width":2048,"height":2048},{"@type":"BreadcrumbList","@id":"https:\/\/ancestrina.com\/fr\/producto\/lotte-poivre-longa\/#breadcrumb","itemListElement":[{"@type":"ListItem","position":1,"name":"Home","item":"https:\/\/ancestrina.com\/fr\/domicile\/"},{"@type":"ListItem","position":2,"name":"boutique","item":"https:\/\/ancestrina.com\/fr\/boutique\/"},{"@type":"ListItem","position":3,"name":"Pimienta Longa"}]},{"@type":"WebSite","@id":"https:\/\/ancestrina.com\/fr\/#website","url":"https:\/\/ancestrina.com\/fr\/","name":"Ancestrina","description":"Trabajamos experiencias con plantas maestras, terapias integradoras y cultos ancestrales","publisher":{"@id":"https:\/\/ancestrina.com\/fr\/#organization"},"potentialAction":[{"@type":"SearchAction","target":{"@type":"EntryPoint","urlTemplate":"https:\/\/ancestrina.com\/fr\/?s={search_term_string}"},"query-input":{"@type":"PropertyValueSpecification","valueRequired":true,"valueName":"search_term_string"}}],"inLanguage":"fr-FR"},{"@type":"Organization","@id":"https:\/\/ancestrina.com\/fr\/#organization","name":"Ancestrina","url":"https:\/\/ancestrina.com\/fr\/","logo":{"@type":"ImageObject","inLanguage":"fr-FR","@id":"https:\/\/ancestrina.com\/fr\/#\/schema\/logo\/image\/","url":"https:\/\/ancestrina.com\/wp-content\/uploads\/2020\/06\/cropped-LOGO-ANCESTRINA-1.png","contentUrl":"https:\/\/ancestrina.com\/wp-content\/uploads\/2020\/06\/cropped-LOGO-ANCESTRINA-1.png","width":630,"height":202,"caption":"Ancestrina"},"image":{"@id":"https:\/\/ancestrina.com\/fr\/#\/schema\/logo\/image\/"},"sameAs":["https:\/\/www.facebook.com\/Ancestrina\/","https:\/\/www.instagram.com\/ancestrina\/","https:\/\/www.youtube.com\/channel\/UCgtt6WFhEIVEI30PzxlOeIw"]}]}},"_links":{"self":[{"href":"https:\/\/ancestrina.com\/fr\/wp-json\/wp\/v2\/product\/16946","targetHints":{"allow":["GET"]}}],"collection":[{"href":"https:\/\/ancestrina.com\/fr\/wp-json\/wp\/v2\/product"}],"about":[{"href":"https:\/\/ancestrina.com\/fr\/wp-json\/wp\/v2\/types\/product"}],"replies":[{"embeddable":true,"href":"https:\/\/ancestrina.com\/fr\/wp-json\/wp\/v2\/comments?post=16946"}],"version-history":[{"count":5,"href":"https:\/\/ancestrina.com\/fr\/wp-json\/wp\/v2\/product\/16946\/revisions"}],"predecessor-version":[{"id":37859,"href":"https:\/\/ancestrina.com\/fr\/wp-json\/wp\/v2\/product\/16946\/revisions\/37859"}],"wp:featuredmedia":[{"embeddable":true,"href":"https:\/\/ancestrina.com\/fr\/wp-json\/wp\/v2\/media\/35007"}],"wp:attachment":[{"href":"https:\/\/ancestrina.com\/fr\/wp-json\/wp\/v2\/media?parent=16946"}],"wp:term":[{"taxonomy":"product_brand","embeddable":true,"href":"https:\/\/ancestrina.com\/fr\/wp-json\/wp\/v2\/product_brand?post=16946"},{"taxonomy":"product_cat","embeddable":true,"href":"https:\/\/ancestrina.com\/fr\/wp-json\/wp\/v2\/product_cat?post=16946"},{"taxonomy":"product_tag","embeddable":true,"href":"https:\/\/ancestrina.com\/fr\/wp-json\/wp\/v2\/product_tag?post=16946"}],"curies":[{"name":"wp","href":"https:\/\/api.w.org\/{rel}","templated":true}]}}