{"id":16931,"date":"2021-01-19T20:42:45","date_gmt":"2021-01-19T20:42:45","guid":{"rendered":"http:\/\/ancestrina.com\/producto\/rape-anaua\/"},"modified":"2026-05-15T15:19:21","modified_gmt":"2026-05-15T20:19:21","slug":"lotte-anaua","status":"publish","type":"product","link":"https:\/\/ancestrina.com\/fr\/producto\/lotte-anaua\/","title":{"rendered":"Ana\u00faa"},"content":{"rendered":"<p>Anau\u00e1 Rap\u00e9 est con\u00e7u pour harmoniser et reconnecter avec le F\u00e9minin Sacr\u00e9, une force vitale essentielle \u00e0 l&rsquo;\u00e9quilibre et \u00e0 la pl\u00e9nitude de nos vies \u00e9motionnelles et spirituelles. Ce rap\u00e9 invite chacun, quel que soit son sexe, \u00e0 cultiver et \u00e0 valoriser les qualit\u00e9s du F\u00e9minin Sacr\u00e9 telles que la r\u00e9ceptivit\u00e9, l&rsquo;intuition, la cr\u00e9ativit\u00e9 et la capacit\u00e9 \u00e0 nourrir et \u00e0 collaborer.<\/p>\n<p>Inspir\u00e9 par la sagesse ancienne qui reconna\u00eet la dualit\u00e9 des \u00e9nergies dans chaque \u00eatre, Anau\u00e1 Rap\u00e9 encourage la renaissance des \u00e9nergies f\u00e9minines, en les \u00e9quilibrant avec les \u00e9nergies masculines traditionnellement dominantes dans notre soci\u00e9t\u00e9. Il s&rsquo;agit d&rsquo;adopter l'empathie, l&rsquo;inclusion et la diversit\u00e9, tout en renfor\u00e7ant la connexion avec l&rsquo;h\u00e9misph\u00e8re droit du cerveau, associ\u00e9 \u00e0 la cr\u00e9ativit\u00e9 et \u00e0 la communication.<\/p>\n<p>Voici cinq avantages cl\u00e9s du tabac \u00e0 priser :<\/p>\n<ol>\n<li><strong>R\u00e9ceptivit\u00e9 et sensibilit\u00e9 accrues :<\/strong> Cultive une plus grande ouverture aux \u00e9motions et aux perceptions subtiles, renfor\u00e7ant l&rsquo;intuition et l'empathie.<\/li>\n<li><strong>Stimulation de la cr\u00e9ativit\u00e9 :<\/strong> En \u00e9tablissant un lien avec l&rsquo;h\u00e9misph\u00e8re droit du cerveau, ce rap\u00e9 stimule la cr\u00e9ativit\u00e9 et les capacit\u00e9s de communication, vitales pour toutes les formes d&rsquo;expression artistique et de r\u00e9solution de probl\u00e8mes.<\/li>\n<li><strong>Favoriser la collaboration :<\/strong> id\u00e9al pour ceux qui cherchent \u00e0 am\u00e9liorer leur capacit\u00e9 \u00e0 travailler en \u00e9quipe et \u00e0 valoriser les contributions des autres, en promouvant un environnement inclusif.<\/li>\n<li><strong>Equilibre \u00e9motionnel :<\/strong> aide \u00e0 \u00e9quilibrer les \u00e9nergies masculines et f\u00e9minines en soi, ce qui conduit \u00e0 une plus grande stabilit\u00e9 et \u00e0 une paix int\u00e9rieure.<\/li>\n<li><strong>Connexion spirituelle profonde :<\/strong> permet de se connecter \u00e0 l&rsquo;aspect spirituel de l&rsquo;existence, en facilitant les moments de m\u00e9ditation et de r\u00e9flexion profonde.<\/li>\n<\/ol>\n<p>Ce rap\u00e9 est id\u00e9al pour ceux qui :<\/p>\n<ul>\n<li>Ils sont dans un processus de connaissance de soi et de d\u00e9veloppement personnel.<\/li>\n<li>Elles cherchent \u00e0 gu\u00e9rir et \u00e0 \u00e9quilibrer leurs \u00e9nergies f\u00e9minines et masculines.<\/li>\n<li>Ils souhaitent approfondir leur pratique spirituelle.<\/li>\n<li>Ils doivent favoriser la cr\u00e9ativit\u00e9 et la communication dans leur vie.<\/li>\n<li>Ils travaillent dans des environnements collaboratifs et valorisent la diversit\u00e9 et l&rsquo;inclusion.<\/li>\n<\/ul>\n<p>Utilisez Anau\u00e1 Rap\u00e9 pour cultiver un \u00e9quilibre int\u00e9rieur qui refl\u00e8te l&rsquo;harmonie entre vos \u00e9nergies internes, favorisant un bien-\u00eatre holistique et une connexion plus profonde avec votre vrai moi.<\/p>\n","protected":false},"excerpt":{"rendered":"<p>D\u00e9couvrez les bienfaits de l&rsquo;Anau\u00e1 Rap\u00e9, con\u00e7u pour harmoniser le F\u00e9minin et le Masculin Sacr\u00e9s en vous. Ce rap\u00e9 am\u00e9liore la r\u00e9ceptivit\u00e9, la cr\u00e9ativit\u00e9 et la connexion spirituelle, vous aidant \u00e0 \u00e9quilibrer vos \u00e9nergies int\u00e9rieures et \u00e0 approfondir votre pratique spirituelle. Id\u00e9al pour les personnes en qu\u00eate de connaissance de soi et de d\u00e9veloppement personnel, ainsi que pour celles qui valorisent la collaboration et l&rsquo;inclusion dans leur vie quotidienne.<\/p>\n<p>Une transformation profonde se produit \u00e0 chaque utilisation, favorisant une plus grande stabilit\u00e9 \u00e9motionnelle et un enrichissement spirituel qui vous relie aux \u00e9nergies ancestrales. L&rsquo;Anau\u00e1 Rap\u00e9 n&rsquo;est pas seulement un outil de m\u00e9ditation, mais un pas vers un bien-\u00eatre holistique et \u00e9quilibr\u00e9.<\/p>\n","protected":false},"featured_media":34454,"comment_status":"closed","ping_status":"closed","template":"","meta":{"order-bump-settings":[],"_wpfnl_thankyou_order_overview":"on","_wpfnl_thankyou_order_details":"on","_wpfnl_thankyou_billing_details":"on","_wpfnl_thankyou_shipping_details":"on","site-sidebar-layout":"default","site-content-layout":"plain-container","ast-site-content-layout":"normal-width-container","site-content-style":"unboxed","site-sidebar-style":"unboxed","ast-global-header-display":"","ast-banner-title-visibility":"","ast-main-header-display":"","ast-hfb-above-header-display":"","ast-hfb-below-header-display":"","ast-hfb-mobile-header-display":"","site-post-title":"","ast-breadcrumbs-content":"","ast-featured-img":"","footer-sml-layout":"","ast-disable-related-posts":"","theme-transparent-header-meta":"disabled","adv-header-id-meta":"","stick-header-meta":"","header-above-stick-meta":"","header-main-stick-meta":"","header-below-stick-meta":"","astra-migrate-meta-layouts":"default","ast-page-background-enabled":"default","ast-page-background-meta":{"desktop":{"background-color":"","background-image":"","background-repeat":"repeat","background-position":"center center","background-size":"auto","background-attachment":"scroll","background-type":"","background-media":"","overlay-type":"","overlay-color":"","overlay-opacity":"","overlay-gradient":""},"tablet":{"background-color":"","background-image":"","background-repeat":"repeat","background-position":"center center","background-size":"auto","background-attachment":"scroll","background-type":"","background-media":"","overlay-type":"","overlay-color":"","overlay-opacity":"","overlay-gradient":""},"mobile":{"background-color":"","background-image":"","background-repeat":"repeat","background-position":"center center","background-size":"auto","background-attachment":"scroll","background-type":"","background-media":"","overlay-type":"","overlay-color":"","overlay-opacity":"","overlay-gradient":""}},"ast-content-background-meta":{"desktop":{"background-color":"var(--ast-global-color-5)","background-image":"","background-repeat":"repeat","background-position":"center center","background-size":"auto","background-attachment":"scroll","background-type":"","background-media":"","overlay-type":"","overlay-color":"","overlay-opacity":"","overlay-gradient":""},"tablet":{"background-color":"var(--ast-global-color-5)","background-image":"","background-repeat":"repeat","background-position":"center center","background-size":"auto","background-attachment":"scroll","background-type":"","background-media":"","overlay-type":"","overlay-color":"","overlay-opacity":"","overlay-gradient":""},"mobile":{"background-color":"var(--ast-global-color-5)","background-image":"","background-repeat":"repeat","background-position":"center center","background-size":"auto","background-attachment":"scroll","background-type":"","background-media":"","overlay-type":"","overlay-color":"","overlay-opacity":"","overlay-gradient":""}},"_joinchat":[]},"product_brand":[],"product_cat":[776],"product_tag":[],"class_list":{"0":"post-16931","1":"product","2":"type-product","3":"status-publish","4":"has-post-thumbnail","6":"product_cat-rape-fr","7":"desktop-align-center","8":"tablet-align-left","9":"mobile-align-left","11":"first","12":"instock","13":"shipping-taxable","14":"purchasable","15":"product-type-variable"},"yoast_head":"<!-- This site is optimized with the Yoast SEO Premium plugin v22.6 (Yoast SEO v27.6) - https:\/\/yoast.com\/product\/yoast-seo-premium-wordpress\/ -->\n<title>Rap\u00e9 Anau\u00e1 : L&#039;\u00e9quilibre du f\u00e9minin sacr\u00e9<\/title>\n<meta name=\"description\" content=\"D\u00e9couvrez le tabac \u00e0 priser Anau\u00e1, con\u00e7u pour harmoniser et reconnecter avec le F\u00e9minin Sacr\u00e9, en cultivant la r\u00e9ceptivit\u00e9, la cr\u00e9ativit\u00e9 et la collaboration. Id\u00e9al pour la conscience de soi, l&#039;\u00e9quilibre \u00e9motionnel et les pratiques spirituelles, ce tabac \u00e0 priser favorise le bien-\u00eatre holistique et une connexion profonde avec votre vrai moi.\" \/>\n<meta name=\"robots\" content=\"index, follow, max-snippet:-1, max-image-preview:large, max-video-preview:-1\" \/>\n<link rel=\"canonical\" href=\"https:\/\/ancestrina.com\/fr\/producto\/lotte-anaua\/\" \/>\n<meta property=\"og:locale\" content=\"fr_FR\" \/>\n<meta property=\"og:type\" content=\"article\" \/>\n<meta property=\"og:title\" content=\"Ana\u00faa\" \/>\n<meta property=\"og:description\" content=\"D\u00e9couvrez le tabac \u00e0 priser Anau\u00e1, con\u00e7u pour harmoniser et reconnecter avec le F\u00e9minin Sacr\u00e9, en cultivant la r\u00e9ceptivit\u00e9, la cr\u00e9ativit\u00e9 et la collaboration. Id\u00e9al pour la conscience de soi, l&#039;\u00e9quilibre \u00e9motionnel et les pratiques spirituelles, ce tabac \u00e0 priser favorise le bien-\u00eatre holistique et une connexion profonde avec votre vrai moi.\" \/>\n<meta property=\"og:url\" content=\"https:\/\/ancestrina.com\/fr\/producto\/lotte-anaua\/\" \/>\n<meta property=\"og:site_name\" content=\"Ancestrina\" \/>\n<meta property=\"article:publisher\" content=\"https:\/\/www.facebook.com\/Ancestrina\/\" \/>\n<meta property=\"article:modified_time\" content=\"2026-05-15T20:19:21+00:00\" \/>\n<meta property=\"og:image\" content=\"https:\/\/ancestrina.com\/wp-content\/uploads\/Anaua.jpg\" \/>\n\t<meta property=\"og:image:width\" content=\"2048\" \/>\n\t<meta property=\"og:image:height\" content=\"2048\" \/>\n\t<meta property=\"og:image:type\" content=\"image\/jpeg\" \/>\n<meta name=\"twitter:card\" content=\"summary_large_image\" \/>\n<meta name=\"twitter:label1\" content=\"Dur\u00e9e de lecture estim\u00e9e\" \/>\n\t<meta name=\"twitter:data1\" content=\"2 minutes\" \/>\n<script type=\"application\/ld+json\" class=\"yoast-schema-graph\">{\"@context\":\"https:\\\/\\\/schema.org\",\"@graph\":[{\"@type\":\"WebPage\",\"@id\":\"https:\\\/\\\/ancestrina.com\\\/fr\\\/producto\\\/lotte-anaua\\\/\",\"url\":\"https:\\\/\\\/ancestrina.com\\\/fr\\\/producto\\\/lotte-anaua\\\/\",\"name\":\"Rap\u00e9 Anau\u00e1 : L'\u00e9quilibre du f\u00e9minin sacr\u00e9\",\"isPartOf\":{\"@id\":\"https:\\\/\\\/ancestrina.com\\\/fr\\\/#website\"},\"primaryImageOfPage\":{\"@id\":\"https:\\\/\\\/ancestrina.com\\\/fr\\\/producto\\\/lotte-anaua\\\/#primaryimage\"},\"image\":{\"@id\":\"https:\\\/\\\/ancestrina.com\\\/fr\\\/producto\\\/lotte-anaua\\\/#primaryimage\"},\"thumbnailUrl\":\"https:\\\/\\\/ancestrina.com\\\/wp-content\\\/uploads\\\/Anaua.jpg\",\"datePublished\":\"2021-01-19T20:42:45+00:00\",\"dateModified\":\"2026-05-15T20:19:21+00:00\",\"description\":\"D\u00e9couvrez le tabac \u00e0 priser Anau\u00e1, con\u00e7u pour harmoniser et reconnecter avec le F\u00e9minin Sacr\u00e9, en cultivant la r\u00e9ceptivit\u00e9, la cr\u00e9ativit\u00e9 et la collaboration. Id\u00e9al pour la conscience de soi, l'\u00e9quilibre \u00e9motionnel et les pratiques spirituelles, ce tabac \u00e0 priser favorise le bien-\u00eatre holistique et une connexion profonde avec votre vrai moi.\",\"breadcrumb\":{\"@id\":\"https:\\\/\\\/ancestrina.com\\\/fr\\\/producto\\\/lotte-anaua\\\/#breadcrumb\"},\"inLanguage\":\"fr-FR\",\"potentialAction\":[{\"@type\":\"ReadAction\",\"target\":[\"https:\\\/\\\/ancestrina.com\\\/fr\\\/producto\\\/lotte-anaua\\\/\"]}]},{\"@type\":\"ImageObject\",\"inLanguage\":\"fr-FR\",\"@id\":\"https:\\\/\\\/ancestrina.com\\\/fr\\\/producto\\\/lotte-anaua\\\/#primaryimage\",\"url\":\"https:\\\/\\\/ancestrina.com\\\/wp-content\\\/uploads\\\/Anaua.jpg\",\"contentUrl\":\"https:\\\/\\\/ancestrina.com\\\/wp-content\\\/uploads\\\/Anaua.jpg\",\"width\":2048,\"height\":2048},{\"@type\":\"BreadcrumbList\",\"@id\":\"https:\\\/\\\/ancestrina.com\\\/fr\\\/producto\\\/lotte-anaua\\\/#breadcrumb\",\"itemListElement\":[{\"@type\":\"ListItem\",\"position\":1,\"name\":\"Home\",\"item\":\"https:\\\/\\\/ancestrina.com\\\/fr\\\/domicile\\\/\"},{\"@type\":\"ListItem\",\"position\":2,\"name\":\"boutique\",\"item\":\"https:\\\/\\\/ancestrina.com\\\/fr\\\/boutique\\\/\"},{\"@type\":\"ListItem\",\"position\":3,\"name\":\"Ana\u00faa\"}]},{\"@type\":\"WebSite\",\"@id\":\"https:\\\/\\\/ancestrina.com\\\/fr\\\/#website\",\"url\":\"https:\\\/\\\/ancestrina.com\\\/fr\\\/\",\"name\":\"Ancestrina\",\"description\":\"Trabajamos experiencias con plantas maestras, terapias integradoras y cultos ancestrales\",\"publisher\":{\"@id\":\"https:\\\/\\\/ancestrina.com\\\/fr\\\/#organization\"},\"potentialAction\":[{\"@type\":\"SearchAction\",\"target\":{\"@type\":\"EntryPoint\",\"urlTemplate\":\"https:\\\/\\\/ancestrina.com\\\/fr\\\/?s={search_term_string}\"},\"query-input\":{\"@type\":\"PropertyValueSpecification\",\"valueRequired\":true,\"valueName\":\"search_term_string\"}}],\"inLanguage\":\"fr-FR\"},{\"@type\":\"Organization\",\"@id\":\"https:\\\/\\\/ancestrina.com\\\/fr\\\/#organization\",\"name\":\"Ancestrina\",\"url\":\"https:\\\/\\\/ancestrina.com\\\/fr\\\/\",\"logo\":{\"@type\":\"ImageObject\",\"inLanguage\":\"fr-FR\",\"@id\":\"https:\\\/\\\/ancestrina.com\\\/fr\\\/#\\\/schema\\\/logo\\\/image\\\/\",\"url\":\"https:\\\/\\\/ancestrina.com\\\/wp-content\\\/uploads\\\/2020\\\/06\\\/cropped-LOGO-ANCESTRINA-1.png\",\"contentUrl\":\"https:\\\/\\\/ancestrina.com\\\/wp-content\\\/uploads\\\/2020\\\/06\\\/cropped-LOGO-ANCESTRINA-1.png\",\"width\":630,\"height\":202,\"caption\":\"Ancestrina\"},\"image\":{\"@id\":\"https:\\\/\\\/ancestrina.com\\\/fr\\\/#\\\/schema\\\/logo\\\/image\\\/\"},\"sameAs\":[\"https:\\\/\\\/www.facebook.com\\\/Ancestrina\\\/\",\"https:\\\/\\\/www.instagram.com\\\/ancestrina\\\/\",\"https:\\\/\\\/www.youtube.com\\\/channel\\\/UCgtt6WFhEIVEI30PzxlOeIw\"]}]}<\/script>\n<!-- \/ Yoast SEO Premium plugin. -->","yoast_head_json":{"title":"Rap\u00e9 Anau\u00e1 : L'\u00e9quilibre du f\u00e9minin sacr\u00e9","description":"D\u00e9couvrez le tabac \u00e0 priser Anau\u00e1, con\u00e7u pour harmoniser et reconnecter avec le F\u00e9minin Sacr\u00e9, en cultivant la r\u00e9ceptivit\u00e9, la cr\u00e9ativit\u00e9 et la collaboration. Id\u00e9al pour la conscience de soi, l'\u00e9quilibre \u00e9motionnel et les pratiques spirituelles, ce tabac \u00e0 priser favorise le bien-\u00eatre holistique et une connexion profonde avec votre vrai moi.","robots":{"index":"index","follow":"follow","max-snippet":"max-snippet:-1","max-image-preview":"max-image-preview:large","max-video-preview":"max-video-preview:-1"},"canonical":"https:\/\/ancestrina.com\/fr\/producto\/lotte-anaua\/","og_locale":"fr_FR","og_type":"article","og_title":"Ana\u00faa","og_description":"D\u00e9couvrez le tabac \u00e0 priser Anau\u00e1, con\u00e7u pour harmoniser et reconnecter avec le F\u00e9minin Sacr\u00e9, en cultivant la r\u00e9ceptivit\u00e9, la cr\u00e9ativit\u00e9 et la collaboration. Id\u00e9al pour la conscience de soi, l'\u00e9quilibre \u00e9motionnel et les pratiques spirituelles, ce tabac \u00e0 priser favorise le bien-\u00eatre holistique et une connexion profonde avec votre vrai moi.","og_url":"https:\/\/ancestrina.com\/fr\/producto\/lotte-anaua\/","og_site_name":"Ancestrina","article_publisher":"https:\/\/www.facebook.com\/Ancestrina\/","article_modified_time":"2026-05-15T20:19:21+00:00","og_image":[{"width":2048,"height":2048,"url":"https:\/\/ancestrina.com\/wp-content\/uploads\/Anaua.jpg","type":"image\/jpeg"}],"twitter_card":"summary_large_image","twitter_misc":{"Dur\u00e9e de lecture estim\u00e9e":"2 minutes"},"schema":{"@context":"https:\/\/schema.org","@graph":[{"@type":"WebPage","@id":"https:\/\/ancestrina.com\/fr\/producto\/lotte-anaua\/","url":"https:\/\/ancestrina.com\/fr\/producto\/lotte-anaua\/","name":"Rap\u00e9 Anau\u00e1 : L'\u00e9quilibre du f\u00e9minin sacr\u00e9","isPartOf":{"@id":"https:\/\/ancestrina.com\/fr\/#website"},"primaryImageOfPage":{"@id":"https:\/\/ancestrina.com\/fr\/producto\/lotte-anaua\/#primaryimage"},"image":{"@id":"https:\/\/ancestrina.com\/fr\/producto\/lotte-anaua\/#primaryimage"},"thumbnailUrl":"https:\/\/ancestrina.com\/wp-content\/uploads\/Anaua.jpg","datePublished":"2021-01-19T20:42:45+00:00","dateModified":"2026-05-15T20:19:21+00:00","description":"D\u00e9couvrez le tabac \u00e0 priser Anau\u00e1, con\u00e7u pour harmoniser et reconnecter avec le F\u00e9minin Sacr\u00e9, en cultivant la r\u00e9ceptivit\u00e9, la cr\u00e9ativit\u00e9 et la collaboration. Id\u00e9al pour la conscience de soi, l'\u00e9quilibre \u00e9motionnel et les pratiques spirituelles, ce tabac \u00e0 priser favorise le bien-\u00eatre holistique et une connexion profonde avec votre vrai moi.","breadcrumb":{"@id":"https:\/\/ancestrina.com\/fr\/producto\/lotte-anaua\/#breadcrumb"},"inLanguage":"fr-FR","potentialAction":[{"@type":"ReadAction","target":["https:\/\/ancestrina.com\/fr\/producto\/lotte-anaua\/"]}]},{"@type":"ImageObject","inLanguage":"fr-FR","@id":"https:\/\/ancestrina.com\/fr\/producto\/lotte-anaua\/#primaryimage","url":"https:\/\/ancestrina.com\/wp-content\/uploads\/Anaua.jpg","contentUrl":"https:\/\/ancestrina.com\/wp-content\/uploads\/Anaua.jpg","width":2048,"height":2048},{"@type":"BreadcrumbList","@id":"https:\/\/ancestrina.com\/fr\/producto\/lotte-anaua\/#breadcrumb","itemListElement":[{"@type":"ListItem","position":1,"name":"Home","item":"https:\/\/ancestrina.com\/fr\/domicile\/"},{"@type":"ListItem","position":2,"name":"boutique","item":"https:\/\/ancestrina.com\/fr\/boutique\/"},{"@type":"ListItem","position":3,"name":"Ana\u00faa"}]},{"@type":"WebSite","@id":"https:\/\/ancestrina.com\/fr\/#website","url":"https:\/\/ancestrina.com\/fr\/","name":"Ancestrina","description":"Trabajamos experiencias con plantas maestras, terapias integradoras y cultos ancestrales","publisher":{"@id":"https:\/\/ancestrina.com\/fr\/#organization"},"potentialAction":[{"@type":"SearchAction","target":{"@type":"EntryPoint","urlTemplate":"https:\/\/ancestrina.com\/fr\/?s={search_term_string}"},"query-input":{"@type":"PropertyValueSpecification","valueRequired":true,"valueName":"search_term_string"}}],"inLanguage":"fr-FR"},{"@type":"Organization","@id":"https:\/\/ancestrina.com\/fr\/#organization","name":"Ancestrina","url":"https:\/\/ancestrina.com\/fr\/","logo":{"@type":"ImageObject","inLanguage":"fr-FR","@id":"https:\/\/ancestrina.com\/fr\/#\/schema\/logo\/image\/","url":"https:\/\/ancestrina.com\/wp-content\/uploads\/2020\/06\/cropped-LOGO-ANCESTRINA-1.png","contentUrl":"https:\/\/ancestrina.com\/wp-content\/uploads\/2020\/06\/cropped-LOGO-ANCESTRINA-1.png","width":630,"height":202,"caption":"Ancestrina"},"image":{"@id":"https:\/\/ancestrina.com\/fr\/#\/schema\/logo\/image\/"},"sameAs":["https:\/\/www.facebook.com\/Ancestrina\/","https:\/\/www.instagram.com\/ancestrina\/","https:\/\/www.youtube.com\/channel\/UCgtt6WFhEIVEI30PzxlOeIw"]}]}},"_links":{"self":[{"href":"https:\/\/ancestrina.com\/fr\/wp-json\/wp\/v2\/product\/16931","targetHints":{"allow":["GET"]}}],"collection":[{"href":"https:\/\/ancestrina.com\/fr\/wp-json\/wp\/v2\/product"}],"about":[{"href":"https:\/\/ancestrina.com\/fr\/wp-json\/wp\/v2\/types\/product"}],"replies":[{"embeddable":true,"href":"https:\/\/ancestrina.com\/fr\/wp-json\/wp\/v2\/comments?post=16931"}],"version-history":[{"count":6,"href":"https:\/\/ancestrina.com\/fr\/wp-json\/wp\/v2\/product\/16931\/revisions"}],"predecessor-version":[{"id":37877,"href":"https:\/\/ancestrina.com\/fr\/wp-json\/wp\/v2\/product\/16931\/revisions\/37877"}],"wp:featuredmedia":[{"embeddable":true,"href":"https:\/\/ancestrina.com\/fr\/wp-json\/wp\/v2\/media\/34454"}],"wp:attachment":[{"href":"https:\/\/ancestrina.com\/fr\/wp-json\/wp\/v2\/media?parent=16931"}],"wp:term":[{"taxonomy":"product_brand","embeddable":true,"href":"https:\/\/ancestrina.com\/fr\/wp-json\/wp\/v2\/product_brand?post=16931"},{"taxonomy":"product_cat","embeddable":true,"href":"https:\/\/ancestrina.com\/fr\/wp-json\/wp\/v2\/product_cat?post=16931"},{"taxonomy":"product_tag","embeddable":true,"href":"https:\/\/ancestrina.com\/fr\/wp-json\/wp\/v2\/product_tag?post=16931"}],"curies":[{"name":"wp","href":"https:\/\/api.w.org\/{rel}","templated":true}]}}